{"id":4285,"date":"2024-08-30T16:17:32","date_gmt":"2024-08-30T08:17:32","guid":{"rendered":"https:\/\/www.jinchunmetal.com\/?post_type=product&#038;p=4285"},"modified":"2025-05-29T11:11:12","modified_gmt":"2025-05-29T03:11:12","slug":"spherical-metal-powders-molybdenum-powder-%e5%a4%8d%e5%88%b6","status":"publish","type":"product","link":"https:\/\/www.jinchunmetal.com\/de\/produkt\/spherical-metal-powders-molybdenum-powder-%e5%a4%8d%e5%88%b6\/","title":{"rendered":"Spr\u00fchen und Beschichten von sph\u00e4rischen Metallpulvern Molybd\u00e4npulver"},"content":{"rendered":"<p><strong>Produkt Charakter<\/strong><\/p>\n<p>Sph\u00e4risches Molybd\u00e4npulver zeichnet sich durch hohe Reinheit, hohe Sch\u00fcttdichte und hervorragende Flie\u00dff\u00e4higkeit aus und wird haupts\u00e4chlich in Bereichen wie 3D-Druck, Pr\u00e4zisionsspritzen und Spritzguss von Formteilen eingesetzt.<\/p>\n<p>&nbsp;<\/p>\n<p><strong>2.Spezifikation<\/strong><\/p>\n<p><b>Sph\u00e4risches Molybd\u00e4n-Pulver<\/b><\/p>\n<table width=\"783\">\n<tbody>\n<tr>\n<td colspan=\"10\" width=\"783\">Chemische Zusammensetzung (Gew.-ppm)<\/td>\n<\/tr>\n<tr>\n<td width=\"131\">Element<\/td>\n<td width=\"70\">Al<\/td>\n<td width=\"67\">Ca<\/td>\n<td width=\"78\">Cd<\/td>\n<td width=\"72\">Co<\/td>\n<td width=\"69\">Cr<\/td>\n<td width=\"63\">Cu<\/td>\n<td width=\"74\">Fe<\/td>\n<td width=\"81\">Mg<\/td>\n<td width=\"78\">Mn<\/td>\n<\/tr>\n<tr>\n<td width=\"131\">Typisch<\/td>\n<td width=\"70\">1<\/td>\n<td width=\"67\">10<\/td>\n<td width=\"78\">5<\/td>\n<td width=\"72\">2<\/td>\n<td width=\"69\">11<\/td>\n<td width=\"63\">1<\/td>\n<td width=\"74\">24<\/td>\n<td width=\"81\">1<\/td>\n<td width=\"78\">1<\/td>\n<\/tr>\n<tr>\n<td width=\"131\">Element<\/td>\n<td width=\"70\">Ni<\/td>\n<td width=\"67\">Pb<\/td>\n<td width=\"78\">Sb<\/td>\n<td width=\"72\">Si<\/td>\n<td width=\"69\">Sn<\/td>\n<td width=\"63\">Ti<\/td>\n<td width=\"74\">C<\/td>\n<td width=\"81\">O<\/td>\n<td width=\"78\">Mo<\/td>\n<\/tr>\n<tr>\n<td width=\"131\">Typisch<\/td>\n<td width=\"70\">20<\/td>\n<td width=\"67\">5<\/td>\n<td width=\"78\">5<\/td>\n<td width=\"72\">10<\/td>\n<td width=\"69\">5<\/td>\n<td width=\"63\">1<\/td>\n<td width=\"74\">10<\/td>\n<td width=\"81\">390<\/td>\n<td width=\"78\">\u226599.95%<\/td>\n<\/tr>\n<\/tbody>\n<\/table>\n<p>&nbsp;<\/p>\n<table width=\"684\">\n<tbody>\n<tr>\n<td width=\"128\">Sph\u00e4risches Molybd\u00e4npulver<\/td>\n<td colspan=\"3\" width=\"216\">15~53\u03bcm<br \/>\nPartikelgr\u00f6\u00dfenverteilung<\/td>\n<td width=\"108\">Flow Rate<br \/>\n(sec. for 50 g)<\/td>\n<td width=\"131\">Scheinbare Dichte (g\/cm3)<\/td>\n<td width=\"101\">Klopfdichte (g\/cm3)<\/td>\n<\/tr>\n<tr>\n<td><\/td>\n<td width=\"72\">D10<\/td>\n<td width=\"72\">D50<\/td>\n<td width=\"72\">D90<\/td>\n<td><\/td>\n<td><\/td>\n<td><\/td>\n<\/tr>\n<tr>\n<td width=\"128\">Typisch<\/td>\n<td width=\"72\">20,3\u03bcm<\/td>\n<td>32,2\u03bcm<\/td>\n<td>51,8\u03bcm<\/td>\n<td width=\"108\">12.98<\/td>\n<td width=\"131\">5.0<\/td>\n<td width=\"101\">5.05<\/td>\n<\/tr>\n<\/tbody>\n<\/table>\n<p>&nbsp;<\/p>\n<p><strong>3 Bilder der SEM-Morphologie des Pulvers<\/strong><\/p>\n<p><img loading=\"lazy\" decoding=\"async\" class=\"alignnone wp-image-4280\" src=\"https:\/\/www.jinchunmetal.com\/wp-content\/uploads\/2024\/08\/\u94bc\u7c895-300x225.png\" alt=\"\" width=\"316\" height=\"237\" srcset=\"https:\/\/www.jinchunmetal.com\/wp-content\/uploads\/2024\/08\/\u94bc\u7c895-300x225.png 300w, https:\/\/www.jinchunmetal.com\/wp-content\/uploads\/2024\/08\/\u94bc\u7c895-1024x768.png 1024w, https:\/\/www.jinchunmetal.com\/wp-content\/uploads\/2024\/08\/\u94bc\u7c895-768x576.png 768w, https:\/\/www.jinchunmetal.com\/wp-content\/uploads\/2024\/08\/\u94bc\u7c895-16x12.png 16w, https:\/\/www.jinchunmetal.com\/wp-content\/uploads\/2024\/08\/\u94bc\u7c895-800x600.png 800w, https:\/\/www.jinchunmetal.com\/wp-content\/uploads\/2024\/08\/\u94bc\u7c895.png 1280w\" sizes=\"auto, (max-width: 316px) 100vw, 316px\" \/> <img loading=\"lazy\" decoding=\"async\" class=\"alignnone size-medium wp-image-4281\" src=\"https:\/\/www.jinchunmetal.com\/wp-content\/uploads\/2024\/08\/\u7403\u5f62\u94bc\u7c892-300x240.png\" alt=\"\" width=\"300\" height=\"240\" srcset=\"https:\/\/www.jinchunmetal.com\/wp-content\/uploads\/2024\/08\/\u7403\u5f62\u94bc\u7c892-300x240.png 300w, https:\/\/www.jinchunmetal.com\/wp-content\/uploads\/2024\/08\/\u7403\u5f62\u94bc\u7c892-1024x819.png 1024w, https:\/\/www.jinchunmetal.com\/wp-content\/uploads\/2024\/08\/\u7403\u5f62\u94bc\u7c892-768x614.png 768w, https:\/\/www.jinchunmetal.com\/wp-content\/uploads\/2024\/08\/\u7403\u5f62\u94bc\u7c892-15x12.png 15w, https:\/\/www.jinchunmetal.com\/wp-content\/uploads\/2024\/08\/\u7403\u5f62\u94bc\u7c892-800x640.png 800w, https:\/\/www.jinchunmetal.com\/wp-content\/uploads\/2024\/08\/\u7403\u5f62\u94bc\u7c892.png 1280w\" sizes=\"auto, (max-width: 300px) 100vw, 300px\" \/> <img loading=\"lazy\" decoding=\"async\" class=\"alignnone size-medium wp-image-4282\" src=\"https:\/\/www.jinchunmetal.com\/wp-content\/uploads\/2024\/08\/\u7403\u5f62\u94bc\u7c893-300x240.png\" alt=\"\" width=\"300\" height=\"240\" srcset=\"https:\/\/www.jinchunmetal.com\/wp-content\/uploads\/2024\/08\/\u7403\u5f62\u94bc\u7c893-300x240.png 300w, https:\/\/www.jinchunmetal.com\/wp-content\/uploads\/2024\/08\/\u7403\u5f62\u94bc\u7c893-1024x819.png 1024w, https:\/\/www.jinchunmetal.com\/wp-content\/uploads\/2024\/08\/\u7403\u5f62\u94bc\u7c893-768x614.png 768w, https:\/\/www.jinchunmetal.com\/wp-content\/uploads\/2024\/08\/\u7403\u5f62\u94bc\u7c893-15x12.png 15w, https:\/\/www.jinchunmetal.com\/wp-content\/uploads\/2024\/08\/\u7403\u5f62\u94bc\u7c893-800x640.png 800w, https:\/\/www.jinchunmetal.com\/wp-content\/uploads\/2024\/08\/\u7403\u5f62\u94bc\u7c893.png 1280w\" sizes=\"auto, (max-width: 300px) 100vw, 300px\" \/> <img loading=\"lazy\" decoding=\"async\" class=\"alignnone size-medium wp-image-4283\" src=\"https:\/\/www.jinchunmetal.com\/wp-content\/uploads\/2024\/08\/\u7403\u5f62\u94bc\u7c894-300x240.png\" alt=\"\" width=\"300\" height=\"240\" srcset=\"https:\/\/www.jinchunmetal.com\/wp-content\/uploads\/2024\/08\/\u7403\u5f62\u94bc\u7c894-300x240.png 300w, https:\/\/www.jinchunmetal.com\/wp-content\/uploads\/2024\/08\/\u7403\u5f62\u94bc\u7c894-1024x819.png 1024w, https:\/\/www.jinchunmetal.com\/wp-content\/uploads\/2024\/08\/\u7403\u5f62\u94bc\u7c894-768x614.png 768w, https:\/\/www.jinchunmetal.com\/wp-content\/uploads\/2024\/08\/\u7403\u5f62\u94bc\u7c894-15x12.png 15w, https:\/\/www.jinchunmetal.com\/wp-content\/uploads\/2024\/08\/\u7403\u5f62\u94bc\u7c894-800x640.png 800w, https:\/\/www.jinchunmetal.com\/wp-content\/uploads\/2024\/08\/\u7403\u5f62\u94bc\u7c894.png 1280w\" sizes=\"auto, (max-width: 300px) 100vw, 300px\" \/> <img loading=\"lazy\" decoding=\"async\" class=\"alignnone size-medium wp-image-4284\" src=\"https:\/\/www.jinchunmetal.com\/wp-content\/uploads\/2024\/08\/\u7403\u5f62\u94bc\u7c895-300x240.png\" alt=\"\" width=\"300\" height=\"240\" srcset=\"https:\/\/www.jinchunmetal.com\/wp-content\/uploads\/2024\/08\/\u7403\u5f62\u94bc\u7c895-300x240.png 300w, https:\/\/www.jinchunmetal.com\/wp-content\/uploads\/2024\/08\/\u7403\u5f62\u94bc\u7c895-1024x819.png 1024w, https:\/\/www.jinchunmetal.com\/wp-content\/uploads\/2024\/08\/\u7403\u5f62\u94bc\u7c895-768x614.png 768w, https:\/\/www.jinchunmetal.com\/wp-content\/uploads\/2024\/08\/\u7403\u5f62\u94bc\u7c895-15x12.png 15w, https:\/\/www.jinchunmetal.com\/wp-content\/uploads\/2024\/08\/\u7403\u5f62\u94bc\u7c895-800x640.png 800w, https:\/\/www.jinchunmetal.com\/wp-content\/uploads\/2024\/08\/\u7403\u5f62\u94bc\u7c895.png 1280w\" sizes=\"auto, (max-width: 300px) 100vw, 300px\" \/><\/p>\n<p><strong>Bilder von Produktion und Test:<\/strong><br \/>\n<img loading=\"lazy\" decoding=\"async\" class=\"alignnone wp-image-4145\" src=\"https:\/\/www.jinchunmetal.com\/wp-content\/uploads\/2024\/08\/\u5fae\u4fe1\u56fe\u7247_20240801152721-1-300x203.png\" alt=\"\" width=\"443\" height=\"300\" srcset=\"https:\/\/www.jinchunmetal.com\/wp-content\/uploads\/2024\/08\/\u5fae\u4fe1\u56fe\u7247_20240801152721-1-300x203.png 300w, https:\/\/www.jinchunmetal.com\/wp-content\/uploads\/2024\/08\/\u5fae\u4fe1\u56fe\u7247_20240801152721-1-1024x691.png 1024w, https:\/\/www.jinchunmetal.com\/wp-content\/uploads\/2024\/08\/\u5fae\u4fe1\u56fe\u7247_20240801152721-1-768x518.png 768w, https:\/\/www.jinchunmetal.com\/wp-content\/uploads\/2024\/08\/\u5fae\u4fe1\u56fe\u7247_20240801152721-1-18x12.png 18w, https:\/\/www.jinchunmetal.com\/wp-content\/uploads\/2024\/08\/\u5fae\u4fe1\u56fe\u7247_20240801152721-1-800x540.png 800w, https:\/\/www.jinchunmetal.com\/wp-content\/uploads\/2024\/08\/\u5fae\u4fe1\u56fe\u7247_20240801152721-1.png 1222w\" sizes=\"auto, (max-width: 443px) 100vw, 443px\" \/><img loading=\"lazy\" decoding=\"async\" class=\"alignnone wp-image-4146\" src=\"https:\/\/www.jinchunmetal.com\/wp-content\/uploads\/2024\/08\/\u5fae\u4fe1\u56fe\u7247_20240801152725-1-300x226.png\" alt=\"\" width=\"397\" height=\"299\" srcset=\"https:\/\/www.jinchunmetal.com\/wp-content\/uploads\/2024\/08\/\u5fae\u4fe1\u56fe\u7247_20240801152725-1-300x226.png 300w, https:\/\/www.jinchunmetal.com\/wp-content\/uploads\/2024\/08\/\u5fae\u4fe1\u56fe\u7247_20240801152725-1-1024x770.png 1024w, https:\/\/www.jinchunmetal.com\/wp-content\/uploads\/2024\/08\/\u5fae\u4fe1\u56fe\u7247_20240801152725-1-768x578.png 768w, https:\/\/www.jinchunmetal.com\/wp-content\/uploads\/2024\/08\/\u5fae\u4fe1\u56fe\u7247_20240801152725-1-16x12.png 16w, https:\/\/www.jinchunmetal.com\/wp-content\/uploads\/2024\/08\/\u5fae\u4fe1\u56fe\u7247_20240801152725-1-800x602.png 800w, https:\/\/www.jinchunmetal.com\/wp-content\/uploads\/2024\/08\/\u5fae\u4fe1\u56fe\u7247_20240801152725-1.png 1046w\" sizes=\"auto, (max-width: 397px) 100vw, 397px\" \/><img loading=\"lazy\" decoding=\"async\" class=\"alignnone size-medium wp-image-4144\" src=\"https:\/\/www.jinchunmetal.com\/wp-content\/uploads\/2024\/08\/\u5fae\u4fe1\u56fe\u7247_20240801152708-1-276x300.png\" alt=\"\" width=\"276\" height=\"300\" srcset=\"https:\/\/www.jinchunmetal.com\/wp-content\/uploads\/2024\/08\/\u5fae\u4fe1\u56fe\u7247_20240801152708-1-276x300.png 276w, https:\/\/www.jinchunmetal.com\/wp-content\/uploads\/2024\/08\/\u5fae\u4fe1\u56fe\u7247_20240801152708-1-11x12.png 11w, https:\/\/www.jinchunmetal.com\/wp-content\/uploads\/2024\/08\/\u5fae\u4fe1\u56fe\u7247_20240801152708-1.png 598w\" sizes=\"auto, (max-width: 276px) 100vw, 276px\" \/><\/p>\n<p><img loading=\"lazy\" decoding=\"async\" class=\"alignnone wp-image-4149\" src=\"https:\/\/www.jinchunmetal.com\/wp-content\/uploads\/2024\/08\/RF-plasma-spheroidization-1-300x217.png\" alt=\"\" width=\"314\" height=\"227\" srcset=\"https:\/\/www.jinchunmetal.com\/wp-content\/uploads\/2024\/08\/RF-plasma-spheroidization-1-300x217.png 300w, https:\/\/www.jinchunmetal.com\/wp-content\/uploads\/2024\/08\/RF-plasma-spheroidization-1-18x12.png 18w, https:\/\/www.jinchunmetal.com\/wp-content\/uploads\/2024\/08\/RF-plasma-spheroidization-1.png 403w\" sizes=\"auto, (max-width: 314px) 100vw, 314px\" \/><img loading=\"lazy\" decoding=\"async\" class=\"alignnone size-medium wp-image-4148\" src=\"https:\/\/www.jinchunmetal.com\/wp-content\/uploads\/2024\/08\/\u5fae\u4fe1\u56fe\u7247_20240709145011-1-300x225.jpg\" alt=\"\" width=\"300\" height=\"225\" srcset=\"https:\/\/www.jinchunmetal.com\/wp-content\/uploads\/2024\/08\/\u5fae\u4fe1\u56fe\u7247_20240709145011-1-300x225.jpg 300w, https:\/\/www.jinchunmetal.com\/wp-content\/uploads\/2024\/08\/\u5fae\u4fe1\u56fe\u7247_20240709145011-1-1024x768.jpg 1024w, https:\/\/www.jinchunmetal.com\/wp-content\/uploads\/2024\/08\/\u5fae\u4fe1\u56fe\u7247_20240709145011-1-768x576.jpg 768w, https:\/\/www.jinchunmetal.com\/wp-content\/uploads\/2024\/08\/\u5fae\u4fe1\u56fe\u7247_20240709145011-1-1536x1152.jpg 1536w, https:\/\/www.jinchunmetal.com\/wp-content\/uploads\/2024\/08\/\u5fae\u4fe1\u56fe\u7247_20240709145011-1-2048x1536.jpg 2048w, https:\/\/www.jinchunmetal.com\/wp-content\/uploads\/2024\/08\/\u5fae\u4fe1\u56fe\u7247_20240709145011-1-16x12.jpg 16w, https:\/\/www.jinchunmetal.com\/wp-content\/uploads\/2024\/08\/\u5fae\u4fe1\u56fe\u7247_20240709145011-1-800x600.jpg 800w\" sizes=\"auto, (max-width: 300px) 100vw, 300px\" \/><img loading=\"lazy\" decoding=\"async\" class=\"alignnone size-medium wp-image-4147\" src=\"https:\/\/www.jinchunmetal.com\/wp-content\/uploads\/2024\/08\/\u5fae\u4fe1\u56fe\u7247_20240801152730-1-300x226.png\" alt=\"\" width=\"300\" height=\"226\" srcset=\"https:\/\/www.jinchunmetal.com\/wp-content\/uploads\/2024\/08\/\u5fae\u4fe1\u56fe\u7247_20240801152730-1-300x226.png 300w, https:\/\/www.jinchunmetal.com\/wp-content\/uploads\/2024\/08\/\u5fae\u4fe1\u56fe\u7247_20240801152730-1-768x579.png 768w, https:\/\/www.jinchunmetal.com\/wp-content\/uploads\/2024\/08\/\u5fae\u4fe1\u56fe\u7247_20240801152730-1-16x12.png 16w, https:\/\/www.jinchunmetal.com\/wp-content\/uploads\/2024\/08\/\u5fae\u4fe1\u56fe\u7247_20240801152730-1.png 787w\" sizes=\"auto, (max-width: 300px) 100vw, 300px\" \/><\/p>\n<p>&nbsp;<\/p>\n<p><strong>4.Anwendung<\/strong><\/p>\n<ul>\n<li>3D-Druck<\/li>\n<li>Pr\u00e4zises Spr\u00fchen<\/li>\n<li>Spritzgie\u00dfen von Formteilen.<\/li>\n<\/ul>\n<p><img loading=\"lazy\" decoding=\"async\" class=\"alignnone size-medium wp-image-4218\" src=\"https:\/\/www.jinchunmetal.com\/wp-content\/uploads\/2024\/08\/3D-Printing-300x200.jpg\" alt=\"\" width=\"300\" height=\"200\" srcset=\"https:\/\/www.jinchunmetal.com\/wp-content\/uploads\/2024\/08\/3D-Printing-300x200.jpg 300w, https:\/\/www.jinchunmetal.com\/wp-content\/uploads\/2024\/08\/3D-Printing-1024x684.jpg 1024w, https:\/\/www.jinchunmetal.com\/wp-content\/uploads\/2024\/08\/3D-Printing-768x513.jpg 768w, https:\/\/www.jinchunmetal.com\/wp-content\/uploads\/2024\/08\/3D-Printing-1536x1025.jpg 1536w, https:\/\/www.jinchunmetal.com\/wp-content\/uploads\/2024\/08\/3D-Printing-18x12.jpg 18w, https:\/\/www.jinchunmetal.com\/wp-content\/uploads\/2024\/08\/3D-Printing-800x534.jpg 800w, https:\/\/www.jinchunmetal.com\/wp-content\/uploads\/2024\/08\/3D-Printing.jpg 2000w\" sizes=\"auto, (max-width: 300px) 100vw, 300px\" \/><img loading=\"lazy\" decoding=\"async\" class=\"alignnone size-medium wp-image-3872\" src=\"https:\/\/www.jinchunmetal.com\/wp-content\/uploads\/2024\/08\/Spraying--300x200.jpg\" alt=\"\" width=\"300\" height=\"200\" srcset=\"https:\/\/www.jinchunmetal.com\/wp-content\/uploads\/2024\/08\/Spraying--300x200.jpg 300w, https:\/\/www.jinchunmetal.com\/wp-content\/uploads\/2024\/08\/Spraying--1024x681.jpg 1024w, https:\/\/www.jinchunmetal.com\/wp-content\/uploads\/2024\/08\/Spraying--768x511.jpg 768w, https:\/\/www.jinchunmetal.com\/wp-content\/uploads\/2024\/08\/Spraying--1536x1022.jpg 1536w, https:\/\/www.jinchunmetal.com\/wp-content\/uploads\/2024\/08\/Spraying--18x12.jpg 18w, https:\/\/www.jinchunmetal.com\/wp-content\/uploads\/2024\/08\/Spraying--800x532.jpg 800w, https:\/\/www.jinchunmetal.com\/wp-content\/uploads\/2024\/08\/Spraying-.jpg 2000w\" sizes=\"auto, (max-width: 300px) 100vw, 300px\" \/><img loading=\"lazy\" decoding=\"async\" class=\"alignnone wp-image-4232\" src=\"https:\/\/www.jinchunmetal.com\/wp-content\/uploads\/2024\/08\/MIM-300x169.jpg\" alt=\"\" width=\"353\" height=\"199\" srcset=\"https:\/\/www.jinchunmetal.com\/wp-content\/uploads\/2024\/08\/MIM-300x169.jpg 300w, https:\/\/www.jinchunmetal.com\/wp-content\/uploads\/2024\/08\/MIM-1024x577.jpg 1024w, https:\/\/www.jinchunmetal.com\/wp-content\/uploads\/2024\/08\/MIM-768x432.jpg 768w, https:\/\/www.jinchunmetal.com\/wp-content\/uploads\/2024\/08\/MIM-1536x865.jpg 1536w, https:\/\/www.jinchunmetal.com\/wp-content\/uploads\/2024\/08\/MIM-18x10.jpg 18w, https:\/\/www.jinchunmetal.com\/wp-content\/uploads\/2024\/08\/MIM-800x450.jpg 800w, https:\/\/www.jinchunmetal.com\/wp-content\/uploads\/2024\/08\/MIM.jpg 2000w\" sizes=\"auto, (max-width: 353px) 100vw, 353px\" \/><\/p>","protected":false},"excerpt":{"rendered":"<p>Produktcharakter\uff1a<\/p>\n<p>Sph\u00e4risches Molybd\u00e4npulver zeichnet sich durch hohe Reinheit, hohe Sch\u00fcttdichte und hervorragende Flie\u00dff\u00e4higkeit aus und wird haupts\u00e4chlich in Bereichen wie 3D-Druck, Pr\u00e4zisionsspritzen und Spritzguss von Formteilen eingesetzt.<\/p>\n<table>\n<tbody>\n<tr>\n<td>Markenname<\/td>\n<td>Jinchun<\/td>\n<\/tr>\n<tr>\n<td>Herkunft<\/td>\n<td>China<\/td>\n<\/tr>\n<tr>\n<td>Name des Produkts<\/td>\n<td>Sph\u00e4risches Molybd\u00e4npulver<\/td>\n<\/tr>\n<tr>\n<td>Anmeldung<\/td>\n<td>3D-Druck, additive Fertigung, MIM, Spr\u00fchen und Beschichten, usw.<\/td>\n<\/tr>\n<tr>\n<td>Form<\/td>\n<td>Pulver<\/td>\n<\/tr>\n<tr>\n<td>Farbe<\/td>\n<td>Metall schwarz<\/td>\n<\/tr>\n<tr>\n<td>Gr\u00f6\u00dfe<\/td>\n<td>15~53\u03bcm, oder kundenspezifisch.<\/td>\n<\/tr>\n<tr>\n<td>Standard<\/td>\n<td>GB\/T 19001-2016\/ISO9001: 2015<\/td>\n<\/tr>\n<tr>\n<td>Reinheit<\/td>\n<td>\u00a0Mo: 99,95% min<\/td>\n<\/tr>\n<tr>\n<td>Material<\/td>\n<td>Molybd\u00e4n<\/td>\n<\/tr>\n<tr>\n<td>Verpacken<\/td>\n<td>Vakuumverpackung<\/td>\n<\/tr>\n<\/tbody>\n<\/table>","protected":false},"featured_media":4282,"comment_status":"open","ping_status":"closed","template":"","meta":{"_acf_changed":false},"product_brand":[],"product_cat":[56],"product_tag":[],"class_list":{"0":"post-4285","1":"product","2":"type-product","3":"status-publish","4":"has-post-thumbnail","6":"product_cat-spraying-coating-metal-materials","8":"first","9":"instock","10":"shipping-taxable","11":"product-type-simple"},"acf":[],"yoast_head":"<!-- This site is optimized with the Yoast SEO plugin v23.2 - https:\/\/yoast.com\/wordpress\/plugins\/seo\/ -->\n<title>Spraying and Coating Spherical Metal Powders Molybdenum Powder - Jinchun %<\/title>\n<meta name=\"description\" content=\"We are a Metal Materials manufacturer in China With rich experience in Spraying and Coating Spherical Metal Powders Molybdenum Powder , with Competitive price and top quality.\" \/>\n<meta name=\"robots\" content=\"index, follow, max-snippet:-1, max-image-preview:large, max-video-preview:-1\" \/>\n<link rel=\"canonical\" href=\"https:\/\/www.jinchunmetal.com\/de\/produkt\/spherical-metal-powders-molybdenum-powder-\u590d\u5236\/\" \/>\n<meta property=\"og:locale\" content=\"de_DE\" \/>\n<meta property=\"og:type\" content=\"article\" \/>\n<meta property=\"og:title\" content=\"Spraying and Coating Spherical Metal Powders Molybdenum Powder - Jinchun %\" \/>\n<meta property=\"og:description\" content=\"We are a Metal Materials manufacturer in China With rich experience in Spraying and Coating Spherical Metal Powders Molybdenum Powder , with Competitive price and top quality.\" \/>\n<meta property=\"og:url\" content=\"https:\/\/www.jinchunmetal.com\/de\/produkt\/spherical-metal-powders-molybdenum-powder-\u590d\u5236\/\" \/>\n<meta property=\"og:site_name\" content=\"Chengdu Jinchun Metallic Materials Co.,Ltd.\" \/>\n<meta property=\"article:modified_time\" content=\"2025-05-29T03:11:12+00:00\" \/>\n<meta property=\"og:image\" content=\"https:\/\/www.jinchunmetal.com\/wp-content\/uploads\/2024\/08\/\u7403\u5f62\u94bc\u7c893.png\" \/>\n\t<meta property=\"og:image:width\" content=\"1280\" \/>\n\t<meta property=\"og:image:height\" content=\"1024\" \/>\n\t<meta property=\"og:image:type\" content=\"image\/png\" \/>\n<meta name=\"twitter:card\" content=\"summary_large_image\" \/>\n<meta name=\"twitter:label1\" content=\"Gesch\u00e4tzte Lesezeit\" \/>\n\t<meta name=\"twitter:data1\" content=\"4\u00a0Minuten\" \/>\n<script type=\"application\/ld+json\" class=\"yoast-schema-graph\">{\"@context\":\"https:\/\/schema.org\",\"@graph\":[{\"@type\":\"WebPage\",\"@id\":\"https:\/\/www.jinchunmetal.com\/product\/spherical-metal-powders-molybdenum-powder-%e5%a4%8d%e5%88%b6\/\",\"url\":\"https:\/\/www.jinchunmetal.com\/product\/spherical-metal-powders-molybdenum-powder-%e5%a4%8d%e5%88%b6\/\",\"name\":\"Spraying and Coating Spherical Metal Powders Molybdenum Powder - Jinchun %\",\"isPartOf\":{\"@id\":\"https:\/\/www.jinchunmetal.com\/#website\"},\"primaryImageOfPage\":{\"@id\":\"https:\/\/www.jinchunmetal.com\/product\/spherical-metal-powders-molybdenum-powder-%e5%a4%8d%e5%88%b6\/#primaryimage\"},\"image\":{\"@id\":\"https:\/\/www.jinchunmetal.com\/product\/spherical-metal-powders-molybdenum-powder-%e5%a4%8d%e5%88%b6\/#primaryimage\"},\"thumbnailUrl\":\"https:\/\/www.jinchunmetal.com\/wp-content\/uploads\/2024\/08\/\u7403\u5f62\u94bc\u7c893.png\",\"datePublished\":\"2024-08-30T08:17:32+00:00\",\"dateModified\":\"2025-05-29T03:11:12+00:00\",\"description\":\"We are a Metal Materials manufacturer in China With rich experience in Spraying and Coating Spherical Metal Powders Molybdenum Powder , with Competitive price and top quality.\",\"breadcrumb\":{\"@id\":\"https:\/\/www.jinchunmetal.com\/product\/spherical-metal-powders-molybdenum-powder-%e5%a4%8d%e5%88%b6\/#breadcrumb\"},\"inLanguage\":\"de\",\"potentialAction\":[{\"@type\":\"ReadAction\",\"target\":[\"https:\/\/www.jinchunmetal.com\/product\/spherical-metal-powders-molybdenum-powder-%e5%a4%8d%e5%88%b6\/\"]}]},{\"@type\":\"ImageObject\",\"inLanguage\":\"de\",\"@id\":\"https:\/\/www.jinchunmetal.com\/product\/spherical-metal-powders-molybdenum-powder-%e5%a4%8d%e5%88%b6\/#primaryimage\",\"url\":\"https:\/\/www.jinchunmetal.com\/wp-content\/uploads\/2024\/08\/\u7403\u5f62\u94bc\u7c893.png\",\"contentUrl\":\"https:\/\/www.jinchunmetal.com\/wp-content\/uploads\/2024\/08\/\u7403\u5f62\u94bc\u7c893.png\",\"width\":1280,\"height\":1024},{\"@type\":\"BreadcrumbList\",\"@id\":\"https:\/\/www.jinchunmetal.com\/product\/spherical-metal-powders-molybdenum-powder-%e5%a4%8d%e5%88%b6\/#breadcrumb\",\"itemListElement\":[{\"@type\":\"ListItem\",\"position\":1,\"name\":\"\u9996\u9875\",\"item\":\"https:\/\/www.jinchunmetal.com\/\"},{\"@type\":\"ListItem\",\"position\":2,\"name\":\"Products\",\"item\":\"https:\/\/www.jinchunmetal.com\/fr_fr\/products\/\"},{\"@type\":\"ListItem\",\"position\":3,\"name\":\"Spraying and Coating Spherical Metal Powders Molybdenum Powder\"}]},{\"@type\":\"WebSite\",\"@id\":\"https:\/\/www.jinchunmetal.com\/#website\",\"url\":\"https:\/\/www.jinchunmetal.com\/\",\"name\":\"Chengdu Jinchun Metallic Materials Co.,Ltd.\",\"description\":\"Jinchun Metal\",\"potentialAction\":[{\"@type\":\"SearchAction\",\"target\":{\"@type\":\"EntryPoint\",\"urlTemplate\":\"https:\/\/www.jinchunmetal.com\/?s={search_term_string}\"},\"query-input\":\"required name=search_term_string\"}],\"inLanguage\":\"de\"}]}<\/script>\n<!-- \/ Yoast SEO plugin. -->","yoast_head_json":{"title":"Spraying and Coating Spherical Metal Powders Molybdenum Powder - Jinchun %","description":"We are a Metal Materials manufacturer in China With rich experience in Spraying and Coating Spherical Metal Powders Molybdenum Powder , with Competitive price and top quality.","robots":{"index":"index","follow":"follow","max-snippet":"max-snippet:-1","max-image-preview":"max-image-preview:large","max-video-preview":"max-video-preview:-1"},"canonical":"https:\/\/www.jinchunmetal.com\/de\/produkt\/spherical-metal-powders-molybdenum-powder-\u590d\u5236\/","og_locale":"de_DE","og_type":"article","og_title":"Spraying and Coating Spherical Metal Powders Molybdenum Powder - Jinchun %","og_description":"We are a Metal Materials manufacturer in China With rich experience in Spraying and Coating Spherical Metal Powders Molybdenum Powder , with Competitive price and top quality.","og_url":"https:\/\/www.jinchunmetal.com\/de\/produkt\/spherical-metal-powders-molybdenum-powder-\u590d\u5236\/","og_site_name":"Chengdu Jinchun Metallic Materials Co.,Ltd.","article_modified_time":"2025-05-29T03:11:12+00:00","og_image":[{"width":1280,"height":1024,"url":"https:\/\/www.jinchunmetal.com\/wp-content\/uploads\/2024\/08\/\u7403\u5f62\u94bc\u7c893.png","type":"image\/png"}],"twitter_card":"summary_large_image","twitter_misc":{"Gesch\u00e4tzte Lesezeit":"4\u00a0Minuten"},"schema":{"@context":"https:\/\/schema.org","@graph":[{"@type":"WebPage","@id":"https:\/\/www.jinchunmetal.com\/product\/spherical-metal-powders-molybdenum-powder-%e5%a4%8d%e5%88%b6\/","url":"https:\/\/www.jinchunmetal.com\/product\/spherical-metal-powders-molybdenum-powder-%e5%a4%8d%e5%88%b6\/","name":"Spraying and Coating Spherical Metal Powders Molybdenum Powder - Jinchun %","isPartOf":{"@id":"https:\/\/www.jinchunmetal.com\/#website"},"primaryImageOfPage":{"@id":"https:\/\/www.jinchunmetal.com\/product\/spherical-metal-powders-molybdenum-powder-%e5%a4%8d%e5%88%b6\/#primaryimage"},"image":{"@id":"https:\/\/www.jinchunmetal.com\/product\/spherical-metal-powders-molybdenum-powder-%e5%a4%8d%e5%88%b6\/#primaryimage"},"thumbnailUrl":"https:\/\/www.jinchunmetal.com\/wp-content\/uploads\/2024\/08\/\u7403\u5f62\u94bc\u7c893.png","datePublished":"2024-08-30T08:17:32+00:00","dateModified":"2025-05-29T03:11:12+00:00","description":"We are a Metal Materials manufacturer in China With rich experience in Spraying and Coating Spherical Metal Powders Molybdenum Powder , with Competitive price and top quality.","breadcrumb":{"@id":"https:\/\/www.jinchunmetal.com\/product\/spherical-metal-powders-molybdenum-powder-%e5%a4%8d%e5%88%b6\/#breadcrumb"},"inLanguage":"de","potentialAction":[{"@type":"ReadAction","target":["https:\/\/www.jinchunmetal.com\/product\/spherical-metal-powders-molybdenum-powder-%e5%a4%8d%e5%88%b6\/"]}]},{"@type":"ImageObject","inLanguage":"de","@id":"https:\/\/www.jinchunmetal.com\/product\/spherical-metal-powders-molybdenum-powder-%e5%a4%8d%e5%88%b6\/#primaryimage","url":"https:\/\/www.jinchunmetal.com\/wp-content\/uploads\/2024\/08\/\u7403\u5f62\u94bc\u7c893.png","contentUrl":"https:\/\/www.jinchunmetal.com\/wp-content\/uploads\/2024\/08\/\u7403\u5f62\u94bc\u7c893.png","width":1280,"height":1024},{"@type":"BreadcrumbList","@id":"https:\/\/www.jinchunmetal.com\/product\/spherical-metal-powders-molybdenum-powder-%e5%a4%8d%e5%88%b6\/#breadcrumb","itemListElement":[{"@type":"ListItem","position":1,"name":"\u9996\u9875","item":"https:\/\/www.jinchunmetal.com\/"},{"@type":"ListItem","position":2,"name":"Products","item":"https:\/\/www.jinchunmetal.com\/fr_fr\/products\/"},{"@type":"ListItem","position":3,"name":"Spraying and Coating Spherical Metal Powders Molybdenum Powder"}]},{"@type":"WebSite","@id":"https:\/\/www.jinchunmetal.com\/#website","url":"https:\/\/www.jinchunmetal.com\/","name":"Chengdu Jinchun Metallic Materials Co.,Ltd.","description":"Jinchun Metal","potentialAction":[{"@type":"SearchAction","target":{"@type":"EntryPoint","urlTemplate":"https:\/\/www.jinchunmetal.com\/?s={search_term_string}"},"query-input":"required name=search_term_string"}],"inLanguage":"de"}]}},"_links":{"self":[{"href":"https:\/\/www.jinchunmetal.com\/de\/wp-json\/wp\/v2\/product\/4285","targetHints":{"allow":["GET"]}}],"collection":[{"href":"https:\/\/www.jinchunmetal.com\/de\/wp-json\/wp\/v2\/product"}],"about":[{"href":"https:\/\/www.jinchunmetal.com\/de\/wp-json\/wp\/v2\/types\/product"}],"replies":[{"embeddable":true,"href":"https:\/\/www.jinchunmetal.com\/de\/wp-json\/wp\/v2\/comments?post=4285"}],"wp:featuredmedia":[{"embeddable":true,"href":"https:\/\/www.jinchunmetal.com\/de\/wp-json\/wp\/v2\/media\/4282"}],"wp:attachment":[{"href":"https:\/\/www.jinchunmetal.com\/de\/wp-json\/wp\/v2\/media?parent=4285"}],"wp:term":[{"taxonomy":"product_brand","embeddable":true,"href":"https:\/\/www.jinchunmetal.com\/de\/wp-json\/wp\/v2\/product_brand?post=4285"},{"taxonomy":"product_cat","embeddable":true,"href":"https:\/\/www.jinchunmetal.com\/de\/wp-json\/wp\/v2\/product_cat?post=4285"},{"taxonomy":"product_tag","embeddable":true,"href":"https:\/\/www.jinchunmetal.com\/de\/wp-json\/wp\/v2\/product_tag?post=4285"}],"curies":[{"name":"wp","href":"https:\/\/api.w.org\/{rel}","templated":true}]}}