{"id":2790,"date":"2024-07-16T14:07:17","date_gmt":"2024-07-16T06:07:17","guid":{"rendered":"http:\/\/www.jinchunmetal.com\/?page_id=2790"},"modified":"2024-08-19T11:26:42","modified_gmt":"2024-08-19T03:26:42","slug":"why-choose-us","status":"publish","type":"page","link":"https:\/\/www.jinchunmetal.com\/es\/about-us\/why-choose-us\/","title":{"rendered":"Por qu\u00e9 elegirnos"},"content":{"rendered":"<div data-elementor-type=\"wp-post\" data-elementor-id=\"2790\" class=\"elementor elementor-2790\">\n\t\t\t\t\t\t\t\t\t<section class=\"elementor-section elementor-top-section elementor-element elementor-element-62f0a28 elementor-section-boxed elementor-section-height-default elementor-section-height-default\" data-id=\"62f0a28\" data-element_type=\"section\">\n\t\t\t\t\t\t<div class=\"elementor-container elementor-column-gap-default\">\n\t\t\t\t\t<div class=\"elementor-column elementor-col-100 elementor-top-column elementor-element elementor-element-c5f941e\" data-id=\"c5f941e\" data-element_type=\"column\">\n\t\t\t<div class=\"elementor-widget-wrap elementor-element-populated\">\n\t\t\t\t\t\t\t\t<div class=\"elementor-element elementor-element-3dd72b3 elementor-widget elementor-widget-woocommerce-breadcrumb\" data-id=\"3dd72b3\" data-element_type=\"widget\" data-widget_type=\"woocommerce-breadcrumb.default\">\n\t\t\t\t<div class=\"elementor-widget-container\">\n\t\t\t<link rel=\"stylesheet\" href=\"https:\/\/www.jinchunmetal.com\/wp-content\/plugins\/elementor-pro\/assets\/css\/widget-woocommerce.min.css\"><nav class=\"woocommerce-breadcrumb\" aria-label=\"Breadcrumb\" data-no-translation=\"\" data-trp-gettext=\"\">Inicio<\/nav>\t\t<\/div>\n\t\t\t\t<\/div>\n\t\t\t\t\t<\/div>\n\t\t<\/div>\n\t\t\t\t\t\t\t<\/div>\n\t\t<\/section>\n\t\t\t\t<section class=\"elementor-section elementor-top-section elementor-element elementor-element-5b752b4 elementor-section-boxed elementor-section-height-default elementor-section-height-default\" data-id=\"5b752b4\" data-element_type=\"section\">\n\t\t\t\t\t\t<div class=\"elementor-container elementor-column-gap-default\">\n\t\t\t\t\t<div class=\"elementor-column elementor-col-100 elementor-top-column elementor-element elementor-element-e26dfd0\" data-id=\"e26dfd0\" data-element_type=\"column\">\n\t\t\t<div class=\"elementor-widget-wrap elementor-element-populated\">\n\t\t\t\t\t\t\t\t<div class=\"elementor-element elementor-element-aa62f15 elementor-widget elementor-widget-heading\" data-id=\"aa62f15\" data-element_type=\"widget\" data-widget_type=\"heading.default\">\n\t\t\t\t<div class=\"elementor-widget-container\">\n\t\t\t<style>\/*! elementor - v3.15.0 - 20-08-2023 *\/\n.elementor-heading-title{padding:0;margin:0;line-height:1}.elementor-widget-heading .elementor-heading-title[class*=elementor-size-]>a{color:inherit;font-size:inherit;line-height:inherit}.elementor-widget-heading .elementor-heading-title.elementor-size-small{font-size:15px}.elementor-widget-heading .elementor-heading-title.elementor-size-medium{font-size:19px}.elementor-widget-heading .elementor-heading-title.elementor-size-large{font-size:29px}.elementor-widget-heading .elementor-heading-title.elementor-size-xl{font-size:39px}.elementor-widget-heading .elementor-heading-title.elementor-size-xxl{font-size:59px}<\/style><h2 class=\"elementor-heading-title elementor-size-default elementor-heading-title elementor-size-default\">Por qu\u00e9 elegirnos<\/h2>\t\t<\/div>\n\t\t\t\t<\/div>\n\t\t\t\t<div class=\"elementor-element elementor-element-de8b644 elementor-widget elementor-widget-text-editor\" data-id=\"de8b644\" data-element_type=\"widget\" data-widget_type=\"text-editor.default\">\n\t\t\t\t<div class=\"elementor-widget-container\">\n\t\t\t<style>\/*! elementor - v3.15.0 - 20-08-2023 *\/\n.elementor-widget-text-editor.elementor-drop-cap-view-stacked .elementor-drop-cap{background-color:#69727d;color:#fff}.elementor-widget-text-editor.elementor-drop-cap-view-framed .elementor-drop-cap{color:#69727d;border:3px solid;background-color:transparent}.elementor-widget-text-editor:not(.elementor-drop-cap-view-default) .elementor-drop-cap{margin-top:8px}.elementor-widget-text-editor:not(.elementor-drop-cap-view-default) .elementor-drop-cap-letter{width:1em;height:1em}.elementor-widget-text-editor .elementor-drop-cap{float:left;text-align:center;line-height:1;font-size:50px}.elementor-widget-text-editor .elementor-drop-cap-letter{display:inline-block}<\/style>\t\t\t\t<p><strong>1.Capacidad de producci\u00f3n \/ Capacidad de integraci\u00f3n de recursos<\/strong><br \/>Nos jinchun Metal est\u00e1 equipado con equipos de atomizaci\u00f3n, plasma spheroidization, trituraci\u00f3n, molienda de bolas, separaci\u00f3n magn\u00e9tica, la eliminaci\u00f3n de hierro, molienda de flujo de aire, Prealloy metal, reducci\u00f3n, etc, y han adquirido 6 patentes de equipos hasta 2024, ofrecen una l\u00ednea completa de materiales en polvo para diferentes industrias de aplicaci\u00f3n.<\/p><p>Al mismo tiempo, podemos hacer un uso razonable de los recursos de que disponemos, enviar a los clientes tanto de origen nacional como internacional, para resolver los problemas de costes y plazos de entrega.<\/p><p><strong>2.Capacidad de personalizaci\u00f3n del producto: personalizaci\u00f3n<\/strong> <strong>productos seg\u00fan las necesidades<\/strong><br \/>Los clientes tambi\u00e9n pueden actualizar su tecnolog\u00eda y equipos en el tiempo, por lo tanto, la demanda de materiales tambi\u00e9n requerir\u00e1 la actualizaci\u00f3n oportuna, Jinchun Metal puede satisfacer las necesidades personalizadas.<\/p><p><strong>3.Ofrecemos el precio m\u00e1s bajo por la misma calidad.<\/strong><\/p><p>Muchos proveedores de polvo met\u00e1lico carecen de la capacidad necesaria para producir peque\u00f1as cantidades para fines de I+D. Con nuestros exclusivos hornos de prueba, Huarui Industrial Materials est\u00e1 en condiciones de suministrar precisamente eso a empresas e instituciones que est\u00e1n probando las propiedades y la viabilidad de diversas familias de aleaciones. Adem\u00e1s, una vez cumplida la especificaci\u00f3n deseada, tambi\u00e9n estamos en condiciones de aumentar la producci\u00f3n de las aleaciones para satisfacer sus necesidades de producci\u00f3n.<\/p>\t\t\t\t\t\t<\/div>\n\t\t\t\t<\/div>\n\t\t\t\t\t<\/div>\n\t\t<\/div>\n\t\t\t\t\t\t\t<\/div>\n\t\t<\/section>\n\t\t\t\t<section class=\"elementor-section elementor-top-section elementor-element elementor-element-f03e736 elementor-section-boxed elementor-section-height-default elementor-section-height-default\" data-id=\"f03e736\" data-element_type=\"section\" data-settings=\"{&quot;background_background&quot;:&quot;classic&quot;}\">\n\t\t\t\t\t\t<div class=\"elementor-container elementor-column-gap-default\">\n\t\t\t\t\t<div class=\"elementor-column elementor-col-100 elementor-top-column elementor-element elementor-element-75ab5ef\" data-id=\"75ab5ef\" data-element_type=\"column\">\n\t\t\t<div class=\"elementor-widget-wrap elementor-element-populated\">\n\t\t\t\t\t\t\t\t<div class=\"elementor-element elementor-element-10df5b2 elementor-widget elementor-widget-heading\" data-id=\"10df5b2\" data-element_type=\"widget\" data-widget_type=\"heading.default\">\n\t\t\t\t<div class=\"elementor-widget-container\">\n\t\t\t<h2 class=\"elementor-heading-title elementor-size-default elementor-heading-title elementor-size-default elementor-align-after-center\">Exposici\u00f3n<\/h2>\t\t<\/div>\n\t\t\t\t<\/div>\n\t\t\t\t<section class=\"elementor-section elementor-inner-section elementor-element elementor-element-b33781a elementor-section-boxed elementor-section-height-default elementor-section-height-default\" data-id=\"b33781a\" data-element_type=\"section\">\n\t\t\t\t\t\t<div class=\"elementor-container elementor-column-gap-default\">\n\t\t\t\t\t<div class=\"elementor-column elementor-col-33 elementor-inner-column elementor-element elementor-element-918cae6\" data-id=\"918cae6\" data-element_type=\"column\">\n\t\t\t<div class=\"elementor-widget-wrap elementor-element-populated\">\n\t\t\t\t\t\t\t\t<div class=\"elementor-element elementor-element-566614e elementor-widget elementor-widget-image\" data-id=\"566614e\" data-element_type=\"widget\" data-widget_type=\"image.default\">\n\t\t\t\t<div class=\"elementor-widget-container\">\n\t\t\t<style>\/*! elementor - v3.15.0 - 20-08-2023 *\/\n.elementor-widget-image{text-align:center}.elementor-widget-image a{display:inline-block}.elementor-widget-image a img[src$=\".svg\"]{width:48px}.elementor-widget-image img{vertical-align:middle;display:inline-block}<\/style>\t\t\t\t\t\t\t\t\t\t\t\t<img loading=\"lazy\" decoding=\"async\" width=\"800\" height=\"600\" src=\"https:\/\/www.jinchunmetal.com\/wp-content\/uploads\/2024\/07\/2016-Hannover-Messe-in-Germany.jpg\" class=\"attachment-large size-large wp-image-3080\" alt=\"\" srcset=\"https:\/\/www.jinchunmetal.com\/wp-content\/uploads\/2024\/07\/2016-Hannover-Messe-in-Germany.jpg 1024w, https:\/\/www.jinchunmetal.com\/wp-content\/uploads\/2024\/07\/2016-Hannover-Messe-in-Germany-300x225.jpg 300w, https:\/\/www.jinchunmetal.com\/wp-content\/uploads\/2024\/07\/2016-Hannover-Messe-in-Germany-768x576.jpg 768w, https:\/\/www.jinchunmetal.com\/wp-content\/uploads\/2024\/07\/2016-Hannover-Messe-in-Germany-16x12.jpg 16w, https:\/\/www.jinchunmetal.com\/wp-content\/uploads\/2024\/07\/2016-Hannover-Messe-in-Germany-800x600.jpg 800w\" sizes=\"auto, (max-width: 800px) 100vw, 800px\" \/>\t\t\t\t\t\t\t\t\t\t\t\t\t\t\t<\/div>\n\t\t\t\t<\/div>\n\t\t\t\t<div class=\"elementor-element elementor-element-feccfd8 elementor-widget elementor-widget-heading\" data-id=\"feccfd8\" data-element_type=\"widget\" data-widget_type=\"heading.default\">\n\t\t\t\t<div class=\"elementor-widget-container\">\n\t\t\t<p class=\"elementor-heading-title elementor-size-default elementor-heading-title elementor-size-default elementor-align-after-center\">Feria de Hannover 2016 en Alemania<\/p>\t\t<\/div>\n\t\t\t\t<\/div>\n\t\t\t\t\t<\/div>\n\t\t<\/div>\n\t\t\t\t<div class=\"elementor-column elementor-col-33 elementor-inner-column elementor-element elementor-element-3e7a4ff\" data-id=\"3e7a4ff\" data-element_type=\"column\">\n\t\t\t<div class=\"elementor-widget-wrap elementor-element-populated\">\n\t\t\t\t\t\t\t\t<div class=\"elementor-element elementor-element-1fac1ce elementor-widget elementor-widget-image\" data-id=\"1fac1ce\" data-element_type=\"widget\" data-widget_type=\"image.default\">\n\t\t\t\t<div class=\"elementor-widget-container\">\n\t\t\t\t\t\t\t\t\t\t\t\t\t\t\t<img loading=\"lazy\" decoding=\"async\" width=\"800\" height=\"600\" src=\"https:\/\/www.jinchunmetal.com\/wp-content\/uploads\/2024\/07\/2017-Hannover-Messe-in-Germany.jpg\" class=\"attachment-large size-large wp-image-3081\" alt=\"\" srcset=\"https:\/\/www.jinchunmetal.com\/wp-content\/uploads\/2024\/07\/2017-Hannover-Messe-in-Germany.jpg 1024w, https:\/\/www.jinchunmetal.com\/wp-content\/uploads\/2024\/07\/2017-Hannover-Messe-in-Germany-300x225.jpg 300w, https:\/\/www.jinchunmetal.com\/wp-content\/uploads\/2024\/07\/2017-Hannover-Messe-in-Germany-768x576.jpg 768w, https:\/\/www.jinchunmetal.com\/wp-content\/uploads\/2024\/07\/2017-Hannover-Messe-in-Germany-16x12.jpg 16w, https:\/\/www.jinchunmetal.com\/wp-content\/uploads\/2024\/07\/2017-Hannover-Messe-in-Germany-800x600.jpg 800w\" sizes=\"auto, (max-width: 800px) 100vw, 800px\" \/>\t\t\t\t\t\t\t\t\t\t\t\t\t\t\t<\/div>\n\t\t\t\t<\/div>\n\t\t\t\t<div class=\"elementor-element elementor-element-a831d98 elementor-widget elementor-widget-heading\" data-id=\"a831d98\" data-element_type=\"widget\" data-widget_type=\"heading.default\">\n\t\t\t\t<div class=\"elementor-widget-container\">\n\t\t\t<p class=\"elementor-heading-title elementor-size-default elementor-heading-title elementor-size-default elementor-align-after-center\">Feria de Hannover 2017 en Alemania<\/p>\t\t<\/div>\n\t\t\t\t<\/div>\n\t\t\t\t\t<\/div>\n\t\t<\/div>\n\t\t\t\t<div class=\"elementor-column elementor-col-33 elementor-inner-column elementor-element elementor-element-b379192\" data-id=\"b379192\" data-element_type=\"column\">\n\t\t\t<div class=\"elementor-widget-wrap elementor-element-populated\">\n\t\t\t\t\t\t\t\t<div class=\"elementor-element elementor-element-e15dba9 elementor-widget elementor-widget-image\" data-id=\"e15dba9\" data-element_type=\"widget\" data-widget_type=\"image.default\">\n\t\t\t\t<div class=\"elementor-widget-container\">\n\t\t\t\t\t\t\t\t\t\t\t\t\t\t\t<img loading=\"lazy\" decoding=\"async\" width=\"800\" height=\"533\" src=\"https:\/\/www.jinchunmetal.com\/wp-content\/uploads\/2024\/07\/2019-Essen-Exhibition-in-Shanghai-1024x682.jpg\" class=\"attachment-large size-large wp-image-3082\" alt=\"\" srcset=\"https:\/\/www.jinchunmetal.com\/wp-content\/uploads\/2024\/07\/2019-Essen-Exhibition-in-Shanghai-1024x682.jpg 1024w, https:\/\/www.jinchunmetal.com\/wp-content\/uploads\/2024\/07\/2019-Essen-Exhibition-in-Shanghai-300x200.jpg 300w, https:\/\/www.jinchunmetal.com\/wp-content\/uploads\/2024\/07\/2019-Essen-Exhibition-in-Shanghai-768x512.jpg 768w, https:\/\/www.jinchunmetal.com\/wp-content\/uploads\/2024\/07\/2019-Essen-Exhibition-in-Shanghai-18x12.jpg 18w, https:\/\/www.jinchunmetal.com\/wp-content\/uploads\/2024\/07\/2019-Essen-Exhibition-in-Shanghai-800x533.jpg 800w, https:\/\/www.jinchunmetal.com\/wp-content\/uploads\/2024\/07\/2019-Essen-Exhibition-in-Shanghai.jpg 1280w\" sizes=\"auto, (max-width: 800px) 100vw, 800px\" \/>\t\t\t\t\t\t\t\t\t\t\t\t\t\t\t<\/div>\n\t\t\t\t<\/div>\n\t\t\t\t<div class=\"elementor-element elementor-element-1f16366 elementor-widget elementor-widget-heading\" data-id=\"1f16366\" data-element_type=\"widget\" data-widget_type=\"heading.default\">\n\t\t\t\t<div class=\"elementor-widget-container\">\n\t\t\t<p class=\"elementor-heading-title elementor-size-default elementor-heading-title elementor-size-default elementor-align-after-center\">Exposici\u00f3n de Essen 2019 en Shangh\u00e1i<\/p>\t\t<\/div>\n\t\t\t\t<\/div>\n\t\t\t\t\t<\/div>\n\t\t<\/div>\n\t\t\t\t\t\t\t<\/div>\n\t\t<\/section>\n\t\t\t\t\t<\/div>\n\t\t<\/div>\n\t\t\t\t\t\t\t<\/div>\n\t\t<\/section>\n\t\t\t\t<section class=\"elementor-section elementor-top-section elementor-element elementor-element-da839a8 elementor-section-boxed elementor-section-height-default elementor-section-height-default\" data-id=\"da839a8\" data-element_type=\"section\">\n\t\t\t\t\t\t<div class=\"elementor-container elementor-column-gap-default\">\n\t\t\t\t\t<div class=\"elementor-column elementor-col-100 elementor-top-column elementor-element elementor-element-797da0f\" data-id=\"797da0f\" data-element_type=\"column\">\n\t\t\t<div class=\"elementor-widget-wrap elementor-element-populated\">\n\t\t\t\t\t\t\t\t<div class=\"elementor-element elementor-element-6d5159b elementor-widget elementor-widget-heading\" data-id=\"6d5159b\" data-element_type=\"widget\" data-widget_type=\"heading.default\">\n\t\t\t\t<div class=\"elementor-widget-container\">\n\t\t\t<h2 class=\"elementor-heading-title elementor-size-default elementor-heading-title elementor-size-default elementor-align-after-center\">Opiniones reales de\nclientes<\/h2>\t\t<\/div>\n\t\t\t\t<\/div>\n\t\t\t\t<div class=\"elementor-element elementor-element-22eb8ea elementor-arrows-position-inside elementor-widget elementor-widget-image-carousel\" data-id=\"22eb8ea\" data-element_type=\"widget\" data-settings=\"{&quot;slides_to_show&quot;:&quot;1&quot;,&quot;navigation&quot;:&quot;arrows&quot;,&quot;autoplay_speed&quot;:3000,&quot;autoplay&quot;:&quot;yes&quot;,&quot;pause_on_hover&quot;:&quot;yes&quot;,&quot;pause_on_interaction&quot;:&quot;yes&quot;,&quot;infinite&quot;:&quot;yes&quot;,&quot;effect&quot;:&quot;slide&quot;,&quot;speed&quot;:500}\" data-widget_type=\"image-carousel.default\">\n\t\t\t\t<div class=\"elementor-widget-container\">\n\t\t\t<style>\/*! elementor - v3.15.0 - 20-08-2023 *\/\n.elementor-widget-image-carousel .swiper,.elementor-widget-image-carousel .swiper-container{position:static}.elementor-widget-image-carousel .swiper-container .swiper-slide figure,.elementor-widget-image-carousel .swiper .swiper-slide figure{line-height:inherit}.elementor-widget-image-carousel .swiper-slide{text-align:center}.elementor-image-carousel-wrapper:not(.swiper-container-initialized):not(.swiper-initialized) .swiper-slide{max-width:calc(100% \/ var(--e-image-carousel-slides-to-show, 3))}<\/style>\t\t<div class=\"elementor-image-carousel-wrapper swiper-container\" dir=\"ltr\">\n\t\t\t<div class=\"elementor-image-carousel swiper-wrapper\" aria-live=\"off\">\n\t\t\t\t\t\t\t\t<div class=\"swiper-slide\" role=\"group\" aria-roledescription=\"slide\" aria-label=\"1 de 5\"><figure class=\"swiper-slide-inner\"><img decoding=\"async\" class=\"swiper-slide-image\" src=\"https:\/\/www.jinchunmetal.com\/wp-content\/uploads\/2024\/07\/1.png\" alt=\"1\" \/><\/figure><\/div><div class=\"swiper-slide\" role=\"group\" aria-roledescription=\"slide\" aria-label=\"2 de 5\"><figure class=\"swiper-slide-inner\"><img decoding=\"async\" class=\"swiper-slide-image\" src=\"https:\/\/www.jinchunmetal.com\/wp-content\/uploads\/2024\/07\/2.png\" alt=\"2\" \/><\/figure><\/div><div class=\"swiper-slide\" role=\"group\" aria-roledescription=\"slide\" aria-label=\"3 de 5\"><figure class=\"swiper-slide-inner\"><img decoding=\"async\" class=\"swiper-slide-image\" src=\"https:\/\/www.jinchunmetal.com\/wp-content\/uploads\/2024\/07\/3.png\" alt=\"3\" \/><\/figure><\/div><div class=\"swiper-slide\" role=\"group\" aria-roledescription=\"slide\" aria-label=\"4 de 5\"><figure class=\"swiper-slide-inner\"><img decoding=\"async\" class=\"swiper-slide-image\" src=\"https:\/\/www.jinchunmetal.com\/wp-content\/uploads\/2024\/07\/4.png\" alt=\"4\" \/><\/figure><\/div><div class=\"swiper-slide\" role=\"group\" aria-roledescription=\"slide\" aria-label=\"5 de 5\"><figure class=\"swiper-slide-inner\"><img decoding=\"async\" class=\"swiper-slide-image\" src=\"https:\/\/www.jinchunmetal.com\/wp-content\/uploads\/2024\/07\/5.png\" alt=\"5\" \/><\/figure><\/div>\t\t\t<\/div>\n\t\t\t\t\t\t\t\t\t\t\t\t<div class=\"elementor-swiper-button elementor-swiper-button-prev\" role=\"button\" tabindex=\"0\">\n\t\t\t\t\t\t<i aria-hidden=\"true\" class=\"eicon-chevron-left\"><\/i>\t\t\t\t\t<\/div>\n\t\t\t\t\t<div class=\"elementor-swiper-button elementor-swiper-button-next\" role=\"button\" tabindex=\"0\">\n\t\t\t\t\t\t<i aria-hidden=\"true\" class=\"eicon-chevron-right\"><\/i>\t\t\t\t\t<\/div>\n\t\t\t\t\n\t\t\t\t\t\t\t\t\t<\/div>\n\t\t\t\t<\/div>\n\t\t\t\t<\/div>\n\t\t\t\t\t<\/div>\n\t\t<\/div>\n\t\t\t\t\t\t\t<\/div>\n\t\t<\/section>\n\t\t\t\t\t\t\t<\/div>","protected":false},"excerpt":{"rendered":"<p>Why Choose Us 1.Production Capacity \/ Resource integration capability We jinchun Metal is equipped with atomization equipment, Plasma spheroidization, Crushing, Ball Milling, Magnetic separation,Iron removal, Airflow grinding, Prealloy metal, Reduction etc., and have acquired 6 equipment patents till 2024, offer a complete line of powder materials for different industries application. At the same time, we [&hellip;]<\/p>","protected":false},"author":1,"featured_media":0,"parent":346,"menu_order":0,"comment_status":"closed","ping_status":"closed","template":"elementor_header_footer","meta":{"_acf_changed":false,"footnotes":""},"class_list":["post-2790","page","type-page","status-publish","hentry"],"acf":[],"yoast_head":"<!-- This site is optimized with the Yoast SEO plugin v23.2 - https:\/\/yoast.com\/wordpress\/plugins\/seo\/ -->\n<title>Why Choose Us - Jinchun<\/title>\n<meta name=\"description\" content=\"We can supply Consummate Production Capacity \/ Resource integration capability and High quality Product customization capability, with lowest price for the same quality.\" \/>\n<meta name=\"robots\" content=\"index, follow, max-snippet:-1, max-image-preview:large, max-video-preview:-1\" \/>\n<link rel=\"canonical\" href=\"https:\/\/www.jinchunmetal.com\/es\/about-us\/why-choose-us\/\" \/>\n<meta property=\"og:locale\" content=\"es_ES\" \/>\n<meta property=\"og:type\" content=\"article\" \/>\n<meta property=\"og:title\" content=\"Why Choose Us - Jinchun\" \/>\n<meta property=\"og:description\" content=\"We can supply Consummate Production Capacity \/ Resource integration capability and High quality Product customization capability, with lowest price for the same quality.\" \/>\n<meta property=\"og:url\" content=\"https:\/\/www.jinchunmetal.com\/es\/about-us\/why-choose-us\/\" \/>\n<meta property=\"og:site_name\" content=\"Chengdu Jinchun Metallic Materials Co.,Ltd.\" \/>\n<meta property=\"article:modified_time\" content=\"2024-08-19T03:26:42+00:00\" \/>\n<meta property=\"og:image\" content=\"http:\/\/www.jinchunmetal.com\/wp-content\/uploads\/2024\/07\/2016-Hannover-Messe-in-Germany.jpg\" \/>\n<meta name=\"twitter:card\" content=\"summary_large_image\" \/>\n<meta name=\"twitter:label1\" content=\"Tiempo de lectura\" \/>\n\t<meta name=\"twitter:data1\" content=\"3 minutos\" \/>\n<script type=\"application\/ld+json\" class=\"yoast-schema-graph\">{\"@context\":\"https:\/\/schema.org\",\"@graph\":[{\"@type\":\"WebPage\",\"@id\":\"https:\/\/www.jinchunmetal.com\/about-us\/why-choose-us\/\",\"url\":\"https:\/\/www.jinchunmetal.com\/about-us\/why-choose-us\/\",\"name\":\"Why Choose Us - Jinchun\",\"isPartOf\":{\"@id\":\"https:\/\/www.jinchunmetal.com\/#website\"},\"primaryImageOfPage\":{\"@id\":\"https:\/\/www.jinchunmetal.com\/about-us\/why-choose-us\/#primaryimage\"},\"image\":{\"@id\":\"https:\/\/www.jinchunmetal.com\/about-us\/why-choose-us\/#primaryimage\"},\"thumbnailUrl\":\"http:\/\/www.jinchunmetal.com\/wp-content\/uploads\/2024\/07\/2016-Hannover-Messe-in-Germany.jpg\",\"datePublished\":\"2024-07-16T06:07:17+00:00\",\"dateModified\":\"2024-08-19T03:26:42+00:00\",\"description\":\"We can supply Consummate Production Capacity \/ Resource integration capability and High quality Product customization capability, with lowest price for the same quality.\",\"breadcrumb\":{\"@id\":\"https:\/\/www.jinchunmetal.com\/about-us\/why-choose-us\/#breadcrumb\"},\"inLanguage\":\"es\",\"potentialAction\":[{\"@type\":\"ReadAction\",\"target\":[\"https:\/\/www.jinchunmetal.com\/about-us\/why-choose-us\/\"]}]},{\"@type\":\"ImageObject\",\"inLanguage\":\"es\",\"@id\":\"https:\/\/www.jinchunmetal.com\/about-us\/why-choose-us\/#primaryimage\",\"url\":\"http:\/\/www.jinchunmetal.com\/wp-content\/uploads\/2024\/07\/2016-Hannover-Messe-in-Germany.jpg\",\"contentUrl\":\"http:\/\/www.jinchunmetal.com\/wp-content\/uploads\/2024\/07\/2016-Hannover-Messe-in-Germany.jpg\"},{\"@type\":\"BreadcrumbList\",\"@id\":\"https:\/\/www.jinchunmetal.com\/about-us\/why-choose-us\/#breadcrumb\",\"itemListElement\":[{\"@type\":\"ListItem\",\"position\":1,\"name\":\"\u9996\u9875\",\"item\":\"https:\/\/www.jinchunmetal.com\/\"},{\"@type\":\"ListItem\",\"position\":2,\"name\":\"About Us\",\"item\":\"https:\/\/www.jinchunmetal.com\/about-us\/\"},{\"@type\":\"ListItem\",\"position\":3,\"name\":\"Why Choose Us\"}]},{\"@type\":\"WebSite\",\"@id\":\"https:\/\/www.jinchunmetal.com\/#website\",\"url\":\"https:\/\/www.jinchunmetal.com\/\",\"name\":\"Chengdu Jinchun Metallic Materials Co.,Ltd.\",\"description\":\"Jinchun Metal\",\"potentialAction\":[{\"@type\":\"SearchAction\",\"target\":{\"@type\":\"EntryPoint\",\"urlTemplate\":\"https:\/\/www.jinchunmetal.com\/?s={search_term_string}\"},\"query-input\":\"required name=search_term_string\"}],\"inLanguage\":\"es\"}]}<\/script>\n<!-- \/ Yoast SEO plugin. -->","yoast_head_json":{"title":"Why Choose Us - Jinchun","description":"We can supply Consummate Production Capacity \/ Resource integration capability and High quality Product customization capability, with lowest price for the same quality.","robots":{"index":"index","follow":"follow","max-snippet":"max-snippet:-1","max-image-preview":"max-image-preview:large","max-video-preview":"max-video-preview:-1"},"canonical":"https:\/\/www.jinchunmetal.com\/es\/about-us\/why-choose-us\/","og_locale":"es_ES","og_type":"article","og_title":"Why Choose Us - Jinchun","og_description":"We can supply Consummate Production Capacity \/ Resource integration capability and High quality Product customization capability, with lowest price for the same quality.","og_url":"https:\/\/www.jinchunmetal.com\/es\/about-us\/why-choose-us\/","og_site_name":"Chengdu Jinchun Metallic Materials Co.,Ltd.","article_modified_time":"2024-08-19T03:26:42+00:00","og_image":[{"url":"http:\/\/www.jinchunmetal.com\/wp-content\/uploads\/2024\/07\/2016-Hannover-Messe-in-Germany.jpg"}],"twitter_card":"summary_large_image","twitter_misc":{"Tiempo de lectura":"3 minutos"},"schema":{"@context":"https:\/\/schema.org","@graph":[{"@type":"WebPage","@id":"https:\/\/www.jinchunmetal.com\/about-us\/why-choose-us\/","url":"https:\/\/www.jinchunmetal.com\/about-us\/why-choose-us\/","name":"Why Choose Us - Jinchun","isPartOf":{"@id":"https:\/\/www.jinchunmetal.com\/#website"},"primaryImageOfPage":{"@id":"https:\/\/www.jinchunmetal.com\/about-us\/why-choose-us\/#primaryimage"},"image":{"@id":"https:\/\/www.jinchunmetal.com\/about-us\/why-choose-us\/#primaryimage"},"thumbnailUrl":"http:\/\/www.jinchunmetal.com\/wp-content\/uploads\/2024\/07\/2016-Hannover-Messe-in-Germany.jpg","datePublished":"2024-07-16T06:07:17+00:00","dateModified":"2024-08-19T03:26:42+00:00","description":"We can supply Consummate Production Capacity \/ Resource integration capability and High quality Product customization capability, with lowest price for the same quality.","breadcrumb":{"@id":"https:\/\/www.jinchunmetal.com\/about-us\/why-choose-us\/#breadcrumb"},"inLanguage":"es","potentialAction":[{"@type":"ReadAction","target":["https:\/\/www.jinchunmetal.com\/about-us\/why-choose-us\/"]}]},{"@type":"ImageObject","inLanguage":"es","@id":"https:\/\/www.jinchunmetal.com\/about-us\/why-choose-us\/#primaryimage","url":"http:\/\/www.jinchunmetal.com\/wp-content\/uploads\/2024\/07\/2016-Hannover-Messe-in-Germany.jpg","contentUrl":"http:\/\/www.jinchunmetal.com\/wp-content\/uploads\/2024\/07\/2016-Hannover-Messe-in-Germany.jpg"},{"@type":"BreadcrumbList","@id":"https:\/\/www.jinchunmetal.com\/about-us\/why-choose-us\/#breadcrumb","itemListElement":[{"@type":"ListItem","position":1,"name":"\u9996\u9875","item":"https:\/\/www.jinchunmetal.com\/"},{"@type":"ListItem","position":2,"name":"About Us","item":"https:\/\/www.jinchunmetal.com\/about-us\/"},{"@type":"ListItem","position":3,"name":"Why Choose Us"}]},{"@type":"WebSite","@id":"https:\/\/www.jinchunmetal.com\/#website","url":"https:\/\/www.jinchunmetal.com\/","name":"Chengdu Jinchun Metallic Materials Co.,Ltd.","description":"Jinchun Metal","potentialAction":[{"@type":"SearchAction","target":{"@type":"EntryPoint","urlTemplate":"https:\/\/www.jinchunmetal.com\/?s={search_term_string}"},"query-input":"required name=search_term_string"}],"inLanguage":"es"}]}},"_links":{"self":[{"href":"https:\/\/www.jinchunmetal.com\/es\/wp-json\/wp\/v2\/pages\/2790","targetHints":{"allow":["GET"]}}],"collection":[{"href":"https:\/\/www.jinchunmetal.com\/es\/wp-json\/wp\/v2\/pages"}],"about":[{"href":"https:\/\/www.jinchunmetal.com\/es\/wp-json\/wp\/v2\/types\/page"}],"author":[{"embeddable":true,"href":"https:\/\/www.jinchunmetal.com\/es\/wp-json\/wp\/v2\/users\/1"}],"replies":[{"embeddable":true,"href":"https:\/\/www.jinchunmetal.com\/es\/wp-json\/wp\/v2\/comments?post=2790"}],"version-history":[{"count":23,"href":"https:\/\/www.jinchunmetal.com\/es\/wp-json\/wp\/v2\/pages\/2790\/revisions"}],"predecessor-version":[{"id":3838,"href":"https:\/\/www.jinchunmetal.com\/es\/wp-json\/wp\/v2\/pages\/2790\/revisions\/3838"}],"up":[{"embeddable":true,"href":"https:\/\/www.jinchunmetal.com\/es\/wp-json\/wp\/v2\/pages\/346"}],"wp:attachment":[{"href":"https:\/\/www.jinchunmetal.com\/es\/wp-json\/wp\/v2\/media?parent=2790"}],"curies":[{"name":"wp","href":"https:\/\/api.w.org\/{rel}","templated":true}]}}