{"id":3706,"date":"2024-08-12T11:02:25","date_gmt":"2024-08-12T03:02:25","guid":{"rendered":"http:\/\/www.jinchunmetal.com\/?post_type=product&#038;p=3706"},"modified":"2025-05-28T13:57:40","modified_gmt":"2025-05-28T05:57:40","slug":"welding-consumables-metal-materials-antimony-metal-powder","status":"publish","type":"product","link":"https:\/\/www.jinchunmetal.com\/es\/producto\/welding-consumables-metal-materials-antimony-metal-powder\/","title":{"rendered":"Consumibles de soldadura Materiales met\u00e1licos Antimonio met\u00e1lico en polvo"},"content":{"rendered":"<p><strong>Car\u00e1cter del producto<\/strong><\/p>\n<div data-slate-node=\"element\">99,5% polvo de antimonio, con el tama\u00f1o de malla 60-300 , un aditivo en la fabricaci\u00f3n de consumibles, para mejorar la resistencia de la soldadura.<\/div>\n<p>&nbsp;<\/p>\n<p><strong>2.Especificaci\u00f3n<\/strong><\/p>\n<p><strong>\u00a0Antimonio met\u00e1lico en polvo<\/strong><\/p>\n<table style=\"border-collapse: collapse; width: 229px; height: 54px;\" border=\"0\" width=\"816\" cellspacing=\"0\" cellpadding=\"0\">\n<tbody>\n<tr style=\"height: 14.25pt;\">\n<td class=\"et4\" style=\"height: 14.25pt; width: 612.00pt;\" colspan=\"18\" width=\"816\" height=\"19\">\n<table style=\"border-collapse: collapse; width: 428px; height: 81px;\" border=\"0\" width=\"227\" cellspacing=\"0\" cellpadding=\"0\">\n<tbody>\n<tr style=\"height: 17.25pt;\">\n<td class=\"et4\" style=\"height: 34.50pt; width: 58.50pt;\" rowspan=\"2\" width=\"78\" height=\"46\">Antimonio met\u00e1lico en polvo<\/td>\n<td class=\"et5\" style=\"width: 75.00pt;\" width=\"100\">Elemento<\/td>\n<td class=\"et5\" style=\"width: 36.75pt;\" width=\"49\">Sb<\/td>\n<\/tr>\n<tr style=\"height: 17.25pt;\">\n<td class=\"et5\">Resultado\uff08%\uff09<\/td>\n<td class=\"et5\">\u226599.5<\/td>\n<\/tr>\n<\/tbody>\n<\/table>\n<\/td>\n<\/tr>\n<\/tbody>\n<\/table>\n<p>&nbsp;<\/p>\n<p><strong>3.Aplicaci\u00f3n<\/strong><\/p>\n<ul>\n<li data-slate-node=\"element\">\u00a0Antimonio met\u00e1lico en polvo: como aditivo en consumibles de soldadura y otros materiales. El antimonio se a\u00f1ade como aditivo a la soldadura de esta\u00f1o y plomo, principalmente para mejorar la resistencia de la soldadura. Este efecto se consigue aumentando la dureza y resistencia de la soldadura, asegurando la firmeza y fiabilidad de la pieza soldada. Concretamente, la cantidad de antimonio a\u00f1adido aumenta con la disminuci\u00f3n del contenido de esta\u00f1o y el aumento del contenido de plomo.<\/li>\n<\/ul>\n<div data-slate-node=\"element\">\n<p>&nbsp;<\/p>\n<p><strong>4.Embalaje<\/strong><\/p>\n<p>Barril de 50 kg.<\/p>\n<\/div>","protected":false},"excerpt":{"rendered":"<p>Car\u00e1cter del producto\uff1a<\/p>\n<div data-slate-node=\"element\">99,5% polvo de antimonio, con el tama\u00f1o de malla 60-300 , un aditivo en la fabricaci\u00f3n de consumibles, para mejorar la resistencia de la soldadura.<\/div>\n<p>&nbsp;<\/p>\n<table>\n<tbody>\n<tr>\n<td>Marca<\/td>\n<td>Jinchun<\/td>\n<\/tr>\n<tr>\n<td>Origen<\/td>\n<td>China<\/td>\n<\/tr>\n<tr>\n<td>Nombre<\/td>\n<td>Antimonio met\u00e1lico en polvo<\/td>\n<\/tr>\n<tr>\n<td>Aplicaci\u00f3n<\/td>\n<td>Aditivo en consumibles de soldadura y otros materiales.<\/td>\n<\/tr>\n<tr>\n<td>Forma<\/td>\n<td>Polvo<\/td>\n<\/tr>\n<tr>\n<td>Color<\/td>\n<td>Metal negro<\/td>\n<\/tr>\n<tr>\n<td>Talla<\/td>\n<td>60 mallas, 100 mallas, 200 mallas, 300 mallas<\/td>\n<\/tr>\n<tr>\n<td>Est\u00e1ndar<\/td>\n<td>GB\/T 19001-2016\/ISO9001: 2015<\/td>\n<\/tr>\n<tr>\n<td>Pureza<\/td>\n<td>Sb:99,5%<\/td>\n<\/tr>\n<tr>\n<td>Material<\/td>\n<td>Antimonio met\u00e1lico en polvo<\/td>\n<\/tr>\n<tr>\n<td>Embalaje<\/td>\n<td>Bidones de acero<\/td>\n<\/tr>\n<\/tbody>\n<\/table>","protected":false},"featured_media":3664,"comment_status":"open","ping_status":"closed","template":"","meta":{"_acf_changed":false},"product_brand":[],"product_cat":[15],"product_tag":[],"class_list":{"0":"post-3706","1":"product","2":"type-product","3":"status-publish","4":"has-post-thumbnail","6":"product_cat-welding-consumables-metal-materials","8":"first","9":"instock","10":"shipping-taxable","11":"product-type-simple"},"acf":[],"yoast_head":"<!-- This site is optimized with the Yoast SEO plugin v23.2 - https:\/\/yoast.com\/wordpress\/plugins\/seo\/ -->\n<title>Welding Consumables Metal Materials Antimony Metal Powder - Jinchun %<\/title>\n<meta name=\"description\" content=\"We are a Metal Materials manufacturer in China With rich experience in Welding Consumables Metal Materials Antimony Metal Powder , with Competitive price and top quality.\" \/>\n<meta name=\"robots\" content=\"index, follow, max-snippet:-1, max-image-preview:large, max-video-preview:-1\" \/>\n<link rel=\"canonical\" href=\"https:\/\/www.jinchunmetal.com\/es\/producto\/welding-consumables-metal-materials-antimony-metal-powder\/\" \/>\n<meta property=\"og:locale\" content=\"es_ES\" \/>\n<meta property=\"og:type\" content=\"article\" \/>\n<meta property=\"og:title\" content=\"Welding Consumables Metal Materials Antimony Metal Powder - Jinchun %\" \/>\n<meta property=\"og:description\" content=\"We are a Metal Materials manufacturer in China With rich experience in Welding Consumables Metal Materials Antimony Metal Powder , with Competitive price and top quality.\" \/>\n<meta property=\"og:url\" content=\"https:\/\/www.jinchunmetal.com\/es\/producto\/welding-consumables-metal-materials-antimony-metal-powder\/\" \/>\n<meta property=\"og:site_name\" content=\"Chengdu Jinchun Metallic Materials Co.,Ltd.\" \/>\n<meta property=\"article:modified_time\" content=\"2025-05-28T05:57:40+00:00\" \/>\n<meta property=\"og:image\" content=\"https:\/\/www.jinchunmetal.com\/wp-content\/uploads\/2024\/08\/\u52a0\u62ff\u5927\u94cc\u94c1200\u76ee-3.jpg\" \/>\n\t<meta property=\"og:image:width\" content=\"999\" \/>\n\t<meta property=\"og:image:height\" content=\"999\" \/>\n\t<meta property=\"og:image:type\" content=\"image\/jpeg\" \/>\n<meta name=\"twitter:card\" content=\"summary_large_image\" \/>\n<meta name=\"twitter:label1\" content=\"Tiempo de lectura\" \/>\n\t<meta name=\"twitter:data1\" content=\"1 minuto\" \/>\n<script type=\"application\/ld+json\" class=\"yoast-schema-graph\">{\"@context\":\"https:\/\/schema.org\",\"@graph\":[{\"@type\":\"WebPage\",\"@id\":\"https:\/\/www.jinchunmetal.com\/product\/welding-consumables-metal-materials-antimony-metal-powder\/\",\"url\":\"https:\/\/www.jinchunmetal.com\/product\/welding-consumables-metal-materials-antimony-metal-powder\/\",\"name\":\"Welding Consumables Metal Materials Antimony Metal Powder - Jinchun %\",\"isPartOf\":{\"@id\":\"https:\/\/www.jinchunmetal.com\/#website\"},\"primaryImageOfPage\":{\"@id\":\"https:\/\/www.jinchunmetal.com\/product\/welding-consumables-metal-materials-antimony-metal-powder\/#primaryimage\"},\"image\":{\"@id\":\"https:\/\/www.jinchunmetal.com\/product\/welding-consumables-metal-materials-antimony-metal-powder\/#primaryimage\"},\"thumbnailUrl\":\"https:\/\/www.jinchunmetal.com\/wp-content\/uploads\/2024\/08\/\u52a0\u62ff\u5927\u94cc\u94c1200\u76ee-3.jpg\",\"datePublished\":\"2024-08-12T03:02:25+00:00\",\"dateModified\":\"2025-05-28T05:57:40+00:00\",\"description\":\"We are a Metal Materials manufacturer in China With rich experience in Welding Consumables Metal Materials Antimony Metal Powder , with Competitive price and top quality.\",\"breadcrumb\":{\"@id\":\"https:\/\/www.jinchunmetal.com\/product\/welding-consumables-metal-materials-antimony-metal-powder\/#breadcrumb\"},\"inLanguage\":\"es\",\"potentialAction\":[{\"@type\":\"ReadAction\",\"target\":[\"https:\/\/www.jinchunmetal.com\/product\/welding-consumables-metal-materials-antimony-metal-powder\/\"]}]},{\"@type\":\"ImageObject\",\"inLanguage\":\"es\",\"@id\":\"https:\/\/www.jinchunmetal.com\/product\/welding-consumables-metal-materials-antimony-metal-powder\/#primaryimage\",\"url\":\"https:\/\/www.jinchunmetal.com\/wp-content\/uploads\/2024\/08\/\u52a0\u62ff\u5927\u94cc\u94c1200\u76ee-3.jpg\",\"contentUrl\":\"https:\/\/www.jinchunmetal.com\/wp-content\/uploads\/2024\/08\/\u52a0\u62ff\u5927\u94cc\u94c1200\u76ee-3.jpg\",\"width\":999,\"height\":999},{\"@type\":\"BreadcrumbList\",\"@id\":\"https:\/\/www.jinchunmetal.com\/product\/welding-consumables-metal-materials-antimony-metal-powder\/#breadcrumb\",\"itemListElement\":[{\"@type\":\"ListItem\",\"position\":1,\"name\":\"\u9996\u9875\",\"item\":\"https:\/\/www.jinchunmetal.com\/\"},{\"@type\":\"ListItem\",\"position\":2,\"name\":\"Products\",\"item\":\"https:\/\/www.jinchunmetal.com\/fr_fr\/products\/\"},{\"@type\":\"ListItem\",\"position\":3,\"name\":\"Welding Consumables Metal Materials Antimony Metal Powder\"}]},{\"@type\":\"WebSite\",\"@id\":\"https:\/\/www.jinchunmetal.com\/#website\",\"url\":\"https:\/\/www.jinchunmetal.com\/\",\"name\":\"Chengdu Jinchun Metallic Materials Co.,Ltd.\",\"description\":\"Jinchun Metal\",\"potentialAction\":[{\"@type\":\"SearchAction\",\"target\":{\"@type\":\"EntryPoint\",\"urlTemplate\":\"https:\/\/www.jinchunmetal.com\/?s={search_term_string}\"},\"query-input\":\"required name=search_term_string\"}],\"inLanguage\":\"es\"}]}<\/script>\n<!-- \/ Yoast SEO plugin. -->","yoast_head_json":{"title":"Welding Consumables Metal Materials Antimony Metal Powder - Jinchun %","description":"We are a Metal Materials manufacturer in China With rich experience in Welding Consumables Metal Materials Antimony Metal Powder , with Competitive price and top quality.","robots":{"index":"index","follow":"follow","max-snippet":"max-snippet:-1","max-image-preview":"max-image-preview:large","max-video-preview":"max-video-preview:-1"},"canonical":"https:\/\/www.jinchunmetal.com\/es\/producto\/welding-consumables-metal-materials-antimony-metal-powder\/","og_locale":"es_ES","og_type":"article","og_title":"Welding Consumables Metal Materials Antimony Metal Powder - Jinchun %","og_description":"We are a Metal Materials manufacturer in China With rich experience in Welding Consumables Metal Materials Antimony Metal Powder , with Competitive price and top quality.","og_url":"https:\/\/www.jinchunmetal.com\/es\/producto\/welding-consumables-metal-materials-antimony-metal-powder\/","og_site_name":"Chengdu Jinchun Metallic Materials Co.,Ltd.","article_modified_time":"2025-05-28T05:57:40+00:00","og_image":[{"width":999,"height":999,"url":"https:\/\/www.jinchunmetal.com\/wp-content\/uploads\/2024\/08\/\u52a0\u62ff\u5927\u94cc\u94c1200\u76ee-3.jpg","type":"image\/jpeg"}],"twitter_card":"summary_large_image","twitter_misc":{"Tiempo de lectura":"1 minuto"},"schema":{"@context":"https:\/\/schema.org","@graph":[{"@type":"WebPage","@id":"https:\/\/www.jinchunmetal.com\/product\/welding-consumables-metal-materials-antimony-metal-powder\/","url":"https:\/\/www.jinchunmetal.com\/product\/welding-consumables-metal-materials-antimony-metal-powder\/","name":"Welding Consumables Metal Materials Antimony Metal Powder - Jinchun %","isPartOf":{"@id":"https:\/\/www.jinchunmetal.com\/#website"},"primaryImageOfPage":{"@id":"https:\/\/www.jinchunmetal.com\/product\/welding-consumables-metal-materials-antimony-metal-powder\/#primaryimage"},"image":{"@id":"https:\/\/www.jinchunmetal.com\/product\/welding-consumables-metal-materials-antimony-metal-powder\/#primaryimage"},"thumbnailUrl":"https:\/\/www.jinchunmetal.com\/wp-content\/uploads\/2024\/08\/\u52a0\u62ff\u5927\u94cc\u94c1200\u76ee-3.jpg","datePublished":"2024-08-12T03:02:25+00:00","dateModified":"2025-05-28T05:57:40+00:00","description":"We are a Metal Materials manufacturer in China With rich experience in Welding Consumables Metal Materials Antimony Metal Powder , with Competitive price and top quality.","breadcrumb":{"@id":"https:\/\/www.jinchunmetal.com\/product\/welding-consumables-metal-materials-antimony-metal-powder\/#breadcrumb"},"inLanguage":"es","potentialAction":[{"@type":"ReadAction","target":["https:\/\/www.jinchunmetal.com\/product\/welding-consumables-metal-materials-antimony-metal-powder\/"]}]},{"@type":"ImageObject","inLanguage":"es","@id":"https:\/\/www.jinchunmetal.com\/product\/welding-consumables-metal-materials-antimony-metal-powder\/#primaryimage","url":"https:\/\/www.jinchunmetal.com\/wp-content\/uploads\/2024\/08\/\u52a0\u62ff\u5927\u94cc\u94c1200\u76ee-3.jpg","contentUrl":"https:\/\/www.jinchunmetal.com\/wp-content\/uploads\/2024\/08\/\u52a0\u62ff\u5927\u94cc\u94c1200\u76ee-3.jpg","width":999,"height":999},{"@type":"BreadcrumbList","@id":"https:\/\/www.jinchunmetal.com\/product\/welding-consumables-metal-materials-antimony-metal-powder\/#breadcrumb","itemListElement":[{"@type":"ListItem","position":1,"name":"\u9996\u9875","item":"https:\/\/www.jinchunmetal.com\/"},{"@type":"ListItem","position":2,"name":"Products","item":"https:\/\/www.jinchunmetal.com\/fr_fr\/products\/"},{"@type":"ListItem","position":3,"name":"Welding Consumables Metal Materials Antimony Metal Powder"}]},{"@type":"WebSite","@id":"https:\/\/www.jinchunmetal.com\/#website","url":"https:\/\/www.jinchunmetal.com\/","name":"Chengdu Jinchun Metallic Materials Co.,Ltd.","description":"Jinchun Metal","potentialAction":[{"@type":"SearchAction","target":{"@type":"EntryPoint","urlTemplate":"https:\/\/www.jinchunmetal.com\/?s={search_term_string}"},"query-input":"required name=search_term_string"}],"inLanguage":"es"}]}},"_links":{"self":[{"href":"https:\/\/www.jinchunmetal.com\/es\/wp-json\/wp\/v2\/product\/3706","targetHints":{"allow":["GET"]}}],"collection":[{"href":"https:\/\/www.jinchunmetal.com\/es\/wp-json\/wp\/v2\/product"}],"about":[{"href":"https:\/\/www.jinchunmetal.com\/es\/wp-json\/wp\/v2\/types\/product"}],"replies":[{"embeddable":true,"href":"https:\/\/www.jinchunmetal.com\/es\/wp-json\/wp\/v2\/comments?post=3706"}],"wp:featuredmedia":[{"embeddable":true,"href":"https:\/\/www.jinchunmetal.com\/es\/wp-json\/wp\/v2\/media\/3664"}],"wp:attachment":[{"href":"https:\/\/www.jinchunmetal.com\/es\/wp-json\/wp\/v2\/media?parent=3706"}],"wp:term":[{"taxonomy":"product_brand","embeddable":true,"href":"https:\/\/www.jinchunmetal.com\/es\/wp-json\/wp\/v2\/product_brand?post=3706"},{"taxonomy":"product_cat","embeddable":true,"href":"https:\/\/www.jinchunmetal.com\/es\/wp-json\/wp\/v2\/product_cat?post=3706"},{"taxonomy":"product_tag","embeddable":true,"href":"https:\/\/www.jinchunmetal.com\/es\/wp-json\/wp\/v2\/product_tag?post=3706"}],"curies":[{"name":"wp","href":"https:\/\/api.w.org\/{rel}","templated":true}]}}