{"id":4001,"date":"2024-08-22T09:47:00","date_gmt":"2024-08-22T01:47:00","guid":{"rendered":"https:\/\/www.jinchunmetal.com\/?post_type=product&#038;p=4001"},"modified":"2025-05-29T15:18:19","modified_gmt":"2025-05-29T07:18:19","slug":"welding-consumables-metal-powder-rare-earth-ferrosiliconmagnesium-alloy-195118","status":"publish","type":"product","link":"https:\/\/www.jinchunmetal.com\/es\/producto\/welding-consumables-metal-powder-rare-earth-ferrosiliconmagnesium-alloy-195118\/","title":{"rendered":"Consumibles de soldadura Polvo met\u00e1lico Aleaci\u00f3n de ferrosilicio y magnesio de tierras raras 195118"},"content":{"rendered":"<p><strong>Car\u00e1cter del producto<\/strong><\/p>\n<p>El polvo de aleaci\u00f3n de ferrosilicio y magnesio con tierras raras es una aleaci\u00f3n fabricada fundiendo y mezclando elementos como ferrosilicio, calcio, magnesio y tierras raras. Tiene buenas propiedades esferoidizantes y puede desoxidar y desulfurar eficazmente.<\/p>\n<p>&nbsp;<\/p>\n<p><strong>2.Especificaci\u00f3n<\/strong><\/p>\n<p>Polvo de aleaci\u00f3n de ferrosilicio y magnesio de tierras raras<\/p>\n<table width=\"905\">\n<tbody>\n<tr>\n<td width=\"238\">Nombre\/ Tipo<\/td>\n<td width=\"117\">Elemento<\/td>\n<td width=\"82\">RE<\/td>\n<td width=\"72\">Si<\/td>\n<td width=\"54\">Ti<\/td>\n<td width=\"67\">Ca<\/td>\n<td width=\"58\">Mn<\/td>\n<td width=\"64\">Ce\/Re<\/td>\n<td width=\"57\">Mg<\/td>\n<td width=\"49\">MgO<\/td>\n<td width=\"47\">Fe<\/td>\n<\/tr>\n<tr>\n<td rowspan=\"2\" width=\"238\">Aleaci\u00f3n de ferrosilicio y magnesio con tierras raras 195118<\/td>\n<td>Est\u00e1ndar\uff08%\uff09<\/td>\n<td>17.0~20.0<\/td>\n<td>\u226445.0<\/td>\n<td>\u22641.0<\/td>\n<td>1.0~3.0<\/td>\n<td>\u22642.0<\/td>\n<td>\u226546<\/td>\n<td>7.0~10.0<\/td>\n<td>\u22641.2<\/td>\n<td>Bal.<\/td>\n<\/tr>\n<tr>\n<td>Resultado\uff08%\uff09<\/td>\n<td width=\"82\">20.0<\/td>\n<td width=\"72\">42<\/td>\n<td width=\"54\">0.22<\/td>\n<td width=\"67\">2.2<\/td>\n<td width=\"58\">&#8211;<\/td>\n<td width=\"64\">86.34<\/td>\n<td>7.5<\/td>\n<td>0.8<\/td>\n<td>Bal.<\/td>\n<\/tr>\n<\/tbody>\n<\/table>\n<p><strong>3.Fotos de materias primas y producci\u00f3n<\/strong><\/p>\n<p>Im\u00e1genes de materias primas\uff1a<\/p>\n<p><img loading=\"lazy\" decoding=\"async\" class=\"alignnone wp-image-4003\" src=\"https:\/\/www.jinchunmetal.com\/wp-content\/uploads\/2024\/08\/RARE-EARTH-MgSi-300x176.png\" alt=\"\" width=\"389\" height=\"228\" srcset=\"https:\/\/www.jinchunmetal.com\/wp-content\/uploads\/2024\/08\/RARE-EARTH-MgSi-300x176.png 300w, https:\/\/www.jinchunmetal.com\/wp-content\/uploads\/2024\/08\/RARE-EARTH-MgSi-768x452.png 768w, https:\/\/www.jinchunmetal.com\/wp-content\/uploads\/2024\/08\/RARE-EARTH-MgSi-18x12.png 18w, https:\/\/www.jinchunmetal.com\/wp-content\/uploads\/2024\/08\/RARE-EARTH-MgSi-800x470.png 800w, https:\/\/www.jinchunmetal.com\/wp-content\/uploads\/2024\/08\/RARE-EARTH-MgSi.png 1024w\" sizes=\"auto, (max-width: 389px) 100vw, 389px\" \/><\/p>\n<p>Fotos de la producci\u00f3n:<br \/>\n<img loading=\"lazy\" decoding=\"async\" class=\"alignnone wp-image-3226\" src=\"http:\/\/www.jinchunmetal.com\/wp-content\/uploads\/2024\/07\/\u8bbe\u59073-300x221.jpg\" alt=\"\" width=\"342\" height=\"252\" srcset=\"https:\/\/www.jinchunmetal.com\/wp-content\/uploads\/2024\/07\/\u8bbe\u59073-300x221.jpg 300w, https:\/\/www.jinchunmetal.com\/wp-content\/uploads\/2024\/07\/\u8bbe\u59073-16x12.jpg 16w, https:\/\/www.jinchunmetal.com\/wp-content\/uploads\/2024\/07\/\u8bbe\u59073.jpg 443w\" sizes=\"auto, (max-width: 342px) 100vw, 342px\" \/><img loading=\"lazy\" decoding=\"async\" class=\"alignnone wp-image-3225\" src=\"http:\/\/www.jinchunmetal.com\/wp-content\/uploads\/2024\/07\/\u8bbe\u59072-300x221.jpg\" alt=\"\" width=\"337\" height=\"249\" srcset=\"https:\/\/www.jinchunmetal.com\/wp-content\/uploads\/2024\/07\/\u8bbe\u59072-300x221.jpg 300w, https:\/\/www.jinchunmetal.com\/wp-content\/uploads\/2024\/07\/\u8bbe\u59072-16x12.jpg 16w, https:\/\/www.jinchunmetal.com\/wp-content\/uploads\/2024\/07\/\u8bbe\u59072.jpg 443w\" sizes=\"auto, (max-width: 337px) 100vw, 337px\" \/><\/p>\n<p><img loading=\"lazy\" decoding=\"async\" class=\"wp-image-3671 alignleft\" src=\"https:\/\/www.jinchunmetal.com\/wp-content\/uploads\/2024\/08\/water-atomization-3-300x225.jpg\" alt=\"\" width=\"369\" height=\"277\" srcset=\"https:\/\/www.jinchunmetal.com\/wp-content\/uploads\/2024\/08\/water-atomization-3-300x225.jpg 300w, https:\/\/www.jinchunmetal.com\/wp-content\/uploads\/2024\/08\/water-atomization-3-768x576.jpg 768w, https:\/\/www.jinchunmetal.com\/wp-content\/uploads\/2024\/08\/water-atomization-3-16x12.jpg 16w, https:\/\/www.jinchunmetal.com\/wp-content\/uploads\/2024\/08\/water-atomization-3.jpg 800w\" sizes=\"auto, (max-width: 369px) 100vw, 369px\" \/><\/p>\n<p><img loading=\"lazy\" decoding=\"async\" class=\"size-medium wp-image-3574 alignnone\" src=\"https:\/\/www.jinchunmetal.com\/wp-content\/uploads\/2024\/08\/water-atomization-2-300x279.jpg\" alt=\"\" width=\"300\" height=\"279\" srcset=\"https:\/\/www.jinchunmetal.com\/wp-content\/uploads\/2024\/08\/water-atomization-2-300x279.jpg 300w, https:\/\/www.jinchunmetal.com\/wp-content\/uploads\/2024\/08\/water-atomization-2-1024x951.jpg 1024w, https:\/\/www.jinchunmetal.com\/wp-content\/uploads\/2024\/08\/water-atomization-2-768x713.jpg 768w, https:\/\/www.jinchunmetal.com\/wp-content\/uploads\/2024\/08\/water-atomization-2-1536x1426.jpg 1536w, https:\/\/www.jinchunmetal.com\/wp-content\/uploads\/2024\/08\/water-atomization-2-2048x1902.jpg 2048w, https:\/\/www.jinchunmetal.com\/wp-content\/uploads\/2024\/08\/water-atomization-2-13x12.jpg 13w, https:\/\/www.jinchunmetal.com\/wp-content\/uploads\/2024\/08\/water-atomization-2-800x743.jpg 800w\" sizes=\"auto, (max-width: 300px) 100vw, 300px\" \/><img loading=\"lazy\" decoding=\"async\" class=\"alignnone wp-image-3978\" src=\"https:\/\/www.jinchunmetal.com\/wp-content\/uploads\/2024\/08\/Vacuum-smelting-furnace-300x169.jpeg\" alt=\"\" width=\"499\" height=\"281\" srcset=\"https:\/\/www.jinchunmetal.com\/wp-content\/uploads\/2024\/08\/Vacuum-smelting-furnace-300x169.jpeg 300w, https:\/\/www.jinchunmetal.com\/wp-content\/uploads\/2024\/08\/Vacuum-smelting-furnace-1024x575.jpeg 1024w, https:\/\/www.jinchunmetal.com\/wp-content\/uploads\/2024\/08\/Vacuum-smelting-furnace-768x432.jpeg 768w, https:\/\/www.jinchunmetal.com\/wp-content\/uploads\/2024\/08\/Vacuum-smelting-furnace-1536x863.jpeg 1536w, https:\/\/www.jinchunmetal.com\/wp-content\/uploads\/2024\/08\/Vacuum-smelting-furnace-18x10.jpeg 18w, https:\/\/www.jinchunmetal.com\/wp-content\/uploads\/2024\/08\/Vacuum-smelting-furnace-800x450.jpeg 800w, https:\/\/www.jinchunmetal.com\/wp-content\/uploads\/2024\/08\/Vacuum-smelting-furnace.jpeg 2000w\" sizes=\"auto, (max-width: 499px) 100vw, 499px\" \/><\/p>\n<p>&nbsp;<\/p>\n<p><strong>4.Aplicaci\u00f3n<\/strong><\/p>\n<ul>\n<li><strong>Industria metal\u00fargica y de fundici\u00f3n:<\/strong> En la producci\u00f3n de fundici\u00f3n d\u00factil, se a\u00f1ade una aleaci\u00f3n de ferrosilicio-magnesio de tierras raras como agente esferoidizante para transformar el grafito en escamas en grafito esf\u00e9rico, lo que mejora notablemente la resistencia de la fundici\u00f3n.<\/li>\n<li><strong>\u00c1mbito aeroespacial:<\/strong> Debido a su excelente resistencia a la corrosi\u00f3n, su gran solidez y su resistencia a las altas temperaturas, la aleaci\u00f3n de ferrosilicio y magnesio con tierras raras se utiliza para fabricar motores y componentes estructurales de aeronaves en el \u00e1mbito aeroespacial.<\/li>\n<li><strong>Industria del autom\u00f3vil:<\/strong> En la industria del autom\u00f3vil, la aleaci\u00f3n de ferrosilicio y magnesio se utiliza para fabricar muelles de v\u00e1lvulas, abrazaderas de v\u00e1lvulas, culatas, cig\u00fce\u00f1ales y otros componentes, que pueden reducir considerablemente el peso de los autom\u00f3viles y mejorar la potencia.<\/li>\n<li><strong>Otras aplicaciones:<\/strong> La producci\u00f3n de la aleaci\u00f3n de ferrosilicio-magnesio de tierras raras se lleva a cabo en un horno de arco sumergido, y tambi\u00e9n puede producirse utilizando un horno de media frecuencia. Sus propiedades f\u00edsicas son de color negro gris\u00e1ceo y tienen un buen efecto de esferoidizaci\u00f3n, que afecta directamente a la esferoidizaci\u00f3n del grafito.<\/li>\n<\/ul>\n<p><img loading=\"lazy\" decoding=\"async\" class=\"alignnone wp-image-3223\" src=\"http:\/\/www.jinchunmetal.com\/wp-content\/uploads\/2024\/07\/\u8010\u78e8\u710a\u6761-300x300.jpeg\" alt=\"\" width=\"228\" height=\"228\" srcset=\"https:\/\/www.jinchunmetal.com\/wp-content\/uploads\/2024\/07\/\u8010\u78e8\u710a\u6761-300x300.jpeg 300w, https:\/\/www.jinchunmetal.com\/wp-content\/uploads\/2024\/07\/\u8010\u78e8\u710a\u6761-1024x1024.jpeg 1024w, https:\/\/www.jinchunmetal.com\/wp-content\/uploads\/2024\/07\/\u8010\u78e8\u710a\u6761-150x150.jpeg 150w, https:\/\/www.jinchunmetal.com\/wp-content\/uploads\/2024\/07\/\u8010\u78e8\u710a\u6761-768x768.jpeg 768w, https:\/\/www.jinchunmetal.com\/wp-content\/uploads\/2024\/07\/\u8010\u78e8\u710a\u6761-1536x1536.jpeg 1536w, https:\/\/www.jinchunmetal.com\/wp-content\/uploads\/2024\/07\/\u8010\u78e8\u710a\u6761-2048x2048.jpeg 2048w, https:\/\/www.jinchunmetal.com\/wp-content\/uploads\/2024\/07\/\u8010\u78e8\u710a\u6761-12x12.jpeg 12w, https:\/\/www.jinchunmetal.com\/wp-content\/uploads\/2024\/07\/\u8010\u78e8\u710a\u6761-75x75.jpeg 75w, https:\/\/www.jinchunmetal.com\/wp-content\/uploads\/2024\/07\/\u8010\u78e8\u710a\u6761-800x800.jpeg 800w, https:\/\/www.jinchunmetal.com\/wp-content\/uploads\/2024\/07\/\u8010\u78e8\u710a\u6761-100x100.jpeg 100w\" sizes=\"auto, (max-width: 228px) 100vw, 228px\" \/><img loading=\"lazy\" decoding=\"async\" class=\"alignnone wp-image-3991\" src=\"https:\/\/www.jinchunmetal.com\/wp-content\/uploads\/2024\/08\/Cast-iron-300x300.jpeg\" alt=\"\" width=\"250\" height=\"250\" srcset=\"https:\/\/www.jinchunmetal.com\/wp-content\/uploads\/2024\/08\/Cast-iron-300x300.jpeg 300w, https:\/\/www.jinchunmetal.com\/wp-content\/uploads\/2024\/08\/Cast-iron-1024x1024.jpeg 1024w, https:\/\/www.jinchunmetal.com\/wp-content\/uploads\/2024\/08\/Cast-iron-150x150.jpeg 150w, https:\/\/www.jinchunmetal.com\/wp-content\/uploads\/2024\/08\/Cast-iron-768x768.jpeg 768w, https:\/\/www.jinchunmetal.com\/wp-content\/uploads\/2024\/08\/Cast-iron-12x12.jpeg 12w, https:\/\/www.jinchunmetal.com\/wp-content\/uploads\/2024\/08\/Cast-iron-75x75.jpeg 75w, https:\/\/www.jinchunmetal.com\/wp-content\/uploads\/2024\/08\/Cast-iron-800x800.jpeg 800w, https:\/\/www.jinchunmetal.com\/wp-content\/uploads\/2024\/08\/Cast-iron-100x100.jpeg 100w, https:\/\/www.jinchunmetal.com\/wp-content\/uploads\/2024\/08\/Cast-iron.jpeg 1080w\" sizes=\"auto, (max-width: 250px) 100vw, 250px\" \/><img loading=\"lazy\" decoding=\"async\" class=\"alignnone wp-image-4004\" src=\"https:\/\/www.jinchunmetal.com\/wp-content\/uploads\/2024\/08\/valve-springs-300x200.jpeg\" alt=\"\" width=\"373\" height=\"248\" srcset=\"https:\/\/www.jinchunmetal.com\/wp-content\/uploads\/2024\/08\/valve-springs-300x200.jpeg 300w, https:\/\/www.jinchunmetal.com\/wp-content\/uploads\/2024\/08\/valve-springs-1024x682.jpeg 1024w, https:\/\/www.jinchunmetal.com\/wp-content\/uploads\/2024\/08\/valve-springs-768x511.jpeg 768w, https:\/\/www.jinchunmetal.com\/wp-content\/uploads\/2024\/08\/valve-springs-18x12.jpeg 18w, https:\/\/www.jinchunmetal.com\/wp-content\/uploads\/2024\/08\/valve-springs-800x533.jpeg 800w, https:\/\/www.jinchunmetal.com\/wp-content\/uploads\/2024\/08\/valve-springs.jpeg 1520w\" sizes=\"auto, (max-width: 373px) 100vw, 373px\" \/><img loading=\"lazy\" decoding=\"async\" class=\"alignnone wp-image-4005\" src=\"https:\/\/www.jinchunmetal.com\/wp-content\/uploads\/2024\/08\/engines-300x212.jpeg\" alt=\"\" width=\"343\" height=\"243\" srcset=\"https:\/\/www.jinchunmetal.com\/wp-content\/uploads\/2024\/08\/engines-300x212.jpeg 300w, https:\/\/www.jinchunmetal.com\/wp-content\/uploads\/2024\/08\/engines-1024x723.jpeg 1024w, https:\/\/www.jinchunmetal.com\/wp-content\/uploads\/2024\/08\/engines-768x542.jpeg 768w, https:\/\/www.jinchunmetal.com\/wp-content\/uploads\/2024\/08\/engines-1536x1085.jpeg 1536w, https:\/\/www.jinchunmetal.com\/wp-content\/uploads\/2024\/08\/engines-2048x1446.jpeg 2048w, https:\/\/www.jinchunmetal.com\/wp-content\/uploads\/2024\/08\/engines-18x12.jpeg 18w, https:\/\/www.jinchunmetal.com\/wp-content\/uploads\/2024\/08\/engines-800x565.jpeg 800w\" sizes=\"auto, (max-width: 343px) 100vw, 343px\" \/><\/p>","protected":false},"excerpt":{"rendered":"<p>Car\u00e1cter del producto\uff1a<\/p>\n<p>El polvo de aleaci\u00f3n de ferrosilicio y magnesio con tierras raras es una aleaci\u00f3n fabricada fundiendo y mezclando elementos como ferrosilicio, calcio, magnesio y tierras raras. Tiene buenas propiedades esferoidizantes y puede desoxidar y desulfurar eficazmente.<\/p>\n<table>\n<tbody>\n<tr>\n<td>Marca<\/td>\n<td>Jinchun<\/td>\n<\/tr>\n<tr>\n<td>Origen<\/td>\n<td>China<\/td>\n<\/tr>\n<tr>\n<td>Nombre del producto<\/td>\n<td>Polvo de aleaci\u00f3n de ferrosilicio y magnesio de tierras raras<\/td>\n<\/tr>\n<tr>\n<td>Aplicaci\u00f3n<\/td>\n<td>Varillas de soldadura, aditivos, industria qu\u00edmica, siderurgia, automoci\u00f3n, <strong>\u00a0<\/strong>hierro fundido, etc.<\/td>\n<\/tr>\n<tr>\n<td>Forma<\/td>\n<td>Polvo<\/td>\n<\/tr>\n<tr>\n<td>Color<\/td>\n<td>Metal negro gris<\/td>\n<\/tr>\n<tr>\n<td>Talla<\/td>\n<td>\u00a0Malla 60, malla 100, malla 200, malla 325, etc.<\/td>\n<\/tr>\n<tr>\n<td>Est\u00e1ndar<\/td>\n<td>GB\/T 19001-2016\/ISO9001: 2015<\/td>\n<\/tr>\n<tr>\n<td>Pureza<\/td>\n<td>Ce\/Re: 86,34%, Si:42%, Mg: 7,5%, RE:20%<\/td>\n<\/tr>\n<tr>\n<td>Materias primas<\/td>\n<td>Masa de ferrosilicio-magnesio de tierras raras<\/td>\n<\/tr>\n<tr>\n<td>Embalaje<\/td>\n<td>Sacos de una tonelada o bidones de acero<\/td>\n<\/tr>\n<\/tbody>\n<\/table>","protected":false},"featured_media":3874,"comment_status":"open","ping_status":"closed","template":"","meta":{"_acf_changed":false},"product_brand":[],"product_cat":[15],"product_tag":[],"class_list":{"0":"post-4001","1":"product","2":"type-product","3":"status-publish","4":"has-post-thumbnail","6":"product_cat-welding-consumables-metal-materials","8":"first","9":"instock","10":"shipping-taxable","11":"product-type-simple"},"acf":[],"yoast_head":"<!-- This site is optimized with the Yoast SEO plugin v23.2 - https:\/\/yoast.com\/wordpress\/plugins\/seo\/ -->\n<title>Welding Consumables Metal Powder Rare earth ferrosiliconmagnesium alloy 195118 - Jinchun %<\/title>\n<meta name=\"description\" content=\"We are a Metal Materials manufacturer in China With rich experience in Welding Consumables Metal Powder Rare earth ferrosiliconmagnesium alloy 195118 , with Competitive price and top quality.\" \/>\n<meta name=\"robots\" content=\"index, follow, max-snippet:-1, max-image-preview:large, max-video-preview:-1\" \/>\n<link rel=\"canonical\" href=\"https:\/\/www.jinchunmetal.com\/es\/producto\/welding-consumables-metal-powder-rare-earth-ferrosiliconmagnesium-alloy-195118\/\" \/>\n<meta property=\"og:locale\" content=\"es_ES\" \/>\n<meta property=\"og:type\" content=\"article\" \/>\n<meta property=\"og:title\" content=\"Welding Consumables Metal Powder Rare earth ferrosiliconmagnesium alloy 195118 - Jinchun %\" \/>\n<meta property=\"og:description\" content=\"We are a Metal Materials manufacturer in China With rich experience in Welding Consumables Metal Powder Rare earth ferrosiliconmagnesium alloy 195118 , with Competitive price and top quality.\" \/>\n<meta property=\"og:url\" content=\"https:\/\/www.jinchunmetal.com\/es\/producto\/welding-consumables-metal-powder-rare-earth-ferrosiliconmagnesium-alloy-195118\/\" \/>\n<meta property=\"og:site_name\" content=\"Chengdu Jinchun Metallic Materials Co.,Ltd.\" \/>\n<meta property=\"article:modified_time\" content=\"2025-05-29T07:18:19+00:00\" \/>\n<meta property=\"og:image\" content=\"https:\/\/www.jinchunmetal.com\/wp-content\/uploads\/2024\/08\/\u78b3\u5316\u94ecLOGO\u56fe1.jpg\" \/>\n\t<meta property=\"og:image:width\" content=\"800\" \/>\n\t<meta property=\"og:image:height\" content=\"800\" \/>\n\t<meta property=\"og:image:type\" content=\"image\/jpeg\" \/>\n<meta name=\"twitter:card\" content=\"summary_large_image\" \/>\n<meta name=\"twitter:label1\" content=\"Tiempo de lectura\" \/>\n\t<meta name=\"twitter:data1\" content=\"4 minutos\" \/>\n<script type=\"application\/ld+json\" class=\"yoast-schema-graph\">{\"@context\":\"https:\/\/schema.org\",\"@graph\":[{\"@type\":\"WebPage\",\"@id\":\"https:\/\/www.jinchunmetal.com\/product\/welding-consumables-metal-powder-rare-earth-ferrosiliconmagnesium-alloy-195118\/\",\"url\":\"https:\/\/www.jinchunmetal.com\/product\/welding-consumables-metal-powder-rare-earth-ferrosiliconmagnesium-alloy-195118\/\",\"name\":\"Welding Consumables Metal Powder Rare earth ferrosiliconmagnesium alloy 195118 - Jinchun %\",\"isPartOf\":{\"@id\":\"https:\/\/www.jinchunmetal.com\/#website\"},\"primaryImageOfPage\":{\"@id\":\"https:\/\/www.jinchunmetal.com\/product\/welding-consumables-metal-powder-rare-earth-ferrosiliconmagnesium-alloy-195118\/#primaryimage\"},\"image\":{\"@id\":\"https:\/\/www.jinchunmetal.com\/product\/welding-consumables-metal-powder-rare-earth-ferrosiliconmagnesium-alloy-195118\/#primaryimage\"},\"thumbnailUrl\":\"https:\/\/www.jinchunmetal.com\/wp-content\/uploads\/2024\/08\/\u78b3\u5316\u94ecLOGO\u56fe1.jpg\",\"datePublished\":\"2024-08-22T01:47:00+00:00\",\"dateModified\":\"2025-05-29T07:18:19+00:00\",\"description\":\"We are a Metal Materials manufacturer in China With rich experience in Welding Consumables Metal Powder Rare earth ferrosiliconmagnesium alloy 195118 , with Competitive price and top quality.\",\"breadcrumb\":{\"@id\":\"https:\/\/www.jinchunmetal.com\/product\/welding-consumables-metal-powder-rare-earth-ferrosiliconmagnesium-alloy-195118\/#breadcrumb\"},\"inLanguage\":\"es\",\"potentialAction\":[{\"@type\":\"ReadAction\",\"target\":[\"https:\/\/www.jinchunmetal.com\/product\/welding-consumables-metal-powder-rare-earth-ferrosiliconmagnesium-alloy-195118\/\"]}]},{\"@type\":\"ImageObject\",\"inLanguage\":\"es\",\"@id\":\"https:\/\/www.jinchunmetal.com\/product\/welding-consumables-metal-powder-rare-earth-ferrosiliconmagnesium-alloy-195118\/#primaryimage\",\"url\":\"https:\/\/www.jinchunmetal.com\/wp-content\/uploads\/2024\/08\/\u78b3\u5316\u94ecLOGO\u56fe1.jpg\",\"contentUrl\":\"https:\/\/www.jinchunmetal.com\/wp-content\/uploads\/2024\/08\/\u78b3\u5316\u94ecLOGO\u56fe1.jpg\",\"width\":800,\"height\":800},{\"@type\":\"BreadcrumbList\",\"@id\":\"https:\/\/www.jinchunmetal.com\/product\/welding-consumables-metal-powder-rare-earth-ferrosiliconmagnesium-alloy-195118\/#breadcrumb\",\"itemListElement\":[{\"@type\":\"ListItem\",\"position\":1,\"name\":\"\u9996\u9875\",\"item\":\"https:\/\/www.jinchunmetal.com\/\"},{\"@type\":\"ListItem\",\"position\":2,\"name\":\"Products\",\"item\":\"https:\/\/www.jinchunmetal.com\/fr_fr\/products\/\"},{\"@type\":\"ListItem\",\"position\":3,\"name\":\"Welding Consumables Metal Powder Rare earth ferrosiliconmagnesium alloy 195118\"}]},{\"@type\":\"WebSite\",\"@id\":\"https:\/\/www.jinchunmetal.com\/#website\",\"url\":\"https:\/\/www.jinchunmetal.com\/\",\"name\":\"Chengdu Jinchun Metallic Materials Co.,Ltd.\",\"description\":\"Jinchun Metal\",\"potentialAction\":[{\"@type\":\"SearchAction\",\"target\":{\"@type\":\"EntryPoint\",\"urlTemplate\":\"https:\/\/www.jinchunmetal.com\/?s={search_term_string}\"},\"query-input\":\"required name=search_term_string\"}],\"inLanguage\":\"es\"}]}<\/script>\n<!-- \/ Yoast SEO plugin. -->","yoast_head_json":{"title":"Welding Consumables Metal Powder Rare earth ferrosiliconmagnesium alloy 195118 - Jinchun %","description":"We are a Metal Materials manufacturer in China With rich experience in Welding Consumables Metal Powder Rare earth ferrosiliconmagnesium alloy 195118 , with Competitive price and top quality.","robots":{"index":"index","follow":"follow","max-snippet":"max-snippet:-1","max-image-preview":"max-image-preview:large","max-video-preview":"max-video-preview:-1"},"canonical":"https:\/\/www.jinchunmetal.com\/es\/producto\/welding-consumables-metal-powder-rare-earth-ferrosiliconmagnesium-alloy-195118\/","og_locale":"es_ES","og_type":"article","og_title":"Welding Consumables Metal Powder Rare earth ferrosiliconmagnesium alloy 195118 - Jinchun %","og_description":"We are a Metal Materials manufacturer in China With rich experience in Welding Consumables Metal Powder Rare earth ferrosiliconmagnesium alloy 195118 , with Competitive price and top quality.","og_url":"https:\/\/www.jinchunmetal.com\/es\/producto\/welding-consumables-metal-powder-rare-earth-ferrosiliconmagnesium-alloy-195118\/","og_site_name":"Chengdu Jinchun Metallic Materials Co.,Ltd.","article_modified_time":"2025-05-29T07:18:19+00:00","og_image":[{"width":800,"height":800,"url":"https:\/\/www.jinchunmetal.com\/wp-content\/uploads\/2024\/08\/\u78b3\u5316\u94ecLOGO\u56fe1.jpg","type":"image\/jpeg"}],"twitter_card":"summary_large_image","twitter_misc":{"Tiempo de lectura":"4 minutos"},"schema":{"@context":"https:\/\/schema.org","@graph":[{"@type":"WebPage","@id":"https:\/\/www.jinchunmetal.com\/product\/welding-consumables-metal-powder-rare-earth-ferrosiliconmagnesium-alloy-195118\/","url":"https:\/\/www.jinchunmetal.com\/product\/welding-consumables-metal-powder-rare-earth-ferrosiliconmagnesium-alloy-195118\/","name":"Welding Consumables Metal Powder Rare earth ferrosiliconmagnesium alloy 195118 - Jinchun %","isPartOf":{"@id":"https:\/\/www.jinchunmetal.com\/#website"},"primaryImageOfPage":{"@id":"https:\/\/www.jinchunmetal.com\/product\/welding-consumables-metal-powder-rare-earth-ferrosiliconmagnesium-alloy-195118\/#primaryimage"},"image":{"@id":"https:\/\/www.jinchunmetal.com\/product\/welding-consumables-metal-powder-rare-earth-ferrosiliconmagnesium-alloy-195118\/#primaryimage"},"thumbnailUrl":"https:\/\/www.jinchunmetal.com\/wp-content\/uploads\/2024\/08\/\u78b3\u5316\u94ecLOGO\u56fe1.jpg","datePublished":"2024-08-22T01:47:00+00:00","dateModified":"2025-05-29T07:18:19+00:00","description":"We are a Metal Materials manufacturer in China With rich experience in Welding Consumables Metal Powder Rare earth ferrosiliconmagnesium alloy 195118 , with Competitive price and top quality.","breadcrumb":{"@id":"https:\/\/www.jinchunmetal.com\/product\/welding-consumables-metal-powder-rare-earth-ferrosiliconmagnesium-alloy-195118\/#breadcrumb"},"inLanguage":"es","potentialAction":[{"@type":"ReadAction","target":["https:\/\/www.jinchunmetal.com\/product\/welding-consumables-metal-powder-rare-earth-ferrosiliconmagnesium-alloy-195118\/"]}]},{"@type":"ImageObject","inLanguage":"es","@id":"https:\/\/www.jinchunmetal.com\/product\/welding-consumables-metal-powder-rare-earth-ferrosiliconmagnesium-alloy-195118\/#primaryimage","url":"https:\/\/www.jinchunmetal.com\/wp-content\/uploads\/2024\/08\/\u78b3\u5316\u94ecLOGO\u56fe1.jpg","contentUrl":"https:\/\/www.jinchunmetal.com\/wp-content\/uploads\/2024\/08\/\u78b3\u5316\u94ecLOGO\u56fe1.jpg","width":800,"height":800},{"@type":"BreadcrumbList","@id":"https:\/\/www.jinchunmetal.com\/product\/welding-consumables-metal-powder-rare-earth-ferrosiliconmagnesium-alloy-195118\/#breadcrumb","itemListElement":[{"@type":"ListItem","position":1,"name":"\u9996\u9875","item":"https:\/\/www.jinchunmetal.com\/"},{"@type":"ListItem","position":2,"name":"Products","item":"https:\/\/www.jinchunmetal.com\/fr_fr\/products\/"},{"@type":"ListItem","position":3,"name":"Welding Consumables Metal Powder Rare earth ferrosiliconmagnesium alloy 195118"}]},{"@type":"WebSite","@id":"https:\/\/www.jinchunmetal.com\/#website","url":"https:\/\/www.jinchunmetal.com\/","name":"Chengdu Jinchun Metallic Materials Co.,Ltd.","description":"Jinchun Metal","potentialAction":[{"@type":"SearchAction","target":{"@type":"EntryPoint","urlTemplate":"https:\/\/www.jinchunmetal.com\/?s={search_term_string}"},"query-input":"required name=search_term_string"}],"inLanguage":"es"}]}},"_links":{"self":[{"href":"https:\/\/www.jinchunmetal.com\/es\/wp-json\/wp\/v2\/product\/4001","targetHints":{"allow":["GET"]}}],"collection":[{"href":"https:\/\/www.jinchunmetal.com\/es\/wp-json\/wp\/v2\/product"}],"about":[{"href":"https:\/\/www.jinchunmetal.com\/es\/wp-json\/wp\/v2\/types\/product"}],"replies":[{"embeddable":true,"href":"https:\/\/www.jinchunmetal.com\/es\/wp-json\/wp\/v2\/comments?post=4001"}],"wp:featuredmedia":[{"embeddable":true,"href":"https:\/\/www.jinchunmetal.com\/es\/wp-json\/wp\/v2\/media\/3874"}],"wp:attachment":[{"href":"https:\/\/www.jinchunmetal.com\/es\/wp-json\/wp\/v2\/media?parent=4001"}],"wp:term":[{"taxonomy":"product_brand","embeddable":true,"href":"https:\/\/www.jinchunmetal.com\/es\/wp-json\/wp\/v2\/product_brand?post=4001"},{"taxonomy":"product_cat","embeddable":true,"href":"https:\/\/www.jinchunmetal.com\/es\/wp-json\/wp\/v2\/product_cat?post=4001"},{"taxonomy":"product_tag","embeddable":true,"href":"https:\/\/www.jinchunmetal.com\/es\/wp-json\/wp\/v2\/product_tag?post=4001"}],"curies":[{"name":"wp","href":"https:\/\/api.w.org\/{rel}","templated":true}]}}