{"id":4181,"date":"2024-08-27T11:15:42","date_gmt":"2024-08-27T03:15:42","guid":{"rendered":"https:\/\/www.jinchunmetal.com\/?post_type=product&#038;p=4181"},"modified":"2025-05-29T11:27:27","modified_gmt":"2025-05-29T03:27:27","slug":"spherical-metal-powders-gh4169-superalloy-high-temperature-alloy-powder-%e5%a4%8d%e5%88%b6","status":"publish","type":"product","link":"https:\/\/www.jinchunmetal.com\/es\/producto\/spherical-metal-powders-gh4169-superalloy-high-temperature-alloy-powder-%e5%a4%8d%e5%88%b6\/","title":{"rendered":"Polvos met\u00e1licos esf\u00e9ricos GH4169 Polvo a base de n\u00edquel"},"content":{"rendered":"<p><strong>Car\u00e1cter del producto<\/strong><\/p>\n<p><strong>GH4169 is an aging precipitation strengthened alloy with \u03b3~Ni as the matrix, \u03b3 &#8221; phase (Ni3Nb) as the main phase, and weak strengthening phase \u03b3 &#8216;[Ni3 (Al, Ti)] with a face centered cubic structure. It has excellent high-temperature strength, oxidation resistance, corrosion resistance, fatigue resistance, and good high-temperature creep strength. It is commonly used in the manufacture of hot end structural components and is widely used in aerospace, energy, military and other fields.<\/strong><\/p>\n<p>&nbsp;<\/p>\n<p><strong>2.Especificaci\u00f3n<\/strong><\/p>\n<p><b>GH4169 powder<\/b><\/p>\n<table width=\"692\">\n<tbody>\n<tr>\n<td colspan=\"10\" width=\"692\">Composici\u00f3n qu\u00edmica (peso %)<\/td>\n<\/tr>\n<tr>\n<td width=\"84\">Elemento<\/td>\n<td>C<\/td>\n<td>Cr<\/td>\n<td>Ni<\/td>\n<td>Co<\/td>\n<td>Mo<\/td>\n<td>Al<\/td>\n<td>Ti<\/td>\n<td>Fe<\/td>\n<td>B<\/td>\n<\/tr>\n<tr>\n<td width=\"84\">Est\u00e1ndar<\/td>\n<td>\u22640.08<\/td>\n<td>17.0~21.0<\/td>\n<td>50.0~55.0<\/td>\n<td>\u22641.0<\/td>\n<td>2.8~3.3<\/td>\n<td>0.2~0.8<\/td>\n<td>0.65~1.15<\/td>\n<td>Bal.<\/td>\n<td>\u22640.006<\/td>\n<\/tr>\n<tr>\n<td width=\"84\">typical<\/td>\n<td>0.078<\/td>\n<td>18.97<\/td>\n<td>52.98<\/td>\n<td>0.005<\/td>\n<td>3<\/td>\n<td>0.65<\/td>\n<td>1.1<\/td>\n<td>Bal.<\/td>\n<td>0.005<\/td>\n<\/tr>\n<tr>\n<td width=\"84\">Elemento<\/td>\n<td>Mn<\/td>\n<td>P<\/td>\n<td>S<\/td>\n<td>Cu<\/td>\n<td>Mg<\/td>\n<td>Si<\/td>\n<td>Nb<\/td>\n<td>O<\/td>\n<td>N<\/td>\n<\/tr>\n<tr>\n<td width=\"84\">Est\u00e1ndar<\/td>\n<td>\u22640.35<\/td>\n<td>\u22640.05<\/td>\n<td>\u22640.015<\/td>\n<td>\u22640.30<\/td>\n<td>\u22640.01<\/td>\n<td>\u22640.35<\/td>\n<td>4.75~5.50<\/td>\n<td>\u22640.030<\/td>\n<td>\u22640.030<\/td>\n<\/tr>\n<tr>\n<td width=\"84\">typical<\/td>\n<td>0.33<\/td>\n<td>0.009<\/td>\n<td>0.0078<\/td>\n<td>0.0039<\/td>\n<td>0.002<\/td>\n<td>0.32<\/td>\n<td>5.02<\/td>\n<td>0.017<\/td>\n<td>0.01<\/td>\n<\/tr>\n<\/tbody>\n<\/table>\n<p>&nbsp;<\/p>\n<table width=\"597\">\n<tbody>\n<tr>\n<td width=\"72\">GH4169<\/td>\n<td colspan=\"3\" width=\"216\">15~53\u03bcm<br \/>\nDistribuci\u00f3n del tama\u00f1o de las part\u00edculas<\/td>\n<td width=\"92\">Flow Rate<br \/>\n(sec. for 50 g)<\/td>\n<td width=\"116\">Densidad aparente (g\/cm3)<\/td>\n<td width=\"101\">Densidad del grifo (g\/cm3)<\/td>\n<\/tr>\n<tr>\n<td><\/td>\n<td width=\"72\">D10<\/td>\n<td width=\"72\">D50<\/td>\n<td width=\"72\">D90<\/td>\n<td width=\"92\"><\/td>\n<td width=\"116\"><\/td>\n<td width=\"101\"><\/td>\n<\/tr>\n<tr>\n<td width=\"72\">Est\u00e1ndar<\/td>\n<td width=\"72\">15~25<\/td>\n<td width=\"72\">30~40<\/td>\n<td width=\"72\">50~60<\/td>\n<td width=\"92\">\u226425<\/td>\n<td width=\"116\">\u22654.2<\/td>\n<td width=\"101\">\u22654.9<\/td>\n<\/tr>\n<tr>\n<td width=\"72\">typical<\/td>\n<td width=\"72\">22.3\u03bcm<\/td>\n<td>34.9\u03bcm<\/td>\n<td>53.3\u03bcm<\/td>\n<td width=\"92\">17<\/td>\n<td width=\"116\">4.22<\/td>\n<td width=\"101\">4.93<\/td>\n<\/tr>\n<\/tbody>\n<\/table>\n<p>&nbsp;<\/p>\n<p><strong>3.Im\u00e1genes de la morfolog\u00eda SEM del polvo<\/strong><\/p>\n<p><img loading=\"lazy\" decoding=\"async\" class=\"alignnone size-medium wp-image-4185\" src=\"https:\/\/www.jinchunmetal.com\/wp-content\/uploads\/2024\/08\/gh4169-1-300x225.png\" alt=\"\" width=\"300\" height=\"225\" srcset=\"https:\/\/www.jinchunmetal.com\/wp-content\/uploads\/2024\/08\/gh4169-1-300x225.png 300w, https:\/\/www.jinchunmetal.com\/wp-content\/uploads\/2024\/08\/gh4169-1-768x576.png 768w, https:\/\/www.jinchunmetal.com\/wp-content\/uploads\/2024\/08\/gh4169-1-16x12.png 16w, https:\/\/www.jinchunmetal.com\/wp-content\/uploads\/2024\/08\/gh4169-1-800x600.png 800w, https:\/\/www.jinchunmetal.com\/wp-content\/uploads\/2024\/08\/gh4169-1.png 1024w\" sizes=\"auto, (max-width: 300px) 100vw, 300px\" \/> <img loading=\"lazy\" decoding=\"async\" class=\"alignnone size-medium wp-image-4186\" src=\"https:\/\/www.jinchunmetal.com\/wp-content\/uploads\/2024\/08\/GH4169-2-300x225.png\" alt=\"\" width=\"300\" height=\"225\" srcset=\"https:\/\/www.jinchunmetal.com\/wp-content\/uploads\/2024\/08\/GH4169-2-300x225.png 300w, https:\/\/www.jinchunmetal.com\/wp-content\/uploads\/2024\/08\/GH4169-2-768x576.png 768w, https:\/\/www.jinchunmetal.com\/wp-content\/uploads\/2024\/08\/GH4169-2-16x12.png 16w, https:\/\/www.jinchunmetal.com\/wp-content\/uploads\/2024\/08\/GH4169-2-800x600.png 800w, https:\/\/www.jinchunmetal.com\/wp-content\/uploads\/2024\/08\/GH4169-2.png 1024w\" sizes=\"auto, (max-width: 300px) 100vw, 300px\" \/><\/p>\n<p><strong>Im\u00e1genes de producci\u00f3n y pruebas:<\/strong><br \/>\n<img loading=\"lazy\" decoding=\"async\" class=\"alignnone wp-image-4145\" src=\"https:\/\/www.jinchunmetal.com\/wp-content\/uploads\/2024\/08\/\u5fae\u4fe1\u56fe\u7247_20240801152721-1-300x203.png\" alt=\"\" width=\"443\" height=\"300\" srcset=\"https:\/\/www.jinchunmetal.com\/wp-content\/uploads\/2024\/08\/\u5fae\u4fe1\u56fe\u7247_20240801152721-1-300x203.png 300w, https:\/\/www.jinchunmetal.com\/wp-content\/uploads\/2024\/08\/\u5fae\u4fe1\u56fe\u7247_20240801152721-1-1024x691.png 1024w, https:\/\/www.jinchunmetal.com\/wp-content\/uploads\/2024\/08\/\u5fae\u4fe1\u56fe\u7247_20240801152721-1-768x518.png 768w, https:\/\/www.jinchunmetal.com\/wp-content\/uploads\/2024\/08\/\u5fae\u4fe1\u56fe\u7247_20240801152721-1-18x12.png 18w, https:\/\/www.jinchunmetal.com\/wp-content\/uploads\/2024\/08\/\u5fae\u4fe1\u56fe\u7247_20240801152721-1-800x540.png 800w, https:\/\/www.jinchunmetal.com\/wp-content\/uploads\/2024\/08\/\u5fae\u4fe1\u56fe\u7247_20240801152721-1.png 1222w\" sizes=\"auto, (max-width: 443px) 100vw, 443px\" \/><img loading=\"lazy\" decoding=\"async\" class=\"alignnone wp-image-4146\" src=\"https:\/\/www.jinchunmetal.com\/wp-content\/uploads\/2024\/08\/\u5fae\u4fe1\u56fe\u7247_20240801152725-1-300x226.png\" alt=\"\" width=\"397\" height=\"299\" srcset=\"https:\/\/www.jinchunmetal.com\/wp-content\/uploads\/2024\/08\/\u5fae\u4fe1\u56fe\u7247_20240801152725-1-300x226.png 300w, https:\/\/www.jinchunmetal.com\/wp-content\/uploads\/2024\/08\/\u5fae\u4fe1\u56fe\u7247_20240801152725-1-1024x770.png 1024w, https:\/\/www.jinchunmetal.com\/wp-content\/uploads\/2024\/08\/\u5fae\u4fe1\u56fe\u7247_20240801152725-1-768x578.png 768w, https:\/\/www.jinchunmetal.com\/wp-content\/uploads\/2024\/08\/\u5fae\u4fe1\u56fe\u7247_20240801152725-1-16x12.png 16w, https:\/\/www.jinchunmetal.com\/wp-content\/uploads\/2024\/08\/\u5fae\u4fe1\u56fe\u7247_20240801152725-1-800x602.png 800w, https:\/\/www.jinchunmetal.com\/wp-content\/uploads\/2024\/08\/\u5fae\u4fe1\u56fe\u7247_20240801152725-1.png 1046w\" sizes=\"auto, (max-width: 397px) 100vw, 397px\" \/><img loading=\"lazy\" decoding=\"async\" class=\"alignnone size-medium wp-image-4144\" src=\"https:\/\/www.jinchunmetal.com\/wp-content\/uploads\/2024\/08\/\u5fae\u4fe1\u56fe\u7247_20240801152708-1-276x300.png\" alt=\"\" width=\"276\" height=\"300\" srcset=\"https:\/\/www.jinchunmetal.com\/wp-content\/uploads\/2024\/08\/\u5fae\u4fe1\u56fe\u7247_20240801152708-1-276x300.png 276w, https:\/\/www.jinchunmetal.com\/wp-content\/uploads\/2024\/08\/\u5fae\u4fe1\u56fe\u7247_20240801152708-1-11x12.png 11w, https:\/\/www.jinchunmetal.com\/wp-content\/uploads\/2024\/08\/\u5fae\u4fe1\u56fe\u7247_20240801152708-1.png 598w\" sizes=\"auto, (max-width: 276px) 100vw, 276px\" \/><\/p>\n<p><img loading=\"lazy\" decoding=\"async\" class=\"alignnone wp-image-4149\" src=\"https:\/\/www.jinchunmetal.com\/wp-content\/uploads\/2024\/08\/RF-plasma-spheroidization-1-300x217.png\" alt=\"\" width=\"314\" height=\"227\" srcset=\"https:\/\/www.jinchunmetal.com\/wp-content\/uploads\/2024\/08\/RF-plasma-spheroidization-1-300x217.png 300w, https:\/\/www.jinchunmetal.com\/wp-content\/uploads\/2024\/08\/RF-plasma-spheroidization-1-18x12.png 18w, https:\/\/www.jinchunmetal.com\/wp-content\/uploads\/2024\/08\/RF-plasma-spheroidization-1.png 403w\" sizes=\"auto, (max-width: 314px) 100vw, 314px\" \/><img loading=\"lazy\" decoding=\"async\" class=\"alignnone size-medium wp-image-4148\" src=\"https:\/\/www.jinchunmetal.com\/wp-content\/uploads\/2024\/08\/\u5fae\u4fe1\u56fe\u7247_20240709145011-1-300x225.jpg\" alt=\"\" width=\"300\" height=\"225\" srcset=\"https:\/\/www.jinchunmetal.com\/wp-content\/uploads\/2024\/08\/\u5fae\u4fe1\u56fe\u7247_20240709145011-1-300x225.jpg 300w, https:\/\/www.jinchunmetal.com\/wp-content\/uploads\/2024\/08\/\u5fae\u4fe1\u56fe\u7247_20240709145011-1-1024x768.jpg 1024w, https:\/\/www.jinchunmetal.com\/wp-content\/uploads\/2024\/08\/\u5fae\u4fe1\u56fe\u7247_20240709145011-1-768x576.jpg 768w, https:\/\/www.jinchunmetal.com\/wp-content\/uploads\/2024\/08\/\u5fae\u4fe1\u56fe\u7247_20240709145011-1-1536x1152.jpg 1536w, https:\/\/www.jinchunmetal.com\/wp-content\/uploads\/2024\/08\/\u5fae\u4fe1\u56fe\u7247_20240709145011-1-2048x1536.jpg 2048w, https:\/\/www.jinchunmetal.com\/wp-content\/uploads\/2024\/08\/\u5fae\u4fe1\u56fe\u7247_20240709145011-1-16x12.jpg 16w, https:\/\/www.jinchunmetal.com\/wp-content\/uploads\/2024\/08\/\u5fae\u4fe1\u56fe\u7247_20240709145011-1-800x600.jpg 800w\" sizes=\"auto, (max-width: 300px) 100vw, 300px\" \/><img loading=\"lazy\" decoding=\"async\" class=\"alignnone size-medium wp-image-4147\" src=\"https:\/\/www.jinchunmetal.com\/wp-content\/uploads\/2024\/08\/\u5fae\u4fe1\u56fe\u7247_20240801152730-1-300x226.png\" alt=\"\" width=\"300\" height=\"226\" srcset=\"https:\/\/www.jinchunmetal.com\/wp-content\/uploads\/2024\/08\/\u5fae\u4fe1\u56fe\u7247_20240801152730-1-300x226.png 300w, https:\/\/www.jinchunmetal.com\/wp-content\/uploads\/2024\/08\/\u5fae\u4fe1\u56fe\u7247_20240801152730-1-768x579.png 768w, https:\/\/www.jinchunmetal.com\/wp-content\/uploads\/2024\/08\/\u5fae\u4fe1\u56fe\u7247_20240801152730-1-16x12.png 16w, https:\/\/www.jinchunmetal.com\/wp-content\/uploads\/2024\/08\/\u5fae\u4fe1\u56fe\u7247_20240801152730-1.png 787w\" sizes=\"auto, (max-width: 300px) 100vw, 300px\" \/><\/p>\n<p>&nbsp;<\/p>\n<p><strong>4.Aplicaci\u00f3n<\/strong><\/p>\n<ul>\n<li><b><b>GH4169\u00a0 powder is commonly used in the manufacture of hot end structural components and is widely used in aerospace, energy, military and other fields.<\/b><\/b><\/li>\n<\/ul>\n<p><img loading=\"lazy\" decoding=\"async\" class=\"alignnone wp-image-3718\" src=\"https:\/\/www.jinchunmetal.com\/wp-content\/uploads\/2024\/08\/\u822a\u7a7a\u822a\u5929-300x220.jpeg\" alt=\"\" width=\"353\" height=\"259\" srcset=\"https:\/\/www.jinchunmetal.com\/wp-content\/uploads\/2024\/08\/\u822a\u7a7a\u822a\u5929-300x220.jpeg 300w, https:\/\/www.jinchunmetal.com\/wp-content\/uploads\/2024\/08\/\u822a\u7a7a\u822a\u5929-1024x752.jpeg 1024w, https:\/\/www.jinchunmetal.com\/wp-content\/uploads\/2024\/08\/\u822a\u7a7a\u822a\u5929-768x564.jpeg 768w, https:\/\/www.jinchunmetal.com\/wp-content\/uploads\/2024\/08\/\u822a\u7a7a\u822a\u5929-1536x1127.jpeg 1536w, https:\/\/www.jinchunmetal.com\/wp-content\/uploads\/2024\/08\/\u822a\u7a7a\u822a\u5929-16x12.jpeg 16w, https:\/\/www.jinchunmetal.com\/wp-content\/uploads\/2024\/08\/\u822a\u7a7a\u822a\u5929-800x587.jpeg 800w, https:\/\/www.jinchunmetal.com\/wp-content\/uploads\/2024\/08\/\u822a\u7a7a\u822a\u5929.jpeg 2000w\" sizes=\"auto, (max-width: 353px) 100vw, 353px\" \/><img loading=\"lazy\" decoding=\"async\" class=\"alignnone wp-image-4151\" src=\"https:\/\/www.jinchunmetal.com\/wp-content\/uploads\/2024\/08\/aerospace-structural-components-300x191.jpg\" alt=\"\" width=\"398\" height=\"253\" srcset=\"https:\/\/www.jinchunmetal.com\/wp-content\/uploads\/2024\/08\/aerospace-structural-components-300x191.jpg 300w, https:\/\/www.jinchunmetal.com\/wp-content\/uploads\/2024\/08\/aerospace-structural-components-1024x652.jpg 1024w, https:\/\/www.jinchunmetal.com\/wp-content\/uploads\/2024\/08\/aerospace-structural-components-768x489.jpg 768w, https:\/\/www.jinchunmetal.com\/wp-content\/uploads\/2024\/08\/aerospace-structural-components-1536x978.jpg 1536w, https:\/\/www.jinchunmetal.com\/wp-content\/uploads\/2024\/08\/aerospace-structural-components-2048x1304.jpg 2048w, https:\/\/www.jinchunmetal.com\/wp-content\/uploads\/2024\/08\/aerospace-structural-components-18x12.jpg 18w, https:\/\/www.jinchunmetal.com\/wp-content\/uploads\/2024\/08\/aerospace-structural-components-800x509.jpg 800w\" sizes=\"auto, (max-width: 398px) 100vw, 398px\" \/><img loading=\"lazy\" decoding=\"async\" class=\"alignnone wp-image-4152\" src=\"https:\/\/www.jinchunmetal.com\/wp-content\/uploads\/2024\/08\/aircraft-engines-300x199.jpg\" alt=\"\" width=\"380\" height=\"252\" srcset=\"https:\/\/www.jinchunmetal.com\/wp-content\/uploads\/2024\/08\/aircraft-engines-300x199.jpg 300w, https:\/\/www.jinchunmetal.com\/wp-content\/uploads\/2024\/08\/aircraft-engines-1024x680.jpg 1024w, https:\/\/www.jinchunmetal.com\/wp-content\/uploads\/2024\/08\/aircraft-engines-768x510.jpg 768w, https:\/\/www.jinchunmetal.com\/wp-content\/uploads\/2024\/08\/aircraft-engines-1536x1020.jpg 1536w, https:\/\/www.jinchunmetal.com\/wp-content\/uploads\/2024\/08\/aircraft-engines-18x12.jpg 18w, https:\/\/www.jinchunmetal.com\/wp-content\/uploads\/2024\/08\/aircraft-engines-800x531.jpg 800w, https:\/\/www.jinchunmetal.com\/wp-content\/uploads\/2024\/08\/aircraft-engines.jpg 2000w\" sizes=\"auto, (max-width: 380px) 100vw, 380px\" \/><\/p>","protected":false},"excerpt":{"rendered":"<p>Car\u00e1cter del producto\uff1a<\/p>\n<p>GH4169 is an aging precipitation strengthened alloy with \u03b3~Ni as the matrix, \u03b3 &#8221; phase (Ni3Nb) as the main phase, and weak strengthening phase \u03b3 &#8216;[Ni3 (Al, Ti)] with a face centered cubic structure. It has excellent high-temperature strength, oxidation resistance, corrosion resistance, fatigue resistance, and good high-temperature creep strength. It is commonly used in the manufacture of hot end structural components and is widely used in aerospace, energy, military and other fields.<\/p>\n<table>\n<tbody>\n<tr>\n<td>Marca<\/td>\n<td>Jinchun<\/td>\n<\/tr>\n<tr>\n<td>Origen<\/td>\n<td>China<\/td>\n<\/tr>\n<tr>\n<td>Nombre del producto<\/td>\n<td>GH4169 powder<\/td>\n<\/tr>\n<tr>\n<td>Aplicaci\u00f3n<\/td>\n<td><b>Hot end structural components\u00a0 in aerospace, energy, military and other fields.<\/b><\/td>\n<\/tr>\n<tr>\n<td>Forma<\/td>\n<td>Polvo<\/td>\n<\/tr>\n<tr>\n<td>Color<\/td>\n<td>Metal gray<\/td>\n<\/tr>\n<tr>\n<td>Talla<\/td>\n<td>15~53\u03bcm<\/td>\n<\/tr>\n<tr>\n<td>Est\u00e1ndar<\/td>\n<td>GB\/T 19001-2016\/ISO9001: 2015<\/td>\n<\/tr>\n<tr>\n<td>Pureza<\/td>\n<td>\u00a0Ni: 50-55%, Cr:17-21%, Mo:2.8-3.3%, Nb: 4.75-5.50%, Ti:0.65-1.15%, Fe: Bal.<\/td>\n<\/tr>\n<tr>\n<td>Material<\/td>\n<td>Ni, Cr, Mo, Nb, Ti, Fe<\/td>\n<\/tr>\n<tr>\n<td>Embalaje<\/td>\n<td>Envasado al vac\u00edo<\/td>\n<\/tr>\n<\/tbody>\n<\/table>","protected":false},"featured_media":4185,"comment_status":"open","ping_status":"closed","template":"","meta":{"_acf_changed":false},"product_brand":[],"product_cat":[60],"product_tag":[],"class_list":{"0":"post-4181","1":"product","2":"type-product","3":"status-publish","4":"has-post-thumbnail","6":"product_cat-spherical-metal-powders","8":"first","9":"instock","10":"shipping-taxable","11":"product-type-simple"},"acf":[],"yoast_head":"<!-- This site is optimized with the Yoast SEO plugin v23.2 - https:\/\/yoast.com\/wordpress\/plugins\/seo\/ -->\n<title>Spherical Metal Powders GH4169 Nickel based powder - Jinchun %<\/title>\n<meta name=\"description\" content=\"We are a Metal Materials manufacturer in China With rich experience in Spherical Metal Powders GH4169 Nickel based powder , with Competitive price and top quality.\" \/>\n<meta name=\"robots\" content=\"index, follow, max-snippet:-1, max-image-preview:large, max-video-preview:-1\" \/>\n<link rel=\"canonical\" href=\"https:\/\/www.jinchunmetal.com\/es\/producto\/spherical-metal-powders-gh4169-superalloy-high-temperature-alloy-powder-\u590d\u5236\/\" \/>\n<meta property=\"og:locale\" content=\"es_ES\" \/>\n<meta property=\"og:type\" content=\"article\" \/>\n<meta property=\"og:title\" content=\"Spherical Metal Powders GH4169 Nickel based powder - Jinchun %\" \/>\n<meta property=\"og:description\" content=\"We are a Metal Materials manufacturer in China With rich experience in Spherical Metal Powders GH4169 Nickel based powder , with Competitive price and top quality.\" \/>\n<meta property=\"og:url\" content=\"https:\/\/www.jinchunmetal.com\/es\/producto\/spherical-metal-powders-gh4169-superalloy-high-temperature-alloy-powder-\u590d\u5236\/\" \/>\n<meta property=\"og:site_name\" content=\"Chengdu Jinchun Metallic Materials Co.,Ltd.\" \/>\n<meta property=\"article:modified_time\" content=\"2025-05-29T03:27:27+00:00\" \/>\n<meta property=\"og:image\" content=\"https:\/\/www.jinchunmetal.com\/wp-content\/uploads\/2024\/08\/gh4169-1.png\" \/>\n\t<meta property=\"og:image:width\" content=\"1024\" \/>\n\t<meta property=\"og:image:height\" content=\"768\" \/>\n\t<meta property=\"og:image:type\" content=\"image\/png\" \/>\n<meta name=\"twitter:card\" content=\"summary_large_image\" \/>\n<meta name=\"twitter:label1\" content=\"Tiempo de lectura\" \/>\n\t<meta name=\"twitter:data1\" content=\"4 minutos\" \/>\n<script type=\"application\/ld+json\" class=\"yoast-schema-graph\">{\"@context\":\"https:\/\/schema.org\",\"@graph\":[{\"@type\":\"WebPage\",\"@id\":\"https:\/\/www.jinchunmetal.com\/product\/spherical-metal-powders-gh4169-superalloy-high-temperature-alloy-powder-%e5%a4%8d%e5%88%b6\/\",\"url\":\"https:\/\/www.jinchunmetal.com\/product\/spherical-metal-powders-gh4169-superalloy-high-temperature-alloy-powder-%e5%a4%8d%e5%88%b6\/\",\"name\":\"Spherical Metal Powders GH4169 Nickel based powder - Jinchun %\",\"isPartOf\":{\"@id\":\"https:\/\/www.jinchunmetal.com\/#website\"},\"primaryImageOfPage\":{\"@id\":\"https:\/\/www.jinchunmetal.com\/product\/spherical-metal-powders-gh4169-superalloy-high-temperature-alloy-powder-%e5%a4%8d%e5%88%b6\/#primaryimage\"},\"image\":{\"@id\":\"https:\/\/www.jinchunmetal.com\/product\/spherical-metal-powders-gh4169-superalloy-high-temperature-alloy-powder-%e5%a4%8d%e5%88%b6\/#primaryimage\"},\"thumbnailUrl\":\"https:\/\/www.jinchunmetal.com\/wp-content\/uploads\/2024\/08\/gh4169-1.png\",\"datePublished\":\"2024-08-27T03:15:42+00:00\",\"dateModified\":\"2025-05-29T03:27:27+00:00\",\"description\":\"We are a Metal Materials manufacturer in China With rich experience in Spherical Metal Powders GH4169 Nickel based powder , with Competitive price and top quality.\",\"breadcrumb\":{\"@id\":\"https:\/\/www.jinchunmetal.com\/product\/spherical-metal-powders-gh4169-superalloy-high-temperature-alloy-powder-%e5%a4%8d%e5%88%b6\/#breadcrumb\"},\"inLanguage\":\"es\",\"potentialAction\":[{\"@type\":\"ReadAction\",\"target\":[\"https:\/\/www.jinchunmetal.com\/product\/spherical-metal-powders-gh4169-superalloy-high-temperature-alloy-powder-%e5%a4%8d%e5%88%b6\/\"]}]},{\"@type\":\"ImageObject\",\"inLanguage\":\"es\",\"@id\":\"https:\/\/www.jinchunmetal.com\/product\/spherical-metal-powders-gh4169-superalloy-high-temperature-alloy-powder-%e5%a4%8d%e5%88%b6\/#primaryimage\",\"url\":\"https:\/\/www.jinchunmetal.com\/wp-content\/uploads\/2024\/08\/gh4169-1.png\",\"contentUrl\":\"https:\/\/www.jinchunmetal.com\/wp-content\/uploads\/2024\/08\/gh4169-1.png\",\"width\":1024,\"height\":768},{\"@type\":\"BreadcrumbList\",\"@id\":\"https:\/\/www.jinchunmetal.com\/product\/spherical-metal-powders-gh4169-superalloy-high-temperature-alloy-powder-%e5%a4%8d%e5%88%b6\/#breadcrumb\",\"itemListElement\":[{\"@type\":\"ListItem\",\"position\":1,\"name\":\"\u9996\u9875\",\"item\":\"https:\/\/www.jinchunmetal.com\/\"},{\"@type\":\"ListItem\",\"position\":2,\"name\":\"Products\",\"item\":\"https:\/\/www.jinchunmetal.com\/fr_fr\/products\/\"},{\"@type\":\"ListItem\",\"position\":3,\"name\":\"Spherical Metal Powders GH4169 Nickel based powder\"}]},{\"@type\":\"WebSite\",\"@id\":\"https:\/\/www.jinchunmetal.com\/#website\",\"url\":\"https:\/\/www.jinchunmetal.com\/\",\"name\":\"Chengdu Jinchun Metallic Materials Co.,Ltd.\",\"description\":\"Jinchun Metal\",\"potentialAction\":[{\"@type\":\"SearchAction\",\"target\":{\"@type\":\"EntryPoint\",\"urlTemplate\":\"https:\/\/www.jinchunmetal.com\/?s={search_term_string}\"},\"query-input\":\"required name=search_term_string\"}],\"inLanguage\":\"es\"}]}<\/script>\n<!-- \/ Yoast SEO plugin. -->","yoast_head_json":{"title":"Spherical Metal Powders GH4169 Nickel based powder - Jinchun %","description":"We are a Metal Materials manufacturer in China With rich experience in Spherical Metal Powders GH4169 Nickel based powder , with Competitive price and top quality.","robots":{"index":"index","follow":"follow","max-snippet":"max-snippet:-1","max-image-preview":"max-image-preview:large","max-video-preview":"max-video-preview:-1"},"canonical":"https:\/\/www.jinchunmetal.com\/es\/producto\/spherical-metal-powders-gh4169-superalloy-high-temperature-alloy-powder-\u590d\u5236\/","og_locale":"es_ES","og_type":"article","og_title":"Spherical Metal Powders GH4169 Nickel based powder - Jinchun %","og_description":"We are a Metal Materials manufacturer in China With rich experience in Spherical Metal Powders GH4169 Nickel based powder , with Competitive price and top quality.","og_url":"https:\/\/www.jinchunmetal.com\/es\/producto\/spherical-metal-powders-gh4169-superalloy-high-temperature-alloy-powder-\u590d\u5236\/","og_site_name":"Chengdu Jinchun Metallic Materials Co.,Ltd.","article_modified_time":"2025-05-29T03:27:27+00:00","og_image":[{"width":1024,"height":768,"url":"https:\/\/www.jinchunmetal.com\/wp-content\/uploads\/2024\/08\/gh4169-1.png","type":"image\/png"}],"twitter_card":"summary_large_image","twitter_misc":{"Tiempo de lectura":"4 minutos"},"schema":{"@context":"https:\/\/schema.org","@graph":[{"@type":"WebPage","@id":"https:\/\/www.jinchunmetal.com\/product\/spherical-metal-powders-gh4169-superalloy-high-temperature-alloy-powder-%e5%a4%8d%e5%88%b6\/","url":"https:\/\/www.jinchunmetal.com\/product\/spherical-metal-powders-gh4169-superalloy-high-temperature-alloy-powder-%e5%a4%8d%e5%88%b6\/","name":"Spherical Metal Powders GH4169 Nickel based powder - Jinchun %","isPartOf":{"@id":"https:\/\/www.jinchunmetal.com\/#website"},"primaryImageOfPage":{"@id":"https:\/\/www.jinchunmetal.com\/product\/spherical-metal-powders-gh4169-superalloy-high-temperature-alloy-powder-%e5%a4%8d%e5%88%b6\/#primaryimage"},"image":{"@id":"https:\/\/www.jinchunmetal.com\/product\/spherical-metal-powders-gh4169-superalloy-high-temperature-alloy-powder-%e5%a4%8d%e5%88%b6\/#primaryimage"},"thumbnailUrl":"https:\/\/www.jinchunmetal.com\/wp-content\/uploads\/2024\/08\/gh4169-1.png","datePublished":"2024-08-27T03:15:42+00:00","dateModified":"2025-05-29T03:27:27+00:00","description":"We are a Metal Materials manufacturer in China With rich experience in Spherical Metal Powders GH4169 Nickel based powder , with Competitive price and top quality.","breadcrumb":{"@id":"https:\/\/www.jinchunmetal.com\/product\/spherical-metal-powders-gh4169-superalloy-high-temperature-alloy-powder-%e5%a4%8d%e5%88%b6\/#breadcrumb"},"inLanguage":"es","potentialAction":[{"@type":"ReadAction","target":["https:\/\/www.jinchunmetal.com\/product\/spherical-metal-powders-gh4169-superalloy-high-temperature-alloy-powder-%e5%a4%8d%e5%88%b6\/"]}]},{"@type":"ImageObject","inLanguage":"es","@id":"https:\/\/www.jinchunmetal.com\/product\/spherical-metal-powders-gh4169-superalloy-high-temperature-alloy-powder-%e5%a4%8d%e5%88%b6\/#primaryimage","url":"https:\/\/www.jinchunmetal.com\/wp-content\/uploads\/2024\/08\/gh4169-1.png","contentUrl":"https:\/\/www.jinchunmetal.com\/wp-content\/uploads\/2024\/08\/gh4169-1.png","width":1024,"height":768},{"@type":"BreadcrumbList","@id":"https:\/\/www.jinchunmetal.com\/product\/spherical-metal-powders-gh4169-superalloy-high-temperature-alloy-powder-%e5%a4%8d%e5%88%b6\/#breadcrumb","itemListElement":[{"@type":"ListItem","position":1,"name":"\u9996\u9875","item":"https:\/\/www.jinchunmetal.com\/"},{"@type":"ListItem","position":2,"name":"Products","item":"https:\/\/www.jinchunmetal.com\/fr_fr\/products\/"},{"@type":"ListItem","position":3,"name":"Spherical Metal Powders GH4169 Nickel based powder"}]},{"@type":"WebSite","@id":"https:\/\/www.jinchunmetal.com\/#website","url":"https:\/\/www.jinchunmetal.com\/","name":"Chengdu Jinchun Metallic Materials Co.,Ltd.","description":"Jinchun Metal","potentialAction":[{"@type":"SearchAction","target":{"@type":"EntryPoint","urlTemplate":"https:\/\/www.jinchunmetal.com\/?s={search_term_string}"},"query-input":"required name=search_term_string"}],"inLanguage":"es"}]}},"_links":{"self":[{"href":"https:\/\/www.jinchunmetal.com\/es\/wp-json\/wp\/v2\/product\/4181","targetHints":{"allow":["GET"]}}],"collection":[{"href":"https:\/\/www.jinchunmetal.com\/es\/wp-json\/wp\/v2\/product"}],"about":[{"href":"https:\/\/www.jinchunmetal.com\/es\/wp-json\/wp\/v2\/types\/product"}],"replies":[{"embeddable":true,"href":"https:\/\/www.jinchunmetal.com\/es\/wp-json\/wp\/v2\/comments?post=4181"}],"wp:featuredmedia":[{"embeddable":true,"href":"https:\/\/www.jinchunmetal.com\/es\/wp-json\/wp\/v2\/media\/4185"}],"wp:attachment":[{"href":"https:\/\/www.jinchunmetal.com\/es\/wp-json\/wp\/v2\/media?parent=4181"}],"wp:term":[{"taxonomy":"product_brand","embeddable":true,"href":"https:\/\/www.jinchunmetal.com\/es\/wp-json\/wp\/v2\/product_brand?post=4181"},{"taxonomy":"product_cat","embeddable":true,"href":"https:\/\/www.jinchunmetal.com\/es\/wp-json\/wp\/v2\/product_cat?post=4181"},{"taxonomy":"product_tag","embeddable":true,"href":"https:\/\/www.jinchunmetal.com\/es\/wp-json\/wp\/v2\/product_tag?post=4181"}],"curies":[{"name":"wp","href":"https:\/\/api.w.org\/{rel}","templated":true}]}}