{"id":4190,"date":"2024-08-27T15:19:53","date_gmt":"2024-08-27T07:19:53","guid":{"rendered":"https:\/\/www.jinchunmetal.com\/?post_type=product&#038;p=4190"},"modified":"2025-05-29T11:28:43","modified_gmt":"2025-05-29T03:28:43","slug":"spherical-metal-powders-gh3230-high-temperature-alloy-powder","status":"publish","type":"product","link":"https:\/\/www.jinchunmetal.com\/es\/producto\/spherical-metal-powders-gh3230-high-temperature-alloy-powder\/","title":{"rendered":"Polvos met\u00e1licos esf\u00e9ricos Polvo de aleaci\u00f3n de alta temperatura GH3230"},"content":{"rendered":"<p><strong>Car\u00e1cter del producto<\/strong><\/p>\n<p>GH3230 is a solid solution strengthened high-temperature alloy with W and Mo as the main strengthening elements. GH3230 alloy mainly improves its oxidation resistance by adding Cr element to the alloy, while adding trace elements to assist in improving the alloy&#8217;s oxidation resistance. Therefore, the alloy has good strength, thermal stability, and oxidation resistance. GH3230 alloy can be used to manufacture combustion chambers, flame tubes, heat exchangers, and other components of aviation turbine engines. It can also be used to manufacture combustion chamber components of ground gas turbines and high-temperature equipment components such as thermocouple protective sleeves and flame baffles for industrial furnaces.<\/p>\n<p>&nbsp;<\/p>\n<p><strong>2.Especificaci\u00f3n<\/strong><\/p>\n<p><b>GH3230 powder<\/b><\/p>\n<table width=\"702\">\n<tbody>\n<tr>\n<td colspan=\"10\" width=\"702\">Composici\u00f3n qu\u00edmica (peso %)<\/td>\n<\/tr>\n<tr>\n<td width=\"84\">Elemento<\/td>\n<td>C<\/td>\n<td>Cr<\/td>\n<td>Ni<\/td>\n<td>Co<\/td>\n<td>Mo<\/td>\n<td>Al<\/td>\n<td>Ti<\/td>\n<td>Fe<\/td>\n<td>B<\/td>\n<\/tr>\n<tr>\n<td width=\"84\">Est\u00e1ndar<\/td>\n<td>0.05~0.15<\/td>\n<td>20.0~24.0<\/td>\n<td>Bal.<\/td>\n<td>\u22645.0<\/td>\n<td>1.0~3.0<\/td>\n<td>0.2~0.5<\/td>\n<td>\u22640.10<\/td>\n<td>1.5~2.0<\/td>\n<td>\u22640.015<\/td>\n<\/tr>\n<tr>\n<td width=\"84\">typical<\/td>\n<td>0.071<\/td>\n<td>21.43<\/td>\n<td>Bal.<\/td>\n<td>2.01<\/td>\n<td>2.02<\/td>\n<td>0.33<\/td>\n<td>0.06<\/td>\n<td>1.76<\/td>\n<td>0.0046<\/td>\n<\/tr>\n<tr>\n<td width=\"84\">Elemento<\/td>\n<td>Mn<\/td>\n<td>P<\/td>\n<td>S<\/td>\n<td>Cu<\/td>\n<td>W<\/td>\n<td>Si<\/td>\n<td>La<\/td>\n<td>O<\/td>\n<td>N<\/td>\n<\/tr>\n<tr>\n<td width=\"84\">Est\u00e1ndar<\/td>\n<td>0.3~1.0<\/td>\n<td>\u22640.02<\/td>\n<td>\u22640.003<\/td>\n<td>\u22640.50<\/td>\n<td>13.0~15.0<\/td>\n<td>0.25~0.45<\/td>\n<td>0.005~0.05<\/td>\n<td>\u22640.030<\/td>\n<td>\u22640.030<\/td>\n<\/tr>\n<tr>\n<td width=\"84\">typical<\/td>\n<td>0.46<\/td>\n<td>0.01<\/td>\n<td>0.001<\/td>\n<td>0.015<\/td>\n<td>14.0<\/td>\n<td>0.34<\/td>\n<td>0.032<\/td>\n<td>0.0092<\/td>\n<td>0.002<\/td>\n<\/tr>\n<\/tbody>\n<\/table>\n<p>&nbsp;<\/p>\n<table width=\"597\">\n<tbody>\n<tr>\n<td width=\"72\">GH3230<\/td>\n<td colspan=\"3\" width=\"216\">15~53\u03bcm<br \/>\nDistribuci\u00f3n del tama\u00f1o de las part\u00edculas<\/td>\n<td width=\"92\">Flow Rate<br \/>\n(sec. for 50 g)<\/td>\n<td width=\"116\">Densidad aparente (g\/cm3)<\/td>\n<td width=\"101\">Densidad del grifo (g\/cm3)<\/td>\n<\/tr>\n<tr>\n<td><\/td>\n<td width=\"72\">D10<\/td>\n<td width=\"72\">D50<\/td>\n<td width=\"72\">D90<\/td>\n<td width=\"92\"><\/td>\n<td width=\"116\"><\/td>\n<td width=\"101\"><\/td>\n<\/tr>\n<tr>\n<td width=\"72\">Est\u00e1ndar<\/td>\n<td width=\"72\">15~25<\/td>\n<td width=\"72\">30~40<\/td>\n<td width=\"72\">50~60<\/td>\n<td width=\"92\">\u226425<\/td>\n<td width=\"116\">\u22654.2<\/td>\n<td width=\"101\">\u22654.9<\/td>\n<\/tr>\n<tr>\n<td width=\"72\">typical<\/td>\n<td width=\"72\">23\u03bcm<\/td>\n<td>35.8\u03bcm<\/td>\n<td>53.5\u03bcm<\/td>\n<td width=\"92\">15.2<\/td>\n<td width=\"116\">4.62<\/td>\n<td width=\"101\">5.33<\/td>\n<\/tr>\n<\/tbody>\n<\/table>\n<p>&nbsp;<\/p>\n<p><strong>3.Im\u00e1genes de la morfolog\u00eda SEM del polvo<\/strong><\/p>\n<p><img loading=\"lazy\" decoding=\"async\" class=\"alignnone size-medium wp-image-4191\" src=\"https:\/\/www.jinchunmetal.com\/wp-content\/uploads\/2024\/08\/GH3230-1-300x225.png\" alt=\"\" width=\"300\" height=\"225\" srcset=\"https:\/\/www.jinchunmetal.com\/wp-content\/uploads\/2024\/08\/GH3230-1-300x225.png 300w, https:\/\/www.jinchunmetal.com\/wp-content\/uploads\/2024\/08\/GH3230-1-768x576.png 768w, https:\/\/www.jinchunmetal.com\/wp-content\/uploads\/2024\/08\/GH3230-1-16x12.png 16w, https:\/\/www.jinchunmetal.com\/wp-content\/uploads\/2024\/08\/GH3230-1-800x600.png 800w, https:\/\/www.jinchunmetal.com\/wp-content\/uploads\/2024\/08\/GH3230-1.png 1024w\" sizes=\"auto, (max-width: 300px) 100vw, 300px\" \/> <img loading=\"lazy\" decoding=\"async\" class=\"alignnone size-medium wp-image-4192\" src=\"https:\/\/www.jinchunmetal.com\/wp-content\/uploads\/2024\/08\/GH3230-2-300x225.png\" alt=\"\" width=\"300\" height=\"225\" srcset=\"https:\/\/www.jinchunmetal.com\/wp-content\/uploads\/2024\/08\/GH3230-2-300x225.png 300w, https:\/\/www.jinchunmetal.com\/wp-content\/uploads\/2024\/08\/GH3230-2-768x576.png 768w, https:\/\/www.jinchunmetal.com\/wp-content\/uploads\/2024\/08\/GH3230-2-16x12.png 16w, https:\/\/www.jinchunmetal.com\/wp-content\/uploads\/2024\/08\/GH3230-2-800x600.png 800w, https:\/\/www.jinchunmetal.com\/wp-content\/uploads\/2024\/08\/GH3230-2.png 1024w\" sizes=\"auto, (max-width: 300px) 100vw, 300px\" \/><\/p>\n<p><strong>Im\u00e1genes de producci\u00f3n y pruebas:<\/strong><br \/>\n<img loading=\"lazy\" decoding=\"async\" class=\"alignnone wp-image-4145\" src=\"https:\/\/www.jinchunmetal.com\/wp-content\/uploads\/2024\/08\/\u5fae\u4fe1\u56fe\u7247_20240801152721-1-300x203.png\" alt=\"\" width=\"443\" height=\"300\" srcset=\"https:\/\/www.jinchunmetal.com\/wp-content\/uploads\/2024\/08\/\u5fae\u4fe1\u56fe\u7247_20240801152721-1-300x203.png 300w, https:\/\/www.jinchunmetal.com\/wp-content\/uploads\/2024\/08\/\u5fae\u4fe1\u56fe\u7247_20240801152721-1-1024x691.png 1024w, https:\/\/www.jinchunmetal.com\/wp-content\/uploads\/2024\/08\/\u5fae\u4fe1\u56fe\u7247_20240801152721-1-768x518.png 768w, https:\/\/www.jinchunmetal.com\/wp-content\/uploads\/2024\/08\/\u5fae\u4fe1\u56fe\u7247_20240801152721-1-18x12.png 18w, https:\/\/www.jinchunmetal.com\/wp-content\/uploads\/2024\/08\/\u5fae\u4fe1\u56fe\u7247_20240801152721-1-800x540.png 800w, https:\/\/www.jinchunmetal.com\/wp-content\/uploads\/2024\/08\/\u5fae\u4fe1\u56fe\u7247_20240801152721-1.png 1222w\" sizes=\"auto, (max-width: 443px) 100vw, 443px\" \/><img loading=\"lazy\" decoding=\"async\" class=\"alignnone wp-image-4146\" src=\"https:\/\/www.jinchunmetal.com\/wp-content\/uploads\/2024\/08\/\u5fae\u4fe1\u56fe\u7247_20240801152725-1-300x226.png\" alt=\"\" width=\"397\" height=\"299\" srcset=\"https:\/\/www.jinchunmetal.com\/wp-content\/uploads\/2024\/08\/\u5fae\u4fe1\u56fe\u7247_20240801152725-1-300x226.png 300w, https:\/\/www.jinchunmetal.com\/wp-content\/uploads\/2024\/08\/\u5fae\u4fe1\u56fe\u7247_20240801152725-1-1024x770.png 1024w, https:\/\/www.jinchunmetal.com\/wp-content\/uploads\/2024\/08\/\u5fae\u4fe1\u56fe\u7247_20240801152725-1-768x578.png 768w, https:\/\/www.jinchunmetal.com\/wp-content\/uploads\/2024\/08\/\u5fae\u4fe1\u56fe\u7247_20240801152725-1-16x12.png 16w, https:\/\/www.jinchunmetal.com\/wp-content\/uploads\/2024\/08\/\u5fae\u4fe1\u56fe\u7247_20240801152725-1-800x602.png 800w, https:\/\/www.jinchunmetal.com\/wp-content\/uploads\/2024\/08\/\u5fae\u4fe1\u56fe\u7247_20240801152725-1.png 1046w\" sizes=\"auto, (max-width: 397px) 100vw, 397px\" \/><img loading=\"lazy\" decoding=\"async\" class=\"alignnone size-medium wp-image-4144\" src=\"https:\/\/www.jinchunmetal.com\/wp-content\/uploads\/2024\/08\/\u5fae\u4fe1\u56fe\u7247_20240801152708-1-276x300.png\" alt=\"\" width=\"276\" height=\"300\" srcset=\"https:\/\/www.jinchunmetal.com\/wp-content\/uploads\/2024\/08\/\u5fae\u4fe1\u56fe\u7247_20240801152708-1-276x300.png 276w, https:\/\/www.jinchunmetal.com\/wp-content\/uploads\/2024\/08\/\u5fae\u4fe1\u56fe\u7247_20240801152708-1-11x12.png 11w, https:\/\/www.jinchunmetal.com\/wp-content\/uploads\/2024\/08\/\u5fae\u4fe1\u56fe\u7247_20240801152708-1.png 598w\" sizes=\"auto, (max-width: 276px) 100vw, 276px\" \/><\/p>\n<p><img loading=\"lazy\" decoding=\"async\" class=\"alignnone wp-image-4149\" src=\"https:\/\/www.jinchunmetal.com\/wp-content\/uploads\/2024\/08\/RF-plasma-spheroidization-1-300x217.png\" alt=\"\" width=\"314\" height=\"227\" srcset=\"https:\/\/www.jinchunmetal.com\/wp-content\/uploads\/2024\/08\/RF-plasma-spheroidization-1-300x217.png 300w, https:\/\/www.jinchunmetal.com\/wp-content\/uploads\/2024\/08\/RF-plasma-spheroidization-1-18x12.png 18w, https:\/\/www.jinchunmetal.com\/wp-content\/uploads\/2024\/08\/RF-plasma-spheroidization-1.png 403w\" sizes=\"auto, (max-width: 314px) 100vw, 314px\" \/><img loading=\"lazy\" decoding=\"async\" class=\"alignnone size-medium wp-image-4148\" src=\"https:\/\/www.jinchunmetal.com\/wp-content\/uploads\/2024\/08\/\u5fae\u4fe1\u56fe\u7247_20240709145011-1-300x225.jpg\" alt=\"\" width=\"300\" height=\"225\" srcset=\"https:\/\/www.jinchunmetal.com\/wp-content\/uploads\/2024\/08\/\u5fae\u4fe1\u56fe\u7247_20240709145011-1-300x225.jpg 300w, https:\/\/www.jinchunmetal.com\/wp-content\/uploads\/2024\/08\/\u5fae\u4fe1\u56fe\u7247_20240709145011-1-1024x768.jpg 1024w, https:\/\/www.jinchunmetal.com\/wp-content\/uploads\/2024\/08\/\u5fae\u4fe1\u56fe\u7247_20240709145011-1-768x576.jpg 768w, https:\/\/www.jinchunmetal.com\/wp-content\/uploads\/2024\/08\/\u5fae\u4fe1\u56fe\u7247_20240709145011-1-1536x1152.jpg 1536w, https:\/\/www.jinchunmetal.com\/wp-content\/uploads\/2024\/08\/\u5fae\u4fe1\u56fe\u7247_20240709145011-1-2048x1536.jpg 2048w, https:\/\/www.jinchunmetal.com\/wp-content\/uploads\/2024\/08\/\u5fae\u4fe1\u56fe\u7247_20240709145011-1-16x12.jpg 16w, https:\/\/www.jinchunmetal.com\/wp-content\/uploads\/2024\/08\/\u5fae\u4fe1\u56fe\u7247_20240709145011-1-800x600.jpg 800w\" sizes=\"auto, (max-width: 300px) 100vw, 300px\" \/><img loading=\"lazy\" decoding=\"async\" class=\"alignnone size-medium wp-image-4147\" src=\"https:\/\/www.jinchunmetal.com\/wp-content\/uploads\/2024\/08\/\u5fae\u4fe1\u56fe\u7247_20240801152730-1-300x226.png\" alt=\"\" width=\"300\" height=\"226\" srcset=\"https:\/\/www.jinchunmetal.com\/wp-content\/uploads\/2024\/08\/\u5fae\u4fe1\u56fe\u7247_20240801152730-1-300x226.png 300w, https:\/\/www.jinchunmetal.com\/wp-content\/uploads\/2024\/08\/\u5fae\u4fe1\u56fe\u7247_20240801152730-1-768x579.png 768w, https:\/\/www.jinchunmetal.com\/wp-content\/uploads\/2024\/08\/\u5fae\u4fe1\u56fe\u7247_20240801152730-1-16x12.png 16w, https:\/\/www.jinchunmetal.com\/wp-content\/uploads\/2024\/08\/\u5fae\u4fe1\u56fe\u7247_20240801152730-1.png 787w\" sizes=\"auto, (max-width: 300px) 100vw, 300px\" \/><\/p>\n<p>&nbsp;<\/p>\n<p><strong>4.Aplicaci\u00f3n<\/strong><\/p>\n<ul>\n<li><strong>GH3230 alloy can be used to manufacture combustion chambers, flame tubes, heat exchangers, and other components of aviation turbine engines. It can also be used to manufacture combustion chamber components of ground gas turbines and high-temperature equipment components such as thermocouple protective sleeves and flame baffles for industrial furnaces.<\/strong><\/li>\n<\/ul>\n<p><img loading=\"lazy\" decoding=\"async\" class=\"alignnone wp-image-4151\" src=\"https:\/\/www.jinchunmetal.com\/wp-content\/uploads\/2024\/08\/aerospace-structural-components-300x191.jpg\" alt=\"\" width=\"398\" height=\"253\" srcset=\"https:\/\/www.jinchunmetal.com\/wp-content\/uploads\/2024\/08\/aerospace-structural-components-300x191.jpg 300w, https:\/\/www.jinchunmetal.com\/wp-content\/uploads\/2024\/08\/aerospace-structural-components-1024x652.jpg 1024w, https:\/\/www.jinchunmetal.com\/wp-content\/uploads\/2024\/08\/aerospace-structural-components-768x489.jpg 768w, https:\/\/www.jinchunmetal.com\/wp-content\/uploads\/2024\/08\/aerospace-structural-components-1536x978.jpg 1536w, https:\/\/www.jinchunmetal.com\/wp-content\/uploads\/2024\/08\/aerospace-structural-components-2048x1304.jpg 2048w, https:\/\/www.jinchunmetal.com\/wp-content\/uploads\/2024\/08\/aerospace-structural-components-18x12.jpg 18w, https:\/\/www.jinchunmetal.com\/wp-content\/uploads\/2024\/08\/aerospace-structural-components-800x509.jpg 800w\" sizes=\"auto, (max-width: 398px) 100vw, 398px\" \/><img loading=\"lazy\" decoding=\"async\" class=\"alignnone wp-image-4152\" src=\"https:\/\/www.jinchunmetal.com\/wp-content\/uploads\/2024\/08\/aircraft-engines-300x199.jpg\" alt=\"\" width=\"380\" height=\"252\" srcset=\"https:\/\/www.jinchunmetal.com\/wp-content\/uploads\/2024\/08\/aircraft-engines-300x199.jpg 300w, https:\/\/www.jinchunmetal.com\/wp-content\/uploads\/2024\/08\/aircraft-engines-1024x680.jpg 1024w, https:\/\/www.jinchunmetal.com\/wp-content\/uploads\/2024\/08\/aircraft-engines-768x510.jpg 768w, https:\/\/www.jinchunmetal.com\/wp-content\/uploads\/2024\/08\/aircraft-engines-1536x1020.jpg 1536w, https:\/\/www.jinchunmetal.com\/wp-content\/uploads\/2024\/08\/aircraft-engines-18x12.jpg 18w, https:\/\/www.jinchunmetal.com\/wp-content\/uploads\/2024\/08\/aircraft-engines-800x531.jpg 800w, https:\/\/www.jinchunmetal.com\/wp-content\/uploads\/2024\/08\/aircraft-engines.jpg 2000w\" sizes=\"auto, (max-width: 380px) 100vw, 380px\" \/><img loading=\"lazy\" decoding=\"async\" class=\"alignnone wp-image-4193\" src=\"https:\/\/www.jinchunmetal.com\/wp-content\/uploads\/2024\/08\/thermocouple-protective-sleeves-300x225.jpg\" alt=\"\" width=\"334\" height=\"251\" srcset=\"https:\/\/www.jinchunmetal.com\/wp-content\/uploads\/2024\/08\/thermocouple-protective-sleeves-300x225.jpg 300w, https:\/\/www.jinchunmetal.com\/wp-content\/uploads\/2024\/08\/thermocouple-protective-sleeves-1024x769.jpg 1024w, https:\/\/www.jinchunmetal.com\/wp-content\/uploads\/2024\/08\/thermocouple-protective-sleeves-768x576.jpg 768w, https:\/\/www.jinchunmetal.com\/wp-content\/uploads\/2024\/08\/thermocouple-protective-sleeves-1536x1153.jpg 1536w, https:\/\/www.jinchunmetal.com\/wp-content\/uploads\/2024\/08\/thermocouple-protective-sleeves-16x12.jpg 16w, https:\/\/www.jinchunmetal.com\/wp-content\/uploads\/2024\/08\/thermocouple-protective-sleeves-800x600.jpg 800w, https:\/\/www.jinchunmetal.com\/wp-content\/uploads\/2024\/08\/thermocouple-protective-sleeves.jpg 2000w\" sizes=\"auto, (max-width: 334px) 100vw, 334px\" \/><\/p>","protected":false},"excerpt":{"rendered":"<p>Car\u00e1cter del producto\uff1a<\/p>\n<p>GH3230 is a solid solution strengthened high-temperature alloy with W and Mo as the main strengthening elements. GH3230 alloy mainly improves its oxidation resistance by adding Cr element to the alloy, while adding trace elements to assist in improving the alloy&#8217;s oxidation resistance. Therefore, the alloy has good strength, thermal stability, and oxidation resistance. GH3230 alloy can be used to manufacture combustion chambers, flame tubes, heat exchangers, and other components of aviation turbine engines. It can also be used to manufacture combustion chamber components of ground gas turbines and high-temperature equipment components such as thermocouple protective sleeves and flame baffles for industrial furnaces.<\/p>\n<table>\n<tbody>\n<tr>\n<td>Marca<\/td>\n<td>Jinchun<\/td>\n<\/tr>\n<tr>\n<td>Origen<\/td>\n<td>China<\/td>\n<\/tr>\n<tr>\n<td>Nombre del producto<\/td>\n<td>GH3230 powder<\/td>\n<\/tr>\n<tr>\n<td>Aplicaci\u00f3n<\/td>\n<td><strong>Thermocouple protective sleeves and flame baffles, etc.<\/strong><\/td>\n<\/tr>\n<tr>\n<td>Forma<\/td>\n<td>Polvo<\/td>\n<\/tr>\n<tr>\n<td>Color<\/td>\n<td>Metal balck<\/td>\n<\/tr>\n<tr>\n<td>Talla<\/td>\n<td>15~53\u03bcm<\/td>\n<\/tr>\n<tr>\n<td>Est\u00e1ndar<\/td>\n<td>GB\/T 19001-2016\/ISO9001: 2015<\/td>\n<\/tr>\n<tr>\n<td>Pureza<\/td>\n<td>\u00a0Ni: Bal%, Cr:20-24%, W:13-15%, Mo: 1-3%.<\/td>\n<\/tr>\n<tr>\n<td>Material<\/td>\n<td>Ni, Cr, W, Mo<\/td>\n<\/tr>\n<tr>\n<td>Embalaje<\/td>\n<td>Envasado al vac\u00edo<\/td>\n<\/tr>\n<\/tbody>\n<\/table>","protected":false},"featured_media":4192,"comment_status":"open","ping_status":"closed","template":"","meta":{"_acf_changed":false},"product_brand":[],"product_cat":[60],"product_tag":[],"class_list":{"0":"post-4190","1":"product","2":"type-product","3":"status-publish","4":"has-post-thumbnail","6":"product_cat-spherical-metal-powders","8":"first","9":"instock","10":"shipping-taxable","11":"product-type-simple"},"acf":[],"yoast_head":"<!-- This site is optimized with the Yoast SEO plugin v23.2 - https:\/\/yoast.com\/wordpress\/plugins\/seo\/ -->\n<title>Spherical Metal Powders GH3230 high-temperature alloy powder - Jinchun %<\/title>\n<meta name=\"description\" content=\"We are a Metal Materials manufacturer in China With rich experience in Spherical Metal Powders GH3230 high-temperature alloy powder , with Competitive price and top quality.\" \/>\n<meta name=\"robots\" content=\"index, follow, max-snippet:-1, max-image-preview:large, max-video-preview:-1\" \/>\n<link rel=\"canonical\" href=\"https:\/\/www.jinchunmetal.com\/es\/producto\/spherical-metal-powders-gh3230-high-temperature-alloy-powder\/\" \/>\n<meta property=\"og:locale\" content=\"es_ES\" \/>\n<meta property=\"og:type\" content=\"article\" \/>\n<meta property=\"og:title\" content=\"Spherical Metal Powders GH3230 high-temperature alloy powder - Jinchun %\" \/>\n<meta property=\"og:description\" content=\"We are a Metal Materials manufacturer in China With rich experience in Spherical Metal Powders GH3230 high-temperature alloy powder , with Competitive price and top quality.\" \/>\n<meta property=\"og:url\" content=\"https:\/\/www.jinchunmetal.com\/es\/producto\/spherical-metal-powders-gh3230-high-temperature-alloy-powder\/\" \/>\n<meta property=\"og:site_name\" content=\"Chengdu Jinchun Metallic Materials Co.,Ltd.\" \/>\n<meta property=\"article:modified_time\" content=\"2025-05-29T03:28:43+00:00\" \/>\n<meta property=\"og:image\" content=\"https:\/\/www.jinchunmetal.com\/wp-content\/uploads\/2024\/08\/GH3230-2.png\" \/>\n\t<meta property=\"og:image:width\" content=\"1024\" \/>\n\t<meta property=\"og:image:height\" content=\"768\" \/>\n\t<meta property=\"og:image:type\" content=\"image\/png\" \/>\n<meta name=\"twitter:card\" content=\"summary_large_image\" \/>\n<meta name=\"twitter:label1\" content=\"Tiempo de lectura\" \/>\n\t<meta name=\"twitter:data1\" content=\"4 minutos\" \/>\n<script type=\"application\/ld+json\" class=\"yoast-schema-graph\">{\"@context\":\"https:\/\/schema.org\",\"@graph\":[{\"@type\":\"WebPage\",\"@id\":\"https:\/\/www.jinchunmetal.com\/product\/spherical-metal-powders-gh3230-high-temperature-alloy-powder\/\",\"url\":\"https:\/\/www.jinchunmetal.com\/product\/spherical-metal-powders-gh3230-high-temperature-alloy-powder\/\",\"name\":\"Spherical Metal Powders GH3230 high-temperature alloy powder - Jinchun %\",\"isPartOf\":{\"@id\":\"https:\/\/www.jinchunmetal.com\/#website\"},\"primaryImageOfPage\":{\"@id\":\"https:\/\/www.jinchunmetal.com\/product\/spherical-metal-powders-gh3230-high-temperature-alloy-powder\/#primaryimage\"},\"image\":{\"@id\":\"https:\/\/www.jinchunmetal.com\/product\/spherical-metal-powders-gh3230-high-temperature-alloy-powder\/#primaryimage\"},\"thumbnailUrl\":\"https:\/\/www.jinchunmetal.com\/wp-content\/uploads\/2024\/08\/GH3230-2.png\",\"datePublished\":\"2024-08-27T07:19:53+00:00\",\"dateModified\":\"2025-05-29T03:28:43+00:00\",\"description\":\"We are a Metal Materials manufacturer in China With rich experience in Spherical Metal Powders GH3230 high-temperature alloy powder , with Competitive price and top quality.\",\"breadcrumb\":{\"@id\":\"https:\/\/www.jinchunmetal.com\/product\/spherical-metal-powders-gh3230-high-temperature-alloy-powder\/#breadcrumb\"},\"inLanguage\":\"es\",\"potentialAction\":[{\"@type\":\"ReadAction\",\"target\":[\"https:\/\/www.jinchunmetal.com\/product\/spherical-metal-powders-gh3230-high-temperature-alloy-powder\/\"]}]},{\"@type\":\"ImageObject\",\"inLanguage\":\"es\",\"@id\":\"https:\/\/www.jinchunmetal.com\/product\/spherical-metal-powders-gh3230-high-temperature-alloy-powder\/#primaryimage\",\"url\":\"https:\/\/www.jinchunmetal.com\/wp-content\/uploads\/2024\/08\/GH3230-2.png\",\"contentUrl\":\"https:\/\/www.jinchunmetal.com\/wp-content\/uploads\/2024\/08\/GH3230-2.png\",\"width\":1024,\"height\":768},{\"@type\":\"BreadcrumbList\",\"@id\":\"https:\/\/www.jinchunmetal.com\/product\/spherical-metal-powders-gh3230-high-temperature-alloy-powder\/#breadcrumb\",\"itemListElement\":[{\"@type\":\"ListItem\",\"position\":1,\"name\":\"\u9996\u9875\",\"item\":\"https:\/\/www.jinchunmetal.com\/\"},{\"@type\":\"ListItem\",\"position\":2,\"name\":\"Products\",\"item\":\"https:\/\/www.jinchunmetal.com\/fr_fr\/products\/\"},{\"@type\":\"ListItem\",\"position\":3,\"name\":\"Spherical Metal Powders GH3230 high-temperature alloy powder\"}]},{\"@type\":\"WebSite\",\"@id\":\"https:\/\/www.jinchunmetal.com\/#website\",\"url\":\"https:\/\/www.jinchunmetal.com\/\",\"name\":\"Chengdu Jinchun Metallic Materials Co.,Ltd.\",\"description\":\"Jinchun Metal\",\"potentialAction\":[{\"@type\":\"SearchAction\",\"target\":{\"@type\":\"EntryPoint\",\"urlTemplate\":\"https:\/\/www.jinchunmetal.com\/?s={search_term_string}\"},\"query-input\":\"required name=search_term_string\"}],\"inLanguage\":\"es\"}]}<\/script>\n<!-- \/ Yoast SEO plugin. -->","yoast_head_json":{"title":"Spherical Metal Powders GH3230 high-temperature alloy powder - Jinchun %","description":"We are a Metal Materials manufacturer in China With rich experience in Spherical Metal Powders GH3230 high-temperature alloy powder , with Competitive price and top quality.","robots":{"index":"index","follow":"follow","max-snippet":"max-snippet:-1","max-image-preview":"max-image-preview:large","max-video-preview":"max-video-preview:-1"},"canonical":"https:\/\/www.jinchunmetal.com\/es\/producto\/spherical-metal-powders-gh3230-high-temperature-alloy-powder\/","og_locale":"es_ES","og_type":"article","og_title":"Spherical Metal Powders GH3230 high-temperature alloy powder - Jinchun %","og_description":"We are a Metal Materials manufacturer in China With rich experience in Spherical Metal Powders GH3230 high-temperature alloy powder , with Competitive price and top quality.","og_url":"https:\/\/www.jinchunmetal.com\/es\/producto\/spherical-metal-powders-gh3230-high-temperature-alloy-powder\/","og_site_name":"Chengdu Jinchun Metallic Materials Co.,Ltd.","article_modified_time":"2025-05-29T03:28:43+00:00","og_image":[{"width":1024,"height":768,"url":"https:\/\/www.jinchunmetal.com\/wp-content\/uploads\/2024\/08\/GH3230-2.png","type":"image\/png"}],"twitter_card":"summary_large_image","twitter_misc":{"Tiempo de lectura":"4 minutos"},"schema":{"@context":"https:\/\/schema.org","@graph":[{"@type":"WebPage","@id":"https:\/\/www.jinchunmetal.com\/product\/spherical-metal-powders-gh3230-high-temperature-alloy-powder\/","url":"https:\/\/www.jinchunmetal.com\/product\/spherical-metal-powders-gh3230-high-temperature-alloy-powder\/","name":"Spherical Metal Powders GH3230 high-temperature alloy powder - Jinchun %","isPartOf":{"@id":"https:\/\/www.jinchunmetal.com\/#website"},"primaryImageOfPage":{"@id":"https:\/\/www.jinchunmetal.com\/product\/spherical-metal-powders-gh3230-high-temperature-alloy-powder\/#primaryimage"},"image":{"@id":"https:\/\/www.jinchunmetal.com\/product\/spherical-metal-powders-gh3230-high-temperature-alloy-powder\/#primaryimage"},"thumbnailUrl":"https:\/\/www.jinchunmetal.com\/wp-content\/uploads\/2024\/08\/GH3230-2.png","datePublished":"2024-08-27T07:19:53+00:00","dateModified":"2025-05-29T03:28:43+00:00","description":"We are a Metal Materials manufacturer in China With rich experience in Spherical Metal Powders GH3230 high-temperature alloy powder , with Competitive price and top quality.","breadcrumb":{"@id":"https:\/\/www.jinchunmetal.com\/product\/spherical-metal-powders-gh3230-high-temperature-alloy-powder\/#breadcrumb"},"inLanguage":"es","potentialAction":[{"@type":"ReadAction","target":["https:\/\/www.jinchunmetal.com\/product\/spherical-metal-powders-gh3230-high-temperature-alloy-powder\/"]}]},{"@type":"ImageObject","inLanguage":"es","@id":"https:\/\/www.jinchunmetal.com\/product\/spherical-metal-powders-gh3230-high-temperature-alloy-powder\/#primaryimage","url":"https:\/\/www.jinchunmetal.com\/wp-content\/uploads\/2024\/08\/GH3230-2.png","contentUrl":"https:\/\/www.jinchunmetal.com\/wp-content\/uploads\/2024\/08\/GH3230-2.png","width":1024,"height":768},{"@type":"BreadcrumbList","@id":"https:\/\/www.jinchunmetal.com\/product\/spherical-metal-powders-gh3230-high-temperature-alloy-powder\/#breadcrumb","itemListElement":[{"@type":"ListItem","position":1,"name":"\u9996\u9875","item":"https:\/\/www.jinchunmetal.com\/"},{"@type":"ListItem","position":2,"name":"Products","item":"https:\/\/www.jinchunmetal.com\/fr_fr\/products\/"},{"@type":"ListItem","position":3,"name":"Spherical Metal Powders GH3230 high-temperature alloy powder"}]},{"@type":"WebSite","@id":"https:\/\/www.jinchunmetal.com\/#website","url":"https:\/\/www.jinchunmetal.com\/","name":"Chengdu Jinchun Metallic Materials Co.,Ltd.","description":"Jinchun Metal","potentialAction":[{"@type":"SearchAction","target":{"@type":"EntryPoint","urlTemplate":"https:\/\/www.jinchunmetal.com\/?s={search_term_string}"},"query-input":"required name=search_term_string"}],"inLanguage":"es"}]}},"_links":{"self":[{"href":"https:\/\/www.jinchunmetal.com\/es\/wp-json\/wp\/v2\/product\/4190","targetHints":{"allow":["GET"]}}],"collection":[{"href":"https:\/\/www.jinchunmetal.com\/es\/wp-json\/wp\/v2\/product"}],"about":[{"href":"https:\/\/www.jinchunmetal.com\/es\/wp-json\/wp\/v2\/types\/product"}],"replies":[{"embeddable":true,"href":"https:\/\/www.jinchunmetal.com\/es\/wp-json\/wp\/v2\/comments?post=4190"}],"wp:featuredmedia":[{"embeddable":true,"href":"https:\/\/www.jinchunmetal.com\/es\/wp-json\/wp\/v2\/media\/4192"}],"wp:attachment":[{"href":"https:\/\/www.jinchunmetal.com\/es\/wp-json\/wp\/v2\/media?parent=4190"}],"wp:term":[{"taxonomy":"product_brand","embeddable":true,"href":"https:\/\/www.jinchunmetal.com\/es\/wp-json\/wp\/v2\/product_brand?post=4190"},{"taxonomy":"product_cat","embeddable":true,"href":"https:\/\/www.jinchunmetal.com\/es\/wp-json\/wp\/v2\/product_cat?post=4190"},{"taxonomy":"product_tag","embeddable":true,"href":"https:\/\/www.jinchunmetal.com\/es\/wp-json\/wp\/v2\/product_tag?post=4190"}],"curies":[{"name":"wp","href":"https:\/\/api.w.org\/{rel}","templated":true}]}}