{"id":4245,"date":"2024-08-29T09:07:53","date_gmt":"2024-08-29T01:07:53","guid":{"rendered":"https:\/\/www.jinchunmetal.com\/?post_type=product&#038;p=4245"},"modified":"2025-05-29T11:26:01","modified_gmt":"2025-05-29T03:26:01","slug":"spherical-metal-powders-cast-tungsten-carbide-wc-powder","status":"publish","type":"product","link":"https:\/\/www.jinchunmetal.com\/es\/producto\/spherical-metal-powders-cast-tungsten-carbide-wc-powder\/","title":{"rendered":"Polvos met\u00e1licos esf\u00e9ricos Polvo de carburo de wolframio (WC) colado"},"content":{"rendered":"<p><strong>Car\u00e1cter del producto<\/strong><\/p>\n<p>Spherical cast tungsten carbide powder is suitable for producing wear-resistant coatings through processes such as plasma transfer arc welding (PTA), laser cladding, and thermal spraying due to its unique preparation process and excellent performance. A coating made of spherical cast tungsten carbide as the hard phase and molten nickel, cobalt, and iron alloys as the bonding phase can strengthen the surface of mechanical parts, improve wear resistance, and extend service life. It has broad application prospects in mining, oil drilling, engineering machinery, aerospace and other fields.<\/p>\n<p>&nbsp;<\/p>\n<p><strong>2.Especificaci\u00f3n<\/strong><\/p>\n<p><b>Spherical Cast Tungsten Carbide Powder<\/b><\/p>\n<table width=\"766\">\n<tbody>\n<tr>\n<td colspan=\"10\" width=\"766\">Composici\u00f3n qu\u00edmica (peso %)<\/td>\n<\/tr>\n<tr>\n<td width=\"131\">Elemento<\/td>\n<td>W<\/td>\n<td>T.C<\/td>\n<td>F.C<\/td>\n<td>Fe<\/td>\n<td>Cr<\/td>\n<td>V<\/td>\n<td>Si<\/td>\n<td>Mo+Co+Ni<\/td>\n<td>O<\/td>\n<\/tr>\n<tr>\n<td width=\"131\">Est\u00e1ndar<\/td>\n<td>\u226595<\/td>\n<td>3.7~4.1<\/td>\n<td>\u22640.2<\/td>\n<td>\u22640.5<\/td>\n<td>\u22640.1<\/td>\n<td>\u22640.1<\/td>\n<td>\u22640.01<\/td>\n<td>\u22640.05<\/td>\n<td>\u22640.03<\/td>\n<\/tr>\n<tr>\n<td width=\"131\">typical<\/td>\n<td>95.31<\/td>\n<td>4.01<\/td>\n<td>0.163<\/td>\n<td>0.168<\/td>\n<td>0.0085<\/td>\n<td>0.0005<\/td>\n<td>0.0033<\/td>\n<td>0.027<\/td>\n<td>0.026<\/td>\n<\/tr>\n<\/tbody>\n<\/table>\n<p>&nbsp;<\/p>\n<table style=\"height: 187px;\" width=\"672\">\n<tbody>\n<tr>\n<td width=\"72\">Spherical Cast Tungsten Carbide powder<\/td>\n<td colspan=\"3\" width=\"216\">45~100\u03bcm<br \/>\nDistribuci\u00f3n del tama\u00f1o de las part\u00edculas<\/td>\n<td width=\"108\">Flow Rate<br \/>\n(sec. for 50 g)<\/td>\n<td width=\"131\">Densidad aparente (g\/cm3)<\/td>\n<td width=\"101\">Densidad del grifo (g\/cm3)<\/td>\n<\/tr>\n<tr>\n<td><\/td>\n<td width=\"72\">D10<\/td>\n<td width=\"72\">D50<\/td>\n<td width=\"72\">D90<\/td>\n<td width=\"108\"><\/td>\n<td width=\"131\"><\/td>\n<td width=\"101\"><\/td>\n<\/tr>\n<tr>\n<td width=\"72\">T\u00edpico<\/td>\n<td width=\"72\">48.2\u03bcm<\/td>\n<td>80.5\u03bcm<\/td>\n<td>100.3\u03bcm<\/td>\n<td width=\"108\">4.3<\/td>\n<td width=\"131\">10.46<\/td>\n<td width=\"101\">12.13<\/td>\n<\/tr>\n<\/tbody>\n<\/table>\n<p>&nbsp;<\/p>\n<table style=\"height: 189px;\" width=\"670\">\n<tbody>\n<tr>\n<td width=\"72\">Spherical Cast Tungsten Carbide powder<\/td>\n<td colspan=\"3\" width=\"216\">\uff1c45\u03bcm<br \/>\nDistribuci\u00f3n del tama\u00f1o de las part\u00edculas<\/td>\n<td width=\"92\">Flow Rate<br \/>\n(sec. for 50 g)<\/td>\n<td width=\"116\">Densidad aparente (g\/cm3)<\/td>\n<td width=\"101\">\u00a0HV0.1<br \/>\n( kg\/mm2)<\/td>\n<\/tr>\n<tr>\n<td><\/td>\n<td width=\"72\">D10<\/td>\n<td width=\"72\">D50<\/td>\n<td width=\"72\">D90<\/td>\n<td><\/td>\n<td><\/td>\n<td><\/td>\n<\/tr>\n<tr>\n<td width=\"72\">T\u00edpico<\/td>\n<td width=\"72\">27.56\u03bcm<\/td>\n<td>34.50\u03bcm<\/td>\n<td>43.8\u03bcm<\/td>\n<td width=\"92\">6.99<\/td>\n<td width=\"116\">9.35<\/td>\n<td width=\"101\">2710<\/td>\n<\/tr>\n<\/tbody>\n<\/table>\n<p>&nbsp;<\/p>\n<p>&nbsp;<\/p>\n<p><strong>3.Im\u00e1genes de la morfolog\u00eda SEM del polvo<\/strong><\/p>\n<p><img loading=\"lazy\" decoding=\"async\" class=\"alignnone size-medium wp-image-4246\" src=\"https:\/\/www.jinchunmetal.com\/wp-content\/uploads\/2024\/08\/cast-tungsten-carbide-powder-4-2-300x240.jpg\" alt=\"\" width=\"300\" height=\"240\" srcset=\"https:\/\/www.jinchunmetal.com\/wp-content\/uploads\/2024\/08\/cast-tungsten-carbide-powder-4-2-300x240.jpg 300w, https:\/\/www.jinchunmetal.com\/wp-content\/uploads\/2024\/08\/cast-tungsten-carbide-powder-4-2-15x12.jpg 15w, https:\/\/www.jinchunmetal.com\/wp-content\/uploads\/2024\/08\/cast-tungsten-carbide-powder-4-2.jpg 597w\" sizes=\"auto, (max-width: 300px) 100vw, 300px\" \/> <img loading=\"lazy\" decoding=\"async\" class=\"alignnone wp-image-4247\" src=\"https:\/\/www.jinchunmetal.com\/wp-content\/uploads\/2024\/08\/cast-tungsten-carbide-powder-4-4.jpg\" alt=\"\" width=\"300\" height=\"239\" srcset=\"https:\/\/www.jinchunmetal.com\/wp-content\/uploads\/2024\/08\/cast-tungsten-carbide-powder-4-4.jpg 263w, https:\/\/www.jinchunmetal.com\/wp-content\/uploads\/2024\/08\/cast-tungsten-carbide-powder-4-4-15x12.jpg 15w\" sizes=\"auto, (max-width: 300px) 100vw, 300px\" \/> <img loading=\"lazy\" decoding=\"async\" class=\"alignnone wp-image-4248\" src=\"https:\/\/www.jinchunmetal.com\/wp-content\/uploads\/2024\/08\/cast-tungsten-carbide-powder-4-5.jpg\" alt=\"\" width=\"298\" height=\"239\" srcset=\"https:\/\/www.jinchunmetal.com\/wp-content\/uploads\/2024\/08\/cast-tungsten-carbide-powder-4-5.jpg 262w, https:\/\/www.jinchunmetal.com\/wp-content\/uploads\/2024\/08\/cast-tungsten-carbide-powder-4-5-15x12.jpg 15w\" sizes=\"auto, (max-width: 298px) 100vw, 298px\" \/> <img loading=\"lazy\" decoding=\"async\" class=\"alignnone size-medium wp-image-4249\" src=\"https:\/\/www.jinchunmetal.com\/wp-content\/uploads\/2024\/08\/CAST-tungsten-carbide-powder-300x240.jpg\" alt=\"\" width=\"300\" height=\"240\" srcset=\"https:\/\/www.jinchunmetal.com\/wp-content\/uploads\/2024\/08\/CAST-tungsten-carbide-powder-300x240.jpg 300w, https:\/\/www.jinchunmetal.com\/wp-content\/uploads\/2024\/08\/CAST-tungsten-carbide-powder-15x12.jpg 15w, https:\/\/www.jinchunmetal.com\/wp-content\/uploads\/2024\/08\/CAST-tungsten-carbide-powder.jpg 598w\" sizes=\"auto, (max-width: 300px) 100vw, 300px\" \/><\/p>\n<p><strong>Im\u00e1genes de producci\u00f3n y pruebas:<\/strong><br \/>\n<img loading=\"lazy\" decoding=\"async\" class=\"alignnone wp-image-4145\" src=\"https:\/\/www.jinchunmetal.com\/wp-content\/uploads\/2024\/08\/\u5fae\u4fe1\u56fe\u7247_20240801152721-1-300x203.png\" alt=\"\" width=\"443\" height=\"300\" srcset=\"https:\/\/www.jinchunmetal.com\/wp-content\/uploads\/2024\/08\/\u5fae\u4fe1\u56fe\u7247_20240801152721-1-300x203.png 300w, https:\/\/www.jinchunmetal.com\/wp-content\/uploads\/2024\/08\/\u5fae\u4fe1\u56fe\u7247_20240801152721-1-1024x691.png 1024w, https:\/\/www.jinchunmetal.com\/wp-content\/uploads\/2024\/08\/\u5fae\u4fe1\u56fe\u7247_20240801152721-1-768x518.png 768w, https:\/\/www.jinchunmetal.com\/wp-content\/uploads\/2024\/08\/\u5fae\u4fe1\u56fe\u7247_20240801152721-1-18x12.png 18w, https:\/\/www.jinchunmetal.com\/wp-content\/uploads\/2024\/08\/\u5fae\u4fe1\u56fe\u7247_20240801152721-1-800x540.png 800w, https:\/\/www.jinchunmetal.com\/wp-content\/uploads\/2024\/08\/\u5fae\u4fe1\u56fe\u7247_20240801152721-1.png 1222w\" sizes=\"auto, (max-width: 443px) 100vw, 443px\" \/><img loading=\"lazy\" decoding=\"async\" class=\"alignnone wp-image-4146\" src=\"https:\/\/www.jinchunmetal.com\/wp-content\/uploads\/2024\/08\/\u5fae\u4fe1\u56fe\u7247_20240801152725-1-300x226.png\" alt=\"\" width=\"397\" height=\"299\" srcset=\"https:\/\/www.jinchunmetal.com\/wp-content\/uploads\/2024\/08\/\u5fae\u4fe1\u56fe\u7247_20240801152725-1-300x226.png 300w, https:\/\/www.jinchunmetal.com\/wp-content\/uploads\/2024\/08\/\u5fae\u4fe1\u56fe\u7247_20240801152725-1-1024x770.png 1024w, https:\/\/www.jinchunmetal.com\/wp-content\/uploads\/2024\/08\/\u5fae\u4fe1\u56fe\u7247_20240801152725-1-768x578.png 768w, https:\/\/www.jinchunmetal.com\/wp-content\/uploads\/2024\/08\/\u5fae\u4fe1\u56fe\u7247_20240801152725-1-16x12.png 16w, https:\/\/www.jinchunmetal.com\/wp-content\/uploads\/2024\/08\/\u5fae\u4fe1\u56fe\u7247_20240801152725-1-800x602.png 800w, https:\/\/www.jinchunmetal.com\/wp-content\/uploads\/2024\/08\/\u5fae\u4fe1\u56fe\u7247_20240801152725-1.png 1046w\" sizes=\"auto, (max-width: 397px) 100vw, 397px\" \/><img loading=\"lazy\" decoding=\"async\" class=\"alignnone size-medium wp-image-4144\" src=\"https:\/\/www.jinchunmetal.com\/wp-content\/uploads\/2024\/08\/\u5fae\u4fe1\u56fe\u7247_20240801152708-1-276x300.png\" alt=\"\" width=\"276\" height=\"300\" srcset=\"https:\/\/www.jinchunmetal.com\/wp-content\/uploads\/2024\/08\/\u5fae\u4fe1\u56fe\u7247_20240801152708-1-276x300.png 276w, https:\/\/www.jinchunmetal.com\/wp-content\/uploads\/2024\/08\/\u5fae\u4fe1\u56fe\u7247_20240801152708-1-11x12.png 11w, https:\/\/www.jinchunmetal.com\/wp-content\/uploads\/2024\/08\/\u5fae\u4fe1\u56fe\u7247_20240801152708-1.png 598w\" sizes=\"auto, (max-width: 276px) 100vw, 276px\" \/><\/p>\n<p><img loading=\"lazy\" decoding=\"async\" class=\"alignnone wp-image-4149\" src=\"https:\/\/www.jinchunmetal.com\/wp-content\/uploads\/2024\/08\/RF-plasma-spheroidization-1-300x217.png\" alt=\"\" width=\"314\" height=\"227\" srcset=\"https:\/\/www.jinchunmetal.com\/wp-content\/uploads\/2024\/08\/RF-plasma-spheroidization-1-300x217.png 300w, https:\/\/www.jinchunmetal.com\/wp-content\/uploads\/2024\/08\/RF-plasma-spheroidization-1-18x12.png 18w, https:\/\/www.jinchunmetal.com\/wp-content\/uploads\/2024\/08\/RF-plasma-spheroidization-1.png 403w\" sizes=\"auto, (max-width: 314px) 100vw, 314px\" \/><img loading=\"lazy\" decoding=\"async\" class=\"alignnone size-medium wp-image-4148\" src=\"https:\/\/www.jinchunmetal.com\/wp-content\/uploads\/2024\/08\/\u5fae\u4fe1\u56fe\u7247_20240709145011-1-300x225.jpg\" alt=\"\" width=\"300\" height=\"225\" srcset=\"https:\/\/www.jinchunmetal.com\/wp-content\/uploads\/2024\/08\/\u5fae\u4fe1\u56fe\u7247_20240709145011-1-300x225.jpg 300w, https:\/\/www.jinchunmetal.com\/wp-content\/uploads\/2024\/08\/\u5fae\u4fe1\u56fe\u7247_20240709145011-1-1024x768.jpg 1024w, https:\/\/www.jinchunmetal.com\/wp-content\/uploads\/2024\/08\/\u5fae\u4fe1\u56fe\u7247_20240709145011-1-768x576.jpg 768w, https:\/\/www.jinchunmetal.com\/wp-content\/uploads\/2024\/08\/\u5fae\u4fe1\u56fe\u7247_20240709145011-1-1536x1152.jpg 1536w, https:\/\/www.jinchunmetal.com\/wp-content\/uploads\/2024\/08\/\u5fae\u4fe1\u56fe\u7247_20240709145011-1-2048x1536.jpg 2048w, https:\/\/www.jinchunmetal.com\/wp-content\/uploads\/2024\/08\/\u5fae\u4fe1\u56fe\u7247_20240709145011-1-16x12.jpg 16w, https:\/\/www.jinchunmetal.com\/wp-content\/uploads\/2024\/08\/\u5fae\u4fe1\u56fe\u7247_20240709145011-1-800x600.jpg 800w\" sizes=\"auto, (max-width: 300px) 100vw, 300px\" \/><img loading=\"lazy\" decoding=\"async\" class=\"alignnone size-medium wp-image-4147\" src=\"https:\/\/www.jinchunmetal.com\/wp-content\/uploads\/2024\/08\/\u5fae\u4fe1\u56fe\u7247_20240801152730-1-300x226.png\" alt=\"\" width=\"300\" height=\"226\" srcset=\"https:\/\/www.jinchunmetal.com\/wp-content\/uploads\/2024\/08\/\u5fae\u4fe1\u56fe\u7247_20240801152730-1-300x226.png 300w, https:\/\/www.jinchunmetal.com\/wp-content\/uploads\/2024\/08\/\u5fae\u4fe1\u56fe\u7247_20240801152730-1-768x579.png 768w, https:\/\/www.jinchunmetal.com\/wp-content\/uploads\/2024\/08\/\u5fae\u4fe1\u56fe\u7247_20240801152730-1-16x12.png 16w, https:\/\/www.jinchunmetal.com\/wp-content\/uploads\/2024\/08\/\u5fae\u4fe1\u56fe\u7247_20240801152730-1.png 787w\" sizes=\"auto, (max-width: 300px) 100vw, 300px\" \/><\/p>\n<p>&nbsp;<\/p>\n<p><strong>4.Aplicaci\u00f3n<\/strong><\/p>\n<ul>\n<li>The spherical cast tungsten carbide powder produced by our company has a high spheroidization rate (&gt;95%), good sphericity, and excellent performance. It can be used in the production of plasma transfer arc welding (PTA), laser cladding, thermal spraying, etc.<\/li>\n<\/ul>\n<p><img loading=\"lazy\" decoding=\"async\" class=\"alignnone size-medium wp-image-4209\" src=\"https:\/\/www.jinchunmetal.com\/wp-content\/uploads\/2024\/08\/laser-cladding-300x199.jpg\" alt=\"\" width=\"300\" height=\"199\" srcset=\"https:\/\/www.jinchunmetal.com\/wp-content\/uploads\/2024\/08\/laser-cladding-300x199.jpg 300w, https:\/\/www.jinchunmetal.com\/wp-content\/uploads\/2024\/08\/laser-cladding-1024x678.jpg 1024w, https:\/\/www.jinchunmetal.com\/wp-content\/uploads\/2024\/08\/laser-cladding-768x508.jpg 768w, https:\/\/www.jinchunmetal.com\/wp-content\/uploads\/2024\/08\/laser-cladding-1536x1017.jpg 1536w, https:\/\/www.jinchunmetal.com\/wp-content\/uploads\/2024\/08\/laser-cladding-18x12.jpg 18w, https:\/\/www.jinchunmetal.com\/wp-content\/uploads\/2024\/08\/laser-cladding-800x530.jpg 800w, https:\/\/www.jinchunmetal.com\/wp-content\/uploads\/2024\/08\/laser-cladding.jpg 2000w\" sizes=\"auto, (max-width: 300px) 100vw, 300px\" \/><img loading=\"lazy\" decoding=\"async\" class=\"alignnone size-medium wp-image-4250\" src=\"https:\/\/www.jinchunmetal.com\/wp-content\/uploads\/2024\/08\/Spraying-1-1-300x200.jpg\" alt=\"\" width=\"300\" height=\"200\" srcset=\"https:\/\/www.jinchunmetal.com\/wp-content\/uploads\/2024\/08\/Spraying-1-1-300x200.jpg 300w, https:\/\/www.jinchunmetal.com\/wp-content\/uploads\/2024\/08\/Spraying-1-1-1024x681.jpg 1024w, https:\/\/www.jinchunmetal.com\/wp-content\/uploads\/2024\/08\/Spraying-1-1-768x511.jpg 768w, https:\/\/www.jinchunmetal.com\/wp-content\/uploads\/2024\/08\/Spraying-1-1-1536x1022.jpg 1536w, https:\/\/www.jinchunmetal.com\/wp-content\/uploads\/2024\/08\/Spraying-1-1-18x12.jpg 18w, https:\/\/www.jinchunmetal.com\/wp-content\/uploads\/2024\/08\/Spraying-1-1-800x532.jpg 800w, https:\/\/www.jinchunmetal.com\/wp-content\/uploads\/2024\/08\/Spraying-1-1.jpg 2000w\" sizes=\"auto, (max-width: 300px) 100vw, 300px\" \/> <img loading=\"lazy\" decoding=\"async\" class=\"alignnone wp-image-4251\" src=\"https:\/\/www.jinchunmetal.com\/wp-content\/uploads\/2024\/08\/PTA-300x214.jpg\" alt=\"\" width=\"281\" height=\"200\" srcset=\"https:\/\/www.jinchunmetal.com\/wp-content\/uploads\/2024\/08\/PTA-300x214.jpg 300w, https:\/\/www.jinchunmetal.com\/wp-content\/uploads\/2024\/08\/PTA-1024x732.jpg 1024w, https:\/\/www.jinchunmetal.com\/wp-content\/uploads\/2024\/08\/PTA-768x549.jpg 768w, https:\/\/www.jinchunmetal.com\/wp-content\/uploads\/2024\/08\/PTA-1536x1097.jpg 1536w, https:\/\/www.jinchunmetal.com\/wp-content\/uploads\/2024\/08\/PTA-18x12.jpg 18w, https:\/\/www.jinchunmetal.com\/wp-content\/uploads\/2024\/08\/PTA-800x572.jpg 800w, https:\/\/www.jinchunmetal.com\/wp-content\/uploads\/2024\/08\/PTA.jpg 2000w\" sizes=\"auto, (max-width: 281px) 100vw, 281px\" \/><\/p>","protected":false},"excerpt":{"rendered":"<p>Car\u00e1cter del producto\uff1a<\/p>\n<p>Spherical cast tungsten carbide powder is suitable for producing wear-resistant coatings through processes such as plasma transfer arc welding (PTA), laser cladding, and thermal spraying due to its unique preparation process and excellent performance. A coating made of spherical cast tungsten carbide as the hard phase and molten nickel, cobalt, and iron alloys as the bonding phase can strengthen the surface of mechanical parts, improve wear resistance, and extend service life. It has broad application prospects in mining, oil drilling, engineering machinery, aerospace and other fields.<\/p>\n<table>\n<tbody>\n<tr>\n<td>Marca<\/td>\n<td>Jinchun<\/td>\n<\/tr>\n<tr>\n<td>Origen<\/td>\n<td>China<\/td>\n<\/tr>\n<tr>\n<td>Nombre del producto<\/td>\n<td>Spherical Cast Tungsten Carbide powder<\/td>\n<\/tr>\n<tr>\n<td>Aplicaci\u00f3n<\/td>\n<td>\u00a0Plasma transfer arc welding (PTA), laser cladding, thermal spraying, etc.<\/td>\n<\/tr>\n<tr>\n<td>Forma<\/td>\n<td>Polvo<\/td>\n<\/tr>\n<tr>\n<td>Color<\/td>\n<td>Metal negro<\/td>\n<\/tr>\n<tr>\n<td>Talla<\/td>\n<td>45-425\u03bcm, 45-100\u03bcm, \uff1c45\u03bcm,\u00a0 or customized.<\/td>\n<\/tr>\n<tr>\n<td>Est\u00e1ndar<\/td>\n<td>GB\/T 19001-2016\/ISO9001: 2015<\/td>\n<\/tr>\n<tr>\n<td>Pureza<\/td>\n<td>\u00a0W: 95.0% min<\/td>\n<\/tr>\n<tr>\n<td>Material<\/td>\n<td>Cast Tungsten Carbide<\/td>\n<\/tr>\n<tr>\n<td>Embalaje<\/td>\n<td>Envasado al vac\u00edo<\/td>\n<\/tr>\n<\/tbody>\n<\/table>","protected":false},"featured_media":4246,"comment_status":"open","ping_status":"closed","template":"","meta":{"_acf_changed":false},"product_brand":[],"product_cat":[60],"product_tag":[],"class_list":{"0":"post-4245","1":"product","2":"type-product","3":"status-publish","4":"has-post-thumbnail","6":"product_cat-spherical-metal-powders","8":"first","9":"instock","10":"shipping-taxable","11":"product-type-simple"},"acf":[],"yoast_head":"<!-- This site is optimized with the Yoast SEO plugin v23.2 - https:\/\/yoast.com\/wordpress\/plugins\/seo\/ -->\n<title>Spherical Metal Powders Cast Tungsten Carbide (WC) Powder - Jinchun %<\/title>\n<meta name=\"description\" content=\"We are a Metal Materials manufacturer in China With rich experience in Spherical Metal Powders Cast Tungsten Carbide (WC) Powder , with Competitive price and top quality.\" \/>\n<meta name=\"robots\" content=\"index, follow, max-snippet:-1, max-image-preview:large, max-video-preview:-1\" \/>\n<link rel=\"canonical\" href=\"https:\/\/www.jinchunmetal.com\/es\/producto\/spherical-metal-powders-cast-tungsten-carbide-wc-powder\/\" \/>\n<meta property=\"og:locale\" content=\"es_ES\" \/>\n<meta property=\"og:type\" content=\"article\" \/>\n<meta property=\"og:title\" content=\"Spherical Metal Powders Cast Tungsten Carbide (WC) Powder - Jinchun %\" \/>\n<meta property=\"og:description\" content=\"We are a Metal Materials manufacturer in China With rich experience in Spherical Metal Powders Cast Tungsten Carbide (WC) Powder , with Competitive price and top quality.\" \/>\n<meta property=\"og:url\" content=\"https:\/\/www.jinchunmetal.com\/es\/producto\/spherical-metal-powders-cast-tungsten-carbide-wc-powder\/\" \/>\n<meta property=\"og:site_name\" content=\"Chengdu Jinchun Metallic Materials Co.,Ltd.\" \/>\n<meta property=\"article:modified_time\" content=\"2025-05-29T03:26:01+00:00\" \/>\n<meta property=\"og:image\" content=\"https:\/\/www.jinchunmetal.com\/wp-content\/uploads\/2024\/08\/cast-tungsten-carbide-powder-4-2.jpg\" \/>\n\t<meta property=\"og:image:width\" content=\"597\" \/>\n\t<meta property=\"og:image:height\" content=\"478\" \/>\n\t<meta property=\"og:image:type\" content=\"image\/jpeg\" \/>\n<meta name=\"twitter:card\" content=\"summary_large_image\" \/>\n<meta name=\"twitter:label1\" content=\"Tiempo de lectura\" \/>\n\t<meta name=\"twitter:data1\" content=\"5 minutos\" \/>\n<script type=\"application\/ld+json\" class=\"yoast-schema-graph\">{\"@context\":\"https:\/\/schema.org\",\"@graph\":[{\"@type\":\"WebPage\",\"@id\":\"https:\/\/www.jinchunmetal.com\/product\/spherical-metal-powders-cast-tungsten-carbide-wc-powder\/\",\"url\":\"https:\/\/www.jinchunmetal.com\/product\/spherical-metal-powders-cast-tungsten-carbide-wc-powder\/\",\"name\":\"Spherical Metal Powders Cast Tungsten Carbide (WC) Powder - Jinchun %\",\"isPartOf\":{\"@id\":\"https:\/\/www.jinchunmetal.com\/#website\"},\"primaryImageOfPage\":{\"@id\":\"https:\/\/www.jinchunmetal.com\/product\/spherical-metal-powders-cast-tungsten-carbide-wc-powder\/#primaryimage\"},\"image\":{\"@id\":\"https:\/\/www.jinchunmetal.com\/product\/spherical-metal-powders-cast-tungsten-carbide-wc-powder\/#primaryimage\"},\"thumbnailUrl\":\"https:\/\/www.jinchunmetal.com\/wp-content\/uploads\/2024\/08\/cast-tungsten-carbide-powder-4-2.jpg\",\"datePublished\":\"2024-08-29T01:07:53+00:00\",\"dateModified\":\"2025-05-29T03:26:01+00:00\",\"description\":\"We are a Metal Materials manufacturer in China With rich experience in Spherical Metal Powders Cast Tungsten Carbide (WC) Powder , with Competitive price and top quality.\",\"breadcrumb\":{\"@id\":\"https:\/\/www.jinchunmetal.com\/product\/spherical-metal-powders-cast-tungsten-carbide-wc-powder\/#breadcrumb\"},\"inLanguage\":\"es\",\"potentialAction\":[{\"@type\":\"ReadAction\",\"target\":[\"https:\/\/www.jinchunmetal.com\/product\/spherical-metal-powders-cast-tungsten-carbide-wc-powder\/\"]}]},{\"@type\":\"ImageObject\",\"inLanguage\":\"es\",\"@id\":\"https:\/\/www.jinchunmetal.com\/product\/spherical-metal-powders-cast-tungsten-carbide-wc-powder\/#primaryimage\",\"url\":\"https:\/\/www.jinchunmetal.com\/wp-content\/uploads\/2024\/08\/cast-tungsten-carbide-powder-4-2.jpg\",\"contentUrl\":\"https:\/\/www.jinchunmetal.com\/wp-content\/uploads\/2024\/08\/cast-tungsten-carbide-powder-4-2.jpg\",\"width\":597,\"height\":478},{\"@type\":\"BreadcrumbList\",\"@id\":\"https:\/\/www.jinchunmetal.com\/product\/spherical-metal-powders-cast-tungsten-carbide-wc-powder\/#breadcrumb\",\"itemListElement\":[{\"@type\":\"ListItem\",\"position\":1,\"name\":\"\u9996\u9875\",\"item\":\"https:\/\/www.jinchunmetal.com\/\"},{\"@type\":\"ListItem\",\"position\":2,\"name\":\"Products\",\"item\":\"https:\/\/www.jinchunmetal.com\/fr_fr\/products\/\"},{\"@type\":\"ListItem\",\"position\":3,\"name\":\"Spherical Metal Powders Cast Tungsten Carbide (WC) Powder\"}]},{\"@type\":\"WebSite\",\"@id\":\"https:\/\/www.jinchunmetal.com\/#website\",\"url\":\"https:\/\/www.jinchunmetal.com\/\",\"name\":\"Chengdu Jinchun Metallic Materials Co.,Ltd.\",\"description\":\"Jinchun Metal\",\"potentialAction\":[{\"@type\":\"SearchAction\",\"target\":{\"@type\":\"EntryPoint\",\"urlTemplate\":\"https:\/\/www.jinchunmetal.com\/?s={search_term_string}\"},\"query-input\":\"required name=search_term_string\"}],\"inLanguage\":\"es\"}]}<\/script>\n<!-- \/ Yoast SEO plugin. -->","yoast_head_json":{"title":"Spherical Metal Powders Cast Tungsten Carbide (WC) Powder - Jinchun %","description":"We are a Metal Materials manufacturer in China With rich experience in Spherical Metal Powders Cast Tungsten Carbide (WC) Powder , with Competitive price and top quality.","robots":{"index":"index","follow":"follow","max-snippet":"max-snippet:-1","max-image-preview":"max-image-preview:large","max-video-preview":"max-video-preview:-1"},"canonical":"https:\/\/www.jinchunmetal.com\/es\/producto\/spherical-metal-powders-cast-tungsten-carbide-wc-powder\/","og_locale":"es_ES","og_type":"article","og_title":"Spherical Metal Powders Cast Tungsten Carbide (WC) Powder - Jinchun %","og_description":"We are a Metal Materials manufacturer in China With rich experience in Spherical Metal Powders Cast Tungsten Carbide (WC) Powder , with Competitive price and top quality.","og_url":"https:\/\/www.jinchunmetal.com\/es\/producto\/spherical-metal-powders-cast-tungsten-carbide-wc-powder\/","og_site_name":"Chengdu Jinchun Metallic Materials Co.,Ltd.","article_modified_time":"2025-05-29T03:26:01+00:00","og_image":[{"width":597,"height":478,"url":"https:\/\/www.jinchunmetal.com\/wp-content\/uploads\/2024\/08\/cast-tungsten-carbide-powder-4-2.jpg","type":"image\/jpeg"}],"twitter_card":"summary_large_image","twitter_misc":{"Tiempo de lectura":"5 minutos"},"schema":{"@context":"https:\/\/schema.org","@graph":[{"@type":"WebPage","@id":"https:\/\/www.jinchunmetal.com\/product\/spherical-metal-powders-cast-tungsten-carbide-wc-powder\/","url":"https:\/\/www.jinchunmetal.com\/product\/spherical-metal-powders-cast-tungsten-carbide-wc-powder\/","name":"Spherical Metal Powders Cast Tungsten Carbide (WC) Powder - Jinchun %","isPartOf":{"@id":"https:\/\/www.jinchunmetal.com\/#website"},"primaryImageOfPage":{"@id":"https:\/\/www.jinchunmetal.com\/product\/spherical-metal-powders-cast-tungsten-carbide-wc-powder\/#primaryimage"},"image":{"@id":"https:\/\/www.jinchunmetal.com\/product\/spherical-metal-powders-cast-tungsten-carbide-wc-powder\/#primaryimage"},"thumbnailUrl":"https:\/\/www.jinchunmetal.com\/wp-content\/uploads\/2024\/08\/cast-tungsten-carbide-powder-4-2.jpg","datePublished":"2024-08-29T01:07:53+00:00","dateModified":"2025-05-29T03:26:01+00:00","description":"We are a Metal Materials manufacturer in China With rich experience in Spherical Metal Powders Cast Tungsten Carbide (WC) Powder , with Competitive price and top quality.","breadcrumb":{"@id":"https:\/\/www.jinchunmetal.com\/product\/spherical-metal-powders-cast-tungsten-carbide-wc-powder\/#breadcrumb"},"inLanguage":"es","potentialAction":[{"@type":"ReadAction","target":["https:\/\/www.jinchunmetal.com\/product\/spherical-metal-powders-cast-tungsten-carbide-wc-powder\/"]}]},{"@type":"ImageObject","inLanguage":"es","@id":"https:\/\/www.jinchunmetal.com\/product\/spherical-metal-powders-cast-tungsten-carbide-wc-powder\/#primaryimage","url":"https:\/\/www.jinchunmetal.com\/wp-content\/uploads\/2024\/08\/cast-tungsten-carbide-powder-4-2.jpg","contentUrl":"https:\/\/www.jinchunmetal.com\/wp-content\/uploads\/2024\/08\/cast-tungsten-carbide-powder-4-2.jpg","width":597,"height":478},{"@type":"BreadcrumbList","@id":"https:\/\/www.jinchunmetal.com\/product\/spherical-metal-powders-cast-tungsten-carbide-wc-powder\/#breadcrumb","itemListElement":[{"@type":"ListItem","position":1,"name":"\u9996\u9875","item":"https:\/\/www.jinchunmetal.com\/"},{"@type":"ListItem","position":2,"name":"Products","item":"https:\/\/www.jinchunmetal.com\/fr_fr\/products\/"},{"@type":"ListItem","position":3,"name":"Spherical Metal Powders Cast Tungsten Carbide (WC) Powder"}]},{"@type":"WebSite","@id":"https:\/\/www.jinchunmetal.com\/#website","url":"https:\/\/www.jinchunmetal.com\/","name":"Chengdu Jinchun Metallic Materials Co.,Ltd.","description":"Jinchun Metal","potentialAction":[{"@type":"SearchAction","target":{"@type":"EntryPoint","urlTemplate":"https:\/\/www.jinchunmetal.com\/?s={search_term_string}"},"query-input":"required name=search_term_string"}],"inLanguage":"es"}]}},"_links":{"self":[{"href":"https:\/\/www.jinchunmetal.com\/es\/wp-json\/wp\/v2\/product\/4245","targetHints":{"allow":["GET"]}}],"collection":[{"href":"https:\/\/www.jinchunmetal.com\/es\/wp-json\/wp\/v2\/product"}],"about":[{"href":"https:\/\/www.jinchunmetal.com\/es\/wp-json\/wp\/v2\/types\/product"}],"replies":[{"embeddable":true,"href":"https:\/\/www.jinchunmetal.com\/es\/wp-json\/wp\/v2\/comments?post=4245"}],"wp:featuredmedia":[{"embeddable":true,"href":"https:\/\/www.jinchunmetal.com\/es\/wp-json\/wp\/v2\/media\/4246"}],"wp:attachment":[{"href":"https:\/\/www.jinchunmetal.com\/es\/wp-json\/wp\/v2\/media?parent=4245"}],"wp:term":[{"taxonomy":"product_brand","embeddable":true,"href":"https:\/\/www.jinchunmetal.com\/es\/wp-json\/wp\/v2\/product_brand?post=4245"},{"taxonomy":"product_cat","embeddable":true,"href":"https:\/\/www.jinchunmetal.com\/es\/wp-json\/wp\/v2\/product_cat?post=4245"},{"taxonomy":"product_tag","embeddable":true,"href":"https:\/\/www.jinchunmetal.com\/es\/wp-json\/wp\/v2\/product_tag?post=4245"}],"curies":[{"name":"wp","href":"https:\/\/api.w.org\/{rel}","templated":true}]}}