{"id":4380,"date":"2024-09-04T16:14:16","date_gmt":"2024-09-04T08:14:16","guid":{"rendered":"https:\/\/www.jinchunmetal.com\/?post_type=product&#038;p=4380"},"modified":"2025-05-29T11:07:13","modified_gmt":"2025-05-29T03:07:13","slug":"absorbing-metal-materials-flaky-carbonyl-iron-powder-cip","status":"publish","type":"product","link":"https:\/\/www.jinchunmetal.com\/es\/producto\/absorbing-metal-materials-flaky-carbonyl-iron-powder-cip\/","title":{"rendered":"Materiales met\u00e1licos absorbentes Polvo de hierro carbon\u00edlico escamoso CIP"},"content":{"rendered":"<p><strong>Car\u00e1cter del producto<\/strong><\/p>\n<p>The raw material for flaky carbonyl iron powder is spherical carbonyl iron powder. Carbonyl iron powder itself has the characteristics of high saturation magnetic induction intensity, strong stability, and good dispersibility with other absorbing matrices. It is currently widely used as a magnetic medium type microwave absorber. Flaky carbonyl iron powder has high saturation.<\/p>\n<p>&nbsp;<\/p>\n<p><strong>2.Especificaci\u00f3n<\/strong><\/p>\n<p><strong>Flaky Carbonyl Iron Powder<\/strong><\/p>\n<p><strong><b>\uff08Physical parameters\uff09<\/b><\/strong><\/p>\n<table style=\"height: 687px;\" width=\"1489\">\n<tbody>\n<tr>\n<td width=\"62\"><strong><b>Tipo<\/b><\/strong><\/td>\n<td width=\"87\"><strong><b>Product<\/b><\/strong><\/td>\n<td width=\"52\"><strong><b>Apparent<\/b><\/strong>\u00a0<strong><b>Density<\/b><\/strong><\/p>\n<p><strong><b>\uff08<\/b><\/strong><strong><b>g\/cm3<\/b><\/strong><strong><b>\uff09<\/b><\/strong><\/td>\n<td width=\"68\"><strong><b>Tap <\/b><\/strong><strong><b>Density<\/b><\/strong><\/p>\n<p><strong><b>\uff08<\/b><\/strong><strong><b>g\/cm3<\/b><\/strong><strong><b>\uff09<\/b><\/strong><\/td>\n<td colspan=\"3\" width=\"174\"><strong><b>Particle size\uff08<\/b><\/strong><strong><b>\u00a0um<\/b><\/strong><strong><b>\uff09<\/b><\/strong><\/td>\n<td width=\"80\"><strong><b>\u00a0<\/b><\/strong><\/p>\n<p><strong><b>Thickness\uff08<\/b><\/strong><strong><b>\u00a0nm<\/b><\/strong><strong><b>\uff09<\/b><\/strong><\/td>\n<td width=\"87\"><strong><b>Sheet diameter\uff08<\/b><\/strong><strong><b>um<\/b><\/strong><strong><b>\uff09<\/b><\/strong><\/td>\n<\/tr>\n<tr>\n<td width=\"62\"><strong><b>\u00a0<\/b><\/strong><\/td>\n<td width=\"87\"><strong><b>\u00a0<\/b><\/strong><\/td>\n<td width=\"52\"><strong><b>\u00a0<\/b><\/strong><\/td>\n<td width=\"68\"><strong><b>\u00a0<\/b><\/strong><\/td>\n<td width=\"61\"><strong><b>D10<\/b><\/strong><\/td>\n<td width=\"51\"><strong><b>D50<\/b><\/strong><\/td>\n<td width=\"61\"><strong><b>D90<\/b><\/strong><\/td>\n<td width=\"80\"><strong><b>\u00a0<\/b><\/strong><\/td>\n<td width=\"87\"><strong><b>\u00a0<\/b><\/strong><\/td>\n<\/tr>\n<tr>\n<td width=\"62\">FMX-60<\/td>\n<td width=\"87\"><strong><b>Flak<\/b><\/strong><strong><b>y<\/b><\/strong><strong><b>\u00a0carbonyl iron powder<\/b><\/strong><\/p>\n<p>&nbsp;<\/td>\n<td width=\"52\">2.11<\/td>\n<td width=\"68\">3.72<\/td>\n<td width=\"61\">0.7-1.5<\/td>\n<td width=\"51\">2-5<\/td>\n<td width=\"61\">5-7<\/td>\n<td width=\"80\">200-250<\/td>\n<td width=\"87\">3-5<\/td>\n<\/tr>\n<tr>\n<td width=\"62\">FMZ-60<\/td>\n<td width=\"87\"><strong><b>Flak<\/b><\/strong><strong><b>y<\/b><\/strong><strong><b>\u00a0carbonyl iron powder<\/b><\/strong><\/p>\n<p>&nbsp;<\/td>\n<td width=\"52\">2.85<\/td>\n<td width=\"68\">3.86<\/td>\n<td width=\"61\">2-3.5<\/td>\n<td width=\"51\">6-8<\/td>\n<td width=\"61\">10-14<\/td>\n<td width=\"80\">300-350<\/td>\n<td width=\"87\">4-6<\/td>\n<\/tr>\n<tr>\n<td width=\"62\">FHC-35<\/td>\n<td width=\"87\"><strong><b>Flak<\/b><\/strong><strong><b>y<\/b><\/strong><strong><b>\u00a0carbonyl iron powder<\/b><\/strong><\/td>\n<td width=\"52\">1.96<\/td>\n<td width=\"68\">3.22<\/td>\n<td width=\"61\">3-5<\/td>\n<td width=\"51\">7-10<\/td>\n<td width=\"61\">12-16<\/td>\n<td width=\"80\">300-450<\/td>\n<td width=\"87\">5-8<\/td>\n<\/tr>\n<tr>\n<td width=\"62\">FHC-5<\/td>\n<td width=\"87\"><strong><b>Flak<\/b><\/strong><strong><b>y<\/b><\/strong><strong><b>\u00a0carbonyl iron powder<\/b><\/strong><\/td>\n<td width=\"52\">1.57<\/td>\n<td width=\"68\">2.95<\/td>\n<td width=\"61\">4-8<\/td>\n<td width=\"51\">10-16<\/td>\n<td width=\"61\">18-28<\/td>\n<td width=\"80\">150-220<\/td>\n<td width=\"87\">9-12<\/td>\n<\/tr>\n<tr>\n<td width=\"62\">HF8-2.5<\/td>\n<td width=\"87\"><strong><b>Flak<\/b><\/strong><strong><b>y<\/b><\/strong><strong><b>\u00a0carbonyl iron powder<\/b><\/strong><\/p>\n<p>&nbsp;<\/td>\n<td width=\"52\">0.45<\/td>\n<td width=\"68\">1.12<\/td>\n<td width=\"61\">10-12<\/td>\n<td width=\"51\">15-25<\/td>\n<td width=\"61\">26-38<\/td>\n<td width=\"80\">100-130<\/td>\n<td width=\"87\">15-25<\/td>\n<\/tr>\n<\/tbody>\n<\/table>\n<p><strong><b>\uff08Electromagnetic parameters\uff09<\/b><\/strong><\/p>\n<table style=\"height: 399px;\" width=\"1485\">\n<tbody>\n<tr>\n<td width=\"86\"><strong><b>Tipo<\/b><\/strong><\/td>\n<td width=\"89\"><strong><b>Average Sheet diameter<\/b><\/strong><\/td>\n<td width=\"62\"><strong><b>e`<\/b><\/strong><\/td>\n<td width=\"58\"><strong><b>e&#8220;<\/b><\/strong><\/td>\n<td width=\"53\"><strong><b>u`<\/b><\/strong><\/td>\n<td width=\"53\"><strong><b>u&#8220;<\/b><\/strong><\/td>\n<td width=\"89\"><strong><b>Test frequency<\/b><\/strong><\/td>\n<td width=\"83\"><strong><b>Concentration<\/b><\/strong><\/td>\n<\/tr>\n<tr>\n<td width=\"86\">FMX-60<\/td>\n<td width=\"89\">3-5<\/td>\n<td width=\"62\">\u226520<\/td>\n<td width=\"58\">\u22642<\/td>\n<td width=\"53\">\u00a0\u00a0\u22656.5<\/td>\n<td width=\"53\">\u00a0\u00a0\u22642.5<\/td>\n<td width=\"89\">1GHz<\/td>\n<td width=\"83\">85<\/td>\n<\/tr>\n<tr>\n<td width=\"86\">FMZ-60<\/td>\n<td width=\"89\">6-8<\/td>\n<td width=\"62\">\u226515<\/td>\n<td width=\"58\">\u22642<\/td>\n<td width=\"53\">\u00a0\u00a0\u22655.0<\/td>\n<td width=\"53\">\u00a0\u00a0\u22641.5<\/td>\n<td width=\"89\">1GHz<\/td>\n<td width=\"83\">85<\/td>\n<\/tr>\n<tr>\n<td width=\"86\">FHC-35<\/td>\n<td width=\"89\">8-14<\/td>\n<td width=\"62\">\u226525<\/td>\n<td width=\"58\">\u22644<\/td>\n<td width=\"53\">\u00a0\u00a0\u22657<\/td>\n<td width=\"53\">\u00a0\u00a0\u22643<\/td>\n<td width=\"89\">1GHz<\/td>\n<td width=\"83\">85<\/td>\n<\/tr>\n<tr>\n<td width=\"86\">FHC-5<\/td>\n<td width=\"89\">10-18<\/td>\n<td width=\"62\">\u226530<\/td>\n<td width=\"58\">\u22644<\/td>\n<td width=\"53\">\u00a0\u00a0\u22657.5<\/td>\n<td width=\"53\">\u00a0\u00a0\u22643<\/td>\n<td width=\"89\">1GHz<\/td>\n<td width=\"83\">85<\/td>\n<\/tr>\n<tr>\n<td width=\"86\">HF8-2.5<\/td>\n<td width=\"89\">20-35<\/td>\n<td width=\"62\">\u226550<\/td>\n<td width=\"58\">\u22645<\/td>\n<td width=\"53\">\u00a0\u00a0\u22655<\/td>\n<td width=\"53\">\u00a0\u00a0\u22643<\/td>\n<td width=\"89\">1GHz<\/td>\n<td width=\"83\">85<\/td>\n<\/tr>\n<\/tbody>\n<\/table>\n<p>The product can be customized according to customer requirements and the dielectric can be adjusted.<\/p>\n<p>&nbsp;<\/p>\n<p><strong>3.Im\u00e1genes de la morfolog\u00eda SEM del polvo<\/strong><\/p>\n<p><img loading=\"lazy\" decoding=\"async\" class=\"alignnone size-full wp-image-4381\" src=\"https:\/\/www.jinchunmetal.com\/wp-content\/uploads\/2024\/09\/cip-1.png\" alt=\"\" width=\"552\" height=\"222\" srcset=\"https:\/\/www.jinchunmetal.com\/wp-content\/uploads\/2024\/09\/cip-1.png 552w, https:\/\/www.jinchunmetal.com\/wp-content\/uploads\/2024\/09\/cip-1-300x121.png 300w, https:\/\/www.jinchunmetal.com\/wp-content\/uploads\/2024\/09\/cip-1-18x7.png 18w\" sizes=\"auto, (max-width: 552px) 100vw, 552px\" \/> \u00a0\u00a0<img loading=\"lazy\" decoding=\"async\" class=\"alignnone size-full wp-image-4384\" src=\"https:\/\/www.jinchunmetal.com\/wp-content\/uploads\/2024\/09\/CIP4.png\" alt=\"\" width=\"551\" height=\"223\" srcset=\"https:\/\/www.jinchunmetal.com\/wp-content\/uploads\/2024\/09\/CIP4.png 551w, https:\/\/www.jinchunmetal.com\/wp-content\/uploads\/2024\/09\/CIP4-300x121.png 300w, https:\/\/www.jinchunmetal.com\/wp-content\/uploads\/2024\/09\/CIP4-18x7.png 18w\" sizes=\"auto, (max-width: 551px) 100vw, 551px\" \/><\/p>\n<p>&nbsp;<\/p>\n<p><strong>3. Product Description<\/strong><\/p>\n<p>1.The raw material for flaky carbonyl iron powder is spherical carbonyl iron powder. Carbonyl iron powder itself has the characteristics of high saturation magnetic induction intensity, strong stability, and good dispersibility with other absorbing matrices. It is currently widely used as a magnetic medium type microwave absorber. Flaky carbonyl iron powder has high saturation.<br \/>\n2. The magnetization strength and certain in-plane anisotropy can break through the Snoek limit of spherical carbonyl iron powder, enhance high-frequency magnetic properties, and thus enhance the microwave absorption performance of the material within a certain range.<br \/>\n3. The absorbing coating formed by sheet-like iron powder has a wide absorption frequency bandwidth and thin thickness, which can be used to prepare cone angle absorbing materials and thin sheet absorbing materials. It is also a suitable stealth coating material for aircraft, missiles, and ships.<\/p>\n<p>&nbsp;<\/p>\n<p><strong>4.Aplicaci\u00f3n<\/strong><\/p>\n<ul>\n<li>Magnetic medium type microwave absorber<\/li>\n<li>Stealth coating material for aircraft, missiles, and ships<\/li>\n<\/ul>\n<p>&nbsp;<\/p>\n<p><img loading=\"lazy\" decoding=\"async\" class=\"alignnone wp-image-4385\" src=\"https:\/\/www.jinchunmetal.com\/wp-content\/uploads\/2024\/09\/Coating1.jpg\" alt=\"\" width=\"551\" height=\"413\" srcset=\"https:\/\/www.jinchunmetal.com\/wp-content\/uploads\/2024\/09\/Coating1.jpg 2000w, https:\/\/www.jinchunmetal.com\/wp-content\/uploads\/2024\/09\/Coating1-300x225.jpg 300w, https:\/\/www.jinchunmetal.com\/wp-content\/uploads\/2024\/09\/Coating1-1024x768.jpg 1024w, https:\/\/www.jinchunmetal.com\/wp-content\/uploads\/2024\/09\/Coating1-768x576.jpg 768w, https:\/\/www.jinchunmetal.com\/wp-content\/uploads\/2024\/09\/Coating1-1536x1152.jpg 1536w, https:\/\/www.jinchunmetal.com\/wp-content\/uploads\/2024\/09\/Coating1-16x12.jpg 16w, https:\/\/www.jinchunmetal.com\/wp-content\/uploads\/2024\/09\/Coating1-800x600.jpg 800w\" sizes=\"auto, (max-width: 551px) 100vw, 551px\" \/> <img loading=\"lazy\" decoding=\"async\" class=\"alignnone wp-image-4386\" src=\"https:\/\/www.jinchunmetal.com\/wp-content\/uploads\/2024\/09\/coating-2.jpeg\" alt=\"\" width=\"653\" height=\"410\" srcset=\"https:\/\/www.jinchunmetal.com\/wp-content\/uploads\/2024\/09\/coating-2.jpeg 2400w, https:\/\/www.jinchunmetal.com\/wp-content\/uploads\/2024\/09\/coating-2-300x189.jpeg 300w, https:\/\/www.jinchunmetal.com\/wp-content\/uploads\/2024\/09\/coating-2-1024x643.jpeg 1024w, https:\/\/www.jinchunmetal.com\/wp-content\/uploads\/2024\/09\/coating-2-768x483.jpeg 768w, https:\/\/www.jinchunmetal.com\/wp-content\/uploads\/2024\/09\/coating-2-1536x965.jpeg 1536w, https:\/\/www.jinchunmetal.com\/wp-content\/uploads\/2024\/09\/coating-2-2048x1287.jpeg 2048w, https:\/\/www.jinchunmetal.com\/wp-content\/uploads\/2024\/09\/coating-2-18x12.jpeg 18w, https:\/\/www.jinchunmetal.com\/wp-content\/uploads\/2024\/09\/coating-2-800x503.jpeg 800w\" sizes=\"auto, (max-width: 653px) 100vw, 653px\" \/><\/p>\n<p>&nbsp;<\/p>","protected":false},"excerpt":{"rendered":"<p>Car\u00e1cter del producto\uff1a<\/p>\n<p>The raw material for flaky carbonyl iron powder is spherical carbonyl iron powder. Carbonyl iron powder itself has the characteristics of high saturation magnetic induction intensity, strong stability, and good dispersibility with other absorbing matrices. It is currently widely used as a magnetic medium type microwave absorber. Flaky carbonyl iron powder has high saturation.<\/p>\n<table>\n<tbody>\n<tr>\n<td>Marca<\/td>\n<td>Jinchun<\/td>\n<\/tr>\n<tr>\n<td>Origen<\/td>\n<td>China<\/td>\n<\/tr>\n<tr>\n<td>Nombre del producto<\/td>\n<td>Flaky carbonyl iron powder<\/td>\n<\/tr>\n<tr>\n<td>Aplicaci\u00f3n<\/td>\n<td>Magnetic medium type microwave absorber, Stealth coating material for aircraft, missiles, and ships<\/td>\n<\/tr>\n<tr>\n<td>Forma<\/td>\n<td>Polvo<\/td>\n<\/tr>\n<tr>\n<td>Color<\/td>\n<td>Metal negro<\/td>\n<\/tr>\n<tr>\n<td>Talla<\/td>\n<td>D50: 2-5um, 6-8um, 7-10um, 10-16um, 15-25um, etc.<\/td>\n<\/tr>\n<tr>\n<td>Est\u00e1ndar<\/td>\n<td>GB\/T 19001-2016\/ISO9001: 2015<\/td>\n<\/tr>\n<tr>\n<td>Pureza<\/td>\n<td>\u00a0Fe: 99%.<\/td>\n<\/tr>\n<tr>\n<td>Material<\/td>\n<td>Fe<\/td>\n<\/tr>\n<tr>\n<td>Embalaje<\/td>\n<td>Bidones de acero<\/td>\n<\/tr>\n<\/tbody>\n<\/table>","protected":false},"featured_media":4390,"comment_status":"open","ping_status":"closed","template":"","meta":{"_acf_changed":false},"product_brand":[],"product_cat":[58],"product_tag":[],"class_list":{"0":"post-4380","1":"product","2":"type-product","3":"status-publish","4":"has-post-thumbnail","6":"product_cat-absorbing-metal-materials","8":"first","9":"instock","10":"shipping-taxable","11":"product-type-simple"},"acf":[],"yoast_head":"<!-- This site is optimized with the Yoast SEO plugin v23.2 - https:\/\/yoast.com\/wordpress\/plugins\/seo\/ -->\n<title>Absorbing Metal Materials Flaky Carbonyl Iron Powder CIP - Jinchun %<\/title>\n<meta name=\"description\" content=\"We are a Metal Materials manufacturer in China With rich experience in Absorbing Metal Materials Flaky Carbonyl Iron Powder CIP , with Competitive price and top quality.\" \/>\n<meta name=\"robots\" content=\"index, follow, max-snippet:-1, max-image-preview:large, max-video-preview:-1\" \/>\n<link rel=\"canonical\" href=\"https:\/\/www.jinchunmetal.com\/es\/producto\/absorbing-metal-materials-flaky-carbonyl-iron-powder-cip\/\" \/>\n<meta property=\"og:locale\" content=\"es_ES\" \/>\n<meta property=\"og:type\" content=\"article\" \/>\n<meta property=\"og:title\" content=\"Absorbing Metal Materials Flaky Carbonyl Iron Powder CIP - Jinchun %\" \/>\n<meta property=\"og:description\" content=\"We are a Metal Materials manufacturer in China With rich experience in Absorbing Metal Materials Flaky Carbonyl Iron Powder CIP , with Competitive price and top quality.\" \/>\n<meta property=\"og:url\" content=\"https:\/\/www.jinchunmetal.com\/es\/producto\/absorbing-metal-materials-flaky-carbonyl-iron-powder-cip\/\" \/>\n<meta property=\"og:site_name\" content=\"Chengdu Jinchun Metallic Materials Co.,Ltd.\" \/>\n<meta property=\"article:modified_time\" content=\"2025-05-29T03:07:13+00:00\" \/>\n<meta property=\"og:image\" content=\"https:\/\/www.jinchunmetal.com\/wp-content\/uploads\/2024\/09\/CIP33.jpg\" \/>\n\t<meta property=\"og:image:width\" content=\"1000\" \/>\n\t<meta property=\"og:image:height\" content=\"1000\" \/>\n\t<meta property=\"og:image:type\" content=\"image\/jpeg\" \/>\n<meta name=\"twitter:card\" content=\"summary_large_image\" \/>\n<meta name=\"twitter:label1\" content=\"Tiempo de lectura\" \/>\n\t<meta name=\"twitter:data1\" content=\"4 minutos\" \/>\n<script type=\"application\/ld+json\" class=\"yoast-schema-graph\">{\"@context\":\"https:\/\/schema.org\",\"@graph\":[{\"@type\":\"WebPage\",\"@id\":\"https:\/\/www.jinchunmetal.com\/product\/absorbing-metal-materials-flaky-carbonyl-iron-powder-cip\/\",\"url\":\"https:\/\/www.jinchunmetal.com\/product\/absorbing-metal-materials-flaky-carbonyl-iron-powder-cip\/\",\"name\":\"Absorbing Metal Materials Flaky Carbonyl Iron Powder CIP - Jinchun %\",\"isPartOf\":{\"@id\":\"https:\/\/www.jinchunmetal.com\/#website\"},\"primaryImageOfPage\":{\"@id\":\"https:\/\/www.jinchunmetal.com\/product\/absorbing-metal-materials-flaky-carbonyl-iron-powder-cip\/#primaryimage\"},\"image\":{\"@id\":\"https:\/\/www.jinchunmetal.com\/product\/absorbing-metal-materials-flaky-carbonyl-iron-powder-cip\/#primaryimage\"},\"thumbnailUrl\":\"https:\/\/www.jinchunmetal.com\/wp-content\/uploads\/2024\/09\/CIP33.jpg\",\"datePublished\":\"2024-09-04T08:14:16+00:00\",\"dateModified\":\"2025-05-29T03:07:13+00:00\",\"description\":\"We are a Metal Materials manufacturer in China With rich experience in Absorbing Metal Materials Flaky Carbonyl Iron Powder CIP , with Competitive price and top quality.\",\"breadcrumb\":{\"@id\":\"https:\/\/www.jinchunmetal.com\/product\/absorbing-metal-materials-flaky-carbonyl-iron-powder-cip\/#breadcrumb\"},\"inLanguage\":\"es\",\"potentialAction\":[{\"@type\":\"ReadAction\",\"target\":[\"https:\/\/www.jinchunmetal.com\/product\/absorbing-metal-materials-flaky-carbonyl-iron-powder-cip\/\"]}]},{\"@type\":\"ImageObject\",\"inLanguage\":\"es\",\"@id\":\"https:\/\/www.jinchunmetal.com\/product\/absorbing-metal-materials-flaky-carbonyl-iron-powder-cip\/#primaryimage\",\"url\":\"https:\/\/www.jinchunmetal.com\/wp-content\/uploads\/2024\/09\/CIP33.jpg\",\"contentUrl\":\"https:\/\/www.jinchunmetal.com\/wp-content\/uploads\/2024\/09\/CIP33.jpg\",\"width\":1000,\"height\":1000},{\"@type\":\"BreadcrumbList\",\"@id\":\"https:\/\/www.jinchunmetal.com\/product\/absorbing-metal-materials-flaky-carbonyl-iron-powder-cip\/#breadcrumb\",\"itemListElement\":[{\"@type\":\"ListItem\",\"position\":1,\"name\":\"\u9996\u9875\",\"item\":\"https:\/\/www.jinchunmetal.com\/\"},{\"@type\":\"ListItem\",\"position\":2,\"name\":\"Products\",\"item\":\"https:\/\/www.jinchunmetal.com\/fr_fr\/products\/\"},{\"@type\":\"ListItem\",\"position\":3,\"name\":\"Absorbing Metal Materials Flaky Carbonyl Iron Powder CIP\"}]},{\"@type\":\"WebSite\",\"@id\":\"https:\/\/www.jinchunmetal.com\/#website\",\"url\":\"https:\/\/www.jinchunmetal.com\/\",\"name\":\"Chengdu Jinchun Metallic Materials Co.,Ltd.\",\"description\":\"Jinchun Metal\",\"potentialAction\":[{\"@type\":\"SearchAction\",\"target\":{\"@type\":\"EntryPoint\",\"urlTemplate\":\"https:\/\/www.jinchunmetal.com\/?s={search_term_string}\"},\"query-input\":\"required name=search_term_string\"}],\"inLanguage\":\"es\"}]}<\/script>\n<!-- \/ Yoast SEO plugin. -->","yoast_head_json":{"title":"Absorbing Metal Materials Flaky Carbonyl Iron Powder CIP - Jinchun %","description":"We are a Metal Materials manufacturer in China With rich experience in Absorbing Metal Materials Flaky Carbonyl Iron Powder CIP , with Competitive price and top quality.","robots":{"index":"index","follow":"follow","max-snippet":"max-snippet:-1","max-image-preview":"max-image-preview:large","max-video-preview":"max-video-preview:-1"},"canonical":"https:\/\/www.jinchunmetal.com\/es\/producto\/absorbing-metal-materials-flaky-carbonyl-iron-powder-cip\/","og_locale":"es_ES","og_type":"article","og_title":"Absorbing Metal Materials Flaky Carbonyl Iron Powder CIP - Jinchun %","og_description":"We are a Metal Materials manufacturer in China With rich experience in Absorbing Metal Materials Flaky Carbonyl Iron Powder CIP , with Competitive price and top quality.","og_url":"https:\/\/www.jinchunmetal.com\/es\/producto\/absorbing-metal-materials-flaky-carbonyl-iron-powder-cip\/","og_site_name":"Chengdu Jinchun Metallic Materials Co.,Ltd.","article_modified_time":"2025-05-29T03:07:13+00:00","og_image":[{"width":1000,"height":1000,"url":"https:\/\/www.jinchunmetal.com\/wp-content\/uploads\/2024\/09\/CIP33.jpg","type":"image\/jpeg"}],"twitter_card":"summary_large_image","twitter_misc":{"Tiempo de lectura":"4 minutos"},"schema":{"@context":"https:\/\/schema.org","@graph":[{"@type":"WebPage","@id":"https:\/\/www.jinchunmetal.com\/product\/absorbing-metal-materials-flaky-carbonyl-iron-powder-cip\/","url":"https:\/\/www.jinchunmetal.com\/product\/absorbing-metal-materials-flaky-carbonyl-iron-powder-cip\/","name":"Absorbing Metal Materials Flaky Carbonyl Iron Powder CIP - Jinchun %","isPartOf":{"@id":"https:\/\/www.jinchunmetal.com\/#website"},"primaryImageOfPage":{"@id":"https:\/\/www.jinchunmetal.com\/product\/absorbing-metal-materials-flaky-carbonyl-iron-powder-cip\/#primaryimage"},"image":{"@id":"https:\/\/www.jinchunmetal.com\/product\/absorbing-metal-materials-flaky-carbonyl-iron-powder-cip\/#primaryimage"},"thumbnailUrl":"https:\/\/www.jinchunmetal.com\/wp-content\/uploads\/2024\/09\/CIP33.jpg","datePublished":"2024-09-04T08:14:16+00:00","dateModified":"2025-05-29T03:07:13+00:00","description":"We are a Metal Materials manufacturer in China With rich experience in Absorbing Metal Materials Flaky Carbonyl Iron Powder CIP , with Competitive price and top quality.","breadcrumb":{"@id":"https:\/\/www.jinchunmetal.com\/product\/absorbing-metal-materials-flaky-carbonyl-iron-powder-cip\/#breadcrumb"},"inLanguage":"es","potentialAction":[{"@type":"ReadAction","target":["https:\/\/www.jinchunmetal.com\/product\/absorbing-metal-materials-flaky-carbonyl-iron-powder-cip\/"]}]},{"@type":"ImageObject","inLanguage":"es","@id":"https:\/\/www.jinchunmetal.com\/product\/absorbing-metal-materials-flaky-carbonyl-iron-powder-cip\/#primaryimage","url":"https:\/\/www.jinchunmetal.com\/wp-content\/uploads\/2024\/09\/CIP33.jpg","contentUrl":"https:\/\/www.jinchunmetal.com\/wp-content\/uploads\/2024\/09\/CIP33.jpg","width":1000,"height":1000},{"@type":"BreadcrumbList","@id":"https:\/\/www.jinchunmetal.com\/product\/absorbing-metal-materials-flaky-carbonyl-iron-powder-cip\/#breadcrumb","itemListElement":[{"@type":"ListItem","position":1,"name":"\u9996\u9875","item":"https:\/\/www.jinchunmetal.com\/"},{"@type":"ListItem","position":2,"name":"Products","item":"https:\/\/www.jinchunmetal.com\/fr_fr\/products\/"},{"@type":"ListItem","position":3,"name":"Absorbing Metal Materials Flaky Carbonyl Iron Powder CIP"}]},{"@type":"WebSite","@id":"https:\/\/www.jinchunmetal.com\/#website","url":"https:\/\/www.jinchunmetal.com\/","name":"Chengdu Jinchun Metallic Materials Co.,Ltd.","description":"Jinchun Metal","potentialAction":[{"@type":"SearchAction","target":{"@type":"EntryPoint","urlTemplate":"https:\/\/www.jinchunmetal.com\/?s={search_term_string}"},"query-input":"required name=search_term_string"}],"inLanguage":"es"}]}},"_links":{"self":[{"href":"https:\/\/www.jinchunmetal.com\/es\/wp-json\/wp\/v2\/product\/4380","targetHints":{"allow":["GET"]}}],"collection":[{"href":"https:\/\/www.jinchunmetal.com\/es\/wp-json\/wp\/v2\/product"}],"about":[{"href":"https:\/\/www.jinchunmetal.com\/es\/wp-json\/wp\/v2\/types\/product"}],"replies":[{"embeddable":true,"href":"https:\/\/www.jinchunmetal.com\/es\/wp-json\/wp\/v2\/comments?post=4380"}],"wp:featuredmedia":[{"embeddable":true,"href":"https:\/\/www.jinchunmetal.com\/es\/wp-json\/wp\/v2\/media\/4390"}],"wp:attachment":[{"href":"https:\/\/www.jinchunmetal.com\/es\/wp-json\/wp\/v2\/media?parent=4380"}],"wp:term":[{"taxonomy":"product_brand","embeddable":true,"href":"https:\/\/www.jinchunmetal.com\/es\/wp-json\/wp\/v2\/product_brand?post=4380"},{"taxonomy":"product_cat","embeddable":true,"href":"https:\/\/www.jinchunmetal.com\/es\/wp-json\/wp\/v2\/product_cat?post=4380"},{"taxonomy":"product_tag","embeddable":true,"href":"https:\/\/www.jinchunmetal.com\/es\/wp-json\/wp\/v2\/product_tag?post=4380"}],"curies":[{"name":"wp","href":"https:\/\/api.w.org\/{rel}","templated":true}]}}