{"id":4449,"date":"2024-09-06T15:57:46","date_gmt":"2024-09-06T07:57:46","guid":{"rendered":"https:\/\/www.jinchunmetal.com\/?post_type=product&#038;p=4449"},"modified":"2025-05-29T10:47:59","modified_gmt":"2025-05-29T02:47:59","slug":"vanadium-metal-lump-powder","status":"publish","type":"product","link":"https:\/\/www.jinchunmetal.com\/es\/producto\/vanadium-metal-lump-powder\/","title":{"rendered":"Vanadio Metal Lump\/ Powder"},"content":{"rendered":"<p><strong>Car\u00e1cter del producto<\/strong><\/p>\n<p>Jinchun Vanadium metal lump or powder is 99.5% min purity, the size can be adjustable by the requests from the clients.<\/p>\n<p>&nbsp;<\/p>\n<p><strong>2.Especificaci\u00f3n<\/strong><\/p>\n<p>Vanadio metallump\/ polvo<\/p>\n<table style=\"border-collapse: collapse; width: 1051.53pt;\" border=\"0\" width=\"1402\" cellspacing=\"0\" cellpadding=\"0\">\n<tbody>\n<tr style=\"height: 17.25pt;\">\n<td class=\"et4\" style=\"height: 17.25pt; width: 113.25pt;\" width=\"151\" height=\"23\">Nombre\/ Tipo<\/td>\n<td class=\"et4\" style=\"width: 86.25pt;\" width=\"115\">Elemento<\/td>\n<td class=\"et3\" style=\"width: 77.25pt;\" width=\"103\">V<\/td>\n<td class=\"et3\" style=\"width: 77.25pt;\" width=\"103\">Fe<\/td>\n<td class=\"et3\" style=\"width: 77.25pt;\" width=\"103\">Al<\/td>\n<td class=\"et3\" style=\"width: 77.25pt;\" width=\"103\">Si<\/td>\n<td class=\"et3\" style=\"width: 77.25pt;\" width=\"103\">Cr<\/td>\n<td class=\"et3\" style=\"width: 77.25pt;\" width=\"103\">C<\/td>\n<td class=\"et3\" style=\"width: 124.50pt;\" width=\"166\">S<\/td>\n<td class=\"et3\" style=\"width: 66.00pt;\" width=\"88\">P<\/td>\n<td class=\"et3\" style=\"width: 66.00pt;\" width=\"88\">N<\/td>\n<td class=\"et3\" style=\"width: 66.00pt;\" width=\"88\">O<\/td>\n<td class=\"et3\" style=\"width: 66.00pt;\" width=\"88\">H<\/td>\n<\/tr>\n<tr style=\"height: 17.25pt;\">\n<td class=\"et5\" style=\"height: 17.25pt;\" height=\"23\">Vanadio en polvo<\/td>\n<td class=\"et4\">Resultado\uff08%\uff09<\/td>\n<td class=\"et3\">99.7<\/td>\n<td class=\"et3\">0.02<\/td>\n<td class=\"et3\">0.05<\/td>\n<td class=\"et3\">0.05<\/td>\n<td class=\"et3\">0.02<\/td>\n<td class=\"et3\">0.004<\/td>\n<td class=\"et3\">0.002<\/td>\n<td class=\"et3\">0.014<\/td>\n<td class=\"et3\">0.004<\/td>\n<td class=\"et3\">0.07<\/td>\n<td class=\"et3\">0.0005<\/td>\n<\/tr>\n<\/tbody>\n<\/table>\n<p>&nbsp;<\/p>\n<p><strong>3.Fotos de materias primas y producci\u00f3n<\/strong><\/p>\n<p>Im\u00e1genes de materias primas\uff1a<\/p>\n<p><img loading=\"lazy\" decoding=\"async\" class=\"alignnone wp-image-4450\" src=\"https:\/\/www.jinchunmetal.com\/wp-content\/uploads\/2024\/09\/Vanadium-metal.jpeg\" alt=\"\" width=\"416\" height=\"334\" srcset=\"https:\/\/www.jinchunmetal.com\/wp-content\/uploads\/2024\/09\/Vanadium-metal.jpeg 2492w, https:\/\/www.jinchunmetal.com\/wp-content\/uploads\/2024\/09\/Vanadium-metal-300x241.jpeg 300w, https:\/\/www.jinchunmetal.com\/wp-content\/uploads\/2024\/09\/Vanadium-metal-1024x822.jpeg 1024w, https:\/\/www.jinchunmetal.com\/wp-content\/uploads\/2024\/09\/Vanadium-metal-768x616.jpeg 768w, https:\/\/www.jinchunmetal.com\/wp-content\/uploads\/2024\/09\/Vanadium-metal-1536x1233.jpeg 1536w, https:\/\/www.jinchunmetal.com\/wp-content\/uploads\/2024\/09\/Vanadium-metal-2048x1644.jpeg 2048w, https:\/\/www.jinchunmetal.com\/wp-content\/uploads\/2024\/09\/Vanadium-metal-15x12.jpeg 15w, https:\/\/www.jinchunmetal.com\/wp-content\/uploads\/2024\/09\/Vanadium-metal-800x642.jpeg 800w\" sizes=\"auto, (max-width: 416px) 100vw, 416px\" \/><\/p>\n<p>Fotos de la producci\u00f3n:<br \/>\n<img loading=\"lazy\" decoding=\"async\" class=\"alignnone wp-image-3226\" src=\"http:\/\/www.jinchunmetal.com\/wp-content\/uploads\/2024\/07\/\u8bbe\u59073-300x221.jpg\" alt=\"\" width=\"342\" height=\"252\" srcset=\"https:\/\/www.jinchunmetal.com\/wp-content\/uploads\/2024\/07\/\u8bbe\u59073-300x221.jpg 300w, https:\/\/www.jinchunmetal.com\/wp-content\/uploads\/2024\/07\/\u8bbe\u59073-16x12.jpg 16w, https:\/\/www.jinchunmetal.com\/wp-content\/uploads\/2024\/07\/\u8bbe\u59073.jpg 443w\" sizes=\"auto, (max-width: 342px) 100vw, 342px\" \/><img loading=\"lazy\" decoding=\"async\" class=\"alignnone wp-image-3225\" src=\"http:\/\/www.jinchunmetal.com\/wp-content\/uploads\/2024\/07\/\u8bbe\u59072-300x221.jpg\" alt=\"\" width=\"337\" height=\"249\" srcset=\"https:\/\/www.jinchunmetal.com\/wp-content\/uploads\/2024\/07\/\u8bbe\u59072-300x221.jpg 300w, https:\/\/www.jinchunmetal.com\/wp-content\/uploads\/2024\/07\/\u8bbe\u59072-16x12.jpg 16w, https:\/\/www.jinchunmetal.com\/wp-content\/uploads\/2024\/07\/\u8bbe\u59072.jpg 443w\" sizes=\"auto, (max-width: 337px) 100vw, 337px\" \/><\/p>\n<p><img loading=\"lazy\" decoding=\"async\" class=\"wp-image-3671 alignleft\" src=\"https:\/\/www.jinchunmetal.com\/wp-content\/uploads\/2024\/08\/water-atomization-3-300x225.jpg\" alt=\"\" width=\"369\" height=\"277\" srcset=\"https:\/\/www.jinchunmetal.com\/wp-content\/uploads\/2024\/08\/water-atomization-3-300x225.jpg 300w, https:\/\/www.jinchunmetal.com\/wp-content\/uploads\/2024\/08\/water-atomization-3-768x576.jpg 768w, https:\/\/www.jinchunmetal.com\/wp-content\/uploads\/2024\/08\/water-atomization-3-16x12.jpg 16w, https:\/\/www.jinchunmetal.com\/wp-content\/uploads\/2024\/08\/water-atomization-3.jpg 800w\" sizes=\"auto, (max-width: 369px) 100vw, 369px\" \/><\/p>\n<p><img loading=\"lazy\" decoding=\"async\" class=\"size-medium wp-image-3574 alignnone\" src=\"https:\/\/www.jinchunmetal.com\/wp-content\/uploads\/2024\/08\/water-atomization-2-300x279.jpg\" alt=\"\" width=\"300\" height=\"279\" srcset=\"https:\/\/www.jinchunmetal.com\/wp-content\/uploads\/2024\/08\/water-atomization-2-300x279.jpg 300w, https:\/\/www.jinchunmetal.com\/wp-content\/uploads\/2024\/08\/water-atomization-2-1024x951.jpg 1024w, https:\/\/www.jinchunmetal.com\/wp-content\/uploads\/2024\/08\/water-atomization-2-768x713.jpg 768w, https:\/\/www.jinchunmetal.com\/wp-content\/uploads\/2024\/08\/water-atomization-2-1536x1426.jpg 1536w, https:\/\/www.jinchunmetal.com\/wp-content\/uploads\/2024\/08\/water-atomization-2-2048x1902.jpg 2048w, https:\/\/www.jinchunmetal.com\/wp-content\/uploads\/2024\/08\/water-atomization-2-13x12.jpg 13w, https:\/\/www.jinchunmetal.com\/wp-content\/uploads\/2024\/08\/water-atomization-2-800x743.jpg 800w\" sizes=\"auto, (max-width: 300px) 100vw, 300px\" \/><img loading=\"lazy\" decoding=\"async\" class=\"alignnone wp-image-3978\" src=\"https:\/\/www.jinchunmetal.com\/wp-content\/uploads\/2024\/08\/Vacuum-smelting-furnace-300x169.jpeg\" alt=\"\" width=\"499\" height=\"281\" srcset=\"https:\/\/www.jinchunmetal.com\/wp-content\/uploads\/2024\/08\/Vacuum-smelting-furnace-300x169.jpeg 300w, https:\/\/www.jinchunmetal.com\/wp-content\/uploads\/2024\/08\/Vacuum-smelting-furnace-1024x575.jpeg 1024w, https:\/\/www.jinchunmetal.com\/wp-content\/uploads\/2024\/08\/Vacuum-smelting-furnace-768x432.jpeg 768w, https:\/\/www.jinchunmetal.com\/wp-content\/uploads\/2024\/08\/Vacuum-smelting-furnace-1536x863.jpeg 1536w, https:\/\/www.jinchunmetal.com\/wp-content\/uploads\/2024\/08\/Vacuum-smelting-furnace-18x10.jpeg 18w, https:\/\/www.jinchunmetal.com\/wp-content\/uploads\/2024\/08\/Vacuum-smelting-furnace-800x450.jpeg 800w, https:\/\/www.jinchunmetal.com\/wp-content\/uploads\/2024\/08\/Vacuum-smelting-furnace.jpeg 2000w\" sizes=\"auto, (max-width: 499px) 100vw, 499px\" \/><\/p>\n<p>&nbsp;<\/p>\n<p><strong>4.Aplicaci\u00f3n<\/strong><\/p>\n<p>La aplicaci\u00f3n del polvo met\u00e1lico de vanadio es muy amplia y abarca m\u00faltiples aspectos, desde los campos de alta tecnolog\u00eda hasta las necesidades cotidianas.<\/p>\n<ul>\n<li>En el campo aeroespacial, la aleaci\u00f3n de vanadio y titanio se utiliza ampliamente en motores de aviones, armazones de cabinas, misiles, hidroalas e introductores para buques de guerra, \u00e1labes de turbinas de vapor, carcasas de motores de cohetes, etc. Adem\u00e1s, las aleaciones de vanadio tambi\u00e9n se utilizan en campos como los materiales magn\u00e9ticos, las aleaciones duras, los materiales en forma de C y los materiales para reactores nucleares.<\/li>\n<li>Industria sider\u00fargica: Alrededor de 85% de vanadio met\u00e1lico se a\u00f1ade a la producci\u00f3n de acero en forma de hierro con vanadio y aleaciones de nitr\u00f3geno con vanadio para mejorar la resistencia, tenacidad, ductilidad y resistencia al calor del acero. El acero aleado de alta resistencia que contiene vanadio se utiliza ampliamente en la producci\u00f3n y construcci\u00f3n de oleoductos y gasoductos, edificios, puentes, ra\u00edles de acero y otras industrias.<\/li>\n<li>Industria qu\u00edmica: Los compuestos de vanadio se utilizan como catalizadores, colorantes cer\u00e1micos, reveladores, desecantes y materias primas para producir \u00f3xido de vanadio de gran pureza o hierro de vanadio en la industria qu\u00edmica. Por ejemplo, el V205 tiene una actividad especial como catalizador, y otros elementos son dif\u00edciles de sustituir .<\/li>\n<li>La industria de los pigmentos y el vidrio: Las sales de vanadio tienen una gran variedad de colores, como verde, rojo, negro, amarillo, etc. Estos coloridos compuestos de vanadio se convierten en pigmentos brillantes, que pueden a\u00f1adirse al vidrio para fabricar vidrio coloreado o utilizarse para fabricar diversas tintas.<\/li>\n<li>Industria de las bater\u00edas: Las bater\u00edas de flujo redox de vanadio (VRB) son un prometedor sistema de almacenamiento de energ\u00eda de alta capacidad. En comparaci\u00f3n con otras bater\u00edas, tiene las ventajas de la independencia de la potencia nominal y la energ\u00eda nominal, y la capacidad de aumentar la cantidad de electrolito a voluntad para aumentar la capacidad de la bater\u00eda.<\/li>\n<\/ul>\n<p>&nbsp;<\/p>","protected":false},"excerpt":{"rendered":"<p>Car\u00e1cter del producto\uff1a<\/p>\n<p>Jinchun Vanadium metal lump or powder is 99.5% min purity, the size can be adjustable by the requests from the clients.<\/p>\n<table>\n<tbody>\n<tr>\n<td>Marca<\/td>\n<td>Jinchun<\/td>\n<\/tr>\n<tr>\n<td>Origen<\/td>\n<td>China<\/td>\n<\/tr>\n<tr>\n<td>Nombre del producto<\/td>\n<td>Vanadio met\u00e1lico en trozos o en polvo<\/td>\n<\/tr>\n<tr>\n<td>Aplicaci\u00f3n<\/td>\n<td>Industria qu\u00edmica, acero, bater\u00edas, aditivos para el sector aeroespacial, etc.<\/td>\n<\/tr>\n<tr>\n<td>Forma<\/td>\n<td>Polvo\/ Terr\u00f3n<\/td>\n<\/tr>\n<tr>\n<td>Color<\/td>\n<td>Negro<\/td>\n<\/tr>\n<tr>\n<td>Talla<\/td>\n<td>\u00a0Malla 60, malla 100, malla 200, malla 325, terrones, etc.<\/td>\n<\/tr>\n<tr>\n<td>Est\u00e1ndar<\/td>\n<td>GB\/T 19001-2016\/ISO9001: 2015<\/td>\n<\/tr>\n<tr>\n<td>Pureza<\/td>\n<td>V\uff1a99.5% min<\/td>\n<\/tr>\n<tr>\n<td>Materias primas<\/td>\n<td>Vanadio<\/td>\n<\/tr>\n<tr>\n<td>Embalaje<\/td>\n<td>Bidones de acero<\/td>\n<\/tr>\n<\/tbody>\n<\/table>","protected":false},"featured_media":4451,"comment_status":"open","ping_status":"closed","template":"","meta":{"_acf_changed":false},"product_brand":[],"product_cat":[57,61],"product_tag":[],"class_list":{"0":"post-4449","1":"product","2":"type-product","3":"status-publish","4":"has-post-thumbnail","6":"product_cat-battery-cathode-and-ceramics-metal-materials","7":"product_cat-other-materials","9":"first","10":"instock","11":"shipping-taxable","12":"product-type-simple"},"acf":[],"yoast_head":"<!-- This site is optimized with the Yoast SEO plugin v23.2 - https:\/\/yoast.com\/wordpress\/plugins\/seo\/ -->\n<title>Vanadium Metal Lump\/ Powder - Jinchun %<\/title>\n<meta name=\"description\" content=\"We are a Metal Materials manufacturer in China With rich experience in Vanadium Metal Lump\/ Powder , with Competitive price and top quality.\" \/>\n<meta name=\"robots\" content=\"index, follow, max-snippet:-1, max-image-preview:large, max-video-preview:-1\" \/>\n<link rel=\"canonical\" href=\"https:\/\/www.jinchunmetal.com\/es\/producto\/vanadium-metal-lump-powder\/\" \/>\n<meta property=\"og:locale\" content=\"es_ES\" \/>\n<meta property=\"og:type\" content=\"article\" \/>\n<meta property=\"og:title\" content=\"Vanadium Metal Lump\/ Powder - Jinchun %\" \/>\n<meta property=\"og:description\" content=\"We are a Metal Materials manufacturer in China With rich experience in Vanadium Metal Lump\/ Powder , with Competitive price and top quality.\" \/>\n<meta property=\"og:url\" content=\"https:\/\/www.jinchunmetal.com\/es\/producto\/vanadium-metal-lump-powder\/\" \/>\n<meta property=\"og:site_name\" content=\"Chengdu Jinchun Metallic Materials Co.,Ltd.\" \/>\n<meta property=\"article:modified_time\" content=\"2025-05-29T02:47:59+00:00\" \/>\n<meta property=\"og:image\" content=\"https:\/\/www.jinchunmetal.com\/wp-content\/uploads\/2024\/09\/\u9492\u94c160\u76ee-1.jpg\" \/>\n\t<meta property=\"og:image:width\" content=\"1002\" \/>\n\t<meta property=\"og:image:height\" content=\"1002\" \/>\n\t<meta property=\"og:image:type\" content=\"image\/jpeg\" \/>\n<meta name=\"twitter:card\" content=\"summary_large_image\" \/>\n<meta name=\"twitter:label1\" content=\"Tiempo de lectura\" \/>\n\t<meta name=\"twitter:data1\" content=\"4 minutos\" \/>\n<script type=\"application\/ld+json\" class=\"yoast-schema-graph\">{\"@context\":\"https:\/\/schema.org\",\"@graph\":[{\"@type\":\"WebPage\",\"@id\":\"https:\/\/www.jinchunmetal.com\/product\/vanadium-metal-lump-powder\/\",\"url\":\"https:\/\/www.jinchunmetal.com\/product\/vanadium-metal-lump-powder\/\",\"name\":\"Vanadium Metal Lump\/ Powder - Jinchun %\",\"isPartOf\":{\"@id\":\"https:\/\/www.jinchunmetal.com\/#website\"},\"primaryImageOfPage\":{\"@id\":\"https:\/\/www.jinchunmetal.com\/product\/vanadium-metal-lump-powder\/#primaryimage\"},\"image\":{\"@id\":\"https:\/\/www.jinchunmetal.com\/product\/vanadium-metal-lump-powder\/#primaryimage\"},\"thumbnailUrl\":\"https:\/\/www.jinchunmetal.com\/wp-content\/uploads\/2024\/09\/\u9492\u94c160\u76ee-1.jpg\",\"datePublished\":\"2024-09-06T07:57:46+00:00\",\"dateModified\":\"2025-05-29T02:47:59+00:00\",\"description\":\"We are a Metal Materials manufacturer in China With rich experience in Vanadium Metal Lump\/ Powder , with Competitive price and top quality.\",\"breadcrumb\":{\"@id\":\"https:\/\/www.jinchunmetal.com\/product\/vanadium-metal-lump-powder\/#breadcrumb\"},\"inLanguage\":\"es\",\"potentialAction\":[{\"@type\":\"ReadAction\",\"target\":[\"https:\/\/www.jinchunmetal.com\/product\/vanadium-metal-lump-powder\/\"]}]},{\"@type\":\"ImageObject\",\"inLanguage\":\"es\",\"@id\":\"https:\/\/www.jinchunmetal.com\/product\/vanadium-metal-lump-powder\/#primaryimage\",\"url\":\"https:\/\/www.jinchunmetal.com\/wp-content\/uploads\/2024\/09\/\u9492\u94c160\u76ee-1.jpg\",\"contentUrl\":\"https:\/\/www.jinchunmetal.com\/wp-content\/uploads\/2024\/09\/\u9492\u94c160\u76ee-1.jpg\",\"width\":1002,\"height\":1002},{\"@type\":\"BreadcrumbList\",\"@id\":\"https:\/\/www.jinchunmetal.com\/product\/vanadium-metal-lump-powder\/#breadcrumb\",\"itemListElement\":[{\"@type\":\"ListItem\",\"position\":1,\"name\":\"\u9996\u9875\",\"item\":\"https:\/\/www.jinchunmetal.com\/\"},{\"@type\":\"ListItem\",\"position\":2,\"name\":\"Products\",\"item\":\"https:\/\/www.jinchunmetal.com\/fr_fr\/products\/\"},{\"@type\":\"ListItem\",\"position\":3,\"name\":\"Vanadium Metal Lump\/ Powder\"}]},{\"@type\":\"WebSite\",\"@id\":\"https:\/\/www.jinchunmetal.com\/#website\",\"url\":\"https:\/\/www.jinchunmetal.com\/\",\"name\":\"Chengdu Jinchun Metallic Materials Co.,Ltd.\",\"description\":\"Jinchun Metal\",\"potentialAction\":[{\"@type\":\"SearchAction\",\"target\":{\"@type\":\"EntryPoint\",\"urlTemplate\":\"https:\/\/www.jinchunmetal.com\/?s={search_term_string}\"},\"query-input\":\"required name=search_term_string\"}],\"inLanguage\":\"es\"}]}<\/script>\n<!-- \/ Yoast SEO plugin. -->","yoast_head_json":{"title":"Vanadium Metal Lump\/ Powder - Jinchun %","description":"We are a Metal Materials manufacturer in China With rich experience in Vanadium Metal Lump\/ Powder , with Competitive price and top quality.","robots":{"index":"index","follow":"follow","max-snippet":"max-snippet:-1","max-image-preview":"max-image-preview:large","max-video-preview":"max-video-preview:-1"},"canonical":"https:\/\/www.jinchunmetal.com\/es\/producto\/vanadium-metal-lump-powder\/","og_locale":"es_ES","og_type":"article","og_title":"Vanadium Metal Lump\/ Powder - Jinchun %","og_description":"We are a Metal Materials manufacturer in China With rich experience in Vanadium Metal Lump\/ Powder , with Competitive price and top quality.","og_url":"https:\/\/www.jinchunmetal.com\/es\/producto\/vanadium-metal-lump-powder\/","og_site_name":"Chengdu Jinchun Metallic Materials Co.,Ltd.","article_modified_time":"2025-05-29T02:47:59+00:00","og_image":[{"width":1002,"height":1002,"url":"https:\/\/www.jinchunmetal.com\/wp-content\/uploads\/2024\/09\/\u9492\u94c160\u76ee-1.jpg","type":"image\/jpeg"}],"twitter_card":"summary_large_image","twitter_misc":{"Tiempo de lectura":"4 minutos"},"schema":{"@context":"https:\/\/schema.org","@graph":[{"@type":"WebPage","@id":"https:\/\/www.jinchunmetal.com\/product\/vanadium-metal-lump-powder\/","url":"https:\/\/www.jinchunmetal.com\/product\/vanadium-metal-lump-powder\/","name":"Vanadium Metal Lump\/ Powder - Jinchun %","isPartOf":{"@id":"https:\/\/www.jinchunmetal.com\/#website"},"primaryImageOfPage":{"@id":"https:\/\/www.jinchunmetal.com\/product\/vanadium-metal-lump-powder\/#primaryimage"},"image":{"@id":"https:\/\/www.jinchunmetal.com\/product\/vanadium-metal-lump-powder\/#primaryimage"},"thumbnailUrl":"https:\/\/www.jinchunmetal.com\/wp-content\/uploads\/2024\/09\/\u9492\u94c160\u76ee-1.jpg","datePublished":"2024-09-06T07:57:46+00:00","dateModified":"2025-05-29T02:47:59+00:00","description":"We are a Metal Materials manufacturer in China With rich experience in Vanadium Metal Lump\/ Powder , with Competitive price and top quality.","breadcrumb":{"@id":"https:\/\/www.jinchunmetal.com\/product\/vanadium-metal-lump-powder\/#breadcrumb"},"inLanguage":"es","potentialAction":[{"@type":"ReadAction","target":["https:\/\/www.jinchunmetal.com\/product\/vanadium-metal-lump-powder\/"]}]},{"@type":"ImageObject","inLanguage":"es","@id":"https:\/\/www.jinchunmetal.com\/product\/vanadium-metal-lump-powder\/#primaryimage","url":"https:\/\/www.jinchunmetal.com\/wp-content\/uploads\/2024\/09\/\u9492\u94c160\u76ee-1.jpg","contentUrl":"https:\/\/www.jinchunmetal.com\/wp-content\/uploads\/2024\/09\/\u9492\u94c160\u76ee-1.jpg","width":1002,"height":1002},{"@type":"BreadcrumbList","@id":"https:\/\/www.jinchunmetal.com\/product\/vanadium-metal-lump-powder\/#breadcrumb","itemListElement":[{"@type":"ListItem","position":1,"name":"\u9996\u9875","item":"https:\/\/www.jinchunmetal.com\/"},{"@type":"ListItem","position":2,"name":"Products","item":"https:\/\/www.jinchunmetal.com\/fr_fr\/products\/"},{"@type":"ListItem","position":3,"name":"Vanadium Metal Lump\/ Powder"}]},{"@type":"WebSite","@id":"https:\/\/www.jinchunmetal.com\/#website","url":"https:\/\/www.jinchunmetal.com\/","name":"Chengdu Jinchun Metallic Materials Co.,Ltd.","description":"Jinchun Metal","potentialAction":[{"@type":"SearchAction","target":{"@type":"EntryPoint","urlTemplate":"https:\/\/www.jinchunmetal.com\/?s={search_term_string}"},"query-input":"required name=search_term_string"}],"inLanguage":"es"}]}},"_links":{"self":[{"href":"https:\/\/www.jinchunmetal.com\/es\/wp-json\/wp\/v2\/product\/4449","targetHints":{"allow":["GET"]}}],"collection":[{"href":"https:\/\/www.jinchunmetal.com\/es\/wp-json\/wp\/v2\/product"}],"about":[{"href":"https:\/\/www.jinchunmetal.com\/es\/wp-json\/wp\/v2\/types\/product"}],"replies":[{"embeddable":true,"href":"https:\/\/www.jinchunmetal.com\/es\/wp-json\/wp\/v2\/comments?post=4449"}],"wp:featuredmedia":[{"embeddable":true,"href":"https:\/\/www.jinchunmetal.com\/es\/wp-json\/wp\/v2\/media\/4451"}],"wp:attachment":[{"href":"https:\/\/www.jinchunmetal.com\/es\/wp-json\/wp\/v2\/media?parent=4449"}],"wp:term":[{"taxonomy":"product_brand","embeddable":true,"href":"https:\/\/www.jinchunmetal.com\/es\/wp-json\/wp\/v2\/product_brand?post=4449"},{"taxonomy":"product_cat","embeddable":true,"href":"https:\/\/www.jinchunmetal.com\/es\/wp-json\/wp\/v2\/product_cat?post=4449"},{"taxonomy":"product_tag","embeddable":true,"href":"https:\/\/www.jinchunmetal.com\/es\/wp-json\/wp\/v2\/product_tag?post=4449"}],"curies":[{"name":"wp","href":"https:\/\/api.w.org\/{rel}","templated":true}]}}