{"id":4486,"date":"2024-09-10T13:31:21","date_gmt":"2024-09-10T05:31:21","guid":{"rendered":"https:\/\/www.jinchunmetal.com\/?post_type=product&#038;p=4486"},"modified":"2025-05-29T09:21:33","modified_gmt":"2025-05-29T01:21:33","slug":"brass-powder-copper-zinc-cuzn-alloy-powder","status":"publish","type":"product","link":"https:\/\/www.jinchunmetal.com\/es\/producto\/brass-powder-copper-zinc-cuzn-alloy-powder\/","title":{"rendered":"Polvo de lat\u00f3n Cobre Zinc CuZn Polvo de aleaci\u00f3n"},"content":{"rendered":"<p><strong>Car\u00e1cter del producto<\/strong><\/p>\n<p>Copper zinc alloy powder has a wide range of applications. We mainly provide CuZn10, CuZn20, CuZn30, CuZn40 and support customized specification.<\/p>\n<p><strong>2.Especificaci\u00f3n<\/strong><\/p>\n<p>Copper zinc alloy powder<\/p>\n<table style=\"border-collapse: collapse; width: 579px; height: 224px;\" border=\"0\" width=\"472\" cellspacing=\"0\" cellpadding=\"0\">\n<tbody>\n<tr style=\"height: 17.25pt;\">\n<td class=\"et4\" style=\"height: 17.25pt; width: 113.25pt;\" width=\"151\" height=\"23\">Nombre\/ Tipo<\/td>\n<td class=\"et4\" style=\"width: 86.25pt;\" width=\"115\">Elemento<\/td>\n<td class=\"et4\" style=\"width: 77.25pt;\" width=\"103\">Cu<\/td>\n<td class=\"et4\" style=\"width: 77.25pt;\" width=\"103\">Zn<\/td>\n<\/tr>\n<tr style=\"height: 16.50pt;\">\n<td class=\"et5\" style=\"height: 33.75pt;\" rowspan=\"2\" height=\"45\">CuZn10<\/td>\n<td class=\"et4\">Est\u00e1ndar\uff08%\uff09<\/td>\n<td class=\"et4\">89.00-91.00<\/td>\n<td class=\"et6\">9.00-11.00<\/td>\n<\/tr>\n<tr style=\"height: 17.25pt;\">\n<td class=\"et4\">Resultado\uff08%\uff09<\/td>\n<td class=\"et7\" style=\"width: 77.25pt;\" width=\"103\">Bal.<\/td>\n<td class=\"et8\">10.11<\/td>\n<\/tr>\n<tr style=\"height: 16.50pt;\">\n<td class=\"et5\" style=\"height: 33.75pt;\" rowspan=\"2\" height=\"45\">CuZn20<\/td>\n<td class=\"et4\">Est\u00e1ndar\uff08%\uff09<\/td>\n<td class=\"et4\">79.00-81.00<\/td>\n<td class=\"et4\">19.00-21.00<\/td>\n<\/tr>\n<tr style=\"height: 17.25pt;\">\n<td class=\"et4\">Resultado\uff08%\uff09<\/td>\n<td class=\"et7\" style=\"width: 77.25pt;\" width=\"103\">Bal.<\/td>\n<td class=\"et8\">20.89<\/td>\n<\/tr>\n<tr style=\"height: 16.50pt;\">\n<td class=\"et4\" style=\"height: 16.50pt;\" height=\"22\">CuZn30<\/td>\n<td class=\"et4\">Est\u00e1ndar\uff08%\uff09<\/td>\n<td class=\"et4\">69.00-71.00<\/td>\n<td class=\"et6\">29.0-31.0<\/td>\n<\/tr>\n<tr style=\"height: 17.25pt;\">\n<td class=\"et4\" style=\"height: 17.25pt;\" height=\"23\"><\/td>\n<td class=\"et4\"><\/td>\n<td class=\"et9\" style=\"width: 77.25pt;\" width=\"103\">Bal.<\/td>\n<td class=\"et8\">30.05<\/td>\n<\/tr>\n<tr style=\"height: 16.50pt;\">\n<td class=\"et4\" style=\"height: 16.50pt;\" height=\"22\">CuZn40<\/td>\n<td class=\"et4\">Est\u00e1ndar\uff08%\uff09<\/td>\n<td class=\"et4\">59.00-61.00<\/td>\n<td class=\"et6\">39.0-41.0<\/td>\n<\/tr>\n<tr style=\"height: 16.50pt;\">\n<td class=\"et10\" style=\"height: 16.50pt;\" height=\"22\"><\/td>\n<td class=\"et4\"><\/td>\n<td class=\"et9\" style=\"width: 77.25pt;\" width=\"103\">Bal.<\/td>\n<td class=\"et8\">40.1<\/td>\n<\/tr>\n<\/tbody>\n<\/table>\n<p>&nbsp;<\/p>\n<p><strong>3.Fotos de materias primas y producci\u00f3n<\/strong><\/p>\n<p>Im\u00e1genes de materias primas\uff1a<\/p>\n<p><img loading=\"lazy\" decoding=\"async\" class=\"alignnone size-medium wp-image-4050\" src=\"https:\/\/www.jinchunmetal.com\/wp-content\/uploads\/2024\/08\/copper-300x182.jpeg\" alt=\"\" width=\"300\" height=\"182\" srcset=\"https:\/\/www.jinchunmetal.com\/wp-content\/uploads\/2024\/08\/copper-300x182.jpeg 300w, https:\/\/www.jinchunmetal.com\/wp-content\/uploads\/2024\/08\/copper-1024x621.jpeg 1024w, https:\/\/www.jinchunmetal.com\/wp-content\/uploads\/2024\/08\/copper-768x465.jpeg 768w, https:\/\/www.jinchunmetal.com\/wp-content\/uploads\/2024\/08\/copper-1536x931.jpeg 1536w, https:\/\/www.jinchunmetal.com\/wp-content\/uploads\/2024\/08\/copper-18x12.jpeg 18w, https:\/\/www.jinchunmetal.com\/wp-content\/uploads\/2024\/08\/copper-800x485.jpeg 800w, https:\/\/www.jinchunmetal.com\/wp-content\/uploads\/2024\/08\/copper.jpeg 2000w\" sizes=\"auto, (max-width: 300px) 100vw, 300px\" \/><img loading=\"lazy\" decoding=\"async\" class=\"alignnone wp-image-4463\" src=\"https:\/\/www.jinchunmetal.com\/wp-content\/uploads\/2024\/09\/zinc-metal.jpg\" alt=\"\" width=\"283\" height=\"182\" srcset=\"https:\/\/www.jinchunmetal.com\/wp-content\/uploads\/2024\/09\/zinc-metal.jpg 2000w, https:\/\/www.jinchunmetal.com\/wp-content\/uploads\/2024\/09\/zinc-metal-300x192.jpg 300w, https:\/\/www.jinchunmetal.com\/wp-content\/uploads\/2024\/09\/zinc-metal-1024x657.jpg 1024w, https:\/\/www.jinchunmetal.com\/wp-content\/uploads\/2024\/09\/zinc-metal-768x493.jpg 768w, https:\/\/www.jinchunmetal.com\/wp-content\/uploads\/2024\/09\/zinc-metal-1536x985.jpg 1536w, https:\/\/www.jinchunmetal.com\/wp-content\/uploads\/2024\/09\/zinc-metal-18x12.jpg 18w, https:\/\/www.jinchunmetal.com\/wp-content\/uploads\/2024\/09\/zinc-metal-800x513.jpg 800w\" sizes=\"auto, (max-width: 283px) 100vw, 283px\" \/><\/p>\n<p>Fotos de la producci\u00f3n:<br \/>\n<img loading=\"lazy\" decoding=\"async\" class=\"alignnone size-medium wp-image-3226\" src=\"http:\/\/www.jinchunmetal.com\/wp-content\/uploads\/2024\/07\/\u8bbe\u59073-300x221.jpg\" alt=\"\" width=\"300\" height=\"221\" srcset=\"https:\/\/www.jinchunmetal.com\/wp-content\/uploads\/2024\/07\/\u8bbe\u59073-300x221.jpg 300w, https:\/\/www.jinchunmetal.com\/wp-content\/uploads\/2024\/07\/\u8bbe\u59073-16x12.jpg 16w, https:\/\/www.jinchunmetal.com\/wp-content\/uploads\/2024\/07\/\u8bbe\u59073.jpg 443w\" sizes=\"auto, (max-width: 300px) 100vw, 300px\" \/><img loading=\"lazy\" decoding=\"async\" class=\"alignnone size-medium wp-image-3225\" src=\"http:\/\/www.jinchunmetal.com\/wp-content\/uploads\/2024\/07\/\u8bbe\u59072-300x221.jpg\" alt=\"\" width=\"300\" height=\"221\" srcset=\"https:\/\/www.jinchunmetal.com\/wp-content\/uploads\/2024\/07\/\u8bbe\u59072-300x221.jpg 300w, https:\/\/www.jinchunmetal.com\/wp-content\/uploads\/2024\/07\/\u8bbe\u59072-16x12.jpg 16w, https:\/\/www.jinchunmetal.com\/wp-content\/uploads\/2024\/07\/\u8bbe\u59072.jpg 443w\" sizes=\"auto, (max-width: 300px) 100vw, 300px\" \/><img loading=\"lazy\" decoding=\"async\" class=\"alignnone wp-image-3224\" src=\"http:\/\/www.jinchunmetal.com\/wp-content\/uploads\/2024\/07\/\u8bbe\u5907-300x150.jpg\" alt=\"\" width=\"438\" height=\"219\" srcset=\"https:\/\/www.jinchunmetal.com\/wp-content\/uploads\/2024\/07\/\u8bbe\u5907-300x150.jpg 300w, https:\/\/www.jinchunmetal.com\/wp-content\/uploads\/2024\/07\/\u8bbe\u5907-1024x512.jpg 1024w, https:\/\/www.jinchunmetal.com\/wp-content\/uploads\/2024\/07\/\u8bbe\u5907-768x384.jpg 768w, https:\/\/www.jinchunmetal.com\/wp-content\/uploads\/2024\/07\/\u8bbe\u5907-1536x768.jpg 1536w, https:\/\/www.jinchunmetal.com\/wp-content\/uploads\/2024\/07\/\u8bbe\u5907-18x9.jpg 18w, https:\/\/www.jinchunmetal.com\/wp-content\/uploads\/2024\/07\/\u8bbe\u5907-800x400.jpg 800w, https:\/\/www.jinchunmetal.com\/wp-content\/uploads\/2024\/07\/\u8bbe\u5907.jpg 1920w\" sizes=\"auto, (max-width: 438px) 100vw, 438px\" \/><img loading=\"lazy\" decoding=\"async\" class=\"alignnone size-medium wp-image-4051\" src=\"https:\/\/www.jinchunmetal.com\/wp-content\/uploads\/2024\/08\/water-atomization--300x225.jpg\" alt=\"\" width=\"300\" height=\"225\" srcset=\"https:\/\/www.jinchunmetal.com\/wp-content\/uploads\/2024\/08\/water-atomization--300x225.jpg 300w, https:\/\/www.jinchunmetal.com\/wp-content\/uploads\/2024\/08\/water-atomization--768x576.jpg 768w, https:\/\/www.jinchunmetal.com\/wp-content\/uploads\/2024\/08\/water-atomization--16x12.jpg 16w, https:\/\/www.jinchunmetal.com\/wp-content\/uploads\/2024\/08\/water-atomization-.jpg 800w\" sizes=\"auto, (max-width: 300px) 100vw, 300px\" \/><\/p>\n<p><strong>4.Aplicaci\u00f3n<\/strong><\/p>\n<p>Copper zinc alloy powder has a wide range of applications, mainly including the following aspects:<\/p>\n<ul>\n<li>Electronic industry: Copper zinc alloy powder is an important material for electronic components, which can be used to manufacture electronic circuit boards, circuit connectors, circuit switches, etc. Its excellent conductivity and thermal conductivity make it widely used in the electronics industry.<\/li>\n<li>Chemical industry: Copper zinc alloy powder can be used as a carrier and one of the components of catalysts. In chemical reactions, it can promote the progress of chemical reactions, increase reaction rates, reduce reaction temperatures, and improve the selectivity of reaction products. Therefore, it has important application value in the chemical industry.<\/li>\n<li>Metal products: Copper zinc alloy powder can be used to manufacture metal products, such as alloy materials, metal ceramics, etc. Its good plasticity and processability make it suitable for manufacturing various complex shaped metal products, meeting the needs of different fields.<\/li>\n<li>Refractory materials: Copper zinc alloy powder can be used as an additive in refractory materials, which can improve the heat resistance and fire resistance of refractory materials, enhance their high temperature resistance, corrosion resistance, wear resistance and other characteristics. Therefore, it has important applications in metallurgy, glass, ceramics and other fields.<\/li>\n<li>Medical care: Copper zinc alloy powder also has antibacterial, antioxidant, anti-inflammatory and other effects, so it can be used in medical care products, such as manufacturing antibacterial facial mask, antioxidant skin care products, anti-inflammatory drugs, etc.<\/li>\n<\/ul>\n<p><img loading=\"lazy\" decoding=\"async\" class=\"alignnone wp-image-4025\" src=\"https:\/\/www.jinchunmetal.com\/wp-content\/uploads\/2024\/08\/Semiconductor-226x300.jpeg\" alt=\"\" width=\"155\" height=\"206\" srcset=\"https:\/\/www.jinchunmetal.com\/wp-content\/uploads\/2024\/08\/Semiconductor-226x300.jpeg 226w, https:\/\/www.jinchunmetal.com\/wp-content\/uploads\/2024\/08\/Semiconductor-772x1024.jpeg 772w, https:\/\/www.jinchunmetal.com\/wp-content\/uploads\/2024\/08\/Semiconductor-768x1019.jpeg 768w, https:\/\/www.jinchunmetal.com\/wp-content\/uploads\/2024\/08\/Semiconductor-1157x1536.jpeg 1157w, https:\/\/www.jinchunmetal.com\/wp-content\/uploads\/2024\/08\/Semiconductor-9x12.jpeg 9w, https:\/\/www.jinchunmetal.com\/wp-content\/uploads\/2024\/08\/Semiconductor-800x1062.jpeg 800w, https:\/\/www.jinchunmetal.com\/wp-content\/uploads\/2024\/08\/Semiconductor.jpeg 1296w\" sizes=\"auto, (max-width: 155px) 100vw, 155px\" \/><img loading=\"lazy\" decoding=\"async\" class=\"alignnone wp-image-3734\" src=\"https:\/\/www.jinchunmetal.com\/wp-content\/uploads\/2024\/08\/Powder-metallurgy-parts-300x200.jpeg\" alt=\"\" width=\"308\" height=\"205\" srcset=\"https:\/\/www.jinchunmetal.com\/wp-content\/uploads\/2024\/08\/Powder-metallurgy-parts-300x200.jpeg 300w, https:\/\/www.jinchunmetal.com\/wp-content\/uploads\/2024\/08\/Powder-metallurgy-parts-1024x683.jpeg 1024w, https:\/\/www.jinchunmetal.com\/wp-content\/uploads\/2024\/08\/Powder-metallurgy-parts-768x512.jpeg 768w, https:\/\/www.jinchunmetal.com\/wp-content\/uploads\/2024\/08\/Powder-metallurgy-parts-1536x1024.jpeg 1536w, https:\/\/www.jinchunmetal.com\/wp-content\/uploads\/2024\/08\/Powder-metallurgy-parts-2048x1365.jpeg 2048w, https:\/\/www.jinchunmetal.com\/wp-content\/uploads\/2024\/08\/Powder-metallurgy-parts-18x12.jpeg 18w, https:\/\/www.jinchunmetal.com\/wp-content\/uploads\/2024\/08\/Powder-metallurgy-parts-800x533.jpeg 800w\" sizes=\"auto, (max-width: 308px) 100vw, 308px\" \/><\/p>","protected":false},"excerpt":{"rendered":"<p>Car\u00e1cter del producto\uff1a<\/p>\n<p>Copper zinc alloy powder has a wide range of applications. We mainly provide CuZn10, CuZn20, CuZn30, CuZn40 and support customized specification.<\/p>\n<table>\n<tbody>\n<tr>\n<td>Marca<\/td>\n<td>Jinchun<\/td>\n<\/tr>\n<tr>\n<td>Origen<\/td>\n<td>China<\/td>\n<\/tr>\n<tr>\n<td>Nombre del producto<\/td>\n<td>Copper zinc alloy powder\/ Brass powder<\/td>\n<\/tr>\n<tr>\n<td>Aplicaci\u00f3n<\/td>\n<td>Coating, Metal products, Electronic industry:, Chemicals, etc.<\/td>\n<\/tr>\n<tr>\n<td>Forma<\/td>\n<td>Polvo<\/td>\n<\/tr>\n<tr>\n<td>Color<\/td>\n<td>Yellow color<\/td>\n<\/tr>\n<tr>\n<td>Talla<\/td>\n<td>\u00a0100 mesh, 200mesh, 300 mesh, 325 mesh, micron.<\/td>\n<\/tr>\n<tr>\n<td>Est\u00e1ndar<\/td>\n<td>GB\/T 19001-2016\/ISO9001: 2015<\/td>\n<\/tr>\n<tr>\n<td>Pureza<\/td>\n<td>Cu: 60%, 70% \uff0c 80%\uff0c 90%\uff0c Zn: 40%, 30%, 20%, 10%<\/td>\n<\/tr>\n<tr>\n<td>Material<\/td>\n<td>Copper plate, Zinc ingot<\/td>\n<\/tr>\n<tr>\n<td>Embalaje<\/td>\n<td>Bidones de acero<\/td>\n<\/tr>\n<\/tbody>\n<\/table>","protected":false},"featured_media":4487,"comment_status":"open","ping_status":"closed","template":"","meta":{"_acf_changed":false},"product_brand":[],"product_cat":[56,59,61],"product_tag":[],"class_list":{"0":"post-4486","1":"product","2":"type-product","3":"status-publish","4":"has-post-thumbnail","6":"product_cat-spraying-coating-metal-materials","7":"product_cat-diamond-tools-and-powder-metallurgy-metal-materials","8":"product_cat-other-materials","10":"first","11":"instock","12":"shipping-taxable","13":"product-type-simple"},"acf":[],"yoast_head":"<!-- This site is optimized with the Yoast SEO plugin v23.2 - https:\/\/yoast.com\/wordpress\/plugins\/seo\/ -->\n<title>Brass powder Copper Zinc CuZn Alloy powder - Jinchun %<\/title>\n<meta name=\"description\" content=\"We are a Metal Materials manufacturer in China With rich experience in Brass powder Copper Zinc CuZn Alloy powder , with Competitive price and top quality.\" \/>\n<meta name=\"robots\" content=\"index, follow, max-snippet:-1, max-image-preview:large, max-video-preview:-1\" \/>\n<link rel=\"canonical\" href=\"https:\/\/www.jinchunmetal.com\/es\/producto\/brass-powder-copper-zinc-cuzn-alloy-powder\/\" \/>\n<meta property=\"og:locale\" content=\"es_ES\" \/>\n<meta property=\"og:type\" content=\"article\" \/>\n<meta property=\"og:title\" content=\"Brass powder Copper Zinc CuZn Alloy powder - Jinchun %\" \/>\n<meta property=\"og:description\" content=\"We are a Metal Materials manufacturer in China With rich experience in Brass powder Copper Zinc CuZn Alloy powder , with Competitive price and top quality.\" \/>\n<meta property=\"og:url\" content=\"https:\/\/www.jinchunmetal.com\/es\/producto\/brass-powder-copper-zinc-cuzn-alloy-powder\/\" \/>\n<meta property=\"og:site_name\" content=\"Chengdu Jinchun Metallic Materials Co.,Ltd.\" \/>\n<meta property=\"article:modified_time\" content=\"2025-05-29T01:21:33+00:00\" \/>\n<meta property=\"og:image\" content=\"https:\/\/www.jinchunmetal.com\/wp-content\/uploads\/2024\/09\/\u9ec4\u94dc1.jpg\" \/>\n\t<meta property=\"og:image:width\" content=\"750\" \/>\n\t<meta property=\"og:image:height\" content=\"612\" \/>\n\t<meta property=\"og:image:type\" content=\"image\/jpeg\" \/>\n<meta name=\"twitter:card\" content=\"summary_large_image\" \/>\n<meta name=\"twitter:label1\" content=\"Tiempo de lectura\" \/>\n\t<meta name=\"twitter:data1\" content=\"4 minutos\" \/>\n<script type=\"application\/ld+json\" class=\"yoast-schema-graph\">{\"@context\":\"https:\/\/schema.org\",\"@graph\":[{\"@type\":\"WebPage\",\"@id\":\"https:\/\/www.jinchunmetal.com\/product\/brass-powder-copper-zinc-cuzn-alloy-powder\/\",\"url\":\"https:\/\/www.jinchunmetal.com\/product\/brass-powder-copper-zinc-cuzn-alloy-powder\/\",\"name\":\"Brass powder Copper Zinc CuZn Alloy powder - Jinchun %\",\"isPartOf\":{\"@id\":\"https:\/\/www.jinchunmetal.com\/#website\"},\"primaryImageOfPage\":{\"@id\":\"https:\/\/www.jinchunmetal.com\/product\/brass-powder-copper-zinc-cuzn-alloy-powder\/#primaryimage\"},\"image\":{\"@id\":\"https:\/\/www.jinchunmetal.com\/product\/brass-powder-copper-zinc-cuzn-alloy-powder\/#primaryimage\"},\"thumbnailUrl\":\"https:\/\/www.jinchunmetal.com\/wp-content\/uploads\/2024\/09\/\u9ec4\u94dc1.jpg\",\"datePublished\":\"2024-09-10T05:31:21+00:00\",\"dateModified\":\"2025-05-29T01:21:33+00:00\",\"description\":\"We are a Metal Materials manufacturer in China With rich experience in Brass powder Copper Zinc CuZn Alloy powder , with Competitive price and top quality.\",\"breadcrumb\":{\"@id\":\"https:\/\/www.jinchunmetal.com\/product\/brass-powder-copper-zinc-cuzn-alloy-powder\/#breadcrumb\"},\"inLanguage\":\"es\",\"potentialAction\":[{\"@type\":\"ReadAction\",\"target\":[\"https:\/\/www.jinchunmetal.com\/product\/brass-powder-copper-zinc-cuzn-alloy-powder\/\"]}]},{\"@type\":\"ImageObject\",\"inLanguage\":\"es\",\"@id\":\"https:\/\/www.jinchunmetal.com\/product\/brass-powder-copper-zinc-cuzn-alloy-powder\/#primaryimage\",\"url\":\"https:\/\/www.jinchunmetal.com\/wp-content\/uploads\/2024\/09\/\u9ec4\u94dc1.jpg\",\"contentUrl\":\"https:\/\/www.jinchunmetal.com\/wp-content\/uploads\/2024\/09\/\u9ec4\u94dc1.jpg\",\"width\":750,\"height\":612},{\"@type\":\"BreadcrumbList\",\"@id\":\"https:\/\/www.jinchunmetal.com\/product\/brass-powder-copper-zinc-cuzn-alloy-powder\/#breadcrumb\",\"itemListElement\":[{\"@type\":\"ListItem\",\"position\":1,\"name\":\"\u9996\u9875\",\"item\":\"https:\/\/www.jinchunmetal.com\/\"},{\"@type\":\"ListItem\",\"position\":2,\"name\":\"Products\",\"item\":\"https:\/\/www.jinchunmetal.com\/fr_fr\/products\/\"},{\"@type\":\"ListItem\",\"position\":3,\"name\":\"Brass powder Copper Zinc CuZn Alloy powder\"}]},{\"@type\":\"WebSite\",\"@id\":\"https:\/\/www.jinchunmetal.com\/#website\",\"url\":\"https:\/\/www.jinchunmetal.com\/\",\"name\":\"Chengdu Jinchun Metallic Materials Co.,Ltd.\",\"description\":\"Jinchun Metal\",\"potentialAction\":[{\"@type\":\"SearchAction\",\"target\":{\"@type\":\"EntryPoint\",\"urlTemplate\":\"https:\/\/www.jinchunmetal.com\/?s={search_term_string}\"},\"query-input\":\"required name=search_term_string\"}],\"inLanguage\":\"es\"}]}<\/script>\n<!-- \/ Yoast SEO plugin. -->","yoast_head_json":{"title":"Brass powder Copper Zinc CuZn Alloy powder - Jinchun %","description":"We are a Metal Materials manufacturer in China With rich experience in Brass powder Copper Zinc CuZn Alloy powder , with Competitive price and top quality.","robots":{"index":"index","follow":"follow","max-snippet":"max-snippet:-1","max-image-preview":"max-image-preview:large","max-video-preview":"max-video-preview:-1"},"canonical":"https:\/\/www.jinchunmetal.com\/es\/producto\/brass-powder-copper-zinc-cuzn-alloy-powder\/","og_locale":"es_ES","og_type":"article","og_title":"Brass powder Copper Zinc CuZn Alloy powder - Jinchun %","og_description":"We are a Metal Materials manufacturer in China With rich experience in Brass powder Copper Zinc CuZn Alloy powder , with Competitive price and top quality.","og_url":"https:\/\/www.jinchunmetal.com\/es\/producto\/brass-powder-copper-zinc-cuzn-alloy-powder\/","og_site_name":"Chengdu Jinchun Metallic Materials Co.,Ltd.","article_modified_time":"2025-05-29T01:21:33+00:00","og_image":[{"width":750,"height":612,"url":"https:\/\/www.jinchunmetal.com\/wp-content\/uploads\/2024\/09\/\u9ec4\u94dc1.jpg","type":"image\/jpeg"}],"twitter_card":"summary_large_image","twitter_misc":{"Tiempo de lectura":"4 minutos"},"schema":{"@context":"https:\/\/schema.org","@graph":[{"@type":"WebPage","@id":"https:\/\/www.jinchunmetal.com\/product\/brass-powder-copper-zinc-cuzn-alloy-powder\/","url":"https:\/\/www.jinchunmetal.com\/product\/brass-powder-copper-zinc-cuzn-alloy-powder\/","name":"Brass powder Copper Zinc CuZn Alloy powder - Jinchun %","isPartOf":{"@id":"https:\/\/www.jinchunmetal.com\/#website"},"primaryImageOfPage":{"@id":"https:\/\/www.jinchunmetal.com\/product\/brass-powder-copper-zinc-cuzn-alloy-powder\/#primaryimage"},"image":{"@id":"https:\/\/www.jinchunmetal.com\/product\/brass-powder-copper-zinc-cuzn-alloy-powder\/#primaryimage"},"thumbnailUrl":"https:\/\/www.jinchunmetal.com\/wp-content\/uploads\/2024\/09\/\u9ec4\u94dc1.jpg","datePublished":"2024-09-10T05:31:21+00:00","dateModified":"2025-05-29T01:21:33+00:00","description":"We are a Metal Materials manufacturer in China With rich experience in Brass powder Copper Zinc CuZn Alloy powder , with Competitive price and top quality.","breadcrumb":{"@id":"https:\/\/www.jinchunmetal.com\/product\/brass-powder-copper-zinc-cuzn-alloy-powder\/#breadcrumb"},"inLanguage":"es","potentialAction":[{"@type":"ReadAction","target":["https:\/\/www.jinchunmetal.com\/product\/brass-powder-copper-zinc-cuzn-alloy-powder\/"]}]},{"@type":"ImageObject","inLanguage":"es","@id":"https:\/\/www.jinchunmetal.com\/product\/brass-powder-copper-zinc-cuzn-alloy-powder\/#primaryimage","url":"https:\/\/www.jinchunmetal.com\/wp-content\/uploads\/2024\/09\/\u9ec4\u94dc1.jpg","contentUrl":"https:\/\/www.jinchunmetal.com\/wp-content\/uploads\/2024\/09\/\u9ec4\u94dc1.jpg","width":750,"height":612},{"@type":"BreadcrumbList","@id":"https:\/\/www.jinchunmetal.com\/product\/brass-powder-copper-zinc-cuzn-alloy-powder\/#breadcrumb","itemListElement":[{"@type":"ListItem","position":1,"name":"\u9996\u9875","item":"https:\/\/www.jinchunmetal.com\/"},{"@type":"ListItem","position":2,"name":"Products","item":"https:\/\/www.jinchunmetal.com\/fr_fr\/products\/"},{"@type":"ListItem","position":3,"name":"Brass powder Copper Zinc CuZn Alloy powder"}]},{"@type":"WebSite","@id":"https:\/\/www.jinchunmetal.com\/#website","url":"https:\/\/www.jinchunmetal.com\/","name":"Chengdu Jinchun Metallic Materials Co.,Ltd.","description":"Jinchun Metal","potentialAction":[{"@type":"SearchAction","target":{"@type":"EntryPoint","urlTemplate":"https:\/\/www.jinchunmetal.com\/?s={search_term_string}"},"query-input":"required name=search_term_string"}],"inLanguage":"es"}]}},"_links":{"self":[{"href":"https:\/\/www.jinchunmetal.com\/es\/wp-json\/wp\/v2\/product\/4486","targetHints":{"allow":["GET"]}}],"collection":[{"href":"https:\/\/www.jinchunmetal.com\/es\/wp-json\/wp\/v2\/product"}],"about":[{"href":"https:\/\/www.jinchunmetal.com\/es\/wp-json\/wp\/v2\/types\/product"}],"replies":[{"embeddable":true,"href":"https:\/\/www.jinchunmetal.com\/es\/wp-json\/wp\/v2\/comments?post=4486"}],"wp:featuredmedia":[{"embeddable":true,"href":"https:\/\/www.jinchunmetal.com\/es\/wp-json\/wp\/v2\/media\/4487"}],"wp:attachment":[{"href":"https:\/\/www.jinchunmetal.com\/es\/wp-json\/wp\/v2\/media?parent=4486"}],"wp:term":[{"taxonomy":"product_brand","embeddable":true,"href":"https:\/\/www.jinchunmetal.com\/es\/wp-json\/wp\/v2\/product_brand?post=4486"},{"taxonomy":"product_cat","embeddable":true,"href":"https:\/\/www.jinchunmetal.com\/es\/wp-json\/wp\/v2\/product_cat?post=4486"},{"taxonomy":"product_tag","embeddable":true,"href":"https:\/\/www.jinchunmetal.com\/es\/wp-json\/wp\/v2\/product_tag?post=4486"}],"curies":[{"name":"wp","href":"https:\/\/api.w.org\/{rel}","templated":true}]}}