{"id":346,"date":"2018-07-28T16:07:17","date_gmt":"2018-07-28T16:07:17","guid":{"rendered":"http:\/\/manufacturer.stylemixthemes.com\/?page_id=346"},"modified":"2024-08-19T11:13:37","modified_gmt":"2024-08-19T03:13:37","slug":"about-us","status":"publish","type":"page","link":"https:\/\/www.jinchunmetal.com\/fr_fr\/about-us\/","title":{"rendered":"\u00c0 propos de nous"},"content":{"rendered":"<div data-elementor-type=\"wp-post\" data-elementor-id=\"346\" class=\"elementor elementor-346\">\n\t\t\t\t\t\t\t\t\t<section class=\"elementor-section elementor-top-section elementor-element elementor-element-e3db520 elementor-section-boxed elementor-section-height-default elementor-section-height-default\" data-id=\"e3db520\" data-element_type=\"section\">\n\t\t\t\t\t\t<div class=\"elementor-container elementor-column-gap-default\">\n\t\t\t\t\t<div class=\"elementor-column elementor-col-100 elementor-top-column elementor-element elementor-element-349d537\" data-id=\"349d537\" data-element_type=\"column\">\n\t\t\t<div class=\"elementor-widget-wrap elementor-element-populated\">\n\t\t\t\t\t\t\t\t<div class=\"elementor-element elementor-element-4a013a1 elementor-widget elementor-widget-woocommerce-breadcrumb\" data-id=\"4a013a1\" data-element_type=\"widget\" data-widget_type=\"woocommerce-breadcrumb.default\">\n\t\t\t\t<div class=\"elementor-widget-container\">\n\t\t\t<link rel=\"stylesheet\" href=\"https:\/\/www.jinchunmetal.com\/wp-content\/plugins\/elementor-pro\/assets\/css\/widget-woocommerce.min.css\"><nav class=\"woocommerce-breadcrumb\" aria-label=\"Breadcrumb\" data-no-translation=\"\" data-trp-gettext=\"\">Accueil<\/nav>\t\t<\/div>\n\t\t\t\t<\/div>\n\t\t\t\t\t<\/div>\n\t\t<\/div>\n\t\t\t\t\t\t\t<\/div>\n\t\t<\/section>\n\t\t\t\t<section class=\"elementor-section elementor-top-section elementor-element elementor-element-47f602d elementor-section-boxed elementor-section-height-default elementor-section-height-default\" data-id=\"47f602d\" data-element_type=\"section\">\n\t\t\t\t\t\t<div class=\"elementor-container elementor-column-gap-default\">\n\t\t\t\t\t<div class=\"elementor-column elementor-col-50 elementor-top-column elementor-element elementor-element-9a67192\" data-id=\"9a67192\" data-element_type=\"column\">\n\t\t\t<div class=\"elementor-widget-wrap elementor-element-populated\">\n\t\t\t\t\t\t\t\t<div class=\"elementor-element elementor-element-23f5b62 elementor-widget elementor-widget-image\" data-id=\"23f5b62\" data-element_type=\"widget\" data-widget_type=\"image.default\">\n\t\t\t\t<div class=\"elementor-widget-container\">\n\t\t\t<style>\/*! elementor - v3.15.0 - 20-08-2023 *\/\n.elementor-widget-image{text-align:center}.elementor-widget-image a{display:inline-block}.elementor-widget-image a img[src$=\".svg\"]{width:48px}.elementor-widget-image img{vertical-align:middle;display:inline-block}<\/style>\t\t\t\t\t\t\t\t\t\t\t\t<img loading=\"lazy\" decoding=\"async\" width=\"800\" height=\"825\" src=\"https:\/\/www.jinchunmetal.com\/wp-content\/uploads\/2024\/08\/\u672a\u547d\u540d.jpg\" class=\"attachment-large size-large wp-image-3306\" alt=\"\" srcset=\"https:\/\/www.jinchunmetal.com\/wp-content\/uploads\/2024\/08\/\u672a\u547d\u540d.jpg 800w, https:\/\/www.jinchunmetal.com\/wp-content\/uploads\/2024\/08\/\u672a\u547d\u540d-291x300.jpg 291w, https:\/\/www.jinchunmetal.com\/wp-content\/uploads\/2024\/08\/\u672a\u547d\u540d-768x792.jpg 768w, https:\/\/www.jinchunmetal.com\/wp-content\/uploads\/2024\/08\/\u672a\u547d\u540d-12x12.jpg 12w\" sizes=\"auto, (max-width: 800px) 100vw, 800px\" \/>\t\t\t\t\t\t\t\t\t\t\t\t\t\t\t<\/div>\n\t\t\t\t<\/div>\n\t\t\t\t\t<\/div>\n\t\t<\/div>\n\t\t\t\t<div class=\"elementor-column elementor-col-50 elementor-top-column elementor-element elementor-element-75932ad\" data-id=\"75932ad\" data-element_type=\"column\">\n\t\t\t<div class=\"elementor-widget-wrap elementor-element-populated\">\n\t\t\t\t\t\t\t\t<div class=\"elementor-element elementor-element-78bdf92 elementor-widget elementor-widget-heading\" data-id=\"78bdf92\" data-element_type=\"widget\" data-widget_type=\"heading.default\">\n\t\t\t\t<div class=\"elementor-widget-container\">\n\t\t\t<style>\/*! elementor - v3.15.0 - 20-08-2023 *\/\n.elementor-heading-title{padding:0;margin:0;line-height:1}.elementor-widget-heading .elementor-heading-title[class*=elementor-size-]>a{color:inherit;font-size:inherit;line-height:inherit}.elementor-widget-heading .elementor-heading-title.elementor-size-small{font-size:15px}.elementor-widget-heading .elementor-heading-title.elementor-size-medium{font-size:19px}.elementor-widget-heading .elementor-heading-title.elementor-size-large{font-size:29px}.elementor-widget-heading .elementor-heading-title.elementor-size-xl{font-size:39px}.elementor-widget-heading .elementor-heading-title.elementor-size-xxl{font-size:59px}<\/style><h2 class=\"elementor-heading-title elementor-size-default elementor-heading-title elementor-size-default\">Pr\u00e9sentation de l'entreprise<\/h2>\t\t<\/div>\n\t\t\t\t<\/div>\n\t\t\t\t<div class=\"elementor-element elementor-element-7bb2128 elementor-drop-cap-yes elementor-drop-cap-view-default elementor-widget elementor-widget-text-editor\" data-id=\"7bb2128\" data-element_type=\"widget\" data-settings=\"{&quot;drop_cap&quot;:&quot;yes&quot;}\" data-widget_type=\"text-editor.default\">\n\t\t\t\t<div class=\"elementor-widget-container\">\n\t\t\t<style>\/*! elementor - v3.15.0 - 20-08-2023 *\/\n.elementor-widget-text-editor.elementor-drop-cap-view-stacked .elementor-drop-cap{background-color:#69727d;color:#fff}.elementor-widget-text-editor.elementor-drop-cap-view-framed .elementor-drop-cap{color:#69727d;border:3px solid;background-color:transparent}.elementor-widget-text-editor:not(.elementor-drop-cap-view-default) .elementor-drop-cap{margin-top:8px}.elementor-widget-text-editor:not(.elementor-drop-cap-view-default) .elementor-drop-cap-letter{width:1em;height:1em}.elementor-widget-text-editor .elementor-drop-cap{float:left;text-align:center;line-height:1;font-size:50px}.elementor-widget-text-editor .elementor-drop-cap-letter{display:inline-block}<\/style>\t\t\t\t<p>\u00a0<\/p><p>Chengdu Jinchun Metallic Materials Co., Ltd. est un fabricant de poudres m\u00e9talliques depuis 2012, dont le si\u00e8ge de production se trouve dans la ville de Chengdu, situ\u00e9e dans le sud-ouest de la Chine, et qui est sp\u00e9cialis\u00e9 dans la R&amp;D et la production de poudres de ferro-alliages, de poudres non ferreuses, de mat\u00e9riaux de terres rares et d'autres mat\u00e9riaux li\u00e9s aux m\u00e9taux. Avec la capacit\u00e9 de produire et d'int\u00e9grer des ressources de mani\u00e8re ind\u00e9pendante, nous nous engageons \u00e0 fournir \u00e0 nos clients une demande unique en mati\u00e8re de poudres m\u00e9talliques et de produits m\u00e9talliques.<\/p><p>\u00a0<\/p><p>Nous sommes \u00e9quip\u00e9s de mat\u00e9riel d'atomisation, de sph\u00e9ro\u00efdisation au plasma, de concassage, de broyage \u00e0 billes, de s\u00e9paration magn\u00e9tique, de d\u00e9ferrisation, de broyage \u00e0 flux d'air, de m\u00e9tal pr\u00e9-alliage, de r\u00e9duction, etc, et ont acquis 6 brevets d'\u00e9quipement jusqu'en 2024, offrent une gamme compl\u00e8te de mat\u00e9riaux en poudre pour diff\u00e9rentes applications industrielles, telles que les consommables de soudage (fils fourr\u00e9s, plaques d'usure, tiges d'\u00e9lectrodes, etc.), rev\u00eatement par pulv\u00e9risation (FS, HVOF, APS), rev\u00eatement dur (PTA, rev\u00eatement laser, TIG, etc.), m\u00e9tallurgie des poudres (PM, MIM), mat\u00e9riaux conducteurs (EMI, EMC, etc.), impression 3D\uff08Additive manufacturing), cathode de batterie et c\u00e9ramique, outils diamant\u00e9s et autres applications industrielles. Nous suivons de pr\u00e8s les besoins des clients pour ajuster la structure de nos produits.<\/p><p>\u00a0<\/p><p>\u00a0<\/p>\t\t\t\t\t\t<\/div>\n\t\t\t\t<\/div>\n\t\t\t\t\t<\/div>\n\t\t<\/div>\n\t\t\t\t\t\t\t<\/div>\n\t\t<\/section>\n\t\t\t\t<section class=\"elementor-section elementor-top-section elementor-element elementor-element-383685a elementor-section-boxed elementor-section-height-default elementor-section-height-default\" data-id=\"383685a\" data-element_type=\"section\">\n\t\t\t\t\t\t<div class=\"elementor-container elementor-column-gap-default\">\n\t\t\t\t\t<div class=\"elementor-column elementor-col-50 elementor-top-column elementor-element elementor-element-837a745\" data-id=\"837a745\" data-element_type=\"column\">\n\t\t\t<div class=\"elementor-widget-wrap elementor-element-populated\">\n\t\t\t\t\t\t\t\t<div class=\"elementor-element elementor-element-ffb6e34 elementor-widget elementor-widget-image\" data-id=\"ffb6e34\" data-element_type=\"widget\" data-widget_type=\"image.default\">\n\t\t\t\t<div class=\"elementor-widget-container\">\n\t\t\t\t\t\t\t\t\t\t\t\t\t\t\t<img loading=\"lazy\" decoding=\"async\" width=\"800\" height=\"533\" src=\"https:\/\/www.jinchunmetal.com\/wp-content\/uploads\/2024\/08\/\u5730\u56fe\u65b0\u7684_\u526f\u672c.png\" class=\"attachment-large size-large wp-image-3378\" alt=\"\" srcset=\"https:\/\/www.jinchunmetal.com\/wp-content\/uploads\/2024\/08\/\u5730\u56fe\u65b0\u7684_\u526f\u672c.png 800w, https:\/\/www.jinchunmetal.com\/wp-content\/uploads\/2024\/08\/\u5730\u56fe\u65b0\u7684_\u526f\u672c-300x200.png 300w, https:\/\/www.jinchunmetal.com\/wp-content\/uploads\/2024\/08\/\u5730\u56fe\u65b0\u7684_\u526f\u672c-768x512.png 768w, https:\/\/www.jinchunmetal.com\/wp-content\/uploads\/2024\/08\/\u5730\u56fe\u65b0\u7684_\u526f\u672c-18x12.png 18w\" sizes=\"auto, (max-width: 800px) 100vw, 800px\" \/>\t\t\t\t\t\t\t\t\t\t\t\t\t\t\t<\/div>\n\t\t\t\t<\/div>\n\t\t\t\t\t<\/div>\n\t\t<\/div>\n\t\t\t\t<div class=\"elementor-column elementor-col-50 elementor-top-column elementor-element elementor-element-fbd7898\" data-id=\"fbd7898\" data-element_type=\"column\">\n\t\t\t<div class=\"elementor-widget-wrap elementor-element-populated\">\n\t\t\t\t\t\t\t\t<div class=\"elementor-element elementor-element-4006df3 elementor-widget elementor-widget-text-editor\" data-id=\"4006df3\" data-element_type=\"widget\" data-widget_type=\"text-editor.default\">\n\t\t\t\t<div class=\"elementor-widget-container\">\n\t\t\t\t\t\t\t<p>Compte tenu de l'\u00e9volution de la demande sur le march\u00e9 international, des mises \u00e0 jour constantes des politiques environnementales nationales et de la r\u00e9duction maximale des co\u00fbts, nous avons install\u00e9 une partie de nos lignes de production pour les produits qui d\u00e9pendent de mati\u00e8res premi\u00e8res import\u00e9es dans les villes portuaires de l'est de la Chine, afin de r\u00e9duire les co\u00fbts de transport \u00e0 l'exportation, en particulier pour la poudre de ferrochrome \u00e0 haute teneur en carbone et \u00e0 basse teneur en carbone, la poudre de ferrotungst\u00e8ne, la poudre de ferrovanadium, la poudre de ferrotitane, la poudre de ferromolybd\u00e8ne et d'autres poudres d'alliages ferreux.<\/p><p>En 2019, nous avons cr\u00e9\u00e9 une soci\u00e9t\u00e9 s\u0153ur, Sichuan Xin Jinchun Metallic Materials Co. Ltd, en raison des avantages des politiques nationales. Par cons\u00e9quent, le volume de production de poudre de chrome, de poudre de carbure de chrome, de poudre de silicium, de poudre de nickel, de poudre de cobalt et d'autres poudres de m\u00e9taux non ferreux s'est consid\u00e9rablement am\u00e9lior\u00e9, ainsi que la r\u00e9duction des co\u00fbts.<\/p><p>Au cours du processus de d\u00e9veloppement, nous avons obtenu deux marques d\u00e9pos\u00e9es, qui sont largement utilis\u00e9es dans nos produits d'exportation. Nous pouvons \u00e9galement fournir des services OEM et ODM.<\/p><p>Jinchun Metal s'efforce de fournir \u00e0 ses clients la meilleure qualit\u00e9, les prix les plus comp\u00e9titifs et les livraisons les plus rapides. Notre mission est de r\u00e9pondre aux attentes de nos clients.<\/p>\t\t\t\t\t\t<\/div>\n\t\t\t\t<\/div>\n\t\t\t\t\t<\/div>\n\t\t<\/div>\n\t\t\t\t\t\t\t<\/div>\n\t\t<\/section>\n\t\t\t\t<section class=\"elementor-section elementor-top-section elementor-element elementor-element-44e278b elementor-section-boxed elementor-section-height-default elementor-section-height-default\" data-id=\"44e278b\" data-element_type=\"section\">\n\t\t\t\t\t\t<div class=\"elementor-container elementor-column-gap-default\">\n\t\t\t\t\t<div class=\"elementor-column elementor-col-100 elementor-top-column elementor-element elementor-element-ac005aa\" data-id=\"ac005aa\" data-element_type=\"column\">\n\t\t\t<div class=\"elementor-widget-wrap elementor-element-populated\">\n\t\t\t\t\t\t\t\t<div class=\"elementor-element elementor-element-30c8a6b elementor-widget elementor-widget-spacer\" data-id=\"30c8a6b\" data-element_type=\"widget\" data-widget_type=\"spacer.default\">\n\t\t\t\t<div class=\"elementor-widget-container\">\n\t\t\t<style>\/*! elementor - v3.15.0 - 20-08-2023 *\/\n.elementor-column .elementor-spacer-inner{height:var(--spacer-size)}.e-con{--container-widget-width:100%}.e-con-inner>.elementor-widget-spacer,.e-con>.elementor-widget-spacer{width:var(--container-widget-width,var(--spacer-size));--align-self:var(--container-widget-align-self,initial);--flex-shrink:0}.e-con-inner>.elementor-widget-spacer>.elementor-widget-container,.e-con-inner>.elementor-widget-spacer>.elementor-widget-container>.elementor-spacer,.e-con>.elementor-widget-spacer>.elementor-widget-container,.e-con>.elementor-widget-spacer>.elementor-widget-container>.elementor-spacer{height:100%}.e-con-inner>.elementor-widget-spacer>.elementor-widget-container>.elementor-spacer>.elementor-spacer-inner,.e-con>.elementor-widget-spacer>.elementor-widget-container>.elementor-spacer>.elementor-spacer-inner{height:var(--container-widget-height,var(--spacer-size))}<\/style>\t\t<div class=\"elementor-spacer\">\n\t\t\t<div class=\"elementor-spacer-inner\"><\/div>\n\t\t<\/div>\n\t\t\t\t<\/div>\n\t\t\t\t<\/div>\n\t\t\t\t\t<\/div>\n\t\t<\/div>\n\t\t\t\t\t\t\t<\/div>\n\t\t<\/section>\n\t\t\t\t\t\t\t<\/div>","protected":false},"excerpt":{"rendered":"<p>Company Overview Chengdu Jinchun Metallic Materials Co., Ltd. starts from a metal powder manufacturer in 2012, with the production headquarter in Chengdu city that is located in the Southwest of China, specializes in the R&amp;D and production of ferroalloy powders, non-ferrous powders, rare earth materials, and other metal related materials. With the ability to produce [&hellip;]<\/p>","protected":false},"author":1,"featured_media":0,"parent":0,"menu_order":0,"comment_status":"closed","ping_status":"closed","template":"elementor_header_footer","meta":{"_acf_changed":false,"footnotes":""},"class_list":["post-346","page","type-page","status-publish","hentry"],"acf":[],"yoast_head":"<!-- This site is optimized with the Yoast SEO plugin v23.2 - https:\/\/yoast.com\/wordpress\/plugins\/seo\/ -->\n<title>About us - Jinchun<\/title>\n<meta name=\"description\" content=\"Jinchun, our core brand, leads the global market with quality, we are specializing in Metal Materials, focusing on the research and development of Metal Powders, with Competitive price and top quality.\" \/>\n<meta name=\"robots\" content=\"index, follow, max-snippet:-1, max-image-preview:large, max-video-preview:-1\" \/>\n<link rel=\"canonical\" href=\"https:\/\/www.jinchunmetal.com\/fr_fr\/about-us\/\" \/>\n<meta property=\"og:locale\" content=\"fr_FR\" \/>\n<meta property=\"og:type\" content=\"article\" \/>\n<meta property=\"og:title\" content=\"About us - Jinchun\" \/>\n<meta property=\"og:description\" content=\"Jinchun, our core brand, leads the global market with quality, we are specializing in Metal Materials, focusing on the research and development of Metal Powders, with Competitive price and top quality.\" \/>\n<meta property=\"og:url\" content=\"https:\/\/www.jinchunmetal.com\/fr_fr\/about-us\/\" \/>\n<meta property=\"og:site_name\" content=\"Chengdu Jinchun Metallic Materials Co.,Ltd.\" \/>\n<meta property=\"article:modified_time\" content=\"2024-08-19T03:13:37+00:00\" \/>\n<meta name=\"twitter:card\" content=\"summary_large_image\" \/>\n<meta name=\"twitter:label1\" content=\"Dur\u00e9e de lecture estim\u00e9e\" \/>\n\t<meta name=\"twitter:data1\" content=\"3 minutes\" \/>\n<script type=\"application\/ld+json\" class=\"yoast-schema-graph\">{\"@context\":\"https:\/\/schema.org\",\"@graph\":[{\"@type\":\"WebPage\",\"@id\":\"https:\/\/www.jinchunmetal.com\/about-us\/\",\"url\":\"https:\/\/www.jinchunmetal.com\/about-us\/\",\"name\":\"About us - Jinchun\",\"isPartOf\":{\"@id\":\"https:\/\/www.jinchunmetal.com\/#website\"},\"datePublished\":\"2018-07-28T16:07:17+00:00\",\"dateModified\":\"2024-08-19T03:13:37+00:00\",\"description\":\"Jinchun, our core brand, leads the global market with quality, we are specializing in Metal Materials, focusing on the research and development of Metal Powders, with Competitive price and top quality.\",\"breadcrumb\":{\"@id\":\"https:\/\/www.jinchunmetal.com\/about-us\/#breadcrumb\"},\"inLanguage\":\"fr-FR\",\"potentialAction\":[{\"@type\":\"ReadAction\",\"target\":[\"https:\/\/www.jinchunmetal.com\/about-us\/\"]}]},{\"@type\":\"BreadcrumbList\",\"@id\":\"https:\/\/www.jinchunmetal.com\/about-us\/#breadcrumb\",\"itemListElement\":[{\"@type\":\"ListItem\",\"position\":1,\"name\":\"\u9996\u9875\",\"item\":\"https:\/\/www.jinchunmetal.com\/\"},{\"@type\":\"ListItem\",\"position\":2,\"name\":\"About Us\"}]},{\"@type\":\"WebSite\",\"@id\":\"https:\/\/www.jinchunmetal.com\/#website\",\"url\":\"https:\/\/www.jinchunmetal.com\/\",\"name\":\"Chengdu Jinchun Metallic Materials Co.,Ltd.\",\"description\":\"Jinchun Metal\",\"potentialAction\":[{\"@type\":\"SearchAction\",\"target\":{\"@type\":\"EntryPoint\",\"urlTemplate\":\"https:\/\/www.jinchunmetal.com\/?s={search_term_string}\"},\"query-input\":\"required name=search_term_string\"}],\"inLanguage\":\"fr-FR\"}]}<\/script>\n<!-- \/ Yoast SEO plugin. -->","yoast_head_json":{"title":"About us - Jinchun","description":"Jinchun, our core brand, leads the global market with quality, we are specializing in Metal Materials, focusing on the research and development of Metal Powders, with Competitive price and top quality.","robots":{"index":"index","follow":"follow","max-snippet":"max-snippet:-1","max-image-preview":"max-image-preview:large","max-video-preview":"max-video-preview:-1"},"canonical":"https:\/\/www.jinchunmetal.com\/fr_fr\/about-us\/","og_locale":"fr_FR","og_type":"article","og_title":"About us - Jinchun","og_description":"Jinchun, our core brand, leads the global market with quality, we are specializing in Metal Materials, focusing on the research and development of Metal Powders, with Competitive price and top quality.","og_url":"https:\/\/www.jinchunmetal.com\/fr_fr\/about-us\/","og_site_name":"Chengdu Jinchun Metallic Materials Co.,Ltd.","article_modified_time":"2024-08-19T03:13:37+00:00","twitter_card":"summary_large_image","twitter_misc":{"Dur\u00e9e de lecture estim\u00e9e":"3 minutes"},"schema":{"@context":"https:\/\/schema.org","@graph":[{"@type":"WebPage","@id":"https:\/\/www.jinchunmetal.com\/about-us\/","url":"https:\/\/www.jinchunmetal.com\/about-us\/","name":"About us - Jinchun","isPartOf":{"@id":"https:\/\/www.jinchunmetal.com\/#website"},"datePublished":"2018-07-28T16:07:17+00:00","dateModified":"2024-08-19T03:13:37+00:00","description":"Jinchun, our core brand, leads the global market with quality, we are specializing in Metal Materials, focusing on the research and development of Metal Powders, with Competitive price and top quality.","breadcrumb":{"@id":"https:\/\/www.jinchunmetal.com\/about-us\/#breadcrumb"},"inLanguage":"fr-FR","potentialAction":[{"@type":"ReadAction","target":["https:\/\/www.jinchunmetal.com\/about-us\/"]}]},{"@type":"BreadcrumbList","@id":"https:\/\/www.jinchunmetal.com\/about-us\/#breadcrumb","itemListElement":[{"@type":"ListItem","position":1,"name":"\u9996\u9875","item":"https:\/\/www.jinchunmetal.com\/"},{"@type":"ListItem","position":2,"name":"About Us"}]},{"@type":"WebSite","@id":"https:\/\/www.jinchunmetal.com\/#website","url":"https:\/\/www.jinchunmetal.com\/","name":"Chengdu Jinchun Metallic Materials Co.,Ltd.","description":"Jinchun Metal","potentialAction":[{"@type":"SearchAction","target":{"@type":"EntryPoint","urlTemplate":"https:\/\/www.jinchunmetal.com\/?s={search_term_string}"},"query-input":"required name=search_term_string"}],"inLanguage":"fr-FR"}]}},"_links":{"self":[{"href":"https:\/\/www.jinchunmetal.com\/fr_fr\/wp-json\/wp\/v2\/pages\/346","targetHints":{"allow":["GET"]}}],"collection":[{"href":"https:\/\/www.jinchunmetal.com\/fr_fr\/wp-json\/wp\/v2\/pages"}],"about":[{"href":"https:\/\/www.jinchunmetal.com\/fr_fr\/wp-json\/wp\/v2\/types\/page"}],"author":[{"embeddable":true,"href":"https:\/\/www.jinchunmetal.com\/fr_fr\/wp-json\/wp\/v2\/users\/1"}],"replies":[{"embeddable":true,"href":"https:\/\/www.jinchunmetal.com\/fr_fr\/wp-json\/wp\/v2\/comments?post=346"}],"version-history":[{"count":43,"href":"https:\/\/www.jinchunmetal.com\/fr_fr\/wp-json\/wp\/v2\/pages\/346\/revisions"}],"predecessor-version":[{"id":3829,"href":"https:\/\/www.jinchunmetal.com\/fr_fr\/wp-json\/wp\/v2\/pages\/346\/revisions\/3829"}],"wp:attachment":[{"href":"https:\/\/www.jinchunmetal.com\/fr_fr\/wp-json\/wp\/v2\/media?parent=346"}],"curies":[{"name":"wp","href":"https:\/\/api.w.org\/{rel}","templated":true}]}}