{"id":3586,"date":"2024-08-08T10:36:53","date_gmt":"2024-08-08T02:36:53","guid":{"rendered":"http:\/\/www.jinchunmetal.com\/?post_type=product&#038;p=3586"},"modified":"2025-05-28T13:47:12","modified_gmt":"2025-05-28T05:47:12","slug":"spraying-coating-metal-materails-cast-tungsten-carbide-powder","status":"publish","type":"product","link":"https:\/\/www.jinchunmetal.com\/fr_fr\/produit\/spraying-coating-metal-materails-cast-tungsten-carbide-powder\/","title":{"rendered":"Rev\u00eatement par pulv\u00e9risation Mat\u00e9riaux m\u00e9talliques Poudre de carbure de tungst\u00e8ne coul\u00e9e"},"content":{"rendered":"<p><strong>Caract\u00e8re du produit<\/strong><\/p>\n<p>The hardness of tungsten carbide is extremely high, with a Mohs hardness of 8.5-9, second only to diamond. Tungsten carbide has high wear resistance and corrosion resistance, and is therefore also used to manufacture wear-resistant thermal protective coatings for easily worn tools in the aerospace and precision industries. Cast tungsten carbide powder is a material used for reinforcing the surface of welding oil drilling tools, building materials machinery, grain machinery, and other easily worn parts. It may also be used in welding consumables to instead of part of the tungsten powder to reduce the cost.<\/p>\n<p>The Typical W content is around 95%.<\/p>\n<p>&nbsp;<\/p>\n<p><strong>2. cahier des charges<\/strong><\/p>\n<p>Cast tungsten carbide powder<\/p>\n<table width=\"871\">\n<tbody>\n<tr>\n<td width=\"122\">Nom\/ Type<\/td>\n<td width=\"100\">\u00c9l\u00e9ment<\/td>\n<td width=\"79\">W<\/td>\n<td width=\"79\">T.C<\/td>\n<td width=\"74\">F.C<\/td>\n<td width=\"79\">Fe<\/td>\n<td width=\"71\">Co<\/td>\n<td width=\"73\">Cu<\/td>\n<td width=\"78\">V<\/td>\n<td width=\"65\">Ti<\/td>\n<td width=\"51\">Ni<\/td>\n<\/tr>\n<tr>\n<td>Cast tungsten carbide powder<\/td>\n<td>R\u00e9sultat\uff08%\uff09<\/td>\n<td width=\"79\">94.39<\/td>\n<td width=\"79\">3.5<\/td>\n<td width=\"74\">0.07<\/td>\n<td width=\"79\">0.51<\/td>\n<td width=\"71\">0.03<\/td>\n<td width=\"73\">0.155<\/td>\n<td width=\"78\">0.014<\/td>\n<td width=\"65\">0.1<\/td>\n<td width=\"51\">1.20<\/td>\n<\/tr>\n<\/tbody>\n<\/table>\n<p><strong>3.Images des mati\u00e8res premi\u00e8res et de la production<\/strong><\/p>\n<p>Images des mati\u00e8res premi\u00e8res :<\/p>\n<p><img loading=\"lazy\" decoding=\"async\" class=\"alignnone wp-image-3579\" src=\"http:\/\/www.jinchunmetal.com\/wp-content\/uploads\/2024\/08\/Tungsten-300x225.jpeg\" alt=\"\" width=\"369\" height=\"277\" srcset=\"https:\/\/www.jinchunmetal.com\/wp-content\/uploads\/2024\/08\/Tungsten-300x225.jpeg 300w, https:\/\/www.jinchunmetal.com\/wp-content\/uploads\/2024\/08\/Tungsten-1024x768.jpeg 1024w, https:\/\/www.jinchunmetal.com\/wp-content\/uploads\/2024\/08\/Tungsten-768x576.jpeg 768w, https:\/\/www.jinchunmetal.com\/wp-content\/uploads\/2024\/08\/Tungsten-1536x1152.jpeg 1536w, https:\/\/www.jinchunmetal.com\/wp-content\/uploads\/2024\/08\/Tungsten-16x12.jpeg 16w, https:\/\/www.jinchunmetal.com\/wp-content\/uploads\/2024\/08\/Tungsten-800x600.jpeg 800w, https:\/\/www.jinchunmetal.com\/wp-content\/uploads\/2024\/08\/Tungsten.jpeg 2000w\" sizes=\"auto, (max-width: 369px) 100vw, 369px\" \/><\/p>\n<p>Photos de la production :<\/p>\n<p><img loading=\"lazy\" decoding=\"async\" class=\"alignnone wp-image-3574\" src=\"http:\/\/www.jinchunmetal.com\/wp-content\/uploads\/2024\/08\/water-atomization-2-300x279.jpg\" alt=\"\" width=\"365\" height=\"339\" srcset=\"https:\/\/www.jinchunmetal.com\/wp-content\/uploads\/2024\/08\/water-atomization-2-300x279.jpg 300w, https:\/\/www.jinchunmetal.com\/wp-content\/uploads\/2024\/08\/water-atomization-2-1024x951.jpg 1024w, https:\/\/www.jinchunmetal.com\/wp-content\/uploads\/2024\/08\/water-atomization-2-768x713.jpg 768w, https:\/\/www.jinchunmetal.com\/wp-content\/uploads\/2024\/08\/water-atomization-2-1536x1426.jpg 1536w, https:\/\/www.jinchunmetal.com\/wp-content\/uploads\/2024\/08\/water-atomization-2-2048x1902.jpg 2048w, https:\/\/www.jinchunmetal.com\/wp-content\/uploads\/2024\/08\/water-atomization-2-13x12.jpg 13w, https:\/\/www.jinchunmetal.com\/wp-content\/uploads\/2024\/08\/water-atomization-2-800x743.jpg 800w\" sizes=\"auto, (max-width: 365px) 100vw, 365px\" \/><\/p>\n<p><strong>4.Application<\/strong><\/p>\n<div data-slate-node=\"element\">Cast tungsten carbide powder is a material used for reinforcing the surface of welding oil drilling tools, building materials machinery, grain machinery, and other easily worn parts. It may also be used in welding consumables to instead of part of the tungsten powder to reduce the cost.<\/div>\n<div data-slate-node=\"element\"><img loading=\"lazy\" decoding=\"async\" class=\"alignnone size-medium wp-image-3580\" src=\"http:\/\/www.jinchunmetal.com\/wp-content\/uploads\/2024\/08\/Wear-plate-300x300.jpeg\" alt=\"\" width=\"300\" height=\"300\" srcset=\"https:\/\/www.jinchunmetal.com\/wp-content\/uploads\/2024\/08\/Wear-plate-300x300.jpeg 300w, https:\/\/www.jinchunmetal.com\/wp-content\/uploads\/2024\/08\/Wear-plate-1024x1024.jpeg 1024w, https:\/\/www.jinchunmetal.com\/wp-content\/uploads\/2024\/08\/Wear-plate-150x150.jpeg 150w, https:\/\/www.jinchunmetal.com\/wp-content\/uploads\/2024\/08\/Wear-plate-768x768.jpeg 768w, https:\/\/www.jinchunmetal.com\/wp-content\/uploads\/2024\/08\/Wear-plate-1536x1536.jpeg 1536w, https:\/\/www.jinchunmetal.com\/wp-content\/uploads\/2024\/08\/Wear-plate-2048x2048.jpeg 2048w, https:\/\/www.jinchunmetal.com\/wp-content\/uploads\/2024\/08\/Wear-plate-12x12.jpeg 12w, https:\/\/www.jinchunmetal.com\/wp-content\/uploads\/2024\/08\/Wear-plate-75x75.jpeg 75w, https:\/\/www.jinchunmetal.com\/wp-content\/uploads\/2024\/08\/Wear-plate-800x800.jpeg 800w, https:\/\/www.jinchunmetal.com\/wp-content\/uploads\/2024\/08\/Wear-plate-100x100.jpeg 100w\" sizes=\"auto, (max-width: 300px) 100vw, 300px\" \/><img loading=\"lazy\" decoding=\"async\" class=\"alignnone wp-image-3581\" src=\"http:\/\/www.jinchunmetal.com\/wp-content\/uploads\/2024\/08\/ed81c200-65bd-4f35-be75-3bad084b8c9b-300x200.jpeg\" alt=\"\" width=\"452\" height=\"301\" srcset=\"https:\/\/www.jinchunmetal.com\/wp-content\/uploads\/2024\/08\/ed81c200-65bd-4f35-be75-3bad084b8c9b-300x200.jpeg 300w, https:\/\/www.jinchunmetal.com\/wp-content\/uploads\/2024\/08\/ed81c200-65bd-4f35-be75-3bad084b8c9b-1024x682.jpeg 1024w, https:\/\/www.jinchunmetal.com\/wp-content\/uploads\/2024\/08\/ed81c200-65bd-4f35-be75-3bad084b8c9b-768x511.jpeg 768w, https:\/\/www.jinchunmetal.com\/wp-content\/uploads\/2024\/08\/ed81c200-65bd-4f35-be75-3bad084b8c9b-1536x1022.jpeg 1536w, https:\/\/www.jinchunmetal.com\/wp-content\/uploads\/2024\/08\/ed81c200-65bd-4f35-be75-3bad084b8c9b-2048x1363.jpeg 2048w, https:\/\/www.jinchunmetal.com\/wp-content\/uploads\/2024\/08\/ed81c200-65bd-4f35-be75-3bad084b8c9b-18x12.jpeg 18w, https:\/\/www.jinchunmetal.com\/wp-content\/uploads\/2024\/08\/ed81c200-65bd-4f35-be75-3bad084b8c9b-800x533.jpeg 800w\" sizes=\"auto, (max-width: 452px) 100vw, 452px\" \/><\/div>","protected":false},"excerpt":{"rendered":"<p>Caract\u00e9ristiques du produit\uff1a<\/p>\n<p>The hardness of tungsten carbide is extremely high, with a Mohs hardness of 8.5-9, second only to diamond. Tungsten carbide has high wear resistance and corrosion resistance, and is therefore also used to manufacture wear-resistant thermal protective coatings for easily worn tools in the aerospace and precision industries. Cast tungsten carbide powder is a material used for reinforcing the surface of welding oil drilling tools, building materials machinery, grain machinery, and other easily worn parts. It may also be used in welding consumables to instead of part of the tungsten powder to reduce the cost.<\/p>\n<p>The Typical W content is around 95%.<\/p>\n<table>\n<tbody>\n<tr>\n<td>Nom de la marque<\/td>\n<td>Jinchun<\/td>\n<\/tr>\n<tr>\n<td>Origine<\/td>\n<td>Chine<\/td>\n<\/tr>\n<tr>\n<td>Nom du produit<\/td>\n<td>Cast tungsten carbide powder<\/td>\n<\/tr>\n<tr>\n<td>Application<\/td>\n<td>Welding consumables, reinforcing the surface of welding oil drilling tools, and other easily worn parts.<\/td>\n<\/tr>\n<tr>\n<td>Forme<\/td>\n<td>Poudre<\/td>\n<\/tr>\n<tr>\n<td>Couleur<\/td>\n<td>Metal\u00a0 gray<\/td>\n<\/tr>\n<tr>\n<td>Taille<\/td>\n<td>40mesh ,60 mesh, 80 mesh, 100 mesh, 200 mesh, 300mesh<\/td>\n<\/tr>\n<tr>\n<td>Standard<\/td>\n<td>GB\/T 19001-2016\/ISO9001 : 2015<\/td>\n<\/tr>\n<tr>\n<td>La puret\u00e9<\/td>\n<td>W: 95%, TC: 3-4%<\/td>\n<\/tr>\n<tr>\n<td>Mat\u00e9riau<\/td>\n<td>Tungsten, Carbon prealloy<\/td>\n<\/tr>\n<tr>\n<td>Emballage<\/td>\n<td>Steel drums, Ton bags<\/td>\n<\/tr>\n<\/tbody>\n<\/table>","protected":false},"featured_media":3617,"comment_status":"open","ping_status":"closed","template":"","meta":{"_acf_changed":false},"product_brand":[],"product_cat":[56],"product_tag":[],"class_list":{"0":"post-3586","1":"product","2":"type-product","3":"status-publish","4":"has-post-thumbnail","6":"product_cat-spraying-coating-metal-materials","8":"first","9":"instock","10":"shipping-taxable","11":"product-type-simple"},"acf":[],"yoast_head":"<!-- This site is optimized with the Yoast SEO plugin v23.2 - https:\/\/yoast.com\/wordpress\/plugins\/seo\/ -->\n<title>Spraying Coating Metal Materials Cast tungsten carbide powder - Jinchun %<\/title>\n<meta name=\"description\" content=\"We are a Metal Materials manufacturer in China With rich experience in Spraying Coating Metal Materials Cast tungsten carbide powder , with Competitive price and top quality.\" \/>\n<meta name=\"robots\" content=\"index, follow, max-snippet:-1, max-image-preview:large, max-video-preview:-1\" \/>\n<link rel=\"canonical\" href=\"https:\/\/www.jinchunmetal.com\/fr_fr\/produit\/spraying-coating-metal-materails-cast-tungsten-carbide-powder\/\" \/>\n<meta property=\"og:locale\" content=\"fr_FR\" \/>\n<meta property=\"og:type\" content=\"article\" \/>\n<meta property=\"og:title\" content=\"Spraying Coating Metal Materials Cast tungsten carbide powder - Jinchun %\" \/>\n<meta property=\"og:description\" content=\"We are a Metal Materials manufacturer in China With rich experience in Spraying Coating Metal Materials Cast tungsten carbide powder , with Competitive price and top quality.\" \/>\n<meta property=\"og:url\" content=\"https:\/\/www.jinchunmetal.com\/fr_fr\/produit\/spraying-coating-metal-materails-cast-tungsten-carbide-powder\/\" \/>\n<meta property=\"og:site_name\" content=\"Chengdu Jinchun Metallic Materials Co.,Ltd.\" \/>\n<meta property=\"article:modified_time\" content=\"2025-05-28T05:47:12+00:00\" \/>\n<meta property=\"og:image\" content=\"https:\/\/www.jinchunmetal.com\/wp-content\/uploads\/2024\/08\/\u94a8\u94c160\u76ee-3.jpg\" \/>\n\t<meta property=\"og:image:width\" content=\"1001\" \/>\n\t<meta property=\"og:image:height\" content=\"1001\" \/>\n\t<meta property=\"og:image:type\" content=\"image\/jpeg\" \/>\n<meta name=\"twitter:card\" content=\"summary_large_image\" \/>\n<meta name=\"twitter:label1\" content=\"Dur\u00e9e de lecture estim\u00e9e\" \/>\n\t<meta name=\"twitter:data1\" content=\"3 minutes\" \/>\n<script type=\"application\/ld+json\" class=\"yoast-schema-graph\">{\"@context\":\"https:\/\/schema.org\",\"@graph\":[{\"@type\":\"WebPage\",\"@id\":\"https:\/\/www.jinchunmetal.com\/product\/spraying-coating-metal-materails-cast-tungsten-carbide-powder\/\",\"url\":\"https:\/\/www.jinchunmetal.com\/product\/spraying-coating-metal-materails-cast-tungsten-carbide-powder\/\",\"name\":\"Spraying Coating Metal Materials Cast tungsten carbide powder - Jinchun %\",\"isPartOf\":{\"@id\":\"https:\/\/www.jinchunmetal.com\/#website\"},\"primaryImageOfPage\":{\"@id\":\"https:\/\/www.jinchunmetal.com\/product\/spraying-coating-metal-materails-cast-tungsten-carbide-powder\/#primaryimage\"},\"image\":{\"@id\":\"https:\/\/www.jinchunmetal.com\/product\/spraying-coating-metal-materails-cast-tungsten-carbide-powder\/#primaryimage\"},\"thumbnailUrl\":\"https:\/\/www.jinchunmetal.com\/wp-content\/uploads\/2024\/08\/\u94a8\u94c160\u76ee-3.jpg\",\"datePublished\":\"2024-08-08T02:36:53+00:00\",\"dateModified\":\"2025-05-28T05:47:12+00:00\",\"description\":\"We are a Metal Materials manufacturer in China With rich experience in Spraying Coating Metal Materials Cast tungsten carbide powder , with Competitive price and top quality.\",\"breadcrumb\":{\"@id\":\"https:\/\/www.jinchunmetal.com\/product\/spraying-coating-metal-materails-cast-tungsten-carbide-powder\/#breadcrumb\"},\"inLanguage\":\"fr-FR\",\"potentialAction\":[{\"@type\":\"ReadAction\",\"target\":[\"https:\/\/www.jinchunmetal.com\/product\/spraying-coating-metal-materails-cast-tungsten-carbide-powder\/\"]}]},{\"@type\":\"ImageObject\",\"inLanguage\":\"fr-FR\",\"@id\":\"https:\/\/www.jinchunmetal.com\/product\/spraying-coating-metal-materails-cast-tungsten-carbide-powder\/#primaryimage\",\"url\":\"https:\/\/www.jinchunmetal.com\/wp-content\/uploads\/2024\/08\/\u94a8\u94c160\u76ee-3.jpg\",\"contentUrl\":\"https:\/\/www.jinchunmetal.com\/wp-content\/uploads\/2024\/08\/\u94a8\u94c160\u76ee-3.jpg\",\"width\":1001,\"height\":1001},{\"@type\":\"BreadcrumbList\",\"@id\":\"https:\/\/www.jinchunmetal.com\/product\/spraying-coating-metal-materails-cast-tungsten-carbide-powder\/#breadcrumb\",\"itemListElement\":[{\"@type\":\"ListItem\",\"position\":1,\"name\":\"\u9996\u9875\",\"item\":\"https:\/\/www.jinchunmetal.com\/\"},{\"@type\":\"ListItem\",\"position\":2,\"name\":\"Products\",\"item\":\"https:\/\/www.jinchunmetal.com\/fr_fr\/products\/\"},{\"@type\":\"ListItem\",\"position\":3,\"name\":\"Spraying Coating Metal Materials Cast tungsten carbide powder\"}]},{\"@type\":\"WebSite\",\"@id\":\"https:\/\/www.jinchunmetal.com\/#website\",\"url\":\"https:\/\/www.jinchunmetal.com\/\",\"name\":\"Chengdu Jinchun Metallic Materials Co.,Ltd.\",\"description\":\"Jinchun Metal\",\"potentialAction\":[{\"@type\":\"SearchAction\",\"target\":{\"@type\":\"EntryPoint\",\"urlTemplate\":\"https:\/\/www.jinchunmetal.com\/?s={search_term_string}\"},\"query-input\":\"required name=search_term_string\"}],\"inLanguage\":\"fr-FR\"}]}<\/script>\n<!-- \/ Yoast SEO plugin. -->","yoast_head_json":{"title":"Spraying Coating Metal Materials Cast tungsten carbide powder - Jinchun %","description":"We are a Metal Materials manufacturer in China With rich experience in Spraying Coating Metal Materials Cast tungsten carbide powder , with Competitive price and top quality.","robots":{"index":"index","follow":"follow","max-snippet":"max-snippet:-1","max-image-preview":"max-image-preview:large","max-video-preview":"max-video-preview:-1"},"canonical":"https:\/\/www.jinchunmetal.com\/fr_fr\/produit\/spraying-coating-metal-materails-cast-tungsten-carbide-powder\/","og_locale":"fr_FR","og_type":"article","og_title":"Spraying Coating Metal Materials Cast tungsten carbide powder - Jinchun %","og_description":"We are a Metal Materials manufacturer in China With rich experience in Spraying Coating Metal Materials Cast tungsten carbide powder , with Competitive price and top quality.","og_url":"https:\/\/www.jinchunmetal.com\/fr_fr\/produit\/spraying-coating-metal-materails-cast-tungsten-carbide-powder\/","og_site_name":"Chengdu Jinchun Metallic Materials Co.,Ltd.","article_modified_time":"2025-05-28T05:47:12+00:00","og_image":[{"width":1001,"height":1001,"url":"https:\/\/www.jinchunmetal.com\/wp-content\/uploads\/2024\/08\/\u94a8\u94c160\u76ee-3.jpg","type":"image\/jpeg"}],"twitter_card":"summary_large_image","twitter_misc":{"Dur\u00e9e de lecture estim\u00e9e":"3 minutes"},"schema":{"@context":"https:\/\/schema.org","@graph":[{"@type":"WebPage","@id":"https:\/\/www.jinchunmetal.com\/product\/spraying-coating-metal-materails-cast-tungsten-carbide-powder\/","url":"https:\/\/www.jinchunmetal.com\/product\/spraying-coating-metal-materails-cast-tungsten-carbide-powder\/","name":"Spraying Coating Metal Materials Cast tungsten carbide powder - Jinchun %","isPartOf":{"@id":"https:\/\/www.jinchunmetal.com\/#website"},"primaryImageOfPage":{"@id":"https:\/\/www.jinchunmetal.com\/product\/spraying-coating-metal-materails-cast-tungsten-carbide-powder\/#primaryimage"},"image":{"@id":"https:\/\/www.jinchunmetal.com\/product\/spraying-coating-metal-materails-cast-tungsten-carbide-powder\/#primaryimage"},"thumbnailUrl":"https:\/\/www.jinchunmetal.com\/wp-content\/uploads\/2024\/08\/\u94a8\u94c160\u76ee-3.jpg","datePublished":"2024-08-08T02:36:53+00:00","dateModified":"2025-05-28T05:47:12+00:00","description":"We are a Metal Materials manufacturer in China With rich experience in Spraying Coating Metal Materials Cast tungsten carbide powder , with Competitive price and top quality.","breadcrumb":{"@id":"https:\/\/www.jinchunmetal.com\/product\/spraying-coating-metal-materails-cast-tungsten-carbide-powder\/#breadcrumb"},"inLanguage":"fr-FR","potentialAction":[{"@type":"ReadAction","target":["https:\/\/www.jinchunmetal.com\/product\/spraying-coating-metal-materails-cast-tungsten-carbide-powder\/"]}]},{"@type":"ImageObject","inLanguage":"fr-FR","@id":"https:\/\/www.jinchunmetal.com\/product\/spraying-coating-metal-materails-cast-tungsten-carbide-powder\/#primaryimage","url":"https:\/\/www.jinchunmetal.com\/wp-content\/uploads\/2024\/08\/\u94a8\u94c160\u76ee-3.jpg","contentUrl":"https:\/\/www.jinchunmetal.com\/wp-content\/uploads\/2024\/08\/\u94a8\u94c160\u76ee-3.jpg","width":1001,"height":1001},{"@type":"BreadcrumbList","@id":"https:\/\/www.jinchunmetal.com\/product\/spraying-coating-metal-materails-cast-tungsten-carbide-powder\/#breadcrumb","itemListElement":[{"@type":"ListItem","position":1,"name":"\u9996\u9875","item":"https:\/\/www.jinchunmetal.com\/"},{"@type":"ListItem","position":2,"name":"Products","item":"https:\/\/www.jinchunmetal.com\/fr_fr\/products\/"},{"@type":"ListItem","position":3,"name":"Spraying Coating Metal Materials Cast tungsten carbide powder"}]},{"@type":"WebSite","@id":"https:\/\/www.jinchunmetal.com\/#website","url":"https:\/\/www.jinchunmetal.com\/","name":"Chengdu Jinchun Metallic Materials Co.,Ltd.","description":"Jinchun Metal","potentialAction":[{"@type":"SearchAction","target":{"@type":"EntryPoint","urlTemplate":"https:\/\/www.jinchunmetal.com\/?s={search_term_string}"},"query-input":"required name=search_term_string"}],"inLanguage":"fr-FR"}]}},"_links":{"self":[{"href":"https:\/\/www.jinchunmetal.com\/fr_fr\/wp-json\/wp\/v2\/product\/3586","targetHints":{"allow":["GET"]}}],"collection":[{"href":"https:\/\/www.jinchunmetal.com\/fr_fr\/wp-json\/wp\/v2\/product"}],"about":[{"href":"https:\/\/www.jinchunmetal.com\/fr_fr\/wp-json\/wp\/v2\/types\/product"}],"replies":[{"embeddable":true,"href":"https:\/\/www.jinchunmetal.com\/fr_fr\/wp-json\/wp\/v2\/comments?post=3586"}],"wp:featuredmedia":[{"embeddable":true,"href":"https:\/\/www.jinchunmetal.com\/fr_fr\/wp-json\/wp\/v2\/media\/3617"}],"wp:attachment":[{"href":"https:\/\/www.jinchunmetal.com\/fr_fr\/wp-json\/wp\/v2\/media?parent=3586"}],"wp:term":[{"taxonomy":"product_brand","embeddable":true,"href":"https:\/\/www.jinchunmetal.com\/fr_fr\/wp-json\/wp\/v2\/product_brand?post=3586"},{"taxonomy":"product_cat","embeddable":true,"href":"https:\/\/www.jinchunmetal.com\/fr_fr\/wp-json\/wp\/v2\/product_cat?post=3586"},{"taxonomy":"product_tag","embeddable":true,"href":"https:\/\/www.jinchunmetal.com\/fr_fr\/wp-json\/wp\/v2\/product_tag?post=3586"}],"curies":[{"name":"wp","href":"https:\/\/api.w.org\/{rel}","templated":true}]}}