{"id":3706,"date":"2024-08-12T11:02:25","date_gmt":"2024-08-12T03:02:25","guid":{"rendered":"http:\/\/www.jinchunmetal.com\/?post_type=product&#038;p=3706"},"modified":"2025-05-28T13:57:40","modified_gmt":"2025-05-28T05:57:40","slug":"welding-consumables-metal-materials-antimony-metal-powder","status":"publish","type":"product","link":"https:\/\/www.jinchunmetal.com\/fr_fr\/produit\/welding-consumables-metal-materials-antimony-metal-powder\/","title":{"rendered":"Consommables de soudage Mat\u00e9riaux m\u00e9talliques Poudre de m\u00e9tal d'antimoine"},"content":{"rendered":"<p><strong>Caract\u00e8re du produit<\/strong><\/p>\n<div data-slate-node=\"element\">99.5% poudre d'antimoine, avec la taille 60-300 mesh, un additif dans les consommables de fabrication, pour am\u00e9liorer la force de soudage.<\/div>\n<p>&nbsp;<\/p>\n<p><strong>2. cahier des charges<\/strong><\/p>\n<p><strong>\u00a0Poudre de m\u00e9tal d'antimoine<\/strong><\/p>\n<table style=\"border-collapse: collapse; width: 229px; height: 54px;\" border=\"0\" width=\"816\" cellspacing=\"0\" cellpadding=\"0\">\n<tbody>\n<tr style=\"height: 14.25pt;\">\n<td class=\"et4\" style=\"height: 14.25pt; width: 612.00pt;\" colspan=\"18\" width=\"816\" height=\"19\">\n<table style=\"border-collapse: collapse; width: 428px; height: 81px;\" border=\"0\" width=\"227\" cellspacing=\"0\" cellpadding=\"0\">\n<tbody>\n<tr style=\"height: 17.25pt;\">\n<td class=\"et4\" style=\"height: 34.50pt; width: 58.50pt;\" rowspan=\"2\" width=\"78\" height=\"46\">Poudre de m\u00e9tal d'antimoine<\/td>\n<td class=\"et5\" style=\"width: 75.00pt;\" width=\"100\">\u00c9l\u00e9ment<\/td>\n<td class=\"et5\" style=\"width: 36.75pt;\" width=\"49\">Sb<\/td>\n<\/tr>\n<tr style=\"height: 17.25pt;\">\n<td class=\"et5\">R\u00e9sultat\uff08%\uff09<\/td>\n<td class=\"et5\">\u226599.5<\/td>\n<\/tr>\n<\/tbody>\n<\/table>\n<\/td>\n<\/tr>\n<\/tbody>\n<\/table>\n<p>&nbsp;<\/p>\n<p><strong>3.Application<\/strong><\/p>\n<ul>\n<li data-slate-node=\"element\">\u00a0Poudre d'antimoine : comme additif dans les consommables de soudage et autres mat\u00e9riaux. L'antimoine est ajout\u00e9 comme additif \u00e0 la soudure \u00e0 l'\u00e9tain et au plomb, principalement pour am\u00e9liorer la r\u00e9sistance de la soudure. Cet effet est obtenu en augmentant la duret\u00e9 et la r\u00e9sistance de la soudure, ce qui garantit la solidit\u00e9 et la fiabilit\u00e9 de la pi\u00e8ce soud\u00e9e. Plus pr\u00e9cis\u00e9ment, la quantit\u00e9 d'antimoine ajout\u00e9e augmente avec la diminution de la teneur en \u00e9tain et l'augmentation de la teneur en plomb.<\/li>\n<\/ul>\n<div data-slate-node=\"element\">\n<p>&nbsp;<\/p>\n<p><strong>4. emballage<\/strong><\/p>\n<p>50 kg Tonneau.<\/p>\n<\/div>","protected":false},"excerpt":{"rendered":"<p>Caract\u00e9ristiques du produit\uff1a<\/p>\n<div data-slate-node=\"element\">99.5% poudre d'antimoine, avec la taille 60-300 mesh, un additif dans les consommables de fabrication, pour am\u00e9liorer la force de soudage.<\/div>\n<p>&nbsp;<\/p>\n<table>\n<tbody>\n<tr>\n<td>Nom de la marque<\/td>\n<td>Jinchun<\/td>\n<\/tr>\n<tr>\n<td>Origine<\/td>\n<td>Chine<\/td>\n<\/tr>\n<tr>\n<td>Nom<\/td>\n<td>Poudre de m\u00e9tal d'antimoine<\/td>\n<\/tr>\n<tr>\n<td>Application<\/td>\n<td>Additif dans les consommables de soudage et autres mat\u00e9riaux.<\/td>\n<\/tr>\n<tr>\n<td>Forme<\/td>\n<td>Poudre<\/td>\n<\/tr>\n<tr>\n<td>Couleur<\/td>\n<td>M\u00e9tal noir<\/td>\n<\/tr>\n<tr>\n<td>Taille<\/td>\n<td>60 mesh, 100 mesh, 200 mesh, 300mesh<\/td>\n<\/tr>\n<tr>\n<td>Standard<\/td>\n<td>GB\/T 19001-2016\/ISO9001 : 2015<\/td>\n<\/tr>\n<tr>\n<td>La puret\u00e9<\/td>\n<td>Sb:99.5%<\/td>\n<\/tr>\n<tr>\n<td>Mat\u00e9riau<\/td>\n<td>Poudre de m\u00e9tal d'antimoine<\/td>\n<\/tr>\n<tr>\n<td>Emballage<\/td>\n<td>Tambours d'acier<\/td>\n<\/tr>\n<\/tbody>\n<\/table>","protected":false},"featured_media":3664,"comment_status":"open","ping_status":"closed","template":"","meta":{"_acf_changed":false},"product_brand":[],"product_cat":[15],"product_tag":[],"class_list":{"0":"post-3706","1":"product","2":"type-product","3":"status-publish","4":"has-post-thumbnail","6":"product_cat-welding-consumables-metal-materials","8":"first","9":"instock","10":"shipping-taxable","11":"product-type-simple"},"acf":[],"yoast_head":"<!-- This site is optimized with the Yoast SEO plugin v23.2 - https:\/\/yoast.com\/wordpress\/plugins\/seo\/ -->\n<title>Welding Consumables Metal Materials Antimony Metal Powder - Jinchun %<\/title>\n<meta name=\"description\" content=\"We are a Metal Materials manufacturer in China With rich experience in Welding Consumables Metal Materials Antimony Metal Powder , with Competitive price and top quality.\" \/>\n<meta name=\"robots\" content=\"index, follow, max-snippet:-1, max-image-preview:large, max-video-preview:-1\" \/>\n<link rel=\"canonical\" href=\"https:\/\/www.jinchunmetal.com\/fr_fr\/produit\/welding-consumables-metal-materials-antimony-metal-powder\/\" \/>\n<meta property=\"og:locale\" content=\"fr_FR\" \/>\n<meta property=\"og:type\" content=\"article\" \/>\n<meta property=\"og:title\" content=\"Welding Consumables Metal Materials Antimony Metal Powder - Jinchun %\" \/>\n<meta property=\"og:description\" content=\"We are a Metal Materials manufacturer in China With rich experience in Welding Consumables Metal Materials Antimony Metal Powder , with Competitive price and top quality.\" \/>\n<meta property=\"og:url\" content=\"https:\/\/www.jinchunmetal.com\/fr_fr\/produit\/welding-consumables-metal-materials-antimony-metal-powder\/\" \/>\n<meta property=\"og:site_name\" content=\"Chengdu Jinchun Metallic Materials Co.,Ltd.\" \/>\n<meta property=\"article:modified_time\" content=\"2025-05-28T05:57:40+00:00\" \/>\n<meta property=\"og:image\" content=\"https:\/\/www.jinchunmetal.com\/wp-content\/uploads\/2024\/08\/\u52a0\u62ff\u5927\u94cc\u94c1200\u76ee-3.jpg\" \/>\n\t<meta property=\"og:image:width\" content=\"999\" \/>\n\t<meta property=\"og:image:height\" content=\"999\" \/>\n\t<meta property=\"og:image:type\" content=\"image\/jpeg\" \/>\n<meta name=\"twitter:card\" content=\"summary_large_image\" \/>\n<meta name=\"twitter:label1\" content=\"Dur\u00e9e de lecture estim\u00e9e\" \/>\n\t<meta name=\"twitter:data1\" content=\"1 minute\" \/>\n<script type=\"application\/ld+json\" class=\"yoast-schema-graph\">{\"@context\":\"https:\/\/schema.org\",\"@graph\":[{\"@type\":\"WebPage\",\"@id\":\"https:\/\/www.jinchunmetal.com\/product\/welding-consumables-metal-materials-antimony-metal-powder\/\",\"url\":\"https:\/\/www.jinchunmetal.com\/product\/welding-consumables-metal-materials-antimony-metal-powder\/\",\"name\":\"Welding Consumables Metal Materials Antimony Metal Powder - Jinchun %\",\"isPartOf\":{\"@id\":\"https:\/\/www.jinchunmetal.com\/#website\"},\"primaryImageOfPage\":{\"@id\":\"https:\/\/www.jinchunmetal.com\/product\/welding-consumables-metal-materials-antimony-metal-powder\/#primaryimage\"},\"image\":{\"@id\":\"https:\/\/www.jinchunmetal.com\/product\/welding-consumables-metal-materials-antimony-metal-powder\/#primaryimage\"},\"thumbnailUrl\":\"https:\/\/www.jinchunmetal.com\/wp-content\/uploads\/2024\/08\/\u52a0\u62ff\u5927\u94cc\u94c1200\u76ee-3.jpg\",\"datePublished\":\"2024-08-12T03:02:25+00:00\",\"dateModified\":\"2025-05-28T05:57:40+00:00\",\"description\":\"We are a Metal Materials manufacturer in China With rich experience in Welding Consumables Metal Materials Antimony Metal Powder , with Competitive price and top quality.\",\"breadcrumb\":{\"@id\":\"https:\/\/www.jinchunmetal.com\/product\/welding-consumables-metal-materials-antimony-metal-powder\/#breadcrumb\"},\"inLanguage\":\"fr-FR\",\"potentialAction\":[{\"@type\":\"ReadAction\",\"target\":[\"https:\/\/www.jinchunmetal.com\/product\/welding-consumables-metal-materials-antimony-metal-powder\/\"]}]},{\"@type\":\"ImageObject\",\"inLanguage\":\"fr-FR\",\"@id\":\"https:\/\/www.jinchunmetal.com\/product\/welding-consumables-metal-materials-antimony-metal-powder\/#primaryimage\",\"url\":\"https:\/\/www.jinchunmetal.com\/wp-content\/uploads\/2024\/08\/\u52a0\u62ff\u5927\u94cc\u94c1200\u76ee-3.jpg\",\"contentUrl\":\"https:\/\/www.jinchunmetal.com\/wp-content\/uploads\/2024\/08\/\u52a0\u62ff\u5927\u94cc\u94c1200\u76ee-3.jpg\",\"width\":999,\"height\":999},{\"@type\":\"BreadcrumbList\",\"@id\":\"https:\/\/www.jinchunmetal.com\/product\/welding-consumables-metal-materials-antimony-metal-powder\/#breadcrumb\",\"itemListElement\":[{\"@type\":\"ListItem\",\"position\":1,\"name\":\"\u9996\u9875\",\"item\":\"https:\/\/www.jinchunmetal.com\/\"},{\"@type\":\"ListItem\",\"position\":2,\"name\":\"Products\",\"item\":\"https:\/\/www.jinchunmetal.com\/fr_fr\/products\/\"},{\"@type\":\"ListItem\",\"position\":3,\"name\":\"Welding Consumables Metal Materials Antimony Metal Powder\"}]},{\"@type\":\"WebSite\",\"@id\":\"https:\/\/www.jinchunmetal.com\/#website\",\"url\":\"https:\/\/www.jinchunmetal.com\/\",\"name\":\"Chengdu Jinchun Metallic Materials Co.,Ltd.\",\"description\":\"Jinchun Metal\",\"potentialAction\":[{\"@type\":\"SearchAction\",\"target\":{\"@type\":\"EntryPoint\",\"urlTemplate\":\"https:\/\/www.jinchunmetal.com\/?s={search_term_string}\"},\"query-input\":\"required name=search_term_string\"}],\"inLanguage\":\"fr-FR\"}]}<\/script>\n<!-- \/ Yoast SEO plugin. -->","yoast_head_json":{"title":"Welding Consumables Metal Materials Antimony Metal Powder - Jinchun %","description":"We are a Metal Materials manufacturer in China With rich experience in Welding Consumables Metal Materials Antimony Metal Powder , with Competitive price and top quality.","robots":{"index":"index","follow":"follow","max-snippet":"max-snippet:-1","max-image-preview":"max-image-preview:large","max-video-preview":"max-video-preview:-1"},"canonical":"https:\/\/www.jinchunmetal.com\/fr_fr\/produit\/welding-consumables-metal-materials-antimony-metal-powder\/","og_locale":"fr_FR","og_type":"article","og_title":"Welding Consumables Metal Materials Antimony Metal Powder - Jinchun %","og_description":"We are a Metal Materials manufacturer in China With rich experience in Welding Consumables Metal Materials Antimony Metal Powder , with Competitive price and top quality.","og_url":"https:\/\/www.jinchunmetal.com\/fr_fr\/produit\/welding-consumables-metal-materials-antimony-metal-powder\/","og_site_name":"Chengdu Jinchun Metallic Materials Co.,Ltd.","article_modified_time":"2025-05-28T05:57:40+00:00","og_image":[{"width":999,"height":999,"url":"https:\/\/www.jinchunmetal.com\/wp-content\/uploads\/2024\/08\/\u52a0\u62ff\u5927\u94cc\u94c1200\u76ee-3.jpg","type":"image\/jpeg"}],"twitter_card":"summary_large_image","twitter_misc":{"Dur\u00e9e de lecture estim\u00e9e":"1 minute"},"schema":{"@context":"https:\/\/schema.org","@graph":[{"@type":"WebPage","@id":"https:\/\/www.jinchunmetal.com\/product\/welding-consumables-metal-materials-antimony-metal-powder\/","url":"https:\/\/www.jinchunmetal.com\/product\/welding-consumables-metal-materials-antimony-metal-powder\/","name":"Welding Consumables Metal Materials Antimony Metal Powder - Jinchun %","isPartOf":{"@id":"https:\/\/www.jinchunmetal.com\/#website"},"primaryImageOfPage":{"@id":"https:\/\/www.jinchunmetal.com\/product\/welding-consumables-metal-materials-antimony-metal-powder\/#primaryimage"},"image":{"@id":"https:\/\/www.jinchunmetal.com\/product\/welding-consumables-metal-materials-antimony-metal-powder\/#primaryimage"},"thumbnailUrl":"https:\/\/www.jinchunmetal.com\/wp-content\/uploads\/2024\/08\/\u52a0\u62ff\u5927\u94cc\u94c1200\u76ee-3.jpg","datePublished":"2024-08-12T03:02:25+00:00","dateModified":"2025-05-28T05:57:40+00:00","description":"We are a Metal Materials manufacturer in China With rich experience in Welding Consumables Metal Materials Antimony Metal Powder , with Competitive price and top quality.","breadcrumb":{"@id":"https:\/\/www.jinchunmetal.com\/product\/welding-consumables-metal-materials-antimony-metal-powder\/#breadcrumb"},"inLanguage":"fr-FR","potentialAction":[{"@type":"ReadAction","target":["https:\/\/www.jinchunmetal.com\/product\/welding-consumables-metal-materials-antimony-metal-powder\/"]}]},{"@type":"ImageObject","inLanguage":"fr-FR","@id":"https:\/\/www.jinchunmetal.com\/product\/welding-consumables-metal-materials-antimony-metal-powder\/#primaryimage","url":"https:\/\/www.jinchunmetal.com\/wp-content\/uploads\/2024\/08\/\u52a0\u62ff\u5927\u94cc\u94c1200\u76ee-3.jpg","contentUrl":"https:\/\/www.jinchunmetal.com\/wp-content\/uploads\/2024\/08\/\u52a0\u62ff\u5927\u94cc\u94c1200\u76ee-3.jpg","width":999,"height":999},{"@type":"BreadcrumbList","@id":"https:\/\/www.jinchunmetal.com\/product\/welding-consumables-metal-materials-antimony-metal-powder\/#breadcrumb","itemListElement":[{"@type":"ListItem","position":1,"name":"\u9996\u9875","item":"https:\/\/www.jinchunmetal.com\/"},{"@type":"ListItem","position":2,"name":"Products","item":"https:\/\/www.jinchunmetal.com\/fr_fr\/products\/"},{"@type":"ListItem","position":3,"name":"Welding Consumables Metal Materials Antimony Metal Powder"}]},{"@type":"WebSite","@id":"https:\/\/www.jinchunmetal.com\/#website","url":"https:\/\/www.jinchunmetal.com\/","name":"Chengdu Jinchun Metallic Materials Co.,Ltd.","description":"Jinchun Metal","potentialAction":[{"@type":"SearchAction","target":{"@type":"EntryPoint","urlTemplate":"https:\/\/www.jinchunmetal.com\/?s={search_term_string}"},"query-input":"required name=search_term_string"}],"inLanguage":"fr-FR"}]}},"_links":{"self":[{"href":"https:\/\/www.jinchunmetal.com\/fr_fr\/wp-json\/wp\/v2\/product\/3706","targetHints":{"allow":["GET"]}}],"collection":[{"href":"https:\/\/www.jinchunmetal.com\/fr_fr\/wp-json\/wp\/v2\/product"}],"about":[{"href":"https:\/\/www.jinchunmetal.com\/fr_fr\/wp-json\/wp\/v2\/types\/product"}],"replies":[{"embeddable":true,"href":"https:\/\/www.jinchunmetal.com\/fr_fr\/wp-json\/wp\/v2\/comments?post=3706"}],"wp:featuredmedia":[{"embeddable":true,"href":"https:\/\/www.jinchunmetal.com\/fr_fr\/wp-json\/wp\/v2\/media\/3664"}],"wp:attachment":[{"href":"https:\/\/www.jinchunmetal.com\/fr_fr\/wp-json\/wp\/v2\/media?parent=3706"}],"wp:term":[{"taxonomy":"product_brand","embeddable":true,"href":"https:\/\/www.jinchunmetal.com\/fr_fr\/wp-json\/wp\/v2\/product_brand?post=3706"},{"taxonomy":"product_cat","embeddable":true,"href":"https:\/\/www.jinchunmetal.com\/fr_fr\/wp-json\/wp\/v2\/product_cat?post=3706"},{"taxonomy":"product_tag","embeddable":true,"href":"https:\/\/www.jinchunmetal.com\/fr_fr\/wp-json\/wp\/v2\/product_tag?post=3706"}],"curies":[{"name":"wp","href":"https:\/\/api.w.org\/{rel}","templated":true}]}}