{"id":3826,"date":"2024-08-19T11:03:43","date_gmt":"2024-08-19T03:03:43","guid":{"rendered":"https:\/\/www.jinchunmetal.com\/?post_type=product&#038;p=3826"},"modified":"2025-05-28T14:02:39","modified_gmt":"2025-05-28T06:02:39","slug":"diamond-tools-and-powder-metallurgy-metal-materials-ferro-boron-powder","status":"publish","type":"product","link":"https:\/\/www.jinchunmetal.com\/fr_fr\/produit\/diamond-tools-and-powder-metallurgy-metal-materials-ferro-boron-powder\/","title":{"rendered":"Outils diamant\u00e9s et m\u00e9tallurgie des poudres Mat\u00e9riaux m\u00e9talliques Poudre de fer-bore"},"content":{"rendered":"<p><strong>Caract\u00e8re du produit<\/strong><\/p>\n<p>According to the different carbon contents, ferro boron powder can be divided into\u00a0 medium carbon and low carbon ferro boron.<\/p>\n<p>We also supply customized Boron content in 1% 2% 19% 21%, etc.<\/p>\n<p>&nbsp;<\/p>\n<p><strong>2. cahier des charges<\/strong><\/p>\n<p><strong>Medium carbon ferro boron powder<\/strong><\/p>\n<table style=\"border-collapse: collapse; width: 1279px; height: 80px;\" border=\"0\" width=\"653\" cellspacing=\"0\" cellpadding=\"0\">\n<tbody>\n<tr style=\"height: 19.50pt;\">\n<td class=\"et4\" style=\"height: 19.50pt; width: 140.25pt;\" width=\"187\" height=\"26\">Nom\/ Type<\/td>\n<td class=\"et4\" style=\"width: 87.75pt;\" width=\"117\">\u00c9l\u00e9ment<\/td>\n<td class=\"et5\" style=\"width: 61.50pt;\" width=\"82\">B<\/td>\n<td class=\"et5\" style=\"width: 54.00pt;\" width=\"72\">C<\/td>\n<td class=\"et5\" style=\"width: 40.50pt;\" width=\"54\">Al<\/td>\n<td class=\"et5\" style=\"width: 36.00pt;\" width=\"48\">Si<\/td>\n<td class=\"et5\" style=\"width: 37.50pt;\" width=\"50\">P<\/td>\n<td class=\"et5\" style=\"width: 32.25pt;\" width=\"43\">S<\/td>\n<\/tr>\n<tr style=\"height: 19.50pt;\">\n<td class=\"et4\" style=\"height: 38.25pt;\" rowspan=\"2\" height=\"51\">FeB20C0.5<\/td>\n<td class=\"et4\">Standard\uff08%\uff09<\/td>\n<td class=\"et4\">19.0~21.0<\/td>\n<td class=\"et4\">\u22640.5<\/td>\n<td class=\"et4\">\u22640.05<\/td>\n<td class=\"et4\">\u22644.0<\/td>\n<td class=\"et4\">\u22640.1<\/td>\n<td class=\"et4\">\u22640.01<\/td>\n<\/tr>\n<tr style=\"height: 18.75pt;\">\n<td class=\"et4\">R\u00e9sultat\uff08%\uff09<\/td>\n<td class=\"et5\" style=\"width: 61.50pt;\" width=\"82\">19.49<\/td>\n<td class=\"et5\" style=\"width: 54.00pt;\" width=\"72\">0.27<\/td>\n<td class=\"et5\" style=\"width: 40.50pt;\" width=\"54\">0.017<\/td>\n<td class=\"et5\" style=\"width: 36.00pt;\" width=\"48\">0.36<\/td>\n<td class=\"et5\" style=\"width: 37.50pt;\" width=\"50\">0.034<\/td>\n<td class=\"et5\" style=\"width: 32.25pt;\" width=\"43\">0.005<\/td>\n<\/tr>\n<\/tbody>\n<\/table>\n<p>&nbsp;<\/p>\n<table style=\"height: 61px;\" width=\"696\">\n<tbody>\n<tr>\n<td width=\"187\">Nom\/ Type<\/td>\n<td width=\"117\">\u00c9l\u00e9ment<\/td>\n<td width=\"82\">B<\/td>\n<td width=\"72\">C<\/td>\n<td width=\"54\">Al<\/td>\n<td width=\"48\">Si<\/td>\n<td width=\"50\">P<\/td>\n<td width=\"43\">S<\/td>\n<td width=\"57\">Mn<\/td>\n<\/tr>\n<tr>\n<td>FeB2C0.5<\/td>\n<td>R\u00e9sultat\uff08%\uff09<\/td>\n<td>1.86<\/td>\n<td>0.26<\/td>\n<td>&#8211;<\/td>\n<td>0.67<\/td>\n<td>0.07<\/td>\n<td>0.026<\/td>\n<td>0.26<\/td>\n<\/tr>\n<\/tbody>\n<\/table>\n<p><strong>Low carbon ferro boron\u00a0 powder<\/strong><\/p>\n<table style=\"border-collapse: collapse; width: 1275px; height: 82px;\" border=\"0\" width=\"710\" cellspacing=\"0\" cellpadding=\"0\">\n<tbody>\n<tr style=\"height: 17.25pt;\">\n<td class=\"et4\" style=\"height: 17.25pt; width: 140.25pt;\" width=\"187\" height=\"23\">Nom\/ Type<\/td>\n<td class=\"et4\" style=\"width: 87.75pt;\" width=\"117\">\u00c9l\u00e9ment<\/td>\n<td class=\"et5\" style=\"width: 61.50pt;\" width=\"82\">B<\/td>\n<td class=\"et5\" style=\"width: 54.00pt;\" width=\"72\">C<\/td>\n<td class=\"et5\" style=\"width: 40.50pt;\" width=\"54\">Al<\/td>\n<td class=\"et5\" style=\"width: 36.00pt;\" width=\"48\">Si<\/td>\n<td class=\"et5\" style=\"width: 37.50pt;\" width=\"50\">P<\/td>\n<td class=\"et5\" style=\"width: 32.25pt;\" width=\"43\">S<\/td>\n<td class=\"et4\" style=\"width: 42.75pt;\" width=\"57\">Cu<\/td>\n<\/tr>\n<tr style=\"height: 17.25pt;\">\n<td class=\"et4\" style=\"height: 34.50pt;\" rowspan=\"2\" height=\"46\">FeB23C0.05<\/td>\n<td class=\"et4\">Standard\uff08%\uff09<\/td>\n<td class=\"et4\">20.0~25.0<\/td>\n<td class=\"et4\">\u22640.05<\/td>\n<td class=\"et4\">\u22643.0<\/td>\n<td class=\"et4\">\u22642.0<\/td>\n<td class=\"et4\">\u22640.015<\/td>\n<td class=\"et4\">\u22640.01<\/td>\n<td class=\"et4\">\u22640.05<\/td>\n<\/tr>\n<tr style=\"height: 17.25pt;\">\n<td class=\"et4\">R\u00e9sultat\uff08%\uff09<\/td>\n<td class=\"et4\">21.05<\/td>\n<td class=\"et4\">0.031<\/td>\n<td class=\"et4\">0.049<\/td>\n<td class=\"et4\">0.37<\/td>\n<td class=\"et4\">0.014<\/td>\n<td class=\"et4\">0.003<\/td>\n<td class=\"et4\">&#8211;<\/td>\n<\/tr>\n<\/tbody>\n<\/table>\n<p>&nbsp;<\/p>\n<table style=\"height: 54px;\" width=\"726\">\n<tbody>\n<tr>\n<td width=\"187\">Nom\/ Type<\/td>\n<td width=\"117\">\u00c9l\u00e9ment<\/td>\n<td width=\"82\">B<\/td>\n<td width=\"72\">C<\/td>\n<td width=\"54\">Al<\/td>\n<td width=\"48\">Si<\/td>\n<td width=\"50\">P<\/td>\n<td width=\"43\">S<\/td>\n<td width=\"57\">Mn<\/td>\n<td width=\"49\">N<\/td>\n<\/tr>\n<tr>\n<td>FeB1C0.05<\/td>\n<td>R\u00e9sultat\uff08%\uff09<\/td>\n<td>1.02<\/td>\n<td>0.048<\/td>\n<td>&#8211;<\/td>\n<td>0.200<\/td>\n<td>0.010<\/td>\n<td>0.008<\/td>\n<td>0.15<\/td>\n<td>0.021<\/td>\n<\/tr>\n<\/tbody>\n<\/table>\n<p>&nbsp;<\/p>\n<p><strong>3.Images des mati\u00e8res premi\u00e8res et de la production<\/strong><\/p>\n<p>Photos des mati\u00e8res premi\u00e8res\uff1a<\/p>\n<p><img loading=\"lazy\" decoding=\"async\" class=\"alignnone wp-image-3818\" src=\"https:\/\/www.jinchunmetal.com\/wp-content\/uploads\/2024\/08\/Ferro-boron-300x241.jpeg\" alt=\"\" width=\"362\" height=\"291\" srcset=\"https:\/\/www.jinchunmetal.com\/wp-content\/uploads\/2024\/08\/Ferro-boron-300x241.jpeg 300w, https:\/\/www.jinchunmetal.com\/wp-content\/uploads\/2024\/08\/Ferro-boron-1024x822.jpeg 1024w, https:\/\/www.jinchunmetal.com\/wp-content\/uploads\/2024\/08\/Ferro-boron-768x616.jpeg 768w, https:\/\/www.jinchunmetal.com\/wp-content\/uploads\/2024\/08\/Ferro-boron-1536x1233.jpeg 1536w, https:\/\/www.jinchunmetal.com\/wp-content\/uploads\/2024\/08\/Ferro-boron-2048x1644.jpeg 2048w, https:\/\/www.jinchunmetal.com\/wp-content\/uploads\/2024\/08\/Ferro-boron-15x12.jpeg 15w, https:\/\/www.jinchunmetal.com\/wp-content\/uploads\/2024\/08\/Ferro-boron-800x642.jpeg 800w\" sizes=\"auto, (max-width: 362px) 100vw, 362px\" \/><\/p>\n<p>&nbsp;<\/p>\n<p>Photos de la production :<br \/>\n<img loading=\"lazy\" decoding=\"async\" class=\"alignnone size-medium wp-image-3226\" src=\"http:\/\/www.jinchunmetal.com\/wp-content\/uploads\/2024\/07\/\u8bbe\u59073-300x221.jpg\" alt=\"\" width=\"300\" height=\"221\" srcset=\"https:\/\/www.jinchunmetal.com\/wp-content\/uploads\/2024\/07\/\u8bbe\u59073-300x221.jpg 300w, https:\/\/www.jinchunmetal.com\/wp-content\/uploads\/2024\/07\/\u8bbe\u59073-16x12.jpg 16w, https:\/\/www.jinchunmetal.com\/wp-content\/uploads\/2024\/07\/\u8bbe\u59073.jpg 443w\" sizes=\"auto, (max-width: 300px) 100vw, 300px\" \/><img loading=\"lazy\" decoding=\"async\" class=\"alignnone size-medium wp-image-3225\" src=\"http:\/\/www.jinchunmetal.com\/wp-content\/uploads\/2024\/07\/\u8bbe\u59072-300x221.jpg\" alt=\"\" width=\"300\" height=\"221\" srcset=\"https:\/\/www.jinchunmetal.com\/wp-content\/uploads\/2024\/07\/\u8bbe\u59072-300x221.jpg 300w, https:\/\/www.jinchunmetal.com\/wp-content\/uploads\/2024\/07\/\u8bbe\u59072-16x12.jpg 16w, https:\/\/www.jinchunmetal.com\/wp-content\/uploads\/2024\/07\/\u8bbe\u59072.jpg 443w\" sizes=\"auto, (max-width: 300px) 100vw, 300px\" \/><img loading=\"lazy\" decoding=\"async\" class=\"alignnone wp-image-3224\" src=\"http:\/\/www.jinchunmetal.com\/wp-content\/uploads\/2024\/07\/\u8bbe\u5907-300x150.jpg\" alt=\"\" width=\"438\" height=\"219\" srcset=\"https:\/\/www.jinchunmetal.com\/wp-content\/uploads\/2024\/07\/\u8bbe\u5907-300x150.jpg 300w, https:\/\/www.jinchunmetal.com\/wp-content\/uploads\/2024\/07\/\u8bbe\u5907-1024x512.jpg 1024w, https:\/\/www.jinchunmetal.com\/wp-content\/uploads\/2024\/07\/\u8bbe\u5907-768x384.jpg 768w, https:\/\/www.jinchunmetal.com\/wp-content\/uploads\/2024\/07\/\u8bbe\u5907-1536x768.jpg 1536w, https:\/\/www.jinchunmetal.com\/wp-content\/uploads\/2024\/07\/\u8bbe\u5907-18x9.jpg 18w, https:\/\/www.jinchunmetal.com\/wp-content\/uploads\/2024\/07\/\u8bbe\u5907-800x400.jpg 800w, https:\/\/www.jinchunmetal.com\/wp-content\/uploads\/2024\/07\/\u8bbe\u5907.jpg 1920w\" sizes=\"auto, (max-width: 438px) 100vw, 438px\" \/><\/p>\n<p><strong>4.Application<\/strong><\/p>\n<p>Ferro boron powder is mainly used in steel and cast iron, specifically in alloy structural steel, spring steel, low-alloy high-strength steel, heat-resistant steel, stainless steel, etc.<\/p>\n<p>The application of boron in cast iron can improve the toughness and wear resistance of materials, so it is widely used in the manufacturing of automobiles, tractors, machine tools, and other industries. In addition, ferro boron powder can also be used as an alloy additive to improve the mechanical properties of metals, especially for components used at high temperatures, such as automotive engine parts. Ferro boron powder can improve the material&#8217;s heat resistance and wear resistance, thereby enhancing the product&#8217;s service life and performance.<\/p>\n<p><img loading=\"lazy\" decoding=\"async\" class=\"alignnone wp-image-3223\" src=\"http:\/\/www.jinchunmetal.com\/wp-content\/uploads\/2024\/07\/\u8010\u78e8\u710a\u6761-300x300.jpeg\" alt=\"\" width=\"228\" height=\"228\" srcset=\"https:\/\/www.jinchunmetal.com\/wp-content\/uploads\/2024\/07\/\u8010\u78e8\u710a\u6761-300x300.jpeg 300w, https:\/\/www.jinchunmetal.com\/wp-content\/uploads\/2024\/07\/\u8010\u78e8\u710a\u6761-1024x1024.jpeg 1024w, https:\/\/www.jinchunmetal.com\/wp-content\/uploads\/2024\/07\/\u8010\u78e8\u710a\u6761-150x150.jpeg 150w, https:\/\/www.jinchunmetal.com\/wp-content\/uploads\/2024\/07\/\u8010\u78e8\u710a\u6761-768x768.jpeg 768w, https:\/\/www.jinchunmetal.com\/wp-content\/uploads\/2024\/07\/\u8010\u78e8\u710a\u6761-1536x1536.jpeg 1536w, https:\/\/www.jinchunmetal.com\/wp-content\/uploads\/2024\/07\/\u8010\u78e8\u710a\u6761-2048x2048.jpeg 2048w, https:\/\/www.jinchunmetal.com\/wp-content\/uploads\/2024\/07\/\u8010\u78e8\u710a\u6761-12x12.jpeg 12w, https:\/\/www.jinchunmetal.com\/wp-content\/uploads\/2024\/07\/\u8010\u78e8\u710a\u6761-75x75.jpeg 75w, https:\/\/www.jinchunmetal.com\/wp-content\/uploads\/2024\/07\/\u8010\u78e8\u710a\u6761-800x800.jpeg 800w, https:\/\/www.jinchunmetal.com\/wp-content\/uploads\/2024\/07\/\u8010\u78e8\u710a\u6761-100x100.jpeg 100w\" sizes=\"auto, (max-width: 228px) 100vw, 228px\" \/><img loading=\"lazy\" decoding=\"async\" class=\"alignnone size-medium wp-image-3734\" src=\"http:\/\/www.jinchunmetal.com\/wp-content\/uploads\/2024\/08\/Powder-metallurgy-parts-300x200.jpeg\" alt=\"\" width=\"300\" height=\"200\" srcset=\"https:\/\/www.jinchunmetal.com\/wp-content\/uploads\/2024\/08\/Powder-metallurgy-parts-300x200.jpeg 300w, https:\/\/www.jinchunmetal.com\/wp-content\/uploads\/2024\/08\/Powder-metallurgy-parts-1024x683.jpeg 1024w, https:\/\/www.jinchunmetal.com\/wp-content\/uploads\/2024\/08\/Powder-metallurgy-parts-768x512.jpeg 768w, https:\/\/www.jinchunmetal.com\/wp-content\/uploads\/2024\/08\/Powder-metallurgy-parts-1536x1024.jpeg 1536w, https:\/\/www.jinchunmetal.com\/wp-content\/uploads\/2024\/08\/Powder-metallurgy-parts-2048x1365.jpeg 2048w, https:\/\/www.jinchunmetal.com\/wp-content\/uploads\/2024\/08\/Powder-metallurgy-parts-18x12.jpeg 18w, https:\/\/www.jinchunmetal.com\/wp-content\/uploads\/2024\/08\/Powder-metallurgy-parts-800x533.jpeg 800w\" sizes=\"auto, (max-width: 300px) 100vw, 300px\" \/><img loading=\"lazy\" decoding=\"async\" class=\"alignnone wp-image-3222\" src=\"https:\/\/www.jinchunmetal.com\/wp-content\/uploads\/2024\/07\/\u8010\u78e8\u5806\u710a\u836f\u82af\u710a\u4e1d-flux-cored-welding-wires-300x200.jpeg\" alt=\"\" width=\"311\" height=\"207\" srcset=\"https:\/\/www.jinchunmetal.com\/wp-content\/uploads\/2024\/07\/\u8010\u78e8\u5806\u710a\u836f\u82af\u710a\u4e1d-flux-cored-welding-wires-300x200.jpeg 300w, https:\/\/www.jinchunmetal.com\/wp-content\/uploads\/2024\/07\/\u8010\u78e8\u5806\u710a\u836f\u82af\u710a\u4e1d-flux-cored-welding-wires-1024x682.jpeg 1024w, https:\/\/www.jinchunmetal.com\/wp-content\/uploads\/2024\/07\/\u8010\u78e8\u5806\u710a\u836f\u82af\u710a\u4e1d-flux-cored-welding-wires-768x511.jpeg 768w, https:\/\/www.jinchunmetal.com\/wp-content\/uploads\/2024\/07\/\u8010\u78e8\u5806\u710a\u836f\u82af\u710a\u4e1d-flux-cored-welding-wires-1536x1022.jpeg 1536w, https:\/\/www.jinchunmetal.com\/wp-content\/uploads\/2024\/07\/\u8010\u78e8\u5806\u710a\u836f\u82af\u710a\u4e1d-flux-cored-welding-wires-2048x1363.jpeg 2048w, https:\/\/www.jinchunmetal.com\/wp-content\/uploads\/2024\/07\/\u8010\u78e8\u5806\u710a\u836f\u82af\u710a\u4e1d-flux-cored-welding-wires-18x12.jpeg 18w, https:\/\/www.jinchunmetal.com\/wp-content\/uploads\/2024\/07\/\u8010\u78e8\u5806\u710a\u836f\u82af\u710a\u4e1d-flux-cored-welding-wires-800x532.jpeg 800w\" sizes=\"auto, (max-width: 311px) 100vw, 311px\" \/><\/p>","protected":false},"excerpt":{"rendered":"<p>Caract\u00e9ristiques du produit\uff1a<\/p>\n<p>According to the different carbon contents, ferro boron powder can be divided into\u00a0 medium carbon and low carbon ferro boron.<\/p>\n<p>We also supply customized Boron content in 1% 2% 19% 21%, etc.<\/p>\n<table>\n<tbody>\n<tr>\n<td>Nom de la marque<\/td>\n<td>Jinchun<\/td>\n<\/tr>\n<tr>\n<td>Origine<\/td>\n<td>Chine<\/td>\n<\/tr>\n<tr>\n<td>Nom du produit<\/td>\n<td>Ferro boron powder<\/td>\n<\/tr>\n<tr>\n<td>Application<\/td>\n<td>Welding rods, Alloy additive,Powder metallurgy,Other fields<\/td>\n<\/tr>\n<tr>\n<td>Forme<\/td>\n<td>Poudre<\/td>\n<\/tr>\n<tr>\n<td>Couleur<\/td>\n<td>M\u00e9tal noir<\/td>\n<\/tr>\n<tr>\n<td>Taille<\/td>\n<td>40 mesh, 60 mesh, 80 mesh, 100 mesh, 200 mesh, 300 mesh, 325 mesh<\/td>\n<\/tr>\n<tr>\n<td>Standard<\/td>\n<td>GB\/T 19001-2016\/ISO9001 : 2015<\/td>\n<\/tr>\n<tr>\n<td>La puret\u00e9<\/td>\n<td>B: 1% 2% 19% 21%, etc. C: 0.05% max, 0.5% max<\/td>\n<\/tr>\n<tr>\n<td>Mat\u00e9riau<\/td>\n<td>Ferro boron lump<\/td>\n<\/tr>\n<tr>\n<td>Emballage<\/td>\n<td>Sacs \u00e0 tonnes, f\u00fbts en acier<\/td>\n<\/tr>\n<\/tbody>\n<\/table>","protected":false},"featured_media":3823,"comment_status":"open","ping_status":"closed","template":"","meta":{"_acf_changed":false},"product_brand":[],"product_cat":[59],"product_tag":[],"class_list":{"0":"post-3826","1":"product","2":"type-product","3":"status-publish","4":"has-post-thumbnail","6":"product_cat-diamond-tools-and-powder-metallurgy-metal-materials","8":"first","9":"instock","10":"shipping-taxable","11":"product-type-simple"},"acf":[],"yoast_head":"<!-- This site is optimized with the Yoast SEO plugin v23.2 - https:\/\/yoast.com\/wordpress\/plugins\/seo\/ -->\n<title>Diamond Tools and Powder Metallurgy Metal Materials Ferro boron powder - Jinchun %<\/title>\n<meta name=\"description\" content=\"We are a Metal Materials manufacturer in China With rich experience in Diamond Tools and Powder Metallurgy Metal Materials Ferro boron powder , with Competitive price and top quality.\" \/>\n<meta name=\"robots\" content=\"index, follow, max-snippet:-1, max-image-preview:large, max-video-preview:-1\" \/>\n<link rel=\"canonical\" href=\"https:\/\/www.jinchunmetal.com\/fr_fr\/produit\/diamond-tools-and-powder-metallurgy-metal-materials-ferro-boron-powder\/\" \/>\n<meta property=\"og:locale\" content=\"fr_FR\" \/>\n<meta property=\"og:type\" content=\"article\" \/>\n<meta property=\"og:title\" content=\"Diamond Tools and Powder Metallurgy Metal Materials Ferro boron powder - Jinchun %\" \/>\n<meta property=\"og:description\" content=\"We are a Metal Materials manufacturer in China With rich experience in Diamond Tools and Powder Metallurgy Metal Materials Ferro boron powder , with Competitive price and top quality.\" \/>\n<meta property=\"og:url\" content=\"https:\/\/www.jinchunmetal.com\/fr_fr\/produit\/diamond-tools-and-powder-metallurgy-metal-materials-ferro-boron-powder\/\" \/>\n<meta property=\"og:site_name\" content=\"Chengdu Jinchun Metallic Materials Co.,Ltd.\" \/>\n<meta property=\"article:modified_time\" content=\"2025-05-28T06:02:39+00:00\" \/>\n<meta property=\"og:image\" content=\"https:\/\/www.jinchunmetal.com\/wp-content\/uploads\/2024\/08\/\u787c\u94c1\u7c894.jpg\" \/>\n\t<meta property=\"og:image:width\" content=\"800\" \/>\n\t<meta property=\"og:image:height\" content=\"800\" \/>\n\t<meta property=\"og:image:type\" content=\"image\/jpeg\" \/>\n<meta name=\"twitter:card\" content=\"summary_large_image\" \/>\n<meta name=\"twitter:label1\" content=\"Dur\u00e9e de lecture estim\u00e9e\" \/>\n\t<meta name=\"twitter:data1\" content=\"4 minutes\" \/>\n<script type=\"application\/ld+json\" class=\"yoast-schema-graph\">{\"@context\":\"https:\/\/schema.org\",\"@graph\":[{\"@type\":\"WebPage\",\"@id\":\"https:\/\/www.jinchunmetal.com\/product\/diamond-tools-and-powder-metallurgy-metal-materials-ferro-boron-powder\/\",\"url\":\"https:\/\/www.jinchunmetal.com\/product\/diamond-tools-and-powder-metallurgy-metal-materials-ferro-boron-powder\/\",\"name\":\"Diamond Tools and Powder Metallurgy Metal Materials Ferro boron powder - Jinchun %\",\"isPartOf\":{\"@id\":\"https:\/\/www.jinchunmetal.com\/#website\"},\"primaryImageOfPage\":{\"@id\":\"https:\/\/www.jinchunmetal.com\/product\/diamond-tools-and-powder-metallurgy-metal-materials-ferro-boron-powder\/#primaryimage\"},\"image\":{\"@id\":\"https:\/\/www.jinchunmetal.com\/product\/diamond-tools-and-powder-metallurgy-metal-materials-ferro-boron-powder\/#primaryimage\"},\"thumbnailUrl\":\"https:\/\/www.jinchunmetal.com\/wp-content\/uploads\/2024\/08\/\u787c\u94c1\u7c894.jpg\",\"datePublished\":\"2024-08-19T03:03:43+00:00\",\"dateModified\":\"2025-05-28T06:02:39+00:00\",\"description\":\"We are a Metal Materials manufacturer in China With rich experience in Diamond Tools and Powder Metallurgy Metal Materials Ferro boron powder , with Competitive price and top quality.\",\"breadcrumb\":{\"@id\":\"https:\/\/www.jinchunmetal.com\/product\/diamond-tools-and-powder-metallurgy-metal-materials-ferro-boron-powder\/#breadcrumb\"},\"inLanguage\":\"fr-FR\",\"potentialAction\":[{\"@type\":\"ReadAction\",\"target\":[\"https:\/\/www.jinchunmetal.com\/product\/diamond-tools-and-powder-metallurgy-metal-materials-ferro-boron-powder\/\"]}]},{\"@type\":\"ImageObject\",\"inLanguage\":\"fr-FR\",\"@id\":\"https:\/\/www.jinchunmetal.com\/product\/diamond-tools-and-powder-metallurgy-metal-materials-ferro-boron-powder\/#primaryimage\",\"url\":\"https:\/\/www.jinchunmetal.com\/wp-content\/uploads\/2024\/08\/\u787c\u94c1\u7c894.jpg\",\"contentUrl\":\"https:\/\/www.jinchunmetal.com\/wp-content\/uploads\/2024\/08\/\u787c\u94c1\u7c894.jpg\",\"width\":800,\"height\":800},{\"@type\":\"BreadcrumbList\",\"@id\":\"https:\/\/www.jinchunmetal.com\/product\/diamond-tools-and-powder-metallurgy-metal-materials-ferro-boron-powder\/#breadcrumb\",\"itemListElement\":[{\"@type\":\"ListItem\",\"position\":1,\"name\":\"\u9996\u9875\",\"item\":\"https:\/\/www.jinchunmetal.com\/\"},{\"@type\":\"ListItem\",\"position\":2,\"name\":\"Products\",\"item\":\"https:\/\/www.jinchunmetal.com\/fr_fr\/products\/\"},{\"@type\":\"ListItem\",\"position\":3,\"name\":\"Diamond Tools and Powder Metallurgy Metal Materials Ferro boron powder\"}]},{\"@type\":\"WebSite\",\"@id\":\"https:\/\/www.jinchunmetal.com\/#website\",\"url\":\"https:\/\/www.jinchunmetal.com\/\",\"name\":\"Chengdu Jinchun Metallic Materials Co.,Ltd.\",\"description\":\"Jinchun Metal\",\"potentialAction\":[{\"@type\":\"SearchAction\",\"target\":{\"@type\":\"EntryPoint\",\"urlTemplate\":\"https:\/\/www.jinchunmetal.com\/?s={search_term_string}\"},\"query-input\":\"required name=search_term_string\"}],\"inLanguage\":\"fr-FR\"}]}<\/script>\n<!-- \/ Yoast SEO plugin. -->","yoast_head_json":{"title":"Diamond Tools and Powder Metallurgy Metal Materials Ferro boron powder - Jinchun %","description":"We are a Metal Materials manufacturer in China With rich experience in Diamond Tools and Powder Metallurgy Metal Materials Ferro boron powder , with Competitive price and top quality.","robots":{"index":"index","follow":"follow","max-snippet":"max-snippet:-1","max-image-preview":"max-image-preview:large","max-video-preview":"max-video-preview:-1"},"canonical":"https:\/\/www.jinchunmetal.com\/fr_fr\/produit\/diamond-tools-and-powder-metallurgy-metal-materials-ferro-boron-powder\/","og_locale":"fr_FR","og_type":"article","og_title":"Diamond Tools and Powder Metallurgy Metal Materials Ferro boron powder - Jinchun %","og_description":"We are a Metal Materials manufacturer in China With rich experience in Diamond Tools and Powder Metallurgy Metal Materials Ferro boron powder , with Competitive price and top quality.","og_url":"https:\/\/www.jinchunmetal.com\/fr_fr\/produit\/diamond-tools-and-powder-metallurgy-metal-materials-ferro-boron-powder\/","og_site_name":"Chengdu Jinchun Metallic Materials Co.,Ltd.","article_modified_time":"2025-05-28T06:02:39+00:00","og_image":[{"width":800,"height":800,"url":"https:\/\/www.jinchunmetal.com\/wp-content\/uploads\/2024\/08\/\u787c\u94c1\u7c894.jpg","type":"image\/jpeg"}],"twitter_card":"summary_large_image","twitter_misc":{"Dur\u00e9e de lecture estim\u00e9e":"4 minutes"},"schema":{"@context":"https:\/\/schema.org","@graph":[{"@type":"WebPage","@id":"https:\/\/www.jinchunmetal.com\/product\/diamond-tools-and-powder-metallurgy-metal-materials-ferro-boron-powder\/","url":"https:\/\/www.jinchunmetal.com\/product\/diamond-tools-and-powder-metallurgy-metal-materials-ferro-boron-powder\/","name":"Diamond Tools and Powder Metallurgy Metal Materials Ferro boron powder - Jinchun %","isPartOf":{"@id":"https:\/\/www.jinchunmetal.com\/#website"},"primaryImageOfPage":{"@id":"https:\/\/www.jinchunmetal.com\/product\/diamond-tools-and-powder-metallurgy-metal-materials-ferro-boron-powder\/#primaryimage"},"image":{"@id":"https:\/\/www.jinchunmetal.com\/product\/diamond-tools-and-powder-metallurgy-metal-materials-ferro-boron-powder\/#primaryimage"},"thumbnailUrl":"https:\/\/www.jinchunmetal.com\/wp-content\/uploads\/2024\/08\/\u787c\u94c1\u7c894.jpg","datePublished":"2024-08-19T03:03:43+00:00","dateModified":"2025-05-28T06:02:39+00:00","description":"We are a Metal Materials manufacturer in China With rich experience in Diamond Tools and Powder Metallurgy Metal Materials Ferro boron powder , with Competitive price and top quality.","breadcrumb":{"@id":"https:\/\/www.jinchunmetal.com\/product\/diamond-tools-and-powder-metallurgy-metal-materials-ferro-boron-powder\/#breadcrumb"},"inLanguage":"fr-FR","potentialAction":[{"@type":"ReadAction","target":["https:\/\/www.jinchunmetal.com\/product\/diamond-tools-and-powder-metallurgy-metal-materials-ferro-boron-powder\/"]}]},{"@type":"ImageObject","inLanguage":"fr-FR","@id":"https:\/\/www.jinchunmetal.com\/product\/diamond-tools-and-powder-metallurgy-metal-materials-ferro-boron-powder\/#primaryimage","url":"https:\/\/www.jinchunmetal.com\/wp-content\/uploads\/2024\/08\/\u787c\u94c1\u7c894.jpg","contentUrl":"https:\/\/www.jinchunmetal.com\/wp-content\/uploads\/2024\/08\/\u787c\u94c1\u7c894.jpg","width":800,"height":800},{"@type":"BreadcrumbList","@id":"https:\/\/www.jinchunmetal.com\/product\/diamond-tools-and-powder-metallurgy-metal-materials-ferro-boron-powder\/#breadcrumb","itemListElement":[{"@type":"ListItem","position":1,"name":"\u9996\u9875","item":"https:\/\/www.jinchunmetal.com\/"},{"@type":"ListItem","position":2,"name":"Products","item":"https:\/\/www.jinchunmetal.com\/fr_fr\/products\/"},{"@type":"ListItem","position":3,"name":"Diamond Tools and Powder Metallurgy Metal Materials Ferro boron powder"}]},{"@type":"WebSite","@id":"https:\/\/www.jinchunmetal.com\/#website","url":"https:\/\/www.jinchunmetal.com\/","name":"Chengdu Jinchun Metallic Materials Co.,Ltd.","description":"Jinchun Metal","potentialAction":[{"@type":"SearchAction","target":{"@type":"EntryPoint","urlTemplate":"https:\/\/www.jinchunmetal.com\/?s={search_term_string}"},"query-input":"required name=search_term_string"}],"inLanguage":"fr-FR"}]}},"_links":{"self":[{"href":"https:\/\/www.jinchunmetal.com\/fr_fr\/wp-json\/wp\/v2\/product\/3826","targetHints":{"allow":["GET"]}}],"collection":[{"href":"https:\/\/www.jinchunmetal.com\/fr_fr\/wp-json\/wp\/v2\/product"}],"about":[{"href":"https:\/\/www.jinchunmetal.com\/fr_fr\/wp-json\/wp\/v2\/types\/product"}],"replies":[{"embeddable":true,"href":"https:\/\/www.jinchunmetal.com\/fr_fr\/wp-json\/wp\/v2\/comments?post=3826"}],"wp:featuredmedia":[{"embeddable":true,"href":"https:\/\/www.jinchunmetal.com\/fr_fr\/wp-json\/wp\/v2\/media\/3823"}],"wp:attachment":[{"href":"https:\/\/www.jinchunmetal.com\/fr_fr\/wp-json\/wp\/v2\/media?parent=3826"}],"wp:term":[{"taxonomy":"product_brand","embeddable":true,"href":"https:\/\/www.jinchunmetal.com\/fr_fr\/wp-json\/wp\/v2\/product_brand?post=3826"},{"taxonomy":"product_cat","embeddable":true,"href":"https:\/\/www.jinchunmetal.com\/fr_fr\/wp-json\/wp\/v2\/product_cat?post=3826"},{"taxonomy":"product_tag","embeddable":true,"href":"https:\/\/www.jinchunmetal.com\/fr_fr\/wp-json\/wp\/v2\/product_tag?post=3826"}],"curies":[{"name":"wp","href":"https:\/\/api.w.org\/{rel}","templated":true}]}}