{"id":3846,"date":"2024-08-19T13:51:07","date_gmt":"2024-08-19T05:51:07","guid":{"rendered":"https:\/\/www.jinchunmetal.com\/?post_type=product&#038;p=3846"},"modified":"2025-05-28T14:01:21","modified_gmt":"2025-05-28T06:01:21","slug":"spraying-coating-metal-materials-titanium-carbide-powder","status":"publish","type":"product","link":"https:\/\/www.jinchunmetal.com\/fr_fr\/produit\/spraying-coating-metal-materials-titanium-carbide-powder\/","title":{"rendered":"Rev\u00eatement par pulv\u00e9risation Mat\u00e9riaux m\u00e9talliques Poudre de carbure de titane"},"content":{"rendered":"<p><strong>Caract\u00e8re du produit<\/strong><\/p>\n<p>La poudre de carbure de titane pr\u00e9sente une grande duret\u00e9, un point de fusion \u00e9lev\u00e9, une bonne r\u00e9sistance \u00e0 l'usure et une bonne stabilit\u00e9 chimique, ce qui en fait un produit largement utilis\u00e9 dans de nombreux domaines.<\/p>\n<p>&nbsp;<\/p>\n<p><strong>2. cahier des charges<\/strong><\/p>\n<p><strong>Poudre de carbure de titane<\/strong><\/p>\n<table width=\"788\">\n<tbody>\n<tr>\n<td width=\"187\">Nom\/ Type<\/td>\n<td width=\"117\">\u00c9l\u00e9ment<\/td>\n<td width=\"82\">Ti<\/td>\n<td width=\"72\">T.C<\/td>\n<td width=\"54\">F.C<\/td>\n<td width=\"48\">O<\/td>\n<td width=\"58\">N<\/td>\n<td width=\"64\">Si<\/td>\n<td width=\"57\">Ca<\/td>\n<td width=\"49\">Fe<\/td>\n<\/tr>\n<tr>\n<td>TiC-1<\/td>\n<td>R\u00e9sultat\uff08%\uff09<\/td>\n<td width=\"82\">Bal.<\/td>\n<td width=\"72\">\uff1e19.0<\/td>\n<td width=\"54\">\uff1c0.50<\/td>\n<td width=\"48\">1.20<\/td>\n<td>0.60<\/td>\n<td width=\"64\">0.02<\/td>\n<td width=\"57\">0.02<\/td>\n<td width=\"49\">0.15<\/td>\n<\/tr>\n<tr>\n<td>TiC-2<\/td>\n<td>R\u00e9sultat\uff08%\uff09<\/td>\n<td width=\"82\">Bal.<\/td>\n<td>\uff1e19.0<\/td>\n<td>\uff1c0.50<\/td>\n<td>0.80<\/td>\n<td>0.60<\/td>\n<td>0.02<\/td>\n<td>0.02<\/td>\n<td>0.15<\/td>\n<\/tr>\n<tr>\n<td>TiC-3<\/td>\n<td>R\u00e9sultat\uff08%\uff09<\/td>\n<td width=\"82\">Bal.<\/td>\n<td>\uff1e18.8<\/td>\n<td>\uff1c0.50<\/td>\n<td>0.60<\/td>\n<td>0.60<\/td>\n<td>0.02<\/td>\n<td>0.02<\/td>\n<td>0.15<\/td>\n<\/tr>\n<tr>\n<td>TiC-4<\/td>\n<td>R\u00e9sultat\uff08%\uff09<\/td>\n<td width=\"82\">Bal.<\/td>\n<td>\uff1e18.8<\/td>\n<td>\uff1c0.50<\/td>\n<td>0.30<\/td>\n<td>0.60<\/td>\n<td>0.02<\/td>\n<td>0.02<\/td>\n<td>0.40<\/td>\n<\/tr>\n<\/tbody>\n<\/table>\n<p>&nbsp;<\/p>\n<p><strong>3.Images des mati\u00e8res premi\u00e8res et de la production<\/strong><\/p>\n<p>Photos de la production :<br \/>\n<img loading=\"lazy\" decoding=\"async\" class=\"alignnone size-medium wp-image-3226\" src=\"http:\/\/www.jinchunmetal.com\/wp-content\/uploads\/2024\/07\/\u8bbe\u59073-300x221.jpg\" alt=\"\" width=\"300\" height=\"221\" srcset=\"https:\/\/www.jinchunmetal.com\/wp-content\/uploads\/2024\/07\/\u8bbe\u59073-300x221.jpg 300w, https:\/\/www.jinchunmetal.com\/wp-content\/uploads\/2024\/07\/\u8bbe\u59073-16x12.jpg 16w, https:\/\/www.jinchunmetal.com\/wp-content\/uploads\/2024\/07\/\u8bbe\u59073.jpg 443w\" sizes=\"auto, (max-width: 300px) 100vw, 300px\" \/><img loading=\"lazy\" decoding=\"async\" class=\"alignnone size-medium wp-image-3225\" src=\"http:\/\/www.jinchunmetal.com\/wp-content\/uploads\/2024\/07\/\u8bbe\u59072-300x221.jpg\" alt=\"\" width=\"300\" height=\"221\" srcset=\"https:\/\/www.jinchunmetal.com\/wp-content\/uploads\/2024\/07\/\u8bbe\u59072-300x221.jpg 300w, https:\/\/www.jinchunmetal.com\/wp-content\/uploads\/2024\/07\/\u8bbe\u59072-16x12.jpg 16w, https:\/\/www.jinchunmetal.com\/wp-content\/uploads\/2024\/07\/\u8bbe\u59072.jpg 443w\" sizes=\"auto, (max-width: 300px) 100vw, 300px\" \/><img loading=\"lazy\" decoding=\"async\" class=\"alignnone wp-image-3224\" src=\"http:\/\/www.jinchunmetal.com\/wp-content\/uploads\/2024\/07\/\u8bbe\u5907-300x150.jpg\" alt=\"\" width=\"438\" height=\"219\" srcset=\"https:\/\/www.jinchunmetal.com\/wp-content\/uploads\/2024\/07\/\u8bbe\u5907-300x150.jpg 300w, https:\/\/www.jinchunmetal.com\/wp-content\/uploads\/2024\/07\/\u8bbe\u5907-1024x512.jpg 1024w, https:\/\/www.jinchunmetal.com\/wp-content\/uploads\/2024\/07\/\u8bbe\u5907-768x384.jpg 768w, https:\/\/www.jinchunmetal.com\/wp-content\/uploads\/2024\/07\/\u8bbe\u5907-1536x768.jpg 1536w, https:\/\/www.jinchunmetal.com\/wp-content\/uploads\/2024\/07\/\u8bbe\u5907-18x9.jpg 18w, https:\/\/www.jinchunmetal.com\/wp-content\/uploads\/2024\/07\/\u8bbe\u5907-800x400.jpg 800w, https:\/\/www.jinchunmetal.com\/wp-content\/uploads\/2024\/07\/\u8bbe\u5907.jpg 1920w\" sizes=\"auto, (max-width: 438px) 100vw, 438px\" \/><\/p>\n<p><strong>4.Application<\/strong><\/p>\n<p>The main uses of titanium carbide powder include manufacturing hard alloys, grinding materials, cutting tools, molds, etc. Titanium carbide powder has high hardness, high melting point, good wear resistance, and chemical stability, making it widely used in many fields. \u200cIn terms of specific applications, titanium carbide powder is commonly used in the following fields:<br \/>\nSpraying and Coating: Laser cladding, plasma spraying , thermal spraying;<\/p>\n<p><strong>Additifs :<\/strong> Additifs pour mati\u00e8res premi\u00e8res d'alliages durs, mati\u00e8res premi\u00e8res d'alliages pour structures d'acier ;<\/p>\n<p><strong>Consommables Wedling :<\/strong> Fil fourr\u00e9, \u00e9lectrodes de soudage, mati\u00e8res premi\u00e8res ;<\/p>\n<p><strong> Mat\u00e9riaux de broyage :<\/strong> Les abrasifs, les meules et les p\u00e2tes abrasives en carbure de titane permettent d'am\u00e9liorer consid\u00e9rablement l'efficacit\u00e9 du meulage, la pr\u00e9cision et la douceur de la surface, ce qui en fait un choix id\u00e9al pour remplacer les mat\u00e9riaux de meulage traditionnels.<br \/>\n<strong>Outils de coupe et moules :<\/strong> Titanium carbide powder is used to manufacture cutting tools and molds, which have high hardness and good wear resistance, and are suitable for processing high hardness materials.<br \/>\nPowder metallurgy: Titanium carbide powder is used as a raw material for the production of ceramic and hard alloy parts in powder metallurgy, such as wire drawing films, hard alloy molds, etc.<br \/>\n<strong>Composants a\u00e9rospatiaux :<\/strong> Le nano-carbure de titane est utilis\u00e9 dans les composants a\u00e9rospatiaux et pr\u00e9sente une excellente r\u00e9sistance \u00e0 haute temp\u00e9rature et un coefficient de dilatation thermique similaire \u00e0 celui du tungst\u00e8ne, ce qui permet de l'utiliser dans des environnements \u00e0 haute temp\u00e9rature. 2<br \/>\n<strong>Filtre :<\/strong> La c\u00e9ramique en mousse de nanocarbure de titane est utilis\u00e9e comme filtre. Elle pr\u00e9sente une r\u00e9sistance et une duret\u00e9 \u00e9lev\u00e9es, une bonne conductivit\u00e9 thermique et une bonne r\u00e9sistance \u00e0 la corrosion, et convient au filtrage de divers fluides.<\/p>\n<p><img loading=\"lazy\" decoding=\"async\" class=\"alignnone wp-image-3223\" src=\"http:\/\/www.jinchunmetal.com\/wp-content\/uploads\/2024\/07\/\u8010\u78e8\u710a\u6761-300x300.jpeg\" alt=\"\" width=\"228\" height=\"228\" srcset=\"https:\/\/www.jinchunmetal.com\/wp-content\/uploads\/2024\/07\/\u8010\u78e8\u710a\u6761-300x300.jpeg 300w, https:\/\/www.jinchunmetal.com\/wp-content\/uploads\/2024\/07\/\u8010\u78e8\u710a\u6761-1024x1024.jpeg 1024w, https:\/\/www.jinchunmetal.com\/wp-content\/uploads\/2024\/07\/\u8010\u78e8\u710a\u6761-150x150.jpeg 150w, https:\/\/www.jinchunmetal.com\/wp-content\/uploads\/2024\/07\/\u8010\u78e8\u710a\u6761-768x768.jpeg 768w, https:\/\/www.jinchunmetal.com\/wp-content\/uploads\/2024\/07\/\u8010\u78e8\u710a\u6761-1536x1536.jpeg 1536w, https:\/\/www.jinchunmetal.com\/wp-content\/uploads\/2024\/07\/\u8010\u78e8\u710a\u6761-2048x2048.jpeg 2048w, https:\/\/www.jinchunmetal.com\/wp-content\/uploads\/2024\/07\/\u8010\u78e8\u710a\u6761-12x12.jpeg 12w, https:\/\/www.jinchunmetal.com\/wp-content\/uploads\/2024\/07\/\u8010\u78e8\u710a\u6761-75x75.jpeg 75w, https:\/\/www.jinchunmetal.com\/wp-content\/uploads\/2024\/07\/\u8010\u78e8\u710a\u6761-800x800.jpeg 800w, https:\/\/www.jinchunmetal.com\/wp-content\/uploads\/2024\/07\/\u8010\u78e8\u710a\u6761-100x100.jpeg 100w\" sizes=\"auto, (max-width: 228px) 100vw, 228px\" \/><img loading=\"lazy\" decoding=\"async\" class=\"alignnone size-medium wp-image-3734\" src=\"http:\/\/www.jinchunmetal.com\/wp-content\/uploads\/2024\/08\/Powder-metallurgy-parts-300x200.jpeg\" alt=\"\" width=\"300\" height=\"200\" srcset=\"https:\/\/www.jinchunmetal.com\/wp-content\/uploads\/2024\/08\/Powder-metallurgy-parts-300x200.jpeg 300w, https:\/\/www.jinchunmetal.com\/wp-content\/uploads\/2024\/08\/Powder-metallurgy-parts-1024x683.jpeg 1024w, https:\/\/www.jinchunmetal.com\/wp-content\/uploads\/2024\/08\/Powder-metallurgy-parts-768x512.jpeg 768w, https:\/\/www.jinchunmetal.com\/wp-content\/uploads\/2024\/08\/Powder-metallurgy-parts-1536x1024.jpeg 1536w, https:\/\/www.jinchunmetal.com\/wp-content\/uploads\/2024\/08\/Powder-metallurgy-parts-2048x1365.jpeg 2048w, https:\/\/www.jinchunmetal.com\/wp-content\/uploads\/2024\/08\/Powder-metallurgy-parts-18x12.jpeg 18w, https:\/\/www.jinchunmetal.com\/wp-content\/uploads\/2024\/08\/Powder-metallurgy-parts-800x533.jpeg 800w\" sizes=\"auto, (max-width: 300px) 100vw, 300px\" \/><img loading=\"lazy\" decoding=\"async\" class=\"alignnone wp-image-3222\" src=\"https:\/\/www.jinchunmetal.com\/wp-content\/uploads\/2024\/07\/\u8010\u78e8\u5806\u710a\u836f\u82af\u710a\u4e1d-flux-cored-welding-wires-300x200.jpeg\" alt=\"\" width=\"311\" height=\"207\" srcset=\"https:\/\/www.jinchunmetal.com\/wp-content\/uploads\/2024\/07\/\u8010\u78e8\u5806\u710a\u836f\u82af\u710a\u4e1d-flux-cored-welding-wires-300x200.jpeg 300w, https:\/\/www.jinchunmetal.com\/wp-content\/uploads\/2024\/07\/\u8010\u78e8\u5806\u710a\u836f\u82af\u710a\u4e1d-flux-cored-welding-wires-1024x682.jpeg 1024w, https:\/\/www.jinchunmetal.com\/wp-content\/uploads\/2024\/07\/\u8010\u78e8\u5806\u710a\u836f\u82af\u710a\u4e1d-flux-cored-welding-wires-768x511.jpeg 768w, https:\/\/www.jinchunmetal.com\/wp-content\/uploads\/2024\/07\/\u8010\u78e8\u5806\u710a\u836f\u82af\u710a\u4e1d-flux-cored-welding-wires-1536x1022.jpeg 1536w, https:\/\/www.jinchunmetal.com\/wp-content\/uploads\/2024\/07\/\u8010\u78e8\u5806\u710a\u836f\u82af\u710a\u4e1d-flux-cored-welding-wires-2048x1363.jpeg 2048w, https:\/\/www.jinchunmetal.com\/wp-content\/uploads\/2024\/07\/\u8010\u78e8\u5806\u710a\u836f\u82af\u710a\u4e1d-flux-cored-welding-wires-18x12.jpeg 18w, https:\/\/www.jinchunmetal.com\/wp-content\/uploads\/2024\/07\/\u8010\u78e8\u5806\u710a\u836f\u82af\u710a\u4e1d-flux-cored-welding-wires-800x532.jpeg 800w\" sizes=\"auto, (max-width: 311px) 100vw, 311px\" \/><img loading=\"lazy\" decoding=\"async\" class=\"alignnone wp-image-3469\" src=\"https:\/\/www.jinchunmetal.com\/wp-content\/uploads\/2024\/08\/Diamond-tools-300x159.jpeg\" alt=\"\" width=\"398\" height=\"211\" srcset=\"https:\/\/www.jinchunmetal.com\/wp-content\/uploads\/2024\/08\/Diamond-tools-300x159.jpeg 300w, https:\/\/www.jinchunmetal.com\/wp-content\/uploads\/2024\/08\/Diamond-tools-1024x541.jpeg 1024w, https:\/\/www.jinchunmetal.com\/wp-content\/uploads\/2024\/08\/Diamond-tools-768x406.jpeg 768w, https:\/\/www.jinchunmetal.com\/wp-content\/uploads\/2024\/08\/Diamond-tools-1536x812.jpeg 1536w, https:\/\/www.jinchunmetal.com\/wp-content\/uploads\/2024\/08\/Diamond-tools-2048x1082.jpeg 2048w, https:\/\/www.jinchunmetal.com\/wp-content\/uploads\/2024\/08\/Diamond-tools-18x10.jpeg 18w, https:\/\/www.jinchunmetal.com\/wp-content\/uploads\/2024\/08\/Diamond-tools-800x423.jpeg 800w\" sizes=\"auto, (max-width: 398px) 100vw, 398px\" \/><\/p>","protected":false},"excerpt":{"rendered":"<p>Caract\u00e9ristiques du produit\uff1a<\/p>\n<p>La poudre de carbure de titane pr\u00e9sente une grande duret\u00e9, un point de fusion \u00e9lev\u00e9, une bonne r\u00e9sistance \u00e0 l'usure et une bonne stabilit\u00e9 chimique, ce qui en fait un produit largement utilis\u00e9 dans de nombreux domaines.<\/p>\n<table>\n<tbody>\n<tr>\n<td>Nom de la marque<\/td>\n<td>Jinchun<\/td>\n<\/tr>\n<tr>\n<td>Origine<\/td>\n<td>Chine<\/td>\n<\/tr>\n<tr>\n<td>Nom du produit<\/td>\n<td>Poudre de carbure de titane<\/td>\n<\/tr>\n<tr>\n<td>Application<\/td>\n<td>Consommables de soudage, additifs pour alliages, m\u00e9tallurgie des poudres, pulv\u00e9risation, rev\u00eatement, autres domaines<\/td>\n<\/tr>\n<tr>\n<td>Forme<\/td>\n<td>Poudre<\/td>\n<\/tr>\n<tr>\n<td>Couleur<\/td>\n<td>M\u00e9tal noir, Gris<\/td>\n<\/tr>\n<tr>\n<td>Taille<\/td>\n<td>\u00a060 mesh, 80mesh, 100 mesh, 200mesh, 300 mesh, 325 mesh<\/td>\n<\/tr>\n<tr>\n<td>Standard<\/td>\n<td>GB\/T 19001-2016\/ISO9001 : 2015<\/td>\n<\/tr>\n<tr>\n<td>La puret\u00e9<\/td>\n<td>Ti : \uff1e79%\uff0c C:\uff1e18.8%<\/td>\n<\/tr>\n<tr>\n<td>Mat\u00e9riau<\/td>\n<td>Carbure de titane<\/td>\n<\/tr>\n<tr>\n<td>Emballage<\/td>\n<td>Sacs \u00e0 tonnes, f\u00fbts en acier<\/td>\n<\/tr>\n<\/tbody>\n<\/table>","protected":false},"featured_media":3843,"comment_status":"open","ping_status":"closed","template":"","meta":{"_acf_changed":false},"product_brand":[],"product_cat":[56],"product_tag":[],"class_list":{"0":"post-3846","1":"product","2":"type-product","3":"status-publish","4":"has-post-thumbnail","6":"product_cat-spraying-coating-metal-materials","8":"first","9":"instock","10":"shipping-taxable","11":"product-type-simple"},"acf":[],"yoast_head":"<!-- This site is optimized with the Yoast SEO plugin v23.2 - https:\/\/yoast.com\/wordpress\/plugins\/seo\/ -->\n<title>Spraying Coating Metal Materials Titanium carbide powder - Jinchun %<\/title>\n<meta name=\"description\" content=\"We are a Metal Materials manufacturer in China With rich experience in Spraying Coating Metal Materials Titanium carbide powder , with Competitive price and top quality.\" \/>\n<meta name=\"robots\" content=\"index, follow, max-snippet:-1, max-image-preview:large, max-video-preview:-1\" \/>\n<link rel=\"canonical\" href=\"https:\/\/www.jinchunmetal.com\/fr_fr\/produit\/spraying-coating-metal-materials-titanium-carbide-powder\/\" \/>\n<meta property=\"og:locale\" content=\"fr_FR\" \/>\n<meta property=\"og:type\" content=\"article\" \/>\n<meta property=\"og:title\" content=\"Spraying Coating Metal Materials Titanium carbide powder - Jinchun %\" \/>\n<meta property=\"og:description\" content=\"We are a Metal Materials manufacturer in China With rich experience in Spraying Coating Metal Materials Titanium carbide powder , with Competitive price and top quality.\" \/>\n<meta property=\"og:url\" content=\"https:\/\/www.jinchunmetal.com\/fr_fr\/produit\/spraying-coating-metal-materials-titanium-carbide-powder\/\" \/>\n<meta property=\"og:site_name\" content=\"Chengdu Jinchun Metallic Materials Co.,Ltd.\" \/>\n<meta property=\"article:modified_time\" content=\"2025-05-28T06:01:21+00:00\" \/>\n<meta property=\"og:image\" content=\"https:\/\/www.jinchunmetal.com\/wp-content\/uploads\/2024\/08\/\u78b3\u5316\u949b80\u76ee-4.jpg\" \/>\n\t<meta property=\"og:image:width\" content=\"1000\" \/>\n\t<meta property=\"og:image:height\" content=\"1000\" \/>\n\t<meta property=\"og:image:type\" content=\"image\/jpeg\" \/>\n<meta name=\"twitter:card\" content=\"summary_large_image\" \/>\n<meta name=\"twitter:label1\" content=\"Dur\u00e9e de lecture estim\u00e9e\" \/>\n\t<meta name=\"twitter:data1\" content=\"4 minutes\" \/>\n<script type=\"application\/ld+json\" class=\"yoast-schema-graph\">{\"@context\":\"https:\/\/schema.org\",\"@graph\":[{\"@type\":\"WebPage\",\"@id\":\"https:\/\/www.jinchunmetal.com\/product\/spraying-coating-metal-materials-titanium-carbide-powder\/\",\"url\":\"https:\/\/www.jinchunmetal.com\/product\/spraying-coating-metal-materials-titanium-carbide-powder\/\",\"name\":\"Spraying Coating Metal Materials Titanium carbide powder - Jinchun %\",\"isPartOf\":{\"@id\":\"https:\/\/www.jinchunmetal.com\/#website\"},\"primaryImageOfPage\":{\"@id\":\"https:\/\/www.jinchunmetal.com\/product\/spraying-coating-metal-materials-titanium-carbide-powder\/#primaryimage\"},\"image\":{\"@id\":\"https:\/\/www.jinchunmetal.com\/product\/spraying-coating-metal-materials-titanium-carbide-powder\/#primaryimage\"},\"thumbnailUrl\":\"https:\/\/www.jinchunmetal.com\/wp-content\/uploads\/2024\/08\/\u78b3\u5316\u949b80\u76ee-4.jpg\",\"datePublished\":\"2024-08-19T05:51:07+00:00\",\"dateModified\":\"2025-05-28T06:01:21+00:00\",\"description\":\"We are a Metal Materials manufacturer in China With rich experience in Spraying Coating Metal Materials Titanium carbide powder , with Competitive price and top quality.\",\"breadcrumb\":{\"@id\":\"https:\/\/www.jinchunmetal.com\/product\/spraying-coating-metal-materials-titanium-carbide-powder\/#breadcrumb\"},\"inLanguage\":\"fr-FR\",\"potentialAction\":[{\"@type\":\"ReadAction\",\"target\":[\"https:\/\/www.jinchunmetal.com\/product\/spraying-coating-metal-materials-titanium-carbide-powder\/\"]}]},{\"@type\":\"ImageObject\",\"inLanguage\":\"fr-FR\",\"@id\":\"https:\/\/www.jinchunmetal.com\/product\/spraying-coating-metal-materials-titanium-carbide-powder\/#primaryimage\",\"url\":\"https:\/\/www.jinchunmetal.com\/wp-content\/uploads\/2024\/08\/\u78b3\u5316\u949b80\u76ee-4.jpg\",\"contentUrl\":\"https:\/\/www.jinchunmetal.com\/wp-content\/uploads\/2024\/08\/\u78b3\u5316\u949b80\u76ee-4.jpg\",\"width\":1000,\"height\":1000},{\"@type\":\"BreadcrumbList\",\"@id\":\"https:\/\/www.jinchunmetal.com\/product\/spraying-coating-metal-materials-titanium-carbide-powder\/#breadcrumb\",\"itemListElement\":[{\"@type\":\"ListItem\",\"position\":1,\"name\":\"\u9996\u9875\",\"item\":\"https:\/\/www.jinchunmetal.com\/\"},{\"@type\":\"ListItem\",\"position\":2,\"name\":\"Products\",\"item\":\"https:\/\/www.jinchunmetal.com\/fr_fr\/products\/\"},{\"@type\":\"ListItem\",\"position\":3,\"name\":\"Spraying Coating Metal Materials Titanium carbide powder\"}]},{\"@type\":\"WebSite\",\"@id\":\"https:\/\/www.jinchunmetal.com\/#website\",\"url\":\"https:\/\/www.jinchunmetal.com\/\",\"name\":\"Chengdu Jinchun Metallic Materials Co.,Ltd.\",\"description\":\"Jinchun Metal\",\"potentialAction\":[{\"@type\":\"SearchAction\",\"target\":{\"@type\":\"EntryPoint\",\"urlTemplate\":\"https:\/\/www.jinchunmetal.com\/?s={search_term_string}\"},\"query-input\":\"required name=search_term_string\"}],\"inLanguage\":\"fr-FR\"}]}<\/script>\n<!-- \/ Yoast SEO plugin. -->","yoast_head_json":{"title":"Spraying Coating Metal Materials Titanium carbide powder - Jinchun %","description":"We are a Metal Materials manufacturer in China With rich experience in Spraying Coating Metal Materials Titanium carbide powder , with Competitive price and top quality.","robots":{"index":"index","follow":"follow","max-snippet":"max-snippet:-1","max-image-preview":"max-image-preview:large","max-video-preview":"max-video-preview:-1"},"canonical":"https:\/\/www.jinchunmetal.com\/fr_fr\/produit\/spraying-coating-metal-materials-titanium-carbide-powder\/","og_locale":"fr_FR","og_type":"article","og_title":"Spraying Coating Metal Materials Titanium carbide powder - Jinchun %","og_description":"We are a Metal Materials manufacturer in China With rich experience in Spraying Coating Metal Materials Titanium carbide powder , with Competitive price and top quality.","og_url":"https:\/\/www.jinchunmetal.com\/fr_fr\/produit\/spraying-coating-metal-materials-titanium-carbide-powder\/","og_site_name":"Chengdu Jinchun Metallic Materials Co.,Ltd.","article_modified_time":"2025-05-28T06:01:21+00:00","og_image":[{"width":1000,"height":1000,"url":"https:\/\/www.jinchunmetal.com\/wp-content\/uploads\/2024\/08\/\u78b3\u5316\u949b80\u76ee-4.jpg","type":"image\/jpeg"}],"twitter_card":"summary_large_image","twitter_misc":{"Dur\u00e9e de lecture estim\u00e9e":"4 minutes"},"schema":{"@context":"https:\/\/schema.org","@graph":[{"@type":"WebPage","@id":"https:\/\/www.jinchunmetal.com\/product\/spraying-coating-metal-materials-titanium-carbide-powder\/","url":"https:\/\/www.jinchunmetal.com\/product\/spraying-coating-metal-materials-titanium-carbide-powder\/","name":"Spraying Coating Metal Materials Titanium carbide powder - Jinchun %","isPartOf":{"@id":"https:\/\/www.jinchunmetal.com\/#website"},"primaryImageOfPage":{"@id":"https:\/\/www.jinchunmetal.com\/product\/spraying-coating-metal-materials-titanium-carbide-powder\/#primaryimage"},"image":{"@id":"https:\/\/www.jinchunmetal.com\/product\/spraying-coating-metal-materials-titanium-carbide-powder\/#primaryimage"},"thumbnailUrl":"https:\/\/www.jinchunmetal.com\/wp-content\/uploads\/2024\/08\/\u78b3\u5316\u949b80\u76ee-4.jpg","datePublished":"2024-08-19T05:51:07+00:00","dateModified":"2025-05-28T06:01:21+00:00","description":"We are a Metal Materials manufacturer in China With rich experience in Spraying Coating Metal Materials Titanium carbide powder , with Competitive price and top quality.","breadcrumb":{"@id":"https:\/\/www.jinchunmetal.com\/product\/spraying-coating-metal-materials-titanium-carbide-powder\/#breadcrumb"},"inLanguage":"fr-FR","potentialAction":[{"@type":"ReadAction","target":["https:\/\/www.jinchunmetal.com\/product\/spraying-coating-metal-materials-titanium-carbide-powder\/"]}]},{"@type":"ImageObject","inLanguage":"fr-FR","@id":"https:\/\/www.jinchunmetal.com\/product\/spraying-coating-metal-materials-titanium-carbide-powder\/#primaryimage","url":"https:\/\/www.jinchunmetal.com\/wp-content\/uploads\/2024\/08\/\u78b3\u5316\u949b80\u76ee-4.jpg","contentUrl":"https:\/\/www.jinchunmetal.com\/wp-content\/uploads\/2024\/08\/\u78b3\u5316\u949b80\u76ee-4.jpg","width":1000,"height":1000},{"@type":"BreadcrumbList","@id":"https:\/\/www.jinchunmetal.com\/product\/spraying-coating-metal-materials-titanium-carbide-powder\/#breadcrumb","itemListElement":[{"@type":"ListItem","position":1,"name":"\u9996\u9875","item":"https:\/\/www.jinchunmetal.com\/"},{"@type":"ListItem","position":2,"name":"Products","item":"https:\/\/www.jinchunmetal.com\/fr_fr\/products\/"},{"@type":"ListItem","position":3,"name":"Spraying Coating Metal Materials Titanium carbide powder"}]},{"@type":"WebSite","@id":"https:\/\/www.jinchunmetal.com\/#website","url":"https:\/\/www.jinchunmetal.com\/","name":"Chengdu Jinchun Metallic Materials Co.,Ltd.","description":"Jinchun Metal","potentialAction":[{"@type":"SearchAction","target":{"@type":"EntryPoint","urlTemplate":"https:\/\/www.jinchunmetal.com\/?s={search_term_string}"},"query-input":"required name=search_term_string"}],"inLanguage":"fr-FR"}]}},"_links":{"self":[{"href":"https:\/\/www.jinchunmetal.com\/fr_fr\/wp-json\/wp\/v2\/product\/3846","targetHints":{"allow":["GET"]}}],"collection":[{"href":"https:\/\/www.jinchunmetal.com\/fr_fr\/wp-json\/wp\/v2\/product"}],"about":[{"href":"https:\/\/www.jinchunmetal.com\/fr_fr\/wp-json\/wp\/v2\/types\/product"}],"replies":[{"embeddable":true,"href":"https:\/\/www.jinchunmetal.com\/fr_fr\/wp-json\/wp\/v2\/comments?post=3846"}],"wp:featuredmedia":[{"embeddable":true,"href":"https:\/\/www.jinchunmetal.com\/fr_fr\/wp-json\/wp\/v2\/media\/3843"}],"wp:attachment":[{"href":"https:\/\/www.jinchunmetal.com\/fr_fr\/wp-json\/wp\/v2\/media?parent=3846"}],"wp:term":[{"taxonomy":"product_brand","embeddable":true,"href":"https:\/\/www.jinchunmetal.com\/fr_fr\/wp-json\/wp\/v2\/product_brand?post=3846"},{"taxonomy":"product_cat","embeddable":true,"href":"https:\/\/www.jinchunmetal.com\/fr_fr\/wp-json\/wp\/v2\/product_cat?post=3846"},{"taxonomy":"product_tag","embeddable":true,"href":"https:\/\/www.jinchunmetal.com\/fr_fr\/wp-json\/wp\/v2\/product_tag?post=3846"}],"curies":[{"name":"wp","href":"https:\/\/api.w.org\/{rel}","templated":true}]}}