{"id":4001,"date":"2024-08-22T09:47:00","date_gmt":"2024-08-22T01:47:00","guid":{"rendered":"https:\/\/www.jinchunmetal.com\/?post_type=product&#038;p=4001"},"modified":"2025-05-29T15:18:19","modified_gmt":"2025-05-29T07:18:19","slug":"welding-consumables-metal-powder-rare-earth-ferrosiliconmagnesium-alloy-195118","status":"publish","type":"product","link":"https:\/\/www.jinchunmetal.com\/fr_fr\/produit\/welding-consumables-metal-powder-rare-earth-ferrosiliconmagnesium-alloy-195118\/","title":{"rendered":"Consommables de soudage Poudre m\u00e9tallique Alliage de ferrosilicium-magn\u00e9sium des terres rares 195118"},"content":{"rendered":"<p><strong>Caract\u00e8re du produit<\/strong><\/p>\n<p>La poudre d'alliage de ferrosilicium et de magn\u00e9sium \u00e0 base de terres rares est un alliage obtenu par fusion et m\u00e9lange d'\u00e9l\u00e9ments tels que le ferrosilicium, le calcium, le magn\u00e9sium et les terres rares. Il poss\u00e8de de bonnes propri\u00e9t\u00e9s de sph\u00e9ro\u00efdisation et peut efficacement d\u00e9soxyder et d\u00e9sulfurer.<\/p>\n<p>&nbsp;<\/p>\n<p><strong>2. cahier des charges<\/strong><\/p>\n<p>Poudre d'alliage de ferrosilicium et de magn\u00e9sium \u00e0 base de terres rares<\/p>\n<table width=\"905\">\n<tbody>\n<tr>\n<td width=\"238\">Nom\/ Type<\/td>\n<td width=\"117\">\u00c9l\u00e9ment<\/td>\n<td width=\"82\">RE<\/td>\n<td width=\"72\">Si<\/td>\n<td width=\"54\">Ti<\/td>\n<td width=\"67\">Ca<\/td>\n<td width=\"58\">Mn<\/td>\n<td width=\"64\">Ce\/Re<\/td>\n<td width=\"57\">Mg<\/td>\n<td width=\"49\">MgO<\/td>\n<td width=\"47\">Fe<\/td>\n<\/tr>\n<tr>\n<td rowspan=\"2\" width=\"238\">Alliage de ferrosilicium et de magn\u00e9sium \u00e0 base de terres rares 195118<\/td>\n<td>Standard\uff08%\uff09<\/td>\n<td>17.0~20.0<\/td>\n<td>\u226445.0<\/td>\n<td>\u22641.0<\/td>\n<td>1.0~3.0<\/td>\n<td>\u22642.0<\/td>\n<td>\u226546<\/td>\n<td>7.0~10.0<\/td>\n<td>\u22641.2<\/td>\n<td>Bal.<\/td>\n<\/tr>\n<tr>\n<td>R\u00e9sultat\uff08%\uff09<\/td>\n<td width=\"82\">20.0<\/td>\n<td width=\"72\">42<\/td>\n<td width=\"54\">0.22<\/td>\n<td width=\"67\">2.2<\/td>\n<td width=\"58\">&#8211;<\/td>\n<td width=\"64\">86.34<\/td>\n<td>7.5<\/td>\n<td>0.8<\/td>\n<td>Bal.<\/td>\n<\/tr>\n<\/tbody>\n<\/table>\n<p><strong>3.Images des mati\u00e8res premi\u00e8res et de la production<\/strong><\/p>\n<p>Photos des mati\u00e8res premi\u00e8res\uff1a<\/p>\n<p><img loading=\"lazy\" decoding=\"async\" class=\"alignnone wp-image-4003\" src=\"https:\/\/www.jinchunmetal.com\/wp-content\/uploads\/2024\/08\/RARE-EARTH-MgSi-300x176.png\" alt=\"\" width=\"389\" height=\"228\" srcset=\"https:\/\/www.jinchunmetal.com\/wp-content\/uploads\/2024\/08\/RARE-EARTH-MgSi-300x176.png 300w, https:\/\/www.jinchunmetal.com\/wp-content\/uploads\/2024\/08\/RARE-EARTH-MgSi-768x452.png 768w, https:\/\/www.jinchunmetal.com\/wp-content\/uploads\/2024\/08\/RARE-EARTH-MgSi-18x12.png 18w, https:\/\/www.jinchunmetal.com\/wp-content\/uploads\/2024\/08\/RARE-EARTH-MgSi-800x470.png 800w, https:\/\/www.jinchunmetal.com\/wp-content\/uploads\/2024\/08\/RARE-EARTH-MgSi.png 1024w\" sizes=\"auto, (max-width: 389px) 100vw, 389px\" \/><\/p>\n<p>Photos de la production :<br \/>\n<img loading=\"lazy\" decoding=\"async\" class=\"alignnone wp-image-3226\" src=\"http:\/\/www.jinchunmetal.com\/wp-content\/uploads\/2024\/07\/\u8bbe\u59073-300x221.jpg\" alt=\"\" width=\"342\" height=\"252\" srcset=\"https:\/\/www.jinchunmetal.com\/wp-content\/uploads\/2024\/07\/\u8bbe\u59073-300x221.jpg 300w, https:\/\/www.jinchunmetal.com\/wp-content\/uploads\/2024\/07\/\u8bbe\u59073-16x12.jpg 16w, https:\/\/www.jinchunmetal.com\/wp-content\/uploads\/2024\/07\/\u8bbe\u59073.jpg 443w\" sizes=\"auto, (max-width: 342px) 100vw, 342px\" \/><img loading=\"lazy\" decoding=\"async\" class=\"alignnone wp-image-3225\" src=\"http:\/\/www.jinchunmetal.com\/wp-content\/uploads\/2024\/07\/\u8bbe\u59072-300x221.jpg\" alt=\"\" width=\"337\" height=\"249\" srcset=\"https:\/\/www.jinchunmetal.com\/wp-content\/uploads\/2024\/07\/\u8bbe\u59072-300x221.jpg 300w, https:\/\/www.jinchunmetal.com\/wp-content\/uploads\/2024\/07\/\u8bbe\u59072-16x12.jpg 16w, https:\/\/www.jinchunmetal.com\/wp-content\/uploads\/2024\/07\/\u8bbe\u59072.jpg 443w\" sizes=\"auto, (max-width: 337px) 100vw, 337px\" \/><\/p>\n<p><img loading=\"lazy\" decoding=\"async\" class=\"wp-image-3671 alignleft\" src=\"https:\/\/www.jinchunmetal.com\/wp-content\/uploads\/2024\/08\/water-atomization-3-300x225.jpg\" alt=\"\" width=\"369\" height=\"277\" srcset=\"https:\/\/www.jinchunmetal.com\/wp-content\/uploads\/2024\/08\/water-atomization-3-300x225.jpg 300w, https:\/\/www.jinchunmetal.com\/wp-content\/uploads\/2024\/08\/water-atomization-3-768x576.jpg 768w, https:\/\/www.jinchunmetal.com\/wp-content\/uploads\/2024\/08\/water-atomization-3-16x12.jpg 16w, https:\/\/www.jinchunmetal.com\/wp-content\/uploads\/2024\/08\/water-atomization-3.jpg 800w\" sizes=\"auto, (max-width: 369px) 100vw, 369px\" \/><\/p>\n<p><img loading=\"lazy\" decoding=\"async\" class=\"size-medium wp-image-3574 alignnone\" src=\"https:\/\/www.jinchunmetal.com\/wp-content\/uploads\/2024\/08\/water-atomization-2-300x279.jpg\" alt=\"\" width=\"300\" height=\"279\" srcset=\"https:\/\/www.jinchunmetal.com\/wp-content\/uploads\/2024\/08\/water-atomization-2-300x279.jpg 300w, https:\/\/www.jinchunmetal.com\/wp-content\/uploads\/2024\/08\/water-atomization-2-1024x951.jpg 1024w, https:\/\/www.jinchunmetal.com\/wp-content\/uploads\/2024\/08\/water-atomization-2-768x713.jpg 768w, https:\/\/www.jinchunmetal.com\/wp-content\/uploads\/2024\/08\/water-atomization-2-1536x1426.jpg 1536w, https:\/\/www.jinchunmetal.com\/wp-content\/uploads\/2024\/08\/water-atomization-2-2048x1902.jpg 2048w, https:\/\/www.jinchunmetal.com\/wp-content\/uploads\/2024\/08\/water-atomization-2-13x12.jpg 13w, https:\/\/www.jinchunmetal.com\/wp-content\/uploads\/2024\/08\/water-atomization-2-800x743.jpg 800w\" sizes=\"auto, (max-width: 300px) 100vw, 300px\" \/><img loading=\"lazy\" decoding=\"async\" class=\"alignnone wp-image-3978\" src=\"https:\/\/www.jinchunmetal.com\/wp-content\/uploads\/2024\/08\/Vacuum-smelting-furnace-300x169.jpeg\" alt=\"\" width=\"499\" height=\"281\" srcset=\"https:\/\/www.jinchunmetal.com\/wp-content\/uploads\/2024\/08\/Vacuum-smelting-furnace-300x169.jpeg 300w, https:\/\/www.jinchunmetal.com\/wp-content\/uploads\/2024\/08\/Vacuum-smelting-furnace-1024x575.jpeg 1024w, https:\/\/www.jinchunmetal.com\/wp-content\/uploads\/2024\/08\/Vacuum-smelting-furnace-768x432.jpeg 768w, https:\/\/www.jinchunmetal.com\/wp-content\/uploads\/2024\/08\/Vacuum-smelting-furnace-1536x863.jpeg 1536w, https:\/\/www.jinchunmetal.com\/wp-content\/uploads\/2024\/08\/Vacuum-smelting-furnace-18x10.jpeg 18w, https:\/\/www.jinchunmetal.com\/wp-content\/uploads\/2024\/08\/Vacuum-smelting-furnace-800x450.jpeg 800w, https:\/\/www.jinchunmetal.com\/wp-content\/uploads\/2024\/08\/Vacuum-smelting-furnace.jpeg 2000w\" sizes=\"auto, (max-width: 499px) 100vw, 499px\" \/><\/p>\n<p>&nbsp;<\/p>\n<p><strong>4.Application<\/strong><\/p>\n<ul>\n<li><strong>Industrie de la m\u00e9tallurgie et de la fonderie :<\/strong> Dans la production de fonte ductile, l'alliage de ferrosilicium et de magn\u00e9sium des terres rares est ajout\u00e9 en tant qu'agent de sph\u00e9ro\u00efdisation pour transformer le graphite en flocons en graphite sph\u00e9rique, ce qui am\u00e9liore consid\u00e9rablement la r\u00e9sistance de la fonte.<\/li>\n<li><strong>Domaine a\u00e9rospatial :<\/strong> En raison de son excellente r\u00e9sistance \u00e0 la corrosion, de sa grande solidit\u00e9 et de sa r\u00e9sistance aux temp\u00e9ratures \u00e9lev\u00e9es, l'alliage de ferrosilicium et de magn\u00e9sium des terres rares est utilis\u00e9 pour fabriquer des moteurs et des composants structurels d'a\u00e9ronefs dans le domaine a\u00e9rospatial.<\/li>\n<li><strong>Industrie automobile :<\/strong> Dans l'industrie automobile, l'alliage de ferrosilicium-magn\u00e9sium \u00e0 base de terres rares est utilis\u00e9 pour produire des ressorts de soupapes, des colliers de soupapes, des culasses, des vilebrequins et d'autres composants, ce qui permet de r\u00e9duire consid\u00e9rablement le poids des automobiles et d'am\u00e9liorer la puissance.<\/li>\n<li><strong>Autres applications :<\/strong> L'alliage de ferrosilicium et de magn\u00e9sium des terres rares est produit dans un four \u00e0 arc submerg\u00e9 et peut \u00e9galement \u00eatre produit \u00e0 l'aide d'un four \u00e0 moyenne fr\u00e9quence. Ses propri\u00e9t\u00e9s physiques sont gris noir et ont un bon effet de sph\u00e9ro\u00efdisation, ce qui affecte directement la sph\u00e9ro\u00efdisation du graphite.<\/li>\n<\/ul>\n<p><img loading=\"lazy\" decoding=\"async\" class=\"alignnone wp-image-3223\" src=\"http:\/\/www.jinchunmetal.com\/wp-content\/uploads\/2024\/07\/\u8010\u78e8\u710a\u6761-300x300.jpeg\" alt=\"\" width=\"228\" height=\"228\" srcset=\"https:\/\/www.jinchunmetal.com\/wp-content\/uploads\/2024\/07\/\u8010\u78e8\u710a\u6761-300x300.jpeg 300w, https:\/\/www.jinchunmetal.com\/wp-content\/uploads\/2024\/07\/\u8010\u78e8\u710a\u6761-1024x1024.jpeg 1024w, https:\/\/www.jinchunmetal.com\/wp-content\/uploads\/2024\/07\/\u8010\u78e8\u710a\u6761-150x150.jpeg 150w, https:\/\/www.jinchunmetal.com\/wp-content\/uploads\/2024\/07\/\u8010\u78e8\u710a\u6761-768x768.jpeg 768w, https:\/\/www.jinchunmetal.com\/wp-content\/uploads\/2024\/07\/\u8010\u78e8\u710a\u6761-1536x1536.jpeg 1536w, https:\/\/www.jinchunmetal.com\/wp-content\/uploads\/2024\/07\/\u8010\u78e8\u710a\u6761-2048x2048.jpeg 2048w, https:\/\/www.jinchunmetal.com\/wp-content\/uploads\/2024\/07\/\u8010\u78e8\u710a\u6761-12x12.jpeg 12w, https:\/\/www.jinchunmetal.com\/wp-content\/uploads\/2024\/07\/\u8010\u78e8\u710a\u6761-75x75.jpeg 75w, https:\/\/www.jinchunmetal.com\/wp-content\/uploads\/2024\/07\/\u8010\u78e8\u710a\u6761-800x800.jpeg 800w, https:\/\/www.jinchunmetal.com\/wp-content\/uploads\/2024\/07\/\u8010\u78e8\u710a\u6761-100x100.jpeg 100w\" sizes=\"auto, (max-width: 228px) 100vw, 228px\" \/><img loading=\"lazy\" decoding=\"async\" class=\"alignnone wp-image-3991\" src=\"https:\/\/www.jinchunmetal.com\/wp-content\/uploads\/2024\/08\/Cast-iron-300x300.jpeg\" alt=\"\" width=\"250\" height=\"250\" srcset=\"https:\/\/www.jinchunmetal.com\/wp-content\/uploads\/2024\/08\/Cast-iron-300x300.jpeg 300w, https:\/\/www.jinchunmetal.com\/wp-content\/uploads\/2024\/08\/Cast-iron-1024x1024.jpeg 1024w, https:\/\/www.jinchunmetal.com\/wp-content\/uploads\/2024\/08\/Cast-iron-150x150.jpeg 150w, https:\/\/www.jinchunmetal.com\/wp-content\/uploads\/2024\/08\/Cast-iron-768x768.jpeg 768w, https:\/\/www.jinchunmetal.com\/wp-content\/uploads\/2024\/08\/Cast-iron-12x12.jpeg 12w, https:\/\/www.jinchunmetal.com\/wp-content\/uploads\/2024\/08\/Cast-iron-75x75.jpeg 75w, https:\/\/www.jinchunmetal.com\/wp-content\/uploads\/2024\/08\/Cast-iron-800x800.jpeg 800w, https:\/\/www.jinchunmetal.com\/wp-content\/uploads\/2024\/08\/Cast-iron-100x100.jpeg 100w, https:\/\/www.jinchunmetal.com\/wp-content\/uploads\/2024\/08\/Cast-iron.jpeg 1080w\" sizes=\"auto, (max-width: 250px) 100vw, 250px\" \/><img loading=\"lazy\" decoding=\"async\" class=\"alignnone wp-image-4004\" src=\"https:\/\/www.jinchunmetal.com\/wp-content\/uploads\/2024\/08\/valve-springs-300x200.jpeg\" alt=\"\" width=\"373\" height=\"248\" srcset=\"https:\/\/www.jinchunmetal.com\/wp-content\/uploads\/2024\/08\/valve-springs-300x200.jpeg 300w, https:\/\/www.jinchunmetal.com\/wp-content\/uploads\/2024\/08\/valve-springs-1024x682.jpeg 1024w, https:\/\/www.jinchunmetal.com\/wp-content\/uploads\/2024\/08\/valve-springs-768x511.jpeg 768w, https:\/\/www.jinchunmetal.com\/wp-content\/uploads\/2024\/08\/valve-springs-18x12.jpeg 18w, https:\/\/www.jinchunmetal.com\/wp-content\/uploads\/2024\/08\/valve-springs-800x533.jpeg 800w, https:\/\/www.jinchunmetal.com\/wp-content\/uploads\/2024\/08\/valve-springs.jpeg 1520w\" sizes=\"auto, (max-width: 373px) 100vw, 373px\" \/><img loading=\"lazy\" decoding=\"async\" class=\"alignnone wp-image-4005\" src=\"https:\/\/www.jinchunmetal.com\/wp-content\/uploads\/2024\/08\/engines-300x212.jpeg\" alt=\"\" width=\"343\" height=\"243\" srcset=\"https:\/\/www.jinchunmetal.com\/wp-content\/uploads\/2024\/08\/engines-300x212.jpeg 300w, https:\/\/www.jinchunmetal.com\/wp-content\/uploads\/2024\/08\/engines-1024x723.jpeg 1024w, https:\/\/www.jinchunmetal.com\/wp-content\/uploads\/2024\/08\/engines-768x542.jpeg 768w, https:\/\/www.jinchunmetal.com\/wp-content\/uploads\/2024\/08\/engines-1536x1085.jpeg 1536w, https:\/\/www.jinchunmetal.com\/wp-content\/uploads\/2024\/08\/engines-2048x1446.jpeg 2048w, https:\/\/www.jinchunmetal.com\/wp-content\/uploads\/2024\/08\/engines-18x12.jpeg 18w, https:\/\/www.jinchunmetal.com\/wp-content\/uploads\/2024\/08\/engines-800x565.jpeg 800w\" sizes=\"auto, (max-width: 343px) 100vw, 343px\" \/><\/p>","protected":false},"excerpt":{"rendered":"<p>Caract\u00e9ristiques du produit\uff1a<\/p>\n<p>La poudre d'alliage de ferrosilicium et de magn\u00e9sium \u00e0 base de terres rares est un alliage obtenu par fusion et m\u00e9lange d'\u00e9l\u00e9ments tels que le ferrosilicium, le calcium, le magn\u00e9sium et les terres rares. Il poss\u00e8de de bonnes propri\u00e9t\u00e9s de sph\u00e9ro\u00efdisation et peut efficacement d\u00e9soxyder et d\u00e9sulfurer.<\/p>\n<table>\n<tbody>\n<tr>\n<td>Nom de la marque<\/td>\n<td>Jinchun<\/td>\n<\/tr>\n<tr>\n<td>Origine<\/td>\n<td>Chine<\/td>\n<\/tr>\n<tr>\n<td>Nom du produit<\/td>\n<td>Poudre d'alliage ferro-silicium-magn\u00e9sium \u00e0 base de terres rares<\/td>\n<\/tr>\n<tr>\n<td>Application<\/td>\n<td>Baguettes de soudage, additifs, industrie chimique, sid\u00e9rurgie, automobile, <strong>\u00a0<\/strong>fonte, etc.<\/td>\n<\/tr>\n<tr>\n<td>Forme<\/td>\n<td>Poudre<\/td>\n<\/tr>\n<tr>\n<td>Couleur<\/td>\n<td>M\u00e9tal noir gris<\/td>\n<\/tr>\n<tr>\n<td>Taille<\/td>\n<td>\u00a060 mesh, 100 mesh, 200mesh, 325 mesh, etc.<\/td>\n<\/tr>\n<tr>\n<td>Standard<\/td>\n<td>GB\/T 19001-2016\/ISO9001 : 2015<\/td>\n<\/tr>\n<tr>\n<td>La puret\u00e9<\/td>\n<td>Ce\/Re : 86.34%, Si:42%, Mg : 7.5%, RE:20%<\/td>\n<\/tr>\n<tr>\n<td>Mati\u00e8res premi\u00e8res<\/td>\n<td>Terre rare ferrosiliciummagn\u00e9sium en morceaux<\/td>\n<\/tr>\n<tr>\n<td>Emballage<\/td>\n<td>Sacs de tonnes ou f\u00fbts en acier<\/td>\n<\/tr>\n<\/tbody>\n<\/table>","protected":false},"featured_media":3874,"comment_status":"open","ping_status":"closed","template":"","meta":{"_acf_changed":false},"product_brand":[],"product_cat":[15],"product_tag":[],"class_list":{"0":"post-4001","1":"product","2":"type-product","3":"status-publish","4":"has-post-thumbnail","6":"product_cat-welding-consumables-metal-materials","8":"first","9":"instock","10":"shipping-taxable","11":"product-type-simple"},"acf":[],"yoast_head":"<!-- This site is optimized with the Yoast SEO plugin v23.2 - https:\/\/yoast.com\/wordpress\/plugins\/seo\/ -->\n<title>Welding Consumables Metal Powder Rare earth ferrosiliconmagnesium alloy 195118 - Jinchun %<\/title>\n<meta name=\"description\" content=\"We are a Metal Materials manufacturer in China With rich experience in Welding Consumables Metal Powder Rare earth ferrosiliconmagnesium alloy 195118 , with Competitive price and top quality.\" \/>\n<meta name=\"robots\" content=\"index, follow, max-snippet:-1, max-image-preview:large, max-video-preview:-1\" \/>\n<link rel=\"canonical\" href=\"https:\/\/www.jinchunmetal.com\/fr_fr\/produit\/welding-consumables-metal-powder-rare-earth-ferrosiliconmagnesium-alloy-195118\/\" \/>\n<meta property=\"og:locale\" content=\"fr_FR\" \/>\n<meta property=\"og:type\" content=\"article\" \/>\n<meta property=\"og:title\" content=\"Welding Consumables Metal Powder Rare earth ferrosiliconmagnesium alloy 195118 - Jinchun %\" \/>\n<meta property=\"og:description\" content=\"We are a Metal Materials manufacturer in China With rich experience in Welding Consumables Metal Powder Rare earth ferrosiliconmagnesium alloy 195118 , with Competitive price and top quality.\" \/>\n<meta property=\"og:url\" content=\"https:\/\/www.jinchunmetal.com\/fr_fr\/produit\/welding-consumables-metal-powder-rare-earth-ferrosiliconmagnesium-alloy-195118\/\" \/>\n<meta property=\"og:site_name\" content=\"Chengdu Jinchun Metallic Materials Co.,Ltd.\" \/>\n<meta property=\"article:modified_time\" content=\"2025-05-29T07:18:19+00:00\" \/>\n<meta property=\"og:image\" content=\"https:\/\/www.jinchunmetal.com\/wp-content\/uploads\/2024\/08\/\u78b3\u5316\u94ecLOGO\u56fe1.jpg\" \/>\n\t<meta property=\"og:image:width\" content=\"800\" \/>\n\t<meta property=\"og:image:height\" content=\"800\" \/>\n\t<meta property=\"og:image:type\" content=\"image\/jpeg\" \/>\n<meta name=\"twitter:card\" content=\"summary_large_image\" \/>\n<meta name=\"twitter:label1\" content=\"Dur\u00e9e de lecture estim\u00e9e\" \/>\n\t<meta name=\"twitter:data1\" content=\"4 minutes\" \/>\n<script type=\"application\/ld+json\" class=\"yoast-schema-graph\">{\"@context\":\"https:\/\/schema.org\",\"@graph\":[{\"@type\":\"WebPage\",\"@id\":\"https:\/\/www.jinchunmetal.com\/product\/welding-consumables-metal-powder-rare-earth-ferrosiliconmagnesium-alloy-195118\/\",\"url\":\"https:\/\/www.jinchunmetal.com\/product\/welding-consumables-metal-powder-rare-earth-ferrosiliconmagnesium-alloy-195118\/\",\"name\":\"Welding Consumables Metal Powder Rare earth ferrosiliconmagnesium alloy 195118 - Jinchun %\",\"isPartOf\":{\"@id\":\"https:\/\/www.jinchunmetal.com\/#website\"},\"primaryImageOfPage\":{\"@id\":\"https:\/\/www.jinchunmetal.com\/product\/welding-consumables-metal-powder-rare-earth-ferrosiliconmagnesium-alloy-195118\/#primaryimage\"},\"image\":{\"@id\":\"https:\/\/www.jinchunmetal.com\/product\/welding-consumables-metal-powder-rare-earth-ferrosiliconmagnesium-alloy-195118\/#primaryimage\"},\"thumbnailUrl\":\"https:\/\/www.jinchunmetal.com\/wp-content\/uploads\/2024\/08\/\u78b3\u5316\u94ecLOGO\u56fe1.jpg\",\"datePublished\":\"2024-08-22T01:47:00+00:00\",\"dateModified\":\"2025-05-29T07:18:19+00:00\",\"description\":\"We are a Metal Materials manufacturer in China With rich experience in Welding Consumables Metal Powder Rare earth ferrosiliconmagnesium alloy 195118 , with Competitive price and top quality.\",\"breadcrumb\":{\"@id\":\"https:\/\/www.jinchunmetal.com\/product\/welding-consumables-metal-powder-rare-earth-ferrosiliconmagnesium-alloy-195118\/#breadcrumb\"},\"inLanguage\":\"fr-FR\",\"potentialAction\":[{\"@type\":\"ReadAction\",\"target\":[\"https:\/\/www.jinchunmetal.com\/product\/welding-consumables-metal-powder-rare-earth-ferrosiliconmagnesium-alloy-195118\/\"]}]},{\"@type\":\"ImageObject\",\"inLanguage\":\"fr-FR\",\"@id\":\"https:\/\/www.jinchunmetal.com\/product\/welding-consumables-metal-powder-rare-earth-ferrosiliconmagnesium-alloy-195118\/#primaryimage\",\"url\":\"https:\/\/www.jinchunmetal.com\/wp-content\/uploads\/2024\/08\/\u78b3\u5316\u94ecLOGO\u56fe1.jpg\",\"contentUrl\":\"https:\/\/www.jinchunmetal.com\/wp-content\/uploads\/2024\/08\/\u78b3\u5316\u94ecLOGO\u56fe1.jpg\",\"width\":800,\"height\":800},{\"@type\":\"BreadcrumbList\",\"@id\":\"https:\/\/www.jinchunmetal.com\/product\/welding-consumables-metal-powder-rare-earth-ferrosiliconmagnesium-alloy-195118\/#breadcrumb\",\"itemListElement\":[{\"@type\":\"ListItem\",\"position\":1,\"name\":\"\u9996\u9875\",\"item\":\"https:\/\/www.jinchunmetal.com\/\"},{\"@type\":\"ListItem\",\"position\":2,\"name\":\"Products\",\"item\":\"https:\/\/www.jinchunmetal.com\/fr_fr\/products\/\"},{\"@type\":\"ListItem\",\"position\":3,\"name\":\"Welding Consumables Metal Powder Rare earth ferrosiliconmagnesium alloy 195118\"}]},{\"@type\":\"WebSite\",\"@id\":\"https:\/\/www.jinchunmetal.com\/#website\",\"url\":\"https:\/\/www.jinchunmetal.com\/\",\"name\":\"Chengdu Jinchun Metallic Materials Co.,Ltd.\",\"description\":\"Jinchun Metal\",\"potentialAction\":[{\"@type\":\"SearchAction\",\"target\":{\"@type\":\"EntryPoint\",\"urlTemplate\":\"https:\/\/www.jinchunmetal.com\/?s={search_term_string}\"},\"query-input\":\"required name=search_term_string\"}],\"inLanguage\":\"fr-FR\"}]}<\/script>\n<!-- \/ Yoast SEO plugin. -->","yoast_head_json":{"title":"Welding Consumables Metal Powder Rare earth ferrosiliconmagnesium alloy 195118 - Jinchun %","description":"We are a Metal Materials manufacturer in China With rich experience in Welding Consumables Metal Powder Rare earth ferrosiliconmagnesium alloy 195118 , with Competitive price and top quality.","robots":{"index":"index","follow":"follow","max-snippet":"max-snippet:-1","max-image-preview":"max-image-preview:large","max-video-preview":"max-video-preview:-1"},"canonical":"https:\/\/www.jinchunmetal.com\/fr_fr\/produit\/welding-consumables-metal-powder-rare-earth-ferrosiliconmagnesium-alloy-195118\/","og_locale":"fr_FR","og_type":"article","og_title":"Welding Consumables Metal Powder Rare earth ferrosiliconmagnesium alloy 195118 - Jinchun %","og_description":"We are a Metal Materials manufacturer in China With rich experience in Welding Consumables Metal Powder Rare earth ferrosiliconmagnesium alloy 195118 , with Competitive price and top quality.","og_url":"https:\/\/www.jinchunmetal.com\/fr_fr\/produit\/welding-consumables-metal-powder-rare-earth-ferrosiliconmagnesium-alloy-195118\/","og_site_name":"Chengdu Jinchun Metallic Materials Co.,Ltd.","article_modified_time":"2025-05-29T07:18:19+00:00","og_image":[{"width":800,"height":800,"url":"https:\/\/www.jinchunmetal.com\/wp-content\/uploads\/2024\/08\/\u78b3\u5316\u94ecLOGO\u56fe1.jpg","type":"image\/jpeg"}],"twitter_card":"summary_large_image","twitter_misc":{"Dur\u00e9e de lecture estim\u00e9e":"4 minutes"},"schema":{"@context":"https:\/\/schema.org","@graph":[{"@type":"WebPage","@id":"https:\/\/www.jinchunmetal.com\/product\/welding-consumables-metal-powder-rare-earth-ferrosiliconmagnesium-alloy-195118\/","url":"https:\/\/www.jinchunmetal.com\/product\/welding-consumables-metal-powder-rare-earth-ferrosiliconmagnesium-alloy-195118\/","name":"Welding Consumables Metal Powder Rare earth ferrosiliconmagnesium alloy 195118 - Jinchun %","isPartOf":{"@id":"https:\/\/www.jinchunmetal.com\/#website"},"primaryImageOfPage":{"@id":"https:\/\/www.jinchunmetal.com\/product\/welding-consumables-metal-powder-rare-earth-ferrosiliconmagnesium-alloy-195118\/#primaryimage"},"image":{"@id":"https:\/\/www.jinchunmetal.com\/product\/welding-consumables-metal-powder-rare-earth-ferrosiliconmagnesium-alloy-195118\/#primaryimage"},"thumbnailUrl":"https:\/\/www.jinchunmetal.com\/wp-content\/uploads\/2024\/08\/\u78b3\u5316\u94ecLOGO\u56fe1.jpg","datePublished":"2024-08-22T01:47:00+00:00","dateModified":"2025-05-29T07:18:19+00:00","description":"We are a Metal Materials manufacturer in China With rich experience in Welding Consumables Metal Powder Rare earth ferrosiliconmagnesium alloy 195118 , with Competitive price and top quality.","breadcrumb":{"@id":"https:\/\/www.jinchunmetal.com\/product\/welding-consumables-metal-powder-rare-earth-ferrosiliconmagnesium-alloy-195118\/#breadcrumb"},"inLanguage":"fr-FR","potentialAction":[{"@type":"ReadAction","target":["https:\/\/www.jinchunmetal.com\/product\/welding-consumables-metal-powder-rare-earth-ferrosiliconmagnesium-alloy-195118\/"]}]},{"@type":"ImageObject","inLanguage":"fr-FR","@id":"https:\/\/www.jinchunmetal.com\/product\/welding-consumables-metal-powder-rare-earth-ferrosiliconmagnesium-alloy-195118\/#primaryimage","url":"https:\/\/www.jinchunmetal.com\/wp-content\/uploads\/2024\/08\/\u78b3\u5316\u94ecLOGO\u56fe1.jpg","contentUrl":"https:\/\/www.jinchunmetal.com\/wp-content\/uploads\/2024\/08\/\u78b3\u5316\u94ecLOGO\u56fe1.jpg","width":800,"height":800},{"@type":"BreadcrumbList","@id":"https:\/\/www.jinchunmetal.com\/product\/welding-consumables-metal-powder-rare-earth-ferrosiliconmagnesium-alloy-195118\/#breadcrumb","itemListElement":[{"@type":"ListItem","position":1,"name":"\u9996\u9875","item":"https:\/\/www.jinchunmetal.com\/"},{"@type":"ListItem","position":2,"name":"Products","item":"https:\/\/www.jinchunmetal.com\/fr_fr\/products\/"},{"@type":"ListItem","position":3,"name":"Welding Consumables Metal Powder Rare earth ferrosiliconmagnesium alloy 195118"}]},{"@type":"WebSite","@id":"https:\/\/www.jinchunmetal.com\/#website","url":"https:\/\/www.jinchunmetal.com\/","name":"Chengdu Jinchun Metallic Materials Co.,Ltd.","description":"Jinchun Metal","potentialAction":[{"@type":"SearchAction","target":{"@type":"EntryPoint","urlTemplate":"https:\/\/www.jinchunmetal.com\/?s={search_term_string}"},"query-input":"required name=search_term_string"}],"inLanguage":"fr-FR"}]}},"_links":{"self":[{"href":"https:\/\/www.jinchunmetal.com\/fr_fr\/wp-json\/wp\/v2\/product\/4001","targetHints":{"allow":["GET"]}}],"collection":[{"href":"https:\/\/www.jinchunmetal.com\/fr_fr\/wp-json\/wp\/v2\/product"}],"about":[{"href":"https:\/\/www.jinchunmetal.com\/fr_fr\/wp-json\/wp\/v2\/types\/product"}],"replies":[{"embeddable":true,"href":"https:\/\/www.jinchunmetal.com\/fr_fr\/wp-json\/wp\/v2\/comments?post=4001"}],"wp:featuredmedia":[{"embeddable":true,"href":"https:\/\/www.jinchunmetal.com\/fr_fr\/wp-json\/wp\/v2\/media\/3874"}],"wp:attachment":[{"href":"https:\/\/www.jinchunmetal.com\/fr_fr\/wp-json\/wp\/v2\/media?parent=4001"}],"wp:term":[{"taxonomy":"product_brand","embeddable":true,"href":"https:\/\/www.jinchunmetal.com\/fr_fr\/wp-json\/wp\/v2\/product_brand?post=4001"},{"taxonomy":"product_cat","embeddable":true,"href":"https:\/\/www.jinchunmetal.com\/fr_fr\/wp-json\/wp\/v2\/product_cat?post=4001"},{"taxonomy":"product_tag","embeddable":true,"href":"https:\/\/www.jinchunmetal.com\/fr_fr\/wp-json\/wp\/v2\/product_tag?post=4001"}],"curies":[{"name":"wp","href":"https:\/\/api.w.org\/{rel}","templated":true}]}}