{"id":4121,"date":"2024-08-23T14:31:03","date_gmt":"2024-08-23T06:31:03","guid":{"rendered":"https:\/\/www.jinchunmetal.com\/?post_type=product&#038;p=4121"},"modified":"2025-05-29T11:38:25","modified_gmt":"2025-05-29T03:38:25","slug":"welding-consumables-metal-powders-aluminum-magnesium-alloy-magnesium-aluminum-powder","status":"publish","type":"product","link":"https:\/\/www.jinchunmetal.com\/fr_fr\/produit\/welding-consumables-metal-powders-aluminum-magnesium-alloy-magnesium-aluminum-powder\/","title":{"rendered":"Consommables de soudage Poudres m\u00e9talliques Alliage d'aluminium et de magn\u00e9sium Poudre d'aluminium et de magn\u00e9sium"},"content":{"rendered":"<p><strong>Caract\u00e8re du produit<\/strong><\/p>\n<p>Aluminum magnesium alloy powder, a silver gray powder with particle size ranging from 40-325 mesh. The Mg content can be proportioned between 38-62% and AL content between 62-38% according to user requests.<\/p>\n<p><strong>2. cahier des charges<\/strong><\/p>\n<p><strong>Aluminum magnesium alloy powder<\/strong><\/p>\n<table style=\"border-collapse: collapse; width: 564.02pt;\" border=\"0\" width=\"752\" cellspacing=\"0\" cellpadding=\"0\">\n<tbody>\n<tr style=\"height: 17.25pt;\">\n<td class=\"et4\" style=\"height: 34.50pt; width: 178.50pt;\" rowspan=\"2\" width=\"238\" height=\"46\">Aluminium-magnesium alloy powder\/ AlMg alloy powder<\/td>\n<td class=\"et5\" style=\"width: 87.75pt;\" width=\"117\">\u00c9l\u00e9ment<\/td>\n<td class=\"et6\" style=\"width: 61.50pt;\" width=\"82\">Al<\/td>\n<td class=\"et6\" style=\"width: 54.00pt;\" width=\"72\">Mg<\/td>\n<td class=\"et6\" style=\"width: 40.50pt;\" width=\"54\">Fe<\/td>\n<td class=\"et6\" style=\"width: 50.25pt;\" width=\"67\">Si<\/td>\n<td class=\"et6\" style=\"width: 43.50pt;\" width=\"58\">S<\/td>\n<td class=\"et6\" style=\"width: 48.00pt;\" width=\"64\">P<\/td>\n<\/tr>\n<tr style=\"height: 17.25pt;\">\n<td class=\"et5\">R\u00e9sultat\uff08%\uff09<\/td>\n<td class=\"et6\" style=\"width: 61.50pt;\" width=\"82\">49.89<\/td>\n<td class=\"et6\" style=\"width: 54.00pt;\" width=\"72\">49.58<\/td>\n<td class=\"et6\" style=\"width: 40.50pt;\" width=\"54\">0.011<\/td>\n<td class=\"et6\" style=\"width: 50.25pt;\" width=\"67\">0.0059<\/td>\n<td class=\"et6\" style=\"width: 43.50pt;\" width=\"58\">\u22640.04<\/td>\n<td class=\"et6\" style=\"width: 48.00pt;\" width=\"64\">\u22640.05<\/td>\n<\/tr>\n<\/tbody>\n<\/table>\n<p><strong>3.Images des mati\u00e8res premi\u00e8res et de la production<\/strong><\/p>\n<p>Photos des mati\u00e8res premi\u00e8res\uff1a<\/p>\n<p><img loading=\"lazy\" decoding=\"async\" class=\"alignnone wp-image-4113\" src=\"https:\/\/www.jinchunmetal.com\/wp-content\/uploads\/2024\/08\/Magnesium-ingot-300x169.jpeg\" alt=\"\" width=\"385\" height=\"217\" srcset=\"https:\/\/www.jinchunmetal.com\/wp-content\/uploads\/2024\/08\/Magnesium-ingot-300x169.jpeg 300w, https:\/\/www.jinchunmetal.com\/wp-content\/uploads\/2024\/08\/Magnesium-ingot-1024x575.jpeg 1024w, https:\/\/www.jinchunmetal.com\/wp-content\/uploads\/2024\/08\/Magnesium-ingot-768x432.jpeg 768w, https:\/\/www.jinchunmetal.com\/wp-content\/uploads\/2024\/08\/Magnesium-ingot-1536x863.jpeg 1536w, https:\/\/www.jinchunmetal.com\/wp-content\/uploads\/2024\/08\/Magnesium-ingot-18x10.jpeg 18w, https:\/\/www.jinchunmetal.com\/wp-content\/uploads\/2024\/08\/Magnesium-ingot-800x450.jpeg 800w, https:\/\/www.jinchunmetal.com\/wp-content\/uploads\/2024\/08\/Magnesium-ingot.jpeg 2000w\" sizes=\"auto, (max-width: 385px) 100vw, 385px\" \/><img loading=\"lazy\" decoding=\"async\" class=\"alignnone wp-image-4100\" src=\"https:\/\/www.jinchunmetal.com\/wp-content\/uploads\/2024\/08\/Aluminum-300x215.jpeg\" alt=\"\" width=\"301\" height=\"216\" srcset=\"https:\/\/www.jinchunmetal.com\/wp-content\/uploads\/2024\/08\/Aluminum-300x215.jpeg 300w, https:\/\/www.jinchunmetal.com\/wp-content\/uploads\/2024\/08\/Aluminum-1024x735.jpeg 1024w, https:\/\/www.jinchunmetal.com\/wp-content\/uploads\/2024\/08\/Aluminum-768x551.jpeg 768w, https:\/\/www.jinchunmetal.com\/wp-content\/uploads\/2024\/08\/Aluminum-1536x1103.jpeg 1536w, https:\/\/www.jinchunmetal.com\/wp-content\/uploads\/2024\/08\/Aluminum-18x12.jpeg 18w, https:\/\/www.jinchunmetal.com\/wp-content\/uploads\/2024\/08\/Aluminum-800x574.jpeg 800w, https:\/\/www.jinchunmetal.com\/wp-content\/uploads\/2024\/08\/Aluminum.jpeg 2000w\" sizes=\"auto, (max-width: 301px) 100vw, 301px\" \/><\/p>\n<p>Photos de la production :<br \/>\n<img loading=\"lazy\" decoding=\"async\" class=\"alignnone size-medium wp-image-3226\" src=\"http:\/\/www.jinchunmetal.com\/wp-content\/uploads\/2024\/07\/\u8bbe\u59073-300x221.jpg\" alt=\"\" width=\"300\" height=\"221\" srcset=\"https:\/\/www.jinchunmetal.com\/wp-content\/uploads\/2024\/07\/\u8bbe\u59073-300x221.jpg 300w, https:\/\/www.jinchunmetal.com\/wp-content\/uploads\/2024\/07\/\u8bbe\u59073-16x12.jpg 16w, https:\/\/www.jinchunmetal.com\/wp-content\/uploads\/2024\/07\/\u8bbe\u59073.jpg 443w\" sizes=\"auto, (max-width: 300px) 100vw, 300px\" \/><img loading=\"lazy\" decoding=\"async\" class=\"alignnone size-medium wp-image-3225\" src=\"http:\/\/www.jinchunmetal.com\/wp-content\/uploads\/2024\/07\/\u8bbe\u59072-300x221.jpg\" alt=\"\" width=\"300\" height=\"221\" srcset=\"https:\/\/www.jinchunmetal.com\/wp-content\/uploads\/2024\/07\/\u8bbe\u59072-300x221.jpg 300w, https:\/\/www.jinchunmetal.com\/wp-content\/uploads\/2024\/07\/\u8bbe\u59072-16x12.jpg 16w, https:\/\/www.jinchunmetal.com\/wp-content\/uploads\/2024\/07\/\u8bbe\u59072.jpg 443w\" sizes=\"auto, (max-width: 300px) 100vw, 300px\" \/><img loading=\"lazy\" decoding=\"async\" class=\"alignnone wp-image-3224\" src=\"http:\/\/www.jinchunmetal.com\/wp-content\/uploads\/2024\/07\/\u8bbe\u5907-300x150.jpg\" alt=\"\" width=\"438\" height=\"219\" srcset=\"https:\/\/www.jinchunmetal.com\/wp-content\/uploads\/2024\/07\/\u8bbe\u5907-300x150.jpg 300w, https:\/\/www.jinchunmetal.com\/wp-content\/uploads\/2024\/07\/\u8bbe\u5907-1024x512.jpg 1024w, https:\/\/www.jinchunmetal.com\/wp-content\/uploads\/2024\/07\/\u8bbe\u5907-768x384.jpg 768w, https:\/\/www.jinchunmetal.com\/wp-content\/uploads\/2024\/07\/\u8bbe\u5907-1536x768.jpg 1536w, https:\/\/www.jinchunmetal.com\/wp-content\/uploads\/2024\/07\/\u8bbe\u5907-18x9.jpg 18w, https:\/\/www.jinchunmetal.com\/wp-content\/uploads\/2024\/07\/\u8bbe\u5907-800x400.jpg 800w, https:\/\/www.jinchunmetal.com\/wp-content\/uploads\/2024\/07\/\u8bbe\u5907.jpg 1920w\" sizes=\"auto, (max-width: 438px) 100vw, 438px\" \/><img loading=\"lazy\" decoding=\"async\" class=\"alignnone size-medium wp-image-4051\" src=\"https:\/\/www.jinchunmetal.com\/wp-content\/uploads\/2024\/08\/water-atomization--300x225.jpg\" alt=\"\" width=\"300\" height=\"225\" srcset=\"https:\/\/www.jinchunmetal.com\/wp-content\/uploads\/2024\/08\/water-atomization--300x225.jpg 300w, https:\/\/www.jinchunmetal.com\/wp-content\/uploads\/2024\/08\/water-atomization--768x576.jpg 768w, https:\/\/www.jinchunmetal.com\/wp-content\/uploads\/2024\/08\/water-atomization--16x12.jpg 16w, https:\/\/www.jinchunmetal.com\/wp-content\/uploads\/2024\/08\/water-atomization-.jpg 800w\" sizes=\"auto, (max-width: 300px) 100vw, 300px\" \/><\/p>\n<p><strong>4.Application<\/strong><\/p>\n<ul>\n<li>Military industry\uff1aIllumination flares, signal flares, and incendiary flares\uff1b<\/li>\n<li>Fireworks: Aluminum magnesium alloy powder is an essential luminescent agent;<\/li>\n<li>Metallurgical Industry: Deoxidizer, combustion enhancer, purification agent, etc;<\/li>\n<li>Refractory materials and chemical industry;<\/li>\n<li>Consommables de soudage.<\/li>\n<\/ul>\n<p>&nbsp;<\/p>\n<p><img loading=\"lazy\" decoding=\"async\" class=\"alignnone wp-image-3223\" src=\"http:\/\/www.jinchunmetal.com\/wp-content\/uploads\/2024\/07\/\u8010\u78e8\u710a\u6761-300x300.jpeg\" alt=\"\" width=\"228\" height=\"228\" srcset=\"https:\/\/www.jinchunmetal.com\/wp-content\/uploads\/2024\/07\/\u8010\u78e8\u710a\u6761-300x300.jpeg 300w, https:\/\/www.jinchunmetal.com\/wp-content\/uploads\/2024\/07\/\u8010\u78e8\u710a\u6761-1024x1024.jpeg 1024w, https:\/\/www.jinchunmetal.com\/wp-content\/uploads\/2024\/07\/\u8010\u78e8\u710a\u6761-150x150.jpeg 150w, https:\/\/www.jinchunmetal.com\/wp-content\/uploads\/2024\/07\/\u8010\u78e8\u710a\u6761-768x768.jpeg 768w, https:\/\/www.jinchunmetal.com\/wp-content\/uploads\/2024\/07\/\u8010\u78e8\u710a\u6761-1536x1536.jpeg 1536w, https:\/\/www.jinchunmetal.com\/wp-content\/uploads\/2024\/07\/\u8010\u78e8\u710a\u6761-2048x2048.jpeg 2048w, https:\/\/www.jinchunmetal.com\/wp-content\/uploads\/2024\/07\/\u8010\u78e8\u710a\u6761-12x12.jpeg 12w, https:\/\/www.jinchunmetal.com\/wp-content\/uploads\/2024\/07\/\u8010\u78e8\u710a\u6761-75x75.jpeg 75w, https:\/\/www.jinchunmetal.com\/wp-content\/uploads\/2024\/07\/\u8010\u78e8\u710a\u6761-800x800.jpeg 800w, https:\/\/www.jinchunmetal.com\/wp-content\/uploads\/2024\/07\/\u8010\u78e8\u710a\u6761-100x100.jpeg 100w\" sizes=\"auto, (max-width: 228px) 100vw, 228px\" \/><img loading=\"lazy\" decoding=\"async\" class=\"alignnone wp-image-3222\" src=\"https:\/\/www.jinchunmetal.com\/wp-content\/uploads\/2024\/07\/\u8010\u78e8\u5806\u710a\u836f\u82af\u710a\u4e1d-flux-cored-welding-wires-300x200.jpeg\" alt=\"\" width=\"311\" height=\"207\" srcset=\"https:\/\/www.jinchunmetal.com\/wp-content\/uploads\/2024\/07\/\u8010\u78e8\u5806\u710a\u836f\u82af\u710a\u4e1d-flux-cored-welding-wires-300x200.jpeg 300w, https:\/\/www.jinchunmetal.com\/wp-content\/uploads\/2024\/07\/\u8010\u78e8\u5806\u710a\u836f\u82af\u710a\u4e1d-flux-cored-welding-wires-1024x682.jpeg 1024w, https:\/\/www.jinchunmetal.com\/wp-content\/uploads\/2024\/07\/\u8010\u78e8\u5806\u710a\u836f\u82af\u710a\u4e1d-flux-cored-welding-wires-768x511.jpeg 768w, https:\/\/www.jinchunmetal.com\/wp-content\/uploads\/2024\/07\/\u8010\u78e8\u5806\u710a\u836f\u82af\u710a\u4e1d-flux-cored-welding-wires-1536x1022.jpeg 1536w, https:\/\/www.jinchunmetal.com\/wp-content\/uploads\/2024\/07\/\u8010\u78e8\u5806\u710a\u836f\u82af\u710a\u4e1d-flux-cored-welding-wires-2048x1363.jpeg 2048w, https:\/\/www.jinchunmetal.com\/wp-content\/uploads\/2024\/07\/\u8010\u78e8\u5806\u710a\u836f\u82af\u710a\u4e1d-flux-cored-welding-wires-18x12.jpeg 18w, https:\/\/www.jinchunmetal.com\/wp-content\/uploads\/2024\/07\/\u8010\u78e8\u5806\u710a\u836f\u82af\u710a\u4e1d-flux-cored-welding-wires-800x532.jpeg 800w\" sizes=\"auto, (max-width: 311px) 100vw, 311px\" \/><img loading=\"lazy\" decoding=\"async\" class=\"alignnone wp-image-3734\" src=\"https:\/\/www.jinchunmetal.com\/wp-content\/uploads\/2024\/08\/Powder-metallurgy-parts-300x200.jpeg\" alt=\"\" width=\"308\" height=\"205\" srcset=\"https:\/\/www.jinchunmetal.com\/wp-content\/uploads\/2024\/08\/Powder-metallurgy-parts-300x200.jpeg 300w, https:\/\/www.jinchunmetal.com\/wp-content\/uploads\/2024\/08\/Powder-metallurgy-parts-1024x683.jpeg 1024w, https:\/\/www.jinchunmetal.com\/wp-content\/uploads\/2024\/08\/Powder-metallurgy-parts-768x512.jpeg 768w, https:\/\/www.jinchunmetal.com\/wp-content\/uploads\/2024\/08\/Powder-metallurgy-parts-1536x1024.jpeg 1536w, https:\/\/www.jinchunmetal.com\/wp-content\/uploads\/2024\/08\/Powder-metallurgy-parts-2048x1365.jpeg 2048w, https:\/\/www.jinchunmetal.com\/wp-content\/uploads\/2024\/08\/Powder-metallurgy-parts-18x12.jpeg 18w, https:\/\/www.jinchunmetal.com\/wp-content\/uploads\/2024\/08\/Powder-metallurgy-parts-800x533.jpeg 800w\" sizes=\"auto, (max-width: 308px) 100vw, 308px\" \/><img loading=\"lazy\" decoding=\"async\" class=\"alignnone size-medium wp-image-3236\" src=\"https:\/\/www.jinchunmetal.com\/wp-content\/uploads\/2018\/07\/\u70df\u82b1\u56fe\u7247-300x199.jpeg\" alt=\"\" width=\"300\" height=\"199\" srcset=\"https:\/\/www.jinchunmetal.com\/wp-content\/uploads\/2018\/07\/\u70df\u82b1\u56fe\u7247-300x199.jpeg 300w, https:\/\/www.jinchunmetal.com\/wp-content\/uploads\/2018\/07\/\u70df\u82b1\u56fe\u7247-1024x678.jpeg 1024w, https:\/\/www.jinchunmetal.com\/wp-content\/uploads\/2018\/07\/\u70df\u82b1\u56fe\u7247-768x509.jpeg 768w, https:\/\/www.jinchunmetal.com\/wp-content\/uploads\/2018\/07\/\u70df\u82b1\u56fe\u7247-1536x1017.jpeg 1536w, https:\/\/www.jinchunmetal.com\/wp-content\/uploads\/2018\/07\/\u70df\u82b1\u56fe\u7247-2048x1357.jpeg 2048w, https:\/\/www.jinchunmetal.com\/wp-content\/uploads\/2018\/07\/\u70df\u82b1\u56fe\u7247-18x12.jpeg 18w, https:\/\/www.jinchunmetal.com\/wp-content\/uploads\/2018\/07\/\u70df\u82b1\u56fe\u7247-800x530.jpeg 800w\" sizes=\"auto, (max-width: 300px) 100vw, 300px\" \/><\/p>","protected":false},"excerpt":{"rendered":"<p>Caract\u00e9ristiques du produit\uff1a<\/p>\n<p>Aluminum magnesium alloy powder, a silver gray powder with particle size ranging from 40-325 mesh. The Mg content can be proportioned between 38-62% and AL content between 62-38% according to user requests.<\/p>\n<table>\n<tbody>\n<tr>\n<td>Nom de la marque<\/td>\n<td>Jinchun<\/td>\n<\/tr>\n<tr>\n<td>Origine<\/td>\n<td>Chine<\/td>\n<\/tr>\n<tr>\n<td>Nom du produit<\/td>\n<td>Aluminum magnesium alloy powder<\/td>\n<\/tr>\n<tr>\n<td>Application<\/td>\n<td>Welding rods,Powder metallurgy,Military and aerospace industries, Chemical industries, fireworks,\u00a0 etc.<\/td>\n<\/tr>\n<tr>\n<td>Forme<\/td>\n<td>Poudre<\/td>\n<\/tr>\n<tr>\n<td>Couleur<\/td>\n<td>Silver<\/td>\n<\/tr>\n<tr>\n<td>Taille<\/td>\n<td>40-325 mesh.<\/td>\n<\/tr>\n<tr>\n<td>Standard<\/td>\n<td>GB\/T 19001-2016\/ISO9001 : 2015<\/td>\n<\/tr>\n<tr>\n<td>La puret\u00e9<\/td>\n<td>Mg: 38-62%, Al: 38-62%<\/td>\n<\/tr>\n<tr>\n<td>Mat\u00e9riau<\/td>\n<td>Magnesium ingot, aluminum inot<\/td>\n<\/tr>\n<tr>\n<td>Emballage<\/td>\n<td>Tambours d'acier<\/td>\n<\/tr>\n<\/tbody>\n<\/table>","protected":false},"featured_media":4124,"comment_status":"open","ping_status":"closed","template":"","meta":{"_acf_changed":false},"product_brand":[],"product_cat":[15],"product_tag":[],"class_list":{"0":"post-4121","1":"product","2":"type-product","3":"status-publish","4":"has-post-thumbnail","6":"product_cat-welding-consumables-metal-materials","8":"first","9":"instock","10":"shipping-taxable","11":"product-type-simple"},"acf":[],"yoast_head":"<!-- This site is optimized with the Yoast SEO plugin v23.2 - https:\/\/yoast.com\/wordpress\/plugins\/seo\/ -->\n<title>Welding Consumables Metal Powders Aluminum-magnesium alloy Magnesium aluminum powder - Jinchun %<\/title>\n<meta name=\"description\" content=\"We are a Metal Materials manufacturer in China With rich experience in Welding Consumables Metal Powders Aluminum-magnesium alloy Magnesium aluminum powder , with Competitive price and top quality.\" \/>\n<meta name=\"robots\" content=\"index, follow, max-snippet:-1, max-image-preview:large, max-video-preview:-1\" \/>\n<link rel=\"canonical\" href=\"https:\/\/www.jinchunmetal.com\/fr_fr\/produit\/welding-consumables-metal-powders-aluminum-magnesium-alloy-magnesium-aluminum-powder\/\" \/>\n<meta property=\"og:locale\" content=\"fr_FR\" \/>\n<meta property=\"og:type\" content=\"article\" \/>\n<meta property=\"og:title\" content=\"Welding Consumables Metal Powders Aluminum-magnesium alloy Magnesium aluminum powder - Jinchun %\" \/>\n<meta property=\"og:description\" content=\"We are a Metal Materials manufacturer in China With rich experience in Welding Consumables Metal Powders Aluminum-magnesium alloy Magnesium aluminum powder , with Competitive price and top quality.\" \/>\n<meta property=\"og:url\" content=\"https:\/\/www.jinchunmetal.com\/fr_fr\/produit\/welding-consumables-metal-powders-aluminum-magnesium-alloy-magnesium-aluminum-powder\/\" \/>\n<meta property=\"og:site_name\" content=\"Chengdu Jinchun Metallic Materials Co.,Ltd.\" \/>\n<meta property=\"article:modified_time\" content=\"2025-05-29T03:38:25+00:00\" \/>\n<meta property=\"og:image\" content=\"https:\/\/www.jinchunmetal.com\/wp-content\/uploads\/2024\/08\/\u94dd\u5305\u954d\u590d\u5408\u7c89\u65b021.jpg\" \/>\n\t<meta property=\"og:image:width\" content=\"2000\" \/>\n\t<meta property=\"og:image:height\" content=\"2000\" \/>\n\t<meta property=\"og:image:type\" content=\"image\/jpeg\" \/>\n<meta name=\"twitter:card\" content=\"summary_large_image\" \/>\n<meta name=\"twitter:label1\" content=\"Dur\u00e9e de lecture estim\u00e9e\" \/>\n\t<meta name=\"twitter:data1\" content=\"3 minutes\" \/>\n<script type=\"application\/ld+json\" class=\"yoast-schema-graph\">{\"@context\":\"https:\/\/schema.org\",\"@graph\":[{\"@type\":\"WebPage\",\"@id\":\"https:\/\/www.jinchunmetal.com\/product\/welding-consumables-metal-powders-aluminum-magnesium-alloy-magnesium-aluminum-powder\/\",\"url\":\"https:\/\/www.jinchunmetal.com\/product\/welding-consumables-metal-powders-aluminum-magnesium-alloy-magnesium-aluminum-powder\/\",\"name\":\"Welding Consumables Metal Powders Aluminum-magnesium alloy Magnesium aluminum powder - Jinchun %\",\"isPartOf\":{\"@id\":\"https:\/\/www.jinchunmetal.com\/#website\"},\"primaryImageOfPage\":{\"@id\":\"https:\/\/www.jinchunmetal.com\/product\/welding-consumables-metal-powders-aluminum-magnesium-alloy-magnesium-aluminum-powder\/#primaryimage\"},\"image\":{\"@id\":\"https:\/\/www.jinchunmetal.com\/product\/welding-consumables-metal-powders-aluminum-magnesium-alloy-magnesium-aluminum-powder\/#primaryimage\"},\"thumbnailUrl\":\"https:\/\/www.jinchunmetal.com\/wp-content\/uploads\/2024\/08\/\u94dd\u5305\u954d\u590d\u5408\u7c89\u65b021.jpg\",\"datePublished\":\"2024-08-23T06:31:03+00:00\",\"dateModified\":\"2025-05-29T03:38:25+00:00\",\"description\":\"We are a Metal Materials manufacturer in China With rich experience in Welding Consumables Metal Powders Aluminum-magnesium alloy Magnesium aluminum powder , with Competitive price and top quality.\",\"breadcrumb\":{\"@id\":\"https:\/\/www.jinchunmetal.com\/product\/welding-consumables-metal-powders-aluminum-magnesium-alloy-magnesium-aluminum-powder\/#breadcrumb\"},\"inLanguage\":\"fr-FR\",\"potentialAction\":[{\"@type\":\"ReadAction\",\"target\":[\"https:\/\/www.jinchunmetal.com\/product\/welding-consumables-metal-powders-aluminum-magnesium-alloy-magnesium-aluminum-powder\/\"]}]},{\"@type\":\"ImageObject\",\"inLanguage\":\"fr-FR\",\"@id\":\"https:\/\/www.jinchunmetal.com\/product\/welding-consumables-metal-powders-aluminum-magnesium-alloy-magnesium-aluminum-powder\/#primaryimage\",\"url\":\"https:\/\/www.jinchunmetal.com\/wp-content\/uploads\/2024\/08\/\u94dd\u5305\u954d\u590d\u5408\u7c89\u65b021.jpg\",\"contentUrl\":\"https:\/\/www.jinchunmetal.com\/wp-content\/uploads\/2024\/08\/\u94dd\u5305\u954d\u590d\u5408\u7c89\u65b021.jpg\",\"width\":2000,\"height\":2000},{\"@type\":\"BreadcrumbList\",\"@id\":\"https:\/\/www.jinchunmetal.com\/product\/welding-consumables-metal-powders-aluminum-magnesium-alloy-magnesium-aluminum-powder\/#breadcrumb\",\"itemListElement\":[{\"@type\":\"ListItem\",\"position\":1,\"name\":\"\u9996\u9875\",\"item\":\"https:\/\/www.jinchunmetal.com\/\"},{\"@type\":\"ListItem\",\"position\":2,\"name\":\"Products\",\"item\":\"https:\/\/www.jinchunmetal.com\/fr_fr\/products\/\"},{\"@type\":\"ListItem\",\"position\":3,\"name\":\"Welding Consumables Metal Powders Aluminum-magnesium alloy Magnesium aluminum powder\"}]},{\"@type\":\"WebSite\",\"@id\":\"https:\/\/www.jinchunmetal.com\/#website\",\"url\":\"https:\/\/www.jinchunmetal.com\/\",\"name\":\"Chengdu Jinchun Metallic Materials Co.,Ltd.\",\"description\":\"Jinchun Metal\",\"potentialAction\":[{\"@type\":\"SearchAction\",\"target\":{\"@type\":\"EntryPoint\",\"urlTemplate\":\"https:\/\/www.jinchunmetal.com\/?s={search_term_string}\"},\"query-input\":\"required name=search_term_string\"}],\"inLanguage\":\"fr-FR\"}]}<\/script>\n<!-- \/ Yoast SEO plugin. -->","yoast_head_json":{"title":"Welding Consumables Metal Powders Aluminum-magnesium alloy Magnesium aluminum powder - Jinchun %","description":"We are a Metal Materials manufacturer in China With rich experience in Welding Consumables Metal Powders Aluminum-magnesium alloy Magnesium aluminum powder , with Competitive price and top quality.","robots":{"index":"index","follow":"follow","max-snippet":"max-snippet:-1","max-image-preview":"max-image-preview:large","max-video-preview":"max-video-preview:-1"},"canonical":"https:\/\/www.jinchunmetal.com\/fr_fr\/produit\/welding-consumables-metal-powders-aluminum-magnesium-alloy-magnesium-aluminum-powder\/","og_locale":"fr_FR","og_type":"article","og_title":"Welding Consumables Metal Powders Aluminum-magnesium alloy Magnesium aluminum powder - Jinchun %","og_description":"We are a Metal Materials manufacturer in China With rich experience in Welding Consumables Metal Powders Aluminum-magnesium alloy Magnesium aluminum powder , with Competitive price and top quality.","og_url":"https:\/\/www.jinchunmetal.com\/fr_fr\/produit\/welding-consumables-metal-powders-aluminum-magnesium-alloy-magnesium-aluminum-powder\/","og_site_name":"Chengdu Jinchun Metallic Materials Co.,Ltd.","article_modified_time":"2025-05-29T03:38:25+00:00","og_image":[{"width":2000,"height":2000,"url":"https:\/\/www.jinchunmetal.com\/wp-content\/uploads\/2024\/08\/\u94dd\u5305\u954d\u590d\u5408\u7c89\u65b021.jpg","type":"image\/jpeg"}],"twitter_card":"summary_large_image","twitter_misc":{"Dur\u00e9e de lecture estim\u00e9e":"3 minutes"},"schema":{"@context":"https:\/\/schema.org","@graph":[{"@type":"WebPage","@id":"https:\/\/www.jinchunmetal.com\/product\/welding-consumables-metal-powders-aluminum-magnesium-alloy-magnesium-aluminum-powder\/","url":"https:\/\/www.jinchunmetal.com\/product\/welding-consumables-metal-powders-aluminum-magnesium-alloy-magnesium-aluminum-powder\/","name":"Welding Consumables Metal Powders Aluminum-magnesium alloy Magnesium aluminum powder - Jinchun %","isPartOf":{"@id":"https:\/\/www.jinchunmetal.com\/#website"},"primaryImageOfPage":{"@id":"https:\/\/www.jinchunmetal.com\/product\/welding-consumables-metal-powders-aluminum-magnesium-alloy-magnesium-aluminum-powder\/#primaryimage"},"image":{"@id":"https:\/\/www.jinchunmetal.com\/product\/welding-consumables-metal-powders-aluminum-magnesium-alloy-magnesium-aluminum-powder\/#primaryimage"},"thumbnailUrl":"https:\/\/www.jinchunmetal.com\/wp-content\/uploads\/2024\/08\/\u94dd\u5305\u954d\u590d\u5408\u7c89\u65b021.jpg","datePublished":"2024-08-23T06:31:03+00:00","dateModified":"2025-05-29T03:38:25+00:00","description":"We are a Metal Materials manufacturer in China With rich experience in Welding Consumables Metal Powders Aluminum-magnesium alloy Magnesium aluminum powder , with Competitive price and top quality.","breadcrumb":{"@id":"https:\/\/www.jinchunmetal.com\/product\/welding-consumables-metal-powders-aluminum-magnesium-alloy-magnesium-aluminum-powder\/#breadcrumb"},"inLanguage":"fr-FR","potentialAction":[{"@type":"ReadAction","target":["https:\/\/www.jinchunmetal.com\/product\/welding-consumables-metal-powders-aluminum-magnesium-alloy-magnesium-aluminum-powder\/"]}]},{"@type":"ImageObject","inLanguage":"fr-FR","@id":"https:\/\/www.jinchunmetal.com\/product\/welding-consumables-metal-powders-aluminum-magnesium-alloy-magnesium-aluminum-powder\/#primaryimage","url":"https:\/\/www.jinchunmetal.com\/wp-content\/uploads\/2024\/08\/\u94dd\u5305\u954d\u590d\u5408\u7c89\u65b021.jpg","contentUrl":"https:\/\/www.jinchunmetal.com\/wp-content\/uploads\/2024\/08\/\u94dd\u5305\u954d\u590d\u5408\u7c89\u65b021.jpg","width":2000,"height":2000},{"@type":"BreadcrumbList","@id":"https:\/\/www.jinchunmetal.com\/product\/welding-consumables-metal-powders-aluminum-magnesium-alloy-magnesium-aluminum-powder\/#breadcrumb","itemListElement":[{"@type":"ListItem","position":1,"name":"\u9996\u9875","item":"https:\/\/www.jinchunmetal.com\/"},{"@type":"ListItem","position":2,"name":"Products","item":"https:\/\/www.jinchunmetal.com\/fr_fr\/products\/"},{"@type":"ListItem","position":3,"name":"Welding Consumables Metal Powders Aluminum-magnesium alloy Magnesium aluminum powder"}]},{"@type":"WebSite","@id":"https:\/\/www.jinchunmetal.com\/#website","url":"https:\/\/www.jinchunmetal.com\/","name":"Chengdu Jinchun Metallic Materials Co.,Ltd.","description":"Jinchun Metal","potentialAction":[{"@type":"SearchAction","target":{"@type":"EntryPoint","urlTemplate":"https:\/\/www.jinchunmetal.com\/?s={search_term_string}"},"query-input":"required name=search_term_string"}],"inLanguage":"fr-FR"}]}},"_links":{"self":[{"href":"https:\/\/www.jinchunmetal.com\/fr_fr\/wp-json\/wp\/v2\/product\/4121","targetHints":{"allow":["GET"]}}],"collection":[{"href":"https:\/\/www.jinchunmetal.com\/fr_fr\/wp-json\/wp\/v2\/product"}],"about":[{"href":"https:\/\/www.jinchunmetal.com\/fr_fr\/wp-json\/wp\/v2\/types\/product"}],"replies":[{"embeddable":true,"href":"https:\/\/www.jinchunmetal.com\/fr_fr\/wp-json\/wp\/v2\/comments?post=4121"}],"wp:featuredmedia":[{"embeddable":true,"href":"https:\/\/www.jinchunmetal.com\/fr_fr\/wp-json\/wp\/v2\/media\/4124"}],"wp:attachment":[{"href":"https:\/\/www.jinchunmetal.com\/fr_fr\/wp-json\/wp\/v2\/media?parent=4121"}],"wp:term":[{"taxonomy":"product_brand","embeddable":true,"href":"https:\/\/www.jinchunmetal.com\/fr_fr\/wp-json\/wp\/v2\/product_brand?post=4121"},{"taxonomy":"product_cat","embeddable":true,"href":"https:\/\/www.jinchunmetal.com\/fr_fr\/wp-json\/wp\/v2\/product_cat?post=4121"},{"taxonomy":"product_tag","embeddable":true,"href":"https:\/\/www.jinchunmetal.com\/fr_fr\/wp-json\/wp\/v2\/product_tag?post=4121"}],"curies":[{"name":"wp","href":"https:\/\/api.w.org\/{rel}","templated":true}]}}