{"id":4367,"date":"2024-09-04T14:30:35","date_gmt":"2024-09-04T06:30:35","guid":{"rendered":"https:\/\/www.jinchunmetal.com\/?post_type=product&#038;p=4367"},"modified":"2026-01-23T16:22:35","modified_gmt":"2026-01-23T08:22:35","slug":"absorbing-metal-materials-flaky-iron-silicon-aluminum-fesial-powder","status":"publish","type":"product","link":"https:\/\/www.jinchunmetal.com\/fr_fr\/produit\/absorbing-metal-materials-flaky-iron-silicon-aluminum-fesial-powder\/","title":{"rendered":"Mat\u00e9riaux m\u00e9talliques absorbants Poudre floconneuse de fer, de silicium et d'aluminium FeSiAl"},"content":{"rendered":"<p><strong>Caract\u00e8re du produit<\/strong><\/p>\n<p>Our flaky FeSiAl powder\u00a0can be mixed with various polymer materials to form raw materials, and then various electromagnetic wave absorbing components can be prepared through processes,\u00a0such as rolling, pressing, injection, and extrusion. It is widely used in mobile phones, laptops, digital cameras, and other materials\u00a0in electronic terminal devices such as wire routers.<\/p>\n<p>&nbsp;<\/p>\n<p><strong>1.Specification<\/strong><\/p>\n<p><strong>Flaky Iron Silicon Aluminum FeSiAl Powder<\/strong><\/p>\n<p>&nbsp;<\/p>\n<table style=\"height: 115px;\" width=\"999\">\n<tbody>\n<tr>\n<td colspan=\"6\" width=\"432\">Chemical\u00a0Composition<\/td>\n<\/tr>\n<tr>\n<td width=\"72\">\u00c9l\u00e9ment<\/td>\n<td width=\"72\">Value\u00a0\u00a0(%)<\/td>\n<td width=\"72\">\u00c9l\u00e9ment<\/td>\n<td width=\"72\">Value\u00a0\u00a0(%)<\/td>\n<td width=\"72\">\u00c9l\u00e9ment<\/td>\n<td width=\"72\">Value\u00a0\u00a0(%)<\/td>\n<\/tr>\n<tr>\n<td width=\"72\">Si<\/td>\n<td width=\"72\">9.5-10.0<\/td>\n<td width=\"72\">Al<\/td>\n<td width=\"72\">5.5-6.\u00a00<\/td>\n<td width=\"72\">Fe<\/td>\n<td width=\"72\">Bal<\/td>\n<\/tr>\n<\/tbody>\n<\/table>\n<p>&nbsp;<\/p>\n<p>&nbsp;<\/p>\n<table style=\"border-collapse: collapse; width: 998px; height: 319px;\" border=\"0\" width=\"720\" cellspacing=\"0\" cellpadding=\"0\">\n<tbody>\n<tr style=\"height: 17.25pt;\">\n<td class=\"et2\" style=\"height: 34.50pt; width: 54.00pt;\" rowspan=\"2\" width=\"72\" height=\"46\">\u724c\u53f7<\/td>\n<td class=\"et3\" style=\"width: 162.00pt;\" colspan=\"3\" width=\"216\">\u7c92\u5f84(um)<\/td>\n<td class=\"et3\" style=\"width: 54.00pt;\" rowspan=\"2\" width=\"72\">\u78c1\u5bfc\u7387(\u03bc)<\/td>\n<td class=\"et3\" style=\"width: 54.00pt;\" rowspan=\"2\" width=\"72\">A.D(g\/cm\u00b3)<\/td>\n<td class=\"et3\" style=\"width: 54.00pt;\" rowspan=\"2\" width=\"72\">T.D(g\/cm\u00b3)<\/td>\n<td class=\"et4\" style=\"width: 162.00pt;\" colspan=\"3\" width=\"216\">\u6210\u5206(wt%)<\/td>\n<\/tr>\n<tr style=\"height: 17.25pt;\">\n<td class=\"et5\" style=\"width: 54.00pt;\" width=\"72\">D10<\/td>\n<td class=\"et5\" style=\"width: 54.00pt;\" width=\"72\">D50<\/td>\n<td class=\"et5\" style=\"width: 54.00pt;\" width=\"72\">D90<\/td>\n<td class=\"et3\" style=\"width: 54.00pt;\" width=\"72\">Si<\/td>\n<td class=\"et3\" style=\"width: 54.00pt;\" width=\"72\">Al<\/td>\n<td class=\"et3\" style=\"width: 54.00pt;\" width=\"72\">Fe<\/td>\n<\/tr>\n<tr style=\"height: 17.25pt;\">\n<td class=\"et6\" style=\"height: 17.25pt; width: 54.00pt;\" width=\"72\" height=\"23\">JCS-120A<\/td>\n<td class=\"et7\" style=\"width: 54.00pt;\" width=\"72\">15-25<\/td>\n<td class=\"et7\" style=\"width: 54.00pt;\" width=\"72\">45-55<\/td>\n<td class=\"et7\" style=\"width: 54.00pt;\" width=\"72\">90-110<\/td>\n<td class=\"et7\" style=\"width: 54.00pt;\" width=\"72\">110-130<\/td>\n<td class=\"et7\" style=\"width: 54.00pt;\" width=\"72\">0.50-0.60<\/td>\n<td class=\"et7\" style=\"width: 54.00pt;\" width=\"72\">1.20-1.40<\/td>\n<td class=\"et8\" style=\"width: 54.00pt; border-bottom: 1.0pt solid #000000;\" rowspan=\"7\" width=\"72\">9-10<\/td>\n<td class=\"et8\" style=\"width: 54.00pt; border-bottom: 1.0pt solid #000000;\" rowspan=\"7\" width=\"72\">5-6<\/td>\n<td class=\"et7\" style=\"width: 54.00pt;\" rowspan=\"7\" width=\"72\">Bal<\/td>\n<\/tr>\n<tr style=\"height: 17.25pt;\">\n<td class=\"et6\" style=\"height: 17.25pt; width: 54.00pt;\" width=\"72\" height=\"23\">JCS-120<\/td>\n<td class=\"et7\" style=\"width: 54.00pt;\" width=\"72\">15-25<\/td>\n<td class=\"et7\" style=\"width: 54.00pt;\" width=\"72\">45-55<\/td>\n<td class=\"et7\" style=\"width: 54.00pt;\" width=\"72\">90-110<\/td>\n<td class=\"et7\" style=\"width: 54.00pt;\" width=\"72\">130-150<\/td>\n<td class=\"et7\" style=\"width: 54.00pt;\" width=\"72\">0.40-0.50<\/td>\n<td class=\"et7\" style=\"width: 54.00pt;\" width=\"72\">1.20-1.40<\/td>\n<\/tr>\n<tr style=\"height: 17.25pt;\">\n<td class=\"et6\" style=\"height: 17.25pt; width: 54.00pt;\" width=\"72\" height=\"23\">JCS-150<\/td>\n<td class=\"et7\" style=\"width: 54.00pt;\" width=\"72\">20-30<\/td>\n<td class=\"et7\" style=\"width: 54.00pt;\" width=\"72\">50-60<\/td>\n<td class=\"et7\" style=\"width: 54.00pt;\" width=\"72\">100-120<\/td>\n<td class=\"et7\" style=\"width: 54.00pt;\" width=\"72\">150-170<\/td>\n<td class=\"et7\" style=\"width: 54.00pt;\" width=\"72\">0.40-0.50<\/td>\n<td class=\"et7\" style=\"width: 54.00pt;\" width=\"72\">1.20-1.40<\/td>\n<\/tr>\n<tr style=\"height: 17.25pt;\">\n<td class=\"et6\" style=\"height: 17.25pt; width: 54.00pt;\" width=\"72\" height=\"23\">JCS-180<\/td>\n<td class=\"et7\" style=\"width: 54.00pt;\" width=\"72\">20-30<\/td>\n<td class=\"et7\" style=\"width: 54.00pt;\" width=\"72\">55-65<\/td>\n<td class=\"et7\" style=\"width: 54.00pt;\" width=\"72\">110-130<\/td>\n<td class=\"et7\" style=\"width: 54.00pt;\" width=\"72\">180-200<\/td>\n<td class=\"et7\" style=\"width: 54.00pt;\" width=\"72\">0.40-0.50<\/td>\n<td class=\"et7\" style=\"width: 54.00pt;\" width=\"72\">1.15-1.35<\/td>\n<\/tr>\n<tr style=\"height: 17.25pt;\">\n<td class=\"et6\" style=\"height: 17.25pt; width: 54.00pt;\" width=\"72\" height=\"23\">JCS-180H<\/td>\n<td class=\"et7\" style=\"width: 54.00pt;\" width=\"72\">20-30<\/td>\n<td class=\"et7\" style=\"width: 54.00pt;\" width=\"72\">55-65<\/td>\n<td class=\"et7\" style=\"width: 54.00pt;\" width=\"72\">110-130<\/td>\n<td class=\"et7\" style=\"width: 54.00pt;\" width=\"72\">200-220<\/td>\n<td class=\"et7\" style=\"width: 54.00pt;\" width=\"72\">0.40-0.50<\/td>\n<td class=\"et7\" style=\"width: 54.00pt;\" width=\"72\">1.15-1.35<\/td>\n<\/tr>\n<tr style=\"height: 17.25pt;\">\n<td class=\"et6\" style=\"height: 17.25pt; width: 54.00pt;\" width=\"72\" height=\"23\">JCS-260<\/td>\n<td class=\"et7\" style=\"width: 54.00pt;\" width=\"72\">30-40<\/td>\n<td class=\"et7\" style=\"width: 54.00pt;\" width=\"72\">70-80<\/td>\n<td class=\"et7\" style=\"width: 54.00pt;\" width=\"72\">120-150<\/td>\n<td class=\"et7\" style=\"width: 54.00pt;\" width=\"72\">230-250<\/td>\n<td class=\"et7\" style=\"width: 54.00pt;\" width=\"72\">0.35-0.45<\/td>\n<td class=\"et7\" style=\"width: 54.00pt;\" width=\"72\">1.00-1.20<\/td>\n<\/tr>\n<tr style=\"height: 17.25pt;\">\n<td class=\"et9\" style=\"height: 17.25pt;\" height=\"23\">JCS-50<\/td>\n<td class=\"et10\" style=\"width: 54.00pt;\" width=\"72\">10-15<\/td>\n<td class=\"et11\">20-30<\/td>\n<td class=\"et11\">45-55<\/td>\n<td class=\"et11\">50-70<\/td>\n<td class=\"et11\">0.85-0.95<\/td>\n<td class=\"et11\">1.60-1.90<\/td>\n<\/tr>\n<\/tbody>\n<\/table>\n<p>&nbsp;<\/p>\n<p><strong>2.Pictures of Powder SEM morphology<\/strong><\/p>\n<p><img loading=\"lazy\" decoding=\"async\" class=\"alignnone size-full wp-image-4368\" src=\"https:\/\/www.jinchunmetal.com\/wp-content\/uploads\/2024\/09\/Flaky-1.png\" alt=\"\" width=\"262\" height=\"292\" srcset=\"https:\/\/www.jinchunmetal.com\/wp-content\/uploads\/2024\/09\/Flaky-1.png 262w, https:\/\/www.jinchunmetal.com\/wp-content\/uploads\/2024\/09\/Flaky-1-11x12.png 11w\" sizes=\"auto, (max-width: 262px) 100vw, 262px\" \/><img loading=\"lazy\" decoding=\"async\" class=\"alignnone size-full wp-image-4369\" src=\"https:\/\/www.jinchunmetal.com\/wp-content\/uploads\/2024\/09\/Flaky-2.png\" alt=\"\" width=\"262\" height=\"292\" srcset=\"https:\/\/www.jinchunmetal.com\/wp-content\/uploads\/2024\/09\/Flaky-2.png 262w, https:\/\/www.jinchunmetal.com\/wp-content\/uploads\/2024\/09\/Flaky-2-11x12.png 11w\" sizes=\"auto, (max-width: 262px) 100vw, 262px\" \/><\/p>\n<p>&nbsp;<\/p>\n<p><strong>3. Product Description<\/strong><\/p>\n<p>The flaky\u00a0FeSiAl\u00a0magnetic powder product produced\u00a0by us\u00a0is a soft magnetic alloy electromagnetic wave absorption powder. The mainly\u00a0characteristics are as follows:<\/p>\n<ol>\n<li>La morphologie est plate et \u00e9cailleuse, avec des bords lisses ;<\/li>\n<li>La perm\u00e9abilit\u00e9 magn\u00e9tique ur est \u00e9lev\u00e9e, et la perm\u00e9abilit\u00e9 magn\u00e9tique maximale ur des t\u00f4les magn\u00e9tiques peut atteindre plus de 200\uff1b.<\/li>\n<li>The loose \u00a0density A.D are relatively large, making it easy for molding and processing, which is also beneficial for improving the density of finished products\uff1b<\/li>\n<li>L'intensit\u00e9 de l'induction magn\u00e9tique \u00e0 saturation Bs peut atteindre 1,1 T.<\/li>\n<\/ol>\n<p>&nbsp;<\/p>\n<p>Our flaky FeSiAl powder\u00a0can be mixed with various polymer materials to form raw materials, and then various electromagnetic wave absorbing components can be prepared through processes,\u00a0such as rolling, pressing, injection, and extrusion. It is widely used in mobile phones, laptops, digital cameras, and other materials\u00a0in electronic terminal devices such as wire routers.<\/p>\n<p>&nbsp;<\/p>\n<p>The technical standards for magnetic powder are Apparent Density and D50, the result is based on the testing report.<\/p>\n<p>&nbsp;<\/p>\n<p>Typical value of being pressed into magnetic sheets after casting.<\/p>\n<p><img loading=\"lazy\" decoding=\"async\" class=\"alignnone size-full wp-image-4370\" src=\"https:\/\/www.jinchunmetal.com\/wp-content\/uploads\/2024\/09\/Flaky-3.png\" alt=\"\" width=\"465\" height=\"330\" srcset=\"https:\/\/www.jinchunmetal.com\/wp-content\/uploads\/2024\/09\/Flaky-3.png 465w, https:\/\/www.jinchunmetal.com\/wp-content\/uploads\/2024\/09\/Flaky-3-300x213.png 300w, https:\/\/www.jinchunmetal.com\/wp-content\/uploads\/2024\/09\/Flaky-3-18x12.png 18w\" sizes=\"auto, (max-width: 465px) 100vw, 465px\" \/><\/p>\n<p>&nbsp;<\/p>\n<p><strong>4.Application<\/strong><\/p>\n<p>It is widely used in mobile phones, laptops, digital cameras, and other materials\u00a0in electronic terminal devices such as wire routers.<\/p>\n<p><img loading=\"lazy\" decoding=\"async\" class=\"alignnone wp-image-4371\" src=\"https:\/\/www.jinchunmetal.com\/wp-content\/uploads\/2024\/09\/Cemara1.jpg\" alt=\"\" width=\"330\" height=\"220\" srcset=\"https:\/\/www.jinchunmetal.com\/wp-content\/uploads\/2024\/09\/Cemara1.jpg 2500w, https:\/\/www.jinchunmetal.com\/wp-content\/uploads\/2024\/09\/Cemara1-300x200.jpg 300w, https:\/\/www.jinchunmetal.com\/wp-content\/uploads\/2024\/09\/Cemara1-1024x682.jpg 1024w, https:\/\/www.jinchunmetal.com\/wp-content\/uploads\/2024\/09\/Cemara1-768x512.jpg 768w, https:\/\/www.jinchunmetal.com\/wp-content\/uploads\/2024\/09\/Cemara1-1536x1024.jpg 1536w, https:\/\/www.jinchunmetal.com\/wp-content\/uploads\/2024\/09\/Cemara1-2048x1365.jpg 2048w, https:\/\/www.jinchunmetal.com\/wp-content\/uploads\/2024\/09\/Cemara1-18x12.jpg 18w, https:\/\/www.jinchunmetal.com\/wp-content\/uploads\/2024\/09\/Cemara1-800x533.jpg 800w\" sizes=\"auto, (max-width: 330px) 100vw, 330px\" \/> <img loading=\"lazy\" decoding=\"async\" class=\"alignnone wp-image-4372\" src=\"https:\/\/www.jinchunmetal.com\/wp-content\/uploads\/2024\/09\/Laptop1.jpg\" alt=\"\" width=\"227\" height=\"227\" srcset=\"https:\/\/www.jinchunmetal.com\/wp-content\/uploads\/2024\/09\/Laptop1.jpg 2000w, https:\/\/www.jinchunmetal.com\/wp-content\/uploads\/2024\/09\/Laptop1-300x300.jpg 300w, https:\/\/www.jinchunmetal.com\/wp-content\/uploads\/2024\/09\/Laptop1-1024x1024.jpg 1024w, https:\/\/www.jinchunmetal.com\/wp-content\/uploads\/2024\/09\/Laptop1-150x150.jpg 150w, https:\/\/www.jinchunmetal.com\/wp-content\/uploads\/2024\/09\/Laptop1-768x768.jpg 768w, https:\/\/www.jinchunmetal.com\/wp-content\/uploads\/2024\/09\/Laptop1-1536x1536.jpg 1536w, https:\/\/www.jinchunmetal.com\/wp-content\/uploads\/2024\/09\/Laptop1-12x12.jpg 12w, https:\/\/www.jinchunmetal.com\/wp-content\/uploads\/2024\/09\/Laptop1-75x75.jpg 75w, https:\/\/www.jinchunmetal.com\/wp-content\/uploads\/2024\/09\/Laptop1-800x800.jpg 800w, https:\/\/www.jinchunmetal.com\/wp-content\/uploads\/2024\/09\/Laptop1-100x100.jpg 100w\" sizes=\"auto, (max-width: 227px) 100vw, 227px\" \/> <img loading=\"lazy\" decoding=\"async\" class=\"alignnone wp-image-4373\" src=\"https:\/\/www.jinchunmetal.com\/wp-content\/uploads\/2024\/09\/Phone1.jpg\" alt=\"\" width=\"148\" height=\"211\" srcset=\"https:\/\/www.jinchunmetal.com\/wp-content\/uploads\/2024\/09\/Phone1.jpg 1750w, https:\/\/www.jinchunmetal.com\/wp-content\/uploads\/2024\/09\/Phone1-210x300.jpg 210w, https:\/\/www.jinchunmetal.com\/wp-content\/uploads\/2024\/09\/Phone1-717x1024.jpg 717w, https:\/\/www.jinchunmetal.com\/wp-content\/uploads\/2024\/09\/Phone1-768x1097.jpg 768w, https:\/\/www.jinchunmetal.com\/wp-content\/uploads\/2024\/09\/Phone1-1075x1536.jpg 1075w, https:\/\/www.jinchunmetal.com\/wp-content\/uploads\/2024\/09\/Phone1-1434x2048.jpg 1434w, https:\/\/www.jinchunmetal.com\/wp-content\/uploads\/2024\/09\/Phone1-8x12.jpg 8w, https:\/\/www.jinchunmetal.com\/wp-content\/uploads\/2024\/09\/Phone1-800x1143.jpg 800w\" sizes=\"auto, (max-width: 148px) 100vw, 148px\" \/> <img loading=\"lazy\" decoding=\"async\" class=\"alignnone wp-image-4374\" src=\"https:\/\/www.jinchunmetal.com\/wp-content\/uploads\/2024\/09\/wireless-router.jpeg\" alt=\"\" width=\"232\" height=\"242\" srcset=\"https:\/\/www.jinchunmetal.com\/wp-content\/uploads\/2024\/09\/wireless-router.jpeg 1764w, https:\/\/www.jinchunmetal.com\/wp-content\/uploads\/2024\/09\/wireless-router-288x300.jpeg 288w, https:\/\/www.jinchunmetal.com\/wp-content\/uploads\/2024\/09\/wireless-router-982x1024.jpeg 982w, https:\/\/www.jinchunmetal.com\/wp-content\/uploads\/2024\/09\/wireless-router-768x801.jpeg 768w, https:\/\/www.jinchunmetal.com\/wp-content\/uploads\/2024\/09\/wireless-router-1473x1536.jpeg 1473w, https:\/\/www.jinchunmetal.com\/wp-content\/uploads\/2024\/09\/wireless-router-12x12.jpeg 12w, https:\/\/www.jinchunmetal.com\/wp-content\/uploads\/2024\/09\/wireless-router-800x834.jpeg 800w\" sizes=\"auto, (max-width: 232px) 100vw, 232px\" \/><\/p>\n<p>&nbsp;<\/p>","protected":false},"excerpt":{"rendered":"<p>Caract\u00e9ristiques du produit\uff1a<\/p>\n<p>Our flaky FeSiAl powder\u00a0can be mixed with various polymer materials to form raw materials, and then various electromagnetic wave absorbing components can be prepared through processes,\u00a0such as rolling, pressing, injection, and extrusion. It is widely used in mobile phones, laptops, digital cameras, and other materials\u00a0in electronic terminal devices such as wire routers.<\/p>\n<table>\n<tbody>\n<tr>\n<td>Nom de la marque<\/td>\n<td>Jinchun<\/td>\n<\/tr>\n<tr>\n<td>Origine<\/td>\n<td>Chine<\/td>\n<\/tr>\n<tr>\n<td>Nom du produit<\/td>\n<td>Flaky iron silicon aluminum FeSiAl powder<\/td>\n<\/tr>\n<tr>\n<td>Application<\/td>\n<td>Electronic terminal devices<\/td>\n<\/tr>\n<tr>\n<td>Forme<\/td>\n<td>Poudre<\/td>\n<\/tr>\n<tr>\n<td>Couleur<\/td>\n<td>M\u00e9tal noir<\/td>\n<\/tr>\n<tr>\n<td>Taille<\/td>\n<td>D50: 20-30um, 40-50um, 45-55um, 50-65um, 60-75um, 70-85um, etc.<\/td>\n<\/tr>\n<tr>\n<td>Standard<\/td>\n<td>GB\/T 19001-2016\/ISO9001 : 2015<\/td>\n<\/tr>\n<tr>\n<td>La puret\u00e9<\/td>\n<td>\u00a0Si: 9.4-10.0%, Al: 5.5-6.1%, Fe; Bal.<\/td>\n<\/tr>\n<tr>\n<td>Mat\u00e9riau<\/td>\n<td>Fe Si Al<\/td>\n<\/tr>\n<tr>\n<td>Emballage<\/td>\n<td>Tambours d'acier<\/td>\n<\/tr>\n<\/tbody>\n<\/table>","protected":false},"featured_media":3532,"comment_status":"open","ping_status":"closed","template":"","meta":{"_acf_changed":false},"product_brand":[],"product_cat":[58],"product_tag":[],"class_list":{"0":"post-4367","1":"product","2":"type-product","3":"status-publish","4":"has-post-thumbnail","6":"product_cat-absorbing-metal-materials","8":"first","9":"instock","10":"shipping-taxable","11":"product-type-simple"},"acf":[],"yoast_head":"<!-- This site is optimized with the Yoast SEO plugin v23.2 - https:\/\/yoast.com\/wordpress\/plugins\/seo\/ -->\n<title>Absorbing Metal Materials Flaky Iron Silicon Aluminum FeSiAl Powder - Jinchun %<\/title>\n<meta name=\"description\" content=\"We are a Metal Materials manufacturer in China With rich experience in Absorbing Metal Materials Flaky Iron Silicon Aluminum FeSiAl Powder , with Competitive price and top quality.\" \/>\n<meta name=\"robots\" content=\"index, follow, max-snippet:-1, max-image-preview:large, max-video-preview:-1\" \/>\n<link rel=\"canonical\" href=\"https:\/\/www.jinchunmetal.com\/fr_fr\/produit\/absorbing-metal-materials-flaky-iron-silicon-aluminum-fesial-powder\/\" \/>\n<meta property=\"og:locale\" content=\"fr_FR\" \/>\n<meta property=\"og:type\" content=\"article\" \/>\n<meta property=\"og:title\" content=\"Absorbing Metal Materials Flaky Iron Silicon Aluminum FeSiAl Powder - Jinchun %\" \/>\n<meta property=\"og:description\" content=\"We are a Metal Materials manufacturer in China With rich experience in Absorbing Metal Materials Flaky Iron Silicon Aluminum FeSiAl Powder , with Competitive price and top quality.\" \/>\n<meta property=\"og:url\" content=\"https:\/\/www.jinchunmetal.com\/fr_fr\/produit\/absorbing-metal-materials-flaky-iron-silicon-aluminum-fesial-powder\/\" \/>\n<meta property=\"og:site_name\" content=\"Chengdu Jinchun Metallic Materials Co.,Ltd.\" \/>\n<meta property=\"article:modified_time\" content=\"2026-01-23T08:22:35+00:00\" \/>\n<meta property=\"og:image\" content=\"https:\/\/www.jinchunmetal.com\/wp-content\/uploads\/2024\/08\/flaky.jpg\" \/>\n\t<meta property=\"og:image:width\" content=\"1024\" \/>\n\t<meta property=\"og:image:height\" content=\"1144\" \/>\n\t<meta property=\"og:image:type\" content=\"image\/jpeg\" \/>\n<meta name=\"twitter:card\" content=\"summary_large_image\" \/>\n<meta name=\"twitter:label1\" content=\"Dur\u00e9e de lecture estim\u00e9e\" \/>\n\t<meta name=\"twitter:data1\" content=\"4 minutes\" \/>\n<script type=\"application\/ld+json\" class=\"yoast-schema-graph\">{\"@context\":\"https:\/\/schema.org\",\"@graph\":[{\"@type\":\"WebPage\",\"@id\":\"https:\/\/www.jinchunmetal.com\/product\/absorbing-metal-materials-flaky-iron-silicon-aluminum-fesial-powder\/\",\"url\":\"https:\/\/www.jinchunmetal.com\/product\/absorbing-metal-materials-flaky-iron-silicon-aluminum-fesial-powder\/\",\"name\":\"Absorbing Metal Materials Flaky Iron Silicon Aluminum FeSiAl Powder - Jinchun %\",\"isPartOf\":{\"@id\":\"https:\/\/www.jinchunmetal.com\/#website\"},\"primaryImageOfPage\":{\"@id\":\"https:\/\/www.jinchunmetal.com\/product\/absorbing-metal-materials-flaky-iron-silicon-aluminum-fesial-powder\/#primaryimage\"},\"image\":{\"@id\":\"https:\/\/www.jinchunmetal.com\/product\/absorbing-metal-materials-flaky-iron-silicon-aluminum-fesial-powder\/#primaryimage\"},\"thumbnailUrl\":\"https:\/\/www.jinchunmetal.com\/wp-content\/uploads\/2024\/08\/flaky.jpg\",\"datePublished\":\"2024-09-04T06:30:35+00:00\",\"dateModified\":\"2026-01-23T08:22:35+00:00\",\"description\":\"We are a Metal Materials manufacturer in China With rich experience in Absorbing Metal Materials Flaky Iron Silicon Aluminum FeSiAl Powder , with Competitive price and top quality.\",\"breadcrumb\":{\"@id\":\"https:\/\/www.jinchunmetal.com\/product\/absorbing-metal-materials-flaky-iron-silicon-aluminum-fesial-powder\/#breadcrumb\"},\"inLanguage\":\"fr-FR\",\"potentialAction\":[{\"@type\":\"ReadAction\",\"target\":[\"https:\/\/www.jinchunmetal.com\/product\/absorbing-metal-materials-flaky-iron-silicon-aluminum-fesial-powder\/\"]}]},{\"@type\":\"ImageObject\",\"inLanguage\":\"fr-FR\",\"@id\":\"https:\/\/www.jinchunmetal.com\/product\/absorbing-metal-materials-flaky-iron-silicon-aluminum-fesial-powder\/#primaryimage\",\"url\":\"https:\/\/www.jinchunmetal.com\/wp-content\/uploads\/2024\/08\/flaky.jpg\",\"contentUrl\":\"https:\/\/www.jinchunmetal.com\/wp-content\/uploads\/2024\/08\/flaky.jpg\",\"width\":1024,\"height\":1144},{\"@type\":\"BreadcrumbList\",\"@id\":\"https:\/\/www.jinchunmetal.com\/product\/absorbing-metal-materials-flaky-iron-silicon-aluminum-fesial-powder\/#breadcrumb\",\"itemListElement\":[{\"@type\":\"ListItem\",\"position\":1,\"name\":\"\u9996\u9875\",\"item\":\"https:\/\/www.jinchunmetal.com\/\"},{\"@type\":\"ListItem\",\"position\":2,\"name\":\"Products\",\"item\":\"https:\/\/www.jinchunmetal.com\/fr_fr\/products\/\"},{\"@type\":\"ListItem\",\"position\":3,\"name\":\"Absorbing Metal Materials Flaky Iron Silicon Aluminum FeSiAl Powder\"}]},{\"@type\":\"WebSite\",\"@id\":\"https:\/\/www.jinchunmetal.com\/#website\",\"url\":\"https:\/\/www.jinchunmetal.com\/\",\"name\":\"Chengdu Jinchun Metallic Materials Co.,Ltd.\",\"description\":\"Jinchun Metal\",\"potentialAction\":[{\"@type\":\"SearchAction\",\"target\":{\"@type\":\"EntryPoint\",\"urlTemplate\":\"https:\/\/www.jinchunmetal.com\/?s={search_term_string}\"},\"query-input\":\"required name=search_term_string\"}],\"inLanguage\":\"fr-FR\"}]}<\/script>\n<!-- \/ Yoast SEO plugin. -->","yoast_head_json":{"title":"Absorbing Metal Materials Flaky Iron Silicon Aluminum FeSiAl Powder - Jinchun %","description":"We are a Metal Materials manufacturer in China With rich experience in Absorbing Metal Materials Flaky Iron Silicon Aluminum FeSiAl Powder , with Competitive price and top quality.","robots":{"index":"index","follow":"follow","max-snippet":"max-snippet:-1","max-image-preview":"max-image-preview:large","max-video-preview":"max-video-preview:-1"},"canonical":"https:\/\/www.jinchunmetal.com\/fr_fr\/produit\/absorbing-metal-materials-flaky-iron-silicon-aluminum-fesial-powder\/","og_locale":"fr_FR","og_type":"article","og_title":"Absorbing Metal Materials Flaky Iron Silicon Aluminum FeSiAl Powder - Jinchun %","og_description":"We are a Metal Materials manufacturer in China With rich experience in Absorbing Metal Materials Flaky Iron Silicon Aluminum FeSiAl Powder , with Competitive price and top quality.","og_url":"https:\/\/www.jinchunmetal.com\/fr_fr\/produit\/absorbing-metal-materials-flaky-iron-silicon-aluminum-fesial-powder\/","og_site_name":"Chengdu Jinchun Metallic Materials Co.,Ltd.","article_modified_time":"2026-01-23T08:22:35+00:00","og_image":[{"width":1024,"height":1144,"url":"https:\/\/www.jinchunmetal.com\/wp-content\/uploads\/2024\/08\/flaky.jpg","type":"image\/jpeg"}],"twitter_card":"summary_large_image","twitter_misc":{"Dur\u00e9e de lecture estim\u00e9e":"4 minutes"},"schema":{"@context":"https:\/\/schema.org","@graph":[{"@type":"WebPage","@id":"https:\/\/www.jinchunmetal.com\/product\/absorbing-metal-materials-flaky-iron-silicon-aluminum-fesial-powder\/","url":"https:\/\/www.jinchunmetal.com\/product\/absorbing-metal-materials-flaky-iron-silicon-aluminum-fesial-powder\/","name":"Absorbing Metal Materials Flaky Iron Silicon Aluminum FeSiAl Powder - Jinchun %","isPartOf":{"@id":"https:\/\/www.jinchunmetal.com\/#website"},"primaryImageOfPage":{"@id":"https:\/\/www.jinchunmetal.com\/product\/absorbing-metal-materials-flaky-iron-silicon-aluminum-fesial-powder\/#primaryimage"},"image":{"@id":"https:\/\/www.jinchunmetal.com\/product\/absorbing-metal-materials-flaky-iron-silicon-aluminum-fesial-powder\/#primaryimage"},"thumbnailUrl":"https:\/\/www.jinchunmetal.com\/wp-content\/uploads\/2024\/08\/flaky.jpg","datePublished":"2024-09-04T06:30:35+00:00","dateModified":"2026-01-23T08:22:35+00:00","description":"We are a Metal Materials manufacturer in China With rich experience in Absorbing Metal Materials Flaky Iron Silicon Aluminum FeSiAl Powder , with Competitive price and top quality.","breadcrumb":{"@id":"https:\/\/www.jinchunmetal.com\/product\/absorbing-metal-materials-flaky-iron-silicon-aluminum-fesial-powder\/#breadcrumb"},"inLanguage":"fr-FR","potentialAction":[{"@type":"ReadAction","target":["https:\/\/www.jinchunmetal.com\/product\/absorbing-metal-materials-flaky-iron-silicon-aluminum-fesial-powder\/"]}]},{"@type":"ImageObject","inLanguage":"fr-FR","@id":"https:\/\/www.jinchunmetal.com\/product\/absorbing-metal-materials-flaky-iron-silicon-aluminum-fesial-powder\/#primaryimage","url":"https:\/\/www.jinchunmetal.com\/wp-content\/uploads\/2024\/08\/flaky.jpg","contentUrl":"https:\/\/www.jinchunmetal.com\/wp-content\/uploads\/2024\/08\/flaky.jpg","width":1024,"height":1144},{"@type":"BreadcrumbList","@id":"https:\/\/www.jinchunmetal.com\/product\/absorbing-metal-materials-flaky-iron-silicon-aluminum-fesial-powder\/#breadcrumb","itemListElement":[{"@type":"ListItem","position":1,"name":"\u9996\u9875","item":"https:\/\/www.jinchunmetal.com\/"},{"@type":"ListItem","position":2,"name":"Products","item":"https:\/\/www.jinchunmetal.com\/fr_fr\/products\/"},{"@type":"ListItem","position":3,"name":"Absorbing Metal Materials Flaky Iron Silicon Aluminum FeSiAl Powder"}]},{"@type":"WebSite","@id":"https:\/\/www.jinchunmetal.com\/#website","url":"https:\/\/www.jinchunmetal.com\/","name":"Chengdu Jinchun Metallic Materials Co.,Ltd.","description":"Jinchun Metal","potentialAction":[{"@type":"SearchAction","target":{"@type":"EntryPoint","urlTemplate":"https:\/\/www.jinchunmetal.com\/?s={search_term_string}"},"query-input":"required name=search_term_string"}],"inLanguage":"fr-FR"}]}},"_links":{"self":[{"href":"https:\/\/www.jinchunmetal.com\/fr_fr\/wp-json\/wp\/v2\/product\/4367","targetHints":{"allow":["GET"]}}],"collection":[{"href":"https:\/\/www.jinchunmetal.com\/fr_fr\/wp-json\/wp\/v2\/product"}],"about":[{"href":"https:\/\/www.jinchunmetal.com\/fr_fr\/wp-json\/wp\/v2\/types\/product"}],"replies":[{"embeddable":true,"href":"https:\/\/www.jinchunmetal.com\/fr_fr\/wp-json\/wp\/v2\/comments?post=4367"}],"wp:featuredmedia":[{"embeddable":true,"href":"https:\/\/www.jinchunmetal.com\/fr_fr\/wp-json\/wp\/v2\/media\/3532"}],"wp:attachment":[{"href":"https:\/\/www.jinchunmetal.com\/fr_fr\/wp-json\/wp\/v2\/media?parent=4367"}],"wp:term":[{"taxonomy":"product_brand","embeddable":true,"href":"https:\/\/www.jinchunmetal.com\/fr_fr\/wp-json\/wp\/v2\/product_brand?post=4367"},{"taxonomy":"product_cat","embeddable":true,"href":"https:\/\/www.jinchunmetal.com\/fr_fr\/wp-json\/wp\/v2\/product_cat?post=4367"},{"taxonomy":"product_tag","embeddable":true,"href":"https:\/\/www.jinchunmetal.com\/fr_fr\/wp-json\/wp\/v2\/product_tag?post=4367"}],"curies":[{"name":"wp","href":"https:\/\/api.w.org\/{rel}","templated":true}]}}