{"id":4427,"date":"2024-09-06T14:13:13","date_gmt":"2024-09-06T06:13:13","guid":{"rendered":"https:\/\/www.jinchunmetal.com\/?post_type=product&#038;p=4427"},"modified":"2025-05-29T10:56:16","modified_gmt":"2025-05-29T02:56:16","slug":"powder-metallurgy-and-diamond-tools-metal-materials-atomized-nickel-powder","status":"publish","type":"product","link":"https:\/\/www.jinchunmetal.com\/fr_fr\/produit\/powder-metallurgy-and-diamond-tools-metal-materials-atomized-nickel-powder\/","title":{"rendered":"M\u00e9tallurgie des poudres et outils diamant\u00e9s Mat\u00e9riaux m\u00e9talliques Poudre de nickel atomis\u00e9e"},"content":{"rendered":"<p><strong>Caract\u00e8re du produit<\/strong><\/p>\n<p>Notre poudre de nickel atomis\u00e9e est produite par un processus d'atomisation \u00e0 l'eau \u00e0 partir d'une plaque de nickel. La puret\u00e9 n'est pas inf\u00e9rieure \u00e0 99,5%.<\/p>\n<p>&nbsp;<\/p>\n<p><strong>2. cahier des charges<\/strong><\/p>\n<p>Poudre de nickel atomis\u00e9e<\/p>\n<table style=\"border-collapse: collapse; width: 1192px; height: 75px;\" border=\"0\" width=\"1226\" cellspacing=\"0\" cellpadding=\"0\">\n<tbody>\n<tr style=\"height: 17.25pt;\">\n<td class=\"et4\" style=\"height: 17.25pt; width: 113.25pt;\" width=\"151\" height=\"23\">Nom\/ Type<\/td>\n<td class=\"et4\" style=\"width: 86.25pt;\" width=\"115\">\u00c9l\u00e9ment<\/td>\n<td class=\"et5\" style=\"width: 77.25pt;\" width=\"103\">Ni<\/td>\n<td class=\"et5\" style=\"width: 77.25pt;\" width=\"103\">Si<\/td>\n<td class=\"et5\" style=\"width: 77.25pt;\" width=\"103\">Cu<\/td>\n<td class=\"et5\" style=\"width: 77.25pt;\" width=\"103\">Fe<\/td>\n<td class=\"et5\" style=\"width: 77.25pt;\" width=\"103\">S<\/td>\n<td class=\"et5\" style=\"width: 77.25pt;\" width=\"103\">P<\/td>\n<td class=\"et5\" style=\"width: 124.50pt;\" width=\"166\">O<\/td>\n<td class=\"et5\" style=\"width: 66.00pt;\" width=\"88\">C<\/td>\n<td class=\"et5\" style=\"width: 66.00pt;\" width=\"88\">Zn<\/td>\n<\/tr>\n<tr style=\"height: 17.25pt;\">\n<td class=\"et6\" style=\"height: 17.25pt;\" height=\"23\">Poudre de nickel atomis\u00e9e<\/td>\n<td class=\"et4\">R\u00e9sultat\uff08%\uff09<\/td>\n<td class=\"et5\" style=\"width: 77.25pt;\" width=\"103\">\u226599.50<\/td>\n<td class=\"et5\" style=\"width: 77.25pt;\" width=\"103\">0.022<\/td>\n<td class=\"et5\" style=\"width: 77.25pt;\" width=\"103\">0.045<\/td>\n<td class=\"et5\" style=\"width: 77.25pt;\" width=\"103\">0.073<\/td>\n<td class=\"et5\" style=\"width: 77.25pt;\" width=\"103\">0.004<\/td>\n<td class=\"et5\" style=\"width: 77.25pt;\" width=\"103\">0.003<\/td>\n<td class=\"et5\" style=\"width: 124.50pt;\" width=\"166\">0.093<\/td>\n<td class=\"et5\" style=\"width: 66.00pt;\" width=\"88\">0.015<\/td>\n<td class=\"et5\" style=\"width: 66.00pt;\" width=\"88\">0.0023<\/td>\n<\/tr>\n<\/tbody>\n<\/table>\n<p>&nbsp;<\/p>\n<p><strong>3.Images des mati\u00e8res premi\u00e8res et de la production<\/strong><\/p>\n<p>Images des mati\u00e8res premi\u00e8res :<\/p>\n<p><img loading=\"lazy\" decoding=\"async\" class=\"alignnone wp-image-4424\" src=\"https:\/\/www.jinchunmetal.com\/wp-content\/uploads\/2024\/09\/Nickel-plate.jpeg\" alt=\"\" width=\"419\" height=\"419\" srcset=\"https:\/\/www.jinchunmetal.com\/wp-content\/uploads\/2024\/09\/Nickel-plate.jpeg 1840w, https:\/\/www.jinchunmetal.com\/wp-content\/uploads\/2024\/09\/Nickel-plate-300x300.jpeg 300w, https:\/\/www.jinchunmetal.com\/wp-content\/uploads\/2024\/09\/Nickel-plate-1024x1024.jpeg 1024w, https:\/\/www.jinchunmetal.com\/wp-content\/uploads\/2024\/09\/Nickel-plate-150x150.jpeg 150w, https:\/\/www.jinchunmetal.com\/wp-content\/uploads\/2024\/09\/Nickel-plate-768x768.jpeg 768w, https:\/\/www.jinchunmetal.com\/wp-content\/uploads\/2024\/09\/Nickel-plate-1536x1536.jpeg 1536w, https:\/\/www.jinchunmetal.com\/wp-content\/uploads\/2024\/09\/Nickel-plate-12x12.jpeg 12w, https:\/\/www.jinchunmetal.com\/wp-content\/uploads\/2024\/09\/Nickel-plate-75x75.jpeg 75w, https:\/\/www.jinchunmetal.com\/wp-content\/uploads\/2024\/09\/Nickel-plate-800x800.jpeg 800w, https:\/\/www.jinchunmetal.com\/wp-content\/uploads\/2024\/09\/Nickel-plate-100x100.jpeg 100w\" sizes=\"auto, (max-width: 419px) 100vw, 419px\" \/><\/p>\n<p>&nbsp;<\/p>\n<p>Photos de la production :<\/p>\n<p><img loading=\"lazy\" decoding=\"async\" class=\"alignnone wp-image-3470\" src=\"http:\/\/www.jinchunmetal.com\/wp-content\/uploads\/2024\/08\/water-atomization-300x200.jpg\" alt=\"\" width=\"446\" height=\"297\" srcset=\"https:\/\/www.jinchunmetal.com\/wp-content\/uploads\/2024\/08\/water-atomization-300x200.jpg 300w, https:\/\/www.jinchunmetal.com\/wp-content\/uploads\/2024\/08\/water-atomization-1024x683.jpg 1024w, https:\/\/www.jinchunmetal.com\/wp-content\/uploads\/2024\/08\/water-atomization-768x512.jpg 768w, https:\/\/www.jinchunmetal.com\/wp-content\/uploads\/2024\/08\/water-atomization-1536x1024.jpg 1536w, https:\/\/www.jinchunmetal.com\/wp-content\/uploads\/2024\/08\/water-atomization-2048x1365.jpg 2048w, https:\/\/www.jinchunmetal.com\/wp-content\/uploads\/2024\/08\/water-atomization-18x12.jpg 18w, https:\/\/www.jinchunmetal.com\/wp-content\/uploads\/2024\/08\/water-atomization-800x533.jpg 800w\" sizes=\"auto, (max-width: 446px) 100vw, 446px\" \/> <img loading=\"lazy\" decoding=\"async\" class=\"alignnone wp-image-4051\" src=\"https:\/\/www.jinchunmetal.com\/wp-content\/uploads\/2024\/08\/water-atomization-.jpg\" alt=\"\" width=\"398\" height=\"299\" srcset=\"https:\/\/www.jinchunmetal.com\/wp-content\/uploads\/2024\/08\/water-atomization-.jpg 800w, https:\/\/www.jinchunmetal.com\/wp-content\/uploads\/2024\/08\/water-atomization--300x225.jpg 300w, https:\/\/www.jinchunmetal.com\/wp-content\/uploads\/2024\/08\/water-atomization--768x576.jpg 768w, https:\/\/www.jinchunmetal.com\/wp-content\/uploads\/2024\/08\/water-atomization--16x12.jpg 16w\" sizes=\"auto, (max-width: 398px) 100vw, 398px\" \/><\/p>\n<p><img loading=\"lazy\" decoding=\"async\" class=\"alignnone wp-image-3524\" src=\"https:\/\/www.jinchunmetal.com\/wp-content\/uploads\/2024\/08\/Airflow-mill-1-scaled.jpg\" alt=\"\" width=\"844\" height=\"475\" srcset=\"https:\/\/www.jinchunmetal.com\/wp-content\/uploads\/2024\/08\/Airflow-mill-1-scaled.jpg 2560w, https:\/\/www.jinchunmetal.com\/wp-content\/uploads\/2024\/08\/Airflow-mill-1-300x169.jpg 300w, https:\/\/www.jinchunmetal.com\/wp-content\/uploads\/2024\/08\/Airflow-mill-1-1024x576.jpg 1024w, https:\/\/www.jinchunmetal.com\/wp-content\/uploads\/2024\/08\/Airflow-mill-1-768x432.jpg 768w, https:\/\/www.jinchunmetal.com\/wp-content\/uploads\/2024\/08\/Airflow-mill-1-1536x864.jpg 1536w, https:\/\/www.jinchunmetal.com\/wp-content\/uploads\/2024\/08\/Airflow-mill-1-2048x1152.jpg 2048w, https:\/\/www.jinchunmetal.com\/wp-content\/uploads\/2024\/08\/Airflow-mill-1-18x10.jpg 18w, https:\/\/www.jinchunmetal.com\/wp-content\/uploads\/2024\/08\/Airflow-mill-1-800x450.jpg 800w\" sizes=\"auto, (max-width: 844px) 100vw, 844px\" \/><\/p>\n<p>&nbsp;<\/p>\n<p><strong>4.Application<\/strong><\/p>\n<div data-slate-node=\"element\">La poudre de nickel atomis\u00e9 a un large \u00e9ventail d'applications dans les baguettes de soudage sp\u00e9ciales, la pulv\u00e9risation de surface et les pi\u00e8ces issues de la m\u00e9tallurgie des poudres. En raison de sa grande porosit\u00e9 et de sa forme irr\u00e9guli\u00e8re, la poudre atomis\u00e9e est principalement utilis\u00e9e dans les alliages \u00e0 haute densit\u00e9, les outils de forage au diamant et la pulv\u00e9risation de surface.<\/div>\n<div data-slate-node=\"element\"><img loading=\"lazy\" decoding=\"async\" class=\"alignnone wp-image-3223\" src=\"https:\/\/www.jinchunmetal.com\/wp-content\/uploads\/2024\/07\/\u8010\u78e8\u710a\u6761-scaled.jpeg\" alt=\"\" width=\"270\" height=\"270\" srcset=\"https:\/\/www.jinchunmetal.com\/wp-content\/uploads\/2024\/07\/\u8010\u78e8\u710a\u6761-scaled.jpeg 2560w, https:\/\/www.jinchunmetal.com\/wp-content\/uploads\/2024\/07\/\u8010\u78e8\u710a\u6761-300x300.jpeg 300w, https:\/\/www.jinchunmetal.com\/wp-content\/uploads\/2024\/07\/\u8010\u78e8\u710a\u6761-1024x1024.jpeg 1024w, https:\/\/www.jinchunmetal.com\/wp-content\/uploads\/2024\/07\/\u8010\u78e8\u710a\u6761-150x150.jpeg 150w, https:\/\/www.jinchunmetal.com\/wp-content\/uploads\/2024\/07\/\u8010\u78e8\u710a\u6761-768x768.jpeg 768w, https:\/\/www.jinchunmetal.com\/wp-content\/uploads\/2024\/07\/\u8010\u78e8\u710a\u6761-1536x1536.jpeg 1536w, https:\/\/www.jinchunmetal.com\/wp-content\/uploads\/2024\/07\/\u8010\u78e8\u710a\u6761-2048x2048.jpeg 2048w, https:\/\/www.jinchunmetal.com\/wp-content\/uploads\/2024\/07\/\u8010\u78e8\u710a\u6761-12x12.jpeg 12w, https:\/\/www.jinchunmetal.com\/wp-content\/uploads\/2024\/07\/\u8010\u78e8\u710a\u6761-75x75.jpeg 75w, https:\/\/www.jinchunmetal.com\/wp-content\/uploads\/2024\/07\/\u8010\u78e8\u710a\u6761-800x800.jpeg 800w, https:\/\/www.jinchunmetal.com\/wp-content\/uploads\/2024\/07\/\u8010\u78e8\u710a\u6761-100x100.jpeg 100w\" sizes=\"auto, (max-width: 270px) 100vw, 270px\" \/><img loading=\"lazy\" decoding=\"async\" class=\"alignnone wp-image-3222\" src=\"https:\/\/www.jinchunmetal.com\/wp-content\/uploads\/2024\/07\/\u8010\u78e8\u5806\u710a\u836f\u82af\u710a\u4e1d-flux-cored-welding-wires.jpeg\" alt=\"\" width=\"369\" height=\"245\" srcset=\"https:\/\/www.jinchunmetal.com\/wp-content\/uploads\/2024\/07\/\u8010\u78e8\u5806\u710a\u836f\u82af\u710a\u4e1d-flux-cored-welding-wires.jpeg 2512w, https:\/\/www.jinchunmetal.com\/wp-content\/uploads\/2024\/07\/\u8010\u78e8\u5806\u710a\u836f\u82af\u710a\u4e1d-flux-cored-welding-wires-300x200.jpeg 300w, https:\/\/www.jinchunmetal.com\/wp-content\/uploads\/2024\/07\/\u8010\u78e8\u5806\u710a\u836f\u82af\u710a\u4e1d-flux-cored-welding-wires-1024x682.jpeg 1024w, https:\/\/www.jinchunmetal.com\/wp-content\/uploads\/2024\/07\/\u8010\u78e8\u5806\u710a\u836f\u82af\u710a\u4e1d-flux-cored-welding-wires-768x511.jpeg 768w, https:\/\/www.jinchunmetal.com\/wp-content\/uploads\/2024\/07\/\u8010\u78e8\u5806\u710a\u836f\u82af\u710a\u4e1d-flux-cored-welding-wires-1536x1022.jpeg 1536w, https:\/\/www.jinchunmetal.com\/wp-content\/uploads\/2024\/07\/\u8010\u78e8\u5806\u710a\u836f\u82af\u710a\u4e1d-flux-cored-welding-wires-2048x1363.jpeg 2048w, https:\/\/www.jinchunmetal.com\/wp-content\/uploads\/2024\/07\/\u8010\u78e8\u5806\u710a\u836f\u82af\u710a\u4e1d-flux-cored-welding-wires-18x12.jpeg 18w, https:\/\/www.jinchunmetal.com\/wp-content\/uploads\/2024\/07\/\u8010\u78e8\u5806\u710a\u836f\u82af\u710a\u4e1d-flux-cored-welding-wires-800x532.jpeg 800w\" sizes=\"auto, (max-width: 369px) 100vw, 369px\" \/><img loading=\"lazy\" decoding=\"async\" class=\"alignnone wp-image-3469\" src=\"https:\/\/www.jinchunmetal.com\/wp-content\/uploads\/2024\/08\/Diamond-tools-scaled.jpeg\" alt=\"\" width=\"469\" height=\"248\" srcset=\"https:\/\/www.jinchunmetal.com\/wp-content\/uploads\/2024\/08\/Diamond-tools-scaled.jpeg 2560w, https:\/\/www.jinchunmetal.com\/wp-content\/uploads\/2024\/08\/Diamond-tools-300x159.jpeg 300w, https:\/\/www.jinchunmetal.com\/wp-content\/uploads\/2024\/08\/Diamond-tools-1024x541.jpeg 1024w, https:\/\/www.jinchunmetal.com\/wp-content\/uploads\/2024\/08\/Diamond-tools-768x406.jpeg 768w, https:\/\/www.jinchunmetal.com\/wp-content\/uploads\/2024\/08\/Diamond-tools-1536x812.jpeg 1536w, https:\/\/www.jinchunmetal.com\/wp-content\/uploads\/2024\/08\/Diamond-tools-2048x1082.jpeg 2048w, https:\/\/www.jinchunmetal.com\/wp-content\/uploads\/2024\/08\/Diamond-tools-18x10.jpeg 18w, https:\/\/www.jinchunmetal.com\/wp-content\/uploads\/2024\/08\/Diamond-tools-800x423.jpeg 800w\" sizes=\"auto, (max-width: 469px) 100vw, 469px\" \/><img loading=\"lazy\" decoding=\"async\" class=\"alignnone wp-image-3872\" src=\"https:\/\/www.jinchunmetal.com\/wp-content\/uploads\/2024\/08\/Spraying-.jpg\" alt=\"\" width=\"368\" height=\"245\" srcset=\"https:\/\/www.jinchunmetal.com\/wp-content\/uploads\/2024\/08\/Spraying-.jpg 2000w, https:\/\/www.jinchunmetal.com\/wp-content\/uploads\/2024\/08\/Spraying--300x200.jpg 300w, https:\/\/www.jinchunmetal.com\/wp-content\/uploads\/2024\/08\/Spraying--1024x681.jpg 1024w, https:\/\/www.jinchunmetal.com\/wp-content\/uploads\/2024\/08\/Spraying--768x511.jpg 768w, https:\/\/www.jinchunmetal.com\/wp-content\/uploads\/2024\/08\/Spraying--1536x1022.jpg 1536w, https:\/\/www.jinchunmetal.com\/wp-content\/uploads\/2024\/08\/Spraying--18x12.jpg 18w, https:\/\/www.jinchunmetal.com\/wp-content\/uploads\/2024\/08\/Spraying--800x532.jpg 800w\" sizes=\"auto, (max-width: 368px) 100vw, 368px\" \/><img loading=\"lazy\" decoding=\"async\" class=\"alignnone wp-image-3734\" src=\"https:\/\/www.jinchunmetal.com\/wp-content\/uploads\/2024\/08\/Powder-metallurgy-parts-scaled.jpeg\" alt=\"\" width=\"425\" height=\"283\" srcset=\"https:\/\/www.jinchunmetal.com\/wp-content\/uploads\/2024\/08\/Powder-metallurgy-parts-scaled.jpeg 2560w, https:\/\/www.jinchunmetal.com\/wp-content\/uploads\/2024\/08\/Powder-metallurgy-parts-300x200.jpeg 300w, https:\/\/www.jinchunmetal.com\/wp-content\/uploads\/2024\/08\/Powder-metallurgy-parts-1024x683.jpeg 1024w, https:\/\/www.jinchunmetal.com\/wp-content\/uploads\/2024\/08\/Powder-metallurgy-parts-768x512.jpeg 768w, https:\/\/www.jinchunmetal.com\/wp-content\/uploads\/2024\/08\/Powder-metallurgy-parts-1536x1024.jpeg 1536w, https:\/\/www.jinchunmetal.com\/wp-content\/uploads\/2024\/08\/Powder-metallurgy-parts-2048x1365.jpeg 2048w, https:\/\/www.jinchunmetal.com\/wp-content\/uploads\/2024\/08\/Powder-metallurgy-parts-18x12.jpeg 18w, https:\/\/www.jinchunmetal.com\/wp-content\/uploads\/2024\/08\/Powder-metallurgy-parts-800x533.jpeg 800w\" sizes=\"auto, (max-width: 425px) 100vw, 425px\" \/><\/div>\n<div data-slate-node=\"element\"><\/div>","protected":false},"excerpt":{"rendered":"<p>Caract\u00e9ristiques du produit\uff1a<\/p>\n<p>Notre poudre de nickel atomis\u00e9e est produite par un processus d'atomisation \u00e0 l'eau \u00e0 partir d'une plaque de nickel. La puret\u00e9 n'est pas inf\u00e9rieure \u00e0 99,5%.<\/p>\n<table>\n<tbody>\n<tr>\n<td>Nom de la marque<\/td>\n<td>Jinchun<\/td>\n<\/tr>\n<tr>\n<td>Origine<\/td>\n<td>Chine<\/td>\n<\/tr>\n<tr>\n<td>Nom du produit<\/td>\n<td>Poudre de nickel atomis\u00e9e<\/td>\n<\/tr>\n<tr>\n<td>Application<\/td>\n<td>Consommables de soudage, pulv\u00e9risation, additifs d'alliage, outils diamant\u00e9s, m\u00e9tallurgie des poudres, etc.<\/td>\n<\/tr>\n<tr>\n<td>Forme<\/td>\n<td>Poudre<\/td>\n<\/tr>\n<tr>\n<td>Couleur<\/td>\n<td>M\u00e9tal\u00a0 <span data-slate-fragment=\"JTVCJTdCJTIydHlwZSUyMiUzQSUyMnBhcmFncmFwaCUyMiUyQyUyMmNoaWxkcmVuJTIyJTNBJTVCJTdCJTIyaWQlMjIlM0ElMjJCWnk3OVhFMkR6JTIyJTJDJTIycGFyYUlkeCUyMiUzQTAlMkMlMjJzcmMlMjIlM0ElMjJpc2FiZWxsaW5lJTIyJTJDJTIyZHN0JTIyJTNBJTIyJUU4JUE0JTkwJUU5JUJCJTg0JUU4JTg5JUIyJTIyJTJDJTIybWV0YWRhdGElMjIlM0ElMjIlMjIlMkMlMjJtZXRhRGF0YSUyMiUzQSU1QiU1RCUyQyUyMnRleHQlMjIlM0ElMjJpc2FiZWxsaW5lJTIyJTdEJTVEJTdEJTVE\">couleur isabelline<\/span><\/td>\n<\/tr>\n<tr>\n<td>Taille<\/td>\n<td>40 mesh, 60 mesh, 80 mesh, 100 mesh, 200 mesh, 300 mesh, 325 mesh<\/td>\n<\/tr>\n<tr>\n<td>Standard<\/td>\n<td>GB\/T 19001-2016\/ISO9001 : 2015<\/td>\n<\/tr>\n<tr>\n<td>La puret\u00e9<\/td>\n<td>99,5% min<\/td>\n<\/tr>\n<tr>\n<td>Mat\u00e9riau<\/td>\n<td>Plaque de nickel<\/td>\n<\/tr>\n<tr>\n<td>Emballage<\/td>\n<td>Tambours d'acier<\/td>\n<\/tr>\n<\/tbody>\n<\/table>","protected":false},"featured_media":4430,"comment_status":"open","ping_status":"closed","template":"","meta":{"_acf_changed":false},"product_brand":[],"product_cat":[59],"product_tag":[],"class_list":{"0":"post-4427","1":"product","2":"type-product","3":"status-publish","4":"has-post-thumbnail","6":"product_cat-diamond-tools-and-powder-metallurgy-metal-materials","8":"first","9":"instock","10":"shipping-taxable","11":"product-type-simple"},"acf":[],"yoast_head":"<!-- This site is optimized with the Yoast SEO plugin v23.2 - https:\/\/yoast.com\/wordpress\/plugins\/seo\/ -->\n<title>Powder Metallurgy and Diamond Tools Metal Materials atomized nickel powder - Jinchun %<\/title>\n<meta name=\"description\" content=\"We are a Metal Materials manufacturer in China With rich experience in Powder Metallurgy and Diamond Tools Metal Materials atomized nickel powder , with Competitive price and top quality.\" \/>\n<meta name=\"robots\" content=\"index, follow, max-snippet:-1, max-image-preview:large, max-video-preview:-1\" \/>\n<link rel=\"canonical\" href=\"https:\/\/www.jinchunmetal.com\/fr_fr\/produit\/powder-metallurgy-and-diamond-tools-metal-materials-atomized-nickel-powder\/\" \/>\n<meta property=\"og:locale\" content=\"fr_FR\" \/>\n<meta property=\"og:type\" content=\"article\" \/>\n<meta property=\"og:title\" content=\"Powder Metallurgy and Diamond Tools Metal Materials atomized nickel powder - Jinchun %\" \/>\n<meta property=\"og:description\" content=\"We are a Metal Materials manufacturer in China With rich experience in Powder Metallurgy and Diamond Tools Metal Materials atomized nickel powder , with Competitive price and top quality.\" \/>\n<meta property=\"og:url\" content=\"https:\/\/www.jinchunmetal.com\/fr_fr\/produit\/powder-metallurgy-and-diamond-tools-metal-materials-atomized-nickel-powder\/\" \/>\n<meta property=\"og:site_name\" content=\"Chengdu Jinchun Metallic Materials Co.,Ltd.\" \/>\n<meta property=\"article:modified_time\" content=\"2025-05-29T02:56:16+00:00\" \/>\n<meta property=\"og:image\" content=\"https:\/\/www.jinchunmetal.com\/wp-content\/uploads\/2024\/09\/\u96fe\u5316\u954d\u7c89300\u76ee-3.jpg\" \/>\n\t<meta property=\"og:image:width\" content=\"1000\" \/>\n\t<meta property=\"og:image:height\" content=\"1000\" \/>\n\t<meta property=\"og:image:type\" content=\"image\/jpeg\" \/>\n<meta name=\"twitter:card\" content=\"summary_large_image\" \/>\n<meta name=\"twitter:label1\" content=\"Dur\u00e9e de lecture estim\u00e9e\" \/>\n\t<meta name=\"twitter:data1\" content=\"3 minutes\" \/>\n<script type=\"application\/ld+json\" class=\"yoast-schema-graph\">{\"@context\":\"https:\/\/schema.org\",\"@graph\":[{\"@type\":\"WebPage\",\"@id\":\"https:\/\/www.jinchunmetal.com\/product\/powder-metallurgy-and-diamond-tools-metal-materials-atomized-nickel-powder\/\",\"url\":\"https:\/\/www.jinchunmetal.com\/product\/powder-metallurgy-and-diamond-tools-metal-materials-atomized-nickel-powder\/\",\"name\":\"Powder Metallurgy and Diamond Tools Metal Materials atomized nickel powder - Jinchun %\",\"isPartOf\":{\"@id\":\"https:\/\/www.jinchunmetal.com\/#website\"},\"primaryImageOfPage\":{\"@id\":\"https:\/\/www.jinchunmetal.com\/product\/powder-metallurgy-and-diamond-tools-metal-materials-atomized-nickel-powder\/#primaryimage\"},\"image\":{\"@id\":\"https:\/\/www.jinchunmetal.com\/product\/powder-metallurgy-and-diamond-tools-metal-materials-atomized-nickel-powder\/#primaryimage\"},\"thumbnailUrl\":\"https:\/\/www.jinchunmetal.com\/wp-content\/uploads\/2024\/09\/\u96fe\u5316\u954d\u7c89300\u76ee-3.jpg\",\"datePublished\":\"2024-09-06T06:13:13+00:00\",\"dateModified\":\"2025-05-29T02:56:16+00:00\",\"description\":\"We are a Metal Materials manufacturer in China With rich experience in Powder Metallurgy and Diamond Tools Metal Materials atomized nickel powder , with Competitive price and top quality.\",\"breadcrumb\":{\"@id\":\"https:\/\/www.jinchunmetal.com\/product\/powder-metallurgy-and-diamond-tools-metal-materials-atomized-nickel-powder\/#breadcrumb\"},\"inLanguage\":\"fr-FR\",\"potentialAction\":[{\"@type\":\"ReadAction\",\"target\":[\"https:\/\/www.jinchunmetal.com\/product\/powder-metallurgy-and-diamond-tools-metal-materials-atomized-nickel-powder\/\"]}]},{\"@type\":\"ImageObject\",\"inLanguage\":\"fr-FR\",\"@id\":\"https:\/\/www.jinchunmetal.com\/product\/powder-metallurgy-and-diamond-tools-metal-materials-atomized-nickel-powder\/#primaryimage\",\"url\":\"https:\/\/www.jinchunmetal.com\/wp-content\/uploads\/2024\/09\/\u96fe\u5316\u954d\u7c89300\u76ee-3.jpg\",\"contentUrl\":\"https:\/\/www.jinchunmetal.com\/wp-content\/uploads\/2024\/09\/\u96fe\u5316\u954d\u7c89300\u76ee-3.jpg\",\"width\":1000,\"height\":1000},{\"@type\":\"BreadcrumbList\",\"@id\":\"https:\/\/www.jinchunmetal.com\/product\/powder-metallurgy-and-diamond-tools-metal-materials-atomized-nickel-powder\/#breadcrumb\",\"itemListElement\":[{\"@type\":\"ListItem\",\"position\":1,\"name\":\"\u9996\u9875\",\"item\":\"https:\/\/www.jinchunmetal.com\/\"},{\"@type\":\"ListItem\",\"position\":2,\"name\":\"Products\",\"item\":\"https:\/\/www.jinchunmetal.com\/fr_fr\/products\/\"},{\"@type\":\"ListItem\",\"position\":3,\"name\":\"Powder Metallurgy and Diamond Tools Metal Materials atomized nickel powder\"}]},{\"@type\":\"WebSite\",\"@id\":\"https:\/\/www.jinchunmetal.com\/#website\",\"url\":\"https:\/\/www.jinchunmetal.com\/\",\"name\":\"Chengdu Jinchun Metallic Materials Co.,Ltd.\",\"description\":\"Jinchun Metal\",\"potentialAction\":[{\"@type\":\"SearchAction\",\"target\":{\"@type\":\"EntryPoint\",\"urlTemplate\":\"https:\/\/www.jinchunmetal.com\/?s={search_term_string}\"},\"query-input\":\"required name=search_term_string\"}],\"inLanguage\":\"fr-FR\"}]}<\/script>\n<!-- \/ Yoast SEO plugin. -->","yoast_head_json":{"title":"Powder Metallurgy and Diamond Tools Metal Materials atomized nickel powder - Jinchun %","description":"We are a Metal Materials manufacturer in China With rich experience in Powder Metallurgy and Diamond Tools Metal Materials atomized nickel powder , with Competitive price and top quality.","robots":{"index":"index","follow":"follow","max-snippet":"max-snippet:-1","max-image-preview":"max-image-preview:large","max-video-preview":"max-video-preview:-1"},"canonical":"https:\/\/www.jinchunmetal.com\/fr_fr\/produit\/powder-metallurgy-and-diamond-tools-metal-materials-atomized-nickel-powder\/","og_locale":"fr_FR","og_type":"article","og_title":"Powder Metallurgy and Diamond Tools Metal Materials atomized nickel powder - Jinchun %","og_description":"We are a Metal Materials manufacturer in China With rich experience in Powder Metallurgy and Diamond Tools Metal Materials atomized nickel powder , with Competitive price and top quality.","og_url":"https:\/\/www.jinchunmetal.com\/fr_fr\/produit\/powder-metallurgy-and-diamond-tools-metal-materials-atomized-nickel-powder\/","og_site_name":"Chengdu Jinchun Metallic Materials Co.,Ltd.","article_modified_time":"2025-05-29T02:56:16+00:00","og_image":[{"width":1000,"height":1000,"url":"https:\/\/www.jinchunmetal.com\/wp-content\/uploads\/2024\/09\/\u96fe\u5316\u954d\u7c89300\u76ee-3.jpg","type":"image\/jpeg"}],"twitter_card":"summary_large_image","twitter_misc":{"Dur\u00e9e de lecture estim\u00e9e":"3 minutes"},"schema":{"@context":"https:\/\/schema.org","@graph":[{"@type":"WebPage","@id":"https:\/\/www.jinchunmetal.com\/product\/powder-metallurgy-and-diamond-tools-metal-materials-atomized-nickel-powder\/","url":"https:\/\/www.jinchunmetal.com\/product\/powder-metallurgy-and-diamond-tools-metal-materials-atomized-nickel-powder\/","name":"Powder Metallurgy and Diamond Tools Metal Materials atomized nickel powder - Jinchun %","isPartOf":{"@id":"https:\/\/www.jinchunmetal.com\/#website"},"primaryImageOfPage":{"@id":"https:\/\/www.jinchunmetal.com\/product\/powder-metallurgy-and-diamond-tools-metal-materials-atomized-nickel-powder\/#primaryimage"},"image":{"@id":"https:\/\/www.jinchunmetal.com\/product\/powder-metallurgy-and-diamond-tools-metal-materials-atomized-nickel-powder\/#primaryimage"},"thumbnailUrl":"https:\/\/www.jinchunmetal.com\/wp-content\/uploads\/2024\/09\/\u96fe\u5316\u954d\u7c89300\u76ee-3.jpg","datePublished":"2024-09-06T06:13:13+00:00","dateModified":"2025-05-29T02:56:16+00:00","description":"We are a Metal Materials manufacturer in China With rich experience in Powder Metallurgy and Diamond Tools Metal Materials atomized nickel powder , with Competitive price and top quality.","breadcrumb":{"@id":"https:\/\/www.jinchunmetal.com\/product\/powder-metallurgy-and-diamond-tools-metal-materials-atomized-nickel-powder\/#breadcrumb"},"inLanguage":"fr-FR","potentialAction":[{"@type":"ReadAction","target":["https:\/\/www.jinchunmetal.com\/product\/powder-metallurgy-and-diamond-tools-metal-materials-atomized-nickel-powder\/"]}]},{"@type":"ImageObject","inLanguage":"fr-FR","@id":"https:\/\/www.jinchunmetal.com\/product\/powder-metallurgy-and-diamond-tools-metal-materials-atomized-nickel-powder\/#primaryimage","url":"https:\/\/www.jinchunmetal.com\/wp-content\/uploads\/2024\/09\/\u96fe\u5316\u954d\u7c89300\u76ee-3.jpg","contentUrl":"https:\/\/www.jinchunmetal.com\/wp-content\/uploads\/2024\/09\/\u96fe\u5316\u954d\u7c89300\u76ee-3.jpg","width":1000,"height":1000},{"@type":"BreadcrumbList","@id":"https:\/\/www.jinchunmetal.com\/product\/powder-metallurgy-and-diamond-tools-metal-materials-atomized-nickel-powder\/#breadcrumb","itemListElement":[{"@type":"ListItem","position":1,"name":"\u9996\u9875","item":"https:\/\/www.jinchunmetal.com\/"},{"@type":"ListItem","position":2,"name":"Products","item":"https:\/\/www.jinchunmetal.com\/fr_fr\/products\/"},{"@type":"ListItem","position":3,"name":"Powder Metallurgy and Diamond Tools Metal Materials atomized nickel powder"}]},{"@type":"WebSite","@id":"https:\/\/www.jinchunmetal.com\/#website","url":"https:\/\/www.jinchunmetal.com\/","name":"Chengdu Jinchun Metallic Materials Co.,Ltd.","description":"Jinchun Metal","potentialAction":[{"@type":"SearchAction","target":{"@type":"EntryPoint","urlTemplate":"https:\/\/www.jinchunmetal.com\/?s={search_term_string}"},"query-input":"required name=search_term_string"}],"inLanguage":"fr-FR"}]}},"_links":{"self":[{"href":"https:\/\/www.jinchunmetal.com\/fr_fr\/wp-json\/wp\/v2\/product\/4427","targetHints":{"allow":["GET"]}}],"collection":[{"href":"https:\/\/www.jinchunmetal.com\/fr_fr\/wp-json\/wp\/v2\/product"}],"about":[{"href":"https:\/\/www.jinchunmetal.com\/fr_fr\/wp-json\/wp\/v2\/types\/product"}],"replies":[{"embeddable":true,"href":"https:\/\/www.jinchunmetal.com\/fr_fr\/wp-json\/wp\/v2\/comments?post=4427"}],"wp:featuredmedia":[{"embeddable":true,"href":"https:\/\/www.jinchunmetal.com\/fr_fr\/wp-json\/wp\/v2\/media\/4430"}],"wp:attachment":[{"href":"https:\/\/www.jinchunmetal.com\/fr_fr\/wp-json\/wp\/v2\/media?parent=4427"}],"wp:term":[{"taxonomy":"product_brand","embeddable":true,"href":"https:\/\/www.jinchunmetal.com\/fr_fr\/wp-json\/wp\/v2\/product_brand?post=4427"},{"taxonomy":"product_cat","embeddable":true,"href":"https:\/\/www.jinchunmetal.com\/fr_fr\/wp-json\/wp\/v2\/product_cat?post=4427"},{"taxonomy":"product_tag","embeddable":true,"href":"https:\/\/www.jinchunmetal.com\/fr_fr\/wp-json\/wp\/v2\/product_tag?post=4427"}],"curies":[{"name":"wp","href":"https:\/\/api.w.org\/{rel}","templated":true}]}}