{"id":4433,"date":"2024-09-06T14:23:41","date_gmt":"2024-09-06T06:23:41","guid":{"rendered":"https:\/\/www.jinchunmetal.com\/?post_type=product&#038;p=4433"},"modified":"2025-05-29T10:55:36","modified_gmt":"2025-05-29T02:55:36","slug":"carbonyl-nickel-powder","status":"publish","type":"product","link":"https:\/\/www.jinchunmetal.com\/fr_fr\/produit\/carbonyl-nickel-powder\/","title":{"rendered":"Poudre de nickel carbonique"},"content":{"rendered":"<p><strong>Caract\u00e8re du produit<\/strong><\/p>\n<p>La poudre de nickel carbonique a une structure cristalline unique et des particules de haute puret\u00e9 qui peuvent \u00eatre m\u00e9lang\u00e9es \u00e0 d'autres mat\u00e9riaux m\u00e9talliques de mani\u00e8re id\u00e9ale, formant une distribution stable et uniforme dans la poudre avant le frittage, et l'infiltration d'autres poudres de mani\u00e8re uniforme dans le processus de frittage ult\u00e9rieur, peut \u00eatre form\u00e9e avec l'\u00e9quilibre de la structure m\u00e9tallurgique des pi\u00e8ces de pr\u00e9cision, avec ses performances sp\u00e9ciales. Un large \u00e9ventail d'applications. La poudre de nickel carbonique n'est pas toxique.<\/p>\n<p>&nbsp;<\/p>\n<p><strong>2. cahier des charges<\/strong><\/p>\n<p>Poudre de nickel carbonique<\/p>\n<table style=\"border-collapse: collapse; width: 1092px; height: 79px;\" border=\"0\" width=\"884\" cellspacing=\"0\" cellpadding=\"0\">\n<tbody>\n<tr style=\"height: 17.25pt;\">\n<td class=\"et4\" style=\"height: 17.25pt; width: 113.25pt;\" width=\"151\" height=\"23\">Nom\/ Type<\/td>\n<td class=\"et4\" style=\"width: 86.25pt;\" width=\"115\">\u00c9l\u00e9ment<\/td>\n<td class=\"et5\" style=\"width: 77.25pt;\" width=\"103\">Ni<\/td>\n<td class=\"et5\" style=\"width: 77.25pt;\" width=\"103\">C<\/td>\n<td class=\"et5\" style=\"width: 77.25pt;\" width=\"103\">O<\/td>\n<td class=\"et5\" style=\"width: 77.25pt;\" width=\"103\">S<\/td>\n<td class=\"et5\" style=\"width: 77.25pt;\" width=\"103\">Fe<\/td>\n<td class=\"et5\" style=\"width: 77.25pt;\" width=\"103\">Co<\/td>\n<\/tr>\n<tr style=\"height: 17.25pt;\">\n<td class=\"et6\" style=\"height: 17.25pt;\" height=\"23\">Poudre de nickel carbonique<\/td>\n<td class=\"et4\">R\u00e9sultat\uff08%\uff09<\/td>\n<td class=\"et5\" style=\"width: 77.25pt;\" width=\"103\">99.88<\/td>\n<td class=\"et5\" style=\"width: 77.25pt;\" width=\"103\">0.043<\/td>\n<td class=\"et5\" style=\"width: 77.25pt;\" width=\"103\">0.077<\/td>\n<td class=\"et5\" style=\"width: 77.25pt;\" width=\"103\">0.001<\/td>\n<td class=\"et5\" style=\"width: 77.25pt;\" width=\"103\">\uff1c0.001<\/td>\n<td class=\"et5\" style=\"width: 77.25pt;\" width=\"103\">\uff1c0.001<\/td>\n<\/tr>\n<\/tbody>\n<\/table>\n<p>&nbsp;<\/p>\n<p><strong>3.Images des mati\u00e8res premi\u00e8res et de la production<\/strong><\/p>\n<p>Images des mati\u00e8res premi\u00e8res :<\/p>\n<p><img loading=\"lazy\" decoding=\"async\" class=\"alignnone wp-image-4424\" src=\"https:\/\/www.jinchunmetal.com\/wp-content\/uploads\/2024\/09\/Nickel-plate.jpeg\" alt=\"\" width=\"419\" height=\"419\" srcset=\"https:\/\/www.jinchunmetal.com\/wp-content\/uploads\/2024\/09\/Nickel-plate.jpeg 1840w, https:\/\/www.jinchunmetal.com\/wp-content\/uploads\/2024\/09\/Nickel-plate-300x300.jpeg 300w, https:\/\/www.jinchunmetal.com\/wp-content\/uploads\/2024\/09\/Nickel-plate-1024x1024.jpeg 1024w, https:\/\/www.jinchunmetal.com\/wp-content\/uploads\/2024\/09\/Nickel-plate-150x150.jpeg 150w, https:\/\/www.jinchunmetal.com\/wp-content\/uploads\/2024\/09\/Nickel-plate-768x768.jpeg 768w, https:\/\/www.jinchunmetal.com\/wp-content\/uploads\/2024\/09\/Nickel-plate-1536x1536.jpeg 1536w, https:\/\/www.jinchunmetal.com\/wp-content\/uploads\/2024\/09\/Nickel-plate-12x12.jpeg 12w, https:\/\/www.jinchunmetal.com\/wp-content\/uploads\/2024\/09\/Nickel-plate-75x75.jpeg 75w, https:\/\/www.jinchunmetal.com\/wp-content\/uploads\/2024\/09\/Nickel-plate-800x800.jpeg 800w, https:\/\/www.jinchunmetal.com\/wp-content\/uploads\/2024\/09\/Nickel-plate-100x100.jpeg 100w\" sizes=\"auto, (max-width: 419px) 100vw, 419px\" \/><\/p>\n<p>&nbsp;<\/p>\n<p>Photos de la production :<\/p>\n<p><img loading=\"lazy\" decoding=\"async\" class=\"alignnone wp-image-3470\" src=\"http:\/\/www.jinchunmetal.com\/wp-content\/uploads\/2024\/08\/water-atomization-300x200.jpg\" alt=\"\" width=\"446\" height=\"297\" srcset=\"https:\/\/www.jinchunmetal.com\/wp-content\/uploads\/2024\/08\/water-atomization-300x200.jpg 300w, https:\/\/www.jinchunmetal.com\/wp-content\/uploads\/2024\/08\/water-atomization-1024x683.jpg 1024w, https:\/\/www.jinchunmetal.com\/wp-content\/uploads\/2024\/08\/water-atomization-768x512.jpg 768w, https:\/\/www.jinchunmetal.com\/wp-content\/uploads\/2024\/08\/water-atomization-1536x1024.jpg 1536w, https:\/\/www.jinchunmetal.com\/wp-content\/uploads\/2024\/08\/water-atomization-2048x1365.jpg 2048w, https:\/\/www.jinchunmetal.com\/wp-content\/uploads\/2024\/08\/water-atomization-18x12.jpg 18w, https:\/\/www.jinchunmetal.com\/wp-content\/uploads\/2024\/08\/water-atomization-800x533.jpg 800w\" sizes=\"auto, (max-width: 446px) 100vw, 446px\" \/> <img loading=\"lazy\" decoding=\"async\" class=\"alignnone wp-image-4051\" src=\"https:\/\/www.jinchunmetal.com\/wp-content\/uploads\/2024\/08\/water-atomization-.jpg\" alt=\"\" width=\"398\" height=\"299\" srcset=\"https:\/\/www.jinchunmetal.com\/wp-content\/uploads\/2024\/08\/water-atomization-.jpg 800w, https:\/\/www.jinchunmetal.com\/wp-content\/uploads\/2024\/08\/water-atomization--300x225.jpg 300w, https:\/\/www.jinchunmetal.com\/wp-content\/uploads\/2024\/08\/water-atomization--768x576.jpg 768w, https:\/\/www.jinchunmetal.com\/wp-content\/uploads\/2024\/08\/water-atomization--16x12.jpg 16w\" sizes=\"auto, (max-width: 398px) 100vw, 398px\" \/><\/p>\n<p><img loading=\"lazy\" decoding=\"async\" class=\"alignnone wp-image-3524\" src=\"https:\/\/www.jinchunmetal.com\/wp-content\/uploads\/2024\/08\/Airflow-mill-1-scaled.jpg\" alt=\"\" width=\"844\" height=\"475\" srcset=\"https:\/\/www.jinchunmetal.com\/wp-content\/uploads\/2024\/08\/Airflow-mill-1-scaled.jpg 2560w, https:\/\/www.jinchunmetal.com\/wp-content\/uploads\/2024\/08\/Airflow-mill-1-300x169.jpg 300w, https:\/\/www.jinchunmetal.com\/wp-content\/uploads\/2024\/08\/Airflow-mill-1-1024x576.jpg 1024w, https:\/\/www.jinchunmetal.com\/wp-content\/uploads\/2024\/08\/Airflow-mill-1-768x432.jpg 768w, https:\/\/www.jinchunmetal.com\/wp-content\/uploads\/2024\/08\/Airflow-mill-1-1536x864.jpg 1536w, https:\/\/www.jinchunmetal.com\/wp-content\/uploads\/2024\/08\/Airflow-mill-1-2048x1152.jpg 2048w, https:\/\/www.jinchunmetal.com\/wp-content\/uploads\/2024\/08\/Airflow-mill-1-18x10.jpg 18w, https:\/\/www.jinchunmetal.com\/wp-content\/uploads\/2024\/08\/Airflow-mill-1-800x450.jpg 800w\" sizes=\"auto, (max-width: 844px) 100vw, 844px\" \/><\/p>\n<p>&nbsp;<\/p>\n<p><strong>4.Application<\/strong><\/p>\n<ul>\n<li data-slate-node=\"element\">Industrie des batteries : La poudre de nickel carbonique est largement utilis\u00e9e comme mat\u00e9riau d'\u00e9lectrode positive pour les piles au nickel-cadmium et au nickel-hydrog\u00e8ne, ce qui entra\u00eene une forte demande de poudre de nickel dans l'industrie des piles.<\/li>\n<li data-slate-node=\"element\">M\u00e9tallurgie des poudres : La poudre de nickel carbonique, gr\u00e2ce \u00e0 sa structure cristalline unique et \u00e0 ses particules de haute puret\u00e9, est devenue un mat\u00e9riau id\u00e9al pour les m\u00e9langes avec d'autres m\u00e9taux. Elle est largement utilis\u00e9e comme liant pour les batteries nickel-cadmium et nickel-hydrog\u00e8ne, les filtres, les mat\u00e9riaux militaires, les mat\u00e9riaux \u00e0 haute densit\u00e9 et \u00e0 point de fusion \u00e9lev\u00e9, les additifs pour la m\u00e9tallurgie des poudres, les alliages de pr\u00e9cision, les aciers sp\u00e9ciaux, les barres de soudure en acier inoxydable, les catalyseurs p\u00e9trochimiques et les nouveaux compos\u00e9s, les absorbeurs pour les tubes d'image \u00e9lectroniques, les mat\u00e9riaux magn\u00e9tiques \u00e0 haute fr\u00e9quence ou \u00e0 ultra-haute fr\u00e9quence, etc.<\/li>\n<li data-slate-node=\"element\">Industrie des rev\u00eatements et des plastiques : La poudre de nickel carbonyle est utilis\u00e9e comme pigment conducteur dans les rev\u00eatements et les plastiques pour prot\u00e9ger des interf\u00e9rences \u00e9lectromagn\u00e9tiques et des interf\u00e9rences de radiofr\u00e9quence. Elle est utilis\u00e9e dans diverses peintures d\u00e9coratives tr\u00e8s brillantes et dans les plastiques, rempla\u00e7ant la poudre d'aluminium comme peinture anticorrosion dans les syst\u00e8mes \u00e0 base d'eau.<\/li>\n<li data-slate-node=\"element\">Encre conductrice : De fines particules sph\u00e9riques de poudre de nickel peuvent \u00eatre utilis\u00e9es comme encre conductrice.<\/li>\n<\/ul>\n<div data-slate-node=\"element\">\u00a0 \u00a0<img loading=\"lazy\" decoding=\"async\" class=\"alignnone wp-image-3469\" src=\"https:\/\/www.jinchunmetal.com\/wp-content\/uploads\/2024\/08\/Diamond-tools-scaled.jpeg\" alt=\"\" width=\"469\" height=\"248\" srcset=\"https:\/\/www.jinchunmetal.com\/wp-content\/uploads\/2024\/08\/Diamond-tools-scaled.jpeg 2560w, https:\/\/www.jinchunmetal.com\/wp-content\/uploads\/2024\/08\/Diamond-tools-300x159.jpeg 300w, https:\/\/www.jinchunmetal.com\/wp-content\/uploads\/2024\/08\/Diamond-tools-1024x541.jpeg 1024w, https:\/\/www.jinchunmetal.com\/wp-content\/uploads\/2024\/08\/Diamond-tools-768x406.jpeg 768w, https:\/\/www.jinchunmetal.com\/wp-content\/uploads\/2024\/08\/Diamond-tools-1536x812.jpeg 1536w, https:\/\/www.jinchunmetal.com\/wp-content\/uploads\/2024\/08\/Diamond-tools-2048x1082.jpeg 2048w, https:\/\/www.jinchunmetal.com\/wp-content\/uploads\/2024\/08\/Diamond-tools-18x10.jpeg 18w, https:\/\/www.jinchunmetal.com\/wp-content\/uploads\/2024\/08\/Diamond-tools-800x423.jpeg 800w\" sizes=\"auto, (max-width: 469px) 100vw, 469px\" \/><img loading=\"lazy\" decoding=\"async\" class=\"alignnone wp-image-3734\" src=\"https:\/\/www.jinchunmetal.com\/wp-content\/uploads\/2024\/08\/Powder-metallurgy-parts-scaled.jpeg\" alt=\"\" width=\"361\" height=\"240\" srcset=\"https:\/\/www.jinchunmetal.com\/wp-content\/uploads\/2024\/08\/Powder-metallurgy-parts-scaled.jpeg 2560w, https:\/\/www.jinchunmetal.com\/wp-content\/uploads\/2024\/08\/Powder-metallurgy-parts-300x200.jpeg 300w, https:\/\/www.jinchunmetal.com\/wp-content\/uploads\/2024\/08\/Powder-metallurgy-parts-1024x683.jpeg 1024w, https:\/\/www.jinchunmetal.com\/wp-content\/uploads\/2024\/08\/Powder-metallurgy-parts-768x512.jpeg 768w, https:\/\/www.jinchunmetal.com\/wp-content\/uploads\/2024\/08\/Powder-metallurgy-parts-1536x1024.jpeg 1536w, https:\/\/www.jinchunmetal.com\/wp-content\/uploads\/2024\/08\/Powder-metallurgy-parts-2048x1365.jpeg 2048w, https:\/\/www.jinchunmetal.com\/wp-content\/uploads\/2024\/08\/Powder-metallurgy-parts-18x12.jpeg 18w, https:\/\/www.jinchunmetal.com\/wp-content\/uploads\/2024\/08\/Powder-metallurgy-parts-800x533.jpeg 800w\" sizes=\"auto, (max-width: 361px) 100vw, 361px\" \/><img loading=\"lazy\" decoding=\"async\" class=\"alignnone wp-image-4434\" src=\"https:\/\/www.jinchunmetal.com\/wp-content\/uploads\/2024\/09\/Ink.png\" alt=\"\" width=\"333\" height=\"212\" srcset=\"https:\/\/www.jinchunmetal.com\/wp-content\/uploads\/2024\/09\/Ink.png 1184w, https:\/\/www.jinchunmetal.com\/wp-content\/uploads\/2024\/09\/Ink-300x191.png 300w, https:\/\/www.jinchunmetal.com\/wp-content\/uploads\/2024\/09\/Ink-1024x651.png 1024w, https:\/\/www.jinchunmetal.com\/wp-content\/uploads\/2024\/09\/Ink-768x488.png 768w, https:\/\/www.jinchunmetal.com\/wp-content\/uploads\/2024\/09\/Ink-18x12.png 18w, https:\/\/www.jinchunmetal.com\/wp-content\/uploads\/2024\/09\/Ink-800x509.png 800w\" sizes=\"auto, (max-width: 333px) 100vw, 333px\" \/><\/div>\n<div data-slate-node=\"element\"><\/div>","protected":false},"excerpt":{"rendered":"<p>Caract\u00e9ristiques du produit\uff1a<\/p>\n<p>La poudre de nickel carbonique a une structure cristalline unique et des particules de haute puret\u00e9 qui peuvent \u00eatre m\u00e9lang\u00e9es \u00e0 d'autres mat\u00e9riaux m\u00e9talliques de mani\u00e8re id\u00e9ale, formant une distribution stable et uniforme dans la poudre avant le frittage, et l'infiltration d'autres poudres de mani\u00e8re uniforme dans le processus de frittage ult\u00e9rieur, peut \u00eatre form\u00e9e avec l'\u00e9quilibre de la structure m\u00e9tallurgique des pi\u00e8ces de pr\u00e9cision, avec ses performances sp\u00e9ciales. Un large \u00e9ventail d'applications. La poudre de nickel carbonique n'est pas toxique.<\/p>\n<table>\n<tbody>\n<tr>\n<td>Nom de la marque<\/td>\n<td>Jinchun<\/td>\n<\/tr>\n<tr>\n<td>Origine<\/td>\n<td>Chine<\/td>\n<\/tr>\n<tr>\n<td>Nom du produit<\/td>\n<td>Poudre de nickel carbonique<\/td>\n<\/tr>\n<tr>\n<td>Application<\/td>\n<td>Encre conductrice, additifs pour alliages, outils diamant\u00e9s, m\u00e9tallurgie des poudres, etc.<\/td>\n<\/tr>\n<tr>\n<td>Forme<\/td>\n<td>Poudre<\/td>\n<\/tr>\n<tr>\n<td>Couleur<\/td>\n<td>M\u00e9tal noir<\/td>\n<\/tr>\n<tr>\n<td>Taille<\/td>\n<td>1-10um<\/td>\n<\/tr>\n<tr>\n<td>Standard<\/td>\n<td>GB\/T 19001-2016\/ISO9001 : 2015<\/td>\n<\/tr>\n<tr>\n<td>La puret\u00e9<\/td>\n<td>99,7% min<\/td>\n<\/tr>\n<tr>\n<td>Mat\u00e9riau<\/td>\n<td>Nickel<\/td>\n<\/tr>\n<tr>\n<td>Emballage<\/td>\n<td>Tambours d'acier<\/td>\n<\/tr>\n<\/tbody>\n<\/table>","protected":false},"featured_media":4389,"comment_status":"open","ping_status":"closed","template":"","meta":{"_acf_changed":false},"product_brand":[],"product_cat":[57,59],"product_tag":[],"class_list":{"0":"post-4433","1":"product","2":"type-product","3":"status-publish","4":"has-post-thumbnail","6":"product_cat-battery-cathode-and-ceramics-metal-materials","7":"product_cat-diamond-tools-and-powder-metallurgy-metal-materials","9":"first","10":"instock","11":"shipping-taxable","12":"product-type-simple"},"acf":[],"yoast_head":"<!-- This site is optimized with the Yoast SEO plugin v23.2 - https:\/\/yoast.com\/wordpress\/plugins\/seo\/ -->\n<title>Carbonyl nickel powder - Jinchun %<\/title>\n<meta name=\"description\" content=\"We are a Metal Materials manufacturer in China With rich experience in Carbonyl nickel powder , with Competitive price and top quality.\" \/>\n<meta name=\"robots\" content=\"index, follow, max-snippet:-1, max-image-preview:large, max-video-preview:-1\" \/>\n<link rel=\"canonical\" href=\"https:\/\/www.jinchunmetal.com\/fr_fr\/produit\/carbonyl-nickel-powder\/\" \/>\n<meta property=\"og:locale\" content=\"fr_FR\" \/>\n<meta property=\"og:type\" content=\"article\" \/>\n<meta property=\"og:title\" content=\"Carbonyl nickel powder - Jinchun %\" \/>\n<meta property=\"og:description\" content=\"We are a Metal Materials manufacturer in China With rich experience in Carbonyl nickel powder , with Competitive price and top quality.\" \/>\n<meta property=\"og:url\" content=\"https:\/\/www.jinchunmetal.com\/fr_fr\/produit\/carbonyl-nickel-powder\/\" \/>\n<meta property=\"og:site_name\" content=\"Chengdu Jinchun Metallic Materials Co.,Ltd.\" \/>\n<meta property=\"article:modified_time\" content=\"2025-05-29T02:55:36+00:00\" \/>\n<meta property=\"og:image\" content=\"https:\/\/www.jinchunmetal.com\/wp-content\/uploads\/2024\/09\/CIP22.jpg\" \/>\n\t<meta property=\"og:image:width\" content=\"1001\" \/>\n\t<meta property=\"og:image:height\" content=\"1001\" \/>\n\t<meta property=\"og:image:type\" content=\"image\/jpeg\" \/>\n<meta name=\"twitter:card\" content=\"summary_large_image\" \/>\n<meta name=\"twitter:label1\" content=\"Dur\u00e9e de lecture estim\u00e9e\" \/>\n\t<meta name=\"twitter:data1\" content=\"4 minutes\" \/>\n<script type=\"application\/ld+json\" class=\"yoast-schema-graph\">{\"@context\":\"https:\/\/schema.org\",\"@graph\":[{\"@type\":\"WebPage\",\"@id\":\"https:\/\/www.jinchunmetal.com\/product\/carbonyl-nickel-powder\/\",\"url\":\"https:\/\/www.jinchunmetal.com\/product\/carbonyl-nickel-powder\/\",\"name\":\"Carbonyl nickel powder - Jinchun %\",\"isPartOf\":{\"@id\":\"https:\/\/www.jinchunmetal.com\/#website\"},\"primaryImageOfPage\":{\"@id\":\"https:\/\/www.jinchunmetal.com\/product\/carbonyl-nickel-powder\/#primaryimage\"},\"image\":{\"@id\":\"https:\/\/www.jinchunmetal.com\/product\/carbonyl-nickel-powder\/#primaryimage\"},\"thumbnailUrl\":\"https:\/\/www.jinchunmetal.com\/wp-content\/uploads\/2024\/09\/CIP22.jpg\",\"datePublished\":\"2024-09-06T06:23:41+00:00\",\"dateModified\":\"2025-05-29T02:55:36+00:00\",\"description\":\"We are a Metal Materials manufacturer in China With rich experience in Carbonyl nickel powder , with Competitive price and top quality.\",\"breadcrumb\":{\"@id\":\"https:\/\/www.jinchunmetal.com\/product\/carbonyl-nickel-powder\/#breadcrumb\"},\"inLanguage\":\"fr-FR\",\"potentialAction\":[{\"@type\":\"ReadAction\",\"target\":[\"https:\/\/www.jinchunmetal.com\/product\/carbonyl-nickel-powder\/\"]}]},{\"@type\":\"ImageObject\",\"inLanguage\":\"fr-FR\",\"@id\":\"https:\/\/www.jinchunmetal.com\/product\/carbonyl-nickel-powder\/#primaryimage\",\"url\":\"https:\/\/www.jinchunmetal.com\/wp-content\/uploads\/2024\/09\/CIP22.jpg\",\"contentUrl\":\"https:\/\/www.jinchunmetal.com\/wp-content\/uploads\/2024\/09\/CIP22.jpg\",\"width\":1001,\"height\":1001},{\"@type\":\"BreadcrumbList\",\"@id\":\"https:\/\/www.jinchunmetal.com\/product\/carbonyl-nickel-powder\/#breadcrumb\",\"itemListElement\":[{\"@type\":\"ListItem\",\"position\":1,\"name\":\"\u9996\u9875\",\"item\":\"https:\/\/www.jinchunmetal.com\/\"},{\"@type\":\"ListItem\",\"position\":2,\"name\":\"Products\",\"item\":\"https:\/\/www.jinchunmetal.com\/fr_fr\/products\/\"},{\"@type\":\"ListItem\",\"position\":3,\"name\":\"Carbonyl nickel powder\"}]},{\"@type\":\"WebSite\",\"@id\":\"https:\/\/www.jinchunmetal.com\/#website\",\"url\":\"https:\/\/www.jinchunmetal.com\/\",\"name\":\"Chengdu Jinchun Metallic Materials Co.,Ltd.\",\"description\":\"Jinchun Metal\",\"potentialAction\":[{\"@type\":\"SearchAction\",\"target\":{\"@type\":\"EntryPoint\",\"urlTemplate\":\"https:\/\/www.jinchunmetal.com\/?s={search_term_string}\"},\"query-input\":\"required name=search_term_string\"}],\"inLanguage\":\"fr-FR\"}]}<\/script>\n<!-- \/ Yoast SEO plugin. -->","yoast_head_json":{"title":"Carbonyl nickel powder - Jinchun %","description":"We are a Metal Materials manufacturer in China With rich experience in Carbonyl nickel powder , with Competitive price and top quality.","robots":{"index":"index","follow":"follow","max-snippet":"max-snippet:-1","max-image-preview":"max-image-preview:large","max-video-preview":"max-video-preview:-1"},"canonical":"https:\/\/www.jinchunmetal.com\/fr_fr\/produit\/carbonyl-nickel-powder\/","og_locale":"fr_FR","og_type":"article","og_title":"Carbonyl nickel powder - Jinchun %","og_description":"We are a Metal Materials manufacturer in China With rich experience in Carbonyl nickel powder , with Competitive price and top quality.","og_url":"https:\/\/www.jinchunmetal.com\/fr_fr\/produit\/carbonyl-nickel-powder\/","og_site_name":"Chengdu Jinchun Metallic Materials Co.,Ltd.","article_modified_time":"2025-05-29T02:55:36+00:00","og_image":[{"width":1001,"height":1001,"url":"https:\/\/www.jinchunmetal.com\/wp-content\/uploads\/2024\/09\/CIP22.jpg","type":"image\/jpeg"}],"twitter_card":"summary_large_image","twitter_misc":{"Dur\u00e9e de lecture estim\u00e9e":"4 minutes"},"schema":{"@context":"https:\/\/schema.org","@graph":[{"@type":"WebPage","@id":"https:\/\/www.jinchunmetal.com\/product\/carbonyl-nickel-powder\/","url":"https:\/\/www.jinchunmetal.com\/product\/carbonyl-nickel-powder\/","name":"Carbonyl nickel powder - Jinchun %","isPartOf":{"@id":"https:\/\/www.jinchunmetal.com\/#website"},"primaryImageOfPage":{"@id":"https:\/\/www.jinchunmetal.com\/product\/carbonyl-nickel-powder\/#primaryimage"},"image":{"@id":"https:\/\/www.jinchunmetal.com\/product\/carbonyl-nickel-powder\/#primaryimage"},"thumbnailUrl":"https:\/\/www.jinchunmetal.com\/wp-content\/uploads\/2024\/09\/CIP22.jpg","datePublished":"2024-09-06T06:23:41+00:00","dateModified":"2025-05-29T02:55:36+00:00","description":"We are a Metal Materials manufacturer in China With rich experience in Carbonyl nickel powder , with Competitive price and top quality.","breadcrumb":{"@id":"https:\/\/www.jinchunmetal.com\/product\/carbonyl-nickel-powder\/#breadcrumb"},"inLanguage":"fr-FR","potentialAction":[{"@type":"ReadAction","target":["https:\/\/www.jinchunmetal.com\/product\/carbonyl-nickel-powder\/"]}]},{"@type":"ImageObject","inLanguage":"fr-FR","@id":"https:\/\/www.jinchunmetal.com\/product\/carbonyl-nickel-powder\/#primaryimage","url":"https:\/\/www.jinchunmetal.com\/wp-content\/uploads\/2024\/09\/CIP22.jpg","contentUrl":"https:\/\/www.jinchunmetal.com\/wp-content\/uploads\/2024\/09\/CIP22.jpg","width":1001,"height":1001},{"@type":"BreadcrumbList","@id":"https:\/\/www.jinchunmetal.com\/product\/carbonyl-nickel-powder\/#breadcrumb","itemListElement":[{"@type":"ListItem","position":1,"name":"\u9996\u9875","item":"https:\/\/www.jinchunmetal.com\/"},{"@type":"ListItem","position":2,"name":"Products","item":"https:\/\/www.jinchunmetal.com\/fr_fr\/products\/"},{"@type":"ListItem","position":3,"name":"Carbonyl nickel powder"}]},{"@type":"WebSite","@id":"https:\/\/www.jinchunmetal.com\/#website","url":"https:\/\/www.jinchunmetal.com\/","name":"Chengdu Jinchun Metallic Materials Co.,Ltd.","description":"Jinchun Metal","potentialAction":[{"@type":"SearchAction","target":{"@type":"EntryPoint","urlTemplate":"https:\/\/www.jinchunmetal.com\/?s={search_term_string}"},"query-input":"required name=search_term_string"}],"inLanguage":"fr-FR"}]}},"_links":{"self":[{"href":"https:\/\/www.jinchunmetal.com\/fr_fr\/wp-json\/wp\/v2\/product\/4433","targetHints":{"allow":["GET"]}}],"collection":[{"href":"https:\/\/www.jinchunmetal.com\/fr_fr\/wp-json\/wp\/v2\/product"}],"about":[{"href":"https:\/\/www.jinchunmetal.com\/fr_fr\/wp-json\/wp\/v2\/types\/product"}],"replies":[{"embeddable":true,"href":"https:\/\/www.jinchunmetal.com\/fr_fr\/wp-json\/wp\/v2\/comments?post=4433"}],"wp:featuredmedia":[{"embeddable":true,"href":"https:\/\/www.jinchunmetal.com\/fr_fr\/wp-json\/wp\/v2\/media\/4389"}],"wp:attachment":[{"href":"https:\/\/www.jinchunmetal.com\/fr_fr\/wp-json\/wp\/v2\/media?parent=4433"}],"wp:term":[{"taxonomy":"product_brand","embeddable":true,"href":"https:\/\/www.jinchunmetal.com\/fr_fr\/wp-json\/wp\/v2\/product_brand?post=4433"},{"taxonomy":"product_cat","embeddable":true,"href":"https:\/\/www.jinchunmetal.com\/fr_fr\/wp-json\/wp\/v2\/product_cat?post=4433"},{"taxonomy":"product_tag","embeddable":true,"href":"https:\/\/www.jinchunmetal.com\/fr_fr\/wp-json\/wp\/v2\/product_tag?post=4433"}],"curies":[{"name":"wp","href":"https:\/\/api.w.org\/{rel}","templated":true}]}}