{"id":4449,"date":"2024-09-06T15:57:46","date_gmt":"2024-09-06T07:57:46","guid":{"rendered":"https:\/\/www.jinchunmetal.com\/?post_type=product&#038;p=4449"},"modified":"2025-05-29T10:47:59","modified_gmt":"2025-05-29T02:47:59","slug":"vanadium-metal-lump-powder","status":"publish","type":"product","link":"https:\/\/www.jinchunmetal.com\/fr_fr\/produit\/vanadium-metal-lump-powder\/","title":{"rendered":"Vanadium m\u00e9tal en morceaux\/poudre"},"content":{"rendered":"<p><strong>Caract\u00e8re du produit<\/strong><\/p>\n<p>Le morceau ou la poudre de vanadium m\u00e9tallique de Jinchun est d'une puret\u00e9 minimale de 99,5%. La taille peut \u00eatre ajust\u00e9e en fonction des demandes des clients.<\/p>\n<p>&nbsp;<\/p>\n<p><strong>2. cahier des charges<\/strong><\/p>\n<p>M\u00e9tallique\/ poudre de vanadium<\/p>\n<table style=\"border-collapse: collapse; width: 1051.53pt;\" border=\"0\" width=\"1402\" cellspacing=\"0\" cellpadding=\"0\">\n<tbody>\n<tr style=\"height: 17.25pt;\">\n<td class=\"et4\" style=\"height: 17.25pt; width: 113.25pt;\" width=\"151\" height=\"23\">Nom\/ Type<\/td>\n<td class=\"et4\" style=\"width: 86.25pt;\" width=\"115\">\u00c9l\u00e9ment<\/td>\n<td class=\"et3\" style=\"width: 77.25pt;\" width=\"103\">V<\/td>\n<td class=\"et3\" style=\"width: 77.25pt;\" width=\"103\">Fe<\/td>\n<td class=\"et3\" style=\"width: 77.25pt;\" width=\"103\">Al<\/td>\n<td class=\"et3\" style=\"width: 77.25pt;\" width=\"103\">Si<\/td>\n<td class=\"et3\" style=\"width: 77.25pt;\" width=\"103\">Cr<\/td>\n<td class=\"et3\" style=\"width: 77.25pt;\" width=\"103\">C<\/td>\n<td class=\"et3\" style=\"width: 124.50pt;\" width=\"166\">S<\/td>\n<td class=\"et3\" style=\"width: 66.00pt;\" width=\"88\">P<\/td>\n<td class=\"et3\" style=\"width: 66.00pt;\" width=\"88\">N<\/td>\n<td class=\"et3\" style=\"width: 66.00pt;\" width=\"88\">O<\/td>\n<td class=\"et3\" style=\"width: 66.00pt;\" width=\"88\">H<\/td>\n<\/tr>\n<tr style=\"height: 17.25pt;\">\n<td class=\"et5\" style=\"height: 17.25pt;\" height=\"23\">Poudre de vanadium<\/td>\n<td class=\"et4\">R\u00e9sultat\uff08%\uff09<\/td>\n<td class=\"et3\">99.7<\/td>\n<td class=\"et3\">0.02<\/td>\n<td class=\"et3\">0.05<\/td>\n<td class=\"et3\">0.05<\/td>\n<td class=\"et3\">0.02<\/td>\n<td class=\"et3\">0.004<\/td>\n<td class=\"et3\">0.002<\/td>\n<td class=\"et3\">0.014<\/td>\n<td class=\"et3\">0.004<\/td>\n<td class=\"et3\">0.07<\/td>\n<td class=\"et3\">0.0005<\/td>\n<\/tr>\n<\/tbody>\n<\/table>\n<p>&nbsp;<\/p>\n<p><strong>3.Images des mati\u00e8res premi\u00e8res et de la production<\/strong><\/p>\n<p>Photos des mati\u00e8res premi\u00e8res\uff1a<\/p>\n<p><img loading=\"lazy\" decoding=\"async\" class=\"alignnone wp-image-4450\" src=\"https:\/\/www.jinchunmetal.com\/wp-content\/uploads\/2024\/09\/Vanadium-metal.jpeg\" alt=\"\" width=\"416\" height=\"334\" srcset=\"https:\/\/www.jinchunmetal.com\/wp-content\/uploads\/2024\/09\/Vanadium-metal.jpeg 2492w, https:\/\/www.jinchunmetal.com\/wp-content\/uploads\/2024\/09\/Vanadium-metal-300x241.jpeg 300w, https:\/\/www.jinchunmetal.com\/wp-content\/uploads\/2024\/09\/Vanadium-metal-1024x822.jpeg 1024w, https:\/\/www.jinchunmetal.com\/wp-content\/uploads\/2024\/09\/Vanadium-metal-768x616.jpeg 768w, https:\/\/www.jinchunmetal.com\/wp-content\/uploads\/2024\/09\/Vanadium-metal-1536x1233.jpeg 1536w, https:\/\/www.jinchunmetal.com\/wp-content\/uploads\/2024\/09\/Vanadium-metal-2048x1644.jpeg 2048w, https:\/\/www.jinchunmetal.com\/wp-content\/uploads\/2024\/09\/Vanadium-metal-15x12.jpeg 15w, https:\/\/www.jinchunmetal.com\/wp-content\/uploads\/2024\/09\/Vanadium-metal-800x642.jpeg 800w\" sizes=\"auto, (max-width: 416px) 100vw, 416px\" \/><\/p>\n<p>Photos de la production :<br \/>\n<img loading=\"lazy\" decoding=\"async\" class=\"alignnone wp-image-3226\" src=\"http:\/\/www.jinchunmetal.com\/wp-content\/uploads\/2024\/07\/\u8bbe\u59073-300x221.jpg\" alt=\"\" width=\"342\" height=\"252\" srcset=\"https:\/\/www.jinchunmetal.com\/wp-content\/uploads\/2024\/07\/\u8bbe\u59073-300x221.jpg 300w, https:\/\/www.jinchunmetal.com\/wp-content\/uploads\/2024\/07\/\u8bbe\u59073-16x12.jpg 16w, https:\/\/www.jinchunmetal.com\/wp-content\/uploads\/2024\/07\/\u8bbe\u59073.jpg 443w\" sizes=\"auto, (max-width: 342px) 100vw, 342px\" \/><img loading=\"lazy\" decoding=\"async\" class=\"alignnone wp-image-3225\" src=\"http:\/\/www.jinchunmetal.com\/wp-content\/uploads\/2024\/07\/\u8bbe\u59072-300x221.jpg\" alt=\"\" width=\"337\" height=\"249\" srcset=\"https:\/\/www.jinchunmetal.com\/wp-content\/uploads\/2024\/07\/\u8bbe\u59072-300x221.jpg 300w, https:\/\/www.jinchunmetal.com\/wp-content\/uploads\/2024\/07\/\u8bbe\u59072-16x12.jpg 16w, https:\/\/www.jinchunmetal.com\/wp-content\/uploads\/2024\/07\/\u8bbe\u59072.jpg 443w\" sizes=\"auto, (max-width: 337px) 100vw, 337px\" \/><\/p>\n<p><img loading=\"lazy\" decoding=\"async\" class=\"wp-image-3671 alignleft\" src=\"https:\/\/www.jinchunmetal.com\/wp-content\/uploads\/2024\/08\/water-atomization-3-300x225.jpg\" alt=\"\" width=\"369\" height=\"277\" srcset=\"https:\/\/www.jinchunmetal.com\/wp-content\/uploads\/2024\/08\/water-atomization-3-300x225.jpg 300w, https:\/\/www.jinchunmetal.com\/wp-content\/uploads\/2024\/08\/water-atomization-3-768x576.jpg 768w, https:\/\/www.jinchunmetal.com\/wp-content\/uploads\/2024\/08\/water-atomization-3-16x12.jpg 16w, https:\/\/www.jinchunmetal.com\/wp-content\/uploads\/2024\/08\/water-atomization-3.jpg 800w\" sizes=\"auto, (max-width: 369px) 100vw, 369px\" \/><\/p>\n<p><img loading=\"lazy\" decoding=\"async\" class=\"size-medium wp-image-3574 alignnone\" src=\"https:\/\/www.jinchunmetal.com\/wp-content\/uploads\/2024\/08\/water-atomization-2-300x279.jpg\" alt=\"\" width=\"300\" height=\"279\" srcset=\"https:\/\/www.jinchunmetal.com\/wp-content\/uploads\/2024\/08\/water-atomization-2-300x279.jpg 300w, https:\/\/www.jinchunmetal.com\/wp-content\/uploads\/2024\/08\/water-atomization-2-1024x951.jpg 1024w, https:\/\/www.jinchunmetal.com\/wp-content\/uploads\/2024\/08\/water-atomization-2-768x713.jpg 768w, https:\/\/www.jinchunmetal.com\/wp-content\/uploads\/2024\/08\/water-atomization-2-1536x1426.jpg 1536w, https:\/\/www.jinchunmetal.com\/wp-content\/uploads\/2024\/08\/water-atomization-2-2048x1902.jpg 2048w, https:\/\/www.jinchunmetal.com\/wp-content\/uploads\/2024\/08\/water-atomization-2-13x12.jpg 13w, https:\/\/www.jinchunmetal.com\/wp-content\/uploads\/2024\/08\/water-atomization-2-800x743.jpg 800w\" sizes=\"auto, (max-width: 300px) 100vw, 300px\" \/><img loading=\"lazy\" decoding=\"async\" class=\"alignnone wp-image-3978\" src=\"https:\/\/www.jinchunmetal.com\/wp-content\/uploads\/2024\/08\/Vacuum-smelting-furnace-300x169.jpeg\" alt=\"\" width=\"499\" height=\"281\" srcset=\"https:\/\/www.jinchunmetal.com\/wp-content\/uploads\/2024\/08\/Vacuum-smelting-furnace-300x169.jpeg 300w, https:\/\/www.jinchunmetal.com\/wp-content\/uploads\/2024\/08\/Vacuum-smelting-furnace-1024x575.jpeg 1024w, https:\/\/www.jinchunmetal.com\/wp-content\/uploads\/2024\/08\/Vacuum-smelting-furnace-768x432.jpeg 768w, https:\/\/www.jinchunmetal.com\/wp-content\/uploads\/2024\/08\/Vacuum-smelting-furnace-1536x863.jpeg 1536w, https:\/\/www.jinchunmetal.com\/wp-content\/uploads\/2024\/08\/Vacuum-smelting-furnace-18x10.jpeg 18w, https:\/\/www.jinchunmetal.com\/wp-content\/uploads\/2024\/08\/Vacuum-smelting-furnace-800x450.jpeg 800w, https:\/\/www.jinchunmetal.com\/wp-content\/uploads\/2024\/08\/Vacuum-smelting-furnace.jpeg 2000w\" sizes=\"auto, (max-width: 499px) 100vw, 499px\" \/><\/p>\n<p>&nbsp;<\/p>\n<p><strong>4.Application<\/strong><\/p>\n<p>L'application de la poudre de vanadium m\u00e9tallique est tr\u00e8s vaste, couvrant de multiples aspects, des domaines de la haute technologie aux n\u00e9cessit\u00e9s quotidiennes.<\/p>\n<ul>\n<li>Dans le domaine a\u00e9rospatial, l'alliage vanadium-titane est largement utilis\u00e9 dans les moteurs d'avion, les cadres de cabine, les missiles, les hydrofoils et les introducteurs pour les navires de guerre, les pales de turbines \u00e0 vapeur, les carters de moteurs de fus\u00e9es, etc. En outre, les alliages de vanadium sont \u00e9galement utilis\u00e9s dans des domaines tels que les mat\u00e9riaux magn\u00e9tiques, les alliages durs, les mat\u00e9riaux en forme de C et les mat\u00e9riaux pour r\u00e9acteurs nucl\u00e9aires.<\/li>\n<li>L'industrie de l'acier : Environ 85% de vanadium m\u00e9tal sont ajout\u00e9s \u00e0 la production d'acier sous la forme d'alliages de fer et d'azote au vanadium pour am\u00e9liorer la solidit\u00e9, la duret\u00e9, la ductilit\u00e9 et la r\u00e9sistance \u00e0 la chaleur de l'acier. L'acier alli\u00e9 \u00e0 haute r\u00e9sistance contenant du vanadium est largement utilis\u00e9 dans la production et la construction d'ol\u00e9oducs et de gazoducs, de b\u00e2timents, de ponts, de rails en acier et d'autres industries.<\/li>\n<li>Industrie chimique : Les compos\u00e9s de vanadium sont utilis\u00e9s comme catalyseurs, colorants c\u00e9ramiques, r\u00e9v\u00e9lateurs, d\u00e9shydratants et mati\u00e8res premi\u00e8res pour produire de l'oxyde de vanadium de haute puret\u00e9 ou du fer vanadium dans l'industrie chimique. Par exemple, le V205 a une activit\u00e9 sp\u00e9ciale en tant que catalyseur, et d'autres \u00e9l\u00e9ments sont difficiles \u00e0 remplacer.<\/li>\n<li>L'industrie des pigments et du verre : Les sels de vanadium ont une vari\u00e9t\u00e9 de couleurs, comme le vert, le rouge, le noir, le jaune, etc. Ces compos\u00e9s color\u00e9s du vanadium sont transform\u00e9s en pigments brillants, qui peuvent \u00eatre ajout\u00e9s au verre pour fabriquer du verre color\u00e9 ou utilis\u00e9s pour fabriquer diverses encres.<\/li>\n<li>Industrie des batteries : Les batteries redox \u00e0 flux de vanadium (VRB) constituent un syst\u00e8me prometteur de stockage d'\u00e9nergie \u00e0 haute capacit\u00e9. Par rapport aux autres batteries, elles pr\u00e9sentent les avantages d'une puissance nominale et d'une \u00e9nergie nominale ind\u00e9pendantes, ainsi que la possibilit\u00e9 d'augmenter la quantit\u00e9 d'\u00e9lectrolyte \u00e0 volont\u00e9 pour accro\u00eetre la capacit\u00e9 de la batterie.<\/li>\n<\/ul>\n<p>&nbsp;<\/p>","protected":false},"excerpt":{"rendered":"<p>Caract\u00e9ristiques du produit\uff1a<\/p>\n<p>Le morceau ou la poudre de vanadium m\u00e9tallique de Jinchun est d'une puret\u00e9 minimale de 99,5%. La taille peut \u00eatre ajust\u00e9e en fonction des demandes des clients.<\/p>\n<table>\n<tbody>\n<tr>\n<td>Nom de la marque<\/td>\n<td>Jinchun<\/td>\n<\/tr>\n<tr>\n<td>Origine<\/td>\n<td>Chine<\/td>\n<\/tr>\n<tr>\n<td>Nom du produit<\/td>\n<td>Vanadium m\u00e9tal en morceaux\/poudre<\/td>\n<\/tr>\n<tr>\n<td>Application<\/td>\n<td>Industrie chimique, acier, batteries, a\u00e9rospatiale, additifs, etc.<\/td>\n<\/tr>\n<tr>\n<td>Forme<\/td>\n<td>Poudre\/ grumeau<\/td>\n<\/tr>\n<tr>\n<td>Couleur<\/td>\n<td>Noir<\/td>\n<\/tr>\n<tr>\n<td>Taille<\/td>\n<td>\u00a060 mesh, 100 mesh, 200mesh, 325 mesh, lump, etc.<\/td>\n<\/tr>\n<tr>\n<td>Standard<\/td>\n<td>GB\/T 19001-2016\/ISO9001 : 2015<\/td>\n<\/tr>\n<tr>\n<td>La puret\u00e9<\/td>\n<td>V\uff1a99.5% min<\/td>\n<\/tr>\n<tr>\n<td>Mati\u00e8res premi\u00e8res<\/td>\n<td>Vanadium<\/td>\n<\/tr>\n<tr>\n<td>Emballage<\/td>\n<td>Tambours d'acier<\/td>\n<\/tr>\n<\/tbody>\n<\/table>","protected":false},"featured_media":4451,"comment_status":"open","ping_status":"closed","template":"","meta":{"_acf_changed":false},"product_brand":[],"product_cat":[57,61],"product_tag":[],"class_list":{"0":"post-4449","1":"product","2":"type-product","3":"status-publish","4":"has-post-thumbnail","6":"product_cat-battery-cathode-and-ceramics-metal-materials","7":"product_cat-other-materials","9":"first","10":"instock","11":"shipping-taxable","12":"product-type-simple"},"acf":[],"yoast_head":"<!-- This site is optimized with the Yoast SEO plugin v23.2 - https:\/\/yoast.com\/wordpress\/plugins\/seo\/ -->\n<title>Vanadium Metal Lump\/ Powder - Jinchun %<\/title>\n<meta name=\"description\" content=\"We are a Metal Materials manufacturer in China With rich experience in Vanadium Metal Lump\/ Powder , with Competitive price and top quality.\" \/>\n<meta name=\"robots\" content=\"index, follow, max-snippet:-1, max-image-preview:large, max-video-preview:-1\" \/>\n<link rel=\"canonical\" href=\"https:\/\/www.jinchunmetal.com\/fr_fr\/produit\/vanadium-metal-lump-powder\/\" \/>\n<meta property=\"og:locale\" content=\"fr_FR\" \/>\n<meta property=\"og:type\" content=\"article\" \/>\n<meta property=\"og:title\" content=\"Vanadium Metal Lump\/ Powder - Jinchun %\" \/>\n<meta property=\"og:description\" content=\"We are a Metal Materials manufacturer in China With rich experience in Vanadium Metal Lump\/ Powder , with Competitive price and top quality.\" \/>\n<meta property=\"og:url\" content=\"https:\/\/www.jinchunmetal.com\/fr_fr\/produit\/vanadium-metal-lump-powder\/\" \/>\n<meta property=\"og:site_name\" content=\"Chengdu Jinchun Metallic Materials Co.,Ltd.\" \/>\n<meta property=\"article:modified_time\" content=\"2025-05-29T02:47:59+00:00\" \/>\n<meta property=\"og:image\" content=\"https:\/\/www.jinchunmetal.com\/wp-content\/uploads\/2024\/09\/\u9492\u94c160\u76ee-1.jpg\" \/>\n\t<meta property=\"og:image:width\" content=\"1002\" \/>\n\t<meta property=\"og:image:height\" content=\"1002\" \/>\n\t<meta property=\"og:image:type\" content=\"image\/jpeg\" \/>\n<meta name=\"twitter:card\" content=\"summary_large_image\" \/>\n<meta name=\"twitter:label1\" content=\"Dur\u00e9e de lecture estim\u00e9e\" \/>\n\t<meta name=\"twitter:data1\" content=\"4 minutes\" \/>\n<script type=\"application\/ld+json\" class=\"yoast-schema-graph\">{\"@context\":\"https:\/\/schema.org\",\"@graph\":[{\"@type\":\"WebPage\",\"@id\":\"https:\/\/www.jinchunmetal.com\/product\/vanadium-metal-lump-powder\/\",\"url\":\"https:\/\/www.jinchunmetal.com\/product\/vanadium-metal-lump-powder\/\",\"name\":\"Vanadium Metal Lump\/ Powder - Jinchun %\",\"isPartOf\":{\"@id\":\"https:\/\/www.jinchunmetal.com\/#website\"},\"primaryImageOfPage\":{\"@id\":\"https:\/\/www.jinchunmetal.com\/product\/vanadium-metal-lump-powder\/#primaryimage\"},\"image\":{\"@id\":\"https:\/\/www.jinchunmetal.com\/product\/vanadium-metal-lump-powder\/#primaryimage\"},\"thumbnailUrl\":\"https:\/\/www.jinchunmetal.com\/wp-content\/uploads\/2024\/09\/\u9492\u94c160\u76ee-1.jpg\",\"datePublished\":\"2024-09-06T07:57:46+00:00\",\"dateModified\":\"2025-05-29T02:47:59+00:00\",\"description\":\"We are a Metal Materials manufacturer in China With rich experience in Vanadium Metal Lump\/ Powder , with Competitive price and top quality.\",\"breadcrumb\":{\"@id\":\"https:\/\/www.jinchunmetal.com\/product\/vanadium-metal-lump-powder\/#breadcrumb\"},\"inLanguage\":\"fr-FR\",\"potentialAction\":[{\"@type\":\"ReadAction\",\"target\":[\"https:\/\/www.jinchunmetal.com\/product\/vanadium-metal-lump-powder\/\"]}]},{\"@type\":\"ImageObject\",\"inLanguage\":\"fr-FR\",\"@id\":\"https:\/\/www.jinchunmetal.com\/product\/vanadium-metal-lump-powder\/#primaryimage\",\"url\":\"https:\/\/www.jinchunmetal.com\/wp-content\/uploads\/2024\/09\/\u9492\u94c160\u76ee-1.jpg\",\"contentUrl\":\"https:\/\/www.jinchunmetal.com\/wp-content\/uploads\/2024\/09\/\u9492\u94c160\u76ee-1.jpg\",\"width\":1002,\"height\":1002},{\"@type\":\"BreadcrumbList\",\"@id\":\"https:\/\/www.jinchunmetal.com\/product\/vanadium-metal-lump-powder\/#breadcrumb\",\"itemListElement\":[{\"@type\":\"ListItem\",\"position\":1,\"name\":\"\u9996\u9875\",\"item\":\"https:\/\/www.jinchunmetal.com\/\"},{\"@type\":\"ListItem\",\"position\":2,\"name\":\"Products\",\"item\":\"https:\/\/www.jinchunmetal.com\/fr_fr\/products\/\"},{\"@type\":\"ListItem\",\"position\":3,\"name\":\"Vanadium Metal Lump\/ Powder\"}]},{\"@type\":\"WebSite\",\"@id\":\"https:\/\/www.jinchunmetal.com\/#website\",\"url\":\"https:\/\/www.jinchunmetal.com\/\",\"name\":\"Chengdu Jinchun Metallic Materials Co.,Ltd.\",\"description\":\"Jinchun Metal\",\"potentialAction\":[{\"@type\":\"SearchAction\",\"target\":{\"@type\":\"EntryPoint\",\"urlTemplate\":\"https:\/\/www.jinchunmetal.com\/?s={search_term_string}\"},\"query-input\":\"required name=search_term_string\"}],\"inLanguage\":\"fr-FR\"}]}<\/script>\n<!-- \/ Yoast SEO plugin. -->","yoast_head_json":{"title":"Vanadium Metal Lump\/ Powder - Jinchun %","description":"We are a Metal Materials manufacturer in China With rich experience in Vanadium Metal Lump\/ Powder , with Competitive price and top quality.","robots":{"index":"index","follow":"follow","max-snippet":"max-snippet:-1","max-image-preview":"max-image-preview:large","max-video-preview":"max-video-preview:-1"},"canonical":"https:\/\/www.jinchunmetal.com\/fr_fr\/produit\/vanadium-metal-lump-powder\/","og_locale":"fr_FR","og_type":"article","og_title":"Vanadium Metal Lump\/ Powder - Jinchun %","og_description":"We are a Metal Materials manufacturer in China With rich experience in Vanadium Metal Lump\/ Powder , with Competitive price and top quality.","og_url":"https:\/\/www.jinchunmetal.com\/fr_fr\/produit\/vanadium-metal-lump-powder\/","og_site_name":"Chengdu Jinchun Metallic Materials Co.,Ltd.","article_modified_time":"2025-05-29T02:47:59+00:00","og_image":[{"width":1002,"height":1002,"url":"https:\/\/www.jinchunmetal.com\/wp-content\/uploads\/2024\/09\/\u9492\u94c160\u76ee-1.jpg","type":"image\/jpeg"}],"twitter_card":"summary_large_image","twitter_misc":{"Dur\u00e9e de lecture estim\u00e9e":"4 minutes"},"schema":{"@context":"https:\/\/schema.org","@graph":[{"@type":"WebPage","@id":"https:\/\/www.jinchunmetal.com\/product\/vanadium-metal-lump-powder\/","url":"https:\/\/www.jinchunmetal.com\/product\/vanadium-metal-lump-powder\/","name":"Vanadium Metal Lump\/ Powder - Jinchun %","isPartOf":{"@id":"https:\/\/www.jinchunmetal.com\/#website"},"primaryImageOfPage":{"@id":"https:\/\/www.jinchunmetal.com\/product\/vanadium-metal-lump-powder\/#primaryimage"},"image":{"@id":"https:\/\/www.jinchunmetal.com\/product\/vanadium-metal-lump-powder\/#primaryimage"},"thumbnailUrl":"https:\/\/www.jinchunmetal.com\/wp-content\/uploads\/2024\/09\/\u9492\u94c160\u76ee-1.jpg","datePublished":"2024-09-06T07:57:46+00:00","dateModified":"2025-05-29T02:47:59+00:00","description":"We are a Metal Materials manufacturer in China With rich experience in Vanadium Metal Lump\/ Powder , with Competitive price and top quality.","breadcrumb":{"@id":"https:\/\/www.jinchunmetal.com\/product\/vanadium-metal-lump-powder\/#breadcrumb"},"inLanguage":"fr-FR","potentialAction":[{"@type":"ReadAction","target":["https:\/\/www.jinchunmetal.com\/product\/vanadium-metal-lump-powder\/"]}]},{"@type":"ImageObject","inLanguage":"fr-FR","@id":"https:\/\/www.jinchunmetal.com\/product\/vanadium-metal-lump-powder\/#primaryimage","url":"https:\/\/www.jinchunmetal.com\/wp-content\/uploads\/2024\/09\/\u9492\u94c160\u76ee-1.jpg","contentUrl":"https:\/\/www.jinchunmetal.com\/wp-content\/uploads\/2024\/09\/\u9492\u94c160\u76ee-1.jpg","width":1002,"height":1002},{"@type":"BreadcrumbList","@id":"https:\/\/www.jinchunmetal.com\/product\/vanadium-metal-lump-powder\/#breadcrumb","itemListElement":[{"@type":"ListItem","position":1,"name":"\u9996\u9875","item":"https:\/\/www.jinchunmetal.com\/"},{"@type":"ListItem","position":2,"name":"Products","item":"https:\/\/www.jinchunmetal.com\/fr_fr\/products\/"},{"@type":"ListItem","position":3,"name":"Vanadium Metal Lump\/ Powder"}]},{"@type":"WebSite","@id":"https:\/\/www.jinchunmetal.com\/#website","url":"https:\/\/www.jinchunmetal.com\/","name":"Chengdu Jinchun Metallic Materials Co.,Ltd.","description":"Jinchun Metal","potentialAction":[{"@type":"SearchAction","target":{"@type":"EntryPoint","urlTemplate":"https:\/\/www.jinchunmetal.com\/?s={search_term_string}"},"query-input":"required name=search_term_string"}],"inLanguage":"fr-FR"}]}},"_links":{"self":[{"href":"https:\/\/www.jinchunmetal.com\/fr_fr\/wp-json\/wp\/v2\/product\/4449","targetHints":{"allow":["GET"]}}],"collection":[{"href":"https:\/\/www.jinchunmetal.com\/fr_fr\/wp-json\/wp\/v2\/product"}],"about":[{"href":"https:\/\/www.jinchunmetal.com\/fr_fr\/wp-json\/wp\/v2\/types\/product"}],"replies":[{"embeddable":true,"href":"https:\/\/www.jinchunmetal.com\/fr_fr\/wp-json\/wp\/v2\/comments?post=4449"}],"wp:featuredmedia":[{"embeddable":true,"href":"https:\/\/www.jinchunmetal.com\/fr_fr\/wp-json\/wp\/v2\/media\/4451"}],"wp:attachment":[{"href":"https:\/\/www.jinchunmetal.com\/fr_fr\/wp-json\/wp\/v2\/media?parent=4449"}],"wp:term":[{"taxonomy":"product_brand","embeddable":true,"href":"https:\/\/www.jinchunmetal.com\/fr_fr\/wp-json\/wp\/v2\/product_brand?post=4449"},{"taxonomy":"product_cat","embeddable":true,"href":"https:\/\/www.jinchunmetal.com\/fr_fr\/wp-json\/wp\/v2\/product_cat?post=4449"},{"taxonomy":"product_tag","embeddable":true,"href":"https:\/\/www.jinchunmetal.com\/fr_fr\/wp-json\/wp\/v2\/product_tag?post=4449"}],"curies":[{"name":"wp","href":"https:\/\/api.w.org\/{rel}","templated":true}]}}