{"id":3026,"date":"2024-07-17T18:06:53","date_gmt":"2024-07-17T10:06:53","guid":{"rendered":"http:\/\/www.jinchunmetal.com\/?page_id=3026"},"modified":"2024-08-19T11:19:24","modified_gmt":"2024-08-19T03:19:24","slug":"download","status":"publish","type":"page","link":"https:\/\/www.jinchunmetal.com\/pt\/download\/","title":{"rendered":"Descarregar"},"content":{"rendered":"<div data-elementor-type=\"wp-post\" data-elementor-id=\"3026\" class=\"elementor elementor-3026\">\n\t\t\t\t\t\t\t\t\t<section class=\"elementor-section elementor-top-section elementor-element elementor-element-e3db520 elementor-section-boxed elementor-section-height-default elementor-section-height-default\" data-id=\"e3db520\" data-element_type=\"section\">\n\t\t\t\t\t\t<div class=\"elementor-container elementor-column-gap-default\">\n\t\t\t\t\t<div class=\"elementor-column elementor-col-100 elementor-top-column elementor-element elementor-element-349d537\" data-id=\"349d537\" data-element_type=\"column\">\n\t\t\t<div class=\"elementor-widget-wrap elementor-element-populated\">\n\t\t\t\t\t\t\t\t<div class=\"elementor-element elementor-element-4a013a1 elementor-widget elementor-widget-woocommerce-breadcrumb\" data-id=\"4a013a1\" data-element_type=\"widget\" data-widget_type=\"woocommerce-breadcrumb.default\">\n\t\t\t\t<div class=\"elementor-widget-container\">\n\t\t\t<link rel=\"stylesheet\" href=\"https:\/\/www.jinchunmetal.com\/wp-content\/plugins\/elementor-pro\/assets\/css\/widget-woocommerce.min.css\"><nav class=\"woocommerce-breadcrumb\" aria-label=\"Breadcrumb\" data-no-translation=\"\" data-trp-gettext=\"\">In\u00edcio<\/nav>\t\t<\/div>\n\t\t\t\t<\/div>\n\t\t\t\t\t<\/div>\n\t\t<\/div>\n\t\t\t\t\t\t\t<\/div>\n\t\t<\/section>\n\t\t\t\t<section class=\"elementor-section elementor-top-section elementor-element elementor-element-47f602d elementor-section-boxed elementor-section-height-default elementor-section-height-default\" data-id=\"47f602d\" data-element_type=\"section\">\n\t\t\t\t\t\t<div class=\"elementor-container elementor-column-gap-default\">\n\t\t\t\t\t<div class=\"elementor-column elementor-col-100 elementor-top-column elementor-element elementor-element-75932ad\" data-id=\"75932ad\" data-element_type=\"column\">\n\t\t\t<div class=\"elementor-widget-wrap elementor-element-populated\">\n\t\t\t\t\t\t\t\t<div class=\"elementor-element elementor-element-78bdf92 elementor-widget elementor-widget-heading\" data-id=\"78bdf92\" data-element_type=\"widget\" data-widget_type=\"heading.default\">\n\t\t\t\t<div class=\"elementor-widget-container\">\n\t\t\t<style>\/*! elementor - v3.15.0 - 20-08-2023 *\/\n.elementor-heading-title{padding:0;margin:0;line-height:1}.elementor-widget-heading .elementor-heading-title[class*=elementor-size-]>a{color:inherit;font-size:inherit;line-height:inherit}.elementor-widget-heading .elementor-heading-title.elementor-size-small{font-size:15px}.elementor-widget-heading .elementor-heading-title.elementor-size-medium{font-size:19px}.elementor-widget-heading .elementor-heading-title.elementor-size-large{font-size:29px}.elementor-widget-heading .elementor-heading-title.elementor-size-xl{font-size:39px}.elementor-widget-heading .elementor-heading-title.elementor-size-xxl{font-size:59px}<\/style><h2 class=\"elementor-heading-title elementor-size-default elementor-heading-title elementor-size-default\">Descarregar<\/h2>\t\t<\/div>\n\t\t\t\t<\/div>\n\t\t\t\t<div class=\"elementor-element elementor-element-379cb70 elementor-widget elementor-widget-wp-widget-listpackages\" data-id=\"379cb70\" data-element_type=\"widget\" data-widget_type=\"wp-widget-listpackages.default\">\n\t\t\t\t<div class=\"elementor-widget-container\">\n\t\t\t                        <div class='w3eden'><!-- WPDM Link Template: Widget Template -->\n\n<div class=\"media well link-template-widget\">\n    <a class=\"mr-3 img-48\" href=\"https:\/\/www.jinchunmetal.com\/pt\/download\/company-presentation-in-english\/\">\n        <img decoding=\"async\" class=\"wpdm_icon\" alt=\"Icon\" src=\"https:\/\/www.jinchunmetal.com\/wp-content\/plugins\/download-manager\/assets\/file-type-icons\/pdf.svg\" \/>\n    <\/a>\n    <div class=\"media-body\">\n        <a href=\"https:\/\/www.jinchunmetal.com\/pt\/download\/company-presentation-in-english\/\" style=\"display: block;clear: bottom;font-size: 11pt;font-weight: bold;\">Apresenta\u00e7\u00e3o da empresa \u516c\u53f8\u4ecb\u7ecd (\u4e2d\u6587)<\/a>\n        <div style=\"font-size: 9pt;\">\n            <i class=\"fas fa-hdd color-green\"><\/i> 8,66 MB <i class=\"fa fa-copy ml-3\"><\/i>\n            1 ficheiro(s)\n        <\/div>\n    <\/div>\n<\/div>\n\n<!-- WPDM Link Template: Widget Template -->\n\n<div class=\"media well link-template-widget\">\n    <a class=\"mr-3 img-48\" href=\"https:\/\/www.jinchunmetal.com\/pt\/download\/comapny-presentation-in-english\/\">\n        <img decoding=\"async\" class=\"wpdm_icon\" alt=\"Icon\" src=\"https:\/\/www.jinchunmetal.com\/wp-content\/plugins\/download-manager\/assets\/file-type-icons\/pdf.svg\" \/>\n    <\/a>\n    <div class=\"media-body\">\n        <a href=\"https:\/\/www.jinchunmetal.com\/pt\/download\/comapny-presentation-in-english\/\" style=\"display: block;clear: bottom;font-size: 11pt;font-weight: bold;\">Apresenta\u00e7\u00e3o da empresa (em ingl\u00eas)<\/a>\n        <div style=\"font-size: 9pt;\">\n            <i class=\"fas fa-hdd color-green\"><\/i> 7,96 MB <i class=\"fa fa-copy ml-3\"><\/i>\n            1 ficheiro(s)\n        <\/div>\n    <\/div>\n<\/div>\n\n<!-- WPDM Link Template: Widget Template -->\n\n<div class=\"media well link-template-widget\">\n    <a class=\"mr-3 img-48\" href=\"https:\/\/www.jinchunmetal.com\/pt\/download\/the-brochure-in-2012\/\">\n        <img decoding=\"async\" class=\"wpdm_icon\" alt=\"Icon\" src=\"https:\/\/www.jinchunmetal.com\/wp-content\/plugins\/download-manager\/assets\/file-type-icons\/pdf.svg\" \/>\n    <\/a>\n    <div class=\"media-body\">\n        <a href=\"https:\/\/www.jinchunmetal.com\/pt\/download\/the-brochure-in-2012\/\" style=\"display: block;clear: bottom;font-size: 11pt;font-weight: bold;\">A brochura em 2012<\/a>\n        <div style=\"font-size: 9pt;\">\n            <i class=\"fas fa-hdd color-green\"><\/i> 6,48 MB <i class=\"fa fa-copy ml-3\"><\/i>\n            1 ficheiro(s)\n        <\/div>\n    <\/div>\n<\/div>\n\n<!-- WPDM Link Template: Widget Template -->\n\n<div class=\"media well link-template-widget\">\n    <a class=\"mr-3 img-48\" href=\"https:\/\/www.jinchunmetal.com\/pt\/download\/ghs-label-for-studying-use\/\">\n        <img decoding=\"async\" class=\"wpdm_icon\" alt=\"Icon\" src=\"https:\/\/www.jinchunmetal.com\/wp-content\/plugins\/download-manager\/assets\/file-type-icons\/pdf.svg\" \/>\n    <\/a>\n    <div class=\"media-body\">\n        <a href=\"https:\/\/www.jinchunmetal.com\/pt\/download\/ghs-label-for-studying-use\/\" style=\"display: block;clear: bottom;font-size: 11pt;font-weight: bold;\">Etiqueta GHS para utiliza\u00e7\u00e3o em estudos<\/a>\n        <div style=\"font-size: 9pt;\">\n            <i class=\"fas fa-hdd color-green\"><\/i> 281.36 KB <i class=\"fa fa-copy ml-3\"><\/i>\n            1 ficheiro(s)\n        <\/div>\n    <\/div>\n<\/div>\n\n<!-- WPDM Link Template: Widget Template -->\n\n<div class=\"media well link-template-widget\">\n    <a class=\"mr-3 img-48\" href=\"https:\/\/www.jinchunmetal.com\/pt\/download\/catalogue-2019-version\/\">\n        <img decoding=\"async\" class=\"wpdm_icon\" alt=\"Icon\" src=\"https:\/\/www.jinchunmetal.com\/wp-content\/plugins\/download-manager\/assets\/file-type-icons\/pdf.svg\" \/>\n    <\/a>\n    <div class=\"media-body\">\n        <a href=\"https:\/\/www.jinchunmetal.com\/pt\/download\/catalogue-2019-version\/\" style=\"display: block;clear: bottom;font-size: 11pt;font-weight: bold;\">Cat\u00e1logo vers\u00e3o 2019<\/a>\n        <div style=\"font-size: 9pt;\">\n            <i class=\"fas fa-hdd color-green\"><\/i> 119,65 KB <i class=\"fa fa-copy ml-3\"><\/i>\n            1 ficheiro(s)\n        <\/div>\n    <\/div>\n<\/div>\n\n<!-- WPDM Link Template: Widget Template -->\n\n<div class=\"media well link-template-widget\">\n    <a class=\"mr-3 img-48\" href=\"https:\/\/www.jinchunmetal.com\/pt\/download\/silicon-powder-2023-version\/\">\n        <img decoding=\"async\" class=\"wpdm_icon\" alt=\"Icon\" src=\"https:\/\/www.jinchunmetal.com\/wp-content\/plugins\/download-manager\/assets\/file-type-icons\/pdf.svg\" \/>\n    <\/a>\n    <div class=\"media-body\">\n        <a href=\"https:\/\/www.jinchunmetal.com\/pt\/download\/silicon-powder-2023-version\/\" style=\"display: block;clear: bottom;font-size: 11pt;font-weight: bold;\">Sil\u00edcio em p\u00f3 2023 Vers\u00e3o<\/a>\n        <div style=\"font-size: 9pt;\">\n            <i class=\"fas fa-hdd color-green\"><\/i> 64,69 KB <i class=\"fa fa-copy ml-3\"><\/i>\n            1 ficheiro(s)\n        <\/div>\n    <\/div>\n<\/div>\n\n<!-- WPDM Link Template: Widget Template -->\n\n<div class=\"media well link-template-widget\">\n    <a class=\"mr-3 img-48\" href=\"https:\/\/www.jinchunmetal.com\/pt\/download\/ferro-titanium-powder-2023-version\/\">\n        <img decoding=\"async\" class=\"wpdm_icon\" alt=\"Icon\" src=\"https:\/\/www.jinchunmetal.com\/wp-content\/plugins\/download-manager\/assets\/file-type-icons\/pdf.svg\" \/>\n    <\/a>\n    <div class=\"media-body\">\n        <a href=\"https:\/\/www.jinchunmetal.com\/pt\/download\/ferro-titanium-powder-2023-version\/\" style=\"display: block;clear: bottom;font-size: 11pt;font-weight: bold;\">Ferro Tit\u00e2nio em P\u00f3 2023 Vers\u00e3o<\/a>\n        <div style=\"font-size: 9pt;\">\n            <i class=\"fas fa-hdd color-green\"><\/i> 66,66 KB <i class=\"fa fa-copy ml-3\"><\/i>\n            1 ficheiro(s)\n        <\/div>\n    <\/div>\n<\/div>\n\n<!-- WPDM Link Template: Widget Template -->\n\n<div class=\"media well link-template-widget\">\n    <a class=\"mr-3 img-48\" href=\"https:\/\/www.jinchunmetal.com\/pt\/download\/broron-carbide-powder-version-2022\/\">\n        <img decoding=\"async\" class=\"wpdm_icon\" alt=\"Icon\" src=\"https:\/\/www.jinchunmetal.com\/wp-content\/plugins\/download-manager\/assets\/file-type-icons\/png.svg\" \/>\n    <\/a>\n    <div class=\"media-body\">\n        <a href=\"https:\/\/www.jinchunmetal.com\/pt\/download\/broron-carbide-powder-version-2022\/\" style=\"display: block;clear: bottom;font-size: 11pt;font-weight: bold;\">P\u00f3 de carboneto de br\u00f3mio Vers\u00e3o 2022<\/a>\n        <div style=\"font-size: 9pt;\">\n            <i class=\"fas fa-hdd color-green\"><\/i> 39.52 KB <i class=\"fa fa-copy ml-3\"><\/i>\n            1 ficheiro(s)\n        <\/div>\n    <\/div>\n<\/div>\n\n<\/div>\t\t<\/div>\n\t\t\t\t<\/div>\n\t\t\t\t\t<\/div>\n\t\t<\/div>\n\t\t\t\t\t\t\t<\/div>\n\t\t<\/section>\n\t\t\t\t<section class=\"elementor-section elementor-top-section elementor-element elementor-element-4c89e5d elementor-section-boxed elementor-section-height-default elementor-section-height-default\" data-id=\"4c89e5d\" data-element_type=\"section\">\n\t\t\t\t\t\t<div class=\"elementor-container elementor-column-gap-default\">\n\t\t\t\t\t<div class=\"elementor-column elementor-col-100 elementor-top-column elementor-element elementor-element-23fb309\" data-id=\"23fb309\" data-element_type=\"column\">\n\t\t\t<div class=\"elementor-widget-wrap elementor-element-populated\">\n\t\t\t\t\t\t\t\t<div class=\"elementor-element elementor-element-949e8bf elementor-widget elementor-widget-spacer\" data-id=\"949e8bf\" data-element_type=\"widget\" data-widget_type=\"spacer.default\">\n\t\t\t\t<div class=\"elementor-widget-container\">\n\t\t\t<style>\/*! elementor - v3.15.0 - 20-08-2023 *\/\n.elementor-column .elementor-spacer-inner{height:var(--spacer-size)}.e-con{--container-widget-width:100%}.e-con-inner>.elementor-widget-spacer,.e-con>.elementor-widget-spacer{width:var(--container-widget-width,var(--spacer-size));--align-self:var(--container-widget-align-self,initial);--flex-shrink:0}.e-con-inner>.elementor-widget-spacer>.elementor-widget-container,.e-con-inner>.elementor-widget-spacer>.elementor-widget-container>.elementor-spacer,.e-con>.elementor-widget-spacer>.elementor-widget-container,.e-con>.elementor-widget-spacer>.elementor-widget-container>.elementor-spacer{height:100%}.e-con-inner>.elementor-widget-spacer>.elementor-widget-container>.elementor-spacer>.elementor-spacer-inner,.e-con>.elementor-widget-spacer>.elementor-widget-container>.elementor-spacer>.elementor-spacer-inner{height:var(--container-widget-height,var(--spacer-size))}<\/style>\t\t<div class=\"elementor-spacer\">\n\t\t\t<div class=\"elementor-spacer-inner\"><\/div>\n\t\t<\/div>\n\t\t\t\t<\/div>\n\t\t\t\t<\/div>\n\t\t\t\t\t<\/div>\n\t\t<\/div>\n\t\t\t\t\t\t\t<\/div>\n\t\t<\/section>\n\t\t\t\t\t\t\t<\/div>","protected":false},"excerpt":{"rendered":"<p>Descarregar<\/p>","protected":false},"author":1,"featured_media":0,"parent":0,"menu_order":0,"comment_status":"closed","ping_status":"closed","template":"elementor_header_footer","meta":{"_acf_changed":false,"footnotes":""},"class_list":["post-3026","page","type-page","status-publish","hentry"],"acf":[],"yoast_head":"<!-- This site is optimized with the Yoast SEO plugin v23.2 - https:\/\/yoast.com\/wordpress\/plugins\/seo\/ -->\n<title>Download - Jinchun<\/title>\n<meta name=\"description\" content=\"This page provides the User Manual for all Jinchun Metal Material and Metal Powder products, the latest catalogs, brochures, and more files which can be downloaded and upgraded by yourself.\" \/>\n<meta name=\"robots\" content=\"index, follow, max-snippet:-1, max-image-preview:large, max-video-preview:-1\" \/>\n<link rel=\"canonical\" href=\"https:\/\/www.jinchunmetal.com\/pt\/download\/\" \/>\n<meta property=\"og:locale\" content=\"pt_PT\" \/>\n<meta property=\"og:type\" content=\"article\" \/>\n<meta property=\"og:title\" content=\"Download - Jinchun\" \/>\n<meta property=\"og:description\" content=\"This page provides the User Manual for all Jinchun Metal Material and Metal Powder products, the latest catalogs, brochures, and more files which can be downloaded and upgraded by yourself.\" \/>\n<meta property=\"og:url\" content=\"https:\/\/www.jinchunmetal.com\/pt\/download\/\" \/>\n<meta property=\"og:site_name\" content=\"Chengdu Jinchun Metallic Materials Co.,Ltd.\" \/>\n<meta property=\"article:modified_time\" content=\"2024-08-19T03:19:24+00:00\" \/>\n<meta name=\"twitter:card\" content=\"summary_large_image\" \/>\n<meta name=\"twitter:label1\" content=\"Tempo estimado de leitura\" \/>\n\t<meta name=\"twitter:data1\" content=\"1 minuto\" \/>\n<script type=\"application\/ld+json\" class=\"yoast-schema-graph\">{\"@context\":\"https:\/\/schema.org\",\"@graph\":[{\"@type\":\"WebPage\",\"@id\":\"https:\/\/www.jinchunmetal.com\/pt\/download\/\",\"url\":\"https:\/\/www.jinchunmetal.com\/pt\/download\/\",\"name\":\"Download - Jinchun\",\"isPartOf\":{\"@id\":\"https:\/\/www.jinchunmetal.com\/#website\"},\"datePublished\":\"2024-07-17T10:06:53+00:00\",\"dateModified\":\"2024-08-19T03:19:24+00:00\",\"description\":\"This page provides the User Manual for all Jinchun Metal Material and Metal Powder products, the latest catalogs, brochures, and more files which can be downloaded and upgraded by yourself.\",\"breadcrumb\":{\"@id\":\"https:\/\/www.jinchunmetal.com\/pt\/download\/#breadcrumb\"},\"inLanguage\":\"pt-PT\",\"potentialAction\":[{\"@type\":\"ReadAction\",\"target\":[\"https:\/\/www.jinchunmetal.com\/pt\/download\/\"]}]},{\"@type\":\"BreadcrumbList\",\"@id\":\"https:\/\/www.jinchunmetal.com\/pt\/download\/#breadcrumb\",\"itemListElement\":[{\"@type\":\"ListItem\",\"position\":1,\"name\":\"\u9996\u9875\",\"item\":\"https:\/\/www.jinchunmetal.com\/\"},{\"@type\":\"ListItem\",\"position\":2,\"name\":\"Download\"}]},{\"@type\":\"WebSite\",\"@id\":\"https:\/\/www.jinchunmetal.com\/#website\",\"url\":\"https:\/\/www.jinchunmetal.com\/\",\"name\":\"Chengdu Jinchun Metallic Materials Co.,Ltd.\",\"description\":\"Jinchun Metal\",\"potentialAction\":[{\"@type\":\"SearchAction\",\"target\":{\"@type\":\"EntryPoint\",\"urlTemplate\":\"https:\/\/www.jinchunmetal.com\/?s={search_term_string}\"},\"query-input\":\"required name=search_term_string\"}],\"inLanguage\":\"pt-PT\"}]}<\/script>\n<!-- \/ Yoast SEO plugin. -->","yoast_head_json":{"title":"Download - Jinchun","description":"This page provides the User Manual for all Jinchun Metal Material and Metal Powder products, the latest catalogs, brochures, and more files which can be downloaded and upgraded by yourself.","robots":{"index":"index","follow":"follow","max-snippet":"max-snippet:-1","max-image-preview":"max-image-preview:large","max-video-preview":"max-video-preview:-1"},"canonical":"https:\/\/www.jinchunmetal.com\/pt\/download\/","og_locale":"pt_PT","og_type":"article","og_title":"Download - Jinchun","og_description":"This page provides the User Manual for all Jinchun Metal Material and Metal Powder products, the latest catalogs, brochures, and more files which can be downloaded and upgraded by yourself.","og_url":"https:\/\/www.jinchunmetal.com\/pt\/download\/","og_site_name":"Chengdu Jinchun Metallic Materials Co.,Ltd.","article_modified_time":"2024-08-19T03:19:24+00:00","twitter_card":"summary_large_image","twitter_misc":{"Tempo estimado de leitura":"1 minuto"},"schema":{"@context":"https:\/\/schema.org","@graph":[{"@type":"WebPage","@id":"https:\/\/www.jinchunmetal.com\/pt\/download\/","url":"https:\/\/www.jinchunmetal.com\/pt\/download\/","name":"Download - Jinchun","isPartOf":{"@id":"https:\/\/www.jinchunmetal.com\/#website"},"datePublished":"2024-07-17T10:06:53+00:00","dateModified":"2024-08-19T03:19:24+00:00","description":"This page provides the User Manual for all Jinchun Metal Material and Metal Powder products, the latest catalogs, brochures, and more files which can be downloaded and upgraded by yourself.","breadcrumb":{"@id":"https:\/\/www.jinchunmetal.com\/pt\/download\/#breadcrumb"},"inLanguage":"pt-PT","potentialAction":[{"@type":"ReadAction","target":["https:\/\/www.jinchunmetal.com\/pt\/download\/"]}]},{"@type":"BreadcrumbList","@id":"https:\/\/www.jinchunmetal.com\/pt\/download\/#breadcrumb","itemListElement":[{"@type":"ListItem","position":1,"name":"\u9996\u9875","item":"https:\/\/www.jinchunmetal.com\/"},{"@type":"ListItem","position":2,"name":"Download"}]},{"@type":"WebSite","@id":"https:\/\/www.jinchunmetal.com\/#website","url":"https:\/\/www.jinchunmetal.com\/","name":"Chengdu Jinchun Metallic Materials Co.,Ltd.","description":"Jinchun Metal","potentialAction":[{"@type":"SearchAction","target":{"@type":"EntryPoint","urlTemplate":"https:\/\/www.jinchunmetal.com\/?s={search_term_string}"},"query-input":"required name=search_term_string"}],"inLanguage":"pt-PT"}]}},"_links":{"self":[{"href":"https:\/\/www.jinchunmetal.com\/pt\/wp-json\/wp\/v2\/pages\/3026","targetHints":{"allow":["GET"]}}],"collection":[{"href":"https:\/\/www.jinchunmetal.com\/pt\/wp-json\/wp\/v2\/pages"}],"about":[{"href":"https:\/\/www.jinchunmetal.com\/pt\/wp-json\/wp\/v2\/types\/page"}],"author":[{"embeddable":true,"href":"https:\/\/www.jinchunmetal.com\/pt\/wp-json\/wp\/v2\/users\/1"}],"replies":[{"embeddable":true,"href":"https:\/\/www.jinchunmetal.com\/pt\/wp-json\/wp\/v2\/comments?post=3026"}],"version-history":[{"count":16,"href":"https:\/\/www.jinchunmetal.com\/pt\/wp-json\/wp\/v2\/pages\/3026\/revisions"}],"predecessor-version":[{"id":3835,"href":"https:\/\/www.jinchunmetal.com\/pt\/wp-json\/wp\/v2\/pages\/3026\/revisions\/3835"}],"wp:attachment":[{"href":"https:\/\/www.jinchunmetal.com\/pt\/wp-json\/wp\/v2\/media?parent=3026"}],"curies":[{"name":"wp","href":"https:\/\/api.w.org\/{rel}","templated":true}]}}