{"id":346,"date":"2018-07-28T16:07:17","date_gmt":"2018-07-28T16:07:17","guid":{"rendered":"http:\/\/manufacturer.stylemixthemes.com\/?page_id=346"},"modified":"2024-08-19T11:13:37","modified_gmt":"2024-08-19T03:13:37","slug":"about-us","status":"publish","type":"page","link":"https:\/\/www.jinchunmetal.com\/pt\/about-us\/","title":{"rendered":"Sobre n\u00f3s"},"content":{"rendered":"<div data-elementor-type=\"wp-post\" data-elementor-id=\"346\" class=\"elementor elementor-346\">\n\t\t\t\t\t\t\t\t\t<section class=\"elementor-section elementor-top-section elementor-element elementor-element-e3db520 elementor-section-boxed elementor-section-height-default elementor-section-height-default\" data-id=\"e3db520\" data-element_type=\"section\">\n\t\t\t\t\t\t<div class=\"elementor-container elementor-column-gap-default\">\n\t\t\t\t\t<div class=\"elementor-column elementor-col-100 elementor-top-column elementor-element elementor-element-349d537\" data-id=\"349d537\" data-element_type=\"column\">\n\t\t\t<div class=\"elementor-widget-wrap elementor-element-populated\">\n\t\t\t\t\t\t\t\t<div class=\"elementor-element elementor-element-4a013a1 elementor-widget elementor-widget-woocommerce-breadcrumb\" data-id=\"4a013a1\" data-element_type=\"widget\" data-widget_type=\"woocommerce-breadcrumb.default\">\n\t\t\t\t<div class=\"elementor-widget-container\">\n\t\t\t<link rel=\"stylesheet\" href=\"https:\/\/www.jinchunmetal.com\/wp-content\/plugins\/elementor-pro\/assets\/css\/widget-woocommerce.min.css\"><nav class=\"woocommerce-breadcrumb\" aria-label=\"Breadcrumb\" data-no-translation=\"\" data-trp-gettext=\"\">In\u00edcio<\/nav>\t\t<\/div>\n\t\t\t\t<\/div>\n\t\t\t\t\t<\/div>\n\t\t<\/div>\n\t\t\t\t\t\t\t<\/div>\n\t\t<\/section>\n\t\t\t\t<section class=\"elementor-section elementor-top-section elementor-element elementor-element-47f602d elementor-section-boxed elementor-section-height-default elementor-section-height-default\" data-id=\"47f602d\" data-element_type=\"section\">\n\t\t\t\t\t\t<div class=\"elementor-container elementor-column-gap-default\">\n\t\t\t\t\t<div class=\"elementor-column elementor-col-50 elementor-top-column elementor-element elementor-element-9a67192\" data-id=\"9a67192\" data-element_type=\"column\">\n\t\t\t<div class=\"elementor-widget-wrap elementor-element-populated\">\n\t\t\t\t\t\t\t\t<div class=\"elementor-element elementor-element-23f5b62 elementor-widget elementor-widget-image\" data-id=\"23f5b62\" data-element_type=\"widget\" data-widget_type=\"image.default\">\n\t\t\t\t<div class=\"elementor-widget-container\">\n\t\t\t<style>\/*! elementor - v3.15.0 - 20-08-2023 *\/\n.elementor-widget-image{text-align:center}.elementor-widget-image a{display:inline-block}.elementor-widget-image a img[src$=\".svg\"]{width:48px}.elementor-widget-image img{vertical-align:middle;display:inline-block}<\/style>\t\t\t\t\t\t\t\t\t\t\t\t<img loading=\"lazy\" decoding=\"async\" width=\"800\" height=\"825\" src=\"https:\/\/www.jinchunmetal.com\/wp-content\/uploads\/2024\/08\/\u672a\u547d\u540d.jpg\" class=\"attachment-large size-large wp-image-3306\" alt=\"\" srcset=\"https:\/\/www.jinchunmetal.com\/wp-content\/uploads\/2024\/08\/\u672a\u547d\u540d.jpg 800w, https:\/\/www.jinchunmetal.com\/wp-content\/uploads\/2024\/08\/\u672a\u547d\u540d-291x300.jpg 291w, https:\/\/www.jinchunmetal.com\/wp-content\/uploads\/2024\/08\/\u672a\u547d\u540d-768x792.jpg 768w, https:\/\/www.jinchunmetal.com\/wp-content\/uploads\/2024\/08\/\u672a\u547d\u540d-12x12.jpg 12w\" sizes=\"auto, (max-width: 800px) 100vw, 800px\" \/>\t\t\t\t\t\t\t\t\t\t\t\t\t\t\t<\/div>\n\t\t\t\t<\/div>\n\t\t\t\t\t<\/div>\n\t\t<\/div>\n\t\t\t\t<div class=\"elementor-column elementor-col-50 elementor-top-column elementor-element elementor-element-75932ad\" data-id=\"75932ad\" data-element_type=\"column\">\n\t\t\t<div class=\"elementor-widget-wrap elementor-element-populated\">\n\t\t\t\t\t\t\t\t<div class=\"elementor-element elementor-element-78bdf92 elementor-widget elementor-widget-heading\" data-id=\"78bdf92\" data-element_type=\"widget\" data-widget_type=\"heading.default\">\n\t\t\t\t<div class=\"elementor-widget-container\">\n\t\t\t<style>\/*! elementor - v3.15.0 - 20-08-2023 *\/\n.elementor-heading-title{padding:0;margin:0;line-height:1}.elementor-widget-heading .elementor-heading-title[class*=elementor-size-]>a{color:inherit;font-size:inherit;line-height:inherit}.elementor-widget-heading .elementor-heading-title.elementor-size-small{font-size:15px}.elementor-widget-heading .elementor-heading-title.elementor-size-medium{font-size:19px}.elementor-widget-heading .elementor-heading-title.elementor-size-large{font-size:29px}.elementor-widget-heading .elementor-heading-title.elementor-size-xl{font-size:39px}.elementor-widget-heading .elementor-heading-title.elementor-size-xxl{font-size:59px}<\/style><h2 class=\"elementor-heading-title elementor-size-default elementor-heading-title elementor-size-default\">Vis\u00e3o geral da empresa<\/h2>\t\t<\/div>\n\t\t\t\t<\/div>\n\t\t\t\t<div class=\"elementor-element elementor-element-7bb2128 elementor-drop-cap-yes elementor-drop-cap-view-default elementor-widget elementor-widget-text-editor\" data-id=\"7bb2128\" data-element_type=\"widget\" data-settings=\"{&quot;drop_cap&quot;:&quot;yes&quot;}\" data-widget_type=\"text-editor.default\">\n\t\t\t\t<div class=\"elementor-widget-container\">\n\t\t\t<style>\/*! elementor - v3.15.0 - 20-08-2023 *\/\n.elementor-widget-text-editor.elementor-drop-cap-view-stacked .elementor-drop-cap{background-color:#69727d;color:#fff}.elementor-widget-text-editor.elementor-drop-cap-view-framed .elementor-drop-cap{color:#69727d;border:3px solid;background-color:transparent}.elementor-widget-text-editor:not(.elementor-drop-cap-view-default) .elementor-drop-cap{margin-top:8px}.elementor-widget-text-editor:not(.elementor-drop-cap-view-default) .elementor-drop-cap-letter{width:1em;height:1em}.elementor-widget-text-editor .elementor-drop-cap{float:left;text-align:center;line-height:1;font-size:50px}.elementor-widget-text-editor .elementor-drop-cap-letter{display:inline-block}<\/style>\t\t\t\t<p>\u00a0<\/p><p>A Chengdu Jinchun Metallic Materials Co., Ltd. come\u00e7ou como fabricante de p\u00f3s met\u00e1licos em 2012, com sede de produ\u00e7\u00e3o na cidade de Chengdu, localizada no sudoeste da China, e \u00e9 especializada em I&amp;D e produ\u00e7\u00e3o de p\u00f3s de ligas met\u00e1licas, p\u00f3s n\u00e3o ferrosos, materiais de terras raras e outros materiais relacionados com metais. Com a capacidade de produzir e integrar recursos de forma independente, estamos empenhados em fornecer aos clientes um p\u00f3 de metal one-stop e demandas de produtos de metal.<\/p><p>\u00a0<\/p><p>Estamos equipados com equipamento de atomiza\u00e7\u00e3o, esferoidiza\u00e7\u00e3o por plasma, tritura\u00e7\u00e3o, moagem de bolas, separa\u00e7\u00e3o magn\u00e9tica, remo\u00e7\u00e3o de ferro, moagem de fluxo de ar, metal pr\u00e9-ligado, redu\u00e7\u00e3o, etc., ), Revestimento por spray (FS, HVOF, APS), revestimento duro (PTA, revestimento a laser, TIG, etc.), metalurgia do p\u00f3 (PM, MIM), materiais condutores (EMI, EMC, etc.), , Impress\u00e3o 3D \uff08Fabrica\u00e7\u00e3o aditiva), c\u00e1todo de bateria e cer\u00e2mica, ferramentas de diamante e outras aplica\u00e7\u00f5es industriais. Acompanhamos de perto as necessidades do cliente para ajustar nossa estrutura de produtos.<\/p><p>\u00a0<\/p><p>\u00a0<\/p>\t\t\t\t\t\t<\/div>\n\t\t\t\t<\/div>\n\t\t\t\t\t<\/div>\n\t\t<\/div>\n\t\t\t\t\t\t\t<\/div>\n\t\t<\/section>\n\t\t\t\t<section class=\"elementor-section elementor-top-section elementor-element elementor-element-383685a elementor-section-boxed elementor-section-height-default elementor-section-height-default\" data-id=\"383685a\" data-element_type=\"section\">\n\t\t\t\t\t\t<div class=\"elementor-container elementor-column-gap-default\">\n\t\t\t\t\t<div class=\"elementor-column elementor-col-50 elementor-top-column elementor-element elementor-element-837a745\" data-id=\"837a745\" data-element_type=\"column\">\n\t\t\t<div class=\"elementor-widget-wrap elementor-element-populated\">\n\t\t\t\t\t\t\t\t<div class=\"elementor-element elementor-element-ffb6e34 elementor-widget elementor-widget-image\" data-id=\"ffb6e34\" data-element_type=\"widget\" data-widget_type=\"image.default\">\n\t\t\t\t<div class=\"elementor-widget-container\">\n\t\t\t\t\t\t\t\t\t\t\t\t\t\t\t<img loading=\"lazy\" decoding=\"async\" width=\"800\" height=\"533\" src=\"https:\/\/www.jinchunmetal.com\/wp-content\/uploads\/2024\/08\/\u5730\u56fe\u65b0\u7684_\u526f\u672c.png\" class=\"attachment-large size-large wp-image-3378\" alt=\"\" srcset=\"https:\/\/www.jinchunmetal.com\/wp-content\/uploads\/2024\/08\/\u5730\u56fe\u65b0\u7684_\u526f\u672c.png 800w, https:\/\/www.jinchunmetal.com\/wp-content\/uploads\/2024\/08\/\u5730\u56fe\u65b0\u7684_\u526f\u672c-300x200.png 300w, https:\/\/www.jinchunmetal.com\/wp-content\/uploads\/2024\/08\/\u5730\u56fe\u65b0\u7684_\u526f\u672c-768x512.png 768w, https:\/\/www.jinchunmetal.com\/wp-content\/uploads\/2024\/08\/\u5730\u56fe\u65b0\u7684_\u526f\u672c-18x12.png 18w\" sizes=\"auto, (max-width: 800px) 100vw, 800px\" \/>\t\t\t\t\t\t\t\t\t\t\t\t\t\t\t<\/div>\n\t\t\t\t<\/div>\n\t\t\t\t\t<\/div>\n\t\t<\/div>\n\t\t\t\t<div class=\"elementor-column elementor-col-50 elementor-top-column elementor-element elementor-element-fbd7898\" data-id=\"fbd7898\" data-element_type=\"column\">\n\t\t\t<div class=\"elementor-widget-wrap elementor-element-populated\">\n\t\t\t\t\t\t\t\t<div class=\"elementor-element elementor-element-4006df3 elementor-widget elementor-widget-text-editor\" data-id=\"4006df3\" data-element_type=\"widget\" data-widget_type=\"text-editor.default\">\n\t\t\t\t<div class=\"elementor-widget-container\">\n\t\t\t\t\t\t\t<p>Com as mudan\u00e7as na procura do mercado internacional, as actualiza\u00e7\u00f5es cont\u00ednuas das pol\u00edticas ambientais nacionais e a redu\u00e7\u00e3o m\u00e1xima de custos, estabelecemos parte das nossas linhas de produ\u00e7\u00e3o para produtos que dependem de mat\u00e9rias-primas importadas nas cidades portu\u00e1rias do leste da China, entretanto, para reduzir os custos de transporte de exporta\u00e7\u00e3o, especialmente para o p\u00f3 de ferro-cr\u00f3mio de alto carbono\/baixo carbono, p\u00f3 de ferro-tungst\u00e9nio, p\u00f3 de ferro-van\u00e1dio, p\u00f3 de ferro-tit\u00e2nio, p\u00f3 de ferro-molibd\u00e9nio e outros p\u00f3s de liga de ferro.<\/p><p>Em 2019, cri\u00e1mos uma empresa-irm\u00e3, a Sichuan Xin Jinchun Metallic Materials Co., Ltd., devido \u00e0s vantagens das pol\u00edticas nacionais. Por conseguinte, o volume de produ\u00e7\u00e3o de p\u00f3 de cr\u00f3mio, p\u00f3 de carboneto de cr\u00f3mio, p\u00f3 de sil\u00edcio, p\u00f3 de n\u00edquel, p\u00f3 de cobalto e outros p\u00f3s de metais n\u00e3o ferrosos melhorou consideravelmente, juntamente com a redu\u00e7\u00e3o de custos.<\/p><p>No processo de desenvolvimento, possu\u00edmos 2 marcas registadas, que s\u00e3o amplamente utilizadas nos nossos produtos de exporta\u00e7\u00e3o. Ao mesmo tempo, tamb\u00e9m podemos fornecer servi\u00e7os OEM e ODM.<\/p><p>A Jinchun Metal dedica-se a fornecer aos clientes a melhor qualidade, pre\u00e7os mais competitivos e entregas mais r\u00e1pidas. A nossa miss\u00e3o \u00e9 satisfazer as expectativas dos clientes.<\/p>\t\t\t\t\t\t<\/div>\n\t\t\t\t<\/div>\n\t\t\t\t\t<\/div>\n\t\t<\/div>\n\t\t\t\t\t\t\t<\/div>\n\t\t<\/section>\n\t\t\t\t<section class=\"elementor-section elementor-top-section elementor-element elementor-element-44e278b elementor-section-boxed elementor-section-height-default elementor-section-height-default\" data-id=\"44e278b\" data-element_type=\"section\">\n\t\t\t\t\t\t<div class=\"elementor-container elementor-column-gap-default\">\n\t\t\t\t\t<div class=\"elementor-column elementor-col-100 elementor-top-column elementor-element elementor-element-ac005aa\" data-id=\"ac005aa\" data-element_type=\"column\">\n\t\t\t<div class=\"elementor-widget-wrap elementor-element-populated\">\n\t\t\t\t\t\t\t\t<div class=\"elementor-element elementor-element-30c8a6b elementor-widget elementor-widget-spacer\" data-id=\"30c8a6b\" data-element_type=\"widget\" data-widget_type=\"spacer.default\">\n\t\t\t\t<div class=\"elementor-widget-container\">\n\t\t\t<style>\/*! elementor - v3.15.0 - 20-08-2023 *\/\n.elementor-column .elementor-spacer-inner{height:var(--spacer-size)}.e-con{--container-widget-width:100%}.e-con-inner>.elementor-widget-spacer,.e-con>.elementor-widget-spacer{width:var(--container-widget-width,var(--spacer-size));--align-self:var(--container-widget-align-self,initial);--flex-shrink:0}.e-con-inner>.elementor-widget-spacer>.elementor-widget-container,.e-con-inner>.elementor-widget-spacer>.elementor-widget-container>.elementor-spacer,.e-con>.elementor-widget-spacer>.elementor-widget-container,.e-con>.elementor-widget-spacer>.elementor-widget-container>.elementor-spacer{height:100%}.e-con-inner>.elementor-widget-spacer>.elementor-widget-container>.elementor-spacer>.elementor-spacer-inner,.e-con>.elementor-widget-spacer>.elementor-widget-container>.elementor-spacer>.elementor-spacer-inner{height:var(--container-widget-height,var(--spacer-size))}<\/style>\t\t<div class=\"elementor-spacer\">\n\t\t\t<div class=\"elementor-spacer-inner\"><\/div>\n\t\t<\/div>\n\t\t\t\t<\/div>\n\t\t\t\t<\/div>\n\t\t\t\t\t<\/div>\n\t\t<\/div>\n\t\t\t\t\t\t\t<\/div>\n\t\t<\/section>\n\t\t\t\t\t\t\t<\/div>","protected":false},"excerpt":{"rendered":"<p>Company Overview Chengdu Jinchun Metallic Materials Co., Ltd. starts from a metal powder manufacturer in 2012, with the production headquarter in Chengdu city that is located in the Southwest of China, specializes in the R&amp;D and production of ferroalloy powders, non-ferrous powders, rare earth materials, and other metal related materials. With the ability to produce [&hellip;]<\/p>","protected":false},"author":1,"featured_media":0,"parent":0,"menu_order":0,"comment_status":"closed","ping_status":"closed","template":"elementor_header_footer","meta":{"_acf_changed":false,"footnotes":""},"class_list":["post-346","page","type-page","status-publish","hentry"],"acf":[],"yoast_head":"<!-- This site is optimized with the Yoast SEO plugin v23.2 - https:\/\/yoast.com\/wordpress\/plugins\/seo\/ -->\n<title>About us - Jinchun<\/title>\n<meta name=\"description\" content=\"Jinchun, our core brand, leads the global market with quality, we are specializing in Metal Materials, focusing on the research and development of Metal Powders, with Competitive price and top quality.\" \/>\n<meta name=\"robots\" content=\"index, follow, max-snippet:-1, max-image-preview:large, max-video-preview:-1\" \/>\n<link rel=\"canonical\" href=\"https:\/\/www.jinchunmetal.com\/pt\/about-us\/\" \/>\n<meta property=\"og:locale\" content=\"pt_PT\" \/>\n<meta property=\"og:type\" content=\"article\" \/>\n<meta property=\"og:title\" content=\"About us - Jinchun\" \/>\n<meta property=\"og:description\" content=\"Jinchun, our core brand, leads the global market with quality, we are specializing in Metal Materials, focusing on the research and development of Metal Powders, with Competitive price and top quality.\" \/>\n<meta property=\"og:url\" content=\"https:\/\/www.jinchunmetal.com\/pt\/about-us\/\" \/>\n<meta property=\"og:site_name\" content=\"Chengdu Jinchun Metallic Materials Co.,Ltd.\" \/>\n<meta property=\"article:modified_time\" content=\"2024-08-19T03:13:37+00:00\" \/>\n<meta name=\"twitter:card\" content=\"summary_large_image\" \/>\n<meta name=\"twitter:label1\" content=\"Tempo estimado de leitura\" \/>\n\t<meta name=\"twitter:data1\" content=\"3 minutos\" \/>\n<script type=\"application\/ld+json\" class=\"yoast-schema-graph\">{\"@context\":\"https:\/\/schema.org\",\"@graph\":[{\"@type\":\"WebPage\",\"@id\":\"https:\/\/www.jinchunmetal.com\/about-us\/\",\"url\":\"https:\/\/www.jinchunmetal.com\/about-us\/\",\"name\":\"About us - Jinchun\",\"isPartOf\":{\"@id\":\"https:\/\/www.jinchunmetal.com\/#website\"},\"datePublished\":\"2018-07-28T16:07:17+00:00\",\"dateModified\":\"2024-08-19T03:13:37+00:00\",\"description\":\"Jinchun, our core brand, leads the global market with quality, we are specializing in Metal Materials, focusing on the research and development of Metal Powders, with Competitive price and top quality.\",\"breadcrumb\":{\"@id\":\"https:\/\/www.jinchunmetal.com\/about-us\/#breadcrumb\"},\"inLanguage\":\"pt-PT\",\"potentialAction\":[{\"@type\":\"ReadAction\",\"target\":[\"https:\/\/www.jinchunmetal.com\/about-us\/\"]}]},{\"@type\":\"BreadcrumbList\",\"@id\":\"https:\/\/www.jinchunmetal.com\/about-us\/#breadcrumb\",\"itemListElement\":[{\"@type\":\"ListItem\",\"position\":1,\"name\":\"\u9996\u9875\",\"item\":\"https:\/\/www.jinchunmetal.com\/\"},{\"@type\":\"ListItem\",\"position\":2,\"name\":\"About Us\"}]},{\"@type\":\"WebSite\",\"@id\":\"https:\/\/www.jinchunmetal.com\/#website\",\"url\":\"https:\/\/www.jinchunmetal.com\/\",\"name\":\"Chengdu Jinchun Metallic Materials Co.,Ltd.\",\"description\":\"Jinchun Metal\",\"potentialAction\":[{\"@type\":\"SearchAction\",\"target\":{\"@type\":\"EntryPoint\",\"urlTemplate\":\"https:\/\/www.jinchunmetal.com\/?s={search_term_string}\"},\"query-input\":\"required name=search_term_string\"}],\"inLanguage\":\"pt-PT\"}]}<\/script>\n<!-- \/ Yoast SEO plugin. -->","yoast_head_json":{"title":"About us - Jinchun","description":"Jinchun, our core brand, leads the global market with quality, we are specializing in Metal Materials, focusing on the research and development of Metal Powders, with Competitive price and top quality.","robots":{"index":"index","follow":"follow","max-snippet":"max-snippet:-1","max-image-preview":"max-image-preview:large","max-video-preview":"max-video-preview:-1"},"canonical":"https:\/\/www.jinchunmetal.com\/pt\/about-us\/","og_locale":"pt_PT","og_type":"article","og_title":"About us - Jinchun","og_description":"Jinchun, our core brand, leads the global market with quality, we are specializing in Metal Materials, focusing on the research and development of Metal Powders, with Competitive price and top quality.","og_url":"https:\/\/www.jinchunmetal.com\/pt\/about-us\/","og_site_name":"Chengdu Jinchun Metallic Materials Co.,Ltd.","article_modified_time":"2024-08-19T03:13:37+00:00","twitter_card":"summary_large_image","twitter_misc":{"Tempo estimado de leitura":"3 minutos"},"schema":{"@context":"https:\/\/schema.org","@graph":[{"@type":"WebPage","@id":"https:\/\/www.jinchunmetal.com\/about-us\/","url":"https:\/\/www.jinchunmetal.com\/about-us\/","name":"About us - Jinchun","isPartOf":{"@id":"https:\/\/www.jinchunmetal.com\/#website"},"datePublished":"2018-07-28T16:07:17+00:00","dateModified":"2024-08-19T03:13:37+00:00","description":"Jinchun, our core brand, leads the global market with quality, we are specializing in Metal Materials, focusing on the research and development of Metal Powders, with Competitive price and top quality.","breadcrumb":{"@id":"https:\/\/www.jinchunmetal.com\/about-us\/#breadcrumb"},"inLanguage":"pt-PT","potentialAction":[{"@type":"ReadAction","target":["https:\/\/www.jinchunmetal.com\/about-us\/"]}]},{"@type":"BreadcrumbList","@id":"https:\/\/www.jinchunmetal.com\/about-us\/#breadcrumb","itemListElement":[{"@type":"ListItem","position":1,"name":"\u9996\u9875","item":"https:\/\/www.jinchunmetal.com\/"},{"@type":"ListItem","position":2,"name":"About Us"}]},{"@type":"WebSite","@id":"https:\/\/www.jinchunmetal.com\/#website","url":"https:\/\/www.jinchunmetal.com\/","name":"Chengdu Jinchun Metallic Materials Co.,Ltd.","description":"Jinchun Metal","potentialAction":[{"@type":"SearchAction","target":{"@type":"EntryPoint","urlTemplate":"https:\/\/www.jinchunmetal.com\/?s={search_term_string}"},"query-input":"required name=search_term_string"}],"inLanguage":"pt-PT"}]}},"_links":{"self":[{"href":"https:\/\/www.jinchunmetal.com\/pt\/wp-json\/wp\/v2\/pages\/346","targetHints":{"allow":["GET"]}}],"collection":[{"href":"https:\/\/www.jinchunmetal.com\/pt\/wp-json\/wp\/v2\/pages"}],"about":[{"href":"https:\/\/www.jinchunmetal.com\/pt\/wp-json\/wp\/v2\/types\/page"}],"author":[{"embeddable":true,"href":"https:\/\/www.jinchunmetal.com\/pt\/wp-json\/wp\/v2\/users\/1"}],"replies":[{"embeddable":true,"href":"https:\/\/www.jinchunmetal.com\/pt\/wp-json\/wp\/v2\/comments?post=346"}],"version-history":[{"count":43,"href":"https:\/\/www.jinchunmetal.com\/pt\/wp-json\/wp\/v2\/pages\/346\/revisions"}],"predecessor-version":[{"id":3829,"href":"https:\/\/www.jinchunmetal.com\/pt\/wp-json\/wp\/v2\/pages\/346\/revisions\/3829"}],"wp:attachment":[{"href":"https:\/\/www.jinchunmetal.com\/pt\/wp-json\/wp\/v2\/media?parent=346"}],"curies":[{"name":"wp","href":"https:\/\/api.w.org\/{rel}","templated":true}]}}