{"id":3578,"date":"2024-08-08T09:49:00","date_gmt":"2024-08-08T01:49:00","guid":{"rendered":"http:\/\/www.jinchunmetal.com\/?post_type=product&#038;p=3578"},"modified":"2025-05-28T13:46:47","modified_gmt":"2025-05-28T05:46:47","slug":"welding-consumables-metal-materails-cast-tungsten-carbide-powder","status":"publish","type":"product","link":"https:\/\/www.jinchunmetal.com\/pt\/produto\/welding-consumables-metal-materails-cast-tungsten-carbide-powder\/","title":{"rendered":"Consum\u00edveis de soldadura Materiais met\u00e1licos P\u00f3 de carboneto de tungst\u00e9nio fundido"},"content":{"rendered":"<p><strong>Car\u00e1cter do produto<\/strong><\/p>\n<p>A dureza do carboneto de tungst\u00e9nio \u00e9 extremamente elevada, com uma dureza de Mohs de 8,5-9, apenas atr\u00e1s do diamante. O carboneto de tungst\u00e9nio tem uma elevada resist\u00eancia ao desgaste e \u00e0 corros\u00e3o, pelo que tamb\u00e9m \u00e9 utilizado para fabricar revestimentos de prote\u00e7\u00e3o t\u00e9rmica resistentes ao desgaste para ferramentas de desgaste f\u00e1cil nas ind\u00fastrias aeroespacial e de precis\u00e3o. O p\u00f3 de carboneto de tungst\u00e9nio fundido \u00e9 um material utilizado para refor\u00e7ar a superf\u00edcie de ferramentas de perfura\u00e7\u00e3o de \u00f3leo de soldadura, maquinaria de materiais de constru\u00e7\u00e3o, maquinaria de gr\u00e3os e outras pe\u00e7as de desgaste f\u00e1cil. Tamb\u00e9m pode ser utilizado em consum\u00edveis de soldadura em vez de parte do p\u00f3 de tungst\u00e9nio para reduzir o custo.<\/p>\n<p>O teor t\u00edpico de W \u00e9 de cerca de 95%.<\/p>\n<p>&nbsp;<\/p>\n<p><strong>2.Especifica\u00e7\u00e3o<\/strong><\/p>\n<p>P\u00f3 de carboneto de tungst\u00e9nio fundido<\/p>\n<table width=\"871\">\n<tbody>\n<tr>\n<td width=\"122\">Nome\/tipo<\/td>\n<td width=\"100\">Elemento<\/td>\n<td width=\"79\">W<\/td>\n<td width=\"79\">T.C<\/td>\n<td width=\"74\">F.C<\/td>\n<td width=\"79\">Fe<\/td>\n<td width=\"71\">Co<\/td>\n<td width=\"73\">Cu<\/td>\n<td width=\"78\">V<\/td>\n<td width=\"65\">Ti<\/td>\n<td width=\"51\">Ni<\/td>\n<\/tr>\n<tr>\n<td>P\u00f3 de carboneto de tungst\u00e9nio fundido<\/td>\n<td>Resultado\uff08%\uff09<\/td>\n<td width=\"79\">94.39<\/td>\n<td width=\"79\">3.5<\/td>\n<td width=\"74\">0.07<\/td>\n<td width=\"79\">0.51<\/td>\n<td width=\"71\">0.03<\/td>\n<td width=\"73\">0.155<\/td>\n<td width=\"78\">0.014<\/td>\n<td width=\"65\">0.1<\/td>\n<td width=\"51\">1.20<\/td>\n<\/tr>\n<\/tbody>\n<\/table>\n<p><strong>3.Imagens das mat\u00e9rias-primas e da produ\u00e7\u00e3o<\/strong><\/p>\n<p>Fotos das mat\u00e9rias-primas:<\/p>\n<p><img loading=\"lazy\" decoding=\"async\" class=\"alignnone wp-image-3579\" src=\"http:\/\/www.jinchunmetal.com\/wp-content\/uploads\/2024\/08\/Tungsten-300x225.jpeg\" alt=\"\" width=\"369\" height=\"277\" srcset=\"https:\/\/www.jinchunmetal.com\/wp-content\/uploads\/2024\/08\/Tungsten-300x225.jpeg 300w, https:\/\/www.jinchunmetal.com\/wp-content\/uploads\/2024\/08\/Tungsten-1024x768.jpeg 1024w, https:\/\/www.jinchunmetal.com\/wp-content\/uploads\/2024\/08\/Tungsten-768x576.jpeg 768w, https:\/\/www.jinchunmetal.com\/wp-content\/uploads\/2024\/08\/Tungsten-1536x1152.jpeg 1536w, https:\/\/www.jinchunmetal.com\/wp-content\/uploads\/2024\/08\/Tungsten-16x12.jpeg 16w, https:\/\/www.jinchunmetal.com\/wp-content\/uploads\/2024\/08\/Tungsten-800x600.jpeg 800w, https:\/\/www.jinchunmetal.com\/wp-content\/uploads\/2024\/08\/Tungsten.jpeg 2000w\" sizes=\"auto, (max-width: 369px) 100vw, 369px\" \/><\/p>\n<p>Imagens de produ\u00e7\u00e3o:<\/p>\n<p><img loading=\"lazy\" decoding=\"async\" class=\"alignnone wp-image-3574\" src=\"http:\/\/www.jinchunmetal.com\/wp-content\/uploads\/2024\/08\/water-atomization-2-300x279.jpg\" alt=\"\" width=\"365\" height=\"339\" srcset=\"https:\/\/www.jinchunmetal.com\/wp-content\/uploads\/2024\/08\/water-atomization-2-300x279.jpg 300w, https:\/\/www.jinchunmetal.com\/wp-content\/uploads\/2024\/08\/water-atomization-2-1024x951.jpg 1024w, https:\/\/www.jinchunmetal.com\/wp-content\/uploads\/2024\/08\/water-atomization-2-768x713.jpg 768w, https:\/\/www.jinchunmetal.com\/wp-content\/uploads\/2024\/08\/water-atomization-2-1536x1426.jpg 1536w, https:\/\/www.jinchunmetal.com\/wp-content\/uploads\/2024\/08\/water-atomization-2-2048x1902.jpg 2048w, https:\/\/www.jinchunmetal.com\/wp-content\/uploads\/2024\/08\/water-atomization-2-13x12.jpg 13w, https:\/\/www.jinchunmetal.com\/wp-content\/uploads\/2024\/08\/water-atomization-2-800x743.jpg 800w\" sizes=\"auto, (max-width: 365px) 100vw, 365px\" \/><\/p>\n<p><strong>4.Aplica\u00e7\u00e3o<\/strong><\/p>\n<div data-slate-node=\"element\">O p\u00f3 de carboneto de tungst\u00e9nio fundido \u00e9 um material utilizado para refor\u00e7ar a superf\u00edcie de ferramentas de perfura\u00e7\u00e3o de \u00f3leo de soldadura, m\u00e1quinas de materiais de constru\u00e7\u00e3o, m\u00e1quinas de gr\u00e3os e outras pe\u00e7as de desgaste f\u00e1cil. Tamb\u00e9m pode ser utilizado em consum\u00edveis de soldadura em vez de parte do p\u00f3 de tungst\u00e9nio para reduzir o custo.<\/div>\n<div data-slate-node=\"element\"><img loading=\"lazy\" decoding=\"async\" class=\"alignnone size-medium wp-image-3580\" src=\"http:\/\/www.jinchunmetal.com\/wp-content\/uploads\/2024\/08\/Wear-plate-300x300.jpeg\" alt=\"\" width=\"300\" height=\"300\" srcset=\"https:\/\/www.jinchunmetal.com\/wp-content\/uploads\/2024\/08\/Wear-plate-300x300.jpeg 300w, https:\/\/www.jinchunmetal.com\/wp-content\/uploads\/2024\/08\/Wear-plate-1024x1024.jpeg 1024w, https:\/\/www.jinchunmetal.com\/wp-content\/uploads\/2024\/08\/Wear-plate-150x150.jpeg 150w, https:\/\/www.jinchunmetal.com\/wp-content\/uploads\/2024\/08\/Wear-plate-768x768.jpeg 768w, https:\/\/www.jinchunmetal.com\/wp-content\/uploads\/2024\/08\/Wear-plate-1536x1536.jpeg 1536w, https:\/\/www.jinchunmetal.com\/wp-content\/uploads\/2024\/08\/Wear-plate-2048x2048.jpeg 2048w, https:\/\/www.jinchunmetal.com\/wp-content\/uploads\/2024\/08\/Wear-plate-12x12.jpeg 12w, https:\/\/www.jinchunmetal.com\/wp-content\/uploads\/2024\/08\/Wear-plate-75x75.jpeg 75w, https:\/\/www.jinchunmetal.com\/wp-content\/uploads\/2024\/08\/Wear-plate-800x800.jpeg 800w, https:\/\/www.jinchunmetal.com\/wp-content\/uploads\/2024\/08\/Wear-plate-100x100.jpeg 100w\" sizes=\"auto, (max-width: 300px) 100vw, 300px\" \/><img loading=\"lazy\" decoding=\"async\" class=\"alignnone wp-image-3581\" src=\"http:\/\/www.jinchunmetal.com\/wp-content\/uploads\/2024\/08\/ed81c200-65bd-4f35-be75-3bad084b8c9b-300x200.jpeg\" alt=\"\" width=\"452\" height=\"301\" srcset=\"https:\/\/www.jinchunmetal.com\/wp-content\/uploads\/2024\/08\/ed81c200-65bd-4f35-be75-3bad084b8c9b-300x200.jpeg 300w, https:\/\/www.jinchunmetal.com\/wp-content\/uploads\/2024\/08\/ed81c200-65bd-4f35-be75-3bad084b8c9b-1024x682.jpeg 1024w, https:\/\/www.jinchunmetal.com\/wp-content\/uploads\/2024\/08\/ed81c200-65bd-4f35-be75-3bad084b8c9b-768x511.jpeg 768w, https:\/\/www.jinchunmetal.com\/wp-content\/uploads\/2024\/08\/ed81c200-65bd-4f35-be75-3bad084b8c9b-1536x1022.jpeg 1536w, https:\/\/www.jinchunmetal.com\/wp-content\/uploads\/2024\/08\/ed81c200-65bd-4f35-be75-3bad084b8c9b-2048x1363.jpeg 2048w, https:\/\/www.jinchunmetal.com\/wp-content\/uploads\/2024\/08\/ed81c200-65bd-4f35-be75-3bad084b8c9b-18x12.jpeg 18w, https:\/\/www.jinchunmetal.com\/wp-content\/uploads\/2024\/08\/ed81c200-65bd-4f35-be75-3bad084b8c9b-800x533.jpeg 800w\" sizes=\"auto, (max-width: 452px) 100vw, 452px\" \/><\/div>","protected":false},"excerpt":{"rendered":"<p>Car\u00e1cter do produto\uff1a<\/p>\n<p>A dureza do carboneto de tungst\u00e9nio \u00e9 extremamente elevada, com uma dureza de Mohs de 8,5-9, apenas atr\u00e1s do diamante. O carboneto de tungst\u00e9nio tem uma elevada resist\u00eancia ao desgaste e \u00e0 corros\u00e3o, pelo que tamb\u00e9m \u00e9 utilizado para fabricar revestimentos de prote\u00e7\u00e3o t\u00e9rmica resistentes ao desgaste para ferramentas de desgaste f\u00e1cil nas ind\u00fastrias aeroespacial e de precis\u00e3o. O p\u00f3 de carboneto de tungst\u00e9nio fundido \u00e9 um material utilizado para refor\u00e7ar a superf\u00edcie de ferramentas de perfura\u00e7\u00e3o de \u00f3leo de soldadura, maquinaria de materiais de constru\u00e7\u00e3o, maquinaria de gr\u00e3os e outras pe\u00e7as de desgaste f\u00e1cil. Tamb\u00e9m pode ser utilizado em consum\u00edveis de soldadura em vez de parte do p\u00f3 de tungst\u00e9nio para reduzir o custo.<\/p>\n<p>O teor t\u00edpico de W \u00e9 de cerca de 95%.<\/p>\n<table>\n<tbody>\n<tr>\n<td>Nome da marca<\/td>\n<td>Jinchun<\/td>\n<\/tr>\n<tr>\n<td>Origem<\/td>\n<td>China<\/td>\n<\/tr>\n<tr>\n<td>Nome do produto<\/td>\n<td>P\u00f3 de carboneto de tungst\u00e9nio fundido<\/td>\n<\/tr>\n<tr>\n<td>Aplica\u00e7\u00e3o<\/td>\n<td>Consum\u00edveis de soldadura, refor\u00e7o da superf\u00edcie de soldadura de ferramentas de perfura\u00e7\u00e3o de petr\u00f3leo e outras pe\u00e7as de desgaste f\u00e1cil.<\/td>\n<\/tr>\n<tr>\n<td>Forma<\/td>\n<td>P\u00f3<\/td>\n<\/tr>\n<tr>\n<td>Cor<\/td>\n<td>Cinzento met\u00e1lico<\/td>\n<\/tr>\n<tr>\n<td>Tamanho<\/td>\n<td>40mesh, 60 mesh, 80 mesh, 100 mesh, 200 mesh, 300mesh<\/td>\n<\/tr>\n<tr>\n<td>Padr\u00e3o<\/td>\n<td>GB\/T 19001-2016\/ISO9001: 2015<\/td>\n<\/tr>\n<tr>\n<td>Pureza<\/td>\n<td>W: 95%, TC: 3-4%<\/td>\n<\/tr>\n<tr>\n<td>Material<\/td>\n<td>Tungst\u00e9nio, pr\u00e9-liga de carbono<\/td>\n<\/tr>\n<tr>\n<td>Embalagem<\/td>\n<td>Tambores de a\u00e7o, sacos de tonelada<\/td>\n<\/tr>\n<\/tbody>\n<\/table>","protected":false},"featured_media":3618,"comment_status":"open","ping_status":"closed","template":"","meta":{"_acf_changed":false},"product_brand":[],"product_cat":[15],"product_tag":[],"class_list":{"0":"post-3578","1":"product","2":"type-product","3":"status-publish","4":"has-post-thumbnail","6":"product_cat-welding-consumables-metal-materials","8":"first","9":"instock","10":"shipping-taxable","11":"product-type-simple"},"acf":[],"yoast_head":"<!-- This site is optimized with the Yoast SEO plugin v23.2 - https:\/\/yoast.com\/wordpress\/plugins\/seo\/ -->\n<title>Welding Consumables Metal Materials Cast tungsten carbide powder - Jinchun %<\/title>\n<meta name=\"description\" content=\"We are a Metal Materials manufacturer in China With rich experience in Welding Consumables Metal Materials Cast tungsten carbide powder , with Competitive price and top quality.\" \/>\n<meta name=\"robots\" content=\"index, follow, max-snippet:-1, max-image-preview:large, max-video-preview:-1\" \/>\n<link rel=\"canonical\" href=\"https:\/\/www.jinchunmetal.com\/pt\/produto\/welding-consumables-metal-materails-cast-tungsten-carbide-powder\/\" \/>\n<meta property=\"og:locale\" content=\"pt_PT\" \/>\n<meta property=\"og:type\" content=\"article\" \/>\n<meta property=\"og:title\" content=\"Welding Consumables Metal Materials Cast tungsten carbide powder - Jinchun %\" \/>\n<meta property=\"og:description\" content=\"We are a Metal Materials manufacturer in China With rich experience in Welding Consumables Metal Materials Cast tungsten carbide powder , with Competitive price and top quality.\" \/>\n<meta property=\"og:url\" content=\"https:\/\/www.jinchunmetal.com\/pt\/produto\/welding-consumables-metal-materails-cast-tungsten-carbide-powder\/\" \/>\n<meta property=\"og:site_name\" content=\"Chengdu Jinchun Metallic Materials Co.,Ltd.\" \/>\n<meta property=\"article:modified_time\" content=\"2025-05-28T05:46:47+00:00\" \/>\n<meta property=\"og:image\" content=\"https:\/\/www.jinchunmetal.com\/wp-content\/uploads\/2024\/08\/\u94a8\u94c160\u76ee-2-1.jpg\" \/>\n\t<meta property=\"og:image:width\" content=\"1001\" \/>\n\t<meta property=\"og:image:height\" content=\"1001\" \/>\n\t<meta property=\"og:image:type\" content=\"image\/jpeg\" \/>\n<meta name=\"twitter:card\" content=\"summary_large_image\" \/>\n<meta name=\"twitter:label1\" content=\"Tempo estimado de leitura\" \/>\n\t<meta name=\"twitter:data1\" content=\"3 minutos\" \/>\n<script type=\"application\/ld+json\" class=\"yoast-schema-graph\">{\"@context\":\"https:\/\/schema.org\",\"@graph\":[{\"@type\":\"WebPage\",\"@id\":\"https:\/\/www.jinchunmetal.com\/product\/welding-consumables-metal-materails-cast-tungsten-carbide-powder\/\",\"url\":\"https:\/\/www.jinchunmetal.com\/product\/welding-consumables-metal-materails-cast-tungsten-carbide-powder\/\",\"name\":\"Welding Consumables Metal Materials Cast tungsten carbide powder - Jinchun %\",\"isPartOf\":{\"@id\":\"https:\/\/www.jinchunmetal.com\/#website\"},\"primaryImageOfPage\":{\"@id\":\"https:\/\/www.jinchunmetal.com\/product\/welding-consumables-metal-materails-cast-tungsten-carbide-powder\/#primaryimage\"},\"image\":{\"@id\":\"https:\/\/www.jinchunmetal.com\/product\/welding-consumables-metal-materails-cast-tungsten-carbide-powder\/#primaryimage\"},\"thumbnailUrl\":\"https:\/\/www.jinchunmetal.com\/wp-content\/uploads\/2024\/08\/\u94a8\u94c160\u76ee-2-1.jpg\",\"datePublished\":\"2024-08-08T01:49:00+00:00\",\"dateModified\":\"2025-05-28T05:46:47+00:00\",\"description\":\"We are a Metal Materials manufacturer in China With rich experience in Welding Consumables Metal Materials Cast tungsten carbide powder , with Competitive price and top quality.\",\"breadcrumb\":{\"@id\":\"https:\/\/www.jinchunmetal.com\/product\/welding-consumables-metal-materails-cast-tungsten-carbide-powder\/#breadcrumb\"},\"inLanguage\":\"pt-PT\",\"potentialAction\":[{\"@type\":\"ReadAction\",\"target\":[\"https:\/\/www.jinchunmetal.com\/product\/welding-consumables-metal-materails-cast-tungsten-carbide-powder\/\"]}]},{\"@type\":\"ImageObject\",\"inLanguage\":\"pt-PT\",\"@id\":\"https:\/\/www.jinchunmetal.com\/product\/welding-consumables-metal-materails-cast-tungsten-carbide-powder\/#primaryimage\",\"url\":\"https:\/\/www.jinchunmetal.com\/wp-content\/uploads\/2024\/08\/\u94a8\u94c160\u76ee-2-1.jpg\",\"contentUrl\":\"https:\/\/www.jinchunmetal.com\/wp-content\/uploads\/2024\/08\/\u94a8\u94c160\u76ee-2-1.jpg\",\"width\":1001,\"height\":1001},{\"@type\":\"BreadcrumbList\",\"@id\":\"https:\/\/www.jinchunmetal.com\/product\/welding-consumables-metal-materails-cast-tungsten-carbide-powder\/#breadcrumb\",\"itemListElement\":[{\"@type\":\"ListItem\",\"position\":1,\"name\":\"\u9996\u9875\",\"item\":\"https:\/\/www.jinchunmetal.com\/\"},{\"@type\":\"ListItem\",\"position\":2,\"name\":\"Products\",\"item\":\"https:\/\/www.jinchunmetal.com\/fr_fr\/products\/\"},{\"@type\":\"ListItem\",\"position\":3,\"name\":\"Welding Consumables Metal Materials Cast tungsten carbide powder\"}]},{\"@type\":\"WebSite\",\"@id\":\"https:\/\/www.jinchunmetal.com\/#website\",\"url\":\"https:\/\/www.jinchunmetal.com\/\",\"name\":\"Chengdu Jinchun Metallic Materials Co.,Ltd.\",\"description\":\"Jinchun Metal\",\"potentialAction\":[{\"@type\":\"SearchAction\",\"target\":{\"@type\":\"EntryPoint\",\"urlTemplate\":\"https:\/\/www.jinchunmetal.com\/?s={search_term_string}\"},\"query-input\":\"required name=search_term_string\"}],\"inLanguage\":\"pt-PT\"}]}<\/script>\n<!-- \/ Yoast SEO plugin. -->","yoast_head_json":{"title":"Welding Consumables Metal Materials Cast tungsten carbide powder - Jinchun %","description":"We are a Metal Materials manufacturer in China With rich experience in Welding Consumables Metal Materials Cast tungsten carbide powder , with Competitive price and top quality.","robots":{"index":"index","follow":"follow","max-snippet":"max-snippet:-1","max-image-preview":"max-image-preview:large","max-video-preview":"max-video-preview:-1"},"canonical":"https:\/\/www.jinchunmetal.com\/pt\/produto\/welding-consumables-metal-materails-cast-tungsten-carbide-powder\/","og_locale":"pt_PT","og_type":"article","og_title":"Welding Consumables Metal Materials Cast tungsten carbide powder - Jinchun %","og_description":"We are a Metal Materials manufacturer in China With rich experience in Welding Consumables Metal Materials Cast tungsten carbide powder , with Competitive price and top quality.","og_url":"https:\/\/www.jinchunmetal.com\/pt\/produto\/welding-consumables-metal-materails-cast-tungsten-carbide-powder\/","og_site_name":"Chengdu Jinchun Metallic Materials Co.,Ltd.","article_modified_time":"2025-05-28T05:46:47+00:00","og_image":[{"width":1001,"height":1001,"url":"https:\/\/www.jinchunmetal.com\/wp-content\/uploads\/2024\/08\/\u94a8\u94c160\u76ee-2-1.jpg","type":"image\/jpeg"}],"twitter_card":"summary_large_image","twitter_misc":{"Tempo estimado de leitura":"3 minutos"},"schema":{"@context":"https:\/\/schema.org","@graph":[{"@type":"WebPage","@id":"https:\/\/www.jinchunmetal.com\/product\/welding-consumables-metal-materails-cast-tungsten-carbide-powder\/","url":"https:\/\/www.jinchunmetal.com\/product\/welding-consumables-metal-materails-cast-tungsten-carbide-powder\/","name":"Welding Consumables Metal Materials Cast tungsten carbide powder - Jinchun %","isPartOf":{"@id":"https:\/\/www.jinchunmetal.com\/#website"},"primaryImageOfPage":{"@id":"https:\/\/www.jinchunmetal.com\/product\/welding-consumables-metal-materails-cast-tungsten-carbide-powder\/#primaryimage"},"image":{"@id":"https:\/\/www.jinchunmetal.com\/product\/welding-consumables-metal-materails-cast-tungsten-carbide-powder\/#primaryimage"},"thumbnailUrl":"https:\/\/www.jinchunmetal.com\/wp-content\/uploads\/2024\/08\/\u94a8\u94c160\u76ee-2-1.jpg","datePublished":"2024-08-08T01:49:00+00:00","dateModified":"2025-05-28T05:46:47+00:00","description":"We are a Metal Materials manufacturer in China With rich experience in Welding Consumables Metal Materials Cast tungsten carbide powder , with Competitive price and top quality.","breadcrumb":{"@id":"https:\/\/www.jinchunmetal.com\/product\/welding-consumables-metal-materails-cast-tungsten-carbide-powder\/#breadcrumb"},"inLanguage":"pt-PT","potentialAction":[{"@type":"ReadAction","target":["https:\/\/www.jinchunmetal.com\/product\/welding-consumables-metal-materails-cast-tungsten-carbide-powder\/"]}]},{"@type":"ImageObject","inLanguage":"pt-PT","@id":"https:\/\/www.jinchunmetal.com\/product\/welding-consumables-metal-materails-cast-tungsten-carbide-powder\/#primaryimage","url":"https:\/\/www.jinchunmetal.com\/wp-content\/uploads\/2024\/08\/\u94a8\u94c160\u76ee-2-1.jpg","contentUrl":"https:\/\/www.jinchunmetal.com\/wp-content\/uploads\/2024\/08\/\u94a8\u94c160\u76ee-2-1.jpg","width":1001,"height":1001},{"@type":"BreadcrumbList","@id":"https:\/\/www.jinchunmetal.com\/product\/welding-consumables-metal-materails-cast-tungsten-carbide-powder\/#breadcrumb","itemListElement":[{"@type":"ListItem","position":1,"name":"\u9996\u9875","item":"https:\/\/www.jinchunmetal.com\/"},{"@type":"ListItem","position":2,"name":"Products","item":"https:\/\/www.jinchunmetal.com\/fr_fr\/products\/"},{"@type":"ListItem","position":3,"name":"Welding Consumables Metal Materials Cast tungsten carbide powder"}]},{"@type":"WebSite","@id":"https:\/\/www.jinchunmetal.com\/#website","url":"https:\/\/www.jinchunmetal.com\/","name":"Chengdu Jinchun Metallic Materials Co.,Ltd.","description":"Jinchun Metal","potentialAction":[{"@type":"SearchAction","target":{"@type":"EntryPoint","urlTemplate":"https:\/\/www.jinchunmetal.com\/?s={search_term_string}"},"query-input":"required name=search_term_string"}],"inLanguage":"pt-PT"}]}},"_links":{"self":[{"href":"https:\/\/www.jinchunmetal.com\/pt\/wp-json\/wp\/v2\/product\/3578","targetHints":{"allow":["GET"]}}],"collection":[{"href":"https:\/\/www.jinchunmetal.com\/pt\/wp-json\/wp\/v2\/product"}],"about":[{"href":"https:\/\/www.jinchunmetal.com\/pt\/wp-json\/wp\/v2\/types\/product"}],"replies":[{"embeddable":true,"href":"https:\/\/www.jinchunmetal.com\/pt\/wp-json\/wp\/v2\/comments?post=3578"}],"wp:featuredmedia":[{"embeddable":true,"href":"https:\/\/www.jinchunmetal.com\/pt\/wp-json\/wp\/v2\/media\/3618"}],"wp:attachment":[{"href":"https:\/\/www.jinchunmetal.com\/pt\/wp-json\/wp\/v2\/media?parent=3578"}],"wp:term":[{"taxonomy":"product_brand","embeddable":true,"href":"https:\/\/www.jinchunmetal.com\/pt\/wp-json\/wp\/v2\/product_brand?post=3578"},{"taxonomy":"product_cat","embeddable":true,"href":"https:\/\/www.jinchunmetal.com\/pt\/wp-json\/wp\/v2\/product_cat?post=3578"},{"taxonomy":"product_tag","embeddable":true,"href":"https:\/\/www.jinchunmetal.com\/pt\/wp-json\/wp\/v2\/product_tag?post=3578"}],"curies":[{"name":"wp","href":"https:\/\/api.w.org\/{rel}","templated":true}]}}