{"id":3587,"date":"2024-08-08T10:54:45","date_gmt":"2024-08-08T02:54:45","guid":{"rendered":"http:\/\/www.jinchunmetal.com\/?post_type=product&#038;p=3587"},"modified":"2025-05-28T13:47:47","modified_gmt":"2025-05-28T05:47:47","slug":"absorbing-metal-materails-magnetic-core-iron-nickel-alloy-powder","status":"publish","type":"product","link":"https:\/\/www.jinchunmetal.com\/pt\/produto\/absorbing-metal-materails-magnetic-core-iron-nickel-alloy-powder\/","title":{"rendered":"Materiais met\u00e1licos absorventes N\u00facleo magn\u00e9tico P\u00f3 de liga de ferro e n\u00edquel"},"content":{"rendered":"<p><strong>Car\u00e1cter do produto<\/strong><\/p>\n<p><span data-slate-fragment=\"JTVCJTdCJTIydHlwZSUyMiUzQSUyMnBhcmFncmFwaCUyMiUyQyUyMmNoaWxkcmVuJTIyJTNBJTVCJTdCJTIyaWQlMjIlM0ElMjJqTDVST2xQR3dvJTIyJTJDJTIycGFyYUlkeCUyMiUzQTAlMkMlMjJzcmMlMjIlM0ElMjJHYXMlMjBhdG9taXphdGlvbiUyMHNvZnQlMjBtYWduZXRpYyUyMGFsbG95JTIwcG93ZGVyJTIwaXMlMjBtb3JlJTIwc3VpdGFibGUlMjBmb3IlMjBoaWdoLWVuZCUyMG1hZ25ldGljJTIwcG93ZGVyJTIwY29yZXMlMjBhbmQlMjBvdGhlciUyMGFwcGxpY2F0aW9ucyUyMHdpdGglMjBoaWdoJTIwcmVxdWlyZW1lbnRzJTIwZm9yJTIwcG93ZGVyJTIwY29hdGluZyUyMGR1ZSUyMHRvJTIwaXRzJTIwaGlnaCUyMHNwaGVyaWNpdHklMjBhbmQlMjBsb3clMjBpbXB1cml0eSUyMGNvbnRlbnQuJTIwV2lkZWx5JTIwdXNlZCUyMGluJTIwUEZDJTIwY2hva2UlMjBjb2lscyUyQyUyMHJlYWN0b3JzJTJDJTIwQVBGJTIwaW5kdWN0b3JzJTIwYW5kJTIwb3RoZXIlMjBkZXZpY2VzLiUyMiUyQyUyMmRzdCUyMiUzQSUyMiVFNiVCMCU5NCVFNCVCRCU5MyVFOSU5QiVCRSVFNSU4QyU5NiVFOCVCRCVBRiVFNyVBMyU4MSVFNSU5MCU4OCVFOSU4NyU5MSVFNyVCMiU4OSVFNiU5QyVBQiVFNSU5QiVBMCVFNSU4NSVCNiVFNyU5MCU4MyVFNSVCQSVBNiVFOSVBQiU5OCVFMyU4MCU4MSVFNiU5RCU4MiVFOCVCNCVBOCVFNSU5MCVBQiVFOSU4NyU4RiVFNCVCRCU4RSVFRiVCQyU4QyVFNiU5QiVCNCVFOSU4MCU4MiVFNSU5MCU4OCVFOSVBQiU5OCVFNyVBQiVBRiVFNyVBMyU4MSVFNyVCMiU4OSVFOCU4QSVBRiVFNSU5MiU4QyVFNSU4NSVCNiVFNCVCQiU5NiVFNSVBRiVCOSVFNyVCMiU4OSVFNiU5QyVBQiVFNiVCNiU4MiVFNSVCMSU4MiVFOCVBNiU4MSVFNiVCMSU4MiVFOSVBQiU5OCVFNyU5QSU4NCVFNSVCQSU5NCVFNyU5NCVBOCVFMyU4MCU4MiVFNSVCOSVCRiVFNiVCMyU5QiVFNSVCQSU5NCVFNyU5NCVBOCVFNCVCQSU4RVBGQyVFNiU4OSVCQyVFNiVCNSU4MSVFNSU5QyU4OCVFMyU4MCU4MSVFNyU5NCVCNSVFNiU4QSU5NyVFNSU5OSVBOCVFMyU4MCU4MUFQRiVFNyU5NCVCNSVFNiU4NCU5RiVFNyVBRCU4OSVFNSU5OSVBOCVFNCVCQiVCNiVFMyU4MCU4MiUyMiUyQyUyMm1ldGFkYXRhJTIyJTNBJTIyJTIyJTJDJTIybWV0YURhdGElMjIlM0ElNUIlNUQlMkMlMjJ0ZXh0JTIyJTNBJTIyR2FzJTIwYXRvbWl6YXRpb24lMjBzb2Z0JTIwbWFnbmV0aWMlMjBhbGxveSUyMHBvd2RlciUyMGlzJTIwbW9yZSUyMHN1aXRhYmxlJTIwZm9yJTIwaGlnaC1lbmQlMjBtYWduZXRpYyUyMHBvd2RlciUyMGNvcmVzJTIwYW5kJTIwb3RoZXIlMjBhcHBsaWNhdGlvbnMlMjB3aXRoJTIwaGlnaCUyMHJlcXVpcmVtZW50cyUyMGZvciUyMHBvd2RlciUyMGNvYXRpbmclMjBkdWUlMjB0byUyMGl0cyUyMGhpZ2glMjBzcGhlcmljaXR5JTIwYW5kJTIwbG93JTIwaW1wdXJpdHklMjBjb250ZW50LiUyMFdpZGVseSUyMHVzZWQlMjBpbiUyMFBGQyUyMGNob2tlJTIwY29pbHMlMkMlMjByZWFjdG9ycyUyQyUyMEFQRiUyMGluZHVjdG9ycyUyMGFuZCUyMG90aGVyJTIwZGV2aWNlcy4lMjIlN0QlNUQlN0QlNUQ=\">Gas atomization soft magnetic alloy powder is more suitable for high-end magnetic powder cores and other applications with high requirements for powder coating due to its high sphericity and low impurity content. Widely used in PFC choke coils, reactors, APF inductors and other devices.<\/span><\/p>\n<p>&nbsp;<\/p>\n<p><strong>2.Especifica\u00e7\u00e3o<\/strong><\/p>\n<p>Magnetic Core Iron Nickel Alloy Powder<\/p>\n<table style=\"border-collapse: collapse; width: 507.77pt;\" border=\"0\" width=\"677\" cellspacing=\"0\" cellpadding=\"0\">\n<tbody>\n<tr style=\"height: 17.25pt;\">\n<td class=\"et4\" style=\"height: 34.50pt; width: 91.50pt;\" rowspan=\"2\" width=\"122\" height=\"46\">FeNiHF301<\/td>\n<td class=\"et4\" style=\"width: 75.00pt;\" width=\"100\">Elemento<\/td>\n<td class=\"et5\" style=\"width: 59.25pt;\" width=\"79\">Ni<\/td>\n<td class=\"et5\" style=\"width: 59.25pt;\" width=\"79\">C<\/td>\n<td class=\"et5\" style=\"width: 55.50pt;\" width=\"74\">S<\/td>\n<td class=\"et5\" style=\"width: 59.25pt;\" width=\"79\">O<\/td>\n<td class=\"et5\" style=\"width: 53.25pt;\" width=\"71\">P<\/td>\n<td class=\"et5\" style=\"width: 54.75pt;\" width=\"73\">Fe<\/td>\n<\/tr>\n<tr style=\"height: 17.25pt;\">\n<td class=\"et4\">Resultado\uff08%\uff09<\/td>\n<td class=\"et5\" style=\"width: 59.25pt;\" width=\"79\">49.56<\/td>\n<td class=\"et5\" style=\"width: 59.25pt;\" width=\"79\">0.003<\/td>\n<td class=\"et5\" style=\"width: 55.50pt;\" width=\"74\">0.005<\/td>\n<td class=\"et5\" style=\"width: 59.25pt;\" width=\"79\">0.101<\/td>\n<td class=\"et5\" style=\"width: 53.25pt;\" width=\"71\">0.016<\/td>\n<td class=\"et5\" style=\"width: 54.75pt;\" width=\"73\">Bal.<\/td>\n<\/tr>\n<tr style=\"height: 17.25pt;\">\n<td class=\"et4\" style=\"height: 34.50pt;\" rowspan=\"2\" height=\"46\">FeNiHF305<\/td>\n<td class=\"et4\">Elemento<\/td>\n<td class=\"et5\" style=\"width: 59.25pt;\" width=\"79\">Ni<\/td>\n<td class=\"et5\" style=\"width: 59.25pt;\" width=\"79\">C<\/td>\n<td class=\"et5\" style=\"width: 55.50pt;\" width=\"74\">S<\/td>\n<td class=\"et5\" style=\"width: 59.25pt;\" width=\"79\">O<\/td>\n<td class=\"et5\" style=\"width: 53.25pt;\" width=\"71\">P<\/td>\n<td class=\"et5\" style=\"width: 54.75pt;\" width=\"73\"><\/td>\n<\/tr>\n<tr style=\"height: 17.25pt;\">\n<td class=\"et4\">Resultado\uff08%\uff09<\/td>\n<td class=\"et5\" style=\"width: 59.25pt;\" width=\"79\">49.56<\/td>\n<td class=\"et5\" style=\"width: 59.25pt;\" width=\"79\">0.003<\/td>\n<td class=\"et5\" style=\"width: 55.50pt;\" width=\"74\">0.005<\/td>\n<td class=\"et5\" style=\"width: 59.25pt;\" width=\"79\">0.101<\/td>\n<td class=\"et5\" style=\"width: 53.25pt;\" width=\"71\">0.016<\/td>\n<td class=\"et5\" style=\"width: 54.75pt;\" width=\"73\"><\/td>\n<\/tr>\n<\/tbody>\n<\/table>\n<p>&nbsp;<\/p>\n<p><strong>3.Typical features<\/strong><\/p>\n<p>-Excellent DC bias characteristics<br \/>\n-Lower losses<br \/>\n-Good temperature stability<\/p>\n<p><strong>4.Aplica\u00e7\u00e3o<\/strong><\/p>\n<div data-slate-node=\"element\">Magnetic Core Iron Nickel Alloy Powder is widely usde in <span data-slate-fragment=\"JTVCJTdCJTIydHlwZSUyMiUzQSUyMnBhcmFncmFwaCUyMiUyQyUyMmNoaWxkcmVuJTIyJTNBJTVCJTdCJTIyaWQlMjIlM0ElMjJqTDVST2xQR3dvJTIyJTJDJTIycGFyYUlkeCUyMiUzQTAlMkMlMjJzcmMlMjIlM0ElMjJHYXMlMjBhdG9taXphdGlvbiUyMHNvZnQlMjBtYWduZXRpYyUyMGFsbG95JTIwcG93ZGVyJTIwaXMlMjBtb3JlJTIwc3VpdGFibGUlMjBmb3IlMjBoaWdoLWVuZCUyMG1hZ25ldGljJTIwcG93ZGVyJTIwY29yZXMlMjBhbmQlMjBvdGhlciUyMGFwcGxpY2F0aW9ucyUyMHdpdGglMjBoaWdoJTIwcmVxdWlyZW1lbnRzJTIwZm9yJTIwcG93ZGVyJTIwY29hdGluZyUyMGR1ZSUyMHRvJTIwaXRzJTIwaGlnaCUyMHNwaGVyaWNpdHklMjBhbmQlMjBsb3clMjBpbXB1cml0eSUyMGNvbnRlbnQuJTIwV2lkZWx5JTIwdXNlZCUyMGluJTIwUEZDJTIwY2hva2UlMjBjb2lscyUyQyUyMHJlYWN0b3JzJTJDJTIwQVBGJTIwaW5kdWN0b3JzJTIwYW5kJTIwb3RoZXIlMjBkZXZpY2VzLiUyMiUyQyUyMmRzdCUyMiUzQSUyMiVFNiVCMCU5NCVFNCVCRCU5MyVFOSU5QiVCRSVFNSU4QyU5NiVFOCVCRCVBRiVFNyVBMyU4MSVFNSU5MCU4OCVFOSU4NyU5MSVFNyVCMiU4OSVFNiU5QyVBQiVFNSU5QiVBMCVFNSU4NSVCNiVFNyU5MCU4MyVFNSVCQSVBNiVFOSVBQiU5OCVFMyU4MCU4MSVFNiU5RCU4MiVFOCVCNCVBOCVFNSU5MCVBQiVFOSU4NyU4RiVFNCVCRCU4RSVFRiVCQyU4QyVFNiU5QiVCNCVFOSU4MCU4MiVFNSU5MCU4OCVFOSVBQiU5OCVFNyVBQiVBRiVFNyVBMyU4MSVFNyVCMiU4OSVFOCU4QSVBRiVFNSU5MiU4QyVFNSU4NSVCNiVFNCVCQiU5NiVFNSVBRiVCOSVFNyVCMiU4OSVFNiU5QyVBQiVFNiVCNiU4MiVFNSVCMSU4MiVFOCVBNiU4MSVFNiVCMSU4MiVFOSVBQiU5OCVFNyU5QSU4NCVFNSVCQSU5NCVFNyU5NCVBOCVFMyU4MCU4MiVFNSVCOSVCRiVFNiVCMyU5QiVFNSVCQSU5NCVFNyU5NCVBOCVFNCVCQSU4RVBGQyVFNiU4OSVCQyVFNiVCNSU4MSVFNSU5QyU4OCVFMyU4MCU4MSVFNyU5NCVCNSVFNiU4QSU5NyVFNSU5OSVBOCVFMyU4MCU4MUFQRiVFNyU5NCVCNSVFNiU4NCU5RiVFNyVBRCU4OSVFNSU5OSVBOCVFNCVCQiVCNiVFMyU4MCU4MiUyMiUyQyUyMm1ldGFkYXRhJTIyJTNBJTIyJTIyJTJDJTIybWV0YURhdGElMjIlM0ElNUIlNUQlMkMlMjJ0ZXh0JTIyJTNBJTIyR2FzJTIwYXRvbWl6YXRpb24lMjBzb2Z0JTIwbWFnbmV0aWMlMjBhbGxveSUyMHBvd2RlciUyMGlzJTIwbW9yZSUyMHN1aXRhYmxlJTIwZm9yJTIwaGlnaC1lbmQlMjBtYWduZXRpYyUyMHBvd2RlciUyMGNvcmVzJTIwYW5kJTIwb3RoZXIlMjBhcHBsaWNhdGlvbnMlMjB3aXRoJTIwaGlnaCUyMHJlcXVpcmVtZW50cyUyMGZvciUyMHBvd2RlciUyMGNvYXRpbmclMjBkdWUlMjB0byUyMGl0cyUyMGhpZ2glMjBzcGhlcmljaXR5JTIwYW5kJTIwbG93JTIwaW1wdXJpdHklMjBjb250ZW50LiUyMFdpZGVseSUyMHVzZWQlMjBpbiUyMFBGQyUyMGNob2tlJTIwY29pbHMlMkMlMjByZWFjdG9ycyUyQyUyMEFQRiUyMGluZHVjdG9ycyUyMGFuZCUyMG90aGVyJTIwZGV2aWNlcy4lMjIlN0QlNUQlN0QlNUQ=\">PFC choke coils, reactors, APF inductors and other devices<\/span><\/div>\n<div data-slate-node=\"element\"><img loading=\"lazy\" decoding=\"async\" class=\"alignnone wp-image-3588\" src=\"http:\/\/www.jinchunmetal.com\/wp-content\/uploads\/2024\/08\/c09915a4-5364-4b16-9448-da1e45c3a1ba-300x225.jpeg\" alt=\"\" width=\"372\" height=\"279\" srcset=\"https:\/\/www.jinchunmetal.com\/wp-content\/uploads\/2024\/08\/c09915a4-5364-4b16-9448-da1e45c3a1ba-300x225.jpeg 300w, https:\/\/www.jinchunmetal.com\/wp-content\/uploads\/2024\/08\/c09915a4-5364-4b16-9448-da1e45c3a1ba-1024x768.jpeg 1024w, https:\/\/www.jinchunmetal.com\/wp-content\/uploads\/2024\/08\/c09915a4-5364-4b16-9448-da1e45c3a1ba-768x576.jpeg 768w, https:\/\/www.jinchunmetal.com\/wp-content\/uploads\/2024\/08\/c09915a4-5364-4b16-9448-da1e45c3a1ba-1536x1152.jpeg 1536w, https:\/\/www.jinchunmetal.com\/wp-content\/uploads\/2024\/08\/c09915a4-5364-4b16-9448-da1e45c3a1ba-2048x1536.jpeg 2048w, https:\/\/www.jinchunmetal.com\/wp-content\/uploads\/2024\/08\/c09915a4-5364-4b16-9448-da1e45c3a1ba-16x12.jpeg 16w, https:\/\/www.jinchunmetal.com\/wp-content\/uploads\/2024\/08\/c09915a4-5364-4b16-9448-da1e45c3a1ba-800x600.jpeg 800w\" sizes=\"auto, (max-width: 372px) 100vw, 372px\" \/> <img loading=\"lazy\" decoding=\"async\" class=\"alignnone wp-image-3589\" src=\"http:\/\/www.jinchunmetal.com\/wp-content\/uploads\/2024\/08\/PFC-300x180.jpeg\" alt=\"\" width=\"461\" height=\"277\" srcset=\"https:\/\/www.jinchunmetal.com\/wp-content\/uploads\/2024\/08\/PFC-300x180.jpeg 300w, https:\/\/www.jinchunmetal.com\/wp-content\/uploads\/2024\/08\/PFC-1024x614.jpeg 1024w, https:\/\/www.jinchunmetal.com\/wp-content\/uploads\/2024\/08\/PFC-768x461.jpeg 768w, https:\/\/www.jinchunmetal.com\/wp-content\/uploads\/2024\/08\/PFC-1536x922.jpeg 1536w, https:\/\/www.jinchunmetal.com\/wp-content\/uploads\/2024\/08\/PFC-18x12.jpeg 18w, https:\/\/www.jinchunmetal.com\/wp-content\/uploads\/2024\/08\/PFC-800x480.jpeg 800w, https:\/\/www.jinchunmetal.com\/wp-content\/uploads\/2024\/08\/PFC.jpeg 2000w\" sizes=\"auto, (max-width: 461px) 100vw, 461px\" \/><img loading=\"lazy\" decoding=\"async\" class=\"alignnone wp-image-3590\" src=\"http:\/\/www.jinchunmetal.com\/wp-content\/uploads\/2024\/08\/REACTORS-300x199.jpeg\" alt=\"\" width=\"412\" height=\"273\" srcset=\"https:\/\/www.jinchunmetal.com\/wp-content\/uploads\/2024\/08\/REACTORS-300x199.jpeg 300w, https:\/\/www.jinchunmetal.com\/wp-content\/uploads\/2024\/08\/REACTORS-1024x678.jpeg 1024w, https:\/\/www.jinchunmetal.com\/wp-content\/uploads\/2024\/08\/REACTORS-768x509.jpeg 768w, https:\/\/www.jinchunmetal.com\/wp-content\/uploads\/2024\/08\/REACTORS-1536x1017.jpeg 1536w, https:\/\/www.jinchunmetal.com\/wp-content\/uploads\/2024\/08\/REACTORS-2048x1357.jpeg 2048w, https:\/\/www.jinchunmetal.com\/wp-content\/uploads\/2024\/08\/REACTORS-18x12.jpeg 18w, https:\/\/www.jinchunmetal.com\/wp-content\/uploads\/2024\/08\/REACTORS-800x530.jpeg 800w\" sizes=\"auto, (max-width: 412px) 100vw, 412px\" \/><\/div>","protected":false},"excerpt":{"rendered":"<p>Car\u00e1cter do produto\uff1a<\/p>\n<p><span data-slate-fragment=\"JTVCJTdCJTIydHlwZSUyMiUzQSUyMnBhcmFncmFwaCUyMiUyQyUyMmNoaWxkcmVuJTIyJTNBJTVCJTdCJTIyaWQlMjIlM0ElMjJqTDVST2xQR3dvJTIyJTJDJTIycGFyYUlkeCUyMiUzQTAlMkMlMjJzcmMlMjIlM0ElMjJHYXMlMjBhdG9taXphdGlvbiUyMHNvZnQlMjBtYWduZXRpYyUyMGFsbG95JTIwcG93ZGVyJTIwaXMlMjBtb3JlJTIwc3VpdGFibGUlMjBmb3IlMjBoaWdoLWVuZCUyMG1hZ25ldGljJTIwcG93ZGVyJTIwY29yZXMlMjBhbmQlMjBvdGhlciUyMGFwcGxpY2F0aW9ucyUyMHdpdGglMjBoaWdoJTIwcmVxdWlyZW1lbnRzJTIwZm9yJTIwcG93ZGVyJTIwY29hdGluZyUyMGR1ZSUyMHRvJTIwaXRzJTIwaGlnaCUyMHNwaGVyaWNpdHklMjBhbmQlMjBsb3clMjBpbXB1cml0eSUyMGNvbnRlbnQuJTIwV2lkZWx5JTIwdXNlZCUyMGluJTIwUEZDJTIwY2hva2UlMjBjb2lscyUyQyUyMHJlYWN0b3JzJTJDJTIwQVBGJTIwaW5kdWN0b3JzJTIwYW5kJTIwb3RoZXIlMjBkZXZpY2VzLiUyMiUyQyUyMmRzdCUyMiUzQSUyMiVFNiVCMCU5NCVFNCVCRCU5MyVFOSU5QiVCRSVFNSU4QyU5NiVFOCVCRCVBRiVFNyVBMyU4MSVFNSU5MCU4OCVFOSU4NyU5MSVFNyVCMiU4OSVFNiU5QyVBQiVFNSU5QiVBMCVFNSU4NSVCNiVFNyU5MCU4MyVFNSVCQSVBNiVFOSVBQiU5OCVFMyU4MCU4MSVFNiU5RCU4MiVFOCVCNCVBOCVFNSU5MCVBQiVFOSU4NyU4RiVFNCVCRCU4RSVFRiVCQyU4QyVFNiU5QiVCNCVFOSU4MCU4MiVFNSU5MCU4OCVFOSVBQiU5OCVFNyVBQiVBRiVFNyVBMyU4MSVFNyVCMiU4OSVFOCU4QSVBRiVFNSU5MiU4QyVFNSU4NSVCNiVFNCVCQiU5NiVFNSVBRiVCOSVFNyVCMiU4OSVFNiU5QyVBQiVFNiVCNiU4MiVFNSVCMSU4MiVFOCVBNiU4MSVFNiVCMSU4MiVFOSVBQiU5OCVFNyU5QSU4NCVFNSVCQSU5NCVFNyU5NCVBOCVFMyU4MCU4MiVFNSVCOSVCRiVFNiVCMyU5QiVFNSVCQSU5NCVFNyU5NCVBOCVFNCVCQSU4RVBGQyVFNiU4OSVCQyVFNiVCNSU4MSVFNSU5QyU4OCVFMyU4MCU4MSVFNyU5NCVCNSVFNiU4QSU5NyVFNSU5OSVBOCVFMyU4MCU4MUFQRiVFNyU5NCVCNSVFNiU4NCU5RiVFNyVBRCU4OSVFNSU5OSVBOCVFNCVCQiVCNiVFMyU4MCU4MiUyMiUyQyUyMm1ldGFkYXRhJTIyJTNBJTIyJTIyJTJDJTIybWV0YURhdGElMjIlM0ElNUIlNUQlMkMlMjJ0ZXh0JTIyJTNBJTIyR2FzJTIwYXRvbWl6YXRpb24lMjBzb2Z0JTIwbWFnbmV0aWMlMjBhbGxveSUyMHBvd2RlciUyMGlzJTIwbW9yZSUyMHN1aXRhYmxlJTIwZm9yJTIwaGlnaC1lbmQlMjBtYWduZXRpYyUyMHBvd2RlciUyMGNvcmVzJTIwYW5kJTIwb3RoZXIlMjBhcHBsaWNhdGlvbnMlMjB3aXRoJTIwaGlnaCUyMHJlcXVpcmVtZW50cyUyMGZvciUyMHBvd2RlciUyMGNvYXRpbmclMjBkdWUlMjB0byUyMGl0cyUyMGhpZ2glMjBzcGhlcmljaXR5JTIwYW5kJTIwbG93JTIwaW1wdXJpdHklMjBjb250ZW50LiUyMFdpZGVseSUyMHVzZWQlMjBpbiUyMFBGQyUyMGNob2tlJTIwY29pbHMlMkMlMjByZWFjdG9ycyUyQyUyMEFQRiUyMGluZHVjdG9ycyUyMGFuZCUyMG90aGVyJTIwZGV2aWNlcy4lMjIlN0QlNUQlN0QlNUQ=\">Gas atomization soft magnetic alloy powder is more suitable for high-end magnetic powder cores and other applications with high requirements for powder coating due to its high sphericity and low impurity content. Widely used in PFC choke coils, reactors, APF inductors and other devices.<\/span><\/p>\n<table>\n<tbody>\n<tr>\n<td>Nome da marca<\/td>\n<td>Jinchun<\/td>\n<\/tr>\n<tr>\n<td>Origem<\/td>\n<td>China<\/td>\n<\/tr>\n<tr>\n<td>Nome do produto<\/td>\n<td>Magnetic Core Iron Nickel Alloy Powder<\/td>\n<\/tr>\n<tr>\n<td>Aplica\u00e7\u00e3o<\/td>\n<td><span data-slate-fragment=\"JTVCJTdCJTIydHlwZSUyMiUzQSUyMnBhcmFncmFwaCUyMiUyQyUyMmNoaWxkcmVuJTIyJTNBJTVCJTdCJTIyaWQlMjIlM0ElMjJqTDVST2xQR3dvJTIyJTJDJTIycGFyYUlkeCUyMiUzQTAlMkMlMjJzcmMlMjIlM0ElMjJHYXMlMjBhdG9taXphdGlvbiUyMHNvZnQlMjBtYWduZXRpYyUyMGFsbG95JTIwcG93ZGVyJTIwaXMlMjBtb3JlJTIwc3VpdGFibGUlMjBmb3IlMjBoaWdoLWVuZCUyMG1hZ25ldGljJTIwcG93ZGVyJTIwY29yZXMlMjBhbmQlMjBvdGhlciUyMGFwcGxpY2F0aW9ucyUyMHdpdGglMjBoaWdoJTIwcmVxdWlyZW1lbnRzJTIwZm9yJTIwcG93ZGVyJTIwY29hdGluZyUyMGR1ZSUyMHRvJTIwaXRzJTIwaGlnaCUyMHNwaGVyaWNpdHklMjBhbmQlMjBsb3clMjBpbXB1cml0eSUyMGNvbnRlbnQuJTIwV2lkZWx5JTIwdXNlZCUyMGluJTIwUEZDJTIwY2hva2UlMjBjb2lscyUyQyUyMHJlYWN0b3JzJTJDJTIwQVBGJTIwaW5kdWN0b3JzJTIwYW5kJTIwb3RoZXIlMjBkZXZpY2VzLiUyMiUyQyUyMmRzdCUyMiUzQSUyMiVFNiVCMCU5NCVFNCVCRCU5MyVFOSU5QiVCRSVFNSU4QyU5NiVFOCVCRCVBRiVFNyVBMyU4MSVFNSU5MCU4OCVFOSU4NyU5MSVFNyVCMiU4OSVFNiU5QyVBQiVFNSU5QiVBMCVFNSU4NSVCNiVFNyU5MCU4MyVFNSVCQSVBNiVFOSVBQiU5OCVFMyU4MCU4MSVFNiU5RCU4MiVFOCVCNCVBOCVFNSU5MCVBQiVFOSU4NyU4RiVFNCVCRCU4RSVFRiVCQyU4QyVFNiU5QiVCNCVFOSU4MCU4MiVFNSU5MCU4OCVFOSVBQiU5OCVFNyVBQiVBRiVFNyVBMyU4MSVFNyVCMiU4OSVFOCU4QSVBRiVFNSU5MiU4QyVFNSU4NSVCNiVFNCVCQiU5NiVFNSVBRiVCOSVFNyVCMiU4OSVFNiU5QyVBQiVFNiVCNiU4MiVFNSVCMSU4MiVFOCVBNiU4MSVFNiVCMSU4MiVFOSVBQiU5OCVFNyU5QSU4NCVFNSVCQSU5NCVFNyU5NCVBOCVFMyU4MCU4MiVFNSVCOSVCRiVFNiVCMyU5QiVFNSVCQSU5NCVFNyU5NCVBOCVFNCVCQSU4RVBGQyVFNiU4OSVCQyVFNiVCNSU4MSVFNSU5QyU4OCVFMyU4MCU4MSVFNyU5NCVCNSVFNiU4QSU5NyVFNSU5OSVBOCVFMyU4MCU4MUFQRiVFNyU5NCVCNSVFNiU4NCU5RiVFNyVBRCU4OSVFNSU5OSVBOCVFNCVCQiVCNiVFMyU4MCU4MiUyMiUyQyUyMm1ldGFkYXRhJTIyJTNBJTIyJTIyJTJDJTIybWV0YURhdGElMjIlM0ElNUIlNUQlMkMlMjJ0ZXh0JTIyJTNBJTIyR2FzJTIwYXRvbWl6YXRpb24lMjBzb2Z0JTIwbWFnbmV0aWMlMjBhbGxveSUyMHBvd2RlciUyMGlzJTIwbW9yZSUyMHN1aXRhYmxlJTIwZm9yJTIwaGlnaC1lbmQlMjBtYWduZXRpYyUyMHBvd2RlciUyMGNvcmVzJTIwYW5kJTIwb3RoZXIlMjBhcHBsaWNhdGlvbnMlMjB3aXRoJTIwaGlnaCUyMHJlcXVpcmVtZW50cyUyMGZvciUyMHBvd2RlciUyMGNvYXRpbmclMjBkdWUlMjB0byUyMGl0cyUyMGhpZ2glMjBzcGhlcmljaXR5JTIwYW5kJTIwbG93JTIwaW1wdXJpdHklMjBjb250ZW50LiUyMFdpZGVseSUyMHVzZWQlMjBpbiUyMFBGQyUyMGNob2tlJTIwY29pbHMlMkMlMjByZWFjdG9ycyUyQyUyMEFQRiUyMGluZHVjdG9ycyUyMGFuZCUyMG90aGVyJTIwZGV2aWNlcy4lMjIlN0QlNUQlN0QlNUQ=\">PFC choke coils, reactors, APF inductors and other devices<\/span>.<\/td>\n<\/tr>\n<tr>\n<td>Forma<\/td>\n<td>P\u00f3<\/td>\n<\/tr>\n<tr>\n<td>Cor<\/td>\n<td>Cinzento met\u00e1lico<\/td>\n<\/tr>\n<tr>\n<td>Tamanho<\/td>\n<td>10\u03bcm\uff0c 15\u03bcm<\/td>\n<\/tr>\n<tr>\n<td>Padr\u00e3o<\/td>\n<td>GB\/T 19001-2016\/ISO9001: 2015<\/td>\n<\/tr>\n<tr>\n<td>Pureza<\/td>\n<td>Fe:50%\/Ni:50%<\/td>\n<\/tr>\n<tr>\n<td>Material<\/td>\n<td>Iron. Nickel<\/td>\n<\/tr>\n<tr>\n<td>Embalagem<\/td>\n<td>Tambores de a\u00e7o<\/td>\n<\/tr>\n<\/tbody>\n<\/table>","protected":false},"featured_media":3655,"comment_status":"open","ping_status":"closed","template":"","meta":{"_acf_changed":false},"product_brand":[],"product_cat":[58],"product_tag":[],"class_list":{"0":"post-3587","1":"product","2":"type-product","3":"status-publish","4":"has-post-thumbnail","6":"product_cat-absorbing-metal-materials","8":"first","9":"instock","10":"shipping-taxable","11":"product-type-simple"},"acf":[],"yoast_head":"<!-- This site is optimized with the Yoast SEO plugin v23.2 - https:\/\/yoast.com\/wordpress\/plugins\/seo\/ -->\n<title>Absorbing Metal Materials Magnetic Core Iron Nickel Alloy Powder - Jinchun %<\/title>\n<meta name=\"description\" content=\"We are a Metal Materials manufacturer in China With rich experience in Absorbing Metal Materials Magnetic Core Iron Nickel Alloy Powder , with Competitive price and top quality.\" \/>\n<meta name=\"robots\" content=\"index, follow, max-snippet:-1, max-image-preview:large, max-video-preview:-1\" \/>\n<link rel=\"canonical\" href=\"https:\/\/www.jinchunmetal.com\/pt\/produto\/absorbing-metal-materails-magnetic-core-iron-nickel-alloy-powder\/\" \/>\n<meta property=\"og:locale\" content=\"pt_PT\" \/>\n<meta property=\"og:type\" content=\"article\" \/>\n<meta property=\"og:title\" content=\"Absorbing Metal Materials Magnetic Core Iron Nickel Alloy Powder - Jinchun %\" \/>\n<meta property=\"og:description\" content=\"We are a Metal Materials manufacturer in China With rich experience in Absorbing Metal Materials Magnetic Core Iron Nickel Alloy Powder , with Competitive price and top quality.\" \/>\n<meta property=\"og:url\" content=\"https:\/\/www.jinchunmetal.com\/pt\/produto\/absorbing-metal-materails-magnetic-core-iron-nickel-alloy-powder\/\" \/>\n<meta property=\"og:site_name\" content=\"Chengdu Jinchun Metallic Materials Co.,Ltd.\" \/>\n<meta property=\"article:modified_time\" content=\"2025-05-28T05:47:47+00:00\" \/>\n<meta property=\"og:image\" content=\"https:\/\/www.jinchunmetal.com\/wp-content\/uploads\/2024\/08\/\u5fae\u4fe1\u56fe\u7247_20240809151745.png\" \/>\n\t<meta property=\"og:image:width\" content=\"1002\" \/>\n\t<meta property=\"og:image:height\" content=\"950\" \/>\n\t<meta property=\"og:image:type\" content=\"image\/png\" \/>\n<meta name=\"twitter:card\" content=\"summary_large_image\" \/>\n<meta name=\"twitter:label1\" content=\"Tempo estimado de leitura\" \/>\n\t<meta name=\"twitter:data1\" content=\"2 minutos\" \/>\n<script type=\"application\/ld+json\" class=\"yoast-schema-graph\">{\"@context\":\"https:\/\/schema.org\",\"@graph\":[{\"@type\":\"WebPage\",\"@id\":\"https:\/\/www.jinchunmetal.com\/product\/absorbing-metal-materails-magnetic-core-iron-nickel-alloy-powder\/\",\"url\":\"https:\/\/www.jinchunmetal.com\/product\/absorbing-metal-materails-magnetic-core-iron-nickel-alloy-powder\/\",\"name\":\"Absorbing Metal Materials Magnetic Core Iron Nickel Alloy Powder - Jinchun %\",\"isPartOf\":{\"@id\":\"https:\/\/www.jinchunmetal.com\/#website\"},\"primaryImageOfPage\":{\"@id\":\"https:\/\/www.jinchunmetal.com\/product\/absorbing-metal-materails-magnetic-core-iron-nickel-alloy-powder\/#primaryimage\"},\"image\":{\"@id\":\"https:\/\/www.jinchunmetal.com\/product\/absorbing-metal-materails-magnetic-core-iron-nickel-alloy-powder\/#primaryimage\"},\"thumbnailUrl\":\"https:\/\/www.jinchunmetal.com\/wp-content\/uploads\/2024\/08\/\u5fae\u4fe1\u56fe\u7247_20240809151745.png\",\"datePublished\":\"2024-08-08T02:54:45+00:00\",\"dateModified\":\"2025-05-28T05:47:47+00:00\",\"description\":\"We are a Metal Materials manufacturer in China With rich experience in Absorbing Metal Materials Magnetic Core Iron Nickel Alloy Powder , with Competitive price and top quality.\",\"breadcrumb\":{\"@id\":\"https:\/\/www.jinchunmetal.com\/product\/absorbing-metal-materails-magnetic-core-iron-nickel-alloy-powder\/#breadcrumb\"},\"inLanguage\":\"pt-PT\",\"potentialAction\":[{\"@type\":\"ReadAction\",\"target\":[\"https:\/\/www.jinchunmetal.com\/product\/absorbing-metal-materails-magnetic-core-iron-nickel-alloy-powder\/\"]}]},{\"@type\":\"ImageObject\",\"inLanguage\":\"pt-PT\",\"@id\":\"https:\/\/www.jinchunmetal.com\/product\/absorbing-metal-materails-magnetic-core-iron-nickel-alloy-powder\/#primaryimage\",\"url\":\"https:\/\/www.jinchunmetal.com\/wp-content\/uploads\/2024\/08\/\u5fae\u4fe1\u56fe\u7247_20240809151745.png\",\"contentUrl\":\"https:\/\/www.jinchunmetal.com\/wp-content\/uploads\/2024\/08\/\u5fae\u4fe1\u56fe\u7247_20240809151745.png\",\"width\":1002,\"height\":950},{\"@type\":\"BreadcrumbList\",\"@id\":\"https:\/\/www.jinchunmetal.com\/product\/absorbing-metal-materails-magnetic-core-iron-nickel-alloy-powder\/#breadcrumb\",\"itemListElement\":[{\"@type\":\"ListItem\",\"position\":1,\"name\":\"\u9996\u9875\",\"item\":\"https:\/\/www.jinchunmetal.com\/\"},{\"@type\":\"ListItem\",\"position\":2,\"name\":\"Products\",\"item\":\"https:\/\/www.jinchunmetal.com\/fr_fr\/products\/\"},{\"@type\":\"ListItem\",\"position\":3,\"name\":\"Absorbing Metal Materials Magnetic Core Iron Nickel Alloy Powder\"}]},{\"@type\":\"WebSite\",\"@id\":\"https:\/\/www.jinchunmetal.com\/#website\",\"url\":\"https:\/\/www.jinchunmetal.com\/\",\"name\":\"Chengdu Jinchun Metallic Materials Co.,Ltd.\",\"description\":\"Jinchun Metal\",\"potentialAction\":[{\"@type\":\"SearchAction\",\"target\":{\"@type\":\"EntryPoint\",\"urlTemplate\":\"https:\/\/www.jinchunmetal.com\/?s={search_term_string}\"},\"query-input\":\"required name=search_term_string\"}],\"inLanguage\":\"pt-PT\"}]}<\/script>\n<!-- \/ Yoast SEO plugin. -->","yoast_head_json":{"title":"Absorbing Metal Materials Magnetic Core Iron Nickel Alloy Powder - Jinchun %","description":"We are a Metal Materials manufacturer in China With rich experience in Absorbing Metal Materials Magnetic Core Iron Nickel Alloy Powder , with Competitive price and top quality.","robots":{"index":"index","follow":"follow","max-snippet":"max-snippet:-1","max-image-preview":"max-image-preview:large","max-video-preview":"max-video-preview:-1"},"canonical":"https:\/\/www.jinchunmetal.com\/pt\/produto\/absorbing-metal-materails-magnetic-core-iron-nickel-alloy-powder\/","og_locale":"pt_PT","og_type":"article","og_title":"Absorbing Metal Materials Magnetic Core Iron Nickel Alloy Powder - Jinchun %","og_description":"We are a Metal Materials manufacturer in China With rich experience in Absorbing Metal Materials Magnetic Core Iron Nickel Alloy Powder , with Competitive price and top quality.","og_url":"https:\/\/www.jinchunmetal.com\/pt\/produto\/absorbing-metal-materails-magnetic-core-iron-nickel-alloy-powder\/","og_site_name":"Chengdu Jinchun Metallic Materials Co.,Ltd.","article_modified_time":"2025-05-28T05:47:47+00:00","og_image":[{"width":1002,"height":950,"url":"https:\/\/www.jinchunmetal.com\/wp-content\/uploads\/2024\/08\/\u5fae\u4fe1\u56fe\u7247_20240809151745.png","type":"image\/png"}],"twitter_card":"summary_large_image","twitter_misc":{"Tempo estimado de leitura":"2 minutos"},"schema":{"@context":"https:\/\/schema.org","@graph":[{"@type":"WebPage","@id":"https:\/\/www.jinchunmetal.com\/product\/absorbing-metal-materails-magnetic-core-iron-nickel-alloy-powder\/","url":"https:\/\/www.jinchunmetal.com\/product\/absorbing-metal-materails-magnetic-core-iron-nickel-alloy-powder\/","name":"Absorbing Metal Materials Magnetic Core Iron Nickel Alloy Powder - Jinchun %","isPartOf":{"@id":"https:\/\/www.jinchunmetal.com\/#website"},"primaryImageOfPage":{"@id":"https:\/\/www.jinchunmetal.com\/product\/absorbing-metal-materails-magnetic-core-iron-nickel-alloy-powder\/#primaryimage"},"image":{"@id":"https:\/\/www.jinchunmetal.com\/product\/absorbing-metal-materails-magnetic-core-iron-nickel-alloy-powder\/#primaryimage"},"thumbnailUrl":"https:\/\/www.jinchunmetal.com\/wp-content\/uploads\/2024\/08\/\u5fae\u4fe1\u56fe\u7247_20240809151745.png","datePublished":"2024-08-08T02:54:45+00:00","dateModified":"2025-05-28T05:47:47+00:00","description":"We are a Metal Materials manufacturer in China With rich experience in Absorbing Metal Materials Magnetic Core Iron Nickel Alloy Powder , with Competitive price and top quality.","breadcrumb":{"@id":"https:\/\/www.jinchunmetal.com\/product\/absorbing-metal-materails-magnetic-core-iron-nickel-alloy-powder\/#breadcrumb"},"inLanguage":"pt-PT","potentialAction":[{"@type":"ReadAction","target":["https:\/\/www.jinchunmetal.com\/product\/absorbing-metal-materails-magnetic-core-iron-nickel-alloy-powder\/"]}]},{"@type":"ImageObject","inLanguage":"pt-PT","@id":"https:\/\/www.jinchunmetal.com\/product\/absorbing-metal-materails-magnetic-core-iron-nickel-alloy-powder\/#primaryimage","url":"https:\/\/www.jinchunmetal.com\/wp-content\/uploads\/2024\/08\/\u5fae\u4fe1\u56fe\u7247_20240809151745.png","contentUrl":"https:\/\/www.jinchunmetal.com\/wp-content\/uploads\/2024\/08\/\u5fae\u4fe1\u56fe\u7247_20240809151745.png","width":1002,"height":950},{"@type":"BreadcrumbList","@id":"https:\/\/www.jinchunmetal.com\/product\/absorbing-metal-materails-magnetic-core-iron-nickel-alloy-powder\/#breadcrumb","itemListElement":[{"@type":"ListItem","position":1,"name":"\u9996\u9875","item":"https:\/\/www.jinchunmetal.com\/"},{"@type":"ListItem","position":2,"name":"Products","item":"https:\/\/www.jinchunmetal.com\/fr_fr\/products\/"},{"@type":"ListItem","position":3,"name":"Absorbing Metal Materials Magnetic Core Iron Nickel Alloy Powder"}]},{"@type":"WebSite","@id":"https:\/\/www.jinchunmetal.com\/#website","url":"https:\/\/www.jinchunmetal.com\/","name":"Chengdu Jinchun Metallic Materials Co.,Ltd.","description":"Jinchun Metal","potentialAction":[{"@type":"SearchAction","target":{"@type":"EntryPoint","urlTemplate":"https:\/\/www.jinchunmetal.com\/?s={search_term_string}"},"query-input":"required name=search_term_string"}],"inLanguage":"pt-PT"}]}},"_links":{"self":[{"href":"https:\/\/www.jinchunmetal.com\/pt\/wp-json\/wp\/v2\/product\/3587","targetHints":{"allow":["GET"]}}],"collection":[{"href":"https:\/\/www.jinchunmetal.com\/pt\/wp-json\/wp\/v2\/product"}],"about":[{"href":"https:\/\/www.jinchunmetal.com\/pt\/wp-json\/wp\/v2\/types\/product"}],"replies":[{"embeddable":true,"href":"https:\/\/www.jinchunmetal.com\/pt\/wp-json\/wp\/v2\/comments?post=3587"}],"wp:featuredmedia":[{"embeddable":true,"href":"https:\/\/www.jinchunmetal.com\/pt\/wp-json\/wp\/v2\/media\/3655"}],"wp:attachment":[{"href":"https:\/\/www.jinchunmetal.com\/pt\/wp-json\/wp\/v2\/media?parent=3587"}],"wp:term":[{"taxonomy":"product_brand","embeddable":true,"href":"https:\/\/www.jinchunmetal.com\/pt\/wp-json\/wp\/v2\/product_brand?post=3587"},{"taxonomy":"product_cat","embeddable":true,"href":"https:\/\/www.jinchunmetal.com\/pt\/wp-json\/wp\/v2\/product_cat?post=3587"},{"taxonomy":"product_tag","embeddable":true,"href":"https:\/\/www.jinchunmetal.com\/pt\/wp-json\/wp\/v2\/product_tag?post=3587"}],"curies":[{"name":"wp","href":"https:\/\/api.w.org\/{rel}","templated":true}]}}