{"id":3748,"date":"2024-08-13T09:08:40","date_gmt":"2024-08-13T01:08:40","guid":{"rendered":"http:\/\/www.jinchunmetal.com\/?post_type=product&#038;p=3748"},"modified":"2025-05-28T14:18:32","modified_gmt":"2025-05-28T06:18:32","slug":"absorbing-metal-materails-ferro-niobium-powder-nb-50-60-65","status":"publish","type":"product","link":"https:\/\/www.jinchunmetal.com\/pt\/produto\/absorbing-metal-materails-ferro-niobium-powder-nb-50-60-65\/","title":{"rendered":"Materiais met\u00e1licos absorventes P\u00f3 de ferro-ni\u00f3bio Nb 50% 60% 65%"},"content":{"rendered":"<p><strong>Car\u00e1cter do produto<\/strong><\/p>\n<p>We produce ferroniobium powder with the Nb content 50%,60%, 65%, and th size can be 40 mesh to 325mesh . Ferroniobium powder is widely use in different industries.<\/p>\n<p>&nbsp;<\/p>\n<p><strong>2.Especifica\u00e7\u00e3o<\/strong><\/p>\n<p>Ferro Niobium powder<\/p>\n<table width=\"823\">\n<tbody>\n<tr>\n<td width=\"132\">Nome\/tipo<\/td>\n<td width=\"100\">Elemento<\/td>\n<td width=\"82\">Nb<\/td>\n<td width=\"38\">Ta<\/td>\n<td width=\"48\">C<\/td>\n<td width=\"39\">Si<\/td>\n<td width=\"50\">S<\/td>\n<td width=\"43\">P<\/td>\n<td width=\"57\">Al<\/td>\n<td width=\"49\">Mn<\/td>\n<td width=\"47\">Pb<\/td>\n<td width=\"49\">Sn<\/td>\n<td width=\"46\">W<\/td>\n<td width=\"43\"><\/td>\n<\/tr>\n<tr>\n<td rowspan=\"2\">FeNb60-A<\/td>\n<td>Padr\u00e3o\uff08%\uff09<\/td>\n<td>60~70<\/td>\n<td>\u22640.3<\/td>\n<td>\u22640.04<\/td>\n<td>\u22642.0<\/td>\n<td>\u22640.03<\/td>\n<td>\u22640.04<\/td>\n<td>\u22642.5<\/td>\n<td>\u22641.0<\/td>\n<td>\u22640.02<\/td>\n<td>\u22640.02<\/td>\n<td>\u22640.2<\/td>\n<td><\/td>\n<\/tr>\n<tr>\n<td>Resultado\uff08%\uff09<\/td>\n<td width=\"82\">60.2<\/td>\n<td width=\"38\">0.05<\/td>\n<td width=\"48\">0.035<\/td>\n<td width=\"39\">1.7<\/td>\n<td width=\"50\">0.028<\/td>\n<td width=\"43\">0.030<\/td>\n<td width=\"57\">2.1<\/td>\n<td>&#8211;<\/td>\n<td>&#8211;<\/td>\n<td>&#8211;<\/td>\n<td>&#8211;<\/td>\n<td><\/td>\n<\/tr>\n<tr>\n<td>FeNb50-A<\/td>\n<td>Padr\u00e3o\uff08%\uff09<\/td>\n<td>50~60<\/td>\n<td>\u22640.2<\/td>\n<td>\u22640.03<\/td>\n<td>\u22641<\/td>\n<td>\u22640.03<\/td>\n<td>\u22640.04<\/td>\n<td><\/td>\n<td><\/td>\n<td><\/td>\n<td><\/td>\n<td>\u22640.1<\/td>\n<td><\/td>\n<\/tr>\n<tr>\n<td><\/td>\n<td>Resultado\uff08%\uff09<\/td>\n<td>50.2<\/td>\n<td>0.15<\/td>\n<td>0.02<\/td>\n<td>0.7<\/td>\n<td>0.026<\/td>\n<td>3<\/td>\n<td><\/td>\n<td><\/td>\n<td><\/td>\n<td><\/td>\n<td>0.08<\/td>\n<td><\/td>\n<\/tr>\n<tr>\n<td>Nome\/tipo<\/td>\n<td>Elemento<\/td>\n<td width=\"82\">Nb<\/td>\n<td width=\"38\">Ta<\/td>\n<td width=\"48\">C<\/td>\n<td width=\"39\">Si<\/td>\n<td width=\"50\">S<\/td>\n<td width=\"43\">P<\/td>\n<td width=\"57\">Al<\/td>\n<td width=\"49\">Mn<\/td>\n<td width=\"47\">Pb<\/td>\n<td width=\"49\">Sn<\/td>\n<td width=\"46\">Fe<\/td>\n<td width=\"43\">Ti<\/td>\n<\/tr>\n<tr>\n<td rowspan=\"2\">\u00a0 FeNb65-1<\/td>\n<td>Padr\u00e3o\uff08%\uff09<\/td>\n<td><\/td>\n<td><\/td>\n<td><\/td>\n<td><\/td>\n<td><\/td>\n<td><\/td>\n<td><\/td>\n<td><\/td>\n<td><\/td>\n<td><\/td>\n<td><\/td>\n<td><\/td>\n<\/tr>\n<tr>\n<td>Resultado\uff08%\uff09<\/td>\n<td width=\"82\">65.07<\/td>\n<td width=\"38\">0.12<\/td>\n<td width=\"48\">0.14<\/td>\n<td width=\"39\">2.93<\/td>\n<td width=\"50\">0.09<\/td>\n<td width=\"43\">0.15<\/td>\n<td width=\"57\">0.72<\/td>\n<td width=\"49\">0.26<\/td>\n<td width=\"47\">0.08<\/td>\n<td width=\"49\">0.06<\/td>\n<td width=\"46\">28.44<\/td>\n<td width=\"43\">0.51<\/td>\n<\/tr>\n<tr>\n<td>Nome\/tipo<\/td>\n<td>Elemento<\/td>\n<td width=\"82\">Nb<\/td>\n<td width=\"38\">Ta<\/td>\n<td width=\"48\">C<\/td>\n<td width=\"39\">Si<\/td>\n<td width=\"50\">S<\/td>\n<td width=\"43\">P<\/td>\n<td width=\"57\">Al<\/td>\n<td width=\"49\"><\/td>\n<td width=\"47\"><\/td>\n<td width=\"49\"><\/td>\n<td width=\"46\"><\/td>\n<td width=\"43\"><\/td>\n<\/tr>\n<tr>\n<td rowspan=\"2\">\u00a0 FeNb65-2<\/td>\n<td>Padr\u00e3o\uff08%\uff09<\/td>\n<td><\/td>\n<td><\/td>\n<td><\/td>\n<td><\/td>\n<td><\/td>\n<td><\/td>\n<td><\/td>\n<td><\/td>\n<td><\/td>\n<td><\/td>\n<td><\/td>\n<td><\/td>\n<\/tr>\n<tr>\n<td>Resultado\uff08%\uff09<\/td>\n<td width=\"82\">65.2<\/td>\n<td width=\"38\">0.4<\/td>\n<td width=\"48\">0.07<\/td>\n<td width=\"39\">2.65<\/td>\n<td width=\"50\">0.029<\/td>\n<td width=\"43\">0.071<\/td>\n<td width=\"57\">1.57<\/td>\n<td width=\"49\"><\/td>\n<td width=\"47\"><\/td>\n<td width=\"49\"><\/td>\n<td width=\"46\"><\/td>\n<td width=\"43\"><\/td>\n<\/tr>\n<\/tbody>\n<\/table>\n<p><strong>3.Imagens das mat\u00e9rias-primas e da produ\u00e7\u00e3o<\/strong><\/p>\n<p>Fotos de mat\u00e9rias-primas\uff1a<\/p>\n<p><img loading=\"lazy\" decoding=\"async\" class=\"alignnone size-medium wp-image-3733\" src=\"http:\/\/www.jinchunmetal.com\/wp-content\/uploads\/2024\/08\/\u9492\u94c1\uff08\u5757\uff09_6260\u526f\u672c-2-300x300.jpg\" alt=\"\" width=\"300\" height=\"300\" srcset=\"https:\/\/www.jinchunmetal.com\/wp-content\/uploads\/2024\/08\/\u9492\u94c1\uff08\u5757\uff09_6260\u526f\u672c-2-300x300.jpg 300w, https:\/\/www.jinchunmetal.com\/wp-content\/uploads\/2024\/08\/\u9492\u94c1\uff08\u5757\uff09_6260\u526f\u672c-2-150x150.jpg 150w, https:\/\/www.jinchunmetal.com\/wp-content\/uploads\/2024\/08\/\u9492\u94c1\uff08\u5757\uff09_6260\u526f\u672c-2-12x12.jpg 12w, https:\/\/www.jinchunmetal.com\/wp-content\/uploads\/2024\/08\/\u9492\u94c1\uff08\u5757\uff09_6260\u526f\u672c-2-75x75.jpg 75w, https:\/\/www.jinchunmetal.com\/wp-content\/uploads\/2024\/08\/\u9492\u94c1\uff08\u5757\uff09_6260\u526f\u672c-2-100x100.jpg 100w, https:\/\/www.jinchunmetal.com\/wp-content\/uploads\/2024\/08\/\u9492\u94c1\uff08\u5757\uff09_6260\u526f\u672c-2.jpg 750w\" sizes=\"auto, (max-width: 300px) 100vw, 300px\" \/><\/p>\n<p>Imagens de produ\u00e7\u00e3o:<br \/>\n<img loading=\"lazy\" decoding=\"async\" class=\"alignnone size-medium wp-image-3226\" src=\"http:\/\/www.jinchunmetal.com\/wp-content\/uploads\/2024\/07\/\u8bbe\u59073-300x221.jpg\" alt=\"\" width=\"300\" height=\"221\" srcset=\"https:\/\/www.jinchunmetal.com\/wp-content\/uploads\/2024\/07\/\u8bbe\u59073-300x221.jpg 300w, https:\/\/www.jinchunmetal.com\/wp-content\/uploads\/2024\/07\/\u8bbe\u59073-16x12.jpg 16w, https:\/\/www.jinchunmetal.com\/wp-content\/uploads\/2024\/07\/\u8bbe\u59073.jpg 443w\" sizes=\"auto, (max-width: 300px) 100vw, 300px\" \/><img loading=\"lazy\" decoding=\"async\" class=\"alignnone size-medium wp-image-3225\" src=\"http:\/\/www.jinchunmetal.com\/wp-content\/uploads\/2024\/07\/\u8bbe\u59072-300x221.jpg\" alt=\"\" width=\"300\" height=\"221\" srcset=\"https:\/\/www.jinchunmetal.com\/wp-content\/uploads\/2024\/07\/\u8bbe\u59072-300x221.jpg 300w, https:\/\/www.jinchunmetal.com\/wp-content\/uploads\/2024\/07\/\u8bbe\u59072-16x12.jpg 16w, https:\/\/www.jinchunmetal.com\/wp-content\/uploads\/2024\/07\/\u8bbe\u59072.jpg 443w\" sizes=\"auto, (max-width: 300px) 100vw, 300px\" \/><img loading=\"lazy\" decoding=\"async\" class=\"alignnone wp-image-3224\" src=\"http:\/\/www.jinchunmetal.com\/wp-content\/uploads\/2024\/07\/\u8bbe\u5907-300x150.jpg\" alt=\"\" width=\"438\" height=\"219\" srcset=\"https:\/\/www.jinchunmetal.com\/wp-content\/uploads\/2024\/07\/\u8bbe\u5907-300x150.jpg 300w, https:\/\/www.jinchunmetal.com\/wp-content\/uploads\/2024\/07\/\u8bbe\u5907-1024x512.jpg 1024w, https:\/\/www.jinchunmetal.com\/wp-content\/uploads\/2024\/07\/\u8bbe\u5907-768x384.jpg 768w, https:\/\/www.jinchunmetal.com\/wp-content\/uploads\/2024\/07\/\u8bbe\u5907-1536x768.jpg 1536w, https:\/\/www.jinchunmetal.com\/wp-content\/uploads\/2024\/07\/\u8bbe\u5907-18x9.jpg 18w, https:\/\/www.jinchunmetal.com\/wp-content\/uploads\/2024\/07\/\u8bbe\u5907-800x400.jpg 800w, https:\/\/www.jinchunmetal.com\/wp-content\/uploads\/2024\/07\/\u8bbe\u5907.jpg 1920w\" sizes=\"auto, (max-width: 438px) 100vw, 438px\" \/><\/p>\n<p><strong>4.Aplica\u00e7\u00e3o<\/strong><\/p>\n<p>The main applications of ferro niobium powder include welding consumables, powder metallurgy, magnetic materials, etc.<\/p>\n<p>Ferro niobium is a ferro alloy mainly composed of niobium and iron. According to the different content of niobium in the alloy, it can be divided into FeNb50, FeNb60, FeNb65 and other types. This alloy has the functions of solid solution strengthening and carbide precipitation strengthening, and is widely used in the smelting of alloy steel and as an additive for alloying elements.<\/p>\n<ul>\n<li>Welding Consumables: Ferro niobium\u00a0 powder can be used in the production of special welding materials, providing the required physical and chemical properties to ensure welding quality and durability.<\/li>\n<li>Powder metallurgy: In the powder metallurgy industry, ferro niobium powder is used to manufacture various metal parts and tools. Due to its excellent physical and chemical properties, it can meet the requirements of high precision and high performance.<\/li>\n<li>Magnetic materials: Ferro niobium\u00a0 powder plays an important role in the preparation of magnetic materials. By adjusting its composition and structure, the desired magnetic properties can be obtained and applied in the manufacturing of electronic products.<\/li>\n<li>In addition, ferro\u00a0 niobium is also used in stainless steel welding electrode coatings, demonstrating its important position in metal processing and manufacturing. The application of ferro niobium powder not only improves the performance of materials, but also promotes technological progress and development in related industrial fields. \u200c<br \/>\n<img loading=\"lazy\" decoding=\"async\" class=\"alignnone size-medium wp-image-3221\" src=\"http:\/\/www.jinchunmetal.com\/wp-content\/uploads\/2024\/07\/\u8010\u78e8\u677f-wear-plate-300x225.jpeg\" alt=\"\" width=\"300\" height=\"225\" srcset=\"https:\/\/www.jinchunmetal.com\/wp-content\/uploads\/2024\/07\/\u8010\u78e8\u677f-wear-plate-300x225.jpeg 300w, https:\/\/www.jinchunmetal.com\/wp-content\/uploads\/2024\/07\/\u8010\u78e8\u677f-wear-plate-1024x768.jpeg 1024w, https:\/\/www.jinchunmetal.com\/wp-content\/uploads\/2024\/07\/\u8010\u78e8\u677f-wear-plate-768x576.jpeg 768w, https:\/\/www.jinchunmetal.com\/wp-content\/uploads\/2024\/07\/\u8010\u78e8\u677f-wear-plate-1536x1152.jpeg 1536w, https:\/\/www.jinchunmetal.com\/wp-content\/uploads\/2024\/07\/\u8010\u78e8\u677f-wear-plate-2048x1536.jpeg 2048w, https:\/\/www.jinchunmetal.com\/wp-content\/uploads\/2024\/07\/\u8010\u78e8\u677f-wear-plate-16x12.jpeg 16w, https:\/\/www.jinchunmetal.com\/wp-content\/uploads\/2024\/07\/\u8010\u78e8\u677f-wear-plate-800x600.jpeg 800w\" sizes=\"auto, (max-width: 300px) 100vw, 300px\" \/> <img loading=\"lazy\" decoding=\"async\" class=\"alignnone wp-image-3222\" src=\"http:\/\/www.jinchunmetal.com\/wp-content\/uploads\/2024\/07\/\u8010\u78e8\u5806\u710a\u836f\u82af\u710a\u4e1d-flux-cored-welding-wires-300x200.jpeg\" alt=\"\" width=\"331\" height=\"221\" srcset=\"https:\/\/www.jinchunmetal.com\/wp-content\/uploads\/2024\/07\/\u8010\u78e8\u5806\u710a\u836f\u82af\u710a\u4e1d-flux-cored-welding-wires-300x200.jpeg 300w, https:\/\/www.jinchunmetal.com\/wp-content\/uploads\/2024\/07\/\u8010\u78e8\u5806\u710a\u836f\u82af\u710a\u4e1d-flux-cored-welding-wires-1024x682.jpeg 1024w, https:\/\/www.jinchunmetal.com\/wp-content\/uploads\/2024\/07\/\u8010\u78e8\u5806\u710a\u836f\u82af\u710a\u4e1d-flux-cored-welding-wires-768x511.jpeg 768w, https:\/\/www.jinchunmetal.com\/wp-content\/uploads\/2024\/07\/\u8010\u78e8\u5806\u710a\u836f\u82af\u710a\u4e1d-flux-cored-welding-wires-1536x1022.jpeg 1536w, https:\/\/www.jinchunmetal.com\/wp-content\/uploads\/2024\/07\/\u8010\u78e8\u5806\u710a\u836f\u82af\u710a\u4e1d-flux-cored-welding-wires-2048x1363.jpeg 2048w, https:\/\/www.jinchunmetal.com\/wp-content\/uploads\/2024\/07\/\u8010\u78e8\u5806\u710a\u836f\u82af\u710a\u4e1d-flux-cored-welding-wires-18x12.jpeg 18w, https:\/\/www.jinchunmetal.com\/wp-content\/uploads\/2024\/07\/\u8010\u78e8\u5806\u710a\u836f\u82af\u710a\u4e1d-flux-cored-welding-wires-800x532.jpeg 800w\" sizes=\"auto, (max-width: 331px) 100vw, 331px\" \/> <img loading=\"lazy\" decoding=\"async\" class=\"alignnone wp-image-3223\" src=\"http:\/\/www.jinchunmetal.com\/wp-content\/uploads\/2024\/07\/\u8010\u78e8\u710a\u6761-300x300.jpeg\" alt=\"\" width=\"241\" height=\"241\" srcset=\"https:\/\/www.jinchunmetal.com\/wp-content\/uploads\/2024\/07\/\u8010\u78e8\u710a\u6761-300x300.jpeg 300w, https:\/\/www.jinchunmetal.com\/wp-content\/uploads\/2024\/07\/\u8010\u78e8\u710a\u6761-1024x1024.jpeg 1024w, https:\/\/www.jinchunmetal.com\/wp-content\/uploads\/2024\/07\/\u8010\u78e8\u710a\u6761-150x150.jpeg 150w, https:\/\/www.jinchunmetal.com\/wp-content\/uploads\/2024\/07\/\u8010\u78e8\u710a\u6761-768x768.jpeg 768w, https:\/\/www.jinchunmetal.com\/wp-content\/uploads\/2024\/07\/\u8010\u78e8\u710a\u6761-1536x1536.jpeg 1536w, https:\/\/www.jinchunmetal.com\/wp-content\/uploads\/2024\/07\/\u8010\u78e8\u710a\u6761-2048x2048.jpeg 2048w, https:\/\/www.jinchunmetal.com\/wp-content\/uploads\/2024\/07\/\u8010\u78e8\u710a\u6761-12x12.jpeg 12w, https:\/\/www.jinchunmetal.com\/wp-content\/uploads\/2024\/07\/\u8010\u78e8\u710a\u6761-75x75.jpeg 75w, https:\/\/www.jinchunmetal.com\/wp-content\/uploads\/2024\/07\/\u8010\u78e8\u710a\u6761-800x800.jpeg 800w, https:\/\/www.jinchunmetal.com\/wp-content\/uploads\/2024\/07\/\u8010\u78e8\u710a\u6761-100x100.jpeg 100w\" sizes=\"auto, (max-width: 241px) 100vw, 241px\" \/><\/li>\n<\/ul>\n<p><img loading=\"lazy\" decoding=\"async\" class=\"alignnone wp-image-3734\" src=\"http:\/\/www.jinchunmetal.com\/wp-content\/uploads\/2024\/08\/Powder-metallurgy-parts-300x200.jpeg\" alt=\"\" width=\"326\" height=\"217\" srcset=\"https:\/\/www.jinchunmetal.com\/wp-content\/uploads\/2024\/08\/Powder-metallurgy-parts-300x200.jpeg 300w, https:\/\/www.jinchunmetal.com\/wp-content\/uploads\/2024\/08\/Powder-metallurgy-parts-1024x683.jpeg 1024w, https:\/\/www.jinchunmetal.com\/wp-content\/uploads\/2024\/08\/Powder-metallurgy-parts-768x512.jpeg 768w, https:\/\/www.jinchunmetal.com\/wp-content\/uploads\/2024\/08\/Powder-metallurgy-parts-1536x1024.jpeg 1536w, https:\/\/www.jinchunmetal.com\/wp-content\/uploads\/2024\/08\/Powder-metallurgy-parts-2048x1365.jpeg 2048w, https:\/\/www.jinchunmetal.com\/wp-content\/uploads\/2024\/08\/Powder-metallurgy-parts-18x12.jpeg 18w, https:\/\/www.jinchunmetal.com\/wp-content\/uploads\/2024\/08\/Powder-metallurgy-parts-800x533.jpeg 800w\" sizes=\"auto, (max-width: 326px) 100vw, 326px\" \/> <img loading=\"lazy\" decoding=\"async\" class=\"alignnone wp-image-3735\" src=\"http:\/\/www.jinchunmetal.com\/wp-content\/uploads\/2024\/08\/Magnetic-materials-300x220.jpeg\" alt=\"\" width=\"316\" height=\"232\" srcset=\"https:\/\/www.jinchunmetal.com\/wp-content\/uploads\/2024\/08\/Magnetic-materials-300x220.jpeg 300w, https:\/\/www.jinchunmetal.com\/wp-content\/uploads\/2024\/08\/Magnetic-materials-1024x751.jpeg 1024w, https:\/\/www.jinchunmetal.com\/wp-content\/uploads\/2024\/08\/Magnetic-materials-768x563.jpeg 768w, https:\/\/www.jinchunmetal.com\/wp-content\/uploads\/2024\/08\/Magnetic-materials-1536x1126.jpeg 1536w, https:\/\/www.jinchunmetal.com\/wp-content\/uploads\/2024\/08\/Magnetic-materials-2048x1501.jpeg 2048w, https:\/\/www.jinchunmetal.com\/wp-content\/uploads\/2024\/08\/Magnetic-materials-16x12.jpeg 16w, https:\/\/www.jinchunmetal.com\/wp-content\/uploads\/2024\/08\/Magnetic-materials-800x587.jpeg 800w\" sizes=\"auto, (max-width: 316px) 100vw, 316px\" \/><\/p>","protected":false},"excerpt":{"rendered":"<p>Car\u00e1cter do produto\uff1a<\/p>\n<p>We produce ferroniobium powder with the Nb content 50%,60%, 65%, and th size can be 40 mesh to 325mesh . Ferroniobium powder is widely use in different industries.<\/p>\n<table>\n<tbody>\n<tr>\n<td>Nome da marca<\/td>\n<td>Jinchun<\/td>\n<\/tr>\n<tr>\n<td>Origem<\/td>\n<td>China<\/td>\n<\/tr>\n<tr>\n<td>Nome do produto<\/td>\n<td>Ferro niobium powder<\/td>\n<\/tr>\n<tr>\n<td>Aplica\u00e7\u00e3o<\/td>\n<td>Welding cnsumables, flux cored welding wire, additive, powder metallurgy, magnetic materials, etc.<\/td>\n<\/tr>\n<tr>\n<td>Forma<\/td>\n<td>P\u00f3<\/td>\n<\/tr>\n<tr>\n<td>Cor<\/td>\n<td>Metal shinny gray<\/td>\n<\/tr>\n<tr>\n<td>Tamanho<\/td>\n<td>\u00a060 mesh, 80 mesh, 100 mesh, 200mesh, 300 mesh, 325 mesh, micron size<\/td>\n<\/tr>\n<tr>\n<td>Padr\u00e3o<\/td>\n<td>GB\/T 19001-2016\/ISO9001: 2015<\/td>\n<\/tr>\n<tr>\n<td>Pureza<\/td>\n<td>Nb: 50% 60% 65%<\/td>\n<\/tr>\n<tr>\n<td>Material<\/td>\n<td>Ferro niobium<\/td>\n<\/tr>\n<tr>\n<td>Embalagem<\/td>\n<td>\u00a0Tambores de a\u00e7o<\/td>\n<\/tr>\n<\/tbody>\n<\/table>","protected":false},"featured_media":3744,"comment_status":"open","ping_status":"closed","template":"","meta":{"_acf_changed":false},"product_brand":[],"product_cat":[58],"product_tag":[],"class_list":{"0":"post-3748","1":"product","2":"type-product","3":"status-publish","4":"has-post-thumbnail","6":"product_cat-absorbing-metal-materials","8":"first","9":"instock","10":"shipping-taxable","11":"product-type-simple"},"acf":[],"yoast_head":"<!-- This site is optimized with the Yoast SEO plugin v23.2 - https:\/\/yoast.com\/wordpress\/plugins\/seo\/ -->\n<title>Absorbing Metal Materials Ferro niobium powder Nb 50% 60% 65% - Jinchun %<\/title>\n<meta name=\"description\" content=\"We are a Metal Materials manufacturer in China With rich experience in Absorbing Metal Materials Ferro niobium powder Nb 50% 60% 65% , with Competitive price and top quality.\" \/>\n<meta name=\"robots\" content=\"index, follow, max-snippet:-1, max-image-preview:large, max-video-preview:-1\" \/>\n<link rel=\"canonical\" href=\"https:\/\/www.jinchunmetal.com\/pt\/produto\/absorbing-metal-materails-ferro-niobium-powder-nb-50-60-65\/\" \/>\n<meta property=\"og:locale\" content=\"pt_PT\" \/>\n<meta property=\"og:type\" content=\"article\" \/>\n<meta property=\"og:title\" content=\"Absorbing Metal Materials Ferro niobium powder Nb 50% 60% 65% - Jinchun %\" \/>\n<meta property=\"og:description\" content=\"We are a Metal Materials manufacturer in China With rich experience in Absorbing Metal Materials Ferro niobium powder Nb 50% 60% 65% , with Competitive price and top quality.\" \/>\n<meta property=\"og:url\" content=\"https:\/\/www.jinchunmetal.com\/pt\/produto\/absorbing-metal-materails-ferro-niobium-powder-nb-50-60-65\/\" \/>\n<meta property=\"og:site_name\" content=\"Chengdu Jinchun Metallic Materials Co.,Ltd.\" \/>\n<meta property=\"article:modified_time\" content=\"2025-05-28T06:18:32+00:00\" \/>\n<meta property=\"og:image\" content=\"https:\/\/www.jinchunmetal.com\/wp-content\/uploads\/2024\/08\/\u52a0\u62ff\u5927\u94cc\u94c1200\u76ee-3-1.jpg\" \/>\n\t<meta property=\"og:image:width\" content=\"999\" \/>\n\t<meta property=\"og:image:height\" content=\"999\" \/>\n\t<meta property=\"og:image:type\" content=\"image\/jpeg\" \/>\n<meta name=\"twitter:card\" content=\"summary_large_image\" \/>\n<meta name=\"twitter:label1\" content=\"Tempo estimado de leitura\" \/>\n\t<meta name=\"twitter:data1\" content=\"5 minutos\" \/>\n<script type=\"application\/ld+json\" class=\"yoast-schema-graph\">{\"@context\":\"https:\/\/schema.org\",\"@graph\":[{\"@type\":\"WebPage\",\"@id\":\"https:\/\/www.jinchunmetal.com\/product\/absorbing-metal-materails-ferro-niobium-powder-nb-50-60-65\/\",\"url\":\"https:\/\/www.jinchunmetal.com\/product\/absorbing-metal-materails-ferro-niobium-powder-nb-50-60-65\/\",\"name\":\"Absorbing Metal Materials Ferro niobium powder Nb 50% 60% 65% - Jinchun %\",\"isPartOf\":{\"@id\":\"https:\/\/www.jinchunmetal.com\/#website\"},\"primaryImageOfPage\":{\"@id\":\"https:\/\/www.jinchunmetal.com\/product\/absorbing-metal-materails-ferro-niobium-powder-nb-50-60-65\/#primaryimage\"},\"image\":{\"@id\":\"https:\/\/www.jinchunmetal.com\/product\/absorbing-metal-materails-ferro-niobium-powder-nb-50-60-65\/#primaryimage\"},\"thumbnailUrl\":\"https:\/\/www.jinchunmetal.com\/wp-content\/uploads\/2024\/08\/\u52a0\u62ff\u5927\u94cc\u94c1200\u76ee-3-1.jpg\",\"datePublished\":\"2024-08-13T01:08:40+00:00\",\"dateModified\":\"2025-05-28T06:18:32+00:00\",\"description\":\"We are a Metal Materials manufacturer in China With rich experience in Absorbing Metal Materials Ferro niobium powder Nb 50% 60% 65% , with Competitive price and top quality.\",\"breadcrumb\":{\"@id\":\"https:\/\/www.jinchunmetal.com\/product\/absorbing-metal-materails-ferro-niobium-powder-nb-50-60-65\/#breadcrumb\"},\"inLanguage\":\"pt-PT\",\"potentialAction\":[{\"@type\":\"ReadAction\",\"target\":[\"https:\/\/www.jinchunmetal.com\/product\/absorbing-metal-materails-ferro-niobium-powder-nb-50-60-65\/\"]}]},{\"@type\":\"ImageObject\",\"inLanguage\":\"pt-PT\",\"@id\":\"https:\/\/www.jinchunmetal.com\/product\/absorbing-metal-materails-ferro-niobium-powder-nb-50-60-65\/#primaryimage\",\"url\":\"https:\/\/www.jinchunmetal.com\/wp-content\/uploads\/2024\/08\/\u52a0\u62ff\u5927\u94cc\u94c1200\u76ee-3-1.jpg\",\"contentUrl\":\"https:\/\/www.jinchunmetal.com\/wp-content\/uploads\/2024\/08\/\u52a0\u62ff\u5927\u94cc\u94c1200\u76ee-3-1.jpg\",\"width\":999,\"height\":999},{\"@type\":\"BreadcrumbList\",\"@id\":\"https:\/\/www.jinchunmetal.com\/product\/absorbing-metal-materails-ferro-niobium-powder-nb-50-60-65\/#breadcrumb\",\"itemListElement\":[{\"@type\":\"ListItem\",\"position\":1,\"name\":\"\u9996\u9875\",\"item\":\"https:\/\/www.jinchunmetal.com\/\"},{\"@type\":\"ListItem\",\"position\":2,\"name\":\"Products\",\"item\":\"https:\/\/www.jinchunmetal.com\/fr_fr\/products\/\"},{\"@type\":\"ListItem\",\"position\":3,\"name\":\"Absorbing Metal Materials Ferro niobium powder Nb 50% 60% 65%\"}]},{\"@type\":\"WebSite\",\"@id\":\"https:\/\/www.jinchunmetal.com\/#website\",\"url\":\"https:\/\/www.jinchunmetal.com\/\",\"name\":\"Chengdu Jinchun Metallic Materials Co.,Ltd.\",\"description\":\"Jinchun Metal\",\"potentialAction\":[{\"@type\":\"SearchAction\",\"target\":{\"@type\":\"EntryPoint\",\"urlTemplate\":\"https:\/\/www.jinchunmetal.com\/?s={search_term_string}\"},\"query-input\":\"required name=search_term_string\"}],\"inLanguage\":\"pt-PT\"}]}<\/script>\n<!-- \/ Yoast SEO plugin. -->","yoast_head_json":{"title":"Absorbing Metal Materials Ferro niobium powder Nb 50% 60% 65% - Jinchun %","description":"We are a Metal Materials manufacturer in China With rich experience in Absorbing Metal Materials Ferro niobium powder Nb 50% 60% 65% , with Competitive price and top quality.","robots":{"index":"index","follow":"follow","max-snippet":"max-snippet:-1","max-image-preview":"max-image-preview:large","max-video-preview":"max-video-preview:-1"},"canonical":"https:\/\/www.jinchunmetal.com\/pt\/produto\/absorbing-metal-materails-ferro-niobium-powder-nb-50-60-65\/","og_locale":"pt_PT","og_type":"article","og_title":"Absorbing Metal Materials Ferro niobium powder Nb 50% 60% 65% - Jinchun %","og_description":"We are a Metal Materials manufacturer in China With rich experience in Absorbing Metal Materials Ferro niobium powder Nb 50% 60% 65% , with Competitive price and top quality.","og_url":"https:\/\/www.jinchunmetal.com\/pt\/produto\/absorbing-metal-materails-ferro-niobium-powder-nb-50-60-65\/","og_site_name":"Chengdu Jinchun Metallic Materials Co.,Ltd.","article_modified_time":"2025-05-28T06:18:32+00:00","og_image":[{"width":999,"height":999,"url":"https:\/\/www.jinchunmetal.com\/wp-content\/uploads\/2024\/08\/\u52a0\u62ff\u5927\u94cc\u94c1200\u76ee-3-1.jpg","type":"image\/jpeg"}],"twitter_card":"summary_large_image","twitter_misc":{"Tempo estimado de leitura":"5 minutos"},"schema":{"@context":"https:\/\/schema.org","@graph":[{"@type":"WebPage","@id":"https:\/\/www.jinchunmetal.com\/product\/absorbing-metal-materails-ferro-niobium-powder-nb-50-60-65\/","url":"https:\/\/www.jinchunmetal.com\/product\/absorbing-metal-materails-ferro-niobium-powder-nb-50-60-65\/","name":"Absorbing Metal Materials Ferro niobium powder Nb 50% 60% 65% - Jinchun %","isPartOf":{"@id":"https:\/\/www.jinchunmetal.com\/#website"},"primaryImageOfPage":{"@id":"https:\/\/www.jinchunmetal.com\/product\/absorbing-metal-materails-ferro-niobium-powder-nb-50-60-65\/#primaryimage"},"image":{"@id":"https:\/\/www.jinchunmetal.com\/product\/absorbing-metal-materails-ferro-niobium-powder-nb-50-60-65\/#primaryimage"},"thumbnailUrl":"https:\/\/www.jinchunmetal.com\/wp-content\/uploads\/2024\/08\/\u52a0\u62ff\u5927\u94cc\u94c1200\u76ee-3-1.jpg","datePublished":"2024-08-13T01:08:40+00:00","dateModified":"2025-05-28T06:18:32+00:00","description":"We are a Metal Materials manufacturer in China With rich experience in Absorbing Metal Materials Ferro niobium powder Nb 50% 60% 65% , with Competitive price and top quality.","breadcrumb":{"@id":"https:\/\/www.jinchunmetal.com\/product\/absorbing-metal-materails-ferro-niobium-powder-nb-50-60-65\/#breadcrumb"},"inLanguage":"pt-PT","potentialAction":[{"@type":"ReadAction","target":["https:\/\/www.jinchunmetal.com\/product\/absorbing-metal-materails-ferro-niobium-powder-nb-50-60-65\/"]}]},{"@type":"ImageObject","inLanguage":"pt-PT","@id":"https:\/\/www.jinchunmetal.com\/product\/absorbing-metal-materails-ferro-niobium-powder-nb-50-60-65\/#primaryimage","url":"https:\/\/www.jinchunmetal.com\/wp-content\/uploads\/2024\/08\/\u52a0\u62ff\u5927\u94cc\u94c1200\u76ee-3-1.jpg","contentUrl":"https:\/\/www.jinchunmetal.com\/wp-content\/uploads\/2024\/08\/\u52a0\u62ff\u5927\u94cc\u94c1200\u76ee-3-1.jpg","width":999,"height":999},{"@type":"BreadcrumbList","@id":"https:\/\/www.jinchunmetal.com\/product\/absorbing-metal-materails-ferro-niobium-powder-nb-50-60-65\/#breadcrumb","itemListElement":[{"@type":"ListItem","position":1,"name":"\u9996\u9875","item":"https:\/\/www.jinchunmetal.com\/"},{"@type":"ListItem","position":2,"name":"Products","item":"https:\/\/www.jinchunmetal.com\/fr_fr\/products\/"},{"@type":"ListItem","position":3,"name":"Absorbing Metal Materials Ferro niobium powder Nb 50% 60% 65%"}]},{"@type":"WebSite","@id":"https:\/\/www.jinchunmetal.com\/#website","url":"https:\/\/www.jinchunmetal.com\/","name":"Chengdu Jinchun Metallic Materials Co.,Ltd.","description":"Jinchun Metal","potentialAction":[{"@type":"SearchAction","target":{"@type":"EntryPoint","urlTemplate":"https:\/\/www.jinchunmetal.com\/?s={search_term_string}"},"query-input":"required name=search_term_string"}],"inLanguage":"pt-PT"}]}},"_links":{"self":[{"href":"https:\/\/www.jinchunmetal.com\/pt\/wp-json\/wp\/v2\/product\/3748","targetHints":{"allow":["GET"]}}],"collection":[{"href":"https:\/\/www.jinchunmetal.com\/pt\/wp-json\/wp\/v2\/product"}],"about":[{"href":"https:\/\/www.jinchunmetal.com\/pt\/wp-json\/wp\/v2\/types\/product"}],"replies":[{"embeddable":true,"href":"https:\/\/www.jinchunmetal.com\/pt\/wp-json\/wp\/v2\/comments?post=3748"}],"wp:featuredmedia":[{"embeddable":true,"href":"https:\/\/www.jinchunmetal.com\/pt\/wp-json\/wp\/v2\/media\/3744"}],"wp:attachment":[{"href":"https:\/\/www.jinchunmetal.com\/pt\/wp-json\/wp\/v2\/media?parent=3748"}],"wp:term":[{"taxonomy":"product_brand","embeddable":true,"href":"https:\/\/www.jinchunmetal.com\/pt\/wp-json\/wp\/v2\/product_brand?post=3748"},{"taxonomy":"product_cat","embeddable":true,"href":"https:\/\/www.jinchunmetal.com\/pt\/wp-json\/wp\/v2\/product_cat?post=3748"},{"taxonomy":"product_tag","embeddable":true,"href":"https:\/\/www.jinchunmetal.com\/pt\/wp-json\/wp\/v2\/product_tag?post=3748"}],"curies":[{"name":"wp","href":"https:\/\/api.w.org\/{rel}","templated":true}]}}