{"id":3866,"date":"2024-08-19T16:16:51","date_gmt":"2024-08-19T08:16:51","guid":{"rendered":"https:\/\/www.jinchunmetal.com\/?post_type=product&#038;p=3866"},"modified":"2025-05-28T14:40:15","modified_gmt":"2025-05-28T06:40:15","slug":"battery-cathode-metal-materials-black-green-silicon-carbide-powder","status":"publish","type":"product","link":"https:\/\/www.jinchunmetal.com\/pt\/produto\/battery-cathode-metal-materials-black-green-silicon-carbide-powder\/","title":{"rendered":"C\u00e1todo de bateria Materiais met\u00e1licos Preto Verde P\u00f3 de carboneto de sil\u00edcio"},"content":{"rendered":"<p><strong>Car\u00e1cter do produto<\/strong><\/p>\n<p>Silicon carbide powders are widely used in various fields of abrasives and grinding tools due to their advantages such as wear resistance, high hardness, high temperature resistance, low expansion coefficient, and oxidation resistance.<\/p>\n<p>&nbsp;<\/p>\n<p><strong>2.Especifica\u00e7\u00e3o<\/strong><\/p>\n<p><strong>Silicon carbide powder<\/strong><\/p>\n<table width=\"512\">\n<tbody>\n<tr>\n<td rowspan=\"2\" width=\"187\">Silicon carbide powder<\/td>\n<td width=\"117\">Elemento<\/td>\n<td width=\"82\">SiC<\/td>\n<td width=\"72\">Fe2O3<\/td>\n<td width=\"54\">F.\u00a0C<\/td>\n<\/tr>\n<tr>\n<td>Resultado\uff08%\uff09<\/td>\n<td>99.51<\/td>\n<td>0.144<\/td>\n<td>0.17<\/td>\n<\/tr>\n<\/tbody>\n<\/table>\n<p>&nbsp;<\/p>\n<p><strong>3.Application of Black silicon carbide powder\u00a0<\/strong><\/p>\n<ul>\n<li>Functional ceramics<\/li>\n<li>Advanced refractory materials<\/li>\n<li>Sandblasting<\/li>\n<li>Metallurgical materials<\/li>\n<li>Consum\u00edveis de soldadura<\/li>\n<li>Environmental Protection Industry<\/li>\n<\/ul>\n<p>&nbsp;<\/p>\n<p><strong>4. Characteristics and Application of Green silicon carbide powder<\/strong><\/p>\n<p><strong>Hardness:<\/strong> The Mohs hardness of green silicon carbide is 9.5, making it an effective cutting abrasive, grinding, and polishing material<br \/>\nPurity: Compared to black silicon carbide, green silicon carbide is known for its higher purity because it contains fewer impurities such as iron and carbon This feature makes it suitable for applications that require high-quality, precision finishes<br \/>\n<strong>Fragility:<\/strong> Green silicon carbide is more brittle than black silicon carbide, which means it is more prone to damage during use This feature allows for continuous exposure of sharp edges, making it an ideal choice for precision grinding applications<br \/>\n<strong>High thermal conductivity:<\/strong> Similar to black silicon carbide, green silicon carbide also has excellent thermal conductivity due to its strong covalent bonds and crystal structure<br \/>\nChemical resistance: Green silicon carbide is resistant to chemicals, acids, and alkalis, making it suitable for use in harsh chemical environments<\/p>\n<p><strong>\u00a0Application:\u00a0<\/strong><\/p>\n<ul>\n<li><strong>Abrasive:<\/strong> Green silicon carbide is commonly used in the manufacture of grinding wheels, sandpapers, and cutting tools, particularly suitable for applications that require precision and high-quality surface treatment.<\/li>\n<li><strong>Grinding and Polishing:<\/strong> The fragility of green silicon carbide makes it a popular choice for grinding and polishing operations, including polishing gemstones, glass, and semiconductor materials.<\/li>\n<li><strong>Advanced ceramics:<\/strong> Due to its high purity, green silicon carbide is often used as an additive in advanced ceramic production to improve its mechanical properties and wear resistance.<\/li>\n<li><strong>Electronic products:<\/strong> The semiconductor properties of green silicon carbide make it suitable for use in the field of power electronics, such as high-voltage power transistors and light-emitting diodes (LEDs).<\/li>\n<li><strong>Aerospace:<\/strong> Lightweight materials, high strength, and excellent thermal performance make it an attractive choice for aerospace components such as engine parts and heat shields.<\/li>\n<li><strong>Welding Consumables.<\/strong><\/li>\n<\/ul>\n<p>&nbsp;<\/p>\n<p>&nbsp;<\/p>\n<p><img loading=\"lazy\" decoding=\"async\" class=\"alignnone wp-image-3223\" src=\"http:\/\/www.jinchunmetal.com\/wp-content\/uploads\/2024\/07\/\u8010\u78e8\u710a\u6761-300x300.jpeg\" alt=\"\" width=\"228\" height=\"228\" srcset=\"https:\/\/www.jinchunmetal.com\/wp-content\/uploads\/2024\/07\/\u8010\u78e8\u710a\u6761-300x300.jpeg 300w, https:\/\/www.jinchunmetal.com\/wp-content\/uploads\/2024\/07\/\u8010\u78e8\u710a\u6761-1024x1024.jpeg 1024w, https:\/\/www.jinchunmetal.com\/wp-content\/uploads\/2024\/07\/\u8010\u78e8\u710a\u6761-150x150.jpeg 150w, https:\/\/www.jinchunmetal.com\/wp-content\/uploads\/2024\/07\/\u8010\u78e8\u710a\u6761-768x768.jpeg 768w, https:\/\/www.jinchunmetal.com\/wp-content\/uploads\/2024\/07\/\u8010\u78e8\u710a\u6761-1536x1536.jpeg 1536w, https:\/\/www.jinchunmetal.com\/wp-content\/uploads\/2024\/07\/\u8010\u78e8\u710a\u6761-2048x2048.jpeg 2048w, https:\/\/www.jinchunmetal.com\/wp-content\/uploads\/2024\/07\/\u8010\u78e8\u710a\u6761-12x12.jpeg 12w, https:\/\/www.jinchunmetal.com\/wp-content\/uploads\/2024\/07\/\u8010\u78e8\u710a\u6761-75x75.jpeg 75w, https:\/\/www.jinchunmetal.com\/wp-content\/uploads\/2024\/07\/\u8010\u78e8\u710a\u6761-800x800.jpeg 800w, https:\/\/www.jinchunmetal.com\/wp-content\/uploads\/2024\/07\/\u8010\u78e8\u710a\u6761-100x100.jpeg 100w\" sizes=\"auto, (max-width: 228px) 100vw, 228px\" \/><img loading=\"lazy\" decoding=\"async\" class=\"alignnone wp-image-3222\" src=\"https:\/\/www.jinchunmetal.com\/wp-content\/uploads\/2024\/07\/\u8010\u78e8\u5806\u710a\u836f\u82af\u710a\u4e1d-flux-cored-welding-wires-300x200.jpeg\" alt=\"\" width=\"311\" height=\"207\" srcset=\"https:\/\/www.jinchunmetal.com\/wp-content\/uploads\/2024\/07\/\u8010\u78e8\u5806\u710a\u836f\u82af\u710a\u4e1d-flux-cored-welding-wires-300x200.jpeg 300w, https:\/\/www.jinchunmetal.com\/wp-content\/uploads\/2024\/07\/\u8010\u78e8\u5806\u710a\u836f\u82af\u710a\u4e1d-flux-cored-welding-wires-1024x682.jpeg 1024w, https:\/\/www.jinchunmetal.com\/wp-content\/uploads\/2024\/07\/\u8010\u78e8\u5806\u710a\u836f\u82af\u710a\u4e1d-flux-cored-welding-wires-768x511.jpeg 768w, https:\/\/www.jinchunmetal.com\/wp-content\/uploads\/2024\/07\/\u8010\u78e8\u5806\u710a\u836f\u82af\u710a\u4e1d-flux-cored-welding-wires-1536x1022.jpeg 1536w, https:\/\/www.jinchunmetal.com\/wp-content\/uploads\/2024\/07\/\u8010\u78e8\u5806\u710a\u836f\u82af\u710a\u4e1d-flux-cored-welding-wires-2048x1363.jpeg 2048w, https:\/\/www.jinchunmetal.com\/wp-content\/uploads\/2024\/07\/\u8010\u78e8\u5806\u710a\u836f\u82af\u710a\u4e1d-flux-cored-welding-wires-18x12.jpeg 18w, https:\/\/www.jinchunmetal.com\/wp-content\/uploads\/2024\/07\/\u8010\u78e8\u5806\u710a\u836f\u82af\u710a\u4e1d-flux-cored-welding-wires-800x532.jpeg 800w\" sizes=\"auto, (max-width: 311px) 100vw, 311px\" \/><img loading=\"lazy\" decoding=\"async\" class=\"alignnone wp-image-3856\" src=\"https:\/\/www.jinchunmetal.com\/wp-content\/uploads\/2024\/08\/Abbrasive-300x214.jpeg\" alt=\"\" width=\"290\" height=\"207\" srcset=\"https:\/\/www.jinchunmetal.com\/wp-content\/uploads\/2024\/08\/Abbrasive-300x214.jpeg 300w, https:\/\/www.jinchunmetal.com\/wp-content\/uploads\/2024\/08\/Abbrasive-1024x731.jpeg 1024w, https:\/\/www.jinchunmetal.com\/wp-content\/uploads\/2024\/08\/Abbrasive-768x549.jpeg 768w, https:\/\/www.jinchunmetal.com\/wp-content\/uploads\/2024\/08\/Abbrasive-1536x1097.jpeg 1536w, https:\/\/www.jinchunmetal.com\/wp-content\/uploads\/2024\/08\/Abbrasive-2048x1463.jpeg 2048w, https:\/\/www.jinchunmetal.com\/wp-content\/uploads\/2024\/08\/Abbrasive-18x12.jpeg 18w, https:\/\/www.jinchunmetal.com\/wp-content\/uploads\/2024\/08\/Abbrasive-800x571.jpeg 800w\" sizes=\"auto, (max-width: 290px) 100vw, 290px\" \/><img loading=\"lazy\" decoding=\"async\" class=\"alignnone wp-image-3858\" src=\"https:\/\/www.jinchunmetal.com\/wp-content\/uploads\/2024\/08\/Advanced-ceramics-300x197.jpg\" alt=\"\" width=\"314\" height=\"206\" srcset=\"https:\/\/www.jinchunmetal.com\/wp-content\/uploads\/2024\/08\/Advanced-ceramics-300x197.jpg 300w, https:\/\/www.jinchunmetal.com\/wp-content\/uploads\/2024\/08\/Advanced-ceramics-1024x674.jpg 1024w, https:\/\/www.jinchunmetal.com\/wp-content\/uploads\/2024\/08\/Advanced-ceramics-768x505.jpg 768w, https:\/\/www.jinchunmetal.com\/wp-content\/uploads\/2024\/08\/Advanced-ceramics-1536x1011.jpg 1536w, https:\/\/www.jinchunmetal.com\/wp-content\/uploads\/2024\/08\/Advanced-ceramics-18x12.jpg 18w, https:\/\/www.jinchunmetal.com\/wp-content\/uploads\/2024\/08\/Advanced-ceramics-800x526.jpg 800w, https:\/\/www.jinchunmetal.com\/wp-content\/uploads\/2024\/08\/Advanced-ceramics.jpg 2000w\" sizes=\"auto, (max-width: 314px) 100vw, 314px\" \/><\/p>","protected":false},"excerpt":{"rendered":"<p>Car\u00e1cter do produto\uff1a<\/p>\n<p>Silicon carbide powders are widely used in various fields of abrasives and grinding tools due to their advantages such as wear resistance, high hardness, high temperature resistance, low expansion coefficient, and oxidation resistance.<\/p>\n<table>\n<tbody>\n<tr>\n<td>Nome da marca<\/td>\n<td>Jinchun<\/td>\n<\/tr>\n<tr>\n<td>Origem<\/td>\n<td>China<\/td>\n<\/tr>\n<tr>\n<td>Nome do produto<\/td>\n<td>Black Silicon carbide powder, Green silicon carbide powder<\/td>\n<\/tr>\n<tr>\n<td>Aplica\u00e7\u00e3o<\/td>\n<td>Welding consumables, functional ceramics, advanced refractory materials,\u00a0 Metallurgical materials, Environmental protection industry, abrasive, Grinding and Polishing, Electronic products, Aerospace, etc.<\/td>\n<\/tr>\n<tr>\n<td>Forma<\/td>\n<td>P\u00f3<\/td>\n<\/tr>\n<tr>\n<td>Cor<\/td>\n<td>Metal black, green<\/td>\n<\/tr>\n<tr>\n<td>Tamanho<\/td>\n<td>4#-240#, 230#-8000#, W1.5-W63, 20mesh, 24mesh, 30 mesh, 36 mesh, 46 mesh, 60 mesh, 70 mesh, 80mesh, etc.<\/td>\n<\/tr>\n<tr>\n<td>Padr\u00e3o<\/td>\n<td>GB\/T 19001-2016\/ISO9001: 2015<\/td>\n<\/tr>\n<tr>\n<td>Pureza<\/td>\n<td>SiC 99.5%<\/td>\n<\/tr>\n<tr>\n<td>Raw material<\/td>\n<td>Silicon carbide<\/td>\n<\/tr>\n<tr>\n<td>Embalagem<\/td>\n<td>Ton bags<\/td>\n<\/tr>\n<\/tbody>\n<\/table>","protected":false},"featured_media":3867,"comment_status":"open","ping_status":"closed","template":"","meta":{"_acf_changed":false},"product_brand":[],"product_cat":[57],"product_tag":[],"class_list":{"0":"post-3866","1":"product","2":"type-product","3":"status-publish","4":"has-post-thumbnail","6":"product_cat-battery-cathode-and-ceramics-metal-materials","8":"first","9":"instock","10":"shipping-taxable","11":"product-type-simple"},"acf":[],"yoast_head":"<!-- This site is optimized with the Yoast SEO plugin v23.2 - https:\/\/yoast.com\/wordpress\/plugins\/seo\/ -->\n<title>Battery Cathode Metal Materials Black Green Silicon carbide powder - Jinchun %<\/title>\n<meta name=\"description\" content=\"We are a Metal Materials manufacturer in China With rich experience in Battery Cathode Metal Materials Black Green Silicon carbide powder , with Competitive price and top quality.\" \/>\n<meta name=\"robots\" content=\"index, follow, max-snippet:-1, max-image-preview:large, max-video-preview:-1\" \/>\n<link rel=\"canonical\" href=\"https:\/\/www.jinchunmetal.com\/pt\/produto\/battery-cathode-metal-materials-black-green-silicon-carbide-powder\/\" \/>\n<meta property=\"og:locale\" content=\"pt_PT\" \/>\n<meta property=\"og:type\" content=\"article\" \/>\n<meta property=\"og:title\" content=\"Battery Cathode Metal Materials Black Green Silicon carbide powder - Jinchun %\" \/>\n<meta property=\"og:description\" content=\"We are a Metal Materials manufacturer in China With rich experience in Battery Cathode Metal Materials Black Green Silicon carbide powder , with Competitive price and top quality.\" \/>\n<meta property=\"og:url\" content=\"https:\/\/www.jinchunmetal.com\/pt\/produto\/battery-cathode-metal-materials-black-green-silicon-carbide-powder\/\" \/>\n<meta property=\"og:site_name\" content=\"Chengdu Jinchun Metallic Materials Co.,Ltd.\" \/>\n<meta property=\"article:modified_time\" content=\"2025-05-28T06:40:15+00:00\" \/>\n<meta property=\"og:image\" content=\"https:\/\/www.jinchunmetal.com\/wp-content\/uploads\/2024\/08\/\u8d85\u7ec6\u94c1\u7c893.jpg\" \/>\n\t<meta property=\"og:image:width\" content=\"1000\" \/>\n\t<meta property=\"og:image:height\" content=\"1000\" \/>\n\t<meta property=\"og:image:type\" content=\"image\/jpeg\" \/>\n<meta name=\"twitter:card\" content=\"summary_large_image\" \/>\n<meta name=\"twitter:label1\" content=\"Tempo estimado de leitura\" \/>\n\t<meta name=\"twitter:data1\" content=\"3 minutos\" \/>\n<script type=\"application\/ld+json\" class=\"yoast-schema-graph\">{\"@context\":\"https:\/\/schema.org\",\"@graph\":[{\"@type\":\"WebPage\",\"@id\":\"https:\/\/www.jinchunmetal.com\/product\/battery-cathode-metal-materials-black-green-silicon-carbide-powder\/\",\"url\":\"https:\/\/www.jinchunmetal.com\/product\/battery-cathode-metal-materials-black-green-silicon-carbide-powder\/\",\"name\":\"Battery Cathode Metal Materials Black Green Silicon carbide powder - Jinchun %\",\"isPartOf\":{\"@id\":\"https:\/\/www.jinchunmetal.com\/#website\"},\"primaryImageOfPage\":{\"@id\":\"https:\/\/www.jinchunmetal.com\/product\/battery-cathode-metal-materials-black-green-silicon-carbide-powder\/#primaryimage\"},\"image\":{\"@id\":\"https:\/\/www.jinchunmetal.com\/product\/battery-cathode-metal-materials-black-green-silicon-carbide-powder\/#primaryimage\"},\"thumbnailUrl\":\"https:\/\/www.jinchunmetal.com\/wp-content\/uploads\/2024\/08\/\u8d85\u7ec6\u94c1\u7c893.jpg\",\"datePublished\":\"2024-08-19T08:16:51+00:00\",\"dateModified\":\"2025-05-28T06:40:15+00:00\",\"description\":\"We are a Metal Materials manufacturer in China With rich experience in Battery Cathode Metal Materials Black Green Silicon carbide powder , with Competitive price and top quality.\",\"breadcrumb\":{\"@id\":\"https:\/\/www.jinchunmetal.com\/product\/battery-cathode-metal-materials-black-green-silicon-carbide-powder\/#breadcrumb\"},\"inLanguage\":\"pt-PT\",\"potentialAction\":[{\"@type\":\"ReadAction\",\"target\":[\"https:\/\/www.jinchunmetal.com\/product\/battery-cathode-metal-materials-black-green-silicon-carbide-powder\/\"]}]},{\"@type\":\"ImageObject\",\"inLanguage\":\"pt-PT\",\"@id\":\"https:\/\/www.jinchunmetal.com\/product\/battery-cathode-metal-materials-black-green-silicon-carbide-powder\/#primaryimage\",\"url\":\"https:\/\/www.jinchunmetal.com\/wp-content\/uploads\/2024\/08\/\u8d85\u7ec6\u94c1\u7c893.jpg\",\"contentUrl\":\"https:\/\/www.jinchunmetal.com\/wp-content\/uploads\/2024\/08\/\u8d85\u7ec6\u94c1\u7c893.jpg\",\"width\":1000,\"height\":1000},{\"@type\":\"BreadcrumbList\",\"@id\":\"https:\/\/www.jinchunmetal.com\/product\/battery-cathode-metal-materials-black-green-silicon-carbide-powder\/#breadcrumb\",\"itemListElement\":[{\"@type\":\"ListItem\",\"position\":1,\"name\":\"\u9996\u9875\",\"item\":\"https:\/\/www.jinchunmetal.com\/\"},{\"@type\":\"ListItem\",\"position\":2,\"name\":\"Products\",\"item\":\"https:\/\/www.jinchunmetal.com\/fr_fr\/products\/\"},{\"@type\":\"ListItem\",\"position\":3,\"name\":\"Battery Cathode Metal Materials Black Green Silicon carbide powder\"}]},{\"@type\":\"WebSite\",\"@id\":\"https:\/\/www.jinchunmetal.com\/#website\",\"url\":\"https:\/\/www.jinchunmetal.com\/\",\"name\":\"Chengdu Jinchun Metallic Materials Co.,Ltd.\",\"description\":\"Jinchun Metal\",\"potentialAction\":[{\"@type\":\"SearchAction\",\"target\":{\"@type\":\"EntryPoint\",\"urlTemplate\":\"https:\/\/www.jinchunmetal.com\/?s={search_term_string}\"},\"query-input\":\"required name=search_term_string\"}],\"inLanguage\":\"pt-PT\"}]}<\/script>\n<!-- \/ Yoast SEO plugin. -->","yoast_head_json":{"title":"Battery Cathode Metal Materials Black Green Silicon carbide powder - Jinchun %","description":"We are a Metal Materials manufacturer in China With rich experience in Battery Cathode Metal Materials Black Green Silicon carbide powder , with Competitive price and top quality.","robots":{"index":"index","follow":"follow","max-snippet":"max-snippet:-1","max-image-preview":"max-image-preview:large","max-video-preview":"max-video-preview:-1"},"canonical":"https:\/\/www.jinchunmetal.com\/pt\/produto\/battery-cathode-metal-materials-black-green-silicon-carbide-powder\/","og_locale":"pt_PT","og_type":"article","og_title":"Battery Cathode Metal Materials Black Green Silicon carbide powder - Jinchun %","og_description":"We are a Metal Materials manufacturer in China With rich experience in Battery Cathode Metal Materials Black Green Silicon carbide powder , with Competitive price and top quality.","og_url":"https:\/\/www.jinchunmetal.com\/pt\/produto\/battery-cathode-metal-materials-black-green-silicon-carbide-powder\/","og_site_name":"Chengdu Jinchun Metallic Materials Co.,Ltd.","article_modified_time":"2025-05-28T06:40:15+00:00","og_image":[{"width":1000,"height":1000,"url":"https:\/\/www.jinchunmetal.com\/wp-content\/uploads\/2024\/08\/\u8d85\u7ec6\u94c1\u7c893.jpg","type":"image\/jpeg"}],"twitter_card":"summary_large_image","twitter_misc":{"Tempo estimado de leitura":"3 minutos"},"schema":{"@context":"https:\/\/schema.org","@graph":[{"@type":"WebPage","@id":"https:\/\/www.jinchunmetal.com\/product\/battery-cathode-metal-materials-black-green-silicon-carbide-powder\/","url":"https:\/\/www.jinchunmetal.com\/product\/battery-cathode-metal-materials-black-green-silicon-carbide-powder\/","name":"Battery Cathode Metal Materials Black Green Silicon carbide powder - Jinchun %","isPartOf":{"@id":"https:\/\/www.jinchunmetal.com\/#website"},"primaryImageOfPage":{"@id":"https:\/\/www.jinchunmetal.com\/product\/battery-cathode-metal-materials-black-green-silicon-carbide-powder\/#primaryimage"},"image":{"@id":"https:\/\/www.jinchunmetal.com\/product\/battery-cathode-metal-materials-black-green-silicon-carbide-powder\/#primaryimage"},"thumbnailUrl":"https:\/\/www.jinchunmetal.com\/wp-content\/uploads\/2024\/08\/\u8d85\u7ec6\u94c1\u7c893.jpg","datePublished":"2024-08-19T08:16:51+00:00","dateModified":"2025-05-28T06:40:15+00:00","description":"We are a Metal Materials manufacturer in China With rich experience in Battery Cathode Metal Materials Black Green Silicon carbide powder , with Competitive price and top quality.","breadcrumb":{"@id":"https:\/\/www.jinchunmetal.com\/product\/battery-cathode-metal-materials-black-green-silicon-carbide-powder\/#breadcrumb"},"inLanguage":"pt-PT","potentialAction":[{"@type":"ReadAction","target":["https:\/\/www.jinchunmetal.com\/product\/battery-cathode-metal-materials-black-green-silicon-carbide-powder\/"]}]},{"@type":"ImageObject","inLanguage":"pt-PT","@id":"https:\/\/www.jinchunmetal.com\/product\/battery-cathode-metal-materials-black-green-silicon-carbide-powder\/#primaryimage","url":"https:\/\/www.jinchunmetal.com\/wp-content\/uploads\/2024\/08\/\u8d85\u7ec6\u94c1\u7c893.jpg","contentUrl":"https:\/\/www.jinchunmetal.com\/wp-content\/uploads\/2024\/08\/\u8d85\u7ec6\u94c1\u7c893.jpg","width":1000,"height":1000},{"@type":"BreadcrumbList","@id":"https:\/\/www.jinchunmetal.com\/product\/battery-cathode-metal-materials-black-green-silicon-carbide-powder\/#breadcrumb","itemListElement":[{"@type":"ListItem","position":1,"name":"\u9996\u9875","item":"https:\/\/www.jinchunmetal.com\/"},{"@type":"ListItem","position":2,"name":"Products","item":"https:\/\/www.jinchunmetal.com\/fr_fr\/products\/"},{"@type":"ListItem","position":3,"name":"Battery Cathode Metal Materials Black Green Silicon carbide powder"}]},{"@type":"WebSite","@id":"https:\/\/www.jinchunmetal.com\/#website","url":"https:\/\/www.jinchunmetal.com\/","name":"Chengdu Jinchun Metallic Materials Co.,Ltd.","description":"Jinchun Metal","potentialAction":[{"@type":"SearchAction","target":{"@type":"EntryPoint","urlTemplate":"https:\/\/www.jinchunmetal.com\/?s={search_term_string}"},"query-input":"required name=search_term_string"}],"inLanguage":"pt-PT"}]}},"_links":{"self":[{"href":"https:\/\/www.jinchunmetal.com\/pt\/wp-json\/wp\/v2\/product\/3866","targetHints":{"allow":["GET"]}}],"collection":[{"href":"https:\/\/www.jinchunmetal.com\/pt\/wp-json\/wp\/v2\/product"}],"about":[{"href":"https:\/\/www.jinchunmetal.com\/pt\/wp-json\/wp\/v2\/types\/product"}],"replies":[{"embeddable":true,"href":"https:\/\/www.jinchunmetal.com\/pt\/wp-json\/wp\/v2\/comments?post=3866"}],"wp:featuredmedia":[{"embeddable":true,"href":"https:\/\/www.jinchunmetal.com\/pt\/wp-json\/wp\/v2\/media\/3867"}],"wp:attachment":[{"href":"https:\/\/www.jinchunmetal.com\/pt\/wp-json\/wp\/v2\/media?parent=3866"}],"wp:term":[{"taxonomy":"product_brand","embeddable":true,"href":"https:\/\/www.jinchunmetal.com\/pt\/wp-json\/wp\/v2\/product_brand?post=3866"},{"taxonomy":"product_cat","embeddable":true,"href":"https:\/\/www.jinchunmetal.com\/pt\/wp-json\/wp\/v2\/product_cat?post=3866"},{"taxonomy":"product_tag","embeddable":true,"href":"https:\/\/www.jinchunmetal.com\/pt\/wp-json\/wp\/v2\/product_tag?post=3866"}],"curies":[{"name":"wp","href":"https:\/\/api.w.org\/{rel}","templated":true}]}}