{"id":3921,"date":"2024-08-20T14:21:30","date_gmt":"2024-08-20T06:21:30","guid":{"rendered":"https:\/\/www.jinchunmetal.com\/?post_type=product&#038;p=3921"},"modified":"2025-05-28T14:20:22","modified_gmt":"2025-05-28T06:20:22","slug":"welding-consumables-metal-materials-ferro-tungsten-powder","status":"publish","type":"product","link":"https:\/\/www.jinchunmetal.com\/pt\/produto\/welding-consumables-metal-materials-ferro-tungsten-powder\/","title":{"rendered":"Consum\u00edveis de soldadura Materiais met\u00e1licos P\u00f3 de ferro-tungst\u00e9nio"},"content":{"rendered":"<p><strong>Car\u00e1cter do produto<\/strong><\/p>\n<p>The main function of ferro tungsten\u00a0 powder is as an alloy additive for steelmaking to increase the wear resistance. We mainly supply the FeW80 type, and the W content is 75% min.<\/p>\n<p><strong>2.Especifica\u00e7\u00e3o<\/strong><\/p>\n<p><b>Ferro tungsten powder<\/b><\/p>\n<table width=\"973\">\n<tbody>\n<tr>\n<td width=\"187\">Nome\/tipo<\/td>\n<td width=\"117\">Elemento<\/td>\n<td width=\"82\">W<\/td>\n<td width=\"72\">Si<\/td>\n<td width=\"54\">S<\/td>\n<td width=\"48\">C<\/td>\n<td width=\"58\">P<\/td>\n<td width=\"64\">Bi<\/td>\n<td width=\"57\">Mn<\/td>\n<td width=\"49\">Cu<\/td>\n<td width=\"47\">Como<\/td>\n<td width=\"49\">Sn<\/td>\n<td width=\"46\">Sb<\/td>\n<td width=\"43\">Pb<\/td>\n<\/tr>\n<tr>\n<td rowspan=\"2\">FeW80-A<\/td>\n<td>Padr\u00e3o\uff08%\uff09<\/td>\n<td>75.0~85.0<\/td>\n<td>\u22640.5<\/td>\n<td>\u22640.06<\/td>\n<td>\u22640.10<\/td>\n<td>\u22640.03<\/td>\n<td>\u22640.05<\/td>\n<td>\u22640.25<\/td>\n<td>\u22640.10<\/td>\n<td>\u22640.06<\/td>\n<td>\u22640.06<\/td>\n<td>\u22640.05<\/td>\n<td>\u22640.05<\/td>\n<\/tr>\n<tr>\n<td>Resultado\uff08%\uff09<\/td>\n<td width=\"82\">75.40<\/td>\n<td width=\"72\">0.31<\/td>\n<td width=\"54\">0.042<\/td>\n<td width=\"48\">0.22<\/td>\n<td width=\"58\">0.032<\/td>\n<td width=\"64\">0.05<\/td>\n<td width=\"57\">0.28<\/td>\n<td width=\"49\">0.081<\/td>\n<td width=\"47\">0.032<\/td>\n<td width=\"49\">0.023<\/td>\n<td width=\"46\">0.05<\/td>\n<td width=\"43\">0.05<\/td>\n<\/tr>\n<\/tbody>\n<\/table>\n<p>&nbsp;<\/p>\n<p><strong>3.Imagens das mat\u00e9rias-primas e da produ\u00e7\u00e3o<\/strong><\/p>\n<p>Fotos de mat\u00e9rias-primas\uff1a<\/p>\n<p><img loading=\"lazy\" decoding=\"async\" class=\"alignnone wp-image-3924\" src=\"https:\/\/www.jinchunmetal.com\/wp-content\/uploads\/2024\/08\/ferro-tungsten-188x300.jpg\" alt=\"\" width=\"243\" height=\"388\" srcset=\"https:\/\/www.jinchunmetal.com\/wp-content\/uploads\/2024\/08\/ferro-tungsten-188x300.jpg 188w, https:\/\/www.jinchunmetal.com\/wp-content\/uploads\/2024\/08\/ferro-tungsten-640x1024.jpg 640w, https:\/\/www.jinchunmetal.com\/wp-content\/uploads\/2024\/08\/ferro-tungsten-768x1229.jpg 768w, https:\/\/www.jinchunmetal.com\/wp-content\/uploads\/2024\/08\/ferro-tungsten-960x1536.jpg 960w, https:\/\/www.jinchunmetal.com\/wp-content\/uploads\/2024\/08\/ferro-tungsten-1280x2048.jpg 1280w, https:\/\/www.jinchunmetal.com\/wp-content\/uploads\/2024\/08\/ferro-tungsten-8x12.jpg 8w, https:\/\/www.jinchunmetal.com\/wp-content\/uploads\/2024\/08\/ferro-tungsten-800x1280.jpg 800w, https:\/\/www.jinchunmetal.com\/wp-content\/uploads\/2024\/08\/ferro-tungsten-scaled.jpg 1600w\" sizes=\"auto, (max-width: 243px) 100vw, 243px\" \/><\/p>\n<p>Imagens de produ\u00e7\u00e3o:<br \/>\n<img loading=\"lazy\" decoding=\"async\" class=\"alignnone size-medium wp-image-3226\" src=\"http:\/\/www.jinchunmetal.com\/wp-content\/uploads\/2024\/07\/\u8bbe\u59073-300x221.jpg\" alt=\"\" width=\"300\" height=\"221\" srcset=\"https:\/\/www.jinchunmetal.com\/wp-content\/uploads\/2024\/07\/\u8bbe\u59073-300x221.jpg 300w, https:\/\/www.jinchunmetal.com\/wp-content\/uploads\/2024\/07\/\u8bbe\u59073-16x12.jpg 16w, https:\/\/www.jinchunmetal.com\/wp-content\/uploads\/2024\/07\/\u8bbe\u59073.jpg 443w\" sizes=\"auto, (max-width: 300px) 100vw, 300px\" \/><img loading=\"lazy\" decoding=\"async\" class=\"alignnone size-medium wp-image-3225\" src=\"http:\/\/www.jinchunmetal.com\/wp-content\/uploads\/2024\/07\/\u8bbe\u59072-300x221.jpg\" alt=\"\" width=\"300\" height=\"221\" srcset=\"https:\/\/www.jinchunmetal.com\/wp-content\/uploads\/2024\/07\/\u8bbe\u59072-300x221.jpg 300w, https:\/\/www.jinchunmetal.com\/wp-content\/uploads\/2024\/07\/\u8bbe\u59072-16x12.jpg 16w, https:\/\/www.jinchunmetal.com\/wp-content\/uploads\/2024\/07\/\u8bbe\u59072.jpg 443w\" sizes=\"auto, (max-width: 300px) 100vw, 300px\" \/><img loading=\"lazy\" decoding=\"async\" class=\"alignnone wp-image-3224\" src=\"http:\/\/www.jinchunmetal.com\/wp-content\/uploads\/2024\/07\/\u8bbe\u5907-300x150.jpg\" alt=\"\" width=\"438\" height=\"219\" srcset=\"https:\/\/www.jinchunmetal.com\/wp-content\/uploads\/2024\/07\/\u8bbe\u5907-300x150.jpg 300w, https:\/\/www.jinchunmetal.com\/wp-content\/uploads\/2024\/07\/\u8bbe\u5907-1024x512.jpg 1024w, https:\/\/www.jinchunmetal.com\/wp-content\/uploads\/2024\/07\/\u8bbe\u5907-768x384.jpg 768w, https:\/\/www.jinchunmetal.com\/wp-content\/uploads\/2024\/07\/\u8bbe\u5907-1536x768.jpg 1536w, https:\/\/www.jinchunmetal.com\/wp-content\/uploads\/2024\/07\/\u8bbe\u5907-18x9.jpg 18w, https:\/\/www.jinchunmetal.com\/wp-content\/uploads\/2024\/07\/\u8bbe\u5907-800x400.jpg 800w, https:\/\/www.jinchunmetal.com\/wp-content\/uploads\/2024\/07\/\u8bbe\u5907.jpg 1920w\" sizes=\"auto, (max-width: 438px) 100vw, 438px\" \/><\/p>\n<p><strong>4.Aplica\u00e7\u00e3o<\/strong><\/p>\n<p>Ferro tungsten, is an alloy composed of tungsten and iron, with tungsten content typically ranging from 70% to 80%. This alloy is mainly used in the steelmaking process to adjust the composition of steel by adding ferro tungsten powder, in order to achieve the desired physical and chemical properties. The addition of ferro tungsten powder can increase the hardness, wear resistance, and heat resistance of steel, especially in applications that require high strength and high temperature resistance, where the role of ferro tungsten powder is particularly important. In addition, ferro tungsten\u00a0 powder can also be used to adjust the thermal and electrical conductivity of steel, making it suitable for different industrial application scenarios.<\/p>\n<ul>\n<li>Wear plate,\u00a0 welding electrodes and rods.<\/li>\n<li>Other industries.<\/li>\n<\/ul>\n<p><img loading=\"lazy\" decoding=\"async\" class=\"alignnone wp-image-3223\" src=\"http:\/\/www.jinchunmetal.com\/wp-content\/uploads\/2024\/07\/\u8010\u78e8\u710a\u6761-300x300.jpeg\" alt=\"\" width=\"228\" height=\"228\" srcset=\"https:\/\/www.jinchunmetal.com\/wp-content\/uploads\/2024\/07\/\u8010\u78e8\u710a\u6761-300x300.jpeg 300w, https:\/\/www.jinchunmetal.com\/wp-content\/uploads\/2024\/07\/\u8010\u78e8\u710a\u6761-1024x1024.jpeg 1024w, https:\/\/www.jinchunmetal.com\/wp-content\/uploads\/2024\/07\/\u8010\u78e8\u710a\u6761-150x150.jpeg 150w, https:\/\/www.jinchunmetal.com\/wp-content\/uploads\/2024\/07\/\u8010\u78e8\u710a\u6761-768x768.jpeg 768w, https:\/\/www.jinchunmetal.com\/wp-content\/uploads\/2024\/07\/\u8010\u78e8\u710a\u6761-1536x1536.jpeg 1536w, https:\/\/www.jinchunmetal.com\/wp-content\/uploads\/2024\/07\/\u8010\u78e8\u710a\u6761-2048x2048.jpeg 2048w, https:\/\/www.jinchunmetal.com\/wp-content\/uploads\/2024\/07\/\u8010\u78e8\u710a\u6761-12x12.jpeg 12w, https:\/\/www.jinchunmetal.com\/wp-content\/uploads\/2024\/07\/\u8010\u78e8\u710a\u6761-75x75.jpeg 75w, https:\/\/www.jinchunmetal.com\/wp-content\/uploads\/2024\/07\/\u8010\u78e8\u710a\u6761-800x800.jpeg 800w, https:\/\/www.jinchunmetal.com\/wp-content\/uploads\/2024\/07\/\u8010\u78e8\u710a\u6761-100x100.jpeg 100w\" sizes=\"auto, (max-width: 228px) 100vw, 228px\" \/><img loading=\"lazy\" decoding=\"async\" class=\"alignnone wp-image-3222\" src=\"https:\/\/www.jinchunmetal.com\/wp-content\/uploads\/2024\/07\/\u8010\u78e8\u5806\u710a\u836f\u82af\u710a\u4e1d-flux-cored-welding-wires-300x200.jpeg\" alt=\"\" width=\"311\" height=\"207\" srcset=\"https:\/\/www.jinchunmetal.com\/wp-content\/uploads\/2024\/07\/\u8010\u78e8\u5806\u710a\u836f\u82af\u710a\u4e1d-flux-cored-welding-wires-300x200.jpeg 300w, https:\/\/www.jinchunmetal.com\/wp-content\/uploads\/2024\/07\/\u8010\u78e8\u5806\u710a\u836f\u82af\u710a\u4e1d-flux-cored-welding-wires-1024x682.jpeg 1024w, https:\/\/www.jinchunmetal.com\/wp-content\/uploads\/2024\/07\/\u8010\u78e8\u5806\u710a\u836f\u82af\u710a\u4e1d-flux-cored-welding-wires-768x511.jpeg 768w, https:\/\/www.jinchunmetal.com\/wp-content\/uploads\/2024\/07\/\u8010\u78e8\u5806\u710a\u836f\u82af\u710a\u4e1d-flux-cored-welding-wires-1536x1022.jpeg 1536w, https:\/\/www.jinchunmetal.com\/wp-content\/uploads\/2024\/07\/\u8010\u78e8\u5806\u710a\u836f\u82af\u710a\u4e1d-flux-cored-welding-wires-2048x1363.jpeg 2048w, https:\/\/www.jinchunmetal.com\/wp-content\/uploads\/2024\/07\/\u8010\u78e8\u5806\u710a\u836f\u82af\u710a\u4e1d-flux-cored-welding-wires-18x12.jpeg 18w, https:\/\/www.jinchunmetal.com\/wp-content\/uploads\/2024\/07\/\u8010\u78e8\u5806\u710a\u836f\u82af\u710a\u4e1d-flux-cored-welding-wires-800x532.jpeg 800w\" sizes=\"auto, (max-width: 311px) 100vw, 311px\" \/><img loading=\"lazy\" decoding=\"async\" class=\"alignnone wp-image-3580\" src=\"https:\/\/www.jinchunmetal.com\/wp-content\/uploads\/2024\/08\/Wear-plate-300x300.jpeg\" alt=\"\" width=\"208\" height=\"208\" srcset=\"https:\/\/www.jinchunmetal.com\/wp-content\/uploads\/2024\/08\/Wear-plate-300x300.jpeg 300w, https:\/\/www.jinchunmetal.com\/wp-content\/uploads\/2024\/08\/Wear-plate-1024x1024.jpeg 1024w, https:\/\/www.jinchunmetal.com\/wp-content\/uploads\/2024\/08\/Wear-plate-150x150.jpeg 150w, https:\/\/www.jinchunmetal.com\/wp-content\/uploads\/2024\/08\/Wear-plate-768x768.jpeg 768w, https:\/\/www.jinchunmetal.com\/wp-content\/uploads\/2024\/08\/Wear-plate-1536x1536.jpeg 1536w, https:\/\/www.jinchunmetal.com\/wp-content\/uploads\/2024\/08\/Wear-plate-2048x2048.jpeg 2048w, https:\/\/www.jinchunmetal.com\/wp-content\/uploads\/2024\/08\/Wear-plate-12x12.jpeg 12w, https:\/\/www.jinchunmetal.com\/wp-content\/uploads\/2024\/08\/Wear-plate-75x75.jpeg 75w, https:\/\/www.jinchunmetal.com\/wp-content\/uploads\/2024\/08\/Wear-plate-800x800.jpeg 800w, https:\/\/www.jinchunmetal.com\/wp-content\/uploads\/2024\/08\/Wear-plate-100x100.jpeg 100w\" sizes=\"auto, (max-width: 208px) 100vw, 208px\" \/><\/p>","protected":false},"excerpt":{"rendered":"<p>Car\u00e1cter do produto\uff1a<\/p>\n<p>The main function of ferro tungsten\u00a0 powder is as an alloy additive for steelmaking to increase the wear resistance. We mainly supply the FeW80 type, and the W content is 75% min.<\/p>\n<table>\n<tbody>\n<tr>\n<td>Nome da marca<\/td>\n<td>Jinchun<\/td>\n<\/tr>\n<tr>\n<td>Origem<\/td>\n<td>China<\/td>\n<\/tr>\n<tr>\n<td>Nome do produto<\/td>\n<td>Ferro tungsten powder<\/td>\n<\/tr>\n<tr>\n<td>Aplica\u00e7\u00e3o<\/td>\n<td>Welding rods, Alloy additive,Powder metallurgy, Other fields<\/td>\n<\/tr>\n<tr>\n<td>Forma<\/td>\n<td>P\u00f3<\/td>\n<\/tr>\n<tr>\n<td>Cor<\/td>\n<td>Preto met\u00e1lico<\/td>\n<\/tr>\n<tr>\n<td>Tamanho<\/td>\n<td>40 mesh, 60 mesh, 80mesh, 100 mesh, 200mesh, 300 mesh, 325 mesh<\/td>\n<\/tr>\n<tr>\n<td>Padr\u00e3o<\/td>\n<td>GB\/T 19001-2016\/ISO9001: 2015<\/td>\n<\/tr>\n<tr>\n<td>Pureza<\/td>\n<td>W: 75%min<\/td>\n<\/tr>\n<tr>\n<td>Material<\/td>\n<td>Ferro tungsten lump<\/td>\n<\/tr>\n<tr>\n<td>Embalagem<\/td>\n<td>Tambores de a\u00e7o<\/td>\n<\/tr>\n<\/tbody>\n<\/table>","protected":false},"featured_media":3927,"comment_status":"open","ping_status":"closed","template":"","meta":{"_acf_changed":false},"product_brand":[],"product_cat":[15],"product_tag":[],"class_list":{"0":"post-3921","1":"product","2":"type-product","3":"status-publish","4":"has-post-thumbnail","6":"product_cat-welding-consumables-metal-materials","8":"first","9":"instock","10":"shipping-taxable","11":"product-type-simple"},"acf":[],"yoast_head":"<!-- This site is optimized with the Yoast SEO plugin v23.2 - https:\/\/yoast.com\/wordpress\/plugins\/seo\/ -->\n<title>Welding Consumables Metal Materials Ferro Tungsten powder - Jinchun %<\/title>\n<meta name=\"description\" content=\"We are a Metal Materials manufacturer in China With rich experience in Welding Consumables Metal Materials Ferro Tungsten powder , with Competitive price and top quality.\" \/>\n<meta name=\"robots\" content=\"index, follow, max-snippet:-1, max-image-preview:large, max-video-preview:-1\" \/>\n<link rel=\"canonical\" href=\"https:\/\/www.jinchunmetal.com\/pt\/produto\/welding-consumables-metal-materials-ferro-tungsten-powder\/\" \/>\n<meta property=\"og:locale\" content=\"pt_PT\" \/>\n<meta property=\"og:type\" content=\"article\" \/>\n<meta property=\"og:title\" content=\"Welding Consumables Metal Materials Ferro Tungsten powder - Jinchun %\" \/>\n<meta property=\"og:description\" content=\"We are a Metal Materials manufacturer in China With rich experience in Welding Consumables Metal Materials Ferro Tungsten powder , with Competitive price and top quality.\" \/>\n<meta property=\"og:url\" content=\"https:\/\/www.jinchunmetal.com\/pt\/produto\/welding-consumables-metal-materials-ferro-tungsten-powder\/\" \/>\n<meta property=\"og:site_name\" content=\"Chengdu Jinchun Metallic Materials Co.,Ltd.\" \/>\n<meta property=\"article:modified_time\" content=\"2025-05-28T06:20:22+00:00\" \/>\n<meta property=\"og:image\" content=\"https:\/\/www.jinchunmetal.com\/wp-content\/uploads\/2024\/08\/\u94a8\u94c160\u76ee-1-4.jpg\" \/>\n\t<meta property=\"og:image:width\" content=\"999\" \/>\n\t<meta property=\"og:image:height\" content=\"999\" \/>\n\t<meta property=\"og:image:type\" content=\"image\/jpeg\" \/>\n<meta name=\"twitter:card\" content=\"summary_large_image\" \/>\n<meta name=\"twitter:label1\" content=\"Tempo estimado de leitura\" \/>\n\t<meta name=\"twitter:data1\" content=\"3 minutos\" \/>\n<script type=\"application\/ld+json\" class=\"yoast-schema-graph\">{\"@context\":\"https:\/\/schema.org\",\"@graph\":[{\"@type\":\"WebPage\",\"@id\":\"https:\/\/www.jinchunmetal.com\/product\/welding-consumables-metal-materials-ferro-tungsten-powder\/\",\"url\":\"https:\/\/www.jinchunmetal.com\/product\/welding-consumables-metal-materials-ferro-tungsten-powder\/\",\"name\":\"Welding Consumables Metal Materials Ferro Tungsten powder - Jinchun %\",\"isPartOf\":{\"@id\":\"https:\/\/www.jinchunmetal.com\/#website\"},\"primaryImageOfPage\":{\"@id\":\"https:\/\/www.jinchunmetal.com\/product\/welding-consumables-metal-materials-ferro-tungsten-powder\/#primaryimage\"},\"image\":{\"@id\":\"https:\/\/www.jinchunmetal.com\/product\/welding-consumables-metal-materials-ferro-tungsten-powder\/#primaryimage\"},\"thumbnailUrl\":\"https:\/\/www.jinchunmetal.com\/wp-content\/uploads\/2024\/08\/\u94a8\u94c160\u76ee-1-4.jpg\",\"datePublished\":\"2024-08-20T06:21:30+00:00\",\"dateModified\":\"2025-05-28T06:20:22+00:00\",\"description\":\"We are a Metal Materials manufacturer in China With rich experience in Welding Consumables Metal Materials Ferro Tungsten powder , with Competitive price and top quality.\",\"breadcrumb\":{\"@id\":\"https:\/\/www.jinchunmetal.com\/product\/welding-consumables-metal-materials-ferro-tungsten-powder\/#breadcrumb\"},\"inLanguage\":\"pt-PT\",\"potentialAction\":[{\"@type\":\"ReadAction\",\"target\":[\"https:\/\/www.jinchunmetal.com\/product\/welding-consumables-metal-materials-ferro-tungsten-powder\/\"]}]},{\"@type\":\"ImageObject\",\"inLanguage\":\"pt-PT\",\"@id\":\"https:\/\/www.jinchunmetal.com\/product\/welding-consumables-metal-materials-ferro-tungsten-powder\/#primaryimage\",\"url\":\"https:\/\/www.jinchunmetal.com\/wp-content\/uploads\/2024\/08\/\u94a8\u94c160\u76ee-1-4.jpg\",\"contentUrl\":\"https:\/\/www.jinchunmetal.com\/wp-content\/uploads\/2024\/08\/\u94a8\u94c160\u76ee-1-4.jpg\",\"width\":999,\"height\":999},{\"@type\":\"BreadcrumbList\",\"@id\":\"https:\/\/www.jinchunmetal.com\/product\/welding-consumables-metal-materials-ferro-tungsten-powder\/#breadcrumb\",\"itemListElement\":[{\"@type\":\"ListItem\",\"position\":1,\"name\":\"\u9996\u9875\",\"item\":\"https:\/\/www.jinchunmetal.com\/\"},{\"@type\":\"ListItem\",\"position\":2,\"name\":\"Products\",\"item\":\"https:\/\/www.jinchunmetal.com\/fr_fr\/products\/\"},{\"@type\":\"ListItem\",\"position\":3,\"name\":\"Welding Consumables Metal Materials Ferro Tungsten powder\"}]},{\"@type\":\"WebSite\",\"@id\":\"https:\/\/www.jinchunmetal.com\/#website\",\"url\":\"https:\/\/www.jinchunmetal.com\/\",\"name\":\"Chengdu Jinchun Metallic Materials Co.,Ltd.\",\"description\":\"Jinchun Metal\",\"potentialAction\":[{\"@type\":\"SearchAction\",\"target\":{\"@type\":\"EntryPoint\",\"urlTemplate\":\"https:\/\/www.jinchunmetal.com\/?s={search_term_string}\"},\"query-input\":\"required name=search_term_string\"}],\"inLanguage\":\"pt-PT\"}]}<\/script>\n<!-- \/ Yoast SEO plugin. -->","yoast_head_json":{"title":"Welding Consumables Metal Materials Ferro Tungsten powder - Jinchun %","description":"We are a Metal Materials manufacturer in China With rich experience in Welding Consumables Metal Materials Ferro Tungsten powder , with Competitive price and top quality.","robots":{"index":"index","follow":"follow","max-snippet":"max-snippet:-1","max-image-preview":"max-image-preview:large","max-video-preview":"max-video-preview:-1"},"canonical":"https:\/\/www.jinchunmetal.com\/pt\/produto\/welding-consumables-metal-materials-ferro-tungsten-powder\/","og_locale":"pt_PT","og_type":"article","og_title":"Welding Consumables Metal Materials Ferro Tungsten powder - Jinchun %","og_description":"We are a Metal Materials manufacturer in China With rich experience in Welding Consumables Metal Materials Ferro Tungsten powder , with Competitive price and top quality.","og_url":"https:\/\/www.jinchunmetal.com\/pt\/produto\/welding-consumables-metal-materials-ferro-tungsten-powder\/","og_site_name":"Chengdu Jinchun Metallic Materials Co.,Ltd.","article_modified_time":"2025-05-28T06:20:22+00:00","og_image":[{"width":999,"height":999,"url":"https:\/\/www.jinchunmetal.com\/wp-content\/uploads\/2024\/08\/\u94a8\u94c160\u76ee-1-4.jpg","type":"image\/jpeg"}],"twitter_card":"summary_large_image","twitter_misc":{"Tempo estimado de leitura":"3 minutos"},"schema":{"@context":"https:\/\/schema.org","@graph":[{"@type":"WebPage","@id":"https:\/\/www.jinchunmetal.com\/product\/welding-consumables-metal-materials-ferro-tungsten-powder\/","url":"https:\/\/www.jinchunmetal.com\/product\/welding-consumables-metal-materials-ferro-tungsten-powder\/","name":"Welding Consumables Metal Materials Ferro Tungsten powder - Jinchun %","isPartOf":{"@id":"https:\/\/www.jinchunmetal.com\/#website"},"primaryImageOfPage":{"@id":"https:\/\/www.jinchunmetal.com\/product\/welding-consumables-metal-materials-ferro-tungsten-powder\/#primaryimage"},"image":{"@id":"https:\/\/www.jinchunmetal.com\/product\/welding-consumables-metal-materials-ferro-tungsten-powder\/#primaryimage"},"thumbnailUrl":"https:\/\/www.jinchunmetal.com\/wp-content\/uploads\/2024\/08\/\u94a8\u94c160\u76ee-1-4.jpg","datePublished":"2024-08-20T06:21:30+00:00","dateModified":"2025-05-28T06:20:22+00:00","description":"We are a Metal Materials manufacturer in China With rich experience in Welding Consumables Metal Materials Ferro Tungsten powder , with Competitive price and top quality.","breadcrumb":{"@id":"https:\/\/www.jinchunmetal.com\/product\/welding-consumables-metal-materials-ferro-tungsten-powder\/#breadcrumb"},"inLanguage":"pt-PT","potentialAction":[{"@type":"ReadAction","target":["https:\/\/www.jinchunmetal.com\/product\/welding-consumables-metal-materials-ferro-tungsten-powder\/"]}]},{"@type":"ImageObject","inLanguage":"pt-PT","@id":"https:\/\/www.jinchunmetal.com\/product\/welding-consumables-metal-materials-ferro-tungsten-powder\/#primaryimage","url":"https:\/\/www.jinchunmetal.com\/wp-content\/uploads\/2024\/08\/\u94a8\u94c160\u76ee-1-4.jpg","contentUrl":"https:\/\/www.jinchunmetal.com\/wp-content\/uploads\/2024\/08\/\u94a8\u94c160\u76ee-1-4.jpg","width":999,"height":999},{"@type":"BreadcrumbList","@id":"https:\/\/www.jinchunmetal.com\/product\/welding-consumables-metal-materials-ferro-tungsten-powder\/#breadcrumb","itemListElement":[{"@type":"ListItem","position":1,"name":"\u9996\u9875","item":"https:\/\/www.jinchunmetal.com\/"},{"@type":"ListItem","position":2,"name":"Products","item":"https:\/\/www.jinchunmetal.com\/fr_fr\/products\/"},{"@type":"ListItem","position":3,"name":"Welding Consumables Metal Materials Ferro Tungsten powder"}]},{"@type":"WebSite","@id":"https:\/\/www.jinchunmetal.com\/#website","url":"https:\/\/www.jinchunmetal.com\/","name":"Chengdu Jinchun Metallic Materials Co.,Ltd.","description":"Jinchun Metal","potentialAction":[{"@type":"SearchAction","target":{"@type":"EntryPoint","urlTemplate":"https:\/\/www.jinchunmetal.com\/?s={search_term_string}"},"query-input":"required name=search_term_string"}],"inLanguage":"pt-PT"}]}},"_links":{"self":[{"href":"https:\/\/www.jinchunmetal.com\/pt\/wp-json\/wp\/v2\/product\/3921","targetHints":{"allow":["GET"]}}],"collection":[{"href":"https:\/\/www.jinchunmetal.com\/pt\/wp-json\/wp\/v2\/product"}],"about":[{"href":"https:\/\/www.jinchunmetal.com\/pt\/wp-json\/wp\/v2\/types\/product"}],"replies":[{"embeddable":true,"href":"https:\/\/www.jinchunmetal.com\/pt\/wp-json\/wp\/v2\/comments?post=3921"}],"wp:featuredmedia":[{"embeddable":true,"href":"https:\/\/www.jinchunmetal.com\/pt\/wp-json\/wp\/v2\/media\/3927"}],"wp:attachment":[{"href":"https:\/\/www.jinchunmetal.com\/pt\/wp-json\/wp\/v2\/media?parent=3921"}],"wp:term":[{"taxonomy":"product_brand","embeddable":true,"href":"https:\/\/www.jinchunmetal.com\/pt\/wp-json\/wp\/v2\/product_brand?post=3921"},{"taxonomy":"product_cat","embeddable":true,"href":"https:\/\/www.jinchunmetal.com\/pt\/wp-json\/wp\/v2\/product_cat?post=3921"},{"taxonomy":"product_tag","embeddable":true,"href":"https:\/\/www.jinchunmetal.com\/pt\/wp-json\/wp\/v2\/product_tag?post=3921"}],"curies":[{"name":"wp","href":"https:\/\/api.w.org\/{rel}","templated":true}]}}