{"id":4169,"date":"2024-08-27T10:15:52","date_gmt":"2024-08-27T02:15:52","guid":{"rendered":"https:\/\/www.jinchunmetal.com\/?post_type=product&#038;p=4169"},"modified":"2025-05-29T11:34:29","modified_gmt":"2025-05-29T03:34:29","slug":"spherical-metal-powders-gh3625-superalloy-high-temperature-alloy-powder","status":"publish","type":"product","link":"https:\/\/www.jinchunmetal.com\/pt\/produto\/spherical-metal-powders-gh3625-superalloy-high-temperature-alloy-powder\/","title":{"rendered":"Spherical Metal Powders GH3625 Superalloy High-temperature alloy Powder"},"content":{"rendered":"<p><strong>Car\u00e1cter do produto<\/strong><\/p>\n<p>GH3625 high-temperature alloy belongs to solid solution strengthening alloys with added elements such as Nb, Mo, Cr, etc., and has high strength, excellent corrosion resistance and oxidation resistance, and resistance to stress corrosion under salt spray atmosphere applied in the manufacturing of aviation engine components, aerospace structural components, and chemical equipment components.<\/p>\n<p>&nbsp;<\/p>\n<p><strong>2.Especifica\u00e7\u00e3o<\/strong><\/p>\n<p><b>GH3625 powder<\/b><\/p>\n<table width=\"631\">\n<tbody>\n<tr>\n<td style=\"text-align: center;\" colspan=\"9\" width=\"631\">Composi\u00e7\u00e3o qu\u00edmica (wt.%)<\/td>\n<\/tr>\n<tr>\n<td width=\"84\">Elemento<\/td>\n<td>C<\/td>\n<td>Cr<\/td>\n<td>Ni<\/td>\n<td>Co<\/td>\n<td>Mo<\/td>\n<td>Al<\/td>\n<td>Ti<\/td>\n<td>Fe<\/td>\n<\/tr>\n<tr>\n<td width=\"84\">Padr\u00e3o<\/td>\n<td>\u22640.10<\/td>\n<td>20.0~23.0<\/td>\n<td>Bal.<\/td>\n<td>\u22641.0<\/td>\n<td>8.0~10.0<\/td>\n<td>\u22640.40<\/td>\n<td>\u22640.40<\/td>\n<td>\u22645.0<\/td>\n<\/tr>\n<tr>\n<td width=\"84\">typical<\/td>\n<td>0.0048<\/td>\n<td>22.42<\/td>\n<td>Bal.<\/td>\n<td>0.006<\/td>\n<td>9.12<\/td>\n<td>0.13<\/td>\n<td>0.018<\/td>\n<td>0.72<\/td>\n<\/tr>\n<tr>\n<td width=\"84\">Elemento<\/td>\n<td>Mn<\/td>\n<td>P<\/td>\n<td>S<\/td>\n<td>Cu<\/td>\n<td>Nb<\/td>\n<td>Si<\/td>\n<td>O<\/td>\n<td>N<\/td>\n<\/tr>\n<tr>\n<td width=\"84\">Padr\u00e3o<\/td>\n<td>\u22640.50<\/td>\n<td>\u22640.015<\/td>\n<td>\u22640.015<\/td>\n<td>\u22640.070<\/td>\n<td>3.15~4.15<\/td>\n<td>\u22640.50<\/td>\n<td>\u22640.030<\/td>\n<td>\u22640.030<\/td>\n<\/tr>\n<tr>\n<td width=\"84\">typical<\/td>\n<td>0.031<\/td>\n<td>0.007<\/td>\n<td>0.0014<\/td>\n<td>0.011<\/td>\n<td>3.75<\/td>\n<td>0.025<\/td>\n<td>0.014<\/td>\n<td>0.013<\/td>\n<\/tr>\n<\/tbody>\n<\/table>\n<p>&nbsp;<\/p>\n<table width=\"597\">\n<tbody>\n<tr>\n<td width=\"72\">GH3625<\/td>\n<td colspan=\"3\" width=\"216\">15~53\u03bcm<br \/>\nDistribui\u00e7\u00e3o do tamanho das part\u00edculas<\/td>\n<td width=\"92\">Flow Rate<br \/>\n(sec. for 50 g)<\/td>\n<td width=\"116\">Densidade aparente (g\/cm3)<\/td>\n<td width=\"101\">Densidade da torneira (g\/cm3)<\/td>\n<\/tr>\n<tr>\n<td><\/td>\n<td width=\"72\">D10<\/td>\n<td width=\"72\">D50<\/td>\n<td width=\"72\">D90<\/td>\n<td width=\"92\"><\/td>\n<td width=\"116\"><\/td>\n<td width=\"101\"><\/td>\n<\/tr>\n<tr>\n<td width=\"72\">Padr\u00e3o<\/td>\n<td width=\"72\">15~25<\/td>\n<td width=\"72\">30~40<\/td>\n<td width=\"72\">50~60<\/td>\n<td width=\"92\">\u226425<\/td>\n<td width=\"116\">\u22654.2<\/td>\n<td width=\"101\">\u22654.9<\/td>\n<\/tr>\n<tr>\n<td width=\"72\">typical<\/td>\n<td width=\"72\">23.4\u03bcm<\/td>\n<td>36.2\u03bcm<\/td>\n<td>55.2\u03bcm<\/td>\n<td width=\"92\">20<\/td>\n<td width=\"116\">4.24<\/td>\n<td width=\"101\">5.03<\/td>\n<\/tr>\n<\/tbody>\n<\/table>\n<p>&nbsp;<\/p>\n<p><strong>3. imagens da morfologia SEM do p\u00f3<\/strong><\/p>\n<p><img loading=\"lazy\" decoding=\"async\" class=\"alignnone size-medium wp-image-4170\" src=\"https:\/\/www.jinchunmetal.com\/wp-content\/uploads\/2024\/08\/GH3625-1-300x225.png\" alt=\"\" width=\"300\" height=\"225\" srcset=\"https:\/\/www.jinchunmetal.com\/wp-content\/uploads\/2024\/08\/GH3625-1-300x225.png 300w, https:\/\/www.jinchunmetal.com\/wp-content\/uploads\/2024\/08\/GH3625-1-768x576.png 768w, https:\/\/www.jinchunmetal.com\/wp-content\/uploads\/2024\/08\/GH3625-1-16x12.png 16w, https:\/\/www.jinchunmetal.com\/wp-content\/uploads\/2024\/08\/GH3625-1-800x600.png 800w, https:\/\/www.jinchunmetal.com\/wp-content\/uploads\/2024\/08\/GH3625-1.png 1024w\" sizes=\"auto, (max-width: 300px) 100vw, 300px\" \/> <img loading=\"lazy\" decoding=\"async\" class=\"alignnone size-medium wp-image-4171\" src=\"https:\/\/www.jinchunmetal.com\/wp-content\/uploads\/2024\/08\/GH3625-2-300x225.png\" alt=\"\" width=\"300\" height=\"225\" srcset=\"https:\/\/www.jinchunmetal.com\/wp-content\/uploads\/2024\/08\/GH3625-2-300x225.png 300w, https:\/\/www.jinchunmetal.com\/wp-content\/uploads\/2024\/08\/GH3625-2-768x576.png 768w, https:\/\/www.jinchunmetal.com\/wp-content\/uploads\/2024\/08\/GH3625-2-16x12.png 16w, https:\/\/www.jinchunmetal.com\/wp-content\/uploads\/2024\/08\/GH3625-2-800x600.png 800w, https:\/\/www.jinchunmetal.com\/wp-content\/uploads\/2024\/08\/GH3625-2.png 1024w\" sizes=\"auto, (max-width: 300px) 100vw, 300px\" \/><\/p>\n<p><strong>Fotos de produ\u00e7\u00e3o e teste:<\/strong><br \/>\n<img loading=\"lazy\" decoding=\"async\" class=\"alignnone wp-image-4145\" src=\"https:\/\/www.jinchunmetal.com\/wp-content\/uploads\/2024\/08\/\u5fae\u4fe1\u56fe\u7247_20240801152721-1-300x203.png\" alt=\"\" width=\"443\" height=\"300\" srcset=\"https:\/\/www.jinchunmetal.com\/wp-content\/uploads\/2024\/08\/\u5fae\u4fe1\u56fe\u7247_20240801152721-1-300x203.png 300w, https:\/\/www.jinchunmetal.com\/wp-content\/uploads\/2024\/08\/\u5fae\u4fe1\u56fe\u7247_20240801152721-1-1024x691.png 1024w, https:\/\/www.jinchunmetal.com\/wp-content\/uploads\/2024\/08\/\u5fae\u4fe1\u56fe\u7247_20240801152721-1-768x518.png 768w, https:\/\/www.jinchunmetal.com\/wp-content\/uploads\/2024\/08\/\u5fae\u4fe1\u56fe\u7247_20240801152721-1-18x12.png 18w, https:\/\/www.jinchunmetal.com\/wp-content\/uploads\/2024\/08\/\u5fae\u4fe1\u56fe\u7247_20240801152721-1-800x540.png 800w, https:\/\/www.jinchunmetal.com\/wp-content\/uploads\/2024\/08\/\u5fae\u4fe1\u56fe\u7247_20240801152721-1.png 1222w\" sizes=\"auto, (max-width: 443px) 100vw, 443px\" \/><img loading=\"lazy\" decoding=\"async\" class=\"alignnone wp-image-4146\" src=\"https:\/\/www.jinchunmetal.com\/wp-content\/uploads\/2024\/08\/\u5fae\u4fe1\u56fe\u7247_20240801152725-1-300x226.png\" alt=\"\" width=\"397\" height=\"299\" srcset=\"https:\/\/www.jinchunmetal.com\/wp-content\/uploads\/2024\/08\/\u5fae\u4fe1\u56fe\u7247_20240801152725-1-300x226.png 300w, https:\/\/www.jinchunmetal.com\/wp-content\/uploads\/2024\/08\/\u5fae\u4fe1\u56fe\u7247_20240801152725-1-1024x770.png 1024w, https:\/\/www.jinchunmetal.com\/wp-content\/uploads\/2024\/08\/\u5fae\u4fe1\u56fe\u7247_20240801152725-1-768x578.png 768w, https:\/\/www.jinchunmetal.com\/wp-content\/uploads\/2024\/08\/\u5fae\u4fe1\u56fe\u7247_20240801152725-1-16x12.png 16w, https:\/\/www.jinchunmetal.com\/wp-content\/uploads\/2024\/08\/\u5fae\u4fe1\u56fe\u7247_20240801152725-1-800x602.png 800w, https:\/\/www.jinchunmetal.com\/wp-content\/uploads\/2024\/08\/\u5fae\u4fe1\u56fe\u7247_20240801152725-1.png 1046w\" sizes=\"auto, (max-width: 397px) 100vw, 397px\" \/><img loading=\"lazy\" decoding=\"async\" class=\"alignnone size-medium wp-image-4144\" src=\"https:\/\/www.jinchunmetal.com\/wp-content\/uploads\/2024\/08\/\u5fae\u4fe1\u56fe\u7247_20240801152708-1-276x300.png\" alt=\"\" width=\"276\" height=\"300\" srcset=\"https:\/\/www.jinchunmetal.com\/wp-content\/uploads\/2024\/08\/\u5fae\u4fe1\u56fe\u7247_20240801152708-1-276x300.png 276w, https:\/\/www.jinchunmetal.com\/wp-content\/uploads\/2024\/08\/\u5fae\u4fe1\u56fe\u7247_20240801152708-1-11x12.png 11w, https:\/\/www.jinchunmetal.com\/wp-content\/uploads\/2024\/08\/\u5fae\u4fe1\u56fe\u7247_20240801152708-1.png 598w\" sizes=\"auto, (max-width: 276px) 100vw, 276px\" \/><\/p>\n<p><img loading=\"lazy\" decoding=\"async\" class=\"alignnone wp-image-4149\" src=\"https:\/\/www.jinchunmetal.com\/wp-content\/uploads\/2024\/08\/RF-plasma-spheroidization-1-300x217.png\" alt=\"\" width=\"314\" height=\"227\" srcset=\"https:\/\/www.jinchunmetal.com\/wp-content\/uploads\/2024\/08\/RF-plasma-spheroidization-1-300x217.png 300w, https:\/\/www.jinchunmetal.com\/wp-content\/uploads\/2024\/08\/RF-plasma-spheroidization-1-18x12.png 18w, https:\/\/www.jinchunmetal.com\/wp-content\/uploads\/2024\/08\/RF-plasma-spheroidization-1.png 403w\" sizes=\"auto, (max-width: 314px) 100vw, 314px\" \/><img loading=\"lazy\" decoding=\"async\" class=\"alignnone size-medium wp-image-4148\" src=\"https:\/\/www.jinchunmetal.com\/wp-content\/uploads\/2024\/08\/\u5fae\u4fe1\u56fe\u7247_20240709145011-1-300x225.jpg\" alt=\"\" width=\"300\" height=\"225\" srcset=\"https:\/\/www.jinchunmetal.com\/wp-content\/uploads\/2024\/08\/\u5fae\u4fe1\u56fe\u7247_20240709145011-1-300x225.jpg 300w, https:\/\/www.jinchunmetal.com\/wp-content\/uploads\/2024\/08\/\u5fae\u4fe1\u56fe\u7247_20240709145011-1-1024x768.jpg 1024w, https:\/\/www.jinchunmetal.com\/wp-content\/uploads\/2024\/08\/\u5fae\u4fe1\u56fe\u7247_20240709145011-1-768x576.jpg 768w, https:\/\/www.jinchunmetal.com\/wp-content\/uploads\/2024\/08\/\u5fae\u4fe1\u56fe\u7247_20240709145011-1-1536x1152.jpg 1536w, https:\/\/www.jinchunmetal.com\/wp-content\/uploads\/2024\/08\/\u5fae\u4fe1\u56fe\u7247_20240709145011-1-2048x1536.jpg 2048w, https:\/\/www.jinchunmetal.com\/wp-content\/uploads\/2024\/08\/\u5fae\u4fe1\u56fe\u7247_20240709145011-1-16x12.jpg 16w, https:\/\/www.jinchunmetal.com\/wp-content\/uploads\/2024\/08\/\u5fae\u4fe1\u56fe\u7247_20240709145011-1-800x600.jpg 800w\" sizes=\"auto, (max-width: 300px) 100vw, 300px\" \/><img loading=\"lazy\" decoding=\"async\" class=\"alignnone size-medium wp-image-4147\" src=\"https:\/\/www.jinchunmetal.com\/wp-content\/uploads\/2024\/08\/\u5fae\u4fe1\u56fe\u7247_20240801152730-1-300x226.png\" alt=\"\" width=\"300\" height=\"226\" srcset=\"https:\/\/www.jinchunmetal.com\/wp-content\/uploads\/2024\/08\/\u5fae\u4fe1\u56fe\u7247_20240801152730-1-300x226.png 300w, https:\/\/www.jinchunmetal.com\/wp-content\/uploads\/2024\/08\/\u5fae\u4fe1\u56fe\u7247_20240801152730-1-768x579.png 768w, https:\/\/www.jinchunmetal.com\/wp-content\/uploads\/2024\/08\/\u5fae\u4fe1\u56fe\u7247_20240801152730-1-16x12.png 16w, https:\/\/www.jinchunmetal.com\/wp-content\/uploads\/2024\/08\/\u5fae\u4fe1\u56fe\u7247_20240801152730-1.png 787w\" sizes=\"auto, (max-width: 300px) 100vw, 300px\" \/><\/p>\n<p>&nbsp;<\/p>\n<p><strong>4.Aplica\u00e7\u00e3o<\/strong><\/p>\n<ul>\n<li><b><b>GH3625\u00a0 powder\u00a0 is <\/b><\/b><strong>applied in the manufacturing of aviation engine components, aerospace structural components, and chemical equipment components.<\/strong><\/li>\n<\/ul>\n<p><img loading=\"lazy\" decoding=\"async\" class=\"alignnone wp-image-3718\" src=\"https:\/\/www.jinchunmetal.com\/wp-content\/uploads\/2024\/08\/\u822a\u7a7a\u822a\u5929-300x220.jpeg\" alt=\"\" width=\"353\" height=\"259\" srcset=\"https:\/\/www.jinchunmetal.com\/wp-content\/uploads\/2024\/08\/\u822a\u7a7a\u822a\u5929-300x220.jpeg 300w, https:\/\/www.jinchunmetal.com\/wp-content\/uploads\/2024\/08\/\u822a\u7a7a\u822a\u5929-1024x752.jpeg 1024w, https:\/\/www.jinchunmetal.com\/wp-content\/uploads\/2024\/08\/\u822a\u7a7a\u822a\u5929-768x564.jpeg 768w, https:\/\/www.jinchunmetal.com\/wp-content\/uploads\/2024\/08\/\u822a\u7a7a\u822a\u5929-1536x1127.jpeg 1536w, https:\/\/www.jinchunmetal.com\/wp-content\/uploads\/2024\/08\/\u822a\u7a7a\u822a\u5929-16x12.jpeg 16w, https:\/\/www.jinchunmetal.com\/wp-content\/uploads\/2024\/08\/\u822a\u7a7a\u822a\u5929-800x587.jpeg 800w, https:\/\/www.jinchunmetal.com\/wp-content\/uploads\/2024\/08\/\u822a\u7a7a\u822a\u5929.jpeg 2000w\" sizes=\"auto, (max-width: 353px) 100vw, 353px\" \/><img loading=\"lazy\" decoding=\"async\" class=\"alignnone wp-image-4151\" src=\"https:\/\/www.jinchunmetal.com\/wp-content\/uploads\/2024\/08\/aerospace-structural-components-300x191.jpg\" alt=\"\" width=\"398\" height=\"253\" srcset=\"https:\/\/www.jinchunmetal.com\/wp-content\/uploads\/2024\/08\/aerospace-structural-components-300x191.jpg 300w, https:\/\/www.jinchunmetal.com\/wp-content\/uploads\/2024\/08\/aerospace-structural-components-1024x652.jpg 1024w, https:\/\/www.jinchunmetal.com\/wp-content\/uploads\/2024\/08\/aerospace-structural-components-768x489.jpg 768w, https:\/\/www.jinchunmetal.com\/wp-content\/uploads\/2024\/08\/aerospace-structural-components-1536x978.jpg 1536w, https:\/\/www.jinchunmetal.com\/wp-content\/uploads\/2024\/08\/aerospace-structural-components-2048x1304.jpg 2048w, https:\/\/www.jinchunmetal.com\/wp-content\/uploads\/2024\/08\/aerospace-structural-components-18x12.jpg 18w, https:\/\/www.jinchunmetal.com\/wp-content\/uploads\/2024\/08\/aerospace-structural-components-800x509.jpg 800w\" sizes=\"auto, (max-width: 398px) 100vw, 398px\" \/><\/p>","protected":false},"excerpt":{"rendered":"<p>Car\u00e1cter do produto\uff1a<\/p>\n<p>GH3625 high-temperature alloy belongs to solid solution strengthening alloys with added elements such as Nb, Mo, Cr, etc., and has high strength, excellent corrosion resistance and oxidation resistance, and resistance to stress corrosion under salt spray atmosphere applied in the manufacturing of aviation engine components, aerospace structural components, and chemical equipment components.<\/p>\n<table>\n<tbody>\n<tr>\n<td>Nome da marca<\/td>\n<td>Jinchun<\/td>\n<\/tr>\n<tr>\n<td>Origem<\/td>\n<td>China<\/td>\n<\/tr>\n<tr>\n<td>Nome do produto<\/td>\n<td>GH3625 powder<\/td>\n<\/tr>\n<tr>\n<td>Aplica\u00e7\u00e3o<\/td>\n<td><strong>Aviation engine components, aerospace structural components, and chemical equipment components.<\/strong><\/td>\n<\/tr>\n<tr>\n<td>Forma<\/td>\n<td>P\u00f3<\/td>\n<\/tr>\n<tr>\n<td>Cor<\/td>\n<td>Metal gray<\/td>\n<\/tr>\n<tr>\n<td>Tamanho<\/td>\n<td>15~53\u03bcm<\/td>\n<\/tr>\n<tr>\n<td>Padr\u00e3o<\/td>\n<td>GB\/T 19001-2016\/ISO9001: 2015<\/td>\n<\/tr>\n<tr>\n<td>Pureza<\/td>\n<td>\u00a0Ni: Bal.\u00a0 Cr: 20.0-23.0%, Mo:8.0-10.0%, Nb: 3.15-4.15%<\/td>\n<\/tr>\n<tr>\n<td>Material<\/td>\n<td>Ni, Cr, Mo, Nb<\/td>\n<\/tr>\n<tr>\n<td>Embalagem<\/td>\n<td>Embalagem a v\u00e1cuo<\/td>\n<\/tr>\n<\/tbody>\n<\/table>","protected":false},"featured_media":4171,"comment_status":"open","ping_status":"closed","template":"","meta":{"_acf_changed":false},"product_brand":[],"product_cat":[60],"product_tag":[],"class_list":{"0":"post-4169","1":"product","2":"type-product","3":"status-publish","4":"has-post-thumbnail","6":"product_cat-spherical-metal-powders","8":"first","9":"instock","10":"shipping-taxable","11":"product-type-simple"},"acf":[],"yoast_head":"<!-- This site is optimized with the Yoast SEO plugin v23.2 - https:\/\/yoast.com\/wordpress\/plugins\/seo\/ -->\n<title>Spherical Metal Powders GH3625 Superalloy High-temperature alloy Powder - Jinchun %<\/title>\n<meta name=\"description\" content=\"We are a Metal Materials manufacturer in China With rich experience in Spherical Metal Powders GH3625 Superalloy High-temperature alloy Powder , with Competitive price and top quality.\" \/>\n<meta name=\"robots\" content=\"index, follow, max-snippet:-1, max-image-preview:large, max-video-preview:-1\" \/>\n<link rel=\"canonical\" href=\"https:\/\/www.jinchunmetal.com\/pt\/produto\/spherical-metal-powders-gh3625-superalloy-high-temperature-alloy-powder\/\" \/>\n<meta property=\"og:locale\" content=\"pt_PT\" \/>\n<meta property=\"og:type\" content=\"article\" \/>\n<meta property=\"og:title\" content=\"Spherical Metal Powders GH3625 Superalloy High-temperature alloy Powder - Jinchun %\" \/>\n<meta property=\"og:description\" content=\"We are a Metal Materials manufacturer in China With rich experience in Spherical Metal Powders GH3625 Superalloy High-temperature alloy Powder , with Competitive price and top quality.\" \/>\n<meta property=\"og:url\" content=\"https:\/\/www.jinchunmetal.com\/pt\/produto\/spherical-metal-powders-gh3625-superalloy-high-temperature-alloy-powder\/\" \/>\n<meta property=\"og:site_name\" content=\"Chengdu Jinchun Metallic Materials Co.,Ltd.\" \/>\n<meta property=\"article:modified_time\" content=\"2025-05-29T03:34:29+00:00\" \/>\n<meta property=\"og:image\" content=\"https:\/\/www.jinchunmetal.com\/wp-content\/uploads\/2024\/08\/GH3625-2.png\" \/>\n\t<meta property=\"og:image:width\" content=\"1024\" \/>\n\t<meta property=\"og:image:height\" content=\"768\" \/>\n\t<meta property=\"og:image:type\" content=\"image\/png\" \/>\n<meta name=\"twitter:card\" content=\"summary_large_image\" \/>\n<meta name=\"twitter:label1\" content=\"Tempo estimado de leitura\" \/>\n\t<meta name=\"twitter:data1\" content=\"4 minutos\" \/>\n<script type=\"application\/ld+json\" class=\"yoast-schema-graph\">{\"@context\":\"https:\/\/schema.org\",\"@graph\":[{\"@type\":\"WebPage\",\"@id\":\"https:\/\/www.jinchunmetal.com\/product\/spherical-metal-powders-gh3625-superalloy-high-temperature-alloy-powder\/\",\"url\":\"https:\/\/www.jinchunmetal.com\/product\/spherical-metal-powders-gh3625-superalloy-high-temperature-alloy-powder\/\",\"name\":\"Spherical Metal Powders GH3625 Superalloy High-temperature alloy Powder - Jinchun %\",\"isPartOf\":{\"@id\":\"https:\/\/www.jinchunmetal.com\/#website\"},\"primaryImageOfPage\":{\"@id\":\"https:\/\/www.jinchunmetal.com\/product\/spherical-metal-powders-gh3625-superalloy-high-temperature-alloy-powder\/#primaryimage\"},\"image\":{\"@id\":\"https:\/\/www.jinchunmetal.com\/product\/spherical-metal-powders-gh3625-superalloy-high-temperature-alloy-powder\/#primaryimage\"},\"thumbnailUrl\":\"https:\/\/www.jinchunmetal.com\/wp-content\/uploads\/2024\/08\/GH3625-2.png\",\"datePublished\":\"2024-08-27T02:15:52+00:00\",\"dateModified\":\"2025-05-29T03:34:29+00:00\",\"description\":\"We are a Metal Materials manufacturer in China With rich experience in Spherical Metal Powders GH3625 Superalloy High-temperature alloy Powder , with Competitive price and top quality.\",\"breadcrumb\":{\"@id\":\"https:\/\/www.jinchunmetal.com\/product\/spherical-metal-powders-gh3625-superalloy-high-temperature-alloy-powder\/#breadcrumb\"},\"inLanguage\":\"pt-PT\",\"potentialAction\":[{\"@type\":\"ReadAction\",\"target\":[\"https:\/\/www.jinchunmetal.com\/product\/spherical-metal-powders-gh3625-superalloy-high-temperature-alloy-powder\/\"]}]},{\"@type\":\"ImageObject\",\"inLanguage\":\"pt-PT\",\"@id\":\"https:\/\/www.jinchunmetal.com\/product\/spherical-metal-powders-gh3625-superalloy-high-temperature-alloy-powder\/#primaryimage\",\"url\":\"https:\/\/www.jinchunmetal.com\/wp-content\/uploads\/2024\/08\/GH3625-2.png\",\"contentUrl\":\"https:\/\/www.jinchunmetal.com\/wp-content\/uploads\/2024\/08\/GH3625-2.png\",\"width\":1024,\"height\":768},{\"@type\":\"BreadcrumbList\",\"@id\":\"https:\/\/www.jinchunmetal.com\/product\/spherical-metal-powders-gh3625-superalloy-high-temperature-alloy-powder\/#breadcrumb\",\"itemListElement\":[{\"@type\":\"ListItem\",\"position\":1,\"name\":\"\u9996\u9875\",\"item\":\"https:\/\/www.jinchunmetal.com\/\"},{\"@type\":\"ListItem\",\"position\":2,\"name\":\"Products\",\"item\":\"https:\/\/www.jinchunmetal.com\/fr_fr\/products\/\"},{\"@type\":\"ListItem\",\"position\":3,\"name\":\"Spherical Metal Powders GH3625 Superalloy High-temperature alloy Powder\"}]},{\"@type\":\"WebSite\",\"@id\":\"https:\/\/www.jinchunmetal.com\/#website\",\"url\":\"https:\/\/www.jinchunmetal.com\/\",\"name\":\"Chengdu Jinchun Metallic Materials Co.,Ltd.\",\"description\":\"Jinchun Metal\",\"potentialAction\":[{\"@type\":\"SearchAction\",\"target\":{\"@type\":\"EntryPoint\",\"urlTemplate\":\"https:\/\/www.jinchunmetal.com\/?s={search_term_string}\"},\"query-input\":\"required name=search_term_string\"}],\"inLanguage\":\"pt-PT\"}]}<\/script>\n<!-- \/ Yoast SEO plugin. -->","yoast_head_json":{"title":"Spherical Metal Powders GH3625 Superalloy High-temperature alloy Powder - Jinchun %","description":"We are a Metal Materials manufacturer in China With rich experience in Spherical Metal Powders GH3625 Superalloy High-temperature alloy Powder , with Competitive price and top quality.","robots":{"index":"index","follow":"follow","max-snippet":"max-snippet:-1","max-image-preview":"max-image-preview:large","max-video-preview":"max-video-preview:-1"},"canonical":"https:\/\/www.jinchunmetal.com\/pt\/produto\/spherical-metal-powders-gh3625-superalloy-high-temperature-alloy-powder\/","og_locale":"pt_PT","og_type":"article","og_title":"Spherical Metal Powders GH3625 Superalloy High-temperature alloy Powder - Jinchun %","og_description":"We are a Metal Materials manufacturer in China With rich experience in Spherical Metal Powders GH3625 Superalloy High-temperature alloy Powder , with Competitive price and top quality.","og_url":"https:\/\/www.jinchunmetal.com\/pt\/produto\/spherical-metal-powders-gh3625-superalloy-high-temperature-alloy-powder\/","og_site_name":"Chengdu Jinchun Metallic Materials Co.,Ltd.","article_modified_time":"2025-05-29T03:34:29+00:00","og_image":[{"width":1024,"height":768,"url":"https:\/\/www.jinchunmetal.com\/wp-content\/uploads\/2024\/08\/GH3625-2.png","type":"image\/png"}],"twitter_card":"summary_large_image","twitter_misc":{"Tempo estimado de leitura":"4 minutos"},"schema":{"@context":"https:\/\/schema.org","@graph":[{"@type":"WebPage","@id":"https:\/\/www.jinchunmetal.com\/product\/spherical-metal-powders-gh3625-superalloy-high-temperature-alloy-powder\/","url":"https:\/\/www.jinchunmetal.com\/product\/spherical-metal-powders-gh3625-superalloy-high-temperature-alloy-powder\/","name":"Spherical Metal Powders GH3625 Superalloy High-temperature alloy Powder - Jinchun %","isPartOf":{"@id":"https:\/\/www.jinchunmetal.com\/#website"},"primaryImageOfPage":{"@id":"https:\/\/www.jinchunmetal.com\/product\/spherical-metal-powders-gh3625-superalloy-high-temperature-alloy-powder\/#primaryimage"},"image":{"@id":"https:\/\/www.jinchunmetal.com\/product\/spherical-metal-powders-gh3625-superalloy-high-temperature-alloy-powder\/#primaryimage"},"thumbnailUrl":"https:\/\/www.jinchunmetal.com\/wp-content\/uploads\/2024\/08\/GH3625-2.png","datePublished":"2024-08-27T02:15:52+00:00","dateModified":"2025-05-29T03:34:29+00:00","description":"We are a Metal Materials manufacturer in China With rich experience in Spherical Metal Powders GH3625 Superalloy High-temperature alloy Powder , with Competitive price and top quality.","breadcrumb":{"@id":"https:\/\/www.jinchunmetal.com\/product\/spherical-metal-powders-gh3625-superalloy-high-temperature-alloy-powder\/#breadcrumb"},"inLanguage":"pt-PT","potentialAction":[{"@type":"ReadAction","target":["https:\/\/www.jinchunmetal.com\/product\/spherical-metal-powders-gh3625-superalloy-high-temperature-alloy-powder\/"]}]},{"@type":"ImageObject","inLanguage":"pt-PT","@id":"https:\/\/www.jinchunmetal.com\/product\/spherical-metal-powders-gh3625-superalloy-high-temperature-alloy-powder\/#primaryimage","url":"https:\/\/www.jinchunmetal.com\/wp-content\/uploads\/2024\/08\/GH3625-2.png","contentUrl":"https:\/\/www.jinchunmetal.com\/wp-content\/uploads\/2024\/08\/GH3625-2.png","width":1024,"height":768},{"@type":"BreadcrumbList","@id":"https:\/\/www.jinchunmetal.com\/product\/spherical-metal-powders-gh3625-superalloy-high-temperature-alloy-powder\/#breadcrumb","itemListElement":[{"@type":"ListItem","position":1,"name":"\u9996\u9875","item":"https:\/\/www.jinchunmetal.com\/"},{"@type":"ListItem","position":2,"name":"Products","item":"https:\/\/www.jinchunmetal.com\/fr_fr\/products\/"},{"@type":"ListItem","position":3,"name":"Spherical Metal Powders GH3625 Superalloy High-temperature alloy Powder"}]},{"@type":"WebSite","@id":"https:\/\/www.jinchunmetal.com\/#website","url":"https:\/\/www.jinchunmetal.com\/","name":"Chengdu Jinchun Metallic Materials Co.,Ltd.","description":"Jinchun Metal","potentialAction":[{"@type":"SearchAction","target":{"@type":"EntryPoint","urlTemplate":"https:\/\/www.jinchunmetal.com\/?s={search_term_string}"},"query-input":"required name=search_term_string"}],"inLanguage":"pt-PT"}]}},"_links":{"self":[{"href":"https:\/\/www.jinchunmetal.com\/pt\/wp-json\/wp\/v2\/product\/4169","targetHints":{"allow":["GET"]}}],"collection":[{"href":"https:\/\/www.jinchunmetal.com\/pt\/wp-json\/wp\/v2\/product"}],"about":[{"href":"https:\/\/www.jinchunmetal.com\/pt\/wp-json\/wp\/v2\/types\/product"}],"replies":[{"embeddable":true,"href":"https:\/\/www.jinchunmetal.com\/pt\/wp-json\/wp\/v2\/comments?post=4169"}],"wp:featuredmedia":[{"embeddable":true,"href":"https:\/\/www.jinchunmetal.com\/pt\/wp-json\/wp\/v2\/media\/4171"}],"wp:attachment":[{"href":"https:\/\/www.jinchunmetal.com\/pt\/wp-json\/wp\/v2\/media?parent=4169"}],"wp:term":[{"taxonomy":"product_brand","embeddable":true,"href":"https:\/\/www.jinchunmetal.com\/pt\/wp-json\/wp\/v2\/product_brand?post=4169"},{"taxonomy":"product_cat","embeddable":true,"href":"https:\/\/www.jinchunmetal.com\/pt\/wp-json\/wp\/v2\/product_cat?post=4169"},{"taxonomy":"product_tag","embeddable":true,"href":"https:\/\/www.jinchunmetal.com\/pt\/wp-json\/wp\/v2\/product_tag?post=4169"}],"curies":[{"name":"wp","href":"https:\/\/api.w.org\/{rel}","templated":true}]}}