{"id":4256,"date":"2024-08-29T14:27:16","date_gmt":"2024-08-29T06:27:16","guid":{"rendered":"https:\/\/www.jinchunmetal.com\/?post_type=product&#038;p=4256"},"modified":"2025-06-12T15:26:38","modified_gmt":"2025-06-12T07:26:38","slug":"spherical-metal-powders-cobalt-chromium-molybdenum-cocrmo-alloy-powder","status":"publish","type":"product","link":"https:\/\/www.jinchunmetal.com\/pt\/produto\/spherical-metal-powders-cobalt-chromium-molybdenum-cocrmo-alloy-powder\/","title":{"rendered":"P\u00f3 esf\u00e9rico de metal P\u00f3 de liga de cobalto, cr\u00f3mio e molibd\u00e9nio (CoCrMo)"},"content":{"rendered":"<p><strong>Car\u00e1cter do produto<\/strong><\/p>\n<p>Cobalt based alloys are a type of alloy mainly composed of cobalt, containing a considerable amount of nickel, chromium, tungsten, and small amounts of alloying elements such as molybdenum, niobium, tantalum, titanium, La, and occasionally iron. Its products have good mechanical properties, stable chemical properties, and strong corrosion resistance, and are widely used in daily life and medical fields.<\/p>\n<p>&nbsp;<\/p>\n<p><strong>2.Especifica\u00e7\u00e3o<\/strong><\/p>\n<p><b>Spherical CoCrMo Alloy Powder<\/b><\/p>\n<table width=\"766\">\n<tbody>\n<tr>\n<td style=\"text-align: center;\" colspan=\"10\" width=\"766\">Composi\u00e7\u00e3o qu\u00edmica (wt.%)<\/td>\n<\/tr>\n<tr>\n<td width=\"131\">Elemento<\/td>\n<td>Co<\/td>\n<td>Cr<\/td>\n<td>Mo<\/td>\n<td>W<\/td>\n<td>Si<\/td>\n<td>Ni<\/td>\n<td>P<\/td>\n<td>Mn<\/td>\n<td>Fe<\/td>\n<\/tr>\n<tr>\n<td width=\"131\">Padr\u00e3o<\/td>\n<td>Bal.<\/td>\n<td>26.0~30.0<\/td>\n<td>4.0~7.0<\/td>\n<td>\u22640.2<\/td>\n<td>\u22641.0<\/td>\n<td>\u22640.1<\/td>\n<td>\u22640.03<\/td>\n<td>\u22640.3<\/td>\n<td>\u22640.75<\/td>\n<\/tr>\n<tr>\n<td width=\"131\">Elemento<\/td>\n<td>C<\/td>\n<td>N<\/td>\n<td>O<\/td>\n<td><\/td>\n<td><\/td>\n<td><\/td>\n<td><\/td>\n<td><\/td>\n<td><\/td>\n<\/tr>\n<tr>\n<td width=\"131\">Padr\u00e3o<\/td>\n<td>\u22640.1<\/td>\n<td>\u22640.05<\/td>\n<td>\u22640.08<\/td>\n<td><\/td>\n<td><\/td>\n<td><\/td>\n<td><\/td>\n<td><\/td>\n<td><\/td>\n<\/tr>\n<\/tbody>\n<\/table>\n<p>&nbsp;<\/p>\n<table width=\"628\">\n<tbody>\n<tr>\n<td width=\"72\">Spherical CoCrMo powder<\/td>\n<td colspan=\"3\" width=\"216\">Distribui\u00e7\u00e3o do tamanho das part\u00edculas<\/td>\n<td width=\"108\">Flow Rate<br \/>\n(sec. for 50 g)<\/td>\n<td width=\"131\">Densidade aparente (g\/cm3)<\/td>\n<td width=\"101\">Densidade da torneira (g\/cm3)<\/td>\n<\/tr>\n<tr>\n<td width=\"72\">Padr\u00e3o<\/td>\n<td colspan=\"3\" width=\"216\">15~53\u03bcm, 53~150\u03bcm<\/td>\n<td width=\"108\">\u226425<\/td>\n<td width=\"131\">\u22654.2<\/td>\n<td width=\"101\">\u22655.0<\/td>\n<\/tr>\n<\/tbody>\n<\/table>\n<p>&nbsp;<\/p>\n<p><strong>3. imagens da morfologia SEM do p\u00f3<\/strong><\/p>\n<p><img loading=\"lazy\" decoding=\"async\" class=\"alignnone size-medium wp-image-4257\" src=\"https:\/\/www.jinchunmetal.com\/wp-content\/uploads\/2024\/08\/CoCrMo-1-300x225.png\" alt=\"\" width=\"300\" height=\"225\" srcset=\"https:\/\/www.jinchunmetal.com\/wp-content\/uploads\/2024\/08\/CoCrMo-1-300x225.png 300w, https:\/\/www.jinchunmetal.com\/wp-content\/uploads\/2024\/08\/CoCrMo-1-768x576.png 768w, https:\/\/www.jinchunmetal.com\/wp-content\/uploads\/2024\/08\/CoCrMo-1-16x12.png 16w, https:\/\/www.jinchunmetal.com\/wp-content\/uploads\/2024\/08\/CoCrMo-1-800x600.png 800w, https:\/\/www.jinchunmetal.com\/wp-content\/uploads\/2024\/08\/CoCrMo-1.png 1024w\" sizes=\"auto, (max-width: 300px) 100vw, 300px\" \/> <img loading=\"lazy\" decoding=\"async\" class=\"alignnone size-medium wp-image-4258\" src=\"https:\/\/www.jinchunmetal.com\/wp-content\/uploads\/2024\/08\/CoCrMo-2-300x225.png\" alt=\"\" width=\"300\" height=\"225\" srcset=\"https:\/\/www.jinchunmetal.com\/wp-content\/uploads\/2024\/08\/CoCrMo-2-300x225.png 300w, https:\/\/www.jinchunmetal.com\/wp-content\/uploads\/2024\/08\/CoCrMo-2-768x576.png 768w, https:\/\/www.jinchunmetal.com\/wp-content\/uploads\/2024\/08\/CoCrMo-2-16x12.png 16w, https:\/\/www.jinchunmetal.com\/wp-content\/uploads\/2024\/08\/CoCrMo-2-800x600.png 800w, https:\/\/www.jinchunmetal.com\/wp-content\/uploads\/2024\/08\/CoCrMo-2.png 1024w\" sizes=\"auto, (max-width: 300px) 100vw, 300px\" \/><\/p>\n<p><strong>Fotos de produ\u00e7\u00e3o e teste:<\/strong><br \/>\n<img loading=\"lazy\" decoding=\"async\" class=\"alignnone wp-image-4145\" src=\"https:\/\/www.jinchunmetal.com\/wp-content\/uploads\/2024\/08\/\u5fae\u4fe1\u56fe\u7247_20240801152721-1-300x203.png\" alt=\"\" width=\"443\" height=\"300\" srcset=\"https:\/\/www.jinchunmetal.com\/wp-content\/uploads\/2024\/08\/\u5fae\u4fe1\u56fe\u7247_20240801152721-1-300x203.png 300w, https:\/\/www.jinchunmetal.com\/wp-content\/uploads\/2024\/08\/\u5fae\u4fe1\u56fe\u7247_20240801152721-1-1024x691.png 1024w, https:\/\/www.jinchunmetal.com\/wp-content\/uploads\/2024\/08\/\u5fae\u4fe1\u56fe\u7247_20240801152721-1-768x518.png 768w, https:\/\/www.jinchunmetal.com\/wp-content\/uploads\/2024\/08\/\u5fae\u4fe1\u56fe\u7247_20240801152721-1-18x12.png 18w, https:\/\/www.jinchunmetal.com\/wp-content\/uploads\/2024\/08\/\u5fae\u4fe1\u56fe\u7247_20240801152721-1-800x540.png 800w, https:\/\/www.jinchunmetal.com\/wp-content\/uploads\/2024\/08\/\u5fae\u4fe1\u56fe\u7247_20240801152721-1.png 1222w\" sizes=\"auto, (max-width: 443px) 100vw, 443px\" \/><img loading=\"lazy\" decoding=\"async\" class=\"alignnone wp-image-4146\" src=\"https:\/\/www.jinchunmetal.com\/wp-content\/uploads\/2024\/08\/\u5fae\u4fe1\u56fe\u7247_20240801152725-1-300x226.png\" alt=\"\" width=\"397\" height=\"299\" srcset=\"https:\/\/www.jinchunmetal.com\/wp-content\/uploads\/2024\/08\/\u5fae\u4fe1\u56fe\u7247_20240801152725-1-300x226.png 300w, https:\/\/www.jinchunmetal.com\/wp-content\/uploads\/2024\/08\/\u5fae\u4fe1\u56fe\u7247_20240801152725-1-1024x770.png 1024w, https:\/\/www.jinchunmetal.com\/wp-content\/uploads\/2024\/08\/\u5fae\u4fe1\u56fe\u7247_20240801152725-1-768x578.png 768w, https:\/\/www.jinchunmetal.com\/wp-content\/uploads\/2024\/08\/\u5fae\u4fe1\u56fe\u7247_20240801152725-1-16x12.png 16w, https:\/\/www.jinchunmetal.com\/wp-content\/uploads\/2024\/08\/\u5fae\u4fe1\u56fe\u7247_20240801152725-1-800x602.png 800w, https:\/\/www.jinchunmetal.com\/wp-content\/uploads\/2024\/08\/\u5fae\u4fe1\u56fe\u7247_20240801152725-1.png 1046w\" sizes=\"auto, (max-width: 397px) 100vw, 397px\" \/><img loading=\"lazy\" decoding=\"async\" class=\"alignnone size-medium wp-image-4144\" src=\"https:\/\/www.jinchunmetal.com\/wp-content\/uploads\/2024\/08\/\u5fae\u4fe1\u56fe\u7247_20240801152708-1-276x300.png\" alt=\"\" width=\"276\" height=\"300\" srcset=\"https:\/\/www.jinchunmetal.com\/wp-content\/uploads\/2024\/08\/\u5fae\u4fe1\u56fe\u7247_20240801152708-1-276x300.png 276w, https:\/\/www.jinchunmetal.com\/wp-content\/uploads\/2024\/08\/\u5fae\u4fe1\u56fe\u7247_20240801152708-1-11x12.png 11w, https:\/\/www.jinchunmetal.com\/wp-content\/uploads\/2024\/08\/\u5fae\u4fe1\u56fe\u7247_20240801152708-1.png 598w\" sizes=\"auto, (max-width: 276px) 100vw, 276px\" \/><\/p>\n<p><img loading=\"lazy\" decoding=\"async\" class=\"alignnone wp-image-4149\" src=\"https:\/\/www.jinchunmetal.com\/wp-content\/uploads\/2024\/08\/RF-plasma-spheroidization-1-300x217.png\" alt=\"\" width=\"314\" height=\"227\" srcset=\"https:\/\/www.jinchunmetal.com\/wp-content\/uploads\/2024\/08\/RF-plasma-spheroidization-1-300x217.png 300w, https:\/\/www.jinchunmetal.com\/wp-content\/uploads\/2024\/08\/RF-plasma-spheroidization-1-18x12.png 18w, https:\/\/www.jinchunmetal.com\/wp-content\/uploads\/2024\/08\/RF-plasma-spheroidization-1.png 403w\" sizes=\"auto, (max-width: 314px) 100vw, 314px\" \/><img loading=\"lazy\" decoding=\"async\" class=\"alignnone size-medium wp-image-4148\" src=\"https:\/\/www.jinchunmetal.com\/wp-content\/uploads\/2024\/08\/\u5fae\u4fe1\u56fe\u7247_20240709145011-1-300x225.jpg\" alt=\"\" width=\"300\" height=\"225\" srcset=\"https:\/\/www.jinchunmetal.com\/wp-content\/uploads\/2024\/08\/\u5fae\u4fe1\u56fe\u7247_20240709145011-1-300x225.jpg 300w, https:\/\/www.jinchunmetal.com\/wp-content\/uploads\/2024\/08\/\u5fae\u4fe1\u56fe\u7247_20240709145011-1-1024x768.jpg 1024w, https:\/\/www.jinchunmetal.com\/wp-content\/uploads\/2024\/08\/\u5fae\u4fe1\u56fe\u7247_20240709145011-1-768x576.jpg 768w, https:\/\/www.jinchunmetal.com\/wp-content\/uploads\/2024\/08\/\u5fae\u4fe1\u56fe\u7247_20240709145011-1-1536x1152.jpg 1536w, https:\/\/www.jinchunmetal.com\/wp-content\/uploads\/2024\/08\/\u5fae\u4fe1\u56fe\u7247_20240709145011-1-2048x1536.jpg 2048w, https:\/\/www.jinchunmetal.com\/wp-content\/uploads\/2024\/08\/\u5fae\u4fe1\u56fe\u7247_20240709145011-1-16x12.jpg 16w, https:\/\/www.jinchunmetal.com\/wp-content\/uploads\/2024\/08\/\u5fae\u4fe1\u56fe\u7247_20240709145011-1-800x600.jpg 800w\" sizes=\"auto, (max-width: 300px) 100vw, 300px\" \/><img loading=\"lazy\" decoding=\"async\" class=\"alignnone size-medium wp-image-4147\" src=\"https:\/\/www.jinchunmetal.com\/wp-content\/uploads\/2024\/08\/\u5fae\u4fe1\u56fe\u7247_20240801152730-1-300x226.png\" alt=\"\" width=\"300\" height=\"226\" srcset=\"https:\/\/www.jinchunmetal.com\/wp-content\/uploads\/2024\/08\/\u5fae\u4fe1\u56fe\u7247_20240801152730-1-300x226.png 300w, https:\/\/www.jinchunmetal.com\/wp-content\/uploads\/2024\/08\/\u5fae\u4fe1\u56fe\u7247_20240801152730-1-768x579.png 768w, https:\/\/www.jinchunmetal.com\/wp-content\/uploads\/2024\/08\/\u5fae\u4fe1\u56fe\u7247_20240801152730-1-16x12.png 16w, https:\/\/www.jinchunmetal.com\/wp-content\/uploads\/2024\/08\/\u5fae\u4fe1\u56fe\u7247_20240801152730-1.png 787w\" sizes=\"auto, (max-width: 300px) 100vw, 300px\" \/><\/p>\n<p>&nbsp;<\/p>\n<p><strong>4.Aplica\u00e7\u00e3o<\/strong><\/p>\n<ul>\n<li>Cobalt based alloys are a type of alloy mainly composed of cobalt, containing a considerable amount of nickel, chromium, tungsten, and small amounts of alloying elements such as molybdenum, niobium, tantalum, titanium, La, and occasionally iron. Its products have good mechanical properties, stable chemical properties, and strong corrosion resistance, and are widely used in daily life and medical fields.<\/li>\n<\/ul>\n<p><img loading=\"lazy\" decoding=\"async\" class=\"alignnone size-medium wp-image-4218\" src=\"https:\/\/www.jinchunmetal.com\/wp-content\/uploads\/2024\/08\/3D-Printing-300x200.jpg\" alt=\"\" width=\"300\" height=\"200\" srcset=\"https:\/\/www.jinchunmetal.com\/wp-content\/uploads\/2024\/08\/3D-Printing-300x200.jpg 300w, https:\/\/www.jinchunmetal.com\/wp-content\/uploads\/2024\/08\/3D-Printing-1024x684.jpg 1024w, https:\/\/www.jinchunmetal.com\/wp-content\/uploads\/2024\/08\/3D-Printing-768x513.jpg 768w, https:\/\/www.jinchunmetal.com\/wp-content\/uploads\/2024\/08\/3D-Printing-1536x1025.jpg 1536w, https:\/\/www.jinchunmetal.com\/wp-content\/uploads\/2024\/08\/3D-Printing-18x12.jpg 18w, https:\/\/www.jinchunmetal.com\/wp-content\/uploads\/2024\/08\/3D-Printing-800x534.jpg 800w, https:\/\/www.jinchunmetal.com\/wp-content\/uploads\/2024\/08\/3D-Printing.jpg 2000w\" sizes=\"auto, (max-width: 300px) 100vw, 300px\" \/><img loading=\"lazy\" decoding=\"async\" class=\"alignnone wp-image-4251\" src=\"https:\/\/www.jinchunmetal.com\/wp-content\/uploads\/2024\/08\/PTA-300x214.jpg\" alt=\"\" width=\"281\" height=\"200\" srcset=\"https:\/\/www.jinchunmetal.com\/wp-content\/uploads\/2024\/08\/PTA-300x214.jpg 300w, https:\/\/www.jinchunmetal.com\/wp-content\/uploads\/2024\/08\/PTA-1024x732.jpg 1024w, https:\/\/www.jinchunmetal.com\/wp-content\/uploads\/2024\/08\/PTA-768x549.jpg 768w, https:\/\/www.jinchunmetal.com\/wp-content\/uploads\/2024\/08\/PTA-1536x1097.jpg 1536w, https:\/\/www.jinchunmetal.com\/wp-content\/uploads\/2024\/08\/PTA-18x12.jpg 18w, https:\/\/www.jinchunmetal.com\/wp-content\/uploads\/2024\/08\/PTA-800x572.jpg 800w, https:\/\/www.jinchunmetal.com\/wp-content\/uploads\/2024\/08\/PTA.jpg 2000w\" sizes=\"auto, (max-width: 281px) 100vw, 281px\" \/><img loading=\"lazy\" decoding=\"async\" class=\"alignnone wp-image-4232\" src=\"https:\/\/www.jinchunmetal.com\/wp-content\/uploads\/2024\/08\/MIM-300x169.jpg\" alt=\"\" width=\"350\" height=\"197\" srcset=\"https:\/\/www.jinchunmetal.com\/wp-content\/uploads\/2024\/08\/MIM-300x169.jpg 300w, https:\/\/www.jinchunmetal.com\/wp-content\/uploads\/2024\/08\/MIM-1024x577.jpg 1024w, https:\/\/www.jinchunmetal.com\/wp-content\/uploads\/2024\/08\/MIM-768x432.jpg 768w, https:\/\/www.jinchunmetal.com\/wp-content\/uploads\/2024\/08\/MIM-1536x865.jpg 1536w, https:\/\/www.jinchunmetal.com\/wp-content\/uploads\/2024\/08\/MIM-18x10.jpg 18w, https:\/\/www.jinchunmetal.com\/wp-content\/uploads\/2024\/08\/MIM-800x450.jpg 800w, https:\/\/www.jinchunmetal.com\/wp-content\/uploads\/2024\/08\/MIM.jpg 2000w\" sizes=\"auto, (max-width: 350px) 100vw, 350px\" \/><\/p>","protected":false},"excerpt":{"rendered":"<p>Car\u00e1cter do produto\uff1a<\/p>\n<p>Cobalt based alloys are a type of alloy mainly composed of cobalt, containing a considerable amount of nickel, chromium, tungsten, and small amounts of alloying elements such as molybdenum, niobium, tantalum, titanium,La, and occasionally iron. Its products have good mechanical properties, stable chemical properties, and strong corrosion resistance, and are widely used in daily life and medical fields.<\/p>\n<table>\n<tbody>\n<tr>\n<td>Nome da marca<\/td>\n<td>Jinchun<\/td>\n<\/tr>\n<tr>\n<td>Origem<\/td>\n<td>China<\/td>\n<\/tr>\n<tr>\n<td>Nome do produto<\/td>\n<td>Spherical CoCrMo Alloy powder<\/td>\n<\/tr>\n<tr>\n<td>Aplica\u00e7\u00e3o<\/td>\n<td>3D printing, additiva manufacturing.<\/td>\n<\/tr>\n<tr>\n<td>Forma<\/td>\n<td>P\u00f3<\/td>\n<\/tr>\n<tr>\n<td>Cor<\/td>\n<td>Metal gray<\/td>\n<\/tr>\n<tr>\n<td>Tamanho<\/td>\n<td>15~53\u03bcm, 53~150\u03bcm, or customized.<\/td>\n<\/tr>\n<tr>\n<td>Padr\u00e3o<\/td>\n<td>GB\/T 19001-2016\/ISO9001: 2015<\/td>\n<\/tr>\n<tr>\n<td>Pureza<\/td>\n<td>\u00a0Co: Bal. Cr: 26.05~30.0%, Mo: 4.0~7.0%<\/td>\n<\/tr>\n<tr>\n<td>Material<\/td>\n<td>Co, Cr, Mo<\/td>\n<\/tr>\n<tr>\n<td>Embalagem<\/td>\n<td>Embalagem a v\u00e1cuo<\/td>\n<\/tr>\n<\/tbody>\n<\/table>","protected":false},"featured_media":4258,"comment_status":"open","ping_status":"closed","template":"","meta":{"_acf_changed":false},"product_brand":[],"product_cat":[60],"product_tag":[],"class_list":{"0":"post-4256","1":"product","2":"type-product","3":"status-publish","4":"has-post-thumbnail","6":"product_cat-spherical-metal-powders","8":"first","9":"instock","10":"shipping-taxable","11":"product-type-simple"},"acf":[],"yoast_head":"<!-- This site is optimized with the Yoast SEO plugin v23.2 - https:\/\/yoast.com\/wordpress\/plugins\/seo\/ -->\n<title>Spherical Metal Powders Cobalt Chromium Molybdenum (CoCrMo) Alloy Powder - Jinchun %<\/title>\n<meta name=\"description\" content=\"We are a Metal Materials manufacturer in China With rich experience in Spherical Metal Powders Cobalt Chromium Molybdenum (CoCrMo) Alloy Powder , with Competitive price and top quality.\" \/>\n<meta name=\"robots\" content=\"index, follow, max-snippet:-1, max-image-preview:large, max-video-preview:-1\" \/>\n<link rel=\"canonical\" href=\"https:\/\/www.jinchunmetal.com\/pt\/produto\/spherical-metal-powders-cobalt-chromium-molybdenum-cocrmo-alloy-powder\/\" \/>\n<meta property=\"og:locale\" content=\"pt_PT\" \/>\n<meta property=\"og:type\" content=\"article\" \/>\n<meta property=\"og:title\" content=\"Spherical Metal Powders Cobalt Chromium Molybdenum (CoCrMo) Alloy Powder - Jinchun %\" \/>\n<meta property=\"og:description\" content=\"We are a Metal Materials manufacturer in China With rich experience in Spherical Metal Powders Cobalt Chromium Molybdenum (CoCrMo) Alloy Powder , with Competitive price and top quality.\" \/>\n<meta property=\"og:url\" content=\"https:\/\/www.jinchunmetal.com\/pt\/produto\/spherical-metal-powders-cobalt-chromium-molybdenum-cocrmo-alloy-powder\/\" \/>\n<meta property=\"og:site_name\" content=\"Chengdu Jinchun Metallic Materials Co.,Ltd.\" \/>\n<meta property=\"article:modified_time\" content=\"2025-06-12T07:26:38+00:00\" \/>\n<meta property=\"og:image\" content=\"https:\/\/www.jinchunmetal.com\/wp-content\/uploads\/2024\/08\/CoCrMo-2.png\" \/>\n\t<meta property=\"og:image:width\" content=\"1024\" \/>\n\t<meta property=\"og:image:height\" content=\"768\" \/>\n\t<meta property=\"og:image:type\" content=\"image\/png\" \/>\n<meta name=\"twitter:card\" content=\"summary_large_image\" \/>\n<meta name=\"twitter:label1\" content=\"Tempo estimado de leitura\" \/>\n\t<meta name=\"twitter:data1\" content=\"4 minutos\" \/>\n<script type=\"application\/ld+json\" class=\"yoast-schema-graph\">{\"@context\":\"https:\/\/schema.org\",\"@graph\":[{\"@type\":\"WebPage\",\"@id\":\"https:\/\/www.jinchunmetal.com\/product\/spherical-metal-powders-cobalt-chromium-molybdenum-cocrmo-alloy-powder\/\",\"url\":\"https:\/\/www.jinchunmetal.com\/product\/spherical-metal-powders-cobalt-chromium-molybdenum-cocrmo-alloy-powder\/\",\"name\":\"Spherical Metal Powders Cobalt Chromium Molybdenum (CoCrMo) Alloy Powder - Jinchun %\",\"isPartOf\":{\"@id\":\"https:\/\/www.jinchunmetal.com\/#website\"},\"primaryImageOfPage\":{\"@id\":\"https:\/\/www.jinchunmetal.com\/product\/spherical-metal-powders-cobalt-chromium-molybdenum-cocrmo-alloy-powder\/#primaryimage\"},\"image\":{\"@id\":\"https:\/\/www.jinchunmetal.com\/product\/spherical-metal-powders-cobalt-chromium-molybdenum-cocrmo-alloy-powder\/#primaryimage\"},\"thumbnailUrl\":\"https:\/\/www.jinchunmetal.com\/wp-content\/uploads\/2024\/08\/CoCrMo-2.png\",\"datePublished\":\"2024-08-29T06:27:16+00:00\",\"dateModified\":\"2025-06-12T07:26:38+00:00\",\"description\":\"We are a Metal Materials manufacturer in China With rich experience in Spherical Metal Powders Cobalt Chromium Molybdenum (CoCrMo) Alloy Powder , with Competitive price and top quality.\",\"breadcrumb\":{\"@id\":\"https:\/\/www.jinchunmetal.com\/product\/spherical-metal-powders-cobalt-chromium-molybdenum-cocrmo-alloy-powder\/#breadcrumb\"},\"inLanguage\":\"pt-PT\",\"potentialAction\":[{\"@type\":\"ReadAction\",\"target\":[\"https:\/\/www.jinchunmetal.com\/product\/spherical-metal-powders-cobalt-chromium-molybdenum-cocrmo-alloy-powder\/\"]}]},{\"@type\":\"ImageObject\",\"inLanguage\":\"pt-PT\",\"@id\":\"https:\/\/www.jinchunmetal.com\/product\/spherical-metal-powders-cobalt-chromium-molybdenum-cocrmo-alloy-powder\/#primaryimage\",\"url\":\"https:\/\/www.jinchunmetal.com\/wp-content\/uploads\/2024\/08\/CoCrMo-2.png\",\"contentUrl\":\"https:\/\/www.jinchunmetal.com\/wp-content\/uploads\/2024\/08\/CoCrMo-2.png\",\"width\":1024,\"height\":768},{\"@type\":\"BreadcrumbList\",\"@id\":\"https:\/\/www.jinchunmetal.com\/product\/spherical-metal-powders-cobalt-chromium-molybdenum-cocrmo-alloy-powder\/#breadcrumb\",\"itemListElement\":[{\"@type\":\"ListItem\",\"position\":1,\"name\":\"\u9996\u9875\",\"item\":\"https:\/\/www.jinchunmetal.com\/\"},{\"@type\":\"ListItem\",\"position\":2,\"name\":\"Products\",\"item\":\"https:\/\/www.jinchunmetal.com\/fr_fr\/products\/\"},{\"@type\":\"ListItem\",\"position\":3,\"name\":\"Spherical Metal Powders Cobalt Chromium Molybdenum (CoCrMo) Alloy Powder\"}]},{\"@type\":\"WebSite\",\"@id\":\"https:\/\/www.jinchunmetal.com\/#website\",\"url\":\"https:\/\/www.jinchunmetal.com\/\",\"name\":\"Chengdu Jinchun Metallic Materials Co.,Ltd.\",\"description\":\"Jinchun Metal\",\"potentialAction\":[{\"@type\":\"SearchAction\",\"target\":{\"@type\":\"EntryPoint\",\"urlTemplate\":\"https:\/\/www.jinchunmetal.com\/?s={search_term_string}\"},\"query-input\":\"required name=search_term_string\"}],\"inLanguage\":\"pt-PT\"}]}<\/script>\n<!-- \/ Yoast SEO plugin. -->","yoast_head_json":{"title":"Spherical Metal Powders Cobalt Chromium Molybdenum (CoCrMo) Alloy Powder - Jinchun %","description":"We are a Metal Materials manufacturer in China With rich experience in Spherical Metal Powders Cobalt Chromium Molybdenum (CoCrMo) Alloy Powder , with Competitive price and top quality.","robots":{"index":"index","follow":"follow","max-snippet":"max-snippet:-1","max-image-preview":"max-image-preview:large","max-video-preview":"max-video-preview:-1"},"canonical":"https:\/\/www.jinchunmetal.com\/pt\/produto\/spherical-metal-powders-cobalt-chromium-molybdenum-cocrmo-alloy-powder\/","og_locale":"pt_PT","og_type":"article","og_title":"Spherical Metal Powders Cobalt Chromium Molybdenum (CoCrMo) Alloy Powder - Jinchun %","og_description":"We are a Metal Materials manufacturer in China With rich experience in Spherical Metal Powders Cobalt Chromium Molybdenum (CoCrMo) Alloy Powder , with Competitive price and top quality.","og_url":"https:\/\/www.jinchunmetal.com\/pt\/produto\/spherical-metal-powders-cobalt-chromium-molybdenum-cocrmo-alloy-powder\/","og_site_name":"Chengdu Jinchun Metallic Materials Co.,Ltd.","article_modified_time":"2025-06-12T07:26:38+00:00","og_image":[{"width":1024,"height":768,"url":"https:\/\/www.jinchunmetal.com\/wp-content\/uploads\/2024\/08\/CoCrMo-2.png","type":"image\/png"}],"twitter_card":"summary_large_image","twitter_misc":{"Tempo estimado de leitura":"4 minutos"},"schema":{"@context":"https:\/\/schema.org","@graph":[{"@type":"WebPage","@id":"https:\/\/www.jinchunmetal.com\/product\/spherical-metal-powders-cobalt-chromium-molybdenum-cocrmo-alloy-powder\/","url":"https:\/\/www.jinchunmetal.com\/product\/spherical-metal-powders-cobalt-chromium-molybdenum-cocrmo-alloy-powder\/","name":"Spherical Metal Powders Cobalt Chromium Molybdenum (CoCrMo) Alloy Powder - Jinchun %","isPartOf":{"@id":"https:\/\/www.jinchunmetal.com\/#website"},"primaryImageOfPage":{"@id":"https:\/\/www.jinchunmetal.com\/product\/spherical-metal-powders-cobalt-chromium-molybdenum-cocrmo-alloy-powder\/#primaryimage"},"image":{"@id":"https:\/\/www.jinchunmetal.com\/product\/spherical-metal-powders-cobalt-chromium-molybdenum-cocrmo-alloy-powder\/#primaryimage"},"thumbnailUrl":"https:\/\/www.jinchunmetal.com\/wp-content\/uploads\/2024\/08\/CoCrMo-2.png","datePublished":"2024-08-29T06:27:16+00:00","dateModified":"2025-06-12T07:26:38+00:00","description":"We are a Metal Materials manufacturer in China With rich experience in Spherical Metal Powders Cobalt Chromium Molybdenum (CoCrMo) Alloy Powder , with Competitive price and top quality.","breadcrumb":{"@id":"https:\/\/www.jinchunmetal.com\/product\/spherical-metal-powders-cobalt-chromium-molybdenum-cocrmo-alloy-powder\/#breadcrumb"},"inLanguage":"pt-PT","potentialAction":[{"@type":"ReadAction","target":["https:\/\/www.jinchunmetal.com\/product\/spherical-metal-powders-cobalt-chromium-molybdenum-cocrmo-alloy-powder\/"]}]},{"@type":"ImageObject","inLanguage":"pt-PT","@id":"https:\/\/www.jinchunmetal.com\/product\/spherical-metal-powders-cobalt-chromium-molybdenum-cocrmo-alloy-powder\/#primaryimage","url":"https:\/\/www.jinchunmetal.com\/wp-content\/uploads\/2024\/08\/CoCrMo-2.png","contentUrl":"https:\/\/www.jinchunmetal.com\/wp-content\/uploads\/2024\/08\/CoCrMo-2.png","width":1024,"height":768},{"@type":"BreadcrumbList","@id":"https:\/\/www.jinchunmetal.com\/product\/spherical-metal-powders-cobalt-chromium-molybdenum-cocrmo-alloy-powder\/#breadcrumb","itemListElement":[{"@type":"ListItem","position":1,"name":"\u9996\u9875","item":"https:\/\/www.jinchunmetal.com\/"},{"@type":"ListItem","position":2,"name":"Products","item":"https:\/\/www.jinchunmetal.com\/fr_fr\/products\/"},{"@type":"ListItem","position":3,"name":"Spherical Metal Powders Cobalt Chromium Molybdenum (CoCrMo) Alloy Powder"}]},{"@type":"WebSite","@id":"https:\/\/www.jinchunmetal.com\/#website","url":"https:\/\/www.jinchunmetal.com\/","name":"Chengdu Jinchun Metallic Materials Co.,Ltd.","description":"Jinchun Metal","potentialAction":[{"@type":"SearchAction","target":{"@type":"EntryPoint","urlTemplate":"https:\/\/www.jinchunmetal.com\/?s={search_term_string}"},"query-input":"required name=search_term_string"}],"inLanguage":"pt-PT"}]}},"_links":{"self":[{"href":"https:\/\/www.jinchunmetal.com\/pt\/wp-json\/wp\/v2\/product\/4256","targetHints":{"allow":["GET"]}}],"collection":[{"href":"https:\/\/www.jinchunmetal.com\/pt\/wp-json\/wp\/v2\/product"}],"about":[{"href":"https:\/\/www.jinchunmetal.com\/pt\/wp-json\/wp\/v2\/types\/product"}],"replies":[{"embeddable":true,"href":"https:\/\/www.jinchunmetal.com\/pt\/wp-json\/wp\/v2\/comments?post=4256"}],"wp:featuredmedia":[{"embeddable":true,"href":"https:\/\/www.jinchunmetal.com\/pt\/wp-json\/wp\/v2\/media\/4258"}],"wp:attachment":[{"href":"https:\/\/www.jinchunmetal.com\/pt\/wp-json\/wp\/v2\/media?parent=4256"}],"wp:term":[{"taxonomy":"product_brand","embeddable":true,"href":"https:\/\/www.jinchunmetal.com\/pt\/wp-json\/wp\/v2\/product_brand?post=4256"},{"taxonomy":"product_cat","embeddable":true,"href":"https:\/\/www.jinchunmetal.com\/pt\/wp-json\/wp\/v2\/product_cat?post=4256"},{"taxonomy":"product_tag","embeddable":true,"href":"https:\/\/www.jinchunmetal.com\/pt\/wp-json\/wp\/v2\/product_tag?post=4256"}],"curies":[{"name":"wp","href":"https:\/\/api.w.org\/{rel}","templated":true}]}}