{"id":4277,"date":"2024-08-30T15:52:36","date_gmt":"2024-08-30T07:52:36","guid":{"rendered":"https:\/\/www.jinchunmetal.com\/?post_type=product&#038;p=4277"},"modified":"2025-05-29T11:12:33","modified_gmt":"2025-05-29T03:12:33","slug":"diamond-tools-metal-materials-spherical-metal-powders-nickel-powder","status":"publish","type":"product","link":"https:\/\/www.jinchunmetal.com\/pt\/produto\/diamond-tools-metal-materials-spherical-metal-powders-nickel-powder\/","title":{"rendered":"Ferramentas de diamante Materiais met\u00e1licos P\u00f3s met\u00e1licos esf\u00e9ricos P\u00f3 de n\u00edquel"},"content":{"rendered":"<p><strong>Car\u00e1cter do produto<\/strong><\/p>\n<p>As aplica\u00e7\u00f5es do p\u00f3 de n\u00edquel esf\u00e9rico incluem impress\u00e3o 3D de metal, revestimento a laser, pulveriza\u00e7\u00e3o de superf\u00edcie, ferramentas de diamante, materiais de c\u00e1todo de bateria, revestimentos condutores, etc.<\/p>\n<p>&nbsp;<\/p>\n<p><strong>2.Especifica\u00e7\u00e3o<\/strong><\/p>\n<p><b>P\u00f3 de n\u00edquel esf\u00e9rico<\/b><\/p>\n<table width=\"705\">\n<tbody>\n<tr>\n<td colspan=\"9\" width=\"705\">Composi\u00e7\u00e3o qu\u00edmica (wt.%)<\/td>\n<\/tr>\n<tr>\n<td width=\"131\">Elemento<\/td>\n<td>Ni<\/td>\n<td>C<\/td>\n<td>S<\/td>\n<td>P<\/td>\n<td>Si<\/td>\n<td>Co<\/td>\n<td>Fe<\/td>\n<td>O<\/td>\n<\/tr>\n<tr>\n<td width=\"131\">Padr\u00e3o<\/td>\n<td>\u226599.7<\/td>\n<td>\/<\/td>\n<td>\/<\/td>\n<td>\/<\/td>\n<td>\/<\/td>\n<td>\/<\/td>\n<td>\/<\/td>\n<td>\/<\/td>\n<\/tr>\n<tr>\n<td>T\u00edpico<\/td>\n<td>99.8<\/td>\n<td>0.015<\/td>\n<td>0.003<\/td>\n<td>0.004<\/td>\n<td>0.014<\/td>\n<td>0.019<\/td>\n<td>0.02<\/td>\n<td>0.018<\/td>\n<\/tr>\n<\/tbody>\n<\/table>\n<p>&nbsp;<\/p>\n<table width=\"628\">\n<tbody>\n<tr>\n<td width=\"72\">P\u00f3 de n\u00edquel esf\u00e9rico<\/td>\n<td colspan=\"3\" width=\"252\">Distribui\u00e7\u00e3o do tamanho das part\u00edculas<\/td>\n<td width=\"131\">Flow Rate<br \/>\n(sec. for 50 g)<\/td>\n<td width=\"101\">Densidade aparente (g\/cm3)<\/td>\n<td width=\"72\">Densidade da torneira (g\/cm3)<\/td>\n<\/tr>\n<tr>\n<td width=\"72\">Padr\u00e3o<\/td>\n<td colspan=\"3\" width=\"252\">15~45\u03bcm, 45~106\u03bcm<\/td>\n<td width=\"131\">\u226425<\/td>\n<td width=\"101\">\u22654.0<\/td>\n<td width=\"72\">\u22654.0<\/td>\n<\/tr>\n<\/tbody>\n<\/table>\n<p>&nbsp;<\/p>\n<p><strong>3. imagens da morfologia SEM do p\u00f3<\/strong><\/p>\n<p><img loading=\"lazy\" decoding=\"async\" class=\"alignnone wp-image-4253\" src=\"https:\/\/www.jinchunmetal.com\/wp-content\/uploads\/2024\/08\/TiAl-1.png\" alt=\"\" width=\"295\" height=\"222\" srcset=\"https:\/\/www.jinchunmetal.com\/wp-content\/uploads\/2024\/08\/TiAl-1.png 288w, https:\/\/www.jinchunmetal.com\/wp-content\/uploads\/2024\/08\/TiAl-1-16x12.png 16w\" sizes=\"auto, (max-width: 295px) 100vw, 295px\" \/><img loading=\"lazy\" decoding=\"async\" class=\"alignnone wp-image-4237\" src=\"https:\/\/www.jinchunmetal.com\/wp-content\/uploads\/2024\/08\/Tungsten-2-1-300x225.png\" alt=\"\" width=\"296\" height=\"222\" srcset=\"https:\/\/www.jinchunmetal.com\/wp-content\/uploads\/2024\/08\/Tungsten-2-1-300x225.png 300w, https:\/\/www.jinchunmetal.com\/wp-content\/uploads\/2024\/08\/Tungsten-2-1-1024x768.png 1024w, https:\/\/www.jinchunmetal.com\/wp-content\/uploads\/2024\/08\/Tungsten-2-1-768x576.png 768w, https:\/\/www.jinchunmetal.com\/wp-content\/uploads\/2024\/08\/Tungsten-2-1-16x12.png 16w, https:\/\/www.jinchunmetal.com\/wp-content\/uploads\/2024\/08\/Tungsten-2-1-800x600.png 800w, https:\/\/www.jinchunmetal.com\/wp-content\/uploads\/2024\/08\/Tungsten-2-1.png 1280w\" sizes=\"auto, (max-width: 296px) 100vw, 296px\" \/><\/p>\n<p><strong>Fotos de produ\u00e7\u00e3o e teste:<\/strong><br \/>\n<img loading=\"lazy\" decoding=\"async\" class=\"alignnone wp-image-4145\" src=\"https:\/\/www.jinchunmetal.com\/wp-content\/uploads\/2024\/08\/\u5fae\u4fe1\u56fe\u7247_20240801152721-1-300x203.png\" alt=\"\" width=\"443\" height=\"300\" srcset=\"https:\/\/www.jinchunmetal.com\/wp-content\/uploads\/2024\/08\/\u5fae\u4fe1\u56fe\u7247_20240801152721-1-300x203.png 300w, https:\/\/www.jinchunmetal.com\/wp-content\/uploads\/2024\/08\/\u5fae\u4fe1\u56fe\u7247_20240801152721-1-1024x691.png 1024w, https:\/\/www.jinchunmetal.com\/wp-content\/uploads\/2024\/08\/\u5fae\u4fe1\u56fe\u7247_20240801152721-1-768x518.png 768w, https:\/\/www.jinchunmetal.com\/wp-content\/uploads\/2024\/08\/\u5fae\u4fe1\u56fe\u7247_20240801152721-1-18x12.png 18w, https:\/\/www.jinchunmetal.com\/wp-content\/uploads\/2024\/08\/\u5fae\u4fe1\u56fe\u7247_20240801152721-1-800x540.png 800w, https:\/\/www.jinchunmetal.com\/wp-content\/uploads\/2024\/08\/\u5fae\u4fe1\u56fe\u7247_20240801152721-1.png 1222w\" sizes=\"auto, (max-width: 443px) 100vw, 443px\" \/><img loading=\"lazy\" decoding=\"async\" class=\"alignnone wp-image-4146\" src=\"https:\/\/www.jinchunmetal.com\/wp-content\/uploads\/2024\/08\/\u5fae\u4fe1\u56fe\u7247_20240801152725-1-300x226.png\" alt=\"\" width=\"397\" height=\"299\" srcset=\"https:\/\/www.jinchunmetal.com\/wp-content\/uploads\/2024\/08\/\u5fae\u4fe1\u56fe\u7247_20240801152725-1-300x226.png 300w, https:\/\/www.jinchunmetal.com\/wp-content\/uploads\/2024\/08\/\u5fae\u4fe1\u56fe\u7247_20240801152725-1-1024x770.png 1024w, https:\/\/www.jinchunmetal.com\/wp-content\/uploads\/2024\/08\/\u5fae\u4fe1\u56fe\u7247_20240801152725-1-768x578.png 768w, https:\/\/www.jinchunmetal.com\/wp-content\/uploads\/2024\/08\/\u5fae\u4fe1\u56fe\u7247_20240801152725-1-16x12.png 16w, https:\/\/www.jinchunmetal.com\/wp-content\/uploads\/2024\/08\/\u5fae\u4fe1\u56fe\u7247_20240801152725-1-800x602.png 800w, https:\/\/www.jinchunmetal.com\/wp-content\/uploads\/2024\/08\/\u5fae\u4fe1\u56fe\u7247_20240801152725-1.png 1046w\" sizes=\"auto, (max-width: 397px) 100vw, 397px\" \/><img loading=\"lazy\" decoding=\"async\" class=\"alignnone size-medium wp-image-4144\" src=\"https:\/\/www.jinchunmetal.com\/wp-content\/uploads\/2024\/08\/\u5fae\u4fe1\u56fe\u7247_20240801152708-1-276x300.png\" alt=\"\" width=\"276\" height=\"300\" srcset=\"https:\/\/www.jinchunmetal.com\/wp-content\/uploads\/2024\/08\/\u5fae\u4fe1\u56fe\u7247_20240801152708-1-276x300.png 276w, https:\/\/www.jinchunmetal.com\/wp-content\/uploads\/2024\/08\/\u5fae\u4fe1\u56fe\u7247_20240801152708-1-11x12.png 11w, https:\/\/www.jinchunmetal.com\/wp-content\/uploads\/2024\/08\/\u5fae\u4fe1\u56fe\u7247_20240801152708-1.png 598w\" sizes=\"auto, (max-width: 276px) 100vw, 276px\" \/><\/p>\n<p><img loading=\"lazy\" decoding=\"async\" class=\"alignnone wp-image-4149\" src=\"https:\/\/www.jinchunmetal.com\/wp-content\/uploads\/2024\/08\/RF-plasma-spheroidization-1-300x217.png\" alt=\"\" width=\"314\" height=\"227\" srcset=\"https:\/\/www.jinchunmetal.com\/wp-content\/uploads\/2024\/08\/RF-plasma-spheroidization-1-300x217.png 300w, https:\/\/www.jinchunmetal.com\/wp-content\/uploads\/2024\/08\/RF-plasma-spheroidization-1-18x12.png 18w, https:\/\/www.jinchunmetal.com\/wp-content\/uploads\/2024\/08\/RF-plasma-spheroidization-1.png 403w\" sizes=\"auto, (max-width: 314px) 100vw, 314px\" \/><img loading=\"lazy\" decoding=\"async\" class=\"alignnone size-medium wp-image-4148\" src=\"https:\/\/www.jinchunmetal.com\/wp-content\/uploads\/2024\/08\/\u5fae\u4fe1\u56fe\u7247_20240709145011-1-300x225.jpg\" alt=\"\" width=\"300\" height=\"225\" srcset=\"https:\/\/www.jinchunmetal.com\/wp-content\/uploads\/2024\/08\/\u5fae\u4fe1\u56fe\u7247_20240709145011-1-300x225.jpg 300w, https:\/\/www.jinchunmetal.com\/wp-content\/uploads\/2024\/08\/\u5fae\u4fe1\u56fe\u7247_20240709145011-1-1024x768.jpg 1024w, https:\/\/www.jinchunmetal.com\/wp-content\/uploads\/2024\/08\/\u5fae\u4fe1\u56fe\u7247_20240709145011-1-768x576.jpg 768w, https:\/\/www.jinchunmetal.com\/wp-content\/uploads\/2024\/08\/\u5fae\u4fe1\u56fe\u7247_20240709145011-1-1536x1152.jpg 1536w, https:\/\/www.jinchunmetal.com\/wp-content\/uploads\/2024\/08\/\u5fae\u4fe1\u56fe\u7247_20240709145011-1-2048x1536.jpg 2048w, https:\/\/www.jinchunmetal.com\/wp-content\/uploads\/2024\/08\/\u5fae\u4fe1\u56fe\u7247_20240709145011-1-16x12.jpg 16w, https:\/\/www.jinchunmetal.com\/wp-content\/uploads\/2024\/08\/\u5fae\u4fe1\u56fe\u7247_20240709145011-1-800x600.jpg 800w\" sizes=\"auto, (max-width: 300px) 100vw, 300px\" \/><img loading=\"lazy\" decoding=\"async\" class=\"alignnone size-medium wp-image-4147\" src=\"https:\/\/www.jinchunmetal.com\/wp-content\/uploads\/2024\/08\/\u5fae\u4fe1\u56fe\u7247_20240801152730-1-300x226.png\" alt=\"\" width=\"300\" height=\"226\" srcset=\"https:\/\/www.jinchunmetal.com\/wp-content\/uploads\/2024\/08\/\u5fae\u4fe1\u56fe\u7247_20240801152730-1-300x226.png 300w, https:\/\/www.jinchunmetal.com\/wp-content\/uploads\/2024\/08\/\u5fae\u4fe1\u56fe\u7247_20240801152730-1-768x579.png 768w, https:\/\/www.jinchunmetal.com\/wp-content\/uploads\/2024\/08\/\u5fae\u4fe1\u56fe\u7247_20240801152730-1-16x12.png 16w, https:\/\/www.jinchunmetal.com\/wp-content\/uploads\/2024\/08\/\u5fae\u4fe1\u56fe\u7247_20240801152730-1.png 787w\" sizes=\"auto, (max-width: 300px) 100vw, 300px\" \/><\/p>\n<p>&nbsp;<\/p>\n<p><strong>4.Aplica\u00e7\u00e3o<\/strong><\/p>\n<ul>\n<li><strong>Impress\u00e3o 3D de metais e revestimento a laser:<\/strong> O p\u00f3 de n\u00edquel esf\u00e9rico tem boa fluidez e propriedades de fus\u00e3o, adequado para impress\u00e3o 3D e tecnologia de revestimento a laser, e pode construir com precis\u00e3o pe\u00e7as estruturadas complexas.<\/li>\n<li><strong>Pulveriza\u00e7\u00e3o de superf\u00edcie<\/strong>: O p\u00f3 de n\u00edquel esf\u00e9rico tem boa fluidez e \u00e9 adequado para a pulveriza\u00e7\u00e3o de superf\u00edcies, proporcionando uma excelente qualidade de revestimento e resist\u00eancia \u00e0 corros\u00e3o.<\/li>\n<li><strong>Ferramentas de diamante:<\/strong> No fabrico de ferramentas de diamante, o p\u00f3 de n\u00edquel esf\u00e9rico \u00e9 utilizado como aglutinante para melhorar a dureza e a resist\u00eancia ao desgaste da ferramenta.<\/li>\n<li><strong>Material do el\u00e9trodo positivo da bateria:<\/strong> O p\u00f3 de n\u00edquel esf\u00e9rico \u00e9 utilizado como material de el\u00e9trodo positivo para baterias, o que pode melhorar o desempenho e a vida \u00fatil da bateria.<\/li>\n<li><strong>Revestimento condutor:<\/strong> O p\u00f3 de n\u00edquel esf\u00e9rico \u00e9 tamb\u00e9m utilizado para preparar revestimentos condutores, que s\u00e3o amplamente utilizados em dom\u00ednios como a eletr\u00f3nica e a avia\u00e7\u00e3o, proporcionando uma excelente condutividade.<\/li>\n<\/ul>\n<p><img loading=\"lazy\" decoding=\"async\" class=\"alignnone size-medium wp-image-4218\" src=\"https:\/\/www.jinchunmetal.com\/wp-content\/uploads\/2024\/08\/3D-Printing-300x200.jpg\" alt=\"\" width=\"300\" height=\"200\" srcset=\"https:\/\/www.jinchunmetal.com\/wp-content\/uploads\/2024\/08\/3D-Printing-300x200.jpg 300w, https:\/\/www.jinchunmetal.com\/wp-content\/uploads\/2024\/08\/3D-Printing-1024x684.jpg 1024w, https:\/\/www.jinchunmetal.com\/wp-content\/uploads\/2024\/08\/3D-Printing-768x513.jpg 768w, https:\/\/www.jinchunmetal.com\/wp-content\/uploads\/2024\/08\/3D-Printing-1536x1025.jpg 1536w, https:\/\/www.jinchunmetal.com\/wp-content\/uploads\/2024\/08\/3D-Printing-18x12.jpg 18w, https:\/\/www.jinchunmetal.com\/wp-content\/uploads\/2024\/08\/3D-Printing-800x534.jpg 800w, https:\/\/www.jinchunmetal.com\/wp-content\/uploads\/2024\/08\/3D-Printing.jpg 2000w\" sizes=\"auto, (max-width: 300px) 100vw, 300px\" \/><img loading=\"lazy\" decoding=\"async\" class=\"alignnone wp-image-4251\" src=\"https:\/\/www.jinchunmetal.com\/wp-content\/uploads\/2024\/08\/PTA-300x214.jpg\" alt=\"\" width=\"281\" height=\"200\" srcset=\"https:\/\/www.jinchunmetal.com\/wp-content\/uploads\/2024\/08\/PTA-300x214.jpg 300w, https:\/\/www.jinchunmetal.com\/wp-content\/uploads\/2024\/08\/PTA-1024x732.jpg 1024w, https:\/\/www.jinchunmetal.com\/wp-content\/uploads\/2024\/08\/PTA-768x549.jpg 768w, https:\/\/www.jinchunmetal.com\/wp-content\/uploads\/2024\/08\/PTA-1536x1097.jpg 1536w, https:\/\/www.jinchunmetal.com\/wp-content\/uploads\/2024\/08\/PTA-18x12.jpg 18w, https:\/\/www.jinchunmetal.com\/wp-content\/uploads\/2024\/08\/PTA-800x572.jpg 800w, https:\/\/www.jinchunmetal.com\/wp-content\/uploads\/2024\/08\/PTA.jpg 2000w\" sizes=\"auto, (max-width: 281px) 100vw, 281px\" \/><img loading=\"lazy\" decoding=\"async\" class=\"alignnone size-medium wp-image-3872\" src=\"https:\/\/www.jinchunmetal.com\/wp-content\/uploads\/2024\/08\/Spraying--300x200.jpg\" alt=\"\" width=\"300\" height=\"200\" srcset=\"https:\/\/www.jinchunmetal.com\/wp-content\/uploads\/2024\/08\/Spraying--300x200.jpg 300w, https:\/\/www.jinchunmetal.com\/wp-content\/uploads\/2024\/08\/Spraying--1024x681.jpg 1024w, https:\/\/www.jinchunmetal.com\/wp-content\/uploads\/2024\/08\/Spraying--768x511.jpg 768w, https:\/\/www.jinchunmetal.com\/wp-content\/uploads\/2024\/08\/Spraying--1536x1022.jpg 1536w, https:\/\/www.jinchunmetal.com\/wp-content\/uploads\/2024\/08\/Spraying--18x12.jpg 18w, https:\/\/www.jinchunmetal.com\/wp-content\/uploads\/2024\/08\/Spraying--800x532.jpg 800w, https:\/\/www.jinchunmetal.com\/wp-content\/uploads\/2024\/08\/Spraying-.jpg 2000w\" sizes=\"auto, (max-width: 300px) 100vw, 300px\" \/><img loading=\"lazy\" decoding=\"async\" class=\"alignnone wp-image-3469\" src=\"https:\/\/www.jinchunmetal.com\/wp-content\/uploads\/2024\/08\/Diamond-tools-300x159.jpeg\" alt=\"\" width=\"380\" height=\"201\" srcset=\"https:\/\/www.jinchunmetal.com\/wp-content\/uploads\/2024\/08\/Diamond-tools-300x159.jpeg 300w, https:\/\/www.jinchunmetal.com\/wp-content\/uploads\/2024\/08\/Diamond-tools-1024x541.jpeg 1024w, https:\/\/www.jinchunmetal.com\/wp-content\/uploads\/2024\/08\/Diamond-tools-768x406.jpeg 768w, https:\/\/www.jinchunmetal.com\/wp-content\/uploads\/2024\/08\/Diamond-tools-1536x812.jpeg 1536w, https:\/\/www.jinchunmetal.com\/wp-content\/uploads\/2024\/08\/Diamond-tools-2048x1082.jpeg 2048w, https:\/\/www.jinchunmetal.com\/wp-content\/uploads\/2024\/08\/Diamond-tools-18x10.jpeg 18w, https:\/\/www.jinchunmetal.com\/wp-content\/uploads\/2024\/08\/Diamond-tools-800x423.jpeg 800w\" sizes=\"auto, (max-width: 380px) 100vw, 380px\" \/><\/p>","protected":false},"excerpt":{"rendered":"<p>Car\u00e1cter do produto\uff1a<\/p>\n<p>As aplica\u00e7\u00f5es do p\u00f3 de n\u00edquel esf\u00e9rico incluem impress\u00e3o 3D de metal, revestimento a laser, pulveriza\u00e7\u00e3o de superf\u00edcie, ferramentas de diamante, materiais de c\u00e1todo de bateria, revestimentos condutores, etc.<\/p>\n<table>\n<tbody>\n<tr>\n<td>Nome da marca<\/td>\n<td>Jinchun<\/td>\n<\/tr>\n<tr>\n<td>Origem<\/td>\n<td>China<\/td>\n<\/tr>\n<tr>\n<td>Nome do produto<\/td>\n<td>P\u00f3 de n\u00edquel esf\u00e9rico<\/td>\n<\/tr>\n<tr>\n<td>Aplica\u00e7\u00e3o<\/td>\n<td>Impress\u00e3o 3D, fabrico aditivo, revestimento a laser, ferramentas de diamante, pulveriza\u00e7\u00e3o e revestimento, etc.<\/td>\n<\/tr>\n<tr>\n<td>Forma<\/td>\n<td>P\u00f3<\/td>\n<\/tr>\n<tr>\n<td>Cor<\/td>\n<td>Metal cinzento castanho<\/td>\n<\/tr>\n<tr>\n<td>Tamanho<\/td>\n<td>15~45\u03bcm, 45~106\u03bcm, ou personalizado.<\/td>\n<\/tr>\n<tr>\n<td>Padr\u00e3o<\/td>\n<td>GB\/T 19001-2016\/ISO9001: 2015<\/td>\n<\/tr>\n<tr>\n<td>Pureza<\/td>\n<td>\u00a0Ni: 99,7% min<\/td>\n<\/tr>\n<tr>\n<td>Material<\/td>\n<td>N\u00edquel<\/td>\n<\/tr>\n<tr>\n<td>Embalagem<\/td>\n<td>Embalagem a v\u00e1cuo<\/td>\n<\/tr>\n<\/tbody>\n<\/table>","protected":false},"featured_media":4254,"comment_status":"open","ping_status":"closed","template":"","meta":{"_acf_changed":false},"product_brand":[],"product_cat":[59],"product_tag":[],"class_list":{"0":"post-4277","1":"product","2":"type-product","3":"status-publish","4":"has-post-thumbnail","6":"product_cat-diamond-tools-and-powder-metallurgy-metal-materials","8":"first","9":"instock","10":"shipping-taxable","11":"product-type-simple"},"acf":[],"yoast_head":"<!-- This site is optimized with the Yoast SEO plugin v23.2 - https:\/\/yoast.com\/wordpress\/plugins\/seo\/ -->\n<title>Diamond Tools Metal Materials Spherical Metal Powders Nickel Powder - Jinchun %<\/title>\n<meta name=\"description\" content=\"We are a Metal Materials manufacturer in China With rich experience in Diamond Tools Metal Materials Spherical Metal Powders Nickel Powder , with Competitive price and top quality.\" \/>\n<meta name=\"robots\" content=\"index, follow, max-snippet:-1, max-image-preview:large, max-video-preview:-1\" \/>\n<link rel=\"canonical\" href=\"https:\/\/www.jinchunmetal.com\/pt\/produto\/diamond-tools-metal-materials-spherical-metal-powders-nickel-powder\/\" \/>\n<meta property=\"og:locale\" content=\"pt_PT\" \/>\n<meta property=\"og:type\" content=\"article\" \/>\n<meta property=\"og:title\" content=\"Diamond Tools Metal Materials Spherical Metal Powders Nickel Powder - Jinchun %\" \/>\n<meta property=\"og:description\" content=\"We are a Metal Materials manufacturer in China With rich experience in Diamond Tools Metal Materials Spherical Metal Powders Nickel Powder , with Competitive price and top quality.\" \/>\n<meta property=\"og:url\" content=\"https:\/\/www.jinchunmetal.com\/pt\/produto\/diamond-tools-metal-materials-spherical-metal-powders-nickel-powder\/\" \/>\n<meta property=\"og:site_name\" content=\"Chengdu Jinchun Metallic Materials Co.,Ltd.\" \/>\n<meta property=\"article:modified_time\" content=\"2025-05-29T03:12:33+00:00\" \/>\n<meta property=\"og:image\" content=\"https:\/\/www.jinchunmetal.com\/wp-content\/uploads\/2024\/08\/TiAl-2-1.png\" \/>\n\t<meta property=\"og:image:width\" content=\"288\" \/>\n\t<meta property=\"og:image:height\" content=\"217\" \/>\n\t<meta property=\"og:image:type\" content=\"image\/png\" \/>\n<meta name=\"twitter:card\" content=\"summary_large_image\" \/>\n<meta name=\"twitter:label1\" content=\"Tempo estimado de leitura\" \/>\n\t<meta name=\"twitter:data1\" content=\"4 minutos\" \/>\n<script type=\"application\/ld+json\" class=\"yoast-schema-graph\">{\"@context\":\"https:\/\/schema.org\",\"@graph\":[{\"@type\":\"WebPage\",\"@id\":\"https:\/\/www.jinchunmetal.com\/product\/diamond-tools-metal-materials-spherical-metal-powders-nickel-powder\/\",\"url\":\"https:\/\/www.jinchunmetal.com\/product\/diamond-tools-metal-materials-spherical-metal-powders-nickel-powder\/\",\"name\":\"Diamond Tools Metal Materials Spherical Metal Powders Nickel Powder - Jinchun %\",\"isPartOf\":{\"@id\":\"https:\/\/www.jinchunmetal.com\/#website\"},\"primaryImageOfPage\":{\"@id\":\"https:\/\/www.jinchunmetal.com\/product\/diamond-tools-metal-materials-spherical-metal-powders-nickel-powder\/#primaryimage\"},\"image\":{\"@id\":\"https:\/\/www.jinchunmetal.com\/product\/diamond-tools-metal-materials-spherical-metal-powders-nickel-powder\/#primaryimage\"},\"thumbnailUrl\":\"https:\/\/www.jinchunmetal.com\/wp-content\/uploads\/2024\/08\/TiAl-2-1.png\",\"datePublished\":\"2024-08-30T07:52:36+00:00\",\"dateModified\":\"2025-05-29T03:12:33+00:00\",\"description\":\"We are a Metal Materials manufacturer in China With rich experience in Diamond Tools Metal Materials Spherical Metal Powders Nickel Powder , with Competitive price and top quality.\",\"breadcrumb\":{\"@id\":\"https:\/\/www.jinchunmetal.com\/product\/diamond-tools-metal-materials-spherical-metal-powders-nickel-powder\/#breadcrumb\"},\"inLanguage\":\"pt-PT\",\"potentialAction\":[{\"@type\":\"ReadAction\",\"target\":[\"https:\/\/www.jinchunmetal.com\/product\/diamond-tools-metal-materials-spherical-metal-powders-nickel-powder\/\"]}]},{\"@type\":\"ImageObject\",\"inLanguage\":\"pt-PT\",\"@id\":\"https:\/\/www.jinchunmetal.com\/product\/diamond-tools-metal-materials-spherical-metal-powders-nickel-powder\/#primaryimage\",\"url\":\"https:\/\/www.jinchunmetal.com\/wp-content\/uploads\/2024\/08\/TiAl-2-1.png\",\"contentUrl\":\"https:\/\/www.jinchunmetal.com\/wp-content\/uploads\/2024\/08\/TiAl-2-1.png\",\"width\":288,\"height\":217},{\"@type\":\"BreadcrumbList\",\"@id\":\"https:\/\/www.jinchunmetal.com\/product\/diamond-tools-metal-materials-spherical-metal-powders-nickel-powder\/#breadcrumb\",\"itemListElement\":[{\"@type\":\"ListItem\",\"position\":1,\"name\":\"\u9996\u9875\",\"item\":\"https:\/\/www.jinchunmetal.com\/\"},{\"@type\":\"ListItem\",\"position\":2,\"name\":\"Products\",\"item\":\"https:\/\/www.jinchunmetal.com\/fr_fr\/products\/\"},{\"@type\":\"ListItem\",\"position\":3,\"name\":\"Diamond Tools Metal Materials Spherical Metal Powders Nickel Powder\"}]},{\"@type\":\"WebSite\",\"@id\":\"https:\/\/www.jinchunmetal.com\/#website\",\"url\":\"https:\/\/www.jinchunmetal.com\/\",\"name\":\"Chengdu Jinchun Metallic Materials Co.,Ltd.\",\"description\":\"Jinchun Metal\",\"potentialAction\":[{\"@type\":\"SearchAction\",\"target\":{\"@type\":\"EntryPoint\",\"urlTemplate\":\"https:\/\/www.jinchunmetal.com\/?s={search_term_string}\"},\"query-input\":\"required name=search_term_string\"}],\"inLanguage\":\"pt-PT\"}]}<\/script>\n<!-- \/ Yoast SEO plugin. -->","yoast_head_json":{"title":"Diamond Tools Metal Materials Spherical Metal Powders Nickel Powder - Jinchun %","description":"We are a Metal Materials manufacturer in China With rich experience in Diamond Tools Metal Materials Spherical Metal Powders Nickel Powder , with Competitive price and top quality.","robots":{"index":"index","follow":"follow","max-snippet":"max-snippet:-1","max-image-preview":"max-image-preview:large","max-video-preview":"max-video-preview:-1"},"canonical":"https:\/\/www.jinchunmetal.com\/pt\/produto\/diamond-tools-metal-materials-spherical-metal-powders-nickel-powder\/","og_locale":"pt_PT","og_type":"article","og_title":"Diamond Tools Metal Materials Spherical Metal Powders Nickel Powder - Jinchun %","og_description":"We are a Metal Materials manufacturer in China With rich experience in Diamond Tools Metal Materials Spherical Metal Powders Nickel Powder , with Competitive price and top quality.","og_url":"https:\/\/www.jinchunmetal.com\/pt\/produto\/diamond-tools-metal-materials-spherical-metal-powders-nickel-powder\/","og_site_name":"Chengdu Jinchun Metallic Materials Co.,Ltd.","article_modified_time":"2025-05-29T03:12:33+00:00","og_image":[{"width":288,"height":217,"url":"https:\/\/www.jinchunmetal.com\/wp-content\/uploads\/2024\/08\/TiAl-2-1.png","type":"image\/png"}],"twitter_card":"summary_large_image","twitter_misc":{"Tempo estimado de leitura":"4 minutos"},"schema":{"@context":"https:\/\/schema.org","@graph":[{"@type":"WebPage","@id":"https:\/\/www.jinchunmetal.com\/product\/diamond-tools-metal-materials-spherical-metal-powders-nickel-powder\/","url":"https:\/\/www.jinchunmetal.com\/product\/diamond-tools-metal-materials-spherical-metal-powders-nickel-powder\/","name":"Diamond Tools Metal Materials Spherical Metal Powders Nickel Powder - Jinchun %","isPartOf":{"@id":"https:\/\/www.jinchunmetal.com\/#website"},"primaryImageOfPage":{"@id":"https:\/\/www.jinchunmetal.com\/product\/diamond-tools-metal-materials-spherical-metal-powders-nickel-powder\/#primaryimage"},"image":{"@id":"https:\/\/www.jinchunmetal.com\/product\/diamond-tools-metal-materials-spherical-metal-powders-nickel-powder\/#primaryimage"},"thumbnailUrl":"https:\/\/www.jinchunmetal.com\/wp-content\/uploads\/2024\/08\/TiAl-2-1.png","datePublished":"2024-08-30T07:52:36+00:00","dateModified":"2025-05-29T03:12:33+00:00","description":"We are a Metal Materials manufacturer in China With rich experience in Diamond Tools Metal Materials Spherical Metal Powders Nickel Powder , with Competitive price and top quality.","breadcrumb":{"@id":"https:\/\/www.jinchunmetal.com\/product\/diamond-tools-metal-materials-spherical-metal-powders-nickel-powder\/#breadcrumb"},"inLanguage":"pt-PT","potentialAction":[{"@type":"ReadAction","target":["https:\/\/www.jinchunmetal.com\/product\/diamond-tools-metal-materials-spherical-metal-powders-nickel-powder\/"]}]},{"@type":"ImageObject","inLanguage":"pt-PT","@id":"https:\/\/www.jinchunmetal.com\/product\/diamond-tools-metal-materials-spherical-metal-powders-nickel-powder\/#primaryimage","url":"https:\/\/www.jinchunmetal.com\/wp-content\/uploads\/2024\/08\/TiAl-2-1.png","contentUrl":"https:\/\/www.jinchunmetal.com\/wp-content\/uploads\/2024\/08\/TiAl-2-1.png","width":288,"height":217},{"@type":"BreadcrumbList","@id":"https:\/\/www.jinchunmetal.com\/product\/diamond-tools-metal-materials-spherical-metal-powders-nickel-powder\/#breadcrumb","itemListElement":[{"@type":"ListItem","position":1,"name":"\u9996\u9875","item":"https:\/\/www.jinchunmetal.com\/"},{"@type":"ListItem","position":2,"name":"Products","item":"https:\/\/www.jinchunmetal.com\/fr_fr\/products\/"},{"@type":"ListItem","position":3,"name":"Diamond Tools Metal Materials Spherical Metal Powders Nickel Powder"}]},{"@type":"WebSite","@id":"https:\/\/www.jinchunmetal.com\/#website","url":"https:\/\/www.jinchunmetal.com\/","name":"Chengdu Jinchun Metallic Materials Co.,Ltd.","description":"Jinchun Metal","potentialAction":[{"@type":"SearchAction","target":{"@type":"EntryPoint","urlTemplate":"https:\/\/www.jinchunmetal.com\/?s={search_term_string}"},"query-input":"required name=search_term_string"}],"inLanguage":"pt-PT"}]}},"_links":{"self":[{"href":"https:\/\/www.jinchunmetal.com\/pt\/wp-json\/wp\/v2\/product\/4277","targetHints":{"allow":["GET"]}}],"collection":[{"href":"https:\/\/www.jinchunmetal.com\/pt\/wp-json\/wp\/v2\/product"}],"about":[{"href":"https:\/\/www.jinchunmetal.com\/pt\/wp-json\/wp\/v2\/types\/product"}],"replies":[{"embeddable":true,"href":"https:\/\/www.jinchunmetal.com\/pt\/wp-json\/wp\/v2\/comments?post=4277"}],"wp:featuredmedia":[{"embeddable":true,"href":"https:\/\/www.jinchunmetal.com\/pt\/wp-json\/wp\/v2\/media\/4254"}],"wp:attachment":[{"href":"https:\/\/www.jinchunmetal.com\/pt\/wp-json\/wp\/v2\/media?parent=4277"}],"wp:term":[{"taxonomy":"product_brand","embeddable":true,"href":"https:\/\/www.jinchunmetal.com\/pt\/wp-json\/wp\/v2\/product_brand?post=4277"},{"taxonomy":"product_cat","embeddable":true,"href":"https:\/\/www.jinchunmetal.com\/pt\/wp-json\/wp\/v2\/product_cat?post=4277"},{"taxonomy":"product_tag","embeddable":true,"href":"https:\/\/www.jinchunmetal.com\/pt\/wp-json\/wp\/v2\/product_tag?post=4277"}],"curies":[{"name":"wp","href":"https:\/\/api.w.org\/{rel}","templated":true}]}}