{"id":4401,"date":"2024-09-05T10:39:52","date_gmt":"2024-09-05T02:39:52","guid":{"rendered":"https:\/\/www.jinchunmetal.com\/?post_type=product&#038;p=4401"},"modified":"2025-05-29T11:01:26","modified_gmt":"2025-05-29T03:01:26","slug":"carbonyl-lron-powder-magnetic-material-raw-powder-series","status":"publish","type":"product","link":"https:\/\/www.jinchunmetal.com\/pt\/produto\/carbonyl-lron-powder-magnetic-material-raw-powder-series\/","title":{"rendered":"P\u00f3 de ferro carbon\u00edlico Material magn\u00e9tico S\u00e9rie de p\u00f3 bruto"},"content":{"rendered":"<p><strong>Car\u00e1cter do produto<\/strong><\/p>\n<p>The carbonyl iron powder magnetic material raw powder series is suitable for various high-frequency magnetic rings, high current molded inductors (SMD) high-frequency magnetic rings, injection molded inductors, etc. through different particle size combinations.<\/p>\n<p>&nbsp;<\/p>\n<p><strong>2.Especifica\u00e7\u00e3o<\/strong><\/p>\n<p><strong>P\u00f3 de ferro carbon\u00edlico Material magn\u00e9tico S\u00e9rie de p\u00f3 bruto<\/strong><\/p>\n<table style=\"height: 1106px;\" width=\"985\">\n<tbody>\n<tr>\n<td width=\"91\">Marks<\/td>\n<td colspan=\"4\" width=\"178\">Chemical Composition<\/p>\n<p>&nbsp;<\/td>\n<td colspan=\"5\" width=\"390\">Physical Property<\/td>\n<td width=\"93\">Remark<\/td>\n<\/tr>\n<tr>\n<td width=\"91\"><\/td>\n<td colspan=\"4\" width=\"178\"><\/td>\n<td colspan=\"3\" width=\"170\">Particle size\uff08\u03bcm\uff09<\/td>\n<td colspan=\"2\" width=\"220\">Ddensity (g\/cm\u00b3)<\/td>\n<td width=\"93\"><\/td>\n<\/tr>\n<tr>\n<td width=\"91\"><\/td>\n<td colspan=\"4\" width=\"178\"><\/td>\n<td width=\"72\">D10<\/td>\n<td width=\"44\">D50<\/td>\n<td width=\"53\">D90<\/td>\n<td width=\"88\">Loose Density<\/td>\n<td width=\"132\">Tap Density<\/td>\n<td width=\"93\"><\/td>\n<\/tr>\n<tr>\n<td width=\"91\">XJC-B1<\/td>\n<td width=\"47\">Fe<\/td>\n<td width=\"43\">C<\/td>\n<td width=\"41\">O<\/td>\n<td width=\"47\">N<\/td>\n<td width=\"72\">1.5-2.5<\/td>\n<td width=\"44\">3.0-4.5<\/td>\n<td width=\"53\">6.0-8.0<\/td>\n<td width=\"88\">2.0-3.0<\/td>\n<td width=\"132\">3.5-4.5<\/td>\n<td width=\"93\"><\/td>\n<\/tr>\n<tr>\n<td width=\"91\"><\/td>\n<td width=\"47\">\u226597.5<\/td>\n<td width=\"43\">\u22640.8<\/td>\n<td width=\"41\">\u22640.4<\/td>\n<td width=\"47\">\u22640.6<\/td>\n<td width=\"72\"><\/td>\n<td width=\"44\"><\/td>\n<td width=\"53\"><\/td>\n<td width=\"88\"><\/td>\n<td width=\"132\"><\/td>\n<td width=\"93\"><\/td>\n<\/tr>\n<tr>\n<td width=\"91\">XJC-B2<\/td>\n<td width=\"47\">Fe<\/td>\n<td width=\"43\">C<\/td>\n<td width=\"41\">O<\/td>\n<td width=\"47\">N<\/td>\n<td width=\"72\">1.0-2.0<\/td>\n<td width=\"44\">2.0-4.0<\/td>\n<td width=\"53\">5.0-7.0<\/td>\n<td width=\"88\">2.0-3.0<\/td>\n<td width=\"132\">3.5-4.5<\/td>\n<td width=\"93\"><\/td>\n<\/tr>\n<tr>\n<td width=\"91\"><\/td>\n<td width=\"47\">\u226597.5<\/td>\n<td width=\"43\">\u22640.8<\/td>\n<td width=\"41\">\u22640.4<\/td>\n<td width=\"47\">\u22640.6<\/td>\n<td width=\"72\"><\/td>\n<td width=\"44\"><\/td>\n<td width=\"53\"><\/td>\n<td width=\"88\"><\/td>\n<td width=\"132\"><\/td>\n<td width=\"93\"><\/td>\n<\/tr>\n<tr>\n<td width=\"91\">XJC-B3<\/td>\n<td width=\"47\">Fe<\/td>\n<td width=\"43\">C<\/td>\n<td width=\"41\">O<\/td>\n<td width=\"47\">N<\/td>\n<td width=\"72\">1.0-1.2<\/td>\n<td width=\"44\">1.5-2.2<\/td>\n<td width=\"53\">2.5-3.5<\/td>\n<td width=\"88\">2.0-3.0<\/td>\n<td width=\"132\">3.5-4.5<\/td>\n<td width=\"93\"><\/td>\n<\/tr>\n<tr>\n<td width=\"91\"><\/td>\n<td width=\"47\">\u226597.5<\/td>\n<td width=\"43\">\u22640.8<\/td>\n<td width=\"41\">\u22640.4<\/td>\n<td width=\"47\">\u22640.6<\/td>\n<td width=\"72\"><\/td>\n<td width=\"44\"><\/td>\n<td width=\"53\"><\/td>\n<td width=\"88\"><\/td>\n<td width=\"132\"><\/td>\n<td width=\"93\"><\/td>\n<\/tr>\n<tr>\n<td width=\"91\">XJC-B4<\/td>\n<td width=\"47\">Fe<\/td>\n<td width=\"43\">C<\/td>\n<td width=\"41\">O<\/td>\n<td width=\"47\">N<\/td>\n<td width=\"72\">1.5-2.5<\/td>\n<td width=\"44\">2.5-3.5<\/td>\n<td width=\"53\">5.0-6.5<\/td>\n<td width=\"88\">2.0-3.0<\/td>\n<td width=\"132\">3.5-4.5<\/td>\n<td width=\"93\"><\/td>\n<\/tr>\n<tr>\n<td width=\"91\"><\/td>\n<td width=\"47\">\u226597.5<\/td>\n<td width=\"43\">\u22640.8<\/td>\n<td width=\"41\">\u22640.4<\/td>\n<td width=\"47\">\u22640.6<\/td>\n<td width=\"72\"><\/td>\n<td width=\"44\"><\/td>\n<td width=\"53\"><\/td>\n<td width=\"88\"><\/td>\n<td width=\"132\"><\/td>\n<td width=\"93\"><\/td>\n<\/tr>\n<tr>\n<td width=\"91\">XJC<\/td>\n<td width=\"47\">Fe<\/td>\n<td width=\"43\">C<\/td>\n<td width=\"41\">O<\/td>\n<td width=\"47\">N<\/td>\n<td width=\"72\">1.8-3.5<\/td>\n<td width=\"44\">4.0-5.0<\/td>\n<td width=\"53\">8.5-13.0<\/td>\n<td width=\"88\">2.0-3.0<\/td>\n<td width=\"132\">3.5-4.5<\/td>\n<td width=\"93\"><\/td>\n<\/tr>\n<tr>\n<td width=\"91\"><\/td>\n<td width=\"47\">Bal<\/td>\n<td width=\"43\">\u22640.02<\/td>\n<td width=\"41\">\u22640.3<\/td>\n<td width=\"47\">\u22640.03<\/td>\n<td width=\"72\"><\/td>\n<td width=\"44\"><\/td>\n<td width=\"53\"><\/td>\n<td width=\"88\"><\/td>\n<td width=\"132\"><\/td>\n<td width=\"93\"><\/td>\n<\/tr>\n<tr>\n<td colspan=\"2\" width=\"138\">&nbsp;<\/p>\n<p>Test equipment<\/td>\n<td colspan=\"9\" width=\"616\">&nbsp;<\/p>\n<p>1.Laser Particle SizeTester<\/p>\n<p>2.Loose density and compacted de nsity<\/p>\n<p>3.0xygen and Nitrogen Tester,Carbon and Sulfur Tester<\/td>\n<\/tr>\n<\/tbody>\n<\/table>\n<p>&nbsp;<\/p>\n<table>\n<tbody>\n<tr>\n<td rowspan=\"4\" width=\"91\">&nbsp;<\/p>\n<p>Magnetic property<\/p>\n<p>Test Conditions<\/td>\n<td width=\"164\">&nbsp;<\/p>\n<p>Magnetic ring size<\/td>\n<td width=\"219\">&nbsp;<\/p>\n<p>Out diameter:10.73,<\/p>\n<p>inner diameter:6,height:3<\/td>\n<td width=\"159\">Magnetic ring density<\/td>\n<td width=\"120\">6.0-6.5<\/td>\n<\/tr>\n<tr>\n<td width=\"164\">Coil)<\/td>\n<td width=\"219\">&nbsp;<\/p>\n<p>Diameter:0.3,<\/p>\n<p>number of turns:20 turns<\/td>\n<td width=\"159\">&nbsp;<\/p>\n<p>Test frequenoy<\/td>\n<td width=\"120\">100KHz\/1V<\/td>\n<\/tr>\n<tr>\n<td width=\"164\">&nbsp;<\/p>\n<p>Molding powder loading amount<\/td>\n<td width=\"219\">1g\u00b10.05<\/td>\n<td width=\"159\">&nbsp;<\/p>\n<p>Voltage withstand test<\/td>\n<td width=\"120\">100V\/35<\/td>\n<\/tr>\n<tr>\n<td width=\"164\">&nbsp;<\/p>\n<p>Test equipment<\/td>\n<td colspan=\"3\" width=\"498\">&nbsp;<\/p>\n<p>1.Digital bridge<\/p>\n<p>2.Insulation impedance<\/td>\n<\/tr>\n<\/tbody>\n<\/table>\n<p>&nbsp;<\/p>\n<p><strong>3. imagens da morfologia SEM do p\u00f3<\/strong><\/p>\n<p><img loading=\"lazy\" decoding=\"async\" class=\"alignnone size-full wp-image-4402\" src=\"https:\/\/www.jinchunmetal.com\/wp-content\/uploads\/2024\/09\/Raw.png\" alt=\"\" width=\"346\" height=\"346\" srcset=\"https:\/\/www.jinchunmetal.com\/wp-content\/uploads\/2024\/09\/Raw.png 346w, https:\/\/www.jinchunmetal.com\/wp-content\/uploads\/2024\/09\/Raw-300x300.png 300w, https:\/\/www.jinchunmetal.com\/wp-content\/uploads\/2024\/09\/Raw-150x150.png 150w, https:\/\/www.jinchunmetal.com\/wp-content\/uploads\/2024\/09\/Raw-12x12.png 12w, https:\/\/www.jinchunmetal.com\/wp-content\/uploads\/2024\/09\/Raw-75x75.png 75w, https:\/\/www.jinchunmetal.com\/wp-content\/uploads\/2024\/09\/Raw-100x100.png 100w\" sizes=\"auto, (max-width: 346px) 100vw, 346px\" \/><\/p>\n<p>&nbsp;<\/p>\n<p><strong>4.Aplica\u00e7\u00e3o<\/strong><\/p>\n<p><img loading=\"lazy\" decoding=\"async\" class=\"alignnone size-full wp-image-4403\" src=\"https:\/\/www.jinchunmetal.com\/wp-content\/uploads\/2024\/09\/Raw2.png\" alt=\"\" width=\"346\" height=\"304\" srcset=\"https:\/\/www.jinchunmetal.com\/wp-content\/uploads\/2024\/09\/Raw2.png 346w, https:\/\/www.jinchunmetal.com\/wp-content\/uploads\/2024\/09\/Raw2-300x264.png 300w, https:\/\/www.jinchunmetal.com\/wp-content\/uploads\/2024\/09\/Raw2-14x12.png 14w\" sizes=\"auto, (max-width: 346px) 100vw, 346px\" \/> <img loading=\"lazy\" decoding=\"async\" class=\"alignnone size-full wp-image-4404\" src=\"https:\/\/www.jinchunmetal.com\/wp-content\/uploads\/2024\/09\/Raw3.png\" alt=\"\" width=\"370\" height=\"279\" srcset=\"https:\/\/www.jinchunmetal.com\/wp-content\/uploads\/2024\/09\/Raw3.png 370w, https:\/\/www.jinchunmetal.com\/wp-content\/uploads\/2024\/09\/Raw3-300x226.png 300w, https:\/\/www.jinchunmetal.com\/wp-content\/uploads\/2024\/09\/Raw3-16x12.png 16w\" sizes=\"auto, (max-width: 370px) 100vw, 370px\" \/><\/p>\n<p>&nbsp;<\/p>\n<p>&nbsp;<\/p>","protected":false},"excerpt":{"rendered":"<p>Car\u00e1cter do produto\uff1a<\/p>\n<p>The carbonyl iron powder magnetic material raw powder series is suitable for various high-frequency magnetic rings, high current molded inductors (SMD) high-frequency magnetic rings, injection molded inductors, etc. through different particle size combinations.<\/p>\n<table>\n<tbody>\n<tr>\n<td>Nome da marca<\/td>\n<td>Jinchun<\/td>\n<\/tr>\n<tr>\n<td>Origem<\/td>\n<td>China<\/td>\n<\/tr>\n<tr>\n<td>Nome do produto<\/td>\n<td>Carbonyl iron powder magnetic materials raw powder series<\/td>\n<\/tr>\n<tr>\n<td>Aplica\u00e7\u00e3o<\/td>\n<td>Electronic product, inductance, etc.<\/td>\n<\/tr>\n<tr>\n<td>Forma<\/td>\n<td>P\u00f3<\/td>\n<\/tr>\n<tr>\n<td>Cor<\/td>\n<td>Preto met\u00e1lico<\/td>\n<\/tr>\n<tr>\n<td>Tamanho<\/td>\n<td>D50: 3.0-4.5um, 2.0-4.0m, 1.5-2.2um, 2.5-3.5um, 4.0-5.0um, etc.<\/td>\n<\/tr>\n<tr>\n<td>Padr\u00e3o<\/td>\n<td>GB\/T 19001-2016\/ISO9001: 2015<\/td>\n<\/tr>\n<tr>\n<td>Pureza<\/td>\n<td>\u00a0Fe: 97.5%.<\/td>\n<\/tr>\n<tr>\n<td>Material<\/td>\n<td>Fe<\/td>\n<\/tr>\n<tr>\n<td>Embalagem<\/td>\n<td>Tambores de a\u00e7o<\/td>\n<\/tr>\n<\/tbody>\n<\/table>","protected":false},"featured_media":4402,"comment_status":"open","ping_status":"closed","template":"","meta":{"_acf_changed":false},"product_brand":[],"product_cat":[58],"product_tag":[],"class_list":{"0":"post-4401","1":"product","2":"type-product","3":"status-publish","4":"has-post-thumbnail","6":"product_cat-absorbing-metal-materials","8":"first","9":"instock","10":"shipping-taxable","11":"product-type-simple"},"acf":[],"yoast_head":"<!-- This site is optimized with the Yoast SEO plugin v23.2 - https:\/\/yoast.com\/wordpress\/plugins\/seo\/ -->\n<title>Carbonyl lron Powder Magnetic Material Raw Powder Series - Jinchun %<\/title>\n<meta name=\"description\" content=\"We are a Metal Materials manufacturer in China With rich experience in Carbonyl lron Powder Magnetic Material Raw Powder Series , with Competitive price and top quality.\" \/>\n<meta name=\"robots\" content=\"index, follow, max-snippet:-1, max-image-preview:large, max-video-preview:-1\" \/>\n<link rel=\"canonical\" href=\"https:\/\/www.jinchunmetal.com\/pt\/produto\/carbonyl-lron-powder-magnetic-material-raw-powder-series\/\" \/>\n<meta property=\"og:locale\" content=\"pt_PT\" \/>\n<meta property=\"og:type\" content=\"article\" \/>\n<meta property=\"og:title\" content=\"Carbonyl lron Powder Magnetic Material Raw Powder Series - Jinchun %\" \/>\n<meta property=\"og:description\" content=\"We are a Metal Materials manufacturer in China With rich experience in Carbonyl lron Powder Magnetic Material Raw Powder Series , with Competitive price and top quality.\" \/>\n<meta property=\"og:url\" content=\"https:\/\/www.jinchunmetal.com\/pt\/produto\/carbonyl-lron-powder-magnetic-material-raw-powder-series\/\" \/>\n<meta property=\"og:site_name\" content=\"Chengdu Jinchun Metallic Materials Co.,Ltd.\" \/>\n<meta property=\"article:modified_time\" content=\"2025-05-29T03:01:26+00:00\" \/>\n<meta property=\"og:image\" content=\"https:\/\/www.jinchunmetal.com\/wp-content\/uploads\/2024\/09\/Raw.png\" \/>\n\t<meta property=\"og:image:width\" content=\"346\" \/>\n\t<meta property=\"og:image:height\" content=\"346\" \/>\n\t<meta property=\"og:image:type\" content=\"image\/png\" \/>\n<meta name=\"twitter:card\" content=\"summary_large_image\" \/>\n<meta name=\"twitter:label1\" content=\"Tempo estimado de leitura\" \/>\n\t<meta name=\"twitter:data1\" content=\"2 minutos\" \/>\n<script type=\"application\/ld+json\" class=\"yoast-schema-graph\">{\"@context\":\"https:\/\/schema.org\",\"@graph\":[{\"@type\":\"WebPage\",\"@id\":\"https:\/\/www.jinchunmetal.com\/product\/carbonyl-lron-powder-magnetic-material-raw-powder-series\/\",\"url\":\"https:\/\/www.jinchunmetal.com\/product\/carbonyl-lron-powder-magnetic-material-raw-powder-series\/\",\"name\":\"Carbonyl lron Powder Magnetic Material Raw Powder Series - Jinchun %\",\"isPartOf\":{\"@id\":\"https:\/\/www.jinchunmetal.com\/#website\"},\"primaryImageOfPage\":{\"@id\":\"https:\/\/www.jinchunmetal.com\/product\/carbonyl-lron-powder-magnetic-material-raw-powder-series\/#primaryimage\"},\"image\":{\"@id\":\"https:\/\/www.jinchunmetal.com\/product\/carbonyl-lron-powder-magnetic-material-raw-powder-series\/#primaryimage\"},\"thumbnailUrl\":\"https:\/\/www.jinchunmetal.com\/wp-content\/uploads\/2024\/09\/Raw.png\",\"datePublished\":\"2024-09-05T02:39:52+00:00\",\"dateModified\":\"2025-05-29T03:01:26+00:00\",\"description\":\"We are a Metal Materials manufacturer in China With rich experience in Carbonyl lron Powder Magnetic Material Raw Powder Series , with Competitive price and top quality.\",\"breadcrumb\":{\"@id\":\"https:\/\/www.jinchunmetal.com\/product\/carbonyl-lron-powder-magnetic-material-raw-powder-series\/#breadcrumb\"},\"inLanguage\":\"pt-PT\",\"potentialAction\":[{\"@type\":\"ReadAction\",\"target\":[\"https:\/\/www.jinchunmetal.com\/product\/carbonyl-lron-powder-magnetic-material-raw-powder-series\/\"]}]},{\"@type\":\"ImageObject\",\"inLanguage\":\"pt-PT\",\"@id\":\"https:\/\/www.jinchunmetal.com\/product\/carbonyl-lron-powder-magnetic-material-raw-powder-series\/#primaryimage\",\"url\":\"https:\/\/www.jinchunmetal.com\/wp-content\/uploads\/2024\/09\/Raw.png\",\"contentUrl\":\"https:\/\/www.jinchunmetal.com\/wp-content\/uploads\/2024\/09\/Raw.png\",\"width\":346,\"height\":346},{\"@type\":\"BreadcrumbList\",\"@id\":\"https:\/\/www.jinchunmetal.com\/product\/carbonyl-lron-powder-magnetic-material-raw-powder-series\/#breadcrumb\",\"itemListElement\":[{\"@type\":\"ListItem\",\"position\":1,\"name\":\"\u9996\u9875\",\"item\":\"https:\/\/www.jinchunmetal.com\/\"},{\"@type\":\"ListItem\",\"position\":2,\"name\":\"Products\",\"item\":\"https:\/\/www.jinchunmetal.com\/fr_fr\/products\/\"},{\"@type\":\"ListItem\",\"position\":3,\"name\":\"Carbonyl lron Powder Magnetic Material Raw Powder Series\"}]},{\"@type\":\"WebSite\",\"@id\":\"https:\/\/www.jinchunmetal.com\/#website\",\"url\":\"https:\/\/www.jinchunmetal.com\/\",\"name\":\"Chengdu Jinchun Metallic Materials Co.,Ltd.\",\"description\":\"Jinchun Metal\",\"potentialAction\":[{\"@type\":\"SearchAction\",\"target\":{\"@type\":\"EntryPoint\",\"urlTemplate\":\"https:\/\/www.jinchunmetal.com\/?s={search_term_string}\"},\"query-input\":\"required name=search_term_string\"}],\"inLanguage\":\"pt-PT\"}]}<\/script>\n<!-- \/ Yoast SEO plugin. -->","yoast_head_json":{"title":"Carbonyl lron Powder Magnetic Material Raw Powder Series - Jinchun %","description":"We are a Metal Materials manufacturer in China With rich experience in Carbonyl lron Powder Magnetic Material Raw Powder Series , with Competitive price and top quality.","robots":{"index":"index","follow":"follow","max-snippet":"max-snippet:-1","max-image-preview":"max-image-preview:large","max-video-preview":"max-video-preview:-1"},"canonical":"https:\/\/www.jinchunmetal.com\/pt\/produto\/carbonyl-lron-powder-magnetic-material-raw-powder-series\/","og_locale":"pt_PT","og_type":"article","og_title":"Carbonyl lron Powder Magnetic Material Raw Powder Series - Jinchun %","og_description":"We are a Metal Materials manufacturer in China With rich experience in Carbonyl lron Powder Magnetic Material Raw Powder Series , with Competitive price and top quality.","og_url":"https:\/\/www.jinchunmetal.com\/pt\/produto\/carbonyl-lron-powder-magnetic-material-raw-powder-series\/","og_site_name":"Chengdu Jinchun Metallic Materials Co.,Ltd.","article_modified_time":"2025-05-29T03:01:26+00:00","og_image":[{"width":346,"height":346,"url":"https:\/\/www.jinchunmetal.com\/wp-content\/uploads\/2024\/09\/Raw.png","type":"image\/png"}],"twitter_card":"summary_large_image","twitter_misc":{"Tempo estimado de leitura":"2 minutos"},"schema":{"@context":"https:\/\/schema.org","@graph":[{"@type":"WebPage","@id":"https:\/\/www.jinchunmetal.com\/product\/carbonyl-lron-powder-magnetic-material-raw-powder-series\/","url":"https:\/\/www.jinchunmetal.com\/product\/carbonyl-lron-powder-magnetic-material-raw-powder-series\/","name":"Carbonyl lron Powder Magnetic Material Raw Powder Series - Jinchun %","isPartOf":{"@id":"https:\/\/www.jinchunmetal.com\/#website"},"primaryImageOfPage":{"@id":"https:\/\/www.jinchunmetal.com\/product\/carbonyl-lron-powder-magnetic-material-raw-powder-series\/#primaryimage"},"image":{"@id":"https:\/\/www.jinchunmetal.com\/product\/carbonyl-lron-powder-magnetic-material-raw-powder-series\/#primaryimage"},"thumbnailUrl":"https:\/\/www.jinchunmetal.com\/wp-content\/uploads\/2024\/09\/Raw.png","datePublished":"2024-09-05T02:39:52+00:00","dateModified":"2025-05-29T03:01:26+00:00","description":"We are a Metal Materials manufacturer in China With rich experience in Carbonyl lron Powder Magnetic Material Raw Powder Series , with Competitive price and top quality.","breadcrumb":{"@id":"https:\/\/www.jinchunmetal.com\/product\/carbonyl-lron-powder-magnetic-material-raw-powder-series\/#breadcrumb"},"inLanguage":"pt-PT","potentialAction":[{"@type":"ReadAction","target":["https:\/\/www.jinchunmetal.com\/product\/carbonyl-lron-powder-magnetic-material-raw-powder-series\/"]}]},{"@type":"ImageObject","inLanguage":"pt-PT","@id":"https:\/\/www.jinchunmetal.com\/product\/carbonyl-lron-powder-magnetic-material-raw-powder-series\/#primaryimage","url":"https:\/\/www.jinchunmetal.com\/wp-content\/uploads\/2024\/09\/Raw.png","contentUrl":"https:\/\/www.jinchunmetal.com\/wp-content\/uploads\/2024\/09\/Raw.png","width":346,"height":346},{"@type":"BreadcrumbList","@id":"https:\/\/www.jinchunmetal.com\/product\/carbonyl-lron-powder-magnetic-material-raw-powder-series\/#breadcrumb","itemListElement":[{"@type":"ListItem","position":1,"name":"\u9996\u9875","item":"https:\/\/www.jinchunmetal.com\/"},{"@type":"ListItem","position":2,"name":"Products","item":"https:\/\/www.jinchunmetal.com\/fr_fr\/products\/"},{"@type":"ListItem","position":3,"name":"Carbonyl lron Powder Magnetic Material Raw Powder Series"}]},{"@type":"WebSite","@id":"https:\/\/www.jinchunmetal.com\/#website","url":"https:\/\/www.jinchunmetal.com\/","name":"Chengdu Jinchun Metallic Materials Co.,Ltd.","description":"Jinchun Metal","potentialAction":[{"@type":"SearchAction","target":{"@type":"EntryPoint","urlTemplate":"https:\/\/www.jinchunmetal.com\/?s={search_term_string}"},"query-input":"required name=search_term_string"}],"inLanguage":"pt-PT"}]}},"_links":{"self":[{"href":"https:\/\/www.jinchunmetal.com\/pt\/wp-json\/wp\/v2\/product\/4401","targetHints":{"allow":["GET"]}}],"collection":[{"href":"https:\/\/www.jinchunmetal.com\/pt\/wp-json\/wp\/v2\/product"}],"about":[{"href":"https:\/\/www.jinchunmetal.com\/pt\/wp-json\/wp\/v2\/types\/product"}],"replies":[{"embeddable":true,"href":"https:\/\/www.jinchunmetal.com\/pt\/wp-json\/wp\/v2\/comments?post=4401"}],"wp:featuredmedia":[{"embeddable":true,"href":"https:\/\/www.jinchunmetal.com\/pt\/wp-json\/wp\/v2\/media\/4402"}],"wp:attachment":[{"href":"https:\/\/www.jinchunmetal.com\/pt\/wp-json\/wp\/v2\/media?parent=4401"}],"wp:term":[{"taxonomy":"product_brand","embeddable":true,"href":"https:\/\/www.jinchunmetal.com\/pt\/wp-json\/wp\/v2\/product_brand?post=4401"},{"taxonomy":"product_cat","embeddable":true,"href":"https:\/\/www.jinchunmetal.com\/pt\/wp-json\/wp\/v2\/product_cat?post=4401"},{"taxonomy":"product_tag","embeddable":true,"href":"https:\/\/www.jinchunmetal.com\/pt\/wp-json\/wp\/v2\/product_tag?post=4401"}],"curies":[{"name":"wp","href":"https:\/\/api.w.org\/{rel}","templated":true}]}}