{"id":4499,"date":"2024-09-10T14:50:28","date_gmt":"2024-09-10T06:50:28","guid":{"rendered":"https:\/\/www.jinchunmetal.com\/?post_type=product&#038;p=4499"},"modified":"2025-05-29T09:17:29","modified_gmt":"2025-05-29T01:17:29","slug":"cobalt-based-alloy-powder-for-spraying","status":"publish","type":"product","link":"https:\/\/www.jinchunmetal.com\/pt\/produto\/cobalt-based-alloy-powder-for-spraying\/","title":{"rendered":"Cobalt based alloy powder for spraying"},"content":{"rendered":"<p><strong>Car\u00e1cter do produto<\/strong><\/p>\n<p>Cobalt self melting alloy powder is usually developed on the basis of cobalt chromium tungsten alloy, which has better thermal strength and high-temperature oxidation resistance than nickel based alloys, as well as good corrosion resistance and wear resistance, but is more expensive.<\/p>\n<p>&nbsp;<\/p>\n<p><strong>2.Especifica\u00e7\u00e3o<\/strong><\/p>\n<p>Cobalt based alloy powder for spraying<\/p>\n<table width=\"1201\">\n<tbody>\n<tr>\n<td width=\"55\">N\u00e3o.<\/td>\n<td width=\"115\">Tipo<\/td>\n<td width=\"103\">Hardness<\/td>\n<td width=\"522\">Chemical Components (%)<\/td>\n<td width=\"252\">Applications<\/td>\n<td width=\"154\">Spraying Method<\/td>\n<\/tr>\n<tr>\n<td>1<\/td>\n<td>T-Co42<\/td>\n<td>42<\/td>\n<td>C:0.9, Si:1.5, Cr: 28, Mn: 1.5, Mo: 1.5, W:8, Fe:\uff1c4.5\uff0c Co: Bal.<\/td>\n<td rowspan=\"4\" width=\"252\">Good red hardness, resistant to clothing and high temperatures, such as high-pressure valves and sealing rings.<\/td>\n<td width=\"154\">\u00a0Plasma<\/td>\n<\/tr>\n<tr>\n<td>2<\/td>\n<td>T-Co50H<\/td>\n<td>50<\/td>\n<td>C:0.5, Si:2.3, Cr: 23, Mn: 0.3, Mo: 0.3, W:, Fe:\uff1c6\uff0c Co: Bal.<\/td>\n<td width=\"154\">HVOF, Flame, Plasma<\/td>\n<\/tr>\n<tr>\n<td>3<\/td>\n<td>T-Co50<\/td>\n<td>50<\/td>\n<td>C:0.3, Si:1.5, Cr: 28, Mn: 1.0, Mo: 1.0, Ni: 3, W:17, Fe:\uff1c5.0\uff0c Co: Bal.<\/td>\n<td rowspan=\"2\" width=\"154\">Plasma<\/td>\n<\/tr>\n<tr>\n<td>4<\/td>\n<td>T-Co55<\/td>\n<td>55<\/td>\n<td>C:0.3, Si:1.5, Cr: 28, Mn: 1.0, Mo: 1.0, Ni: 3, W:17, Fe:\uff1c5.0\uff0c Co: Bal.<\/td>\n<\/tr>\n<\/tbody>\n<\/table>\n<p>&nbsp;<\/p>\n<p><strong>3.Imagens das mat\u00e9rias-primas e da produ\u00e7\u00e3o<\/strong><\/p>\n<p>Imagens de produ\u00e7\u00e3o:<\/p>\n<p><img loading=\"lazy\" decoding=\"async\" class=\"alignnone wp-image-3470\" src=\"http:\/\/www.jinchunmetal.com\/wp-content\/uploads\/2024\/08\/water-atomization-300x200.jpg\" alt=\"\" width=\"446\" height=\"297\" srcset=\"https:\/\/www.jinchunmetal.com\/wp-content\/uploads\/2024\/08\/water-atomization-300x200.jpg 300w, https:\/\/www.jinchunmetal.com\/wp-content\/uploads\/2024\/08\/water-atomization-1024x683.jpg 1024w, https:\/\/www.jinchunmetal.com\/wp-content\/uploads\/2024\/08\/water-atomization-768x512.jpg 768w, https:\/\/www.jinchunmetal.com\/wp-content\/uploads\/2024\/08\/water-atomization-1536x1024.jpg 1536w, https:\/\/www.jinchunmetal.com\/wp-content\/uploads\/2024\/08\/water-atomization-2048x1365.jpg 2048w, https:\/\/www.jinchunmetal.com\/wp-content\/uploads\/2024\/08\/water-atomization-18x12.jpg 18w, https:\/\/www.jinchunmetal.com\/wp-content\/uploads\/2024\/08\/water-atomization-800x533.jpg 800w\" sizes=\"auto, (max-width: 446px) 100vw, 446px\" \/> <img loading=\"lazy\" decoding=\"async\" class=\"alignnone wp-image-4051\" src=\"https:\/\/www.jinchunmetal.com\/wp-content\/uploads\/2024\/08\/water-atomization-.jpg\" alt=\"\" width=\"398\" height=\"299\" srcset=\"https:\/\/www.jinchunmetal.com\/wp-content\/uploads\/2024\/08\/water-atomization-.jpg 800w, https:\/\/www.jinchunmetal.com\/wp-content\/uploads\/2024\/08\/water-atomization--300x225.jpg 300w, https:\/\/www.jinchunmetal.com\/wp-content\/uploads\/2024\/08\/water-atomization--768x576.jpg 768w, https:\/\/www.jinchunmetal.com\/wp-content\/uploads\/2024\/08\/water-atomization--16x12.jpg 16w\" sizes=\"auto, (max-width: 398px) 100vw, 398px\" \/><\/p>\n<p><img loading=\"lazy\" decoding=\"async\" class=\"alignnone wp-image-3524\" src=\"https:\/\/www.jinchunmetal.com\/wp-content\/uploads\/2024\/08\/Airflow-mill-1-scaled.jpg\" alt=\"\" width=\"844\" height=\"475\" srcset=\"https:\/\/www.jinchunmetal.com\/wp-content\/uploads\/2024\/08\/Airflow-mill-1-scaled.jpg 2560w, https:\/\/www.jinchunmetal.com\/wp-content\/uploads\/2024\/08\/Airflow-mill-1-300x169.jpg 300w, https:\/\/www.jinchunmetal.com\/wp-content\/uploads\/2024\/08\/Airflow-mill-1-1024x576.jpg 1024w, https:\/\/www.jinchunmetal.com\/wp-content\/uploads\/2024\/08\/Airflow-mill-1-768x432.jpg 768w, https:\/\/www.jinchunmetal.com\/wp-content\/uploads\/2024\/08\/Airflow-mill-1-1536x864.jpg 1536w, https:\/\/www.jinchunmetal.com\/wp-content\/uploads\/2024\/08\/Airflow-mill-1-2048x1152.jpg 2048w, https:\/\/www.jinchunmetal.com\/wp-content\/uploads\/2024\/08\/Airflow-mill-1-18x10.jpg 18w, https:\/\/www.jinchunmetal.com\/wp-content\/uploads\/2024\/08\/Airflow-mill-1-800x450.jpg 800w\" sizes=\"auto, (max-width: 844px) 100vw, 844px\" \/><\/p>\n<p>&nbsp;<\/p>\n<p><strong>4.Aplica\u00e7\u00e3o<\/strong><\/p>\n<div data-slate-node=\"element\">\u00a0HVOF, Flame, Plasma spraying.<\/div>\n<div data-slate-node=\"element\">\u00a0 \u00a0<img loading=\"lazy\" decoding=\"async\" class=\"alignnone wp-image-3872\" src=\"https:\/\/www.jinchunmetal.com\/wp-content\/uploads\/2024\/08\/Spraying-.jpg\" alt=\"\" width=\"368\" height=\"245\" srcset=\"https:\/\/www.jinchunmetal.com\/wp-content\/uploads\/2024\/08\/Spraying-.jpg 2000w, https:\/\/www.jinchunmetal.com\/wp-content\/uploads\/2024\/08\/Spraying--300x200.jpg 300w, https:\/\/www.jinchunmetal.com\/wp-content\/uploads\/2024\/08\/Spraying--1024x681.jpg 1024w, https:\/\/www.jinchunmetal.com\/wp-content\/uploads\/2024\/08\/Spraying--768x511.jpg 768w, https:\/\/www.jinchunmetal.com\/wp-content\/uploads\/2024\/08\/Spraying--1536x1022.jpg 1536w, https:\/\/www.jinchunmetal.com\/wp-content\/uploads\/2024\/08\/Spraying--18x12.jpg 18w, https:\/\/www.jinchunmetal.com\/wp-content\/uploads\/2024\/08\/Spraying--800x532.jpg 800w\" sizes=\"auto, (max-width: 368px) 100vw, 368px\" \/><img loading=\"lazy\" decoding=\"async\" class=\"alignnone wp-image-4492\" src=\"https:\/\/www.jinchunmetal.com\/wp-content\/uploads\/2024\/09\/Laser.jpeg\" alt=\"\" width=\"417\" height=\"243\" srcset=\"https:\/\/www.jinchunmetal.com\/wp-content\/uploads\/2024\/09\/Laser.jpeg 2000w, https:\/\/www.jinchunmetal.com\/wp-content\/uploads\/2024\/09\/Laser-300x175.jpeg 300w, https:\/\/www.jinchunmetal.com\/wp-content\/uploads\/2024\/09\/Laser-1024x596.jpeg 1024w, https:\/\/www.jinchunmetal.com\/wp-content\/uploads\/2024\/09\/Laser-768x447.jpeg 768w, https:\/\/www.jinchunmetal.com\/wp-content\/uploads\/2024\/09\/Laser-1536x894.jpeg 1536w, https:\/\/www.jinchunmetal.com\/wp-content\/uploads\/2024\/09\/Laser-18x10.jpeg 18w, https:\/\/www.jinchunmetal.com\/wp-content\/uploads\/2024\/09\/Laser-800x466.jpeg 800w\" sizes=\"auto, (max-width: 417px) 100vw, 417px\" \/> <img loading=\"lazy\" decoding=\"async\" class=\"alignnone wp-image-4493\" src=\"https:\/\/www.jinchunmetal.com\/wp-content\/uploads\/2024\/09\/Plasma1.jpg\" alt=\"\" width=\"344\" height=\"244\" srcset=\"https:\/\/www.jinchunmetal.com\/wp-content\/uploads\/2024\/09\/Plasma1.jpg 2000w, https:\/\/www.jinchunmetal.com\/wp-content\/uploads\/2024\/09\/Plasma1-300x213.jpg 300w, https:\/\/www.jinchunmetal.com\/wp-content\/uploads\/2024\/09\/Plasma1-1024x727.jpg 1024w, https:\/\/www.jinchunmetal.com\/wp-content\/uploads\/2024\/09\/Plasma1-768x545.jpg 768w, https:\/\/www.jinchunmetal.com\/wp-content\/uploads\/2024\/09\/Plasma1-1536x1091.jpg 1536w, https:\/\/www.jinchunmetal.com\/wp-content\/uploads\/2024\/09\/Plasma1-18x12.jpg 18w, https:\/\/www.jinchunmetal.com\/wp-content\/uploads\/2024\/09\/Plasma1-800x568.jpg 800w\" sizes=\"auto, (max-width: 344px) 100vw, 344px\" \/><\/div>\n<div data-slate-node=\"element\"><\/div>","protected":false},"excerpt":{"rendered":"<p>Car\u00e1cter do produto\uff1a<\/p>\n<p>Cobalt self melting alloy powder is usually developed on the basis of cobalt chromium tungsten alloy, which has better thermal strength and high-temperature oxidation resistance than nickel based alloys, as well as good corrosion resistance and wear resistance, but is more expensive.<\/p>\n<table>\n<tbody>\n<tr>\n<td>Nome da marca<\/td>\n<td>Jinchun<\/td>\n<\/tr>\n<tr>\n<td>Origem<\/td>\n<td>China<\/td>\n<\/tr>\n<tr>\n<td>Nome do produto<\/td>\n<td>Cobalt based alloy powder<\/td>\n<\/tr>\n<tr>\n<td>Aplica\u00e7\u00e3o<\/td>\n<td>Spraying, etc.<\/td>\n<\/tr>\n<tr>\n<td>Forma<\/td>\n<td>P\u00f3<\/td>\n<\/tr>\n<tr>\n<td>Cor<\/td>\n<td>Metal brown<\/td>\n<\/tr>\n<tr>\n<td>Tamanho<\/td>\n<td>150-300 mesh, etc.<\/td>\n<\/tr>\n<tr>\n<td>Padr\u00e3o<\/td>\n<td>GB\/T 19001-2016\/ISO9001: 2015<\/td>\n<\/tr>\n<tr>\n<td>Pureza<\/td>\n<td>Co: Bal<\/td>\n<\/tr>\n<tr>\n<td>Material<\/td>\n<td>Cobalt, and other metals.<\/td>\n<\/tr>\n<tr>\n<td>Embalagem<\/td>\n<td>Tambores de a\u00e7o<\/td>\n<\/tr>\n<\/tbody>\n<\/table>","protected":false},"featured_media":4500,"comment_status":"open","ping_status":"closed","template":"","meta":{"_acf_changed":false},"product_brand":[],"product_cat":[56,61],"product_tag":[],"class_list":{"0":"post-4499","1":"product","2":"type-product","3":"status-publish","4":"has-post-thumbnail","6":"product_cat-spraying-coating-metal-materials","7":"product_cat-other-materials","9":"first","10":"instock","11":"shipping-taxable","12":"product-type-simple"},"acf":[],"yoast_head":"<!-- This site is optimized with the Yoast SEO plugin v23.2 - https:\/\/yoast.com\/wordpress\/plugins\/seo\/ -->\n<title>Cobalt based alloy powder for spraying - Jinchun %<\/title>\n<meta name=\"description\" content=\"We are a Metal Materials manufacturer in China With rich experience in Cobalt based alloy powder for spraying , with Competitive price and top quality.\" \/>\n<meta name=\"robots\" content=\"index, follow, max-snippet:-1, max-image-preview:large, max-video-preview:-1\" \/>\n<link rel=\"canonical\" href=\"https:\/\/www.jinchunmetal.com\/pt\/produto\/cobalt-based-alloy-powder-for-spraying\/\" \/>\n<meta property=\"og:locale\" content=\"pt_PT\" \/>\n<meta property=\"og:type\" content=\"article\" \/>\n<meta property=\"og:title\" content=\"Cobalt based alloy powder for spraying - Jinchun %\" \/>\n<meta property=\"og:description\" content=\"We are a Metal Materials manufacturer in China With rich experience in Cobalt based alloy powder for spraying , with Competitive price and top quality.\" \/>\n<meta property=\"og:url\" content=\"https:\/\/www.jinchunmetal.com\/pt\/produto\/cobalt-based-alloy-powder-for-spraying\/\" \/>\n<meta property=\"og:site_name\" content=\"Chengdu Jinchun Metallic Materials Co.,Ltd.\" \/>\n<meta property=\"article:modified_time\" content=\"2025-05-29T01:17:29+00:00\" \/>\n<meta property=\"og:image\" content=\"https:\/\/www.jinchunmetal.com\/wp-content\/uploads\/2024\/09\/\u954d\u7c89_6261\u526f\u672c-2.jpg\" \/>\n\t<meta property=\"og:image:width\" content=\"750\" \/>\n\t<meta property=\"og:image:height\" content=\"750\" \/>\n\t<meta property=\"og:image:type\" content=\"image\/jpeg\" \/>\n<meta name=\"twitter:card\" content=\"summary_large_image\" \/>\n<meta name=\"twitter:label1\" content=\"Tempo estimado de leitura\" \/>\n\t<meta name=\"twitter:data1\" content=\"3 minutos\" \/>\n<script type=\"application\/ld+json\" class=\"yoast-schema-graph\">{\"@context\":\"https:\/\/schema.org\",\"@graph\":[{\"@type\":\"WebPage\",\"@id\":\"https:\/\/www.jinchunmetal.com\/product\/cobalt-based-alloy-powder-for-spraying\/\",\"url\":\"https:\/\/www.jinchunmetal.com\/product\/cobalt-based-alloy-powder-for-spraying\/\",\"name\":\"Cobalt based alloy powder for spraying - Jinchun %\",\"isPartOf\":{\"@id\":\"https:\/\/www.jinchunmetal.com\/#website\"},\"primaryImageOfPage\":{\"@id\":\"https:\/\/www.jinchunmetal.com\/product\/cobalt-based-alloy-powder-for-spraying\/#primaryimage\"},\"image\":{\"@id\":\"https:\/\/www.jinchunmetal.com\/product\/cobalt-based-alloy-powder-for-spraying\/#primaryimage\"},\"thumbnailUrl\":\"https:\/\/www.jinchunmetal.com\/wp-content\/uploads\/2024\/09\/\u954d\u7c89_6261\u526f\u672c-2.jpg\",\"datePublished\":\"2024-09-10T06:50:28+00:00\",\"dateModified\":\"2025-05-29T01:17:29+00:00\",\"description\":\"We are a Metal Materials manufacturer in China With rich experience in Cobalt based alloy powder for spraying , with Competitive price and top quality.\",\"breadcrumb\":{\"@id\":\"https:\/\/www.jinchunmetal.com\/product\/cobalt-based-alloy-powder-for-spraying\/#breadcrumb\"},\"inLanguage\":\"pt-PT\",\"potentialAction\":[{\"@type\":\"ReadAction\",\"target\":[\"https:\/\/www.jinchunmetal.com\/product\/cobalt-based-alloy-powder-for-spraying\/\"]}]},{\"@type\":\"ImageObject\",\"inLanguage\":\"pt-PT\",\"@id\":\"https:\/\/www.jinchunmetal.com\/product\/cobalt-based-alloy-powder-for-spraying\/#primaryimage\",\"url\":\"https:\/\/www.jinchunmetal.com\/wp-content\/uploads\/2024\/09\/\u954d\u7c89_6261\u526f\u672c-2.jpg\",\"contentUrl\":\"https:\/\/www.jinchunmetal.com\/wp-content\/uploads\/2024\/09\/\u954d\u7c89_6261\u526f\u672c-2.jpg\",\"width\":750,\"height\":750},{\"@type\":\"BreadcrumbList\",\"@id\":\"https:\/\/www.jinchunmetal.com\/product\/cobalt-based-alloy-powder-for-spraying\/#breadcrumb\",\"itemListElement\":[{\"@type\":\"ListItem\",\"position\":1,\"name\":\"\u9996\u9875\",\"item\":\"https:\/\/www.jinchunmetal.com\/\"},{\"@type\":\"ListItem\",\"position\":2,\"name\":\"Products\",\"item\":\"https:\/\/www.jinchunmetal.com\/fr_fr\/products\/\"},{\"@type\":\"ListItem\",\"position\":3,\"name\":\"Cobalt based alloy powder for spraying\"}]},{\"@type\":\"WebSite\",\"@id\":\"https:\/\/www.jinchunmetal.com\/#website\",\"url\":\"https:\/\/www.jinchunmetal.com\/\",\"name\":\"Chengdu Jinchun Metallic Materials Co.,Ltd.\",\"description\":\"Jinchun Metal\",\"potentialAction\":[{\"@type\":\"SearchAction\",\"target\":{\"@type\":\"EntryPoint\",\"urlTemplate\":\"https:\/\/www.jinchunmetal.com\/?s={search_term_string}\"},\"query-input\":\"required name=search_term_string\"}],\"inLanguage\":\"pt-PT\"}]}<\/script>\n<!-- \/ Yoast SEO plugin. -->","yoast_head_json":{"title":"Cobalt based alloy powder for spraying - Jinchun %","description":"We are a Metal Materials manufacturer in China With rich experience in Cobalt based alloy powder for spraying , with Competitive price and top quality.","robots":{"index":"index","follow":"follow","max-snippet":"max-snippet:-1","max-image-preview":"max-image-preview:large","max-video-preview":"max-video-preview:-1"},"canonical":"https:\/\/www.jinchunmetal.com\/pt\/produto\/cobalt-based-alloy-powder-for-spraying\/","og_locale":"pt_PT","og_type":"article","og_title":"Cobalt based alloy powder for spraying - Jinchun %","og_description":"We are a Metal Materials manufacturer in China With rich experience in Cobalt based alloy powder for spraying , with Competitive price and top quality.","og_url":"https:\/\/www.jinchunmetal.com\/pt\/produto\/cobalt-based-alloy-powder-for-spraying\/","og_site_name":"Chengdu Jinchun Metallic Materials Co.,Ltd.","article_modified_time":"2025-05-29T01:17:29+00:00","og_image":[{"width":750,"height":750,"url":"https:\/\/www.jinchunmetal.com\/wp-content\/uploads\/2024\/09\/\u954d\u7c89_6261\u526f\u672c-2.jpg","type":"image\/jpeg"}],"twitter_card":"summary_large_image","twitter_misc":{"Tempo estimado de leitura":"3 minutos"},"schema":{"@context":"https:\/\/schema.org","@graph":[{"@type":"WebPage","@id":"https:\/\/www.jinchunmetal.com\/product\/cobalt-based-alloy-powder-for-spraying\/","url":"https:\/\/www.jinchunmetal.com\/product\/cobalt-based-alloy-powder-for-spraying\/","name":"Cobalt based alloy powder for spraying - Jinchun %","isPartOf":{"@id":"https:\/\/www.jinchunmetal.com\/#website"},"primaryImageOfPage":{"@id":"https:\/\/www.jinchunmetal.com\/product\/cobalt-based-alloy-powder-for-spraying\/#primaryimage"},"image":{"@id":"https:\/\/www.jinchunmetal.com\/product\/cobalt-based-alloy-powder-for-spraying\/#primaryimage"},"thumbnailUrl":"https:\/\/www.jinchunmetal.com\/wp-content\/uploads\/2024\/09\/\u954d\u7c89_6261\u526f\u672c-2.jpg","datePublished":"2024-09-10T06:50:28+00:00","dateModified":"2025-05-29T01:17:29+00:00","description":"We are a Metal Materials manufacturer in China With rich experience in Cobalt based alloy powder for spraying , with Competitive price and top quality.","breadcrumb":{"@id":"https:\/\/www.jinchunmetal.com\/product\/cobalt-based-alloy-powder-for-spraying\/#breadcrumb"},"inLanguage":"pt-PT","potentialAction":[{"@type":"ReadAction","target":["https:\/\/www.jinchunmetal.com\/product\/cobalt-based-alloy-powder-for-spraying\/"]}]},{"@type":"ImageObject","inLanguage":"pt-PT","@id":"https:\/\/www.jinchunmetal.com\/product\/cobalt-based-alloy-powder-for-spraying\/#primaryimage","url":"https:\/\/www.jinchunmetal.com\/wp-content\/uploads\/2024\/09\/\u954d\u7c89_6261\u526f\u672c-2.jpg","contentUrl":"https:\/\/www.jinchunmetal.com\/wp-content\/uploads\/2024\/09\/\u954d\u7c89_6261\u526f\u672c-2.jpg","width":750,"height":750},{"@type":"BreadcrumbList","@id":"https:\/\/www.jinchunmetal.com\/product\/cobalt-based-alloy-powder-for-spraying\/#breadcrumb","itemListElement":[{"@type":"ListItem","position":1,"name":"\u9996\u9875","item":"https:\/\/www.jinchunmetal.com\/"},{"@type":"ListItem","position":2,"name":"Products","item":"https:\/\/www.jinchunmetal.com\/fr_fr\/products\/"},{"@type":"ListItem","position":3,"name":"Cobalt based alloy powder for spraying"}]},{"@type":"WebSite","@id":"https:\/\/www.jinchunmetal.com\/#website","url":"https:\/\/www.jinchunmetal.com\/","name":"Chengdu Jinchun Metallic Materials Co.,Ltd.","description":"Jinchun Metal","potentialAction":[{"@type":"SearchAction","target":{"@type":"EntryPoint","urlTemplate":"https:\/\/www.jinchunmetal.com\/?s={search_term_string}"},"query-input":"required name=search_term_string"}],"inLanguage":"pt-PT"}]}},"_links":{"self":[{"href":"https:\/\/www.jinchunmetal.com\/pt\/wp-json\/wp\/v2\/product\/4499","targetHints":{"allow":["GET"]}}],"collection":[{"href":"https:\/\/www.jinchunmetal.com\/pt\/wp-json\/wp\/v2\/product"}],"about":[{"href":"https:\/\/www.jinchunmetal.com\/pt\/wp-json\/wp\/v2\/types\/product"}],"replies":[{"embeddable":true,"href":"https:\/\/www.jinchunmetal.com\/pt\/wp-json\/wp\/v2\/comments?post=4499"}],"wp:featuredmedia":[{"embeddable":true,"href":"https:\/\/www.jinchunmetal.com\/pt\/wp-json\/wp\/v2\/media\/4500"}],"wp:attachment":[{"href":"https:\/\/www.jinchunmetal.com\/pt\/wp-json\/wp\/v2\/media?parent=4499"}],"wp:term":[{"taxonomy":"product_brand","embeddable":true,"href":"https:\/\/www.jinchunmetal.com\/pt\/wp-json\/wp\/v2\/product_brand?post=4499"},{"taxonomy":"product_cat","embeddable":true,"href":"https:\/\/www.jinchunmetal.com\/pt\/wp-json\/wp\/v2\/product_cat?post=4499"},{"taxonomy":"product_tag","embeddable":true,"href":"https:\/\/www.jinchunmetal.com\/pt\/wp-json\/wp\/v2\/product_tag?post=4499"}],"curies":[{"name":"wp","href":"https:\/\/api.w.org\/{rel}","templated":true}]}}