{"id":4713,"date":"2024-10-14T16:20:43","date_gmt":"2024-10-14T08:20:43","guid":{"rendered":"https:\/\/www.jinchunmetal.com\/?post_type=product&#038;p=4713"},"modified":"2025-05-28T14:48:29","modified_gmt":"2025-05-28T06:48:29","slug":"iron-copper-fecu-alloy-powder","status":"publish","type":"product","link":"https:\/\/www.jinchunmetal.com\/pt\/produto\/iron-copper-fecu-alloy-powder\/","title":{"rendered":"Iron copper FeCu alloy powder"},"content":{"rendered":"<p><strong>Car\u00e1cter do produto<\/strong><\/p>\n<p>We use a special formula and diffusion process, with small copper particles evenly dispersed on the surface of iron powder particles. The powder has a developed specific surface area and forms partial alloying at the interface junction. It has both the characteristics of uniform copper coated iron powder and the alloying characteristics of atomized copper iron alloy powder. Compared with copper-clad iron powder, it has a certain degree of alloying and there are no acid groups present; Compared with atomized copper iron alloy powder, copper element is dispersed on the surface of iron powder, resulting in a larger specific surface area. This product has high sintering reaction activity, and a certain degree of pre alloying makes its sintering performance stable. The powder sintered body has high strength and hardness, outstanding toughness characteristics, and good mechanical properties, which reduces the production process cost, simplifies the process, and can be used as the main material of the tire body.The delicate structure ensures the diamond&#8217;s grip. And the composition has no segregation, good formability, excellent cold pressing formability, and is easy to automatically press and form. Our factory currently has three grades of conventional products: FeCu18, FeCu25, and FeCu30. Copper content and powder particle size can also be adjusted according to customer customization needs.<\/p>\n<p><strong>2.Especifica\u00e7\u00e3o<\/strong><\/p>\n<p>Iron copper FeCu alloy powder<\/p>\n<table style=\"border-collapse: collapse; width: 622.52pt;\" border=\"0\" width=\"830\" cellspacing=\"0\" cellpadding=\"0\">\n<tbody>\n<tr style=\"height: 19.50pt;\">\n<td class=\"et5\" style=\"height: 19.50pt; width: 121.50pt;\" width=\"162\" height=\"26\">Nome\/tipo<\/td>\n<td class=\"et6\" style=\"width: 102.75pt;\" width=\"137\">Elemento<\/td>\n<td class=\"et5\" style=\"width: 96.75pt;\" width=\"129\">Cu<\/td>\n<td class=\"et5\" style=\"width: 102.75pt;\" width=\"137\">Fe<\/td>\n<td class=\"et8\" style=\"width: 94.50pt;\" width=\"126\">HL<\/td>\n<td class=\"et9\" style=\"width: 104.25pt;\" width=\"139\">O<\/td>\n<\/tr>\n<tr style=\"height: 19.50pt;\">\n<td class=\"et5\" style=\"height: 39.00pt;\" rowspan=\"2\" height=\"52\">FeCu18<\/td>\n<td class=\"et6\">Padr\u00e3o\uff08%\uff09<\/td>\n<td class=\"et5\">17.00-1900<\/td>\n<td class=\"et5\">Bal.<\/td>\n<td class=\"et8\">\u22640.30<\/td>\n<td class=\"et9\" style=\"width: 104.25pt;\" width=\"139\">\u22640.30<\/td>\n<\/tr>\n<tr style=\"height: 19.50pt;\">\n<td class=\"et6\">Resultado\uff08%\uff09<\/td>\n<td class=\"et5\">18.5<\/td>\n<td class=\"et5\">Bal.<\/td>\n<td class=\"et8\">0.25<\/td>\n<td class=\"et9\" style=\"width: 104.25pt;\" width=\"139\">0.15<\/td>\n<\/tr>\n<tr style=\"height: 19.50pt;\">\n<td class=\"et5\" style=\"height: 19.50pt;\" height=\"26\">Nome\/tipo<\/td>\n<td class=\"et6\">Elemento<\/td>\n<td class=\"et12\">Cu<\/td>\n<td class=\"et12\">Fe<\/td>\n<td class=\"et8\">HL<\/td>\n<td class=\"et13\" style=\"width: 104.25pt;\" width=\"139\">O<\/td>\n<\/tr>\n<tr style=\"height: 19.50pt;\">\n<td class=\"et5\" style=\"height: 39.00pt;\" rowspan=\"2\" height=\"52\">FeCu25<\/td>\n<td class=\"et6\">Padr\u00e3o\uff08%\uff09<\/td>\n<td class=\"et12\">24.00-26.00<\/td>\n<td class=\"et12\">Bal.<\/td>\n<td class=\"et14\">\u22640.30<\/td>\n<td class=\"et13\" style=\"width: 104.25pt;\" width=\"139\">\u22640.30<\/td>\n<\/tr>\n<tr style=\"height: 19.50pt;\">\n<td class=\"et6\">Resultado\uff08%\uff09<\/td>\n<td class=\"et12\">25.03<\/td>\n<td class=\"et12\">Bal.<\/td>\n<td class=\"et14\">0.25<\/td>\n<td class=\"et9\" style=\"width: 104.25pt;\" width=\"139\">0.15<\/td>\n<\/tr>\n<tr style=\"height: 19.50pt;\">\n<td class=\"et5\" style=\"height: 19.50pt;\" height=\"26\">Nome\/tipo<\/td>\n<td class=\"et6\">Elemento<\/td>\n<td class=\"et12\">Cu<\/td>\n<td class=\"et12\">Fe<\/td>\n<td class=\"et8\">HL<\/td>\n<td class=\"et13\" style=\"width: 104.25pt;\" width=\"139\">O<\/td>\n<\/tr>\n<tr style=\"height: 19.50pt;\">\n<td class=\"et5\" style=\"height: 39.00pt;\" rowspan=\"2\" height=\"52\">FeCu30<\/td>\n<td class=\"et6\">Padr\u00e3o\uff08%\uff09<\/td>\n<td class=\"et12\">29.00-31.00<\/td>\n<td class=\"et12\">Bal.<\/td>\n<td class=\"et14\">\u22640.30<\/td>\n<td class=\"et13\" style=\"width: 104.25pt;\" width=\"139\">\u22640.30<\/td>\n<\/tr>\n<tr style=\"height: 19.50pt;\">\n<td class=\"et6\">Resultado\uff08%\uff09<\/td>\n<td class=\"et12\">30.6<\/td>\n<td class=\"et12\">Bal.<\/td>\n<td class=\"et14\">0.25<\/td>\n<td class=\"et9\" style=\"width: 104.25pt;\" width=\"139\">0.15<\/td>\n<\/tr>\n<\/tbody>\n<\/table>\n<p>&nbsp;<\/p>\n<p><strong>3.Imagens das mat\u00e9rias-primas e da produ\u00e7\u00e3o<\/strong><\/p>\n<p>Fotos de mat\u00e9rias-primas\uff1a<\/p>\n<p><img loading=\"lazy\" decoding=\"async\" class=\"alignnone size-medium wp-image-4050\" src=\"https:\/\/www.jinchunmetal.com\/wp-content\/uploads\/2024\/08\/copper-300x182.jpeg\" alt=\"\" width=\"300\" height=\"182\" srcset=\"https:\/\/www.jinchunmetal.com\/wp-content\/uploads\/2024\/08\/copper-300x182.jpeg 300w, https:\/\/www.jinchunmetal.com\/wp-content\/uploads\/2024\/08\/copper-1024x621.jpeg 1024w, https:\/\/www.jinchunmetal.com\/wp-content\/uploads\/2024\/08\/copper-768x465.jpeg 768w, https:\/\/www.jinchunmetal.com\/wp-content\/uploads\/2024\/08\/copper-1536x931.jpeg 1536w, https:\/\/www.jinchunmetal.com\/wp-content\/uploads\/2024\/08\/copper-18x12.jpeg 18w, https:\/\/www.jinchunmetal.com\/wp-content\/uploads\/2024\/08\/copper-800x485.jpeg 800w, https:\/\/www.jinchunmetal.com\/wp-content\/uploads\/2024\/08\/copper.jpeg 2000w\" sizes=\"auto, (max-width: 300px) 100vw, 300px\" \/><img loading=\"lazy\" decoding=\"async\" class=\"alignnone wp-image-4447\" src=\"https:\/\/www.jinchunmetal.com\/wp-content\/uploads\/2024\/09\/\u5fae\u4fe1\u56fe\u7247_20240816142429.jpg\" alt=\"\" width=\"186\" height=\"186\" srcset=\"https:\/\/www.jinchunmetal.com\/wp-content\/uploads\/2024\/09\/\u5fae\u4fe1\u56fe\u7247_20240816142429.jpg 1000w, https:\/\/www.jinchunmetal.com\/wp-content\/uploads\/2024\/09\/\u5fae\u4fe1\u56fe\u7247_20240816142429-300x300.jpg 300w, https:\/\/www.jinchunmetal.com\/wp-content\/uploads\/2024\/09\/\u5fae\u4fe1\u56fe\u7247_20240816142429-150x150.jpg 150w, https:\/\/www.jinchunmetal.com\/wp-content\/uploads\/2024\/09\/\u5fae\u4fe1\u56fe\u7247_20240816142429-768x768.jpg 768w, https:\/\/www.jinchunmetal.com\/wp-content\/uploads\/2024\/09\/\u5fae\u4fe1\u56fe\u7247_20240816142429-12x12.jpg 12w, https:\/\/www.jinchunmetal.com\/wp-content\/uploads\/2024\/09\/\u5fae\u4fe1\u56fe\u7247_20240816142429-75x75.jpg 75w, https:\/\/www.jinchunmetal.com\/wp-content\/uploads\/2024\/09\/\u5fae\u4fe1\u56fe\u7247_20240816142429-800x800.jpg 800w, https:\/\/www.jinchunmetal.com\/wp-content\/uploads\/2024\/09\/\u5fae\u4fe1\u56fe\u7247_20240816142429-100x100.jpg 100w\" sizes=\"auto, (max-width: 186px) 100vw, 186px\" \/><\/p>\n<p>Imagens de produ\u00e7\u00e3o:<br \/>\n<img loading=\"lazy\" decoding=\"async\" class=\"alignnone size-medium wp-image-3226\" src=\"http:\/\/www.jinchunmetal.com\/wp-content\/uploads\/2024\/07\/\u8bbe\u59073-300x221.jpg\" alt=\"\" width=\"300\" height=\"221\" srcset=\"https:\/\/www.jinchunmetal.com\/wp-content\/uploads\/2024\/07\/\u8bbe\u59073-300x221.jpg 300w, https:\/\/www.jinchunmetal.com\/wp-content\/uploads\/2024\/07\/\u8bbe\u59073-16x12.jpg 16w, https:\/\/www.jinchunmetal.com\/wp-content\/uploads\/2024\/07\/\u8bbe\u59073.jpg 443w\" sizes=\"auto, (max-width: 300px) 100vw, 300px\" \/><img loading=\"lazy\" decoding=\"async\" class=\"alignnone size-medium wp-image-3225\" src=\"http:\/\/www.jinchunmetal.com\/wp-content\/uploads\/2024\/07\/\u8bbe\u59072-300x221.jpg\" alt=\"\" width=\"300\" height=\"221\" srcset=\"https:\/\/www.jinchunmetal.com\/wp-content\/uploads\/2024\/07\/\u8bbe\u59072-300x221.jpg 300w, https:\/\/www.jinchunmetal.com\/wp-content\/uploads\/2024\/07\/\u8bbe\u59072-16x12.jpg 16w, https:\/\/www.jinchunmetal.com\/wp-content\/uploads\/2024\/07\/\u8bbe\u59072.jpg 443w\" sizes=\"auto, (max-width: 300px) 100vw, 300px\" \/><img loading=\"lazy\" decoding=\"async\" class=\"alignnone wp-image-3224\" src=\"http:\/\/www.jinchunmetal.com\/wp-content\/uploads\/2024\/07\/\u8bbe\u5907-300x150.jpg\" alt=\"\" width=\"438\" height=\"219\" srcset=\"https:\/\/www.jinchunmetal.com\/wp-content\/uploads\/2024\/07\/\u8bbe\u5907-300x150.jpg 300w, https:\/\/www.jinchunmetal.com\/wp-content\/uploads\/2024\/07\/\u8bbe\u5907-1024x512.jpg 1024w, https:\/\/www.jinchunmetal.com\/wp-content\/uploads\/2024\/07\/\u8bbe\u5907-768x384.jpg 768w, https:\/\/www.jinchunmetal.com\/wp-content\/uploads\/2024\/07\/\u8bbe\u5907-1536x768.jpg 1536w, https:\/\/www.jinchunmetal.com\/wp-content\/uploads\/2024\/07\/\u8bbe\u5907-18x9.jpg 18w, https:\/\/www.jinchunmetal.com\/wp-content\/uploads\/2024\/07\/\u8bbe\u5907-800x400.jpg 800w, https:\/\/www.jinchunmetal.com\/wp-content\/uploads\/2024\/07\/\u8bbe\u5907.jpg 1920w\" sizes=\"auto, (max-width: 438px) 100vw, 438px\" \/><img loading=\"lazy\" decoding=\"async\" class=\"alignnone size-medium wp-image-4051\" src=\"https:\/\/www.jinchunmetal.com\/wp-content\/uploads\/2024\/08\/water-atomization--300x225.jpg\" alt=\"\" width=\"300\" height=\"225\" srcset=\"https:\/\/www.jinchunmetal.com\/wp-content\/uploads\/2024\/08\/water-atomization--300x225.jpg 300w, https:\/\/www.jinchunmetal.com\/wp-content\/uploads\/2024\/08\/water-atomization--768x576.jpg 768w, https:\/\/www.jinchunmetal.com\/wp-content\/uploads\/2024\/08\/water-atomization--16x12.jpg 16w, https:\/\/www.jinchunmetal.com\/wp-content\/uploads\/2024\/08\/water-atomization-.jpg 800w\" sizes=\"auto, (max-width: 300px) 100vw, 300px\" \/><\/p>\n<p><strong>4.Aplica\u00e7\u00e3o<\/strong><\/p>\n<p>Diamond tools.<\/p>\n<p><img loading=\"lazy\" decoding=\"async\" class=\"alignnone wp-image-3469\" src=\"https:\/\/www.jinchunmetal.com\/wp-content\/uploads\/2024\/08\/Diamond-tools-scaled.jpeg\" alt=\"\" width=\"335\" height=\"177\" srcset=\"https:\/\/www.jinchunmetal.com\/wp-content\/uploads\/2024\/08\/Diamond-tools-scaled.jpeg 2560w, https:\/\/www.jinchunmetal.com\/wp-content\/uploads\/2024\/08\/Diamond-tools-300x159.jpeg 300w, https:\/\/www.jinchunmetal.com\/wp-content\/uploads\/2024\/08\/Diamond-tools-1024x541.jpeg 1024w, https:\/\/www.jinchunmetal.com\/wp-content\/uploads\/2024\/08\/Diamond-tools-768x406.jpeg 768w, https:\/\/www.jinchunmetal.com\/wp-content\/uploads\/2024\/08\/Diamond-tools-1536x812.jpeg 1536w, https:\/\/www.jinchunmetal.com\/wp-content\/uploads\/2024\/08\/Diamond-tools-2048x1082.jpeg 2048w, https:\/\/www.jinchunmetal.com\/wp-content\/uploads\/2024\/08\/Diamond-tools-18x10.jpeg 18w, https:\/\/www.jinchunmetal.com\/wp-content\/uploads\/2024\/08\/Diamond-tools-800x423.jpeg 800w\" sizes=\"auto, (max-width: 335px) 100vw, 335px\" \/><\/p>","protected":false},"excerpt":{"rendered":"<p>Car\u00e1cter do produto\uff1a<\/p>\n<p>We supply FeCu18, FeCu25, FeCu30 alloy powder for diamond tools industry.<\/p>\n<table>\n<tbody>\n<tr>\n<td>Nome da marca<\/td>\n<td>Jinchun<\/td>\n<\/tr>\n<tr>\n<td>Origem<\/td>\n<td>China<\/td>\n<\/tr>\n<tr>\n<td>Nome do produto<\/td>\n<td>Iron copper FeCu alloy powder<\/td>\n<\/tr>\n<tr>\n<td>Aplica\u00e7\u00e3o<\/td>\n<td>Diamond tools, etc.<\/td>\n<\/tr>\n<tr>\n<td>Forma<\/td>\n<td>P\u00f3<\/td>\n<\/tr>\n<tr>\n<td>Cor<\/td>\n<td>Preto<\/td>\n<\/tr>\n<tr>\n<td>Tamanho<\/td>\n<td>200mesh, 300 mesh, 325 mesh.<\/td>\n<\/tr>\n<tr>\n<td>Padr\u00e3o<\/td>\n<td>GB\/T 19001-2016\/ISO9001: 2015<\/td>\n<\/tr>\n<tr>\n<td>Pureza<\/td>\n<td>Cu:18%, 25% \uff0c30%\uff0c 90%\uff0cFe: bal.<\/td>\n<\/tr>\n<tr>\n<td>Material<\/td>\n<td>Copper, iron<\/td>\n<\/tr>\n<tr>\n<td>Embalagem<\/td>\n<td>Tambores de a\u00e7o<\/td>\n<\/tr>\n<\/tbody>\n<\/table>","protected":false},"featured_media":4715,"comment_status":"open","ping_status":"closed","template":"","meta":{"_acf_changed":false},"product_brand":[],"product_cat":[59],"product_tag":[],"class_list":{"0":"post-4713","1":"product","2":"type-product","3":"status-publish","4":"has-post-thumbnail","6":"product_cat-diamond-tools-and-powder-metallurgy-metal-materials","8":"first","9":"instock","10":"shipping-taxable","11":"product-type-simple"},"acf":[],"yoast_head":"<!-- This site is optimized with the Yoast SEO plugin v23.2 - https:\/\/yoast.com\/wordpress\/plugins\/seo\/ -->\n<title>Iron copper FeCu alloy powder - Jinchun %<\/title>\n<meta name=\"description\" content=\"We are a Metal Materials manufacturer in China With rich experience in Iron copper FeCu alloy powder , with Competitive price and top quality.\" \/>\n<meta name=\"robots\" content=\"index, follow, max-snippet:-1, max-image-preview:large, max-video-preview:-1\" \/>\n<link rel=\"canonical\" href=\"https:\/\/www.jinchunmetal.com\/pt\/produto\/iron-copper-fecu-alloy-powder\/\" \/>\n<meta property=\"og:locale\" content=\"pt_PT\" \/>\n<meta property=\"og:type\" content=\"article\" \/>\n<meta property=\"og:title\" content=\"Iron copper FeCu alloy powder - Jinchun %\" \/>\n<meta property=\"og:description\" content=\"We are a Metal Materials manufacturer in China With rich experience in Iron copper FeCu alloy powder , with Competitive price and top quality.\" \/>\n<meta property=\"og:url\" content=\"https:\/\/www.jinchunmetal.com\/pt\/produto\/iron-copper-fecu-alloy-powder\/\" \/>\n<meta property=\"og:site_name\" content=\"Chengdu Jinchun Metallic Materials Co.,Ltd.\" \/>\n<meta property=\"article:modified_time\" content=\"2025-05-28T06:48:29+00:00\" \/>\n<meta property=\"og:image\" content=\"https:\/\/www.jinchunmetal.com\/wp-content\/uploads\/2024\/10\/\u5fae\u4fe1\u56fe\u7247_20240823160434.jpg\" \/>\n\t<meta property=\"og:image:width\" content=\"1000\" \/>\n\t<meta property=\"og:image:height\" content=\"1000\" \/>\n\t<meta property=\"og:image:type\" content=\"image\/jpeg\" \/>\n<meta name=\"twitter:card\" content=\"summary_large_image\" \/>\n<meta name=\"twitter:label1\" content=\"Tempo estimado de leitura\" \/>\n\t<meta name=\"twitter:data1\" content=\"4 minutos\" \/>\n<script type=\"application\/ld+json\" class=\"yoast-schema-graph\">{\"@context\":\"https:\/\/schema.org\",\"@graph\":[{\"@type\":\"WebPage\",\"@id\":\"https:\/\/www.jinchunmetal.com\/product\/iron-copper-fecu-alloy-powder\/\",\"url\":\"https:\/\/www.jinchunmetal.com\/product\/iron-copper-fecu-alloy-powder\/\",\"name\":\"Iron copper FeCu alloy powder - Jinchun %\",\"isPartOf\":{\"@id\":\"https:\/\/www.jinchunmetal.com\/#website\"},\"primaryImageOfPage\":{\"@id\":\"https:\/\/www.jinchunmetal.com\/product\/iron-copper-fecu-alloy-powder\/#primaryimage\"},\"image\":{\"@id\":\"https:\/\/www.jinchunmetal.com\/product\/iron-copper-fecu-alloy-powder\/#primaryimage\"},\"thumbnailUrl\":\"https:\/\/www.jinchunmetal.com\/wp-content\/uploads\/2024\/10\/\u5fae\u4fe1\u56fe\u7247_20240823160434.jpg\",\"datePublished\":\"2024-10-14T08:20:43+00:00\",\"dateModified\":\"2025-05-28T06:48:29+00:00\",\"description\":\"We are a Metal Materials manufacturer in China With rich experience in Iron copper FeCu alloy powder , with Competitive price and top quality.\",\"breadcrumb\":{\"@id\":\"https:\/\/www.jinchunmetal.com\/product\/iron-copper-fecu-alloy-powder\/#breadcrumb\"},\"inLanguage\":\"pt-PT\",\"potentialAction\":[{\"@type\":\"ReadAction\",\"target\":[\"https:\/\/www.jinchunmetal.com\/product\/iron-copper-fecu-alloy-powder\/\"]}]},{\"@type\":\"ImageObject\",\"inLanguage\":\"pt-PT\",\"@id\":\"https:\/\/www.jinchunmetal.com\/product\/iron-copper-fecu-alloy-powder\/#primaryimage\",\"url\":\"https:\/\/www.jinchunmetal.com\/wp-content\/uploads\/2024\/10\/\u5fae\u4fe1\u56fe\u7247_20240823160434.jpg\",\"contentUrl\":\"https:\/\/www.jinchunmetal.com\/wp-content\/uploads\/2024\/10\/\u5fae\u4fe1\u56fe\u7247_20240823160434.jpg\",\"width\":1000,\"height\":1000},{\"@type\":\"BreadcrumbList\",\"@id\":\"https:\/\/www.jinchunmetal.com\/product\/iron-copper-fecu-alloy-powder\/#breadcrumb\",\"itemListElement\":[{\"@type\":\"ListItem\",\"position\":1,\"name\":\"\u9996\u9875\",\"item\":\"https:\/\/www.jinchunmetal.com\/\"},{\"@type\":\"ListItem\",\"position\":2,\"name\":\"Products\",\"item\":\"https:\/\/www.jinchunmetal.com\/fr_fr\/products\/\"},{\"@type\":\"ListItem\",\"position\":3,\"name\":\"Iron copper FeCu alloy powder\"}]},{\"@type\":\"WebSite\",\"@id\":\"https:\/\/www.jinchunmetal.com\/#website\",\"url\":\"https:\/\/www.jinchunmetal.com\/\",\"name\":\"Chengdu Jinchun Metallic Materials Co.,Ltd.\",\"description\":\"Jinchun Metal\",\"potentialAction\":[{\"@type\":\"SearchAction\",\"target\":{\"@type\":\"EntryPoint\",\"urlTemplate\":\"https:\/\/www.jinchunmetal.com\/?s={search_term_string}\"},\"query-input\":\"required name=search_term_string\"}],\"inLanguage\":\"pt-PT\"}]}<\/script>\n<!-- \/ Yoast SEO plugin. -->","yoast_head_json":{"title":"Iron copper FeCu alloy powder - Jinchun %","description":"We are a Metal Materials manufacturer in China With rich experience in Iron copper FeCu alloy powder , with Competitive price and top quality.","robots":{"index":"index","follow":"follow","max-snippet":"max-snippet:-1","max-image-preview":"max-image-preview:large","max-video-preview":"max-video-preview:-1"},"canonical":"https:\/\/www.jinchunmetal.com\/pt\/produto\/iron-copper-fecu-alloy-powder\/","og_locale":"pt_PT","og_type":"article","og_title":"Iron copper FeCu alloy powder - Jinchun %","og_description":"We are a Metal Materials manufacturer in China With rich experience in Iron copper FeCu alloy powder , with Competitive price and top quality.","og_url":"https:\/\/www.jinchunmetal.com\/pt\/produto\/iron-copper-fecu-alloy-powder\/","og_site_name":"Chengdu Jinchun Metallic Materials Co.,Ltd.","article_modified_time":"2025-05-28T06:48:29+00:00","og_image":[{"width":1000,"height":1000,"url":"https:\/\/www.jinchunmetal.com\/wp-content\/uploads\/2024\/10\/\u5fae\u4fe1\u56fe\u7247_20240823160434.jpg","type":"image\/jpeg"}],"twitter_card":"summary_large_image","twitter_misc":{"Tempo estimado de leitura":"4 minutos"},"schema":{"@context":"https:\/\/schema.org","@graph":[{"@type":"WebPage","@id":"https:\/\/www.jinchunmetal.com\/product\/iron-copper-fecu-alloy-powder\/","url":"https:\/\/www.jinchunmetal.com\/product\/iron-copper-fecu-alloy-powder\/","name":"Iron copper FeCu alloy powder - Jinchun %","isPartOf":{"@id":"https:\/\/www.jinchunmetal.com\/#website"},"primaryImageOfPage":{"@id":"https:\/\/www.jinchunmetal.com\/product\/iron-copper-fecu-alloy-powder\/#primaryimage"},"image":{"@id":"https:\/\/www.jinchunmetal.com\/product\/iron-copper-fecu-alloy-powder\/#primaryimage"},"thumbnailUrl":"https:\/\/www.jinchunmetal.com\/wp-content\/uploads\/2024\/10\/\u5fae\u4fe1\u56fe\u7247_20240823160434.jpg","datePublished":"2024-10-14T08:20:43+00:00","dateModified":"2025-05-28T06:48:29+00:00","description":"We are a Metal Materials manufacturer in China With rich experience in Iron copper FeCu alloy powder , with Competitive price and top quality.","breadcrumb":{"@id":"https:\/\/www.jinchunmetal.com\/product\/iron-copper-fecu-alloy-powder\/#breadcrumb"},"inLanguage":"pt-PT","potentialAction":[{"@type":"ReadAction","target":["https:\/\/www.jinchunmetal.com\/product\/iron-copper-fecu-alloy-powder\/"]}]},{"@type":"ImageObject","inLanguage":"pt-PT","@id":"https:\/\/www.jinchunmetal.com\/product\/iron-copper-fecu-alloy-powder\/#primaryimage","url":"https:\/\/www.jinchunmetal.com\/wp-content\/uploads\/2024\/10\/\u5fae\u4fe1\u56fe\u7247_20240823160434.jpg","contentUrl":"https:\/\/www.jinchunmetal.com\/wp-content\/uploads\/2024\/10\/\u5fae\u4fe1\u56fe\u7247_20240823160434.jpg","width":1000,"height":1000},{"@type":"BreadcrumbList","@id":"https:\/\/www.jinchunmetal.com\/product\/iron-copper-fecu-alloy-powder\/#breadcrumb","itemListElement":[{"@type":"ListItem","position":1,"name":"\u9996\u9875","item":"https:\/\/www.jinchunmetal.com\/"},{"@type":"ListItem","position":2,"name":"Products","item":"https:\/\/www.jinchunmetal.com\/fr_fr\/products\/"},{"@type":"ListItem","position":3,"name":"Iron copper FeCu alloy powder"}]},{"@type":"WebSite","@id":"https:\/\/www.jinchunmetal.com\/#website","url":"https:\/\/www.jinchunmetal.com\/","name":"Chengdu Jinchun Metallic Materials Co.,Ltd.","description":"Jinchun Metal","potentialAction":[{"@type":"SearchAction","target":{"@type":"EntryPoint","urlTemplate":"https:\/\/www.jinchunmetal.com\/?s={search_term_string}"},"query-input":"required name=search_term_string"}],"inLanguage":"pt-PT"}]}},"_links":{"self":[{"href":"https:\/\/www.jinchunmetal.com\/pt\/wp-json\/wp\/v2\/product\/4713","targetHints":{"allow":["GET"]}}],"collection":[{"href":"https:\/\/www.jinchunmetal.com\/pt\/wp-json\/wp\/v2\/product"}],"about":[{"href":"https:\/\/www.jinchunmetal.com\/pt\/wp-json\/wp\/v2\/types\/product"}],"replies":[{"embeddable":true,"href":"https:\/\/www.jinchunmetal.com\/pt\/wp-json\/wp\/v2\/comments?post=4713"}],"wp:featuredmedia":[{"embeddable":true,"href":"https:\/\/www.jinchunmetal.com\/pt\/wp-json\/wp\/v2\/media\/4715"}],"wp:attachment":[{"href":"https:\/\/www.jinchunmetal.com\/pt\/wp-json\/wp\/v2\/media?parent=4713"}],"wp:term":[{"taxonomy":"product_brand","embeddable":true,"href":"https:\/\/www.jinchunmetal.com\/pt\/wp-json\/wp\/v2\/product_brand?post=4713"},{"taxonomy":"product_cat","embeddable":true,"href":"https:\/\/www.jinchunmetal.com\/pt\/wp-json\/wp\/v2\/product_cat?post=4713"},{"taxonomy":"product_tag","embeddable":true,"href":"https:\/\/www.jinchunmetal.com\/pt\/wp-json\/wp\/v2\/product_tag?post=4713"}],"curies":[{"name":"wp","href":"https:\/\/api.w.org\/{rel}","templated":true}]}}