{"id":4811,"date":"2024-10-31T10:29:06","date_gmt":"2024-10-31T02:29:06","guid":{"rendered":"https:\/\/www.jinchunmetal.com\/?post_type=product&#038;p=4811"},"modified":"2025-05-28T14:42:42","modified_gmt":"2025-05-28T06:42:42","slug":"customize-metal-alloy-lump-and-powder-size","status":"publish","type":"product","link":"https:\/\/www.jinchunmetal.com\/pt\/produto\/customize-metal-alloy-lump-and-powder-size\/","title":{"rendered":"Customize Metal Alloy Lump and Powder Size"},"content":{"rendered":"<p><strong>Car\u00e1cter do produto<\/strong><\/p>\n<p>We are equipped with vacuum smelting furnace, can customize production. We have customized Titanium Boron Alloy (TiB alloy), Titanium Silicon Alloy \uff08 TiSi Alloy), Silicon zirconium alloy (SiZr Alloy), Copper Tin Alloy (CuSn alloy), Iron Copper alloy (FeCu alloy), Copper Iron Tin alloy (CuFeSn alloy), Zinc Iron alloy (ZnFe alloy),\u00a0 Tantalum Tungsten alloy (TaW alloy), Copper Zinc alloy (CuZn alloy), Iron Nickel alloy( FeNi alloy), Hafnium Silicon alloy (HfSi alloy), Copper Vanadium alloy (CuV alloy), Aluminium Vanadium alloy (AlV alloy), Aluminium Yttrium alloy (AlY alloy), Rhenium tungsten alloy (ReW alloy), Tungsten alloy in powder shape or lump shape.<\/p>\n<p>&nbsp;<\/p>\n<p><strong>2.Especifica\u00e7\u00e3o<\/strong><\/p>\n<p>Liga\/ p\u00f3 de tit\u00e2nio-sil\u00edcio<\/p>\n<table width=\"858\">\n<tbody>\n<tr>\n<td width=\"238\">Nome\/tipo<\/td>\n<td width=\"117\">Elemento<\/td>\n<td width=\"82\">Ti<\/td>\n<td width=\"72\">Si<\/td>\n<td width=\"54\">Al<\/td>\n<td width=\"67\">V<\/td>\n<td width=\"58\">C<\/td>\n<td width=\"64\">S<\/td>\n<td width=\"57\">P<\/td>\n<td width=\"49\">Fe<\/td>\n<\/tr>\n<tr>\n<td rowspan=\"2\">Liga de tit\u00e2nio e sil\u00edcio<\/td>\n<td>Padr\u00e3o\uff08%\uff09<\/td>\n<td width=\"82\">40~45<\/td>\n<td width=\"72\">44~52<\/td>\n<td>5.0max<\/td>\n<td>2.0max<\/td>\n<td>0,5max<\/td>\n<td>0,03max<\/td>\n<td>0,03max<\/td>\n<td>Equil\u00edbrio<\/td>\n<\/tr>\n<tr>\n<td>Resultado\uff08%\uff09<\/td>\n<td width=\"82\">41.50<\/td>\n<td>45.30<\/td>\n<td>1.90<\/td>\n<td>0.50<\/td>\n<td>0.07<\/td>\n<td>0.02<\/td>\n<td>0.02<\/td>\n<td>Equil\u00edbrio<\/td>\n<\/tr>\n<\/tbody>\n<\/table>\n<p>&nbsp;<\/p>\n<p>Silicon zirconium alloy\/ powder<\/p>\n<table width=\"858\">\n<tbody>\n<tr>\n<td width=\"238\">Nome\/tipo<\/td>\n<td width=\"117\">Elemento<\/td>\n<td width=\"82\">Zr<\/td>\n<td width=\"72\">Si<\/td>\n<td width=\"54\">Al<\/td>\n<td width=\"67\">V<\/td>\n<td width=\"58\">C<\/td>\n<td width=\"64\">S<\/td>\n<td width=\"57\">P<\/td>\n<td width=\"49\">Fe<\/td>\n<\/tr>\n<tr>\n<td rowspan=\"2\">Silicon zirconium alloy<\/td>\n<td>Padr\u00e3o\uff08%\uff09<\/td>\n<td width=\"82\">40\u00b11<\/td>\n<td width=\"72\">60\u00b11<\/td>\n<td>0.05max<\/td>\n<td>0.05max<\/td>\n<td>0.1max<\/td>\n<td>0,03max<\/td>\n<td>0,03max<\/td>\n<td>0.01max<\/td>\n<\/tr>\n<tr>\n<td>Resultado\uff08%\uff09<\/td>\n<td width=\"82\">40.70<\/td>\n<td>59.2<\/td>\n<td>0.002<\/td>\n<td>0.003<\/td>\n<td>0.007<\/td>\n<td>0.002<\/td>\n<td>0.002<\/td>\n<td>0.005<\/td>\n<\/tr>\n<\/tbody>\n<\/table>\n<p>&nbsp;<\/p>\n<p><strong>3.Imagens das mat\u00e9rias-primas e da produ\u00e7\u00e3o<\/strong><\/p>\n<p>Fotos de mat\u00e9rias-primas\uff1a<\/p>\n<p><img loading=\"lazy\" decoding=\"async\" class=\"alignnone size-medium wp-image-4010\" src=\"https:\/\/www.jinchunmetal.com\/wp-content\/uploads\/2024\/08\/\u7845\u949b1_\u526f\u672c-300x300.jpg\" alt=\"\" width=\"300\" height=\"300\" srcset=\"https:\/\/www.jinchunmetal.com\/wp-content\/uploads\/2024\/08\/\u7845\u949b1_\u526f\u672c-300x300.jpg 300w, https:\/\/www.jinchunmetal.com\/wp-content\/uploads\/2024\/08\/\u7845\u949b1_\u526f\u672c-150x150.jpg 150w, https:\/\/www.jinchunmetal.com\/wp-content\/uploads\/2024\/08\/\u7845\u949b1_\u526f\u672c-768x768.jpg 768w, https:\/\/www.jinchunmetal.com\/wp-content\/uploads\/2024\/08\/\u7845\u949b1_\u526f\u672c-12x12.jpg 12w, https:\/\/www.jinchunmetal.com\/wp-content\/uploads\/2024\/08\/\u7845\u949b1_\u526f\u672c-75x75.jpg 75w, https:\/\/www.jinchunmetal.com\/wp-content\/uploads\/2024\/08\/\u7845\u949b1_\u526f\u672c-800x800.jpg 800w, https:\/\/www.jinchunmetal.com\/wp-content\/uploads\/2024\/08\/\u7845\u949b1_\u526f\u672c-100x100.jpg 100w, https:\/\/www.jinchunmetal.com\/wp-content\/uploads\/2024\/08\/\u7845\u949b1_\u526f\u672c.jpg 1000w\" sizes=\"auto, (max-width: 300px) 100vw, 300px\" \/><img loading=\"lazy\" decoding=\"async\" class=\"alignnone wp-image-4024\" src=\"https:\/\/www.jinchunmetal.com\/wp-content\/uploads\/2024\/08\/\u91d1\u5c5e\u7845\uff08\u5757\uff09_6258\u526f\u672c-2.jpg\" alt=\"\" width=\"304\" height=\"304\" srcset=\"https:\/\/www.jinchunmetal.com\/wp-content\/uploads\/2024\/08\/\u91d1\u5c5e\u7845\uff08\u5757\uff09_6258\u526f\u672c-2.jpg 750w, https:\/\/www.jinchunmetal.com\/wp-content\/uploads\/2024\/08\/\u91d1\u5c5e\u7845\uff08\u5757\uff09_6258\u526f\u672c-2-300x300.jpg 300w, https:\/\/www.jinchunmetal.com\/wp-content\/uploads\/2024\/08\/\u91d1\u5c5e\u7845\uff08\u5757\uff09_6258\u526f\u672c-2-150x150.jpg 150w, https:\/\/www.jinchunmetal.com\/wp-content\/uploads\/2024\/08\/\u91d1\u5c5e\u7845\uff08\u5757\uff09_6258\u526f\u672c-2-12x12.jpg 12w, https:\/\/www.jinchunmetal.com\/wp-content\/uploads\/2024\/08\/\u91d1\u5c5e\u7845\uff08\u5757\uff09_6258\u526f\u672c-2-75x75.jpg 75w, https:\/\/www.jinchunmetal.com\/wp-content\/uploads\/2024\/08\/\u91d1\u5c5e\u7845\uff08\u5757\uff09_6258\u526f\u672c-2-100x100.jpg 100w\" sizes=\"auto, (max-width: 304px) 100vw, 304px\" \/><\/p>\n<p>Imagens de produ\u00e7\u00e3o:<br \/>\n<img loading=\"lazy\" decoding=\"async\" class=\"alignnone wp-image-3226\" src=\"http:\/\/www.jinchunmetal.com\/wp-content\/uploads\/2024\/07\/\u8bbe\u59073-300x221.jpg\" alt=\"\" width=\"342\" height=\"252\" srcset=\"https:\/\/www.jinchunmetal.com\/wp-content\/uploads\/2024\/07\/\u8bbe\u59073-300x221.jpg 300w, https:\/\/www.jinchunmetal.com\/wp-content\/uploads\/2024\/07\/\u8bbe\u59073-16x12.jpg 16w, https:\/\/www.jinchunmetal.com\/wp-content\/uploads\/2024\/07\/\u8bbe\u59073.jpg 443w\" sizes=\"auto, (max-width: 342px) 100vw, 342px\" \/><img loading=\"lazy\" decoding=\"async\" class=\"alignnone wp-image-3225\" src=\"http:\/\/www.jinchunmetal.com\/wp-content\/uploads\/2024\/07\/\u8bbe\u59072-300x221.jpg\" alt=\"\" width=\"337\" height=\"249\" srcset=\"https:\/\/www.jinchunmetal.com\/wp-content\/uploads\/2024\/07\/\u8bbe\u59072-300x221.jpg 300w, https:\/\/www.jinchunmetal.com\/wp-content\/uploads\/2024\/07\/\u8bbe\u59072-16x12.jpg 16w, https:\/\/www.jinchunmetal.com\/wp-content\/uploads\/2024\/07\/\u8bbe\u59072.jpg 443w\" sizes=\"auto, (max-width: 337px) 100vw, 337px\" \/><\/p>\n<p><img loading=\"lazy\" decoding=\"async\" class=\"wp-image-3671 alignleft\" src=\"https:\/\/www.jinchunmetal.com\/wp-content\/uploads\/2024\/08\/water-atomization-3-300x225.jpg\" alt=\"\" width=\"369\" height=\"277\" srcset=\"https:\/\/www.jinchunmetal.com\/wp-content\/uploads\/2024\/08\/water-atomization-3-300x225.jpg 300w, https:\/\/www.jinchunmetal.com\/wp-content\/uploads\/2024\/08\/water-atomization-3-768x576.jpg 768w, https:\/\/www.jinchunmetal.com\/wp-content\/uploads\/2024\/08\/water-atomization-3-16x12.jpg 16w, https:\/\/www.jinchunmetal.com\/wp-content\/uploads\/2024\/08\/water-atomization-3.jpg 800w\" sizes=\"auto, (max-width: 369px) 100vw, 369px\" \/><\/p>\n<p><img loading=\"lazy\" decoding=\"async\" class=\"wp-image-3978 alignleft\" src=\"https:\/\/www.jinchunmetal.com\/wp-content\/uploads\/2024\/08\/Vacuum-smelting-furnace-300x169.jpeg\" alt=\"\" width=\"471\" height=\"265\" srcset=\"https:\/\/www.jinchunmetal.com\/wp-content\/uploads\/2024\/08\/Vacuum-smelting-furnace-300x169.jpeg 300w, https:\/\/www.jinchunmetal.com\/wp-content\/uploads\/2024\/08\/Vacuum-smelting-furnace-1024x575.jpeg 1024w, https:\/\/www.jinchunmetal.com\/wp-content\/uploads\/2024\/08\/Vacuum-smelting-furnace-768x432.jpeg 768w, https:\/\/www.jinchunmetal.com\/wp-content\/uploads\/2024\/08\/Vacuum-smelting-furnace-1536x863.jpeg 1536w, https:\/\/www.jinchunmetal.com\/wp-content\/uploads\/2024\/08\/Vacuum-smelting-furnace-18x10.jpeg 18w, https:\/\/www.jinchunmetal.com\/wp-content\/uploads\/2024\/08\/Vacuum-smelting-furnace-800x450.jpeg 800w, https:\/\/www.jinchunmetal.com\/wp-content\/uploads\/2024\/08\/Vacuum-smelting-furnace.jpeg 2000w\" sizes=\"auto, (max-width: 471px) 100vw, 471px\" \/><\/p>\n<p>&nbsp;<\/p>\n<p>&nbsp;<\/p>\n<p>&nbsp;<\/p>\n<p>&nbsp;<\/p>\n<p>&nbsp;<\/p>\n<p>&nbsp;<\/p>\n<p>&nbsp;<\/p>\n<p>&nbsp;<\/p>\n<p><strong>4.Aplica\u00e7\u00e3o<\/strong><\/p>\n<ul>\n<li>Customize alloy has multiple uses and advantages, mainly used in the manufacturing of <strong>comboios de alta velocidade, autom\u00f3veis de luxo, motociclos<\/strong>bem como em dom\u00ednios industriais como <strong>aeroespacial, transportes e constru\u00e7\u00e3o.<\/strong> Esta liga \u00e9 amplamente utilizada devido ao seu peso leve, elevada dureza e forte tenacidade. Estas carater\u00edsticas da liga de tit\u00e2nio e sil\u00edcio fazem dela a escolha ideal para o fabrico de componentes leves e robustos, melhorando assim o desempenho e a seguran\u00e7a dos ve\u00edculos de transporte. Para al\u00e9m disso, a liga de tit\u00e2nio-sil\u00edcio tem tamb\u00e9m uma excelente resist\u00eancia ao calor e \u00e0 corros\u00e3o, o que lhe permite manter boas propriedades mec\u00e2nicas em ambientes corrosivos e a altas temperaturas, tornando-a particularmente adequada para <strong>aplica\u00e7\u00f5es que exigem condi\u00e7\u00f5es extremas.<\/strong><\/li>\n<\/ul>\n<p><img loading=\"lazy\" decoding=\"async\" class=\"alignnone wp-image-3223\" src=\"http:\/\/www.jinchunmetal.com\/wp-content\/uploads\/2024\/07\/\u8010\u78e8\u710a\u6761-300x300.jpeg\" alt=\"\" width=\"228\" height=\"228\" srcset=\"https:\/\/www.jinchunmetal.com\/wp-content\/uploads\/2024\/07\/\u8010\u78e8\u710a\u6761-300x300.jpeg 300w, https:\/\/www.jinchunmetal.com\/wp-content\/uploads\/2024\/07\/\u8010\u78e8\u710a\u6761-1024x1024.jpeg 1024w, https:\/\/www.jinchunmetal.com\/wp-content\/uploads\/2024\/07\/\u8010\u78e8\u710a\u6761-150x150.jpeg 150w, https:\/\/www.jinchunmetal.com\/wp-content\/uploads\/2024\/07\/\u8010\u78e8\u710a\u6761-768x768.jpeg 768w, https:\/\/www.jinchunmetal.com\/wp-content\/uploads\/2024\/07\/\u8010\u78e8\u710a\u6761-1536x1536.jpeg 1536w, https:\/\/www.jinchunmetal.com\/wp-content\/uploads\/2024\/07\/\u8010\u78e8\u710a\u6761-2048x2048.jpeg 2048w, https:\/\/www.jinchunmetal.com\/wp-content\/uploads\/2024\/07\/\u8010\u78e8\u710a\u6761-12x12.jpeg 12w, https:\/\/www.jinchunmetal.com\/wp-content\/uploads\/2024\/07\/\u8010\u78e8\u710a\u6761-75x75.jpeg 75w, https:\/\/www.jinchunmetal.com\/wp-content\/uploads\/2024\/07\/\u8010\u78e8\u710a\u6761-800x800.jpeg 800w, https:\/\/www.jinchunmetal.com\/wp-content\/uploads\/2024\/07\/\u8010\u78e8\u710a\u6761-100x100.jpeg 100w\" sizes=\"auto, (max-width: 228px) 100vw, 228px\" \/><img loading=\"lazy\" decoding=\"async\" class=\"alignnone wp-image-4005\" src=\"https:\/\/www.jinchunmetal.com\/wp-content\/uploads\/2024\/08\/engines-300x212.jpeg\" alt=\"\" width=\"343\" height=\"243\" srcset=\"https:\/\/www.jinchunmetal.com\/wp-content\/uploads\/2024\/08\/engines-300x212.jpeg 300w, https:\/\/www.jinchunmetal.com\/wp-content\/uploads\/2024\/08\/engines-1024x723.jpeg 1024w, https:\/\/www.jinchunmetal.com\/wp-content\/uploads\/2024\/08\/engines-768x542.jpeg 768w, https:\/\/www.jinchunmetal.com\/wp-content\/uploads\/2024\/08\/engines-1536x1085.jpeg 1536w, https:\/\/www.jinchunmetal.com\/wp-content\/uploads\/2024\/08\/engines-2048x1446.jpeg 2048w, https:\/\/www.jinchunmetal.com\/wp-content\/uploads\/2024\/08\/engines-18x12.jpeg 18w, https:\/\/www.jinchunmetal.com\/wp-content\/uploads\/2024\/08\/engines-800x565.jpeg 800w\" sizes=\"auto, (max-width: 343px) 100vw, 343px\" \/><img loading=\"lazy\" decoding=\"async\" class=\"alignnone wp-image-4016\" src=\"https:\/\/www.jinchunmetal.com\/wp-content\/uploads\/2024\/08\/high-speed-railway-transporation-300x182.jpg\" alt=\"\" width=\"312\" height=\"189\" srcset=\"https:\/\/www.jinchunmetal.com\/wp-content\/uploads\/2024\/08\/high-speed-railway-transporation-300x182.jpg 300w, https:\/\/www.jinchunmetal.com\/wp-content\/uploads\/2024\/08\/high-speed-railway-transporation-1024x622.jpg 1024w, https:\/\/www.jinchunmetal.com\/wp-content\/uploads\/2024\/08\/high-speed-railway-transporation-768x467.jpg 768w, https:\/\/www.jinchunmetal.com\/wp-content\/uploads\/2024\/08\/high-speed-railway-transporation-1536x934.jpg 1536w, https:\/\/www.jinchunmetal.com\/wp-content\/uploads\/2024\/08\/high-speed-railway-transporation-2048x1245.jpg 2048w, https:\/\/www.jinchunmetal.com\/wp-content\/uploads\/2024\/08\/high-speed-railway-transporation-18x12.jpg 18w, https:\/\/www.jinchunmetal.com\/wp-content\/uploads\/2024\/08\/high-speed-railway-transporation-800x486.jpg 800w\" sizes=\"auto, (max-width: 312px) 100vw, 312px\" \/><img loading=\"lazy\" decoding=\"async\" class=\"alignnone wp-image-3718\" src=\"https:\/\/www.jinchunmetal.com\/wp-content\/uploads\/2024\/08\/\u822a\u7a7a\u822a\u5929-300x220.jpeg\" alt=\"\" width=\"257\" height=\"189\" srcset=\"https:\/\/www.jinchunmetal.com\/wp-content\/uploads\/2024\/08\/\u822a\u7a7a\u822a\u5929-300x220.jpeg 300w, https:\/\/www.jinchunmetal.com\/wp-content\/uploads\/2024\/08\/\u822a\u7a7a\u822a\u5929-1024x752.jpeg 1024w, https:\/\/www.jinchunmetal.com\/wp-content\/uploads\/2024\/08\/\u822a\u7a7a\u822a\u5929-768x564.jpeg 768w, https:\/\/www.jinchunmetal.com\/wp-content\/uploads\/2024\/08\/\u822a\u7a7a\u822a\u5929-1536x1127.jpeg 1536w, https:\/\/www.jinchunmetal.com\/wp-content\/uploads\/2024\/08\/\u822a\u7a7a\u822a\u5929-16x12.jpeg 16w, https:\/\/www.jinchunmetal.com\/wp-content\/uploads\/2024\/08\/\u822a\u7a7a\u822a\u5929-800x587.jpeg 800w, https:\/\/www.jinchunmetal.com\/wp-content\/uploads\/2024\/08\/\u822a\u7a7a\u822a\u5929.jpeg 2000w\" sizes=\"auto, (max-width: 257px) 100vw, 257px\" \/><img loading=\"lazy\" decoding=\"async\" class=\"alignnone wp-image-4018\" src=\"https:\/\/www.jinchunmetal.com\/wp-content\/uploads\/2024\/08\/motorcycle-300x169.jpeg\" alt=\"\" width=\"332\" height=\"187\" srcset=\"https:\/\/www.jinchunmetal.com\/wp-content\/uploads\/2024\/08\/motorcycle-300x169.jpeg 300w, https:\/\/www.jinchunmetal.com\/wp-content\/uploads\/2024\/08\/motorcycle-1024x575.jpeg 1024w, https:\/\/www.jinchunmetal.com\/wp-content\/uploads\/2024\/08\/motorcycle-768x432.jpeg 768w, https:\/\/www.jinchunmetal.com\/wp-content\/uploads\/2024\/08\/motorcycle-1536x863.jpeg 1536w, https:\/\/www.jinchunmetal.com\/wp-content\/uploads\/2024\/08\/motorcycle-18x10.jpeg 18w, https:\/\/www.jinchunmetal.com\/wp-content\/uploads\/2024\/08\/motorcycle-800x450.jpeg 800w, https:\/\/www.jinchunmetal.com\/wp-content\/uploads\/2024\/08\/motorcycle.jpeg 2000w\" sizes=\"auto, (max-width: 332px) 100vw, 332px\" \/><\/p>","protected":false},"excerpt":{"rendered":"<p>Car\u00e1cter do produto\uff1a<\/p>\n<p>We are equipped with vacuum smelting furnace, can customize production. We have customized Titanium Boron Alloy (TiB alloy), Titanium Silicon Alloy \uff08 TiSi Alloy), Silicon zirconium alloy (SiZr Alloy), Copper Tin Alloy (CuSn alloy), Iron Copper alloy (FeCu alloy), Copper Iron Tin alloy (CuFeSn alloy), Zinc Iron alloy (ZnFe alloy),\u00a0 Tantalum Tungsten alloy (TaW alloy), Copper Zinc alloy (CuZn alloy), Iron Nickel alloy( FeNi alloy), Hafnium Silicon alloy (HfSi alloy), Copper Vanadium alloy (CuV alloy), Aluminium Vanadium alloy (AlV alloy), Aluminium Yttrium alloy (AlY alloy), Rhenium tungsten alloy (ReW alloy), Tungsten alloy in powder shape or lump shape.<\/p>\n<table>\n<tbody>\n<tr>\n<td>Nome da marca<\/td>\n<td>Jinchun<\/td>\n<\/tr>\n<tr>\n<td>Origem<\/td>\n<td>China<\/td>\n<\/tr>\n<tr>\n<td>Nome do produto<\/td>\n<td>Customize alloy (powder)<\/td>\n<\/tr>\n<tr>\n<td>Aplica\u00e7\u00e3o<\/td>\n<td>Setor autom\u00f3vel, aeroespacial, transportes, constru\u00e7\u00e3o, etc.<\/td>\n<\/tr>\n<tr>\n<td>Forma<\/td>\n<td>Grumo, p\u00f3<\/td>\n<\/tr>\n<tr>\n<td>Cor<\/td>\n<td>Metal color<\/td>\n<\/tr>\n<tr>\n<td>Tamanho<\/td>\n<td>\u00a0Grumo, p\u00f3<\/td>\n<\/tr>\n<tr>\n<td>Padr\u00e3o<\/td>\n<td>GB\/T 19001-2016\/ISO9001: 2015<\/td>\n<\/tr>\n<tr>\n<td>Pureza<\/td>\n<td>Si, Ti, Zr, Cu, Zn, Sn, Y, V, Al, Ta, W, Ni, Hf, Fe, Re, etc.<\/td>\n<\/tr>\n<tr>\n<td>Mat\u00e9rias-primas<\/td>\n<td>TSi, Ti, Zr, Cu, Zn, Sn, Y, V, Al, Ta, W, Ni, Hf, Fe, Re, etc.<\/td>\n<\/tr>\n<tr>\n<td>Embalagem<\/td>\n<td>Sacos de tonelada ou tambores de a\u00e7o<\/td>\n<\/tr>\n<\/tbody>\n<\/table>","protected":false},"featured_media":4024,"comment_status":"open","ping_status":"closed","template":"","meta":{"_acf_changed":false},"product_brand":[],"product_cat":[61],"product_tag":[],"class_list":{"0":"post-4811","1":"product","2":"type-product","3":"status-publish","4":"has-post-thumbnail","6":"product_cat-other-materials","8":"first","9":"instock","10":"shipping-taxable","11":"product-type-simple"},"acf":[],"yoast_head":"<!-- This site is optimized with the Yoast SEO plugin v23.2 - https:\/\/yoast.com\/wordpress\/plugins\/seo\/ -->\n<title>Customize Metal Alloy Lump and Powder Size - Jinchun %<\/title>\n<meta name=\"description\" content=\"We are a Metal Materials manufacturer in China With rich experience in Customize Metal Alloy Lump and Powder Size , with Competitive price and top quality.\" \/>\n<meta name=\"robots\" content=\"index, follow, max-snippet:-1, max-image-preview:large, max-video-preview:-1\" \/>\n<link rel=\"canonical\" href=\"https:\/\/www.jinchunmetal.com\/pt\/produto\/customize-metal-alloy-lump-and-powder-size\/\" \/>\n<meta property=\"og:locale\" content=\"pt_PT\" \/>\n<meta property=\"og:type\" content=\"article\" \/>\n<meta property=\"og:title\" content=\"Customize Metal Alloy Lump and Powder Size - Jinchun %\" \/>\n<meta property=\"og:description\" content=\"We are a Metal Materials manufacturer in China With rich experience in Customize Metal Alloy Lump and Powder Size , with Competitive price and top quality.\" \/>\n<meta property=\"og:url\" content=\"https:\/\/www.jinchunmetal.com\/pt\/produto\/customize-metal-alloy-lump-and-powder-size\/\" \/>\n<meta property=\"og:site_name\" content=\"Chengdu Jinchun Metallic Materials Co.,Ltd.\" \/>\n<meta property=\"article:modified_time\" content=\"2025-05-28T06:42:42+00:00\" \/>\n<meta property=\"og:image\" content=\"https:\/\/www.jinchunmetal.com\/wp-content\/uploads\/2024\/08\/\u91d1\u5c5e\u7845\uff08\u5757\uff09_6258\u526f\u672c-2.jpg\" \/>\n\t<meta property=\"og:image:width\" content=\"750\" \/>\n\t<meta property=\"og:image:height\" content=\"750\" \/>\n\t<meta property=\"og:image:type\" content=\"image\/jpeg\" \/>\n<meta name=\"twitter:card\" content=\"summary_large_image\" \/>\n<meta name=\"twitter:label1\" content=\"Tempo estimado de leitura\" \/>\n\t<meta name=\"twitter:data1\" content=\"4 minutos\" \/>\n<script type=\"application\/ld+json\" class=\"yoast-schema-graph\">{\"@context\":\"https:\/\/schema.org\",\"@graph\":[{\"@type\":\"WebPage\",\"@id\":\"https:\/\/www.jinchunmetal.com\/product\/customize-metal-alloy-lump-and-powder-size\/\",\"url\":\"https:\/\/www.jinchunmetal.com\/product\/customize-metal-alloy-lump-and-powder-size\/\",\"name\":\"Customize Metal Alloy Lump and Powder Size - Jinchun %\",\"isPartOf\":{\"@id\":\"https:\/\/www.jinchunmetal.com\/#website\"},\"primaryImageOfPage\":{\"@id\":\"https:\/\/www.jinchunmetal.com\/product\/customize-metal-alloy-lump-and-powder-size\/#primaryimage\"},\"image\":{\"@id\":\"https:\/\/www.jinchunmetal.com\/product\/customize-metal-alloy-lump-and-powder-size\/#primaryimage\"},\"thumbnailUrl\":\"https:\/\/www.jinchunmetal.com\/wp-content\/uploads\/2024\/08\/\u91d1\u5c5e\u7845\uff08\u5757\uff09_6258\u526f\u672c-2.jpg\",\"datePublished\":\"2024-10-31T02:29:06+00:00\",\"dateModified\":\"2025-05-28T06:42:42+00:00\",\"description\":\"We are a Metal Materials manufacturer in China With rich experience in Customize Metal Alloy Lump and Powder Size , with Competitive price and top quality.\",\"breadcrumb\":{\"@id\":\"https:\/\/www.jinchunmetal.com\/product\/customize-metal-alloy-lump-and-powder-size\/#breadcrumb\"},\"inLanguage\":\"pt-PT\",\"potentialAction\":[{\"@type\":\"ReadAction\",\"target\":[\"https:\/\/www.jinchunmetal.com\/product\/customize-metal-alloy-lump-and-powder-size\/\"]}]},{\"@type\":\"ImageObject\",\"inLanguage\":\"pt-PT\",\"@id\":\"https:\/\/www.jinchunmetal.com\/product\/customize-metal-alloy-lump-and-powder-size\/#primaryimage\",\"url\":\"https:\/\/www.jinchunmetal.com\/wp-content\/uploads\/2024\/08\/\u91d1\u5c5e\u7845\uff08\u5757\uff09_6258\u526f\u672c-2.jpg\",\"contentUrl\":\"https:\/\/www.jinchunmetal.com\/wp-content\/uploads\/2024\/08\/\u91d1\u5c5e\u7845\uff08\u5757\uff09_6258\u526f\u672c-2.jpg\",\"width\":750,\"height\":750},{\"@type\":\"BreadcrumbList\",\"@id\":\"https:\/\/www.jinchunmetal.com\/product\/customize-metal-alloy-lump-and-powder-size\/#breadcrumb\",\"itemListElement\":[{\"@type\":\"ListItem\",\"position\":1,\"name\":\"\u9996\u9875\",\"item\":\"https:\/\/www.jinchunmetal.com\/\"},{\"@type\":\"ListItem\",\"position\":2,\"name\":\"Products\",\"item\":\"https:\/\/www.jinchunmetal.com\/fr_fr\/products\/\"},{\"@type\":\"ListItem\",\"position\":3,\"name\":\"Customize Metal Alloy Lump and Powder Size\"}]},{\"@type\":\"WebSite\",\"@id\":\"https:\/\/www.jinchunmetal.com\/#website\",\"url\":\"https:\/\/www.jinchunmetal.com\/\",\"name\":\"Chengdu Jinchun Metallic Materials Co.,Ltd.\",\"description\":\"Jinchun Metal\",\"potentialAction\":[{\"@type\":\"SearchAction\",\"target\":{\"@type\":\"EntryPoint\",\"urlTemplate\":\"https:\/\/www.jinchunmetal.com\/?s={search_term_string}\"},\"query-input\":\"required name=search_term_string\"}],\"inLanguage\":\"pt-PT\"}]}<\/script>\n<!-- \/ Yoast SEO plugin. -->","yoast_head_json":{"title":"Customize Metal Alloy Lump and Powder Size - Jinchun %","description":"We are a Metal Materials manufacturer in China With rich experience in Customize Metal Alloy Lump and Powder Size , with Competitive price and top quality.","robots":{"index":"index","follow":"follow","max-snippet":"max-snippet:-1","max-image-preview":"max-image-preview:large","max-video-preview":"max-video-preview:-1"},"canonical":"https:\/\/www.jinchunmetal.com\/pt\/produto\/customize-metal-alloy-lump-and-powder-size\/","og_locale":"pt_PT","og_type":"article","og_title":"Customize Metal Alloy Lump and Powder Size - Jinchun %","og_description":"We are a Metal Materials manufacturer in China With rich experience in Customize Metal Alloy Lump and Powder Size , with Competitive price and top quality.","og_url":"https:\/\/www.jinchunmetal.com\/pt\/produto\/customize-metal-alloy-lump-and-powder-size\/","og_site_name":"Chengdu Jinchun Metallic Materials Co.,Ltd.","article_modified_time":"2025-05-28T06:42:42+00:00","og_image":[{"width":750,"height":750,"url":"https:\/\/www.jinchunmetal.com\/wp-content\/uploads\/2024\/08\/\u91d1\u5c5e\u7845\uff08\u5757\uff09_6258\u526f\u672c-2.jpg","type":"image\/jpeg"}],"twitter_card":"summary_large_image","twitter_misc":{"Tempo estimado de leitura":"4 minutos"},"schema":{"@context":"https:\/\/schema.org","@graph":[{"@type":"WebPage","@id":"https:\/\/www.jinchunmetal.com\/product\/customize-metal-alloy-lump-and-powder-size\/","url":"https:\/\/www.jinchunmetal.com\/product\/customize-metal-alloy-lump-and-powder-size\/","name":"Customize Metal Alloy Lump and Powder Size - Jinchun %","isPartOf":{"@id":"https:\/\/www.jinchunmetal.com\/#website"},"primaryImageOfPage":{"@id":"https:\/\/www.jinchunmetal.com\/product\/customize-metal-alloy-lump-and-powder-size\/#primaryimage"},"image":{"@id":"https:\/\/www.jinchunmetal.com\/product\/customize-metal-alloy-lump-and-powder-size\/#primaryimage"},"thumbnailUrl":"https:\/\/www.jinchunmetal.com\/wp-content\/uploads\/2024\/08\/\u91d1\u5c5e\u7845\uff08\u5757\uff09_6258\u526f\u672c-2.jpg","datePublished":"2024-10-31T02:29:06+00:00","dateModified":"2025-05-28T06:42:42+00:00","description":"We are a Metal Materials manufacturer in China With rich experience in Customize Metal Alloy Lump and Powder Size , with Competitive price and top quality.","breadcrumb":{"@id":"https:\/\/www.jinchunmetal.com\/product\/customize-metal-alloy-lump-and-powder-size\/#breadcrumb"},"inLanguage":"pt-PT","potentialAction":[{"@type":"ReadAction","target":["https:\/\/www.jinchunmetal.com\/product\/customize-metal-alloy-lump-and-powder-size\/"]}]},{"@type":"ImageObject","inLanguage":"pt-PT","@id":"https:\/\/www.jinchunmetal.com\/product\/customize-metal-alloy-lump-and-powder-size\/#primaryimage","url":"https:\/\/www.jinchunmetal.com\/wp-content\/uploads\/2024\/08\/\u91d1\u5c5e\u7845\uff08\u5757\uff09_6258\u526f\u672c-2.jpg","contentUrl":"https:\/\/www.jinchunmetal.com\/wp-content\/uploads\/2024\/08\/\u91d1\u5c5e\u7845\uff08\u5757\uff09_6258\u526f\u672c-2.jpg","width":750,"height":750},{"@type":"BreadcrumbList","@id":"https:\/\/www.jinchunmetal.com\/product\/customize-metal-alloy-lump-and-powder-size\/#breadcrumb","itemListElement":[{"@type":"ListItem","position":1,"name":"\u9996\u9875","item":"https:\/\/www.jinchunmetal.com\/"},{"@type":"ListItem","position":2,"name":"Products","item":"https:\/\/www.jinchunmetal.com\/fr_fr\/products\/"},{"@type":"ListItem","position":3,"name":"Customize Metal Alloy Lump and Powder Size"}]},{"@type":"WebSite","@id":"https:\/\/www.jinchunmetal.com\/#website","url":"https:\/\/www.jinchunmetal.com\/","name":"Chengdu Jinchun Metallic Materials Co.,Ltd.","description":"Jinchun Metal","potentialAction":[{"@type":"SearchAction","target":{"@type":"EntryPoint","urlTemplate":"https:\/\/www.jinchunmetal.com\/?s={search_term_string}"},"query-input":"required name=search_term_string"}],"inLanguage":"pt-PT"}]}},"_links":{"self":[{"href":"https:\/\/www.jinchunmetal.com\/pt\/wp-json\/wp\/v2\/product\/4811","targetHints":{"allow":["GET"]}}],"collection":[{"href":"https:\/\/www.jinchunmetal.com\/pt\/wp-json\/wp\/v2\/product"}],"about":[{"href":"https:\/\/www.jinchunmetal.com\/pt\/wp-json\/wp\/v2\/types\/product"}],"replies":[{"embeddable":true,"href":"https:\/\/www.jinchunmetal.com\/pt\/wp-json\/wp\/v2\/comments?post=4811"}],"wp:featuredmedia":[{"embeddable":true,"href":"https:\/\/www.jinchunmetal.com\/pt\/wp-json\/wp\/v2\/media\/4024"}],"wp:attachment":[{"href":"https:\/\/www.jinchunmetal.com\/pt\/wp-json\/wp\/v2\/media?parent=4811"}],"wp:term":[{"taxonomy":"product_brand","embeddable":true,"href":"https:\/\/www.jinchunmetal.com\/pt\/wp-json\/wp\/v2\/product_brand?post=4811"},{"taxonomy":"product_cat","embeddable":true,"href":"https:\/\/www.jinchunmetal.com\/pt\/wp-json\/wp\/v2\/product_cat?post=4811"},{"taxonomy":"product_tag","embeddable":true,"href":"https:\/\/www.jinchunmetal.com\/pt\/wp-json\/wp\/v2\/product_tag?post=4811"}],"curies":[{"name":"wp","href":"https:\/\/api.w.org\/{rel}","templated":true}]}}