{"id":5008,"date":"2025-04-16T10:27:36","date_gmt":"2025-04-16T02:27:36","guid":{"rendered":"https:\/\/www.jinchunmetal.com\/?post_type=product&#038;p=5008"},"modified":"2025-07-10T08:57:54","modified_gmt":"2025-07-10T00:57:54","slug":"manganese-powder-mn","status":"publish","type":"product","link":"https:\/\/www.jinchunmetal.com\/pt\/produto\/manganese-powder-mn\/","title":{"rendered":"Manganese Powder  (Mn)"},"content":{"rendered":"<p><strong>Car\u00e1cter do produto<\/strong><\/p>\n<p>Electrolytic manganese powder is a elemental metal extracted from manganese ore by electrolysis, with a purity of 99.7% to over 99.9%. The appearance of electrolytic manganese powder resembles iron, appearing as irregular flakes with one side shiny and the other rough, ranging in color from silver white to brown. After processing into powder, it appears silver gray with a silver white metallic luster or light brown color.<\/p>\n<p><strong>2.Especifica\u00e7\u00e3o<\/strong><\/p>\n<p><b>Manganese\u00a0 Powder<\/b><\/p>\n<table width=\"1050\">\n<tbody>\n<tr>\n<td width=\"151\">Nome\/tipo<\/td>\n<td width=\"115\">Elemento<\/td>\n<td width=\"103\">Mn<\/td>\n<td width=\"103\">C<\/td>\n<td width=\"103\">P<\/td>\n<td width=\"103\">S<\/td>\n<td width=\"103\">Si<\/td>\n<td width=\"103\">Fe<\/td>\n<td width=\"166\">Se<\/td>\n<\/tr>\n<tr>\n<td rowspan=\"2\">DJMnB<\/td>\n<td>Padr\u00e3o\uff08%\uff09<\/td>\n<td>\u226599.9<\/td>\n<td>\u22640.02<\/td>\n<td>\u22640.002<\/td>\n<td>\u22640.04<\/td>\n<td>\u22640.004<\/td>\n<td>\u22640.01<\/td>\n<td>\u22640.001<\/td>\n<\/tr>\n<tr>\n<td>Resultado\uff08%\uff09<\/td>\n<td>99.9063<\/td>\n<td>0.011<\/td>\n<td>0.0011<\/td>\n<td>0.026<\/td>\n<td>0.0037<\/td>\n<td>0.0052<\/td>\n<td>0.0467<\/td>\n<\/tr>\n<\/tbody>\n<\/table>\n<p>&nbsp;<\/p>\n<p><strong>3.Imagens das mat\u00e9rias-primas e da produ\u00e7\u00e3o<\/strong><\/p>\n<p>Fotos de mat\u00e9rias-primas\uff1a<\/p>\n<p><img loading=\"lazy\" decoding=\"async\" class=\"alignnone wp-image-3959\" src=\"https:\/\/www.jinchunmetal.com\/wp-content\/uploads\/2024\/08\/SiMn-alloy-300x225.jpg\" alt=\"\" width=\"332\" height=\"249\" srcset=\"https:\/\/www.jinchunmetal.com\/wp-content\/uploads\/2024\/08\/SiMn-alloy-300x225.jpg 300w, https:\/\/www.jinchunmetal.com\/wp-content\/uploads\/2024\/08\/SiMn-alloy-1024x768.jpg 1024w, https:\/\/www.jinchunmetal.com\/wp-content\/uploads\/2024\/08\/SiMn-alloy-768x576.jpg 768w, https:\/\/www.jinchunmetal.com\/wp-content\/uploads\/2024\/08\/SiMn-alloy-1536x1152.jpg 1536w, https:\/\/www.jinchunmetal.com\/wp-content\/uploads\/2024\/08\/SiMn-alloy-16x12.jpg 16w, https:\/\/www.jinchunmetal.com\/wp-content\/uploads\/2024\/08\/SiMn-alloy-800x600.jpg 800w, https:\/\/www.jinchunmetal.com\/wp-content\/uploads\/2024\/08\/SiMn-alloy.jpg 2000w\" sizes=\"auto, (max-width: 332px) 100vw, 332px\" \/><\/p>\n<p>Imagens de produ\u00e7\u00e3o:<br \/>\n<img loading=\"lazy\" decoding=\"async\" class=\"alignnone size-medium wp-image-3226\" src=\"http:\/\/www.jinchunmetal.com\/wp-content\/uploads\/2024\/07\/\u8bbe\u59073-300x221.jpg\" alt=\"\" width=\"300\" height=\"221\" srcset=\"https:\/\/www.jinchunmetal.com\/wp-content\/uploads\/2024\/07\/\u8bbe\u59073-300x221.jpg 300w, https:\/\/www.jinchunmetal.com\/wp-content\/uploads\/2024\/07\/\u8bbe\u59073-16x12.jpg 16w, https:\/\/www.jinchunmetal.com\/wp-content\/uploads\/2024\/07\/\u8bbe\u59073.jpg 443w\" sizes=\"auto, (max-width: 300px) 100vw, 300px\" \/><img loading=\"lazy\" decoding=\"async\" class=\"alignnone size-medium wp-image-3225\" src=\"http:\/\/www.jinchunmetal.com\/wp-content\/uploads\/2024\/07\/\u8bbe\u59072-300x221.jpg\" alt=\"\" width=\"300\" height=\"221\" srcset=\"https:\/\/www.jinchunmetal.com\/wp-content\/uploads\/2024\/07\/\u8bbe\u59072-300x221.jpg 300w, https:\/\/www.jinchunmetal.com\/wp-content\/uploads\/2024\/07\/\u8bbe\u59072-16x12.jpg 16w, https:\/\/www.jinchunmetal.com\/wp-content\/uploads\/2024\/07\/\u8bbe\u59072.jpg 443w\" sizes=\"auto, (max-width: 300px) 100vw, 300px\" \/><img loading=\"lazy\" decoding=\"async\" class=\"alignnone wp-image-3224\" src=\"http:\/\/www.jinchunmetal.com\/wp-content\/uploads\/2024\/07\/\u8bbe\u5907-300x150.jpg\" alt=\"\" width=\"438\" height=\"219\" srcset=\"https:\/\/www.jinchunmetal.com\/wp-content\/uploads\/2024\/07\/\u8bbe\u5907-300x150.jpg 300w, https:\/\/www.jinchunmetal.com\/wp-content\/uploads\/2024\/07\/\u8bbe\u5907-1024x512.jpg 1024w, https:\/\/www.jinchunmetal.com\/wp-content\/uploads\/2024\/07\/\u8bbe\u5907-768x384.jpg 768w, https:\/\/www.jinchunmetal.com\/wp-content\/uploads\/2024\/07\/\u8bbe\u5907-1536x768.jpg 1536w, https:\/\/www.jinchunmetal.com\/wp-content\/uploads\/2024\/07\/\u8bbe\u5907-18x9.jpg 18w, https:\/\/www.jinchunmetal.com\/wp-content\/uploads\/2024\/07\/\u8bbe\u5907-800x400.jpg 800w, https:\/\/www.jinchunmetal.com\/wp-content\/uploads\/2024\/07\/\u8bbe\u5907.jpg 1920w\" sizes=\"auto, (max-width: 438px) 100vw, 438px\" \/><\/p>\n<p><strong>4.Aplica\u00e7\u00e3o<\/strong><\/p>\n<p>Electrolytic manganese metal powder is widely used in multiple fields:<\/p>\n<ul>\n<li>Metallurgy: used for smelting special alloy steel, non-ferrous alloys (such as aluminum manganese alloy, titanium manganese alloy, manganese magnesium alloy), stainless steel, electrical steel, etc.<\/li>\n<li>Chemical, pharmaceutical, and food industries: used in the chemical, pharmaceutical, and food industries.<\/li>\n<li>Scientific research: also widely used in the field of scientific research.<\/li>\n<li>Welding Consumables.<\/li>\n<\/ul>\n<p><img loading=\"lazy\" decoding=\"async\" class=\"alignnone wp-image-3223\" src=\"http:\/\/www.jinchunmetal.com\/wp-content\/uploads\/2024\/07\/\u8010\u78e8\u710a\u6761-300x300.jpeg\" alt=\"\" width=\"228\" height=\"228\" srcset=\"https:\/\/www.jinchunmetal.com\/wp-content\/uploads\/2024\/07\/\u8010\u78e8\u710a\u6761-300x300.jpeg 300w, https:\/\/www.jinchunmetal.com\/wp-content\/uploads\/2024\/07\/\u8010\u78e8\u710a\u6761-1024x1024.jpeg 1024w, https:\/\/www.jinchunmetal.com\/wp-content\/uploads\/2024\/07\/\u8010\u78e8\u710a\u6761-150x150.jpeg 150w, https:\/\/www.jinchunmetal.com\/wp-content\/uploads\/2024\/07\/\u8010\u78e8\u710a\u6761-768x768.jpeg 768w, https:\/\/www.jinchunmetal.com\/wp-content\/uploads\/2024\/07\/\u8010\u78e8\u710a\u6761-1536x1536.jpeg 1536w, https:\/\/www.jinchunmetal.com\/wp-content\/uploads\/2024\/07\/\u8010\u78e8\u710a\u6761-2048x2048.jpeg 2048w, https:\/\/www.jinchunmetal.com\/wp-content\/uploads\/2024\/07\/\u8010\u78e8\u710a\u6761-12x12.jpeg 12w, https:\/\/www.jinchunmetal.com\/wp-content\/uploads\/2024\/07\/\u8010\u78e8\u710a\u6761-75x75.jpeg 75w, https:\/\/www.jinchunmetal.com\/wp-content\/uploads\/2024\/07\/\u8010\u78e8\u710a\u6761-800x800.jpeg 800w, https:\/\/www.jinchunmetal.com\/wp-content\/uploads\/2024\/07\/\u8010\u78e8\u710a\u6761-100x100.jpeg 100w\" sizes=\"auto, (max-width: 228px) 100vw, 228px\" \/><img loading=\"lazy\" decoding=\"async\" class=\"alignnone wp-image-3222\" src=\"https:\/\/www.jinchunmetal.com\/wp-content\/uploads\/2024\/07\/\u8010\u78e8\u5806\u710a\u836f\u82af\u710a\u4e1d-flux-cored-welding-wires-300x200.jpeg\" alt=\"\" width=\"311\" height=\"207\" srcset=\"https:\/\/www.jinchunmetal.com\/wp-content\/uploads\/2024\/07\/\u8010\u78e8\u5806\u710a\u836f\u82af\u710a\u4e1d-flux-cored-welding-wires-300x200.jpeg 300w, https:\/\/www.jinchunmetal.com\/wp-content\/uploads\/2024\/07\/\u8010\u78e8\u5806\u710a\u836f\u82af\u710a\u4e1d-flux-cored-welding-wires-1024x682.jpeg 1024w, https:\/\/www.jinchunmetal.com\/wp-content\/uploads\/2024\/07\/\u8010\u78e8\u5806\u710a\u836f\u82af\u710a\u4e1d-flux-cored-welding-wires-768x511.jpeg 768w, https:\/\/www.jinchunmetal.com\/wp-content\/uploads\/2024\/07\/\u8010\u78e8\u5806\u710a\u836f\u82af\u710a\u4e1d-flux-cored-welding-wires-1536x1022.jpeg 1536w, https:\/\/www.jinchunmetal.com\/wp-content\/uploads\/2024\/07\/\u8010\u78e8\u5806\u710a\u836f\u82af\u710a\u4e1d-flux-cored-welding-wires-2048x1363.jpeg 2048w, https:\/\/www.jinchunmetal.com\/wp-content\/uploads\/2024\/07\/\u8010\u78e8\u5806\u710a\u836f\u82af\u710a\u4e1d-flux-cored-welding-wires-18x12.jpeg 18w, https:\/\/www.jinchunmetal.com\/wp-content\/uploads\/2024\/07\/\u8010\u78e8\u5806\u710a\u836f\u82af\u710a\u4e1d-flux-cored-welding-wires-800x532.jpeg 800w\" sizes=\"auto, (max-width: 311px) 100vw, 311px\" \/><\/p>","protected":false},"excerpt":{"rendered":"<p>Car\u00e1cter do produto\uff1a<\/p>\n<p>Electrolytic manganese powder is a elemental metal extracted from manganese ore by electrolysis, with a purity of 99.7% to over 99.9%. The appearance of electrolytic manganese powder resembles iron, appearing as irregular flakes with one side shiny and the other rough, ranging in color from silver white to brown. After processing into powder, it appears silver gray with a silver white metallic luster or light brown color.<\/p>\n<table>\n<tbody>\n<tr>\n<td>Nome da marca<\/td>\n<td>Jinchun<\/td>\n<\/tr>\n<tr>\n<td>Origem<\/td>\n<td>China<\/td>\n<\/tr>\n<tr>\n<td>Nome do produto<\/td>\n<td>Manganese alloy\u00a0 powder<\/td>\n<\/tr>\n<tr>\n<td>Aplica\u00e7\u00e3o<\/td>\n<td>Welding rods, Alloy additive,Deoxidizer\uff0cGraphitization, Other fields<\/td>\n<\/tr>\n<tr>\n<td>Forma<\/td>\n<td>P\u00f3<\/td>\n<\/tr>\n<tr>\n<td>Cor<\/td>\n<td>Metal gray<\/td>\n<\/tr>\n<tr>\n<td>Tamanho<\/td>\n<td>40 mesh, 60 mesh, 80mesh, 100 mesh, 200mesh, 300 mesh, 325 mesh<\/td>\n<\/tr>\n<tr>\n<td>Padr\u00e3o<\/td>\n<td>GB\/T 19001-2016\/ISO9001: 2015<\/td>\n<\/tr>\n<tr>\n<td>Pureza<\/td>\n<td>Mn 99.8%min<\/td>\n<\/tr>\n<tr>\n<td>Mat\u00e9rias-primas<\/td>\n<td>Manganese<\/td>\n<\/tr>\n<tr>\n<td>Embalagem<\/td>\n<td>Ton bags<\/td>\n<\/tr>\n<\/tbody>\n<\/table>","protected":false},"featured_media":3963,"comment_status":"open","ping_status":"closed","template":"","meta":{"_acf_changed":false},"product_brand":[],"product_cat":[15,59,61],"product_tag":[],"class_list":{"0":"post-5008","1":"product","2":"type-product","3":"status-publish","4":"has-post-thumbnail","6":"product_cat-welding-consumables-metal-materials","7":"product_cat-diamond-tools-and-powder-metallurgy-metal-materials","8":"product_cat-other-materials","10":"first","11":"instock","12":"shipping-taxable","13":"product-type-simple"},"acf":[],"yoast_head":"<!-- This site is optimized with the Yoast SEO plugin v23.2 - https:\/\/yoast.com\/wordpress\/plugins\/seo\/ -->\n<title>Manganese Powder (Mn) - Jinchun %<\/title>\n<meta name=\"description\" content=\"We are a Metal Materials manufacturer in China With rich experience in Manganese Powder (Mn) , with Competitive price and top quality.\" \/>\n<meta name=\"robots\" content=\"index, follow, max-snippet:-1, max-image-preview:large, max-video-preview:-1\" \/>\n<link rel=\"canonical\" href=\"https:\/\/www.jinchunmetal.com\/pt\/produto\/manganese-powder-mn\/\" \/>\n<meta property=\"og:locale\" content=\"pt_PT\" \/>\n<meta property=\"og:type\" content=\"article\" \/>\n<meta property=\"og:title\" content=\"Manganese Powder (Mn) - Jinchun %\" \/>\n<meta property=\"og:description\" content=\"We are a Metal Materials manufacturer in China With rich experience in Manganese Powder (Mn) , with Competitive price and top quality.\" \/>\n<meta property=\"og:url\" content=\"https:\/\/www.jinchunmetal.com\/pt\/produto\/manganese-powder-mn\/\" \/>\n<meta property=\"og:site_name\" content=\"Chengdu Jinchun Metallic Materials Co.,Ltd.\" \/>\n<meta property=\"article:modified_time\" content=\"2025-07-10T00:57:54+00:00\" \/>\n<meta property=\"og:image\" content=\"https:\/\/www.jinchunmetal.com\/wp-content\/uploads\/2024\/08\/\u7845\u95304.jpg\" \/>\n\t<meta property=\"og:image:width\" content=\"1280\" \/>\n\t<meta property=\"og:image:height\" content=\"1280\" \/>\n\t<meta property=\"og:image:type\" content=\"image\/jpeg\" \/>\n<meta name=\"twitter:card\" content=\"summary_large_image\" \/>\n<meta name=\"twitter:label1\" content=\"Tempo estimado de leitura\" \/>\n\t<meta name=\"twitter:data1\" content=\"3 minutos\" \/>\n<script type=\"application\/ld+json\" class=\"yoast-schema-graph\">{\"@context\":\"https:\/\/schema.org\",\"@graph\":[{\"@type\":\"WebPage\",\"@id\":\"https:\/\/www.jinchunmetal.com\/product\/manganese-powder-mn\/\",\"url\":\"https:\/\/www.jinchunmetal.com\/product\/manganese-powder-mn\/\",\"name\":\"Manganese Powder (Mn) - Jinchun %\",\"isPartOf\":{\"@id\":\"https:\/\/www.jinchunmetal.com\/#website\"},\"primaryImageOfPage\":{\"@id\":\"https:\/\/www.jinchunmetal.com\/product\/manganese-powder-mn\/#primaryimage\"},\"image\":{\"@id\":\"https:\/\/www.jinchunmetal.com\/product\/manganese-powder-mn\/#primaryimage\"},\"thumbnailUrl\":\"https:\/\/www.jinchunmetal.com\/wp-content\/uploads\/2024\/08\/\u7845\u95304.jpg\",\"datePublished\":\"2025-04-16T02:27:36+00:00\",\"dateModified\":\"2025-07-10T00:57:54+00:00\",\"description\":\"We are a Metal Materials manufacturer in China With rich experience in Manganese Powder (Mn) , with Competitive price and top quality.\",\"breadcrumb\":{\"@id\":\"https:\/\/www.jinchunmetal.com\/product\/manganese-powder-mn\/#breadcrumb\"},\"inLanguage\":\"pt-PT\",\"potentialAction\":[{\"@type\":\"ReadAction\",\"target\":[\"https:\/\/www.jinchunmetal.com\/product\/manganese-powder-mn\/\"]}]},{\"@type\":\"ImageObject\",\"inLanguage\":\"pt-PT\",\"@id\":\"https:\/\/www.jinchunmetal.com\/product\/manganese-powder-mn\/#primaryimage\",\"url\":\"https:\/\/www.jinchunmetal.com\/wp-content\/uploads\/2024\/08\/\u7845\u95304.jpg\",\"contentUrl\":\"https:\/\/www.jinchunmetal.com\/wp-content\/uploads\/2024\/08\/\u7845\u95304.jpg\",\"width\":1280,\"height\":1280},{\"@type\":\"BreadcrumbList\",\"@id\":\"https:\/\/www.jinchunmetal.com\/product\/manganese-powder-mn\/#breadcrumb\",\"itemListElement\":[{\"@type\":\"ListItem\",\"position\":1,\"name\":\"\u9996\u9875\",\"item\":\"https:\/\/www.jinchunmetal.com\/\"},{\"@type\":\"ListItem\",\"position\":2,\"name\":\"Products\",\"item\":\"https:\/\/www.jinchunmetal.com\/fr_fr\/products\/\"},{\"@type\":\"ListItem\",\"position\":3,\"name\":\"Manganese Powder (Mn)\"}]},{\"@type\":\"WebSite\",\"@id\":\"https:\/\/www.jinchunmetal.com\/#website\",\"url\":\"https:\/\/www.jinchunmetal.com\/\",\"name\":\"Chengdu Jinchun Metallic Materials Co.,Ltd.\",\"description\":\"Jinchun Metal\",\"potentialAction\":[{\"@type\":\"SearchAction\",\"target\":{\"@type\":\"EntryPoint\",\"urlTemplate\":\"https:\/\/www.jinchunmetal.com\/?s={search_term_string}\"},\"query-input\":\"required name=search_term_string\"}],\"inLanguage\":\"pt-PT\"}]}<\/script>\n<!-- \/ Yoast SEO plugin. -->","yoast_head_json":{"title":"Manganese Powder (Mn) - Jinchun %","description":"We are a Metal Materials manufacturer in China With rich experience in Manganese Powder (Mn) , with Competitive price and top quality.","robots":{"index":"index","follow":"follow","max-snippet":"max-snippet:-1","max-image-preview":"max-image-preview:large","max-video-preview":"max-video-preview:-1"},"canonical":"https:\/\/www.jinchunmetal.com\/pt\/produto\/manganese-powder-mn\/","og_locale":"pt_PT","og_type":"article","og_title":"Manganese Powder (Mn) - Jinchun %","og_description":"We are a Metal Materials manufacturer in China With rich experience in Manganese Powder (Mn) , with Competitive price and top quality.","og_url":"https:\/\/www.jinchunmetal.com\/pt\/produto\/manganese-powder-mn\/","og_site_name":"Chengdu Jinchun Metallic Materials Co.,Ltd.","article_modified_time":"2025-07-10T00:57:54+00:00","og_image":[{"width":1280,"height":1280,"url":"https:\/\/www.jinchunmetal.com\/wp-content\/uploads\/2024\/08\/\u7845\u95304.jpg","type":"image\/jpeg"}],"twitter_card":"summary_large_image","twitter_misc":{"Tempo estimado de leitura":"3 minutos"},"schema":{"@context":"https:\/\/schema.org","@graph":[{"@type":"WebPage","@id":"https:\/\/www.jinchunmetal.com\/product\/manganese-powder-mn\/","url":"https:\/\/www.jinchunmetal.com\/product\/manganese-powder-mn\/","name":"Manganese Powder (Mn) - Jinchun %","isPartOf":{"@id":"https:\/\/www.jinchunmetal.com\/#website"},"primaryImageOfPage":{"@id":"https:\/\/www.jinchunmetal.com\/product\/manganese-powder-mn\/#primaryimage"},"image":{"@id":"https:\/\/www.jinchunmetal.com\/product\/manganese-powder-mn\/#primaryimage"},"thumbnailUrl":"https:\/\/www.jinchunmetal.com\/wp-content\/uploads\/2024\/08\/\u7845\u95304.jpg","datePublished":"2025-04-16T02:27:36+00:00","dateModified":"2025-07-10T00:57:54+00:00","description":"We are a Metal Materials manufacturer in China With rich experience in Manganese Powder (Mn) , with Competitive price and top quality.","breadcrumb":{"@id":"https:\/\/www.jinchunmetal.com\/product\/manganese-powder-mn\/#breadcrumb"},"inLanguage":"pt-PT","potentialAction":[{"@type":"ReadAction","target":["https:\/\/www.jinchunmetal.com\/product\/manganese-powder-mn\/"]}]},{"@type":"ImageObject","inLanguage":"pt-PT","@id":"https:\/\/www.jinchunmetal.com\/product\/manganese-powder-mn\/#primaryimage","url":"https:\/\/www.jinchunmetal.com\/wp-content\/uploads\/2024\/08\/\u7845\u95304.jpg","contentUrl":"https:\/\/www.jinchunmetal.com\/wp-content\/uploads\/2024\/08\/\u7845\u95304.jpg","width":1280,"height":1280},{"@type":"BreadcrumbList","@id":"https:\/\/www.jinchunmetal.com\/product\/manganese-powder-mn\/#breadcrumb","itemListElement":[{"@type":"ListItem","position":1,"name":"\u9996\u9875","item":"https:\/\/www.jinchunmetal.com\/"},{"@type":"ListItem","position":2,"name":"Products","item":"https:\/\/www.jinchunmetal.com\/fr_fr\/products\/"},{"@type":"ListItem","position":3,"name":"Manganese Powder (Mn)"}]},{"@type":"WebSite","@id":"https:\/\/www.jinchunmetal.com\/#website","url":"https:\/\/www.jinchunmetal.com\/","name":"Chengdu Jinchun Metallic Materials Co.,Ltd.","description":"Jinchun Metal","potentialAction":[{"@type":"SearchAction","target":{"@type":"EntryPoint","urlTemplate":"https:\/\/www.jinchunmetal.com\/?s={search_term_string}"},"query-input":"required name=search_term_string"}],"inLanguage":"pt-PT"}]}},"_links":{"self":[{"href":"https:\/\/www.jinchunmetal.com\/pt\/wp-json\/wp\/v2\/product\/5008","targetHints":{"allow":["GET"]}}],"collection":[{"href":"https:\/\/www.jinchunmetal.com\/pt\/wp-json\/wp\/v2\/product"}],"about":[{"href":"https:\/\/www.jinchunmetal.com\/pt\/wp-json\/wp\/v2\/types\/product"}],"replies":[{"embeddable":true,"href":"https:\/\/www.jinchunmetal.com\/pt\/wp-json\/wp\/v2\/comments?post=5008"}],"wp:featuredmedia":[{"embeddable":true,"href":"https:\/\/www.jinchunmetal.com\/pt\/wp-json\/wp\/v2\/media\/3963"}],"wp:attachment":[{"href":"https:\/\/www.jinchunmetal.com\/pt\/wp-json\/wp\/v2\/media?parent=5008"}],"wp:term":[{"taxonomy":"product_brand","embeddable":true,"href":"https:\/\/www.jinchunmetal.com\/pt\/wp-json\/wp\/v2\/product_brand?post=5008"},{"taxonomy":"product_cat","embeddable":true,"href":"https:\/\/www.jinchunmetal.com\/pt\/wp-json\/wp\/v2\/product_cat?post=5008"},{"taxonomy":"product_tag","embeddable":true,"href":"https:\/\/www.jinchunmetal.com\/pt\/wp-json\/wp\/v2\/product_tag?post=5008"}],"curies":[{"name":"wp","href":"https:\/\/api.w.org\/{rel}","templated":true}]}}